{"id":2665,"date":"2024-09-24T15:11:41","date_gmt":"2024-09-24T15:11:41","guid":{"rendered":"https:\/\/rfid-laundry-tag.com\/?post_type=product&#038;p=2665"},"modified":"2024-09-24T15:21:08","modified_gmt":"2024-09-24T15:21:08","slug":"rfid-mifare-classic-1k-inlay","status":"publish","type":"product","link":"https:\/\/rfid-laundry-tag.com\/pl\/rfid-mifare-classic-1k-inlay\/","title":{"rendered":"Wk\u0142adka RFID MIFARE Classic 1K"},"content":{"rendered":"<table class=\"has-title all magic-13\">\n<tbody>\n<tr>\n<td colspan=\"1\" rowspan=\"1\">\n<div class=\"magic-14\" data-spm-anchor-id=\"a2700.details.0.i37.2ec61361oDo4aX\">Nazwa produktu<\/div>\n<\/td>\n<td colspan=\"1\" rowspan=\"1\">\n<div class=\"magic-15\"><strong>Wk\u0142adka RFID MIFARE Classic 1K<\/strong><\/div>\n<\/td>\n<\/tr>\n<tr>\n<td colspan=\"1\" rowspan=\"1\">\n<div class=\"magic-14\">\u017beton<\/div>\n<\/td>\n<td colspan=\"1\" rowspan=\"1\">\n<div class=\"magic-15\">MIFARE Classic\u00ae 1K<\/div>\n<\/td>\n<\/tr>\n<tr>\n<td colspan=\"1\" rowspan=\"1\">\n<div class=\"magic-14\">Cz\u0119stotliwo\u015b\u0107<\/div>\n<\/td>\n<td colspan=\"1\" rowspan=\"1\">\n<div class=\"magic-15\">13,56 MHz<\/div>\n<\/td>\n<\/tr>\n<tr>\n<td colspan=\"1\" rowspan=\"1\">\n<div class=\"magic-14\">Odleg\u0142o\u015b\u0107 czytania<\/div>\n<\/td>\n<td colspan=\"1\" rowspan=\"1\">\n<div class=\"magic-15\">1-5 cm<\/div>\n<\/td>\n<\/tr>\n<tr>\n<td colspan=\"1\" rowspan=\"1\">\n<div class=\"magic-14\">Tworzywo<\/div>\n<\/td>\n<td colspan=\"1\" rowspan=\"1\">\n<div class=\"magic-15\">Papier powlekany<\/div>\n<\/td>\n<\/tr>\n<tr>\n<td colspan=\"1\" rowspan=\"1\">\n<div class=\"magic-14\">Pod\u0142o\u017ce<\/div>\n<\/td>\n<td colspan=\"1\" rowspan=\"1\">\n<div class=\"magic-15\">ZWIERZAK DOMOWY<\/div>\n<\/td>\n<\/tr>\n<tr>\n<td colspan=\"1\" rowspan=\"1\">\n<div class=\"magic-14\">\u015arednica 50 mmRozmiar<\/div>\n<\/td>\n<td colspan=\"1\" rowspan=\"1\">\n<div class=\"magic-15\">\u015arednica 25 mm lub personalizacja<\/div>\n<\/td>\n<\/tr>\n<tr>\n<td colspan=\"1\" rowspan=\"1\">\n<div class=\"magic-14\">Tryb pracy<\/div>\n<\/td>\n<td colspan=\"1\" rowspan=\"1\">\n<div class=\"magic-15\">Pasywny<\/div>\n<\/td>\n<\/tr>\n<tr>\n<td colspan=\"1\" rowspan=\"1\">\n<div class=\"magic-14\">Cykle zapisu<\/div>\n<\/td>\n<td colspan=\"1\" rowspan=\"1\">\n<div class=\"magic-15\">100000<\/div>\n<\/td>\n<\/tr>\n<tr>\n<td colspan=\"1\" rowspan=\"1\">\n<div class=\"magic-14\">Temperatura pracy \/ wilgotno\u015b\u0107<\/div>\n<\/td>\n<td colspan=\"1\" rowspan=\"1\">\n<div class=\"magic-15\">-40~70\u2103\/20%~90% wilgotno\u015b\u0107 wzgl\u0119dna<\/div>\n<\/td>\n<\/tr>\n<tr>\n<td colspan=\"1\" rowspan=\"1\">\n<div class=\"magic-14\">Temperatura przechowywania \/ wilgotno\u015b\u0107<\/div>\n<\/td>\n<td colspan=\"1\" rowspan=\"1\">\n<div class=\"magic-15\">-20~50\u2103 \/ 20%~90% RH (bez kondensacji).<\/div>\n<\/td>\n<\/tr>\n<tr>\n<td colspan=\"1\" rowspan=\"1\">\n<div class=\"magic-14\">Dost\u0119pno\u015b\u0107 pr\u00f3bek<\/div>\n<\/td>\n<td colspan=\"1\" rowspan=\"1\">\n<div class=\"magic-15\">Bezp\u0142atne pr\u00f3bki s\u0105 dost\u0119pne na \u017cyczenie<\/div>\n<\/td>\n<\/tr>\n<tr>\n<td colspan=\"1\" rowspan=\"1\">\n<div class=\"magic-14\">Opakowanie<\/div>\n<\/td>\n<td colspan=\"1\" rowspan=\"1\">\n<div class=\"magic-15\">1000-5000 szt.\/rolka, 4 rolki\/karton<\/div>\n<\/td>\n<\/tr>\n<tr>\n<td colspan=\"1\" rowspan=\"1\">\n<div class=\"magic-14\">\n<p>Aplikacja<\/p>\n<div><\/div>\n<\/div>\n<\/td>\n<td colspan=\"1\" rowspan=\"1\">\n<div class=\"magic-15\" data-spm-anchor-id=\"a2700.details.0.i47.2ec61361oDo4aX\">Bezpieczna kontrola wst\u0119pu\/P\u0142atno\u015bci bezgot\u00f3wkowe Programy cz\u0142onkowskie i lojalno\u015bciowe Dost\u0119p do wydarze\u0144 i branding\/Media spo\u0142eczno\u015bciowe\/Sprzeda\u017c detaliczna<br \/>\n\u015arodowisko\/Gry i zabawki Lokalizacja\/Elektronika\/Targi\/Wydarzenia\/Pro\u015bba o telefon\/Wizyt\u00f3wki<\/div>\n<\/td>\n<\/tr>\n<\/tbody>\n<\/table>\n<p>&nbsp;<\/p>\n<p>Ten <strong>Wk\u0142adka RFID MIFARE Classic 1K<\/strong> to wszechstronne rozwi\u0105zanie zaprojektowane tak, aby sprosta\u0107 rosn\u0105cym wymaganiom nowoczesnych aplikacji. Dzia\u0142aj\u0105c na cz\u0119stotliwo\u015bci 13,56 MHz, ta wk\u0142adka z obs\u0142ug\u0105 NFC zachowuje wszystkie podstawowe cechy technologii MIFARE Classic, zapewniaj\u0105c jednocze\u015bnie przyjazn\u0105 dla u\u017cytkownika funkcjonalno\u015b\u0107. Dzi\u0119ki kompaktowym rozmiarom o \u015brednicy 25 mm i grubo\u015bci 0,5 mm jest dost\u0119pna w wygodnym formacie naklejki na monety, co u\u0142atwia jej przymocowanie i wykorzystanie w r\u00f3\u017cnych aplikacjach. Niezale\u017cnie od tego, czy szukasz rozwi\u0105za\u0144 RFID do system\u00f3w p\u0142atno\u015bci, kontroli dost\u0119pu czy identyfikacji, wk\u0142adka MIFARE Classic 1K oferuje niezr\u00f3wnan\u0105 niezawodno\u015b\u0107 i wydajno\u015b\u0107.<\/p>\n<h3>Dlaczego warto wybra\u0107 wk\u0142adk\u0119 MIFARE Classic 1K?<\/h3>\n<ul>\n<li><strong>\u0141atwa integracja<\/strong>:Idealna do wielu zastosowa\u0144, od system\u00f3w p\u0142atno\u015bci po sprzeda\u017c bilet\u00f3w na imprezy, wk\u0142adka ta p\u0142ynnie integruje si\u0119 z istniej\u0105cymi platformami.<\/li>\n<li><strong>Rozwi\u0105zanie ekonomiczne<\/strong>:Dzi\u0119ki niskiej cenie, wysokiej jako\u015bci i trwa\u0142ej konstrukcji jest to ekonomiczna opcja bez uszczerbku dla wydajno\u015bci.<\/li>\n<li><strong>Przyjazny dla u\u017cytkownika<\/strong>:Pusty format naklejki pozwala na \u0142atwe etykietowanie i dostosowywanie aplikacji, zwi\u0119kszaj\u0105c komfort u\u017cytkowania.<\/li>\n<\/ul>\n<h3>Wyja\u015bnienie technologii NFC<\/h3>\n<p>Technologia NFC (Near Field Communication) stanowi podstaw\u0119 MIFARE Classic 1K Inlay. Wykorzystuj\u0105c t\u0119 technologi\u0119, inlay umo\u017cliwia bezkontaktow\u0105 wymian\u0119 danych mi\u0119dzy urz\u0105dzeniami. Ta funkcja nie ogranicza si\u0119 tylko do interakcji karty i czytnika, ale tak\u017ce u\u0142atwia p\u0142atno\u015bci mobilne i bezpieczn\u0105 kontrol\u0119 dost\u0119pu.<\/p>\n<h3>G\u0142\u00f3wne zalety MIFARE Classic 1K<\/h3>\n<ul>\n<li><strong>Zwi\u0119kszone bezpiecze\u0144stwo<\/strong>:Dzi\u0119ki unikalnemu 4-bajtowemu identyfikatorowi u\u017cytkownika (UID) wk\u0142adka MIFARE Classic 1K zapobiega duplikacji danych, dodaj\u0105c dodatkow\u0105 warstw\u0119 zabezpiecze\u0144 do Twoich aplikacji.<\/li>\n<li><strong>Wszechstronno\u015b\u0107<\/strong>: Nadaje si\u0119 do r\u00f3\u017cnych zastosowa\u0144 bezkontaktowych, od handlu detalicznego po transport, zwi\u0119kszaj\u0105c zaanga\u017cowanie u\u017cytkownika.<\/li>\n<li><strong>Zgodno\u015b\u0107<\/strong>: W pe\u0142ni kompatybilny z czytnikiem\/zapisywaczem ACR122U oraz innymi urz\u0105dzeniami MIFARE Classic, co czyni go uniwersalnym narz\u0119dziem w Twoim arsenale NFC.<\/li>\n<\/ul>\n<h2>Dane techniczne<\/h2>\n<div>\n<div class=\"overflow-x-auto custom-scrollbar custom-scrollbar-wide mb-2\">\n<table class=\"w-fit !mb-2 !max-w-none\">\n<thead>\n<tr>\n<th style=\"text-align: left;\">Funkcja<\/th>\n<th style=\"text-align: left;\">Specyfikacja<\/th>\n<\/tr>\n<\/thead>\n<tbody>\n<tr>\n<td><strong>Rozmiar pami\u0119ci<\/strong><\/td>\n<td>1K bajt<\/td>\n<\/tr>\n<tr>\n<td><strong>Rozmiar UID<\/strong><\/td>\n<td>4 bajty<\/td>\n<\/tr>\n<tr>\n<td><strong>Cz\u0119stotliwo\u015b\u0107<\/strong><\/td>\n<td>13,56MHz<\/td>\n<\/tr>\n<tr>\n<td><strong>Zgodno\u015b\u0107<\/strong><\/td>\n<td>Norma ISO\/IEC 14443A<\/td>\n<\/tr>\n<tr>\n<td><strong>Klucz domy\u015blny<\/strong><\/td>\n<td>FF FF FF FF FF FF FF<\/td>\n<\/tr>\n<tr>\n<td><strong>Typ uk\u0142adu scalonego<\/strong><\/td>\n<td>Karta MIFARE Classic EV1 1K (MF1S503yX)<\/td>\n<\/tr>\n<\/tbody>\n<\/table>\n<\/div>\n<\/div>\n<h3>Instrukcje u\u017cytkowania<\/h3>\n<p>Aby u\u017cy\u0107 wk\u0142adki MIFARE Classic 1K, wystarczy przymocowa\u0107 j\u0105 do \u017c\u0105danej powierzchni za pomoc\u0105 dostarczonego kleju. Upewnij si\u0119, \u017ce powierzchnia jest czysta i sucha, aby zapewni\u0107 optymaln\u0105 przyczepno\u015b\u0107. Po przymocowaniu wk\u0142adk\u0119 mo\u017cna odczyta\u0107 i zapisa\u0107 za pomoc\u0105 urz\u0105dzenia obs\u0142uguj\u0105cego technologi\u0119 NFC lub kompatybilnego czytnika, takiego jak ACR122U.<\/p>\n<h3>Wp\u0142yw na \u015brodowisko<\/h3>\n<p>Wk\u0142adka MIFARE Classic 1K jest produkowana z my\u015bl\u0105 o \u015brodowisku. Wykorzystanie trwa\u0142ych i nadaj\u0105cych si\u0119 do recyklingu materia\u0142\u00f3w zapewnia, \u017ce przyczyniaj\u0105c si\u0119 do Twoich osobistych lub biznesowych potrzeb, anga\u017cujesz si\u0119 r\u00f3wnie\u017c w praktyki przyjazne dla \u015brodowiska.<\/p>\n<h2>Opinie klient\u00f3w<\/h2>\n<p><strong>John Doe, w\u0142a\u015bciciel firmy<\/strong><br \/>\n<em>\u201eZintegrowali\u015bmy wk\u0142adki MIFARE Classic 1K z naszym systemem p\u0142atno\u015bci, a wydajno\u015b\u0107 by\u0142a niezwyk\u0142a! Znacznie skr\u00f3ci\u0142o to czas transakcji, zwi\u0119kszaj\u0105c zadowolenie klient\u00f3w\u201d.<\/em><\/p>\n<p><strong>Jane Smith, kierownik ds. wydarze\u0144<\/strong><br \/>\n<em>\u201eSamoprzylepne wk\u0142adki by\u0142y \u0142atwe do przymocowania do naszych identyfikator\u00f3w na wydarzenie. S\u0105 niezawodne i dzia\u0142a\u0142y bez zarzutu przez ca\u0142e wydarzenie!\u201d<\/em><\/p>\n<h2>Cz\u0119sto zadawane pytania<\/h2>\n<ul>\n<li><strong>Jaki jest zasi\u0119g wk\u0142adki MIFARE Classic 1K?<\/strong><br \/>\nEfektywny zasi\u0119g wynosi zazwyczaj oko\u0142o 10 cm przy wykorzystaniu typowych czytnik\u00f3w NFC.<\/li>\n<li><strong>Czy mog\u0119 dostosowa\u0107 wk\u0142adk\u0119 MIFARE Classic 1K?<\/strong><br \/>\nTak, wk\u0142adki mog\u0105 by\u0107 drukowane lub kodowane za pomoc\u0105 w\u0142asnych danych, dzi\u0119ki czemu nadaj\u0105 si\u0119 do r\u00f3\u017cnych zastosowa\u0144.<\/li>\n<li><strong>Czy wk\u0142adka MIFARE Classic 1K jest wodoodporna?<\/strong><br \/>\nChocia\u017c wk\u0142adki zaprojektowano tak, aby wytrzymywa\u0142y umiarkowane warunki \u015brodowiskowe, zaleca si\u0119 unikanie ich d\u0142ugotrwa\u0142ego kontaktu z wod\u0105, aby zachowa\u0107 optymaln\u0105 funkcjonalno\u015b\u0107.<\/li>\n<\/ul>","protected":false},"excerpt":{"rendered":"<p>Odkryj RFID MIFARE Classic 1K Inlay, wszechstronne rozwi\u0105zanie NFC wyposa\u017cone w pami\u0119\u0107 1K do bezpiecznych, bezkontaktowych zastosowa\u0144 w r\u00f3\u017cnych \u015brodowiskach.<\/p>","protected":false},"featured_media":2671,"template":"","meta":{"_kad_post_transparent":"default","_kad_post_title":"","_kad_post_layout":"default","_kad_post_sidebar_id":"","_kad_post_content_style":"default","_kad_post_vertical_padding":"default","_kad_post_feature":"","_kad_post_feature_position":"","_kad_post_header":false,"_kad_post_footer":false,"_kad_post_classname":""},"product_brand":[],"product_cat":[189],"product_tag":[311,111,108],"class_list":{"0":"post-2665","1":"product","2":"type-product","3":"status-publish","4":"has-post-thumbnail","6":"product_cat-rfid-inlay","7":"product_tag-mifare-classic-1k-inlay","8":"product_tag-nfc-inlay","9":"product_tag-rfid-inlay","11":"first","12":"instock","13":"shipping-taxable","14":"product-type-simple","15":"entry","16":"content-bg","17":"loop-entry"},"_links":{"self":[{"href":"https:\/\/rfid-laundry-tag.com\/pl\/wp-json\/wp\/v2\/product\/2665","targetHints":{"allow":["GET"]}}],"collection":[{"href":"https:\/\/rfid-laundry-tag.com\/pl\/wp-json\/wp\/v2\/product"}],"about":[{"href":"https:\/\/rfid-laundry-tag.com\/pl\/wp-json\/wp\/v2\/types\/product"}],"version-history":[{"count":1,"href":"https:\/\/rfid-laundry-tag.com\/pl\/wp-json\/wp\/v2\/product\/2665\/revisions"}],"predecessor-version":[{"id":2670,"href":"https:\/\/rfid-laundry-tag.com\/pl\/wp-json\/wp\/v2\/product\/2665\/revisions\/2670"}],"wp:featuredmedia":[{"embeddable":true,"href":"https:\/\/rfid-laundry-tag.com\/pl\/wp-json\/wp\/v2\/media\/2671"}],"wp:attachment":[{"href":"https:\/\/rfid-laundry-tag.com\/pl\/wp-json\/wp\/v2\/media?parent=2665"}],"wp:term":[{"taxonomy":"product_brand","embeddable":true,"href":"https:\/\/rfid-laundry-tag.com\/pl\/wp-json\/wp\/v2\/product_brand?post=2665"},{"taxonomy":"product_cat","embeddable":true,"href":"https:\/\/rfid-laundry-tag.com\/pl\/wp-json\/wp\/v2\/product_cat?post=2665"},{"taxonomy":"product_tag","embeddable":true,"href":"https:\/\/rfid-laundry-tag.com\/pl\/wp-json\/wp\/v2\/product_tag?post=2665"}],"curies":[{"name":"wp","href":"https:\/\/api.w.org\/{rel}","templated":true}]}}