{"id":265,"date":"2024-06-21T15:26:22","date_gmt":"2024-06-21T15:26:22","guid":{"rendered":"https:\/\/rfid-laundry-tag.com\/?post_type=product&#038;p=265"},"modified":"2024-08-14T16:48:09","modified_gmt":"2024-08-14T16:48:09","slug":"uhf-rfid-sticker-nxp-u-code-9","status":"publish","type":"product","link":"https:\/\/rfid-laundry-tag.com\/pl\/uhf-rfid-sticker-nxp-u-code-9\/","title":{"rendered":"Naklejka UHF RFID-NXP U CODE 9"},"content":{"rendered":"<h2>Naklejka UHF RFID-NXP U CODE 9<\/h2>\n<p><span style=\"font-family: inherit; font-size: 24px; font-weight: bold;\">Naklejka UHF RFID do zarz\u0105dzania zapasami \u0179r\u00f3d\u0142o \u015bledzenia<\/span><\/p>\n<div class=\"J_module\">\n<div class=\"ife-detail-decorate-table\">\n<table class=\"all magic-10\">\n<tbody>\n<tr>\n<td colspan=\"1\" rowspan=\"1\">\n<div class=\"magic-11\">\u017beton<\/div>\n<\/td>\n<td colspan=\"1\" rowspan=\"1\">\n<div class=\"magic-12\">KOD NXP U 9<\/div>\n<\/td>\n<\/tr>\n<tr>\n<td colspan=\"1\" rowspan=\"1\">\n<div class=\"magic-11\">Cz\u0119stotliwo\u015b\u0107<\/div>\n<\/td>\n<td colspan=\"1\" rowspan=\"1\">\n<div class=\"magic-12\">860\uff5e960MHz<\/div>\n<\/td>\n<\/tr>\n<tr>\n<td colspan=\"1\" rowspan=\"1\">\n<div class=\"magic-11\">Tworzywo<\/div>\n<\/td>\n<td colspan=\"1\" rowspan=\"1\">\n<div class=\"magic-12\">Papier powlekany\/PET\/Papier syntetyczny\/Papier termiczny\/personalizacja<\/div>\n<\/td>\n<\/tr>\n<tr>\n<td colspan=\"1\" rowspan=\"1\">\n<div class=\"magic-11\">Tryb pracy<\/div>\n<\/td>\n<td colspan=\"1\" rowspan=\"1\">\n<div class=\"magic-12\">Pasywny<\/div>\n<\/td>\n<\/tr>\n<tr>\n<td colspan=\"1\" rowspan=\"1\">\n<div class=\"magic-11\">\u017bycie IC<\/div>\n<\/td>\n<td colspan=\"1\" rowspan=\"1\">\n<div class=\"magic-12\">100 000 cykli programowania, 10 lat przechowywania danych<\/div>\n<\/td>\n<\/tr>\n<tr>\n<td colspan=\"1\" rowspan=\"1\">\n<div class=\"magic-11\">Temperatura\/wilgotno\u015b\u0107 robocza<\/div>\n<\/td>\n<td colspan=\"1\" rowspan=\"1\">\n<div class=\"magic-12\">-25~50\u2103\/20%~80% wilgotno\u015b\u0107 wzgl\u0119dna<\/div>\n<\/td>\n<\/tr>\n<tr>\n<td colspan=\"1\" rowspan=\"1\">\n<div class=\"magic-11\">Temperatura\/wilgotno\u015b\u0107 przechowywania<\/div>\n<\/td>\n<td colspan=\"1\" rowspan=\"1\">\n<div class=\"magic-12\">+23\u00b0C\u00b15\u00b0C\/ 50%\u00b110% RH (bez kondensacji).<\/div>\n<\/td>\n<\/tr>\n<tr>\n<td colspan=\"1\" rowspan=\"1\">\n<div class=\"magic-11\">Antena<\/div>\n<\/td>\n<td colspan=\"1\" rowspan=\"1\">\n<div class=\"magic-12\">Wytrawianie aluminium, 94,8*8,1 mm<\/div>\n<\/td>\n<\/tr>\n<tr>\n<td colspan=\"1\" rowspan=\"1\">\n<div class=\"magic-11\">Mokra wk\u0142adka\/Rozmiar etykiety<\/div>\n<\/td>\n<td colspan=\"1\" rowspan=\"1\">\n<div class=\"magic-12\">98*15mm lub personalizacja<\/div>\n<\/td>\n<\/tr>\n<tr>\n<td colspan=\"1\" rowspan=\"1\">\n<div class=\"magic-11\">Druk<\/div>\n<\/td>\n<td colspan=\"1\" rowspan=\"1\">\n<div class=\"magic-12\">Pe\u0142nokolorowe nadruki, logo, kody kreskowe, kody QR itp.<\/div>\n<\/td>\n<\/tr>\n<tr>\n<td colspan=\"1\" rowspan=\"1\">\n<div class=\"magic-11\">Pr\u00f3bka<\/div>\n<\/td>\n<td colspan=\"1\" rowspan=\"1\">\n<div class=\"magic-12\">Pr\u00f3bka jest bezp\u0142atna do przeprowadzenia testu jako\u015bci<\/div>\n<\/td>\n<\/tr>\n<tr>\n<td colspan=\"1\" rowspan=\"1\">\n<div class=\"magic-11\">Protok\u00f3\u0142<\/div>\n<\/td>\n<td colspan=\"1\" rowspan=\"1\">\n<div class=\"magic-12\">ISO\/IEC 18000-6C EPC Klasa 1 Gen2<\/div>\n<\/td>\n<\/tr>\n<tr>\n<td colspan=\"1\" rowspan=\"1\">\n<div class=\"magic-11\">Opakowanie<\/div>\n<\/td>\n<td colspan=\"1\" rowspan=\"1\">\n<div class=\"magic-12\">1000-5000 szt.\/rolka, 4 rolki\/karton<\/div>\n<\/td>\n<\/tr>\n<tr>\n<td colspan=\"1\" rowspan=\"1\">\n<div class=\"magic-11\">Miejsce pochodzenia<\/div>\n<\/td>\n<td colspan=\"1\" rowspan=\"1\">\n<div class=\"magic-12\">Chengdu, Chiny<\/div>\n<\/td>\n<\/tr>\n<tr>\n<td colspan=\"1\" rowspan=\"4\">\n<div class=\"magic-11\">Aplikacja\/Rozwi\u0105zanie<\/div>\n<\/td>\n<td colspan=\"1\" rowspan=\"1\">\n<div class=\"magic-12\">Bezpieczna kontrola wst\u0119pu\/p\u0142atno\u015bci bezgot\u00f3wkowe Programy cz\u0142onkowskie i lojalno\u015bciowe<\/div>\n<\/td>\n<\/tr>\n<tr>\n<td colspan=\"1\" rowspan=\"1\">\n<div class=\"magic-12\" data-spm-anchor-id=\"a2700.details.0.i80.59c943e8HVzkHD\">Dost\u0119p do wydarze\u0144 i branding\/Media spo\u0142eczno\u015bciowe\/Sprzeda\u017c detaliczna<\/div>\n<\/td>\n<\/tr>\n<tr>\n<td colspan=\"1\" rowspan=\"1\">\n<div class=\"magic-12\">\u015arodowisko\/Gry i zabawki Lokalizacja\/Elektronika\/Targi handlowe<\/div>\n<\/td>\n<\/tr>\n<tr>\n<td colspan=\"1\" rowspan=\"1\">\n<div class=\"magic-12\">Wydarzenia\/Pro\u015bba o po\u0142\u0105czenie\/Wizyt\u00f3wki<\/div>\n<\/td>\n<\/tr>\n<\/tbody>\n<\/table>\n<p>&nbsp;<\/p>\n<\/div>\n<\/div>\n<div class=\"text-title\"><span class=\"magic-26\" style=\"color: #000000;\">Tryb serwisowy systemu<\/span><\/div>\n<div class=\"text-content\" data-spm-anchor-id=\"a2700.details.0.i55.72f139f1jxVcfh\">Dostarczamy inteligentne rozwi\u0105zania zarz\u0105dcze bazuj\u0105ce na technologii RFID, kt\u00f3re mog\u0105 pom\u00f3c firmom w cyfrowym zarz\u0105dzaniu w obszarach zarz\u0105dzania maj\u0105tkiem, leasingu, magazynowania i logistyki.<\/div>\n<div data-spm-anchor-id=\"a2700.details.0.i55.72f139f1jxVcfh\"><\/div>\n<div class=\"J_module\">\n<p>RFID Inlay to specjalne okre\u015blenie dla bran\u017cy RFID, kt\u00f3re odnosi si\u0119 do wst\u0119pnie laminowanego produktu sk\u0142adaj\u0105cego si\u0119 z wielowarstwowego PVC lub innych materia\u0142\u00f3w zawieraj\u0105cych chipy i cewki. Po r\u00f3\u017cnych formach pakowania mo\u017cna wykona\u0107 r\u00f3\u017cne rodzaje tag\u00f3w RFID. Inlay mo\u017cna rozumie\u0107 jako p\u00f3\u0142produkty bez enkapsulacji tag\u00f3w RFID. RFID Inlay mo\u017cna podzieli\u0107 na suchy inlay i mokry inlay. Suchy inlay RFID nie zawiera kleju tylnego, a jego struktura to antena + chip + pakiet chipa; Mokry inlay RFID zawiera klej tylny, kt\u00f3ry mo\u017cna bezpo\u015brednio przymocowa\u0107 do obiekt\u00f3w. Struktura to antena + chip + pakiet chipa + PET + klej + papier uwalniaj\u0105cy Wymagania cz\u0119stotliwo\u015bciowe: 869-915mhz-uhf \/ 13,56mhz-iso14443 \/ 13,56mhz-iso 15693. MIND ma technik\u00f3w i oferuje us\u0142ugi projektowania anten, aby spe\u0142ni\u0107 r\u00f3\u017cne wymagania klient\u00f3w.<\/p>\n<\/div>","protected":false},"excerpt":{"rendered":"<p>Naklejka UHF RFID-NXP U CODE 9. Naklejka UHF RFID jest zgodna ze standardem EPC C1G2 (ISO18000-6C), co umo\u017cliwia jej uniwersalne zastosowanie dzi\u0119ki cz\u0119stotliwo\u015bci roboczej 860-960 MHz. Ka\u017cda naklejka ma odr\u0119bny identyfikator i mo\u017ce przechowywa\u0107 spersonalizowane dane. Ta funkcja umo\u017cliwia jej szerokie zastosowanie w zarz\u0105dzaniu r\u00f3\u017cnymi sektorami, w tym odzie\u017c\u0105, \u015bledzeniem baga\u017cu na lotniskach, logistyk\u0105 i zarz\u0105dzaniem aktywami.<\/p>","protected":false},"featured_media":267,"template":"","meta":{"_kad_post_transparent":"default","_kad_post_title":"","_kad_post_layout":"default","_kad_post_sidebar_id":"","_kad_post_content_style":"default","_kad_post_vertical_padding":"default","_kad_post_feature":"","_kad_post_feature_position":"","_kad_post_header":false,"_kad_post_footer":false,"_kad_post_classname":""},"product_brand":[],"product_cat":[54],"product_tag":[102],"class_list":{"0":"post-265","1":"product","2":"type-product","3":"status-publish","4":"has-post-thumbnail","6":"product_cat-hot-selling-rfid-tags","7":"product_tag-paper-uhf-rfid-sticker","9":"first","10":"instock","11":"shipping-taxable","12":"product-type-simple","13":"entry","14":"content-bg","15":"loop-entry"},"_links":{"self":[{"href":"https:\/\/rfid-laundry-tag.com\/pl\/wp-json\/wp\/v2\/product\/265","targetHints":{"allow":["GET"]}}],"collection":[{"href":"https:\/\/rfid-laundry-tag.com\/pl\/wp-json\/wp\/v2\/product"}],"about":[{"href":"https:\/\/rfid-laundry-tag.com\/pl\/wp-json\/wp\/v2\/types\/product"}],"version-history":[{"count":1,"href":"https:\/\/rfid-laundry-tag.com\/pl\/wp-json\/wp\/v2\/product\/265\/revisions"}],"predecessor-version":[{"id":1337,"href":"https:\/\/rfid-laundry-tag.com\/pl\/wp-json\/wp\/v2\/product\/265\/revisions\/1337"}],"wp:featuredmedia":[{"embeddable":true,"href":"https:\/\/rfid-laundry-tag.com\/pl\/wp-json\/wp\/v2\/media\/267"}],"wp:attachment":[{"href":"https:\/\/rfid-laundry-tag.com\/pl\/wp-json\/wp\/v2\/media?parent=265"}],"wp:term":[{"taxonomy":"product_brand","embeddable":true,"href":"https:\/\/rfid-laundry-tag.com\/pl\/wp-json\/wp\/v2\/product_brand?post=265"},{"taxonomy":"product_cat","embeddable":true,"href":"https:\/\/rfid-laundry-tag.com\/pl\/wp-json\/wp\/v2\/product_cat?post=265"},{"taxonomy":"product_tag","embeddable":true,"href":"https:\/\/rfid-laundry-tag.com\/pl\/wp-json\/wp\/v2\/product_tag?post=265"}],"curies":[{"name":"wp","href":"https:\/\/api.w.org\/{rel}","templated":true}]}}