{"id":2638,"date":"2024-09-22T14:53:50","date_gmt":"2024-09-22T14:53:50","guid":{"rendered":"https:\/\/rfid-laundry-tag.com\/?post_type=product&#038;p=2638"},"modified":"2024-09-22T14:53:51","modified_gmt":"2024-09-22T14:53:51","slug":"on-metal-nfc-screw-tag-for-checkpoint-security","status":"publish","type":"product","link":"https:\/\/rfid-laundry-tag.com\/pl\/on-metal-nfc-screw-tag-for-checkpoint-security\/","title":{"rendered":"Etykieta \u015brubowa NFC On-Metal do punkt\u00f3w kontrolnych"},"content":{"rendered":"<p><strong>Etykieta \u015brubowa NFC On-Metal do punkt\u00f3w kontrolnych:<\/strong>\u00a0Zapewnij solidne bezpiecze\u0144stwo punktu kontrolnego dzi\u0119ki naszemu wytrzyma\u0142emu znacznikowi \u015brubowemu On-Metal NFC. Zbudowany z NTAG213 do niezawodnego przesy\u0142ania danych na powierzchniach metalowych, p\u0142ynnie integruje si\u0119 z protoko\u0142ami bezpiecze\u0144stwa, zapewniaj\u0105c szybki dost\u0119p i \u015bledzenie w czasie rzeczywistym w celu zwi\u0119kszenia bezpiecze\u0144stwa i wydajno\u015bci.<\/p>\n<h2>Cechy znacznika \u015brubowego NFC On-Metal<\/h2>\n<p>Ten\u00a0<strong>Etykieta \u015brubowa NFC na metalu<\/strong>\u00a0zosta\u0142 zaprojektowany z kilkoma godnymi uwagi cechami, kt\u00f3re czyni\u0105 go wszechstronnym rozwi\u0105zaniem:<\/p>\n<ul>\n<li><strong>Trwa\u0142o\u015b\u0107<\/strong>:Zbudowany z\u00a0<strong>Skorupa ABS<\/strong>\u00a0kt\u00f3ry wytrzymuje trudne warunki \u015brodowiskowe, ten znacznik jest odporny na kurz, wod\u0119 i korozj\u0119 chemiczn\u0105, osi\u0105gaj\u0105c\u00a0<strong>IP67<\/strong>\u00a0poziom ochrony.<\/li>\n<li><strong>Wysoka wydajno\u015b\u0107<\/strong>:Tag wykorzystuje\u00a0<strong>NTAG213<\/strong>\u00a0technologia umo\u017cliwiaj\u0105ca szybkie odczyty z szybko\u015bci\u0105 przesy\u0142u danych do\u00a0<strong>106 kbit\u00f3w\/s<\/strong>, co pozwala na wydajn\u0105 prac\u0119 w \u015brodowiskach o du\u017cym nat\u0119\u017ceniu ruchu.<\/li>\n<li><strong>Technologia antymetalowa<\/strong>:Ten\u00a0<strong>antymetaliczny<\/strong>\u00a0Funkcja ta zapewnia skuteczne dzia\u0142anie znacznika nawet po umieszczeniu go na powierzchniach metalowych, kt\u00f3re normalnie zak\u0142\u00f3ca\u0142yby sygna\u0142y NFC.<\/li>\n<\/ul>\n<p>Dzi\u0119ki tym cechom etykieta \u015brubowa On-Metal NFC idealnie nadaje si\u0119 do zastosowa\u0144 w logistyce, kontroli obecno\u015bci i innych bran\u017cach, w kt\u00f3rych trwa\u0142o\u015b\u0107 i wydajno\u015b\u0107 maj\u0105 priorytetowe znaczenie.<\/p>\n<h2>Dane techniczne<\/h2>\n<div>\n<div class=\"overflow-x-auto custom-scrollbar custom-scrollbar-wide mb-2\">\n<table class=\"w-fit !mb-2 !max-w-none\">\n<thead>\n<tr>\n<th>Specyfikacja<\/th>\n<th>Bli\u017csze dane<\/th>\n<\/tr>\n<\/thead>\n<tbody>\n<tr>\n<td><strong>\u017beton<\/strong><\/td>\n<td>NTAG213<\/td>\n<\/tr>\n<tr>\n<td><strong>Pami\u0119\u0107<\/strong><\/td>\n<td>144\/504\/888\/1K bajt\u00f3w<\/td>\n<\/tr>\n<tr>\n<td><strong>Protok\u00f3\u0142<\/strong><\/td>\n<td>Norma ISO 14443A<\/td>\n<\/tr>\n<tr>\n<td><strong>Cz\u0119stotliwo\u015b\u0107<\/strong><\/td>\n<td>13,56MHz<\/td>\n<\/tr>\n<tr>\n<td><strong>Opcje kolor\u00f3w<\/strong><\/td>\n<td>Czarny, bia\u0142y, \u017c\u00f3\u0142ty<\/td>\n<\/tr>\n<tr>\n<td><strong>\u015arednica<\/strong><\/td>\n<td>25\/30\/35\/40\/52 mm (dost\u0119pne rozmiary niestandardowe)<\/td>\n<\/tr>\n<tr>\n<td><strong>Grubo\u015b\u0107<\/strong><\/td>\n<td>5 mm<\/td>\n<\/tr>\n<tr>\n<td><strong>Waga<\/strong><\/td>\n<td>3 gramy<\/td>\n<\/tr>\n<tr>\n<td><strong>Temperatura pracy<\/strong><\/td>\n<td>-25\u00b0C do 70\u00b0C<\/td>\n<\/tr>\n<tr>\n<td><strong>Mo\u017cliwo\u015b\u0107 wymazania<\/strong><\/td>\n<td>&gt; 100 000 wymaza\u0144<\/td>\n<\/tr>\n<tr>\n<td><strong>Odleg\u0142o\u015b\u0107 czytania<\/strong><\/td>\n<td>2-20 cm (w zale\u017cno\u015bci od \u015brodowiska)<\/td>\n<\/tr>\n<\/tbody>\n<\/table>\n<\/div>\n<\/div>\n<p>Wyposa\u017cony w te mo\u017cliwo\u015bci znacznik \u015brubowy NFC On-Metal jest pot\u0119\u017cnym narz\u0119dziem do r\u00f3\u017cnych zastosowa\u0144\u00a0<strong>Zastosowania NFC<\/strong>.<\/p>\n<h2>Zastosowania w r\u00f3\u017cnych bran\u017cach<\/h2>\n<p>Wszechstronno\u015b\u0107 znacznika \u015brubowego On-Metal NFC pozwala na jego wykorzystanie w wielu sektorach:<\/p>\n<ul>\n<li><strong>Kontrola dost\u0119pu<\/strong>\u0141atwe zarz\u0105dzanie punktami wej\u015bcia w bezpiecznych lokalizacjach poprzez do\u0142\u0105czanie\u00a0<strong>Tagi NFC<\/strong>\u00a0do drzwi lub bram. Tagi mog\u0105 by\u0107 powi\u0105zane z profilami u\u017cytkownik\u00f3w w celu bezproblemowego uwierzytelniania.<\/li>\n<li><strong>Logistyka i zarz\u0105dzanie zapasami<\/strong>: Upro\u015b\u0107 \u015bledzenie towar\u00f3w, umieszczaj\u0105c etykiety na metalowych pojemnikach. Trwa\u0142o\u015b\u0107 tych etykiet zapewnia, \u017ce wytrzymuj\u0105 one trudy produkcji i wysy\u0142ki.<\/li>\n<li><strong>Transport publiczny<\/strong>: Popraw komfort u\u017cytkowania, stosuj\u0105c tagi NFC On-Metal w systemach biletowych, umo\u017cliwiaj\u0105c pasa\u017cerom sprawdzenie swojego statusu lub \u0142atwe do\u0142adowanie konta.<\/li>\n<\/ul>\n<p>Wdra\u017caj\u0105c te tagi, firmy mog\u0105 usprawni\u0107 swoje dzia\u0142ania i znacz\u0105co poprawi\u0107 jako\u015b\u0107 \u015bwiadczonych us\u0142ug.<\/p>\n<h2>Zalety stosowania NTAG213, NTAG215 i NTAG216<\/h2>\n<p>Uk\u0142ady scalone NTAG213, NTAG215 i NTAG216 firmy NXP Semiconductors oferuj\u0105 wyra\u017ane zalety:<\/p>\n<ol>\n<li><strong>Segmentacja<\/strong>:U\u017cytkownicy mog\u0105 segmentowa\u0107 pami\u0119\u0107 dla wielu aplikacji, co sprawia, \u017ce tagi s\u0105 elastyczne pod wzgl\u0119dem funkcjonalno\u015bci.<\/li>\n<li><strong>Funkcje bezpiecze\u0144stwa<\/strong>:Wyposa\u017cony w\u00a0<em><strong>Podpisy oryginalno\u015bci oparte na ECC<\/strong><\/em>\u00a0I\u00a0<strong>ochrona has\u0142em<\/strong>, znaczniki te zabezpieczaj\u0105 dane przed nieautoryzowanym dost\u0119pem i zapewniaj\u0105 integralno\u015b\u0107.<\/li>\n<li><strong>Wysoka pojemno\u015b\u0107 i wydajno\u015b\u0107<\/strong>:Rozszerzone opcje pami\u0119ci sprawiaj\u0105, \u017ce urz\u0105dzenie nadaje si\u0119 do zastosowa\u0144 wymagaj\u0105cych du\u017cej ilo\u015bci miejsca do przechowywania danych przy jednoczesnym zachowaniu mo\u017cliwo\u015bci szybkiego odczytu.<\/li>\n<\/ol>\n<p>Dzi\u0119ki tym zaletom firmy mog\u0105 dostosowywa\u0107 swoje rozwi\u0105zania do konkretnych potrzeb operacyjnych.<\/p>\n<h2>Instrukcje instalacji i u\u017cytkowania<\/h2>\n<p>Instalacja znacznika \u015brubowego NFC On-Metal jest prosta:<\/p>\n<ol>\n<li><strong>Wybierz lokalizacj\u0119<\/strong>: Wybierz p\u0142ask\u0105 powierzchni\u0119 na metalowym przedmiocie, na kt\u00f3rym zostanie umieszczona etykieta. Upewnij si\u0119, \u017ce\u00a0<strong>powierzchnia<\/strong>\u00a0jest czysty i suchy.<\/li>\n<li><strong>Zabezpiecz za pomoc\u0105 \u015brub<\/strong>:U\u017cyj \u015brub dostarczonych w zestawie\u00a0<em>Otwory na \u015bruby<\/em>\u00a0na metce jako element sta\u0142y.<\/li>\n<li><strong>Opcja klejenia<\/strong>:Alternatywnie, je\u015bli wolisz, etykiet\u0119 mo\u017cna przymocowa\u0107 za pomoc\u0105 mocnego kleju.<\/li>\n<\/ol>\n<p>Po zainstalowaniu znaczniki mo\u017cna \u0142atwo zeskanowa\u0107 przy u\u017cyciu kompatybilnych urz\u0105dze\u0144 obs\u0142uguj\u0105cych technologi\u0119 NFC, co pozwala na natychmiastowy dost\u0119p do informacji zapisanych na znaczniku.<\/p>\n<h2>Najcz\u0119\u015bciej zadawane pytania dotycz\u0105ce tag\u00f3w NFC On-Metal<\/h2>\n<p><strong>P: Czy etykieta On-Metal NFC Screw Tag mo\u017ce by\u0107 u\u017cywana na wszystkich powierzchniach metalowych?<\/strong><br \/>\nA: Tak, dzi\u0119ki swojej specjalizacji\u00a0<strong>technologia antymetalowa<\/strong>, znacznik dzia\u0142a skutecznie na r\u00f3\u017cnych powierzchniach metalowych bez zak\u0142\u00f3ce\u0144.<\/p>\n<p><strong>P: Jak zaprogramowa\u0107 lub zapisa\u0107 dane na znaczniku NTAG213?<\/strong><br \/>\nA: Programowanie mo\u017cna wykona\u0107 za pomoc\u0105 zgodnych urz\u0105dze\u0144 z obs\u0142ug\u0105 NFC i odpowiedniej aplikacji. W przypadku bardziej z\u0142o\u017conych aplikacji nale\u017cy rozwa\u017cy\u0107 u\u017cycie dedykowanego oprogramowania do pisania NFC.<\/p>\n<p><strong>P: Jaki jest zakres temperatur roboczych tych tag\u00f3w?<\/strong><br \/>\nA: Znaczniki dzia\u0142aj\u0105 skutecznie w temperaturach od\u00a0<strong>-25\u00b0C do 70\u00b0C<\/strong>.<\/p>\n<h2>Zagadnienia \u015brodowiskowe<\/h2>\n<p>Ten\u00a0<strong>Etykieta \u015brubowa NFC na metalu<\/strong>\u00a0jest zaprojektowany z my\u015bl\u0105 o zr\u00f3wnowa\u017conym rozwoju. Jego solidna konstrukcja minimalizuje potrzeb\u0119 wymiany, redukuj\u0105c ilo\u015b\u0107 odpad\u00f3w. Ponadto, po odpowiedniej utylizacji, elementy u\u017cyte do produkcji tych tag\u00f3w nadaj\u0105 si\u0119 do recyklingu.<\/p>","protected":false},"excerpt":{"rendered":"<p>Ulepsz swoje operacje dzi\u0119ki On-Metal NFC Screw Tag. Trwa\u0142y, wszechstronny i wyposa\u017cony w technologi\u0119 NFC do bezproblemowego przesy\u0142ania danych na powierzchniach metalowych.<\/p>","protected":false},"featured_media":2639,"template":"","meta":{"_kad_post_transparent":"default","_kad_post_title":"","_kad_post_layout":"default","_kad_post_sidebar_id":"","_kad_post_content_style":"default","_kad_post_vertical_padding":"default","_kad_post_feature":"","_kad_post_feature_position":"","_kad_post_header":false,"_kad_post_footer":false,"_kad_post_classname":""},"product_brand":[],"product_cat":[54],"product_tag":[305,216,304],"class_list":{"0":"post-2638","1":"product","2":"type-product","3":"status-publish","4":"has-post-thumbnail","6":"product_cat-hot-selling-rfid-tags","7":"product_tag-heavy-duty-nfc-tags","8":"product_tag-nfc-patrol-tag","9":"product_tag-nfc-screw-tag","11":"first","12":"instock","13":"shipping-taxable","14":"product-type-simple","15":"entry","16":"content-bg","17":"loop-entry"},"_links":{"self":[{"href":"https:\/\/rfid-laundry-tag.com\/pl\/wp-json\/wp\/v2\/product\/2638","targetHints":{"allow":["GET"]}}],"collection":[{"href":"https:\/\/rfid-laundry-tag.com\/pl\/wp-json\/wp\/v2\/product"}],"about":[{"href":"https:\/\/rfid-laundry-tag.com\/pl\/wp-json\/wp\/v2\/types\/product"}],"version-history":[{"count":1,"href":"https:\/\/rfid-laundry-tag.com\/pl\/wp-json\/wp\/v2\/product\/2638\/revisions"}],"predecessor-version":[{"id":2640,"href":"https:\/\/rfid-laundry-tag.com\/pl\/wp-json\/wp\/v2\/product\/2638\/revisions\/2640"}],"wp:featuredmedia":[{"embeddable":true,"href":"https:\/\/rfid-laundry-tag.com\/pl\/wp-json\/wp\/v2\/media\/2639"}],"wp:attachment":[{"href":"https:\/\/rfid-laundry-tag.com\/pl\/wp-json\/wp\/v2\/media?parent=2638"}],"wp:term":[{"taxonomy":"product_brand","embeddable":true,"href":"https:\/\/rfid-laundry-tag.com\/pl\/wp-json\/wp\/v2\/product_brand?post=2638"},{"taxonomy":"product_cat","embeddable":true,"href":"https:\/\/rfid-laundry-tag.com\/pl\/wp-json\/wp\/v2\/product_cat?post=2638"},{"taxonomy":"product_tag","embeddable":true,"href":"https:\/\/rfid-laundry-tag.com\/pl\/wp-json\/wp\/v2\/product_tag?post=2638"}],"curies":[{"name":"wp","href":"https:\/\/api.w.org\/{rel}","templated":true}]}}