{"id":2581,"date":"2024-09-19T13:02:28","date_gmt":"2024-09-19T13:02:28","guid":{"rendered":"https:\/\/rfid-laundry-tag.com\/?post_type=product&#038;p=2581"},"modified":"2024-09-19T13:40:21","modified_gmt":"2024-09-19T13:40:21","slug":"on-metal-nfc-screw-tag-ntag213","status":"publish","type":"product","link":"https:\/\/rfid-laundry-tag.com\/pl\/on-metal-nfc-screw-tag-ntag213\/","title":{"rendered":"Etykieta \u015brubowa NFC na metalu Ntag213"},"content":{"rendered":"<p>Ten <strong>Etykieta \u015brubowa NFC na metalu<\/strong> jest niezwykle trwa\u0142ym tagiem NFC zaprojektowanym specjalnie do zastosowa\u0144 przemys\u0142owych. Jego <strong>Konstrukcja ABS lub PVC<\/strong> zapewnia, \u017ce tak jest <strong>wodoodporny<\/strong> I <strong>odporny na ciep\u0142o<\/strong>, co czyni go odpowiednim do wymagaj\u0105cych warunk\u00f3w, takich jak wysoka wilgotno\u015b\u0107 lub ekstremalne temperatury.<\/p>\n<h3>G\u0142\u00f3wne cechy:<\/h3>\n<ul>\n<li><strong>Typ uk\u0142adu scalonego<\/strong>:NXP NTAG213 (kompatybilny ze wszystkimi urz\u0105dzeniami mobilnymi)<\/li>\n<li><strong>Kszta\u0142t<\/strong>: Okr\u0105g\u0142y<\/li>\n<li><strong>Rozmiar<\/strong>:30mm \u015brednicy plus 2,5mm grubo\u015bci<\/li>\n<li><strong>Rozmiar anteny<\/strong>: 25mm<\/li>\n<li><strong>Ca\u0142kowita pami\u0119\u0107<\/strong>: 144 bajt\u00f3w<\/li>\n<li><strong>Sformatowana pami\u0119\u0107<\/strong>: 137 bajt\u00f3w<\/li>\n<li><strong>Cz\u0119stotliwo\u015b\u0107 pracy<\/strong>: 13,56 MHz<\/li>\n<\/ul>\n<h3>Idealny dla:<\/h3>\n<ul>\n<li>Mo\u017cna stosowa\u0107 na powierzchniach metalowych bez zak\u0142\u00f3ce\u0144.<\/li>\n<li>Du\u017ca odleg\u0142o\u015b\u0107 odczytu nawet w trudnych warunkach przemys\u0142owych.<\/li>\n<li>Zgodno\u015b\u0107 ze wszystkimi urz\u0105dzeniami obs\u0142uguj\u0105cymi NFC (np. smartfony, tablety).<\/li>\n<\/ul>\n<p>Ten znacznik jest r\u00f3wnie\u017c konfigurowalny, oferuj\u0105c r\u00f3\u017cne typy chip\u00f3w i <strong>Opcje drukowania identyfikator\u00f3w<\/strong>Mo\u017cna go przymocowa\u0107 za pomoc\u0105 \u015bruby lub kleju, co zapewnia bezpieczne mocowanie do metalowych przedmiot\u00f3w.<\/p>\n<h3 class=\"AnswerParser_AnswerParserH3__Mpe4s\">Dane techniczne<\/h3>\n<div class=\"AnswerParser_TableContainer__Erb6v\" data-testid=\"table-container\">\n<table>\n<thead>\n<tr>\n<th>Funkcja<\/th>\n<th>Specyfikacja<\/th>\n<\/tr>\n<\/thead>\n<tbody>\n<tr>\n<td>\u015arednica<\/td>\n<td>30mm<\/td>\n<\/tr>\n<tr>\n<td>Grubo\u015b\u0107<\/td>\n<td>3mm<\/td>\n<\/tr>\n<tr>\n<td>Otw\u00f3r na \u015brub\u0119<\/td>\n<td>3mm<\/td>\n<\/tr>\n<tr>\n<td>Typ uk\u0142adu scalonego<\/td>\n<td>NTAG213<\/td>\n<\/tr>\n<tr>\n<td>Pami\u0119\u0107<\/td>\n<td>144 bajt\u00f3w<\/td>\n<\/tr>\n<tr>\n<td>Cz\u0119stotliwo\u015b\u0107<\/td>\n<td>13,56 MHz (cz\u0119stotliwo\u015b\u0107 fal kr\u00f3tkich)<\/td>\n<\/tr>\n<\/tbody>\n<\/table>\n<\/div>\n<h2 class=\"AnswerParser_AnswerParserH2__SIHnF\">Uk\u0142ad Ntag213: najnowocze\u015bniejsza technologia NFC<\/h2>\n<p><span class=\"AnswerParser_TextContainer__z_Iiv\" data-testid=\"youchat-text\">Sercem naszego znacznika \u015brubowego On-Metal NFC jest wydajny uk\u0142ad Ntag213, kt\u00f3ry oferuje:<\/span><\/p>\n<ul class=\"AnswerParser_AnswerParserUnorderedList__P_1FW\">\n<li class=\"AnswerParser_ListItem__XqLOV\" translate=\"yes\">144 bajt\u00f3w pami\u0119ci u\u017cytkownika<\/li>\n<li class=\"AnswerParser_ListItem__XqLOV\" translate=\"yes\">Szybkie pr\u0119dko\u015bci odczytu i zapisu<\/li>\n<li class=\"AnswerParser_ListItem__XqLOV\" translate=\"yes\">Zgodno\u015b\u0107 ze wszystkimi urz\u0105dzeniami obs\u0142uguj\u0105cymi technologi\u0119 NFC<\/li>\n<\/ul>\n<p><span class=\"AnswerParser_TextContainer__z_Iiv\" data-testid=\"youchat-text\">Ten zaawansowany uk\u0142ad gwarantuje szybk\u0105 i niezawodn\u0105 transmisj\u0119 danych, dzi\u0119ki czemu doskonale nadaje si\u0119 do szerokiej gamy zastosowa\u0144 NFC.<\/span><\/p>\n<h2 class=\"AnswerParser_AnswerParserH2__SIHnF\">Wydajno\u015b\u0107 na metalu: pokonywanie wyzwa\u0144 zwi\u0105zanych z zak\u0142\u00f3ceniami<\/h2>\n<p><span class=\"AnswerParser_TextContainer__z_Iiv\" data-testid=\"youchat-text\">Tradycyjne znaczniki NFC cz\u0119sto maj\u0105 problemy z umieszczaniem ich na powierzchniach metalowych z powodu zak\u0142\u00f3ce\u0144 sygna\u0142u. Nasze znaczniki \u015brubowe NFC On-Metal s\u0105 specjalnie zaprojektowane, aby:<\/span><\/p>\n<ul class=\"AnswerParser_AnswerParserUnorderedList__P_1FW\">\n<li class=\"AnswerParser_ListItem__XqLOV\" translate=\"yes\">Utrzymuje optymaln\u0105 wydajno\u015b\u0107 na powierzchniach metalowych<\/li>\n<li class=\"AnswerParser_ListItem__XqLOV\" translate=\"yes\">Zapewnij sp\u00f3jne zakresy odczytu<\/li>\n<li class=\"AnswerParser_ListItem__XqLOV\" translate=\"yes\">Wyeliminuj potrzeb\u0119 stosowania przek\u0142adek i dodatkowych klej\u00f3w<\/li>\n<\/ul>\n<p><span class=\"AnswerParser_TextContainer__z_Iiv\" data-testid=\"youchat-text\">Dzi\u0119ki zastosowaniu zaawansowanej technologii odpornej na metal, znaczniki te gwarantuj\u0105 niezawodn\u0105 komunikacj\u0119 nawet po umieszczeniu ich bezpo\u015brednio na metalowych przedmiotach.<\/span><\/p>\n<h2 class=\"AnswerParser_AnswerParserH2__SIHnF\">\u0141atwa integracja: zgodno\u015b\u0107 z istniej\u0105c\u0105 infrastruktur\u0105 NFC<\/h2>\n<p><span class=\"AnswerParser_TextContainer__z_Iiv\" data-testid=\"youchat-text\">Nasze znaczniki \u015brubowe On-Metal NFC s\u0105 zaprojektowane tak, aby bezproblemowo integrowa\u0107 si\u0119 z Twoim obecnym ekosystemem NFC. S\u0105 to:<\/span><\/p>\n<ul class=\"AnswerParser_AnswerParserUnorderedList__P_1FW\">\n<li class=\"AnswerParser_ListItem__XqLOV\" translate=\"yes\">Zgodno\u015b\u0107 ze wszystkimi standardowymi czytnikami NFC<\/li>\n<li class=\"AnswerParser_ListItem__XqLOV\" translate=\"yes\">\u0141atwe programowanie za pomoc\u0105 smartfon\u00f3w z obs\u0142ug\u0105 NFC<\/li>\n<li class=\"AnswerParser_ListItem__XqLOV\" translate=\"yes\">Nadaje si\u0119 do urz\u0105dze\u0144 z systemem Android i iOS<\/li>\n<\/ul>\n<p><span class=\"AnswerParser_TextContainer__z_Iiv\" data-testid=\"youchat-text\">Taka wszechstronno\u015b\u0107 sprawia, \u017ce mo\u017cesz wdra\u017ca\u0107 te tagi bez konieczno\u015bci kosztownych modernizacji infrastruktury.<\/span><\/p>\n<h2 class=\"AnswerParser_AnswerParserH2__SIHnF\">Opcje dostosowywania: dostosuj swoje tagi do swoich potrzeb<\/h2>\n<p><span class=\"AnswerParser_TextContainer__z_Iiv\" data-testid=\"youchat-text\">Rozumiemy, \u017ce ka\u017cda firma ma wyj\u0105tkowe wymagania. Dlatego oferujemy szereg opcji dostosowywania dla naszych etykiet \u015brubowych On-Metal NFC:<\/span><\/p>\n<ul class=\"AnswerParser_AnswerParserUnorderedList__P_1FW\">\n<li class=\"AnswerParser_ListItem__XqLOV\" translate=\"yes\">Indywidualne drukowanie z Twoim logo lub mark\u0105<\/li>\n<li class=\"AnswerParser_ListItem__XqLOV\" translate=\"yes\">R\u00f3\u017cne opcje kolorystyczne dopasowane do Twojej estetyki<\/li>\n<li class=\"AnswerParser_ListItem__XqLOV\" translate=\"yes\">Spersonalizowane kodowanie z Twoimi konkretnymi danymi<\/li>\n<\/ul>\n<p><span class=\"AnswerParser_TextContainer__z_Iiv\" data-testid=\"youchat-text\">Nasz zesp\u00f3\u0142 ekspert\u00f3w jest gotowy pom\u00f3c Ci stworzy\u0107 idealne rozwi\u0105zanie NFC odpowiadaj\u0105ce potrzebom Twojej firmy.<\/span><\/p>\n<h2 class=\"AnswerParser_AnswerParserH2__SIHnF\">Wp\u0142yw na \u015brodowisko: zr\u00f3wnowa\u017cone rozwi\u0105zania NFC<\/h2>\n<p><span class=\"AnswerParser_TextContainer__z_Iiv\" data-testid=\"youchat-text\">W dzisiejszym \u015bwiecie \u015bwiadomym ekologicznie, jeste\u015bmy zobowi\u0105zani do dostarczania zr\u00f3wnowa\u017conych rozwi\u0105za\u0144 NFC. Nasze znaczniki \u015brubowe NFC On-Metal:<\/span><\/p>\n<ul class=\"AnswerParser_AnswerParserUnorderedList__P_1FW\">\n<li class=\"AnswerParser_ListItem__XqLOV\" translate=\"yes\">Wykonane s\u0105 z materia\u0142\u00f3w nadaj\u0105cych si\u0119 do recyklingu<\/li>\n<li class=\"AnswerParser_ListItem__XqLOV\" translate=\"yes\">Maj\u0105 d\u0142ug\u0105 \u017cywotno\u015b\u0107, redukuj\u0105c ilo\u015b\u0107 odpad\u00f3w<\/li>\n<li class=\"AnswerParser_ListItem__XqLOV\" translate=\"yes\">Wnie\u015b sw\u00f3j wk\u0142ad w systemy bezpapierowe, zmniejszaj\u0105c og\u00f3lny wp\u0142yw na \u015brodowisko<\/li>\n<\/ul>\n<p><span class=\"AnswerParser_TextContainer__z_Iiv\" data-testid=\"youchat-text\">Wybieraj\u0105c nasze tagi, inwestujesz nie tylko w najnowocze\u015bniejsz\u0105 technologi\u0119, ale r\u00f3wnie\u017c w bardziej zr\u00f3wnowa\u017con\u0105 przysz\u0142o\u015b\u0107.<\/span><\/p>\n<h2 class=\"AnswerParser_AnswerParserH2__SIHnF\">Rozwi\u0105zanie Ekonomiczne: Zmaksymalizuj sw\u00f3j ROI<\/h2>\n<p><span class=\"AnswerParser_TextContainer__z_Iiv\" data-testid=\"youchat-text\">Chocia\u017c pocz\u0105tkowy koszt etykiet \u015brubowych NFC On-Metal mo\u017ce by\u0107 wy\u017cszy ni\u017c w przypadku tradycyjnych etykiet w postaci naklejek, oferuj\u0105 one znacz\u0105ce korzy\u015bci d\u0142ugoterminowe:<\/span><\/p>\n<ul class=\"AnswerParser_AnswerParserUnorderedList__P_1FW\">\n<li class=\"AnswerParser_ListItem__XqLOV\" translate=\"yes\">Ni\u017csze koszty wymiany dzi\u0119ki wy\u017cszej trwa\u0142o\u015bci<\/li>\n<li class=\"AnswerParser_ListItem__XqLOV\" translate=\"yes\">Poprawa efektywno\u015bci \u015bledzenia i zarz\u0105dzania aktywami<\/li>\n<li class=\"AnswerParser_ListItem__XqLOV\" translate=\"yes\">Potencja\u0142 usprawnienia operacji i oszcz\u0119dno\u015bci koszt\u00f3w<\/li>\n<\/ul>\n<p><span class=\"AnswerParser_TextContainer__z_Iiv\" data-testid=\"youchat-text\">Inwestycja w nasze wysokiej jako\u015bci tagi NFC mo\u017ce z czasem przynie\u015b\u0107 znaczne zyski.<\/span><\/p>\n<h2 class=\"AnswerParser_AnswerParserH2__SIHnF\">\u0141atwa instalacja i instrukcje u\u017cytkowania<\/h2>\n<p><span class=\"AnswerParser_TextContainer__z_Iiv\" data-testid=\"youchat-text\">Rozpocz\u0119cie korzystania z naszych etykiet \u015brubowych NFC On-Metal jest proste:<\/span><\/p>\n<ol class=\"AnswerParser_AnswerParserOrderedList__kl_2Y\">\n<li class=\"AnswerParser_ListItem__XqLOV\" translate=\"yes\">Wyczy\u015b\u0107 metalow\u0105 powierzchni\u0119, na kt\u00f3rej chcesz przymocowa\u0107 etykiet\u0119<\/li>\n<li class=\"AnswerParser_ListItem__XqLOV\" translate=\"yes\">U\u017cyj otworu na \u015brub\u0119 3 mm, aby pewnie przymocowa\u0107 etykiet\u0119<\/li>\n<li class=\"AnswerParser_ListItem__XqLOV\" translate=\"yes\">Zaprogramuj tag za pomoc\u0105 urz\u0105dzenia obs\u0142uguj\u0105cego NFC<\/li>\n<li class=\"AnswerParser_ListItem__XqLOV\" translate=\"yes\">Zacznij u\u017cywa\u0107 nowo zainstalowanego znacznika NFC!<\/li>\n<\/ol>\n<p><span class=\"AnswerParser_TextContainer__z_Iiv\" data-testid=\"youchat-text\">Aby uzyska\u0107 szczeg\u00f3\u0142owe instrukcje i przewodniki po programowaniu, sprawd\u017a swoj\u0105 skrzynk\u0119 odbiorcz\u0105 po zakupie. Znajdziesz tam nasz kompleksowy podr\u0119cznik u\u017cytkownika.<\/span><\/p>\n<h2 class=\"AnswerParser_AnswerParserH2__SIHnF\">Cz\u0119sto zadawane pytania<\/h2>\n<p><span class=\"AnswerParser_TextContainer__z_Iiv\" data-testid=\"youchat-text\"><strong>P: Czy te tagi mo\u017cna stosowa\u0107 na powierzchniach niemetalowych?<\/strong>\u00a0<\/span><\/p>\n<p><span class=\"AnswerParser_TextContainer__z_Iiv\" data-testid=\"youchat-text\">O: Tak. Chocia\u017c nasze znaczniki s\u0105 zoptymalizowane pod k\u0105tem powierzchni metalowych, r\u00f3wnie dobrze dzia\u0142aj\u0105 na materia\u0142ach niemetalowych.<\/span><\/p>\n<p><span class=\"AnswerParser_TextContainer__z_Iiv\" data-testid=\"youchat-text\"><strong>P: Jaki jest zasi\u0119g odczytu tych tag\u00f3w NFC?<\/strong>\u00a0<\/span><\/p>\n<p><span class=\"AnswerParser_TextContainer__z_Iiv\" data-testid=\"youchat-text\">A: Typowy zasi\u0119g odczytu wynosi do 5 cm, w zale\u017cno\u015bci od u\u017cytego urz\u0105dzenia czytaj\u0105cego.<\/span><\/p>\n<p><span class=\"AnswerParser_TextContainer__z_Iiv\" data-testid=\"youchat-text\"><strong>P: Czy te znaczniki s\u0105 wodoodporne?<\/strong>\u00a0<\/span><\/p>\n<p><span class=\"AnswerParser_TextContainer__z_Iiv\" data-testid=\"youchat-text\">A: Tak, metalowa konstrukcja sprawia, \u017ce s\u0105 one bardzo odporne na wod\u0119 i inne p\u0142yny.<\/span><\/p>","protected":false},"excerpt":{"rendered":"<p>Ten <strong>Etykieta \u015brubowa NFC na metalu<\/strong> jest niezwykle trwa\u0142ym tagiem NFC zaprojektowanym specjalnie do zastosowa\u0144 przemys\u0142owych.<\/p>","protected":false},"featured_media":2582,"template":"","meta":{"_kad_post_transparent":"default","_kad_post_title":"","_kad_post_layout":"default","_kad_post_sidebar_id":"","_kad_post_content_style":"default","_kad_post_vertical_padding":"default","_kad_post_feature":"","_kad_post_feature_position":"","_kad_post_header":false,"_kad_post_footer":false,"_kad_post_classname":""},"product_brand":[],"product_cat":[54],"product_tag":[295,216,290,294],"class_list":{"0":"post-2581","1":"product","2":"type-product","3":"status-publish","4":"has-post-thumbnail","6":"product_cat-hot-selling-rfid-tags","7":"product_tag-nfc-disc-tag","8":"product_tag-nfc-patrol-tag","9":"product_tag-nfc-tag","10":"product_tag-on-metal-nfc-screw-tag","12":"first","13":"instock","14":"shipping-taxable","15":"product-type-simple","16":"entry","17":"content-bg","18":"loop-entry"},"_links":{"self":[{"href":"https:\/\/rfid-laundry-tag.com\/pl\/wp-json\/wp\/v2\/product\/2581","targetHints":{"allow":["GET"]}}],"collection":[{"href":"https:\/\/rfid-laundry-tag.com\/pl\/wp-json\/wp\/v2\/product"}],"about":[{"href":"https:\/\/rfid-laundry-tag.com\/pl\/wp-json\/wp\/v2\/types\/product"}],"version-history":[{"count":1,"href":"https:\/\/rfid-laundry-tag.com\/pl\/wp-json\/wp\/v2\/product\/2581\/revisions"}],"predecessor-version":[{"id":2586,"href":"https:\/\/rfid-laundry-tag.com\/pl\/wp-json\/wp\/v2\/product\/2581\/revisions\/2586"}],"wp:featuredmedia":[{"embeddable":true,"href":"https:\/\/rfid-laundry-tag.com\/pl\/wp-json\/wp\/v2\/media\/2582"}],"wp:attachment":[{"href":"https:\/\/rfid-laundry-tag.com\/pl\/wp-json\/wp\/v2\/media?parent=2581"}],"wp:term":[{"taxonomy":"product_brand","embeddable":true,"href":"https:\/\/rfid-laundry-tag.com\/pl\/wp-json\/wp\/v2\/product_brand?post=2581"},{"taxonomy":"product_cat","embeddable":true,"href":"https:\/\/rfid-laundry-tag.com\/pl\/wp-json\/wp\/v2\/product_cat?post=2581"},{"taxonomy":"product_tag","embeddable":true,"href":"https:\/\/rfid-laundry-tag.com\/pl\/wp-json\/wp\/v2\/product_tag?post=2581"}],"curies":[{"name":"wp","href":"https:\/\/api.w.org\/{rel}","templated":true}]}}