{"id":2576,"date":"2024-09-17T14:08:34","date_gmt":"2024-09-17T14:08:34","guid":{"rendered":"https:\/\/rfid-laundry-tag.com\/?post_type=product&#038;p=2576"},"modified":"2024-09-17T14:08:35","modified_gmt":"2024-09-17T14:08:35","slug":"custom-anti-metal-nfc-coin-tag","status":"publish","type":"product","link":"https:\/\/rfid-laundry-tag.com\/pl\/custom-anti-metal-nfc-coin-tag\/","title":{"rendered":"Niestandardowy antymetalowy znacznik NFC na monety"},"content":{"rendered":"<h3>Niestandardowy antymetalowy znacznik NFC na monety<\/h3>\n<h2 class=\"AnswerParser_AnswerParserH2__SIHnF\">Czym s\u0105 niestandardowe, antymetalowe znaczniki monet NFC?<\/h2>\n<p><span class=\"AnswerParser_TextContainer__z_Iiv\" data-testid=\"youchat-text\"><strong>Niestandardowe antymetalowe znaczniki monet NFC<\/strong>\u00a0to specjalnie zaprojektowane tagi NFC, kt\u00f3re mo\u017cna osadza\u0107 w r\u00f3\u017cnych produktach lub materia\u0142ach promocyjnych. W przeciwie\u0144stwie do standardowych tag\u00f3w NFC, te tagi s\u0105 zaprojektowane tak, aby skutecznie dzia\u0142a\u0107 na powierzchniach metalowych, dzi\u0119ki czemu s\u0105 wszechstronne w wielu zastosowaniach. Tagi mo\u017cna dostosowa\u0107 pod wzgl\u0119dem rozmiaru i projektu, co pozwala firmom tworzy\u0107 unikalne rozwi\u0105zania, kt\u00f3re wzmacniaj\u0105 interakcj\u0119 z klientami.<\/span><span class=\"AnswerParser_TextContainer__z_Iiv\" data-testid=\"youchat-text\">Te znaczniki NFC mo\u017cna umieszcza\u0107 na inteligentnych plakatach, wystawach sklepowych, a nawet bezpo\u015brednio na produktach, umo\u017cliwiaj\u0105c konsumentom natychmiastowy dost\u0119p do istotnych informacji lub kampanii za pomoc\u0105 smartfona z obs\u0142ug\u0105 NFC.<\/span><\/p>\n<h2 class=\"AnswerParser_AnswerParserH2__SIHnF\">Jak dzia\u0142a technologia NFC?<\/h2>\n<p><span class=\"AnswerParser_TextContainer__z_Iiv\" data-testid=\"youchat-text\">Technologia NFC umo\u017cliwia komunikacj\u0119 kr\u00f3tkiego zasi\u0119gu mi\u0119dzy urz\u0105dzeniami. Oto jak to dzia\u0142a, gdy konsument wchodzi w interakcj\u0119 z tagiem NFC:<\/span><\/p>\n<ol class=\"AnswerParser_AnswerParserOrderedList__kl_2Y\">\n<li class=\"AnswerParser_ListItem__XqLOV\" translate=\"yes\"><strong>Interakcja dotykowa<\/strong>:Gdy u\u017cytkownik zbli\u017cy smartfon z w\u0142\u0105czon\u0105 funkcj\u0105 NFC do znacznika NFC, telefon wykryje unikalny identyfikator znacznika.<\/li>\n<li class=\"AnswerParser_ListItem__XqLOV\" translate=\"yes\"><strong>Wykrywanie adresu URL<\/strong>:Znacznik NFC zawiera adres URL powi\u0105zany z konkretn\u0105 kampani\u0105 lub informacj\u0105.<\/li>\n<li class=\"AnswerParser_ListItem__XqLOV\" translate=\"yes\"><strong>Wymiana danych<\/strong>:Smartfon wysy\u0142a adres URL do serwera w chmurze, kt\u00f3ry pobiera dane kampanii powi\u0105zane z tym adresem URL.<\/li>\n<li class=\"AnswerParser_ListItem__XqLOV\" translate=\"yes\"><strong>Wy\u015bwietl na smartfonie<\/strong>:Pobrane informacje o kampanii s\u0105 nast\u0119pnie wy\u015bwietlane na smartfonie konsumenta, zapewniaj\u0105c natychmiastowy dost\u0119p do tre\u015bci, takich jak oferty promocyjne, szczeg\u00f3\u0142y produkt\u00f3w lub interaktywne do\u015bwiadczenia.<\/li>\n<\/ol>\n<p><span class=\"AnswerParser_TextContainer__z_Iiv\" data-testid=\"youchat-text\">Taka p\u0142ynna wymiana informacji zwi\u0119ksza zaanga\u017cowanie u\u017cytkownik\u00f3w i upraszcza spos\u00f3b, w jaki marki nawi\u0105zuj\u0105 kontakt ze swoimi odbiorcami.<\/span><\/p>\n<h2 class=\"AnswerParser_AnswerParserH2__SIHnF\">Korzy\u015bci ze stosowania niestandardowych znacznik\u00f3w monet NFC<\/h2>\n<p><span class=\"AnswerParser_TextContainer__z_Iiv\" data-testid=\"youchat-text\">Korzystanie z niestandardowych znacznik\u00f3w monet NFC zapewnia szereg korzy\u015bci:<\/span><\/p>\n<ul class=\"AnswerParser_AnswerParserUnorderedList__P_1FW\">\n<li class=\"AnswerParser_ListItem__XqLOV\" translate=\"yes\"><strong>Bezproblemowa interakcja<\/strong>: W przeciwie\u0144stwie do marketingu WiFi, NFC nie wymaga od konsument\u00f3w konfigurowania smartfon\u00f3w. U\u017cytkownicy mog\u0105 szybko uzyska\u0107 dost\u0119p do informacji za pomoc\u0105 jednego dotkni\u0119cia, co czyni to przyjaznym dla u\u017cytkownika do\u015bwiadczeniem.<\/li>\n<li class=\"AnswerParser_ListItem__XqLOV\" translate=\"yes\"><strong>Zwi\u0119kszone zaanga\u017cowanie<\/strong>:Etykiety na monety NFC umo\u017cliwiaj\u0105 markom tworzenie interaktywnych i dynamicznych kampanii marketingowych, kt\u00f3re przyci\u0105gaj\u0105 uwag\u0119 klient\u00f3w i zwi\u0119kszaj\u0105 lojalno\u015b\u0107 wobec marki.<\/li>\n<li class=\"AnswerParser_ListItem__XqLOV\" translate=\"yes\"><strong>Wszechstronno\u015b\u0107<\/strong>:Etykiety te mo\u017cna stosowa\u0107 na r\u00f3\u017cnych powierzchniach, w tym na metalu, dzi\u0119ki czemu nadaj\u0105 si\u0119 do stosowania na szerokiej gamie produkt\u00f3w i materia\u0142\u00f3w promocyjnych.<\/li>\n<\/ul>\n<p><span class=\"AnswerParser_TextContainer__z_Iiv\" data-testid=\"youchat-text\">Korzy\u015bci te sprawiaj\u0105, \u017ce monety NFC stanowi\u0105 pot\u0119\u017cne narz\u0119dzie w nowoczesnych strategiach marketingowych.<\/span><\/p>\n<h2 class=\"AnswerParser_AnswerParserH2__SIHnF\">Opcje materia\u0142\u00f3w i wzornictwa dla tag\u00f3w monet NFC<\/h2>\n<p><span class=\"AnswerParser_TextContainer__z_Iiv\" data-testid=\"youchat-text\">Niestandardowe znaczniki monet NFC wykonane s\u0105 z trwa\u0142ych materia\u0142\u00f3w, kt\u00f3re zapewniaj\u0105 d\u0142ugowieczno\u015b\u0107 i funkcjonalno\u015b\u0107:<\/span><\/p>\n<ul class=\"AnswerParser_AnswerParserUnorderedList__P_1FW\">\n<li class=\"AnswerParser_ListItem__XqLOV\" translate=\"yes\"><strong>PCV\/PET<\/strong>Materia\u0142y te s\u0105 powszechnie stosowane ze wzgl\u0119du na swoj\u0105 wytrzyma\u0142o\u015b\u0107 i elastyczno\u015b\u0107, co sprawia, \u017ce idealnie nadaj\u0105 si\u0119 do codziennego u\u017cytku.<\/li>\n<li class=\"AnswerParser_ListItem__XqLOV\" translate=\"yes\"><strong>Materia\u0142 antymetaliczny<\/strong>:Unikalna konstrukcja odporna na dzia\u0142anie metalu pozwala na stosowanie tag\u00f3w NFC na powierzchniach metalowych bez zak\u0142\u00f3ce\u0144, co gwarantuje niezawodn\u0105 prac\u0119.<\/li>\n<\/ul>\n<p><span class=\"AnswerParser_TextContainer__z_Iiv\" data-testid=\"youchat-text\">Ponadto rozmiar tag\u00f3w NFC mo\u017cna dostosowa\u0107 do konkretnych potrzeb, co zapewnia elastyczno\u015b\u0107 w projektowaniu i stosowaniu.<\/span><\/p>\n<h2 class=\"AnswerParser_AnswerParserH2__SIHnF\">Techniki drukowania i rzemios\u0142a<\/h2>\n<p><span class=\"AnswerParser_TextContainer__z_Iiv\" data-testid=\"youchat-text\">Dost\u0119pne opcje drukowania i tworzenia niestandardowych znacznik\u00f3w monet NFC obejmuj\u0105:<\/span><\/p>\n<ul class=\"AnswerParser_AnswerParserUnorderedList__P_1FW\">\n<li class=\"AnswerParser_ListItem__XqLOV\" translate=\"yes\"><strong>Druk offsetowy CMYK\/Druk cyfrowy<\/strong>:Techniki te pozwalaj\u0105 na tworzenie wysokiej jako\u015bci, kolorowych projekt\u00f3w, kt\u00f3re mog\u0105 zawiera\u0107 loga, marki i inne elementy wizualne.<\/li>\n<li class=\"AnswerParser_ListItem__XqLOV\" translate=\"yes\"><strong>Techniki rzemie\u015blnicze<\/strong>:Ka\u017cdy tag mo\u017ce zosta\u0107 wyposa\u017cony w unikalne elementy, takie jak numerowanie lub kodowanie, w celu zwi\u0119kszenia funkcjonalno\u015bci i wzmocnienia marki.<\/li>\n<\/ul>\n<p><span class=\"AnswerParser_TextContainer__z_Iiv\" data-testid=\"youchat-text\">Dzi\u0119ki tym opcjom ka\u017cdy znacznik NFC mo\u017cna dostosowa\u0107 tak, aby odzwierciedla\u0142 to\u017csamo\u015b\u0107 marki, przy jednoczesnym zachowaniu wysokich standard\u00f3w jako\u015bci.<\/span><\/p>\n<h2 class=\"AnswerParser_AnswerParserH2__SIHnF\">Zastosowania tag\u00f3w NFC Coin w marketingu<\/h2>\n<p><span class=\"AnswerParser_TextContainer__z_Iiv\" data-testid=\"youchat-text\">Znaczniki monet NFC mo\u017cna wykorzysta\u0107 w r\u00f3\u017cnych zastosowaniach marketingowych, w tym:<\/span><\/p>\n<ul class=\"AnswerParser_AnswerParserUnorderedList__P_1FW\">\n<li class=\"AnswerParser_ListItem__XqLOV\" translate=\"yes\"><strong>Inteligentne plakaty<\/strong>:Marki mog\u0105 osadza\u0107 znaczniki NFC na plakatach, aby anga\u017cowa\u0107 konsument\u00f3w za pomoc\u0105 interaktywnych tre\u015bci, takich jak filmy wideo lub oferty promocyjne.<\/li>\n<li class=\"AnswerParser_ListItem__XqLOV\" translate=\"yes\"><strong>Opakowanie produktu<\/strong>:Integruj\u0105c tagi NFC z opakowaniami produkt\u00f3w, firmy mog\u0105 zapewni\u0107 klientom \u0142atwy dost\u0119p do informacji o produkcie, w tym do instrukcji, wskaz\u00f3wek dotycz\u0105cych u\u017cytkowania i ofert specjalnych.<\/li>\n<li class=\"AnswerParser_ListItem__XqLOV\" translate=\"yes\"><strong>Kampanie wydarze\u0144<\/strong>:Monetkowe znaczniki NFC mo\u017cna stosowa\u0107 na imprezach, aby u\u0142atwi\u0107 szybki dost\u0119p do informacji o wydarzeniu, harmonogram\u00f3w i materia\u0142\u00f3w promocyjnych.<\/li>\n<\/ul>\n<p><span class=\"AnswerParser_TextContainer__z_Iiv\" data-testid=\"youchat-text\">Aplikacje te pokazuj\u0105 wszechstronno\u015b\u0107 wykorzystania brelok\u00f3w NFC w ulepszaniu dzia\u0142a\u0144 marketingowych i zwi\u0119kszaniu zaanga\u017cowania klient\u00f3w.<\/span><\/p>\n<h2 class=\"AnswerParser_AnswerParserH2__SIHnF\">Minimalna ilo\u015b\u0107 zam\u00f3wienia i dost\u0119pno\u015b\u0107 pr\u00f3bek<\/h2>\n<p><span class=\"AnswerParser_TextContainer__z_Iiv\" data-testid=\"youchat-text\">Rozwa\u017caj\u0105c zakup niestandardowych monet NFC, nale\u017cy zwr\u00f3ci\u0107 uwag\u0119 na nast\u0119puj\u0105ce kwestie:<\/span><\/p>\n<ul class=\"AnswerParser_AnswerParserUnorderedList__P_1FW\">\n<li class=\"AnswerParser_ListItem__XqLOV\" translate=\"yes\"><strong>Minimalna ilo\u015b\u0107 zam\u00f3wienia (MOQ)<\/strong>: Minimalne zam\u00f3wienie na niestandardowe znaczniki monet NFC wynosi\u00a0<strong>500<\/strong>\u00a0jednostek, co pozwala przedsi\u0119biorstwom na efektywne skalowanie dzia\u0142a\u0144 promocyjnych.<\/li>\n<li class=\"AnswerParser_ListItem__XqLOV\" translate=\"yes\"><strong>Dost\u0119pno\u015b\u0107 pr\u00f3bek<\/strong>:Na \u017cyczenie dost\u0119pne s\u0105 bezp\u0142atne pr\u00f3bki, dzi\u0119ki kt\u00f3rym firmy mog\u0105 oceni\u0107 jako\u015b\u0107 i funkcjonalno\u015b\u0107 tag\u00f3w NFC przed z\u0142o\u017ceniem wi\u0119kszego zam\u00f3wienia.<\/li>\n<\/ul>\n<p><span class=\"AnswerParser_TextContainer__z_Iiv\" data-testid=\"youchat-text\">Dzi\u0119ki tej elastyczno\u015bci firmy mog\u0105 \u0142atwiej w\u0142\u0105czy\u0107 technologi\u0119 NFC do swoich strategii marketingowych.<\/span><\/p>\n<h2 class=\"AnswerParser_AnswerParserH2__SIHnF\">Funkcje bezpiecze\u0144stwa technologii NFC<\/h2>\n<p><span class=\"AnswerParser_TextContainer__z_Iiv\" data-testid=\"youchat-text\">Technologia NFC obejmuje szereg funkcji bezpiecze\u0144stwa maj\u0105cych na celu ochron\u0119 danych i transakcji:<\/span><\/p>\n<ul class=\"AnswerParser_AnswerParserUnorderedList__P_1FW\">\n<li class=\"AnswerParser_ListItem__XqLOV\" translate=\"yes\"><strong>Szyfrowanie<\/strong>:Dane wymieniane mi\u0119dzy tagiem NFC a smartfonem mog\u0105 by\u0107 szyfrowane, co gwarantuje bezpiecze\u0144stwo poufnych informacji.<\/li>\n<li class=\"AnswerParser_ListItem__XqLOV\" translate=\"yes\"><strong>Odporno\u015b\u0107 na manipulacje<\/strong>:Wiele tag\u00f3w NFC zaprojektowano tak, aby by\u0142y odporne na manipulacje, zapewniaj\u0105c dodatkow\u0105 warstw\u0119 bezpiecze\u0144stwa dla marek i konsument\u00f3w.<\/li>\n<\/ul>\n<p><span class=\"AnswerParser_TextContainer__z_Iiv\" data-testid=\"youchat-text\">Dzi\u0119ki tym zabezpieczeniom technologia NFC jest niezawodnym wyborem dla firm, kt\u00f3re chc\u0105 anga\u017cowa\u0107 klient\u00f3w, chroni\u0105c jednocze\u015bnie ich dane.<\/span><\/p>\n<h2 class=\"AnswerParser_AnswerParserH2__SIHnF\">Najcz\u0119\u015bciej zadawane pytania dotycz\u0105ce niestandardowych antymetalowych znacznik\u00f3w monet NFC<\/h2>\n<p><span class=\"AnswerParser_TextContainer__z_Iiv\" data-testid=\"youchat-text\"><strong>P: Czy znaczniki NFC mo\u017cna ponownie wykorzysta\u0107?<\/strong><br \/>\nA: Znaczniki NFC mo\u017cna zazwyczaj wykorzystywa\u0107 wielokrotnie, w zale\u017cno\u015bci od rodzaju chipa i tego, czy zosta\u0142y zaprogramowane do przechowywania nowych danych.<\/span><\/p>\n<p><span class=\"AnswerParser_TextContainer__z_Iiv\" data-testid=\"youchat-text\"><strong>P: Jakie urz\u0105dzenia s\u0105 kompatybilne z brelokami NFC?<\/strong><br \/>\nA: Breloczki NFC s\u0105 kompatybilne z wi\u0119kszo\u015bci\u0105 smartfon\u00f3w obs\u0142uguj\u0105cych NFC, w tym z urz\u0105dzeniami z systemem Android i iPhone&#039;ami.<\/span><\/p>\n<p><span class=\"AnswerParser_TextContainer__z_Iiv\" data-testid=\"youchat-text\"><strong>P: Czy znaczniki NFC s\u0105 wodoodporne?<\/strong><br \/>\nA: Chocia\u017c znaczniki monet NFC s\u0105 zaprojektowane z my\u015bl\u0105 o trwa\u0142o\u015bci, ich wodoodporno\u015b\u0107 mo\u017ce si\u0119 r\u00f3\u017cni\u0107 w zale\u017cno\u015bci od u\u017cytych materia\u0142\u00f3w. Nale\u017cy koniecznie sprawdzi\u0107 specyfikacje, aby uzyska\u0107 szczeg\u00f3\u0142owe informacje.<\/span><\/p>","protected":false},"excerpt":{"rendered":"<p>Niestandardowe antymetalowe znaczniki NFC Coin umo\u017cliwiaj\u0105 bezproblemowe zaanga\u017cowanie konsumenta. Stuknij, aby uzyska\u0107 natychmiastowy dost\u0119p do informacji, idealne do marketingu na powierzchniach metalowych.<\/p>","protected":false},"featured_media":2577,"template":"","meta":{"_kad_post_transparent":"default","_kad_post_title":"","_kad_post_layout":"default","_kad_post_sidebar_id":"","_kad_post_content_style":"default","_kad_post_vertical_padding":"default","_kad_post_feature":"","_kad_post_feature_position":"","_kad_post_header":false,"_kad_post_footer":false,"_kad_post_classname":""},"product_brand":[],"product_cat":[54],"product_tag":[292,290,293],"class_list":{"0":"post-2576","1":"product","2":"type-product","3":"status-publish","4":"has-post-thumbnail","6":"product_cat-hot-selling-rfid-tags","7":"product_tag-anti-metal-nfc-coin-tag","8":"product_tag-nfc-tag","9":"product_tag-nfc-token","11":"first","12":"instock","13":"shipping-taxable","14":"product-type-simple","15":"entry","16":"content-bg","17":"loop-entry"},"_links":{"self":[{"href":"https:\/\/rfid-laundry-tag.com\/pl\/wp-json\/wp\/v2\/product\/2576","targetHints":{"allow":["GET"]}}],"collection":[{"href":"https:\/\/rfid-laundry-tag.com\/pl\/wp-json\/wp\/v2\/product"}],"about":[{"href":"https:\/\/rfid-laundry-tag.com\/pl\/wp-json\/wp\/v2\/types\/product"}],"version-history":[{"count":1,"href":"https:\/\/rfid-laundry-tag.com\/pl\/wp-json\/wp\/v2\/product\/2576\/revisions"}],"predecessor-version":[{"id":2580,"href":"https:\/\/rfid-laundry-tag.com\/pl\/wp-json\/wp\/v2\/product\/2576\/revisions\/2580"}],"wp:featuredmedia":[{"embeddable":true,"href":"https:\/\/rfid-laundry-tag.com\/pl\/wp-json\/wp\/v2\/media\/2577"}],"wp:attachment":[{"href":"https:\/\/rfid-laundry-tag.com\/pl\/wp-json\/wp\/v2\/media?parent=2576"}],"wp:term":[{"taxonomy":"product_brand","embeddable":true,"href":"https:\/\/rfid-laundry-tag.com\/pl\/wp-json\/wp\/v2\/product_brand?post=2576"},{"taxonomy":"product_cat","embeddable":true,"href":"https:\/\/rfid-laundry-tag.com\/pl\/wp-json\/wp\/v2\/product_cat?post=2576"},{"taxonomy":"product_tag","embeddable":true,"href":"https:\/\/rfid-laundry-tag.com\/pl\/wp-json\/wp\/v2\/product_tag?post=2576"}],"curies":[{"name":"wp","href":"https:\/\/api.w.org\/{rel}","templated":true}]}}