{"id":2571,"date":"2024-09-17T13:42:59","date_gmt":"2024-09-17T13:42:59","guid":{"rendered":"https:\/\/rfid-laundry-tag.com\/?post_type=product&#038;p=2571"},"modified":"2024-09-17T13:43:00","modified_gmt":"2024-09-17T13:43:00","slug":"custom-guard-nfc-token-on-metal","status":"publish","type":"product","link":"https:\/\/rfid-laundry-tag.com\/pl\/custom-guard-nfc-token-on-metal\/","title":{"rendered":"Token NFC Custom Guard ON-METAL"},"content":{"rendered":"<h3>Token NFC Custom Guard ON-METAL<\/h3>\n<h3>G\u0142\u00f3wne cechy:<\/h3>\n<ul>\n<li><strong>Typ uk\u0142adu scalonego<\/strong>:NTAG213, znany ze swojej du\u017cej pojemno\u015bci pami\u0119ci, nadaje si\u0119 do wielu zastosowa\u0144.<\/li>\n<li><strong>Funkcjonalno\u015b\u0107 On-Metal<\/strong>: Wyposa\u017cony w warstw\u0119 izolacyjn\u0105 antymetalow\u0105 o grubo\u015bci 0,2 mm, umo\u017cliwiaj\u0105c\u0105 niezawodn\u0105 obs\u0142ug\u0119 NFC na powierzchniach metalowych.<\/li>\n<li><strong>Tworzywo<\/strong>: Wykonany z g\u0142adkiego i wytrzyma\u0142ego tworzywa PVC, wodoodporny i specjalnie dostosowany do umieszczenia logo lub grafiki; dost\u0119pny r\u00f3wnie\u017c w kolorze czarnym.<\/li>\n<li><strong>Spoiwo<\/strong>:Do zestawu do\u0142\u0105czona jest ta\u015bma papierowa 3M 9448A, lekki klej akrylowy zapewniaj\u0105cy mocne wi\u0105zanie z r\u00f3\u017cnymi powierzchniami. Dost\u0119pna jest r\u00f3wnie\u017c wersja bez kleju.<\/li>\n<li><strong>Opcje rozmiaru<\/strong>: Dost\u0119pne w r\u00f3\u017cnych kszta\u0142tach, takich jak okr\u0105g\u0142y (25 mm, 30 mm, 35 mm) i kwadratowy (30 mm x 30 mm), z mo\u017cliwo\u015bci\u0105 zam\u00f3wienia niestandardowych rozmiar\u00f3w.<\/li>\n<li><strong>Tryby pracy<\/strong>:Obs\u0142uguje funkcje odczytu i zapisu w celu przechowywania i pobierania danych.<\/li>\n<li><strong>Odczyt odleg\u0142o\u015bci<\/strong>: Mo\u017cliwo\u015b\u0107 odczytu z odleg\u0142o\u015bci 1\u201330 cm, w zale\u017cno\u015bci od konkretnych warunk\u00f3w u\u017cytkowania.<\/li>\n<li><strong>Opcje rzemios\u0142a<\/strong>:Mo\u017cliwo\u015b\u0107 personalizacji wyko\u0144cze\u0144, w tym b\u0142yszcz\u0105cego, matowego, holograficznego, a tak\u017ce opcji numerowania laserowego lub kod\u00f3w QR.<\/li>\n<\/ul>\n<h3>Zastosowania:<\/h3>\n<ul>\n<li><strong>Kontrola dost\u0119pu<\/strong>:Idealny do monitorowania i kontrolowania dost\u0119pu w r\u00f3\u017cnych \u015brodowiskach.<\/li>\n<li><strong>Automatyzacja<\/strong>:Mo\u017ce by\u0107 stosowany w systemach zautomatyzowanych w celu \u015bledzenia i identyfikacji.<\/li>\n<li><strong>Zarz\u0105dzanie zapasami<\/strong>:Przydatne do zarz\u0105dzania zapasami i inwentaryzacj\u0105 dzi\u0119ki identyfikacji oznaczonych pozycji w czasie rzeczywistym.<\/li>\n<li><strong>Wycieczki stra\u017cnicze<\/strong>:Specjalnie zaprojektowany do stosowania w systemach kontroli pracy wartownik\u00f3w, zapewniaj\u0105cy skuteczne \u015bledzenie personelu ochrony.<\/li>\n<\/ul>\n<p>Ten typ tokena NFC doskonale \u0142\u0105czy w sobie funkcjonalno\u015b\u0107 i \u0142atwo\u015b\u0107 u\u017cytkowania, dzi\u0119ki czemu doskonale nadaje si\u0119 do r\u00f3\u017cnych zastosowa\u0144 NFC w zakresie bezpiecze\u0144stwa i zarz\u0105dzania zasobami.<\/p>","protected":false},"excerpt":{"rendered":"<p>Tokeny NFC montowane na metalu zrewolucjonizowa\u0142y spos\u00f3b interakcji z technologi\u0105, zw\u0142aszcza w obszarze bezpiecze\u0144stwa i zarz\u0105dzania zasobami.<\/p>","protected":false},"featured_media":2572,"template":"","meta":{"_kad_post_transparent":"default","_kad_post_title":"","_kad_post_layout":"default","_kad_post_sidebar_id":"","_kad_post_content_style":"default","_kad_post_vertical_padding":"default","_kad_post_feature":"","_kad_post_feature_position":"","_kad_post_header":false,"_kad_post_footer":false,"_kad_post_classname":""},"product_brand":[],"product_cat":[54],"product_tag":[],"class_list":{"0":"post-2571","1":"product","2":"type-product","3":"status-publish","4":"has-post-thumbnail","6":"product_cat-hot-selling-rfid-tags","8":"first","9":"instock","10":"shipping-taxable","11":"product-type-simple","12":"entry","13":"content-bg","14":"loop-entry"},"_links":{"self":[{"href":"https:\/\/rfid-laundry-tag.com\/pl\/wp-json\/wp\/v2\/product\/2571","targetHints":{"allow":["GET"]}}],"collection":[{"href":"https:\/\/rfid-laundry-tag.com\/pl\/wp-json\/wp\/v2\/product"}],"about":[{"href":"https:\/\/rfid-laundry-tag.com\/pl\/wp-json\/wp\/v2\/types\/product"}],"version-history":[{"count":2,"href":"https:\/\/rfid-laundry-tag.com\/pl\/wp-json\/wp\/v2\/product\/2571\/revisions"}],"predecessor-version":[{"id":2575,"href":"https:\/\/rfid-laundry-tag.com\/pl\/wp-json\/wp\/v2\/product\/2571\/revisions\/2575"}],"wp:featuredmedia":[{"embeddable":true,"href":"https:\/\/rfid-laundry-tag.com\/pl\/wp-json\/wp\/v2\/media\/2572"}],"wp:attachment":[{"href":"https:\/\/rfid-laundry-tag.com\/pl\/wp-json\/wp\/v2\/media?parent=2571"}],"wp:term":[{"taxonomy":"product_brand","embeddable":true,"href":"https:\/\/rfid-laundry-tag.com\/pl\/wp-json\/wp\/v2\/product_brand?post=2571"},{"taxonomy":"product_cat","embeddable":true,"href":"https:\/\/rfid-laundry-tag.com\/pl\/wp-json\/wp\/v2\/product_cat?post=2571"},{"taxonomy":"product_tag","embeddable":true,"href":"https:\/\/rfid-laundry-tag.com\/pl\/wp-json\/wp\/v2\/product_tag?post=2571"}],"curies":[{"name":"wp","href":"https:\/\/api.w.org\/{rel}","templated":true}]}}