{"id":2567,"date":"2024-09-16T05:27:07","date_gmt":"2024-09-16T05:27:07","guid":{"rendered":"https:\/\/rfid-laundry-tag.com\/?post_type=product&#038;p=2567"},"modified":"2024-09-16T05:27:07","modified_gmt":"2024-09-16T05:27:07","slug":"custom-printing-on-metal-nfc-sticker-ntag213","status":"publish","type":"product","link":"https:\/\/rfid-laundry-tag.com\/pl\/custom-printing-on-metal-nfc-sticker-ntag213\/","title":{"rendered":"Naklejka NFC z nadrukiem na metalu NTAG213"},"content":{"rendered":"<p><strong>Naklejka NFC na metalu<\/strong>\u00a0wyposa\u017cony w niezawodny\u00a0<strong>Uk\u0142ad NFC NTAG213<\/strong>. Te innowacyjne naklejki s\u0105 zaprojektowane tak, aby dzia\u0142a\u0107 bezb\u0142\u0119dnie na powierzchniach metalowych, otwieraj\u0105c dynamiczny spos\u00f3b na anga\u017cowanie klient\u00f3w, szybkie udost\u0119pnianie informacji i ulepszanie strategii marketingowych. Niezale\u017cnie od tego, czy chcesz zaprezentowa\u0107 swoje logo, poda\u0107 informacje o produkcie, czy zwi\u0119kszy\u0107 interaktywno\u015b\u0107 klient\u00f3w, nasze naklejki NFC na metalu s\u0105 rozwi\u0105zaniem, kt\u00f3rego szuka\u0142e\u015b.<\/p>\n<table class=\"has-title is-zebra hight-light-first-column all magic-22\">\n<tbody>\n<tr>\n<td colspan=\"1\" rowspan=\"1\">\n<div class=\"magic-23\" data-spm-anchor-id=\"a2700.details.0.i46.640212393xXGMO\">Nazwa produktu<\/div>\n<\/td>\n<td colspan=\"4\" rowspan=\"1\">\n<div class=\"magic-24\">Naklejka NFC z nadrukiem na metalu NTAG213<\/div>\n<\/td>\n<\/tr>\n<tr>\n<td colspan=\"1\" rowspan=\"1\">\n<div class=\"magic-23\">Cz\u0119stotliwo\u015b\u0107 pracy<\/div>\n<\/td>\n<td colspan=\"4\" rowspan=\"1\">\n<div class=\"magic-24\">13,56MHz<\/div>\n<\/td>\n<\/tr>\n<tr>\n<td colspan=\"1\" rowspan=\"1\">\n<div class=\"magic-23\">Protok\u00f3\u0142<\/div>\n<\/td>\n<td colspan=\"4\" rowspan=\"1\">\n<div class=\"magic-24\">\u00a0ISO14443A Forum NFC Typ 2<\/div>\n<\/td>\n<\/tr>\n<tr>\n<td colspan=\"1\" rowspan=\"1\">\n<div class=\"magic-23\">Tworzywo<\/div>\n<\/td>\n<td colspan=\"4\" rowspan=\"1\">\n<div class=\"magic-27\">Papier lub bia\u0142y PET lub mi\u0119kki\/twardy PVC<\/div>\n<\/td>\n<\/tr>\n<tr>\n<td colspan=\"1\" rowspan=\"1\">\n<div class=\"magic-23\">Uk\u0142ad scalony<\/div>\n<\/td>\n<td colspan=\"4\" rowspan=\"1\">\n<div class=\"magic-27\">NXP Ntag213<\/div>\n<\/td>\n<\/tr>\n<tr>\n<td colspan=\"1\" rowspan=\"1\">\n<div class=\"magic-23\">Antena<\/div>\n<\/td>\n<td colspan=\"4\" rowspan=\"1\">\n<div class=\"magic-27\">Wytrawiona antena<\/div>\n<\/td>\n<\/tr>\n<tr>\n<td colspan=\"1\" rowspan=\"1\">\n<div class=\"magic-23\">Przechowywanie danych<\/div>\n<\/td>\n<td colspan=\"4\" rowspan=\"1\">\n<div class=\"magic-27\">20 lat<\/div>\n<\/td>\n<\/tr>\n<tr>\n<td colspan=\"1\" rowspan=\"1\">\n<div class=\"magic-23\">\u017bywotno\u015b\u0107 chipa<\/div>\n<\/td>\n<td colspan=\"4\" rowspan=\"1\">\n<div class=\"magic-27\">Napisz wytrzyma\u0142o\u015b\u0107 ponad 100 000 cykli<\/div>\n<\/td>\n<\/tr>\n<tr>\n<td colspan=\"1\" rowspan=\"1\">\n<div class=\"magic-23\">Temperatura przechowywania<\/div>\n<\/td>\n<td colspan=\"4\" rowspan=\"1\">\n<div class=\"magic-27\">-40~+85\u00b0C<\/div>\n<\/td>\n<\/tr>\n<tr>\n<td colspan=\"1\" rowspan=\"1\">\n<div class=\"magic-23\">Temperatura pracy<\/div>\n<\/td>\n<td colspan=\"4\" rowspan=\"1\">\n<div class=\"magic-27\">-20~+75\u00b0C<\/div>\n<\/td>\n<\/tr>\n<tr>\n<td colspan=\"1\" rowspan=\"1\">\n<div class=\"magic-23\">Wilgotno\u015b\u0107 przechowywania<\/div>\n<\/td>\n<td colspan=\"4\" rowspan=\"1\">\n<div class=\"magic-27\">5%\uff5e95%<\/div>\n<\/td>\n<\/tr>\n<tr>\n<td colspan=\"1\" rowspan=\"1\">\n<div class=\"magic-23\">Spos\u00f3b instalacji<\/div>\n<\/td>\n<td colspan=\"4\" rowspan=\"1\">\n<div class=\"magic-27\">Trzymaj si\u0119 obiekt\u00f3w, kt\u00f3re chcesz zidentyfikowa\u0107<\/div>\n<\/td>\n<\/tr>\n<tr>\n<td colspan=\"1\" rowspan=\"1\">\n<div class=\"magic-23\">Tryb pracy<\/div>\n<\/td>\n<td colspan=\"4\" rowspan=\"1\">\n<div class=\"magic-27\">Pasywne (etykiety RFID pasywne)<\/div>\n<\/td>\n<\/tr>\n<tr>\n<td colspan=\"1\" rowspan=\"1\">\n<div class=\"magic-23\">Indywidualna obs\u0142uga<\/div>\n<\/td>\n<td colspan=\"4\" rowspan=\"1\">\n<div class=\"magic-27\">Wst\u0119pnie zaprogramowane: EPC<br \/>\nDrukowanie: logo, laserowy UID, litery, kod kreskowy, QR, cyfry, slogan<\/div>\n<\/td>\n<\/tr>\n<tr>\n<td colspan=\"1\" rowspan=\"1\">\n<div class=\"magic-23\">Aplikacja<\/div>\n<\/td>\n<td colspan=\"4\" rowspan=\"1\">\n<div class=\"magic-27\">\n<div data-spm-anchor-id=\"a2700.pc-decorate.0.i167.373e3333414ktv\">P\u0142atno\u015bci bezstykowe<\/div>\n<div data-spm-anchor-id=\"a2700.pc-decorate.0.i167.373e3333414ktv\">media spo\u0142eczno\u015bciowe<\/div>\n<div data-spm-anchor-id=\"a2700.pc-decorate.0.i168.373e3333414ktv\">urz\u0105dzenia aktywa telefony kom\u00f3rkowe, tablety, komputery<\/div>\n<div data-spm-anchor-id=\"a2700.pc-decorate.0.i168.373e3333414ktv\">Logistyka, handel detaliczny Moda, bi\u017cuteria i kosmetyki<\/div>\n<div data-spm-anchor-id=\"a2700.pc-decorate.0.i168.373e3333414ktv\">Przegl\u0105dy maszyn i urz\u0105dze\u0144<\/div>\n<div data-spm-anchor-id=\"a2700.pc-decorate.0.i168.373e3333414ktv\">Identyfikacja i kontrola dost\u0119pu\u2026<\/div>\n<\/div>\n<\/td>\n<\/tr>\n<\/tbody>\n<\/table>\n<h2>Dlaczego warto wybra\u0107 naklejki NFC On-Metal Ntag213?<\/h2>\n<p>Inwestowanie w naklejki NFC na metalu nie tylko zwi\u0119ksza widoczno\u015b\u0107 Twojej marki, ale tak\u017ce poprawia do\u015bwiadczenia u\u017cytkownika. Wykorzystanie\u00a0<strong>NTAG213<\/strong>\u00a0chip, te naklejki mog\u0105 przechowywa\u0107 i przesy\u0142a\u0107 dane wydajnie. S\u0105 wyposa\u017cone w\u00a0<strong>144 bajty<\/strong>\u00a0pojemno\u015b\u0107 pami\u0119ci masowej, oferuj\u0105ca wystarczaj\u0105co du\u017co miejsca na podstawowe informacje, takie jak adresy URL stron internetowych, dane kontaktowe czy oferty promocyjne.<\/p>\n<h3>G\u0142\u00f3wne zalety naklejek NFC na metalu<\/h3>\n<ul>\n<li><strong>Wszechstronna personalizacja<\/strong>: Dostosuj ka\u017cd\u0105 naklejk\u0119 za pomoc\u0105 logo, kod\u00f3w kreskowych lub tekstu wydrukowanego w CMYK i kolorze czarnym. Nasze naklejki mo\u017cna dostosowa\u0107 do potrzeb Twojej marki.<\/li>\n<li><strong>Trwa\u0142o\u015b\u0107<\/strong>: Naklejki te, zaprojektowane tak, aby wytrzyma\u0107 r\u00f3\u017cne warunki \u015brodowiskowe, posiadaj\u0105 warstw\u0119 ferrytow\u0105 zapewniaj\u0105c\u0105 wyj\u0105tkow\u0105 trwa\u0142o\u015b\u0107 na powierzchniach metalowych.<\/li>\n<li><strong>\u0141atwo\u015b\u0107 u\u017cytkowania<\/strong>:Prosta i szybka interakcja \u2013 wystarczy dotkn\u0105\u0107 naklejk\u0119 palcem.\u00a0<strong>iPhone<\/strong>\u00a0Lub\u00a0<strong>Android<\/strong>\u00a0urz\u0105dzenie umo\u017cliwiaj\u0105ce natychmiastowy dost\u0119p do wybranej tre\u015bci.<\/li>\n<\/ul>\n<h2>Zrozumienie technologii NFC NTAG213<\/h2>\n<p>Uk\u0142ad NTAG213 NFC jest jednym z najbardziej niezawodnych rozwi\u0105za\u0144 w sektorze NFC, specjalnie opracowanym w celu zapewnienia kompatybilno\u015bci zar\u00f3wno z urz\u0105dzeniami iOS, jak i Android. Posiada pojemno\u015b\u0107 pami\u0119ci\u00a0<strong>144 bajt\u00f3w<\/strong>, zawiera wystarczaj\u0105co du\u017co danych do niezb\u0119dnych przypadk\u00f3w u\u017cycia. To, co wyr\u00f3\u017cnia NTAG213, to ulepszone funkcje antykolizyjne, umo\u017cliwiaj\u0105ce jednoczesne dzia\u0142anie wielu tag\u00f3w NFC bez konflikt\u00f3w.<\/p>\n<p>Gdy u\u017cytkownicy dotkn\u0105 swoich smartfon\u00f3w naklejk\u0105 NFC na metalu, natychmiast po\u0142\u0105cz\u0105 si\u0119 z po\u017c\u0105danymi tre\u015bciami cyfrowymi bez konieczno\u015bci pobierania aplikacji.\u00a0<strong>pod\u0142\u0105cz i graj<\/strong>\u00a0Funkcjonalno\u015b\u0107 ta zmniejsza bariery interakcji, dzi\u0119ki czemu jest idealnym narz\u0119dziem dla firm, kt\u00f3rym zale\u017cy na skutecznym anga\u017cowaniu klient\u00f3w.<\/p>\n<h2>Opcje personalizacji naklejek na metal<\/h2>\n<p>Jednym z najbardziej atrakcyjnych aspekt\u00f3w naklejek NFC na metalu jest zakres dost\u0119pnych opcji personalizacji. Od kszta\u0142t\u00f3w i rozmiar\u00f3w po opcje drukowania, mo\u017cesz stworzy\u0107 produkt, kt\u00f3ry rezonuje z wizerunkiem Twojej marki.<\/p>\n<ul>\n<li><strong>Wzory drukowane<\/strong>: Wykorzystaj wysokiej jako\u015bci techniki drukowania, aby zaprezentowa\u0107 \u017cywe loga, eleganckie litery i wyj\u0105tkowe kody kreskowe. Wybierz wyko\u0144czenie b\u0142yszcz\u0105ce lub matowe, aby dopasowa\u0107 je do estetyki swojego produktu.<\/li>\n<li><strong>Wyb\u00f3r materia\u0142\u00f3w<\/strong>:Nasze naklejki na metal mo\u017cna drukowa\u0107 na r\u00f3\u017cnych materia\u0142ach, w tym:\u00a0<strong>PCV<\/strong>,\u00a0<strong>ZWIERZAK DOMOWY<\/strong>, Lub\u00a0<strong>Papier<\/strong>, zapewniaj\u0105c elastyczno\u015b\u0107 u\u017cytkowania i zastosowania.<\/li>\n<\/ul>\n<p>Dzi\u0119ki takiemu poziomowi personalizacji Twoje naklejki NFC nie tylko b\u0119d\u0105 dobrze dzia\u0142a\u0107, ale tak\u017ce b\u0119d\u0105 stanowi\u0107 wizualn\u0105 reprezentacj\u0119 Twojej marki.<\/p>\n<h2>Zalety naklejek NFC antymetalowych<\/h2>\n<p>Naklejki NFC przeznaczone do stosowania na powierzchniach metalowych staj\u0105 przed wyj\u0105tkowymi wyzwaniami. Tradycyjne naklejki cz\u0119sto zawodz\u0105 w tym \u015brodowisku, ale nasze antymetalowe naklejki NFC stanowi\u0105 lepsze rozwi\u0105zanie:<\/p>\n<ul>\n<li><strong>Warstwa ferrytowa<\/strong>Zintegrowana warstwa ferrytowa pomaga skutecznie przeciwdzia\u0142a\u0107 zak\u0142\u00f3ceniom sygna\u0142u, kt\u00f3re cz\u0119sto wyst\u0119puj\u0105 przy naklejaniu naklejek na metal, zapewniaj\u0105c p\u0142ynn\u0105 transmisj\u0119 danych.<\/li>\n<li><strong>Zwi\u0119kszona wydajno\u015b\u0107<\/strong>:Naklejki te zapewniaj\u0105 doskona\u0142y zasi\u0119g i stabilno\u015b\u0107 komunikacji, zwi\u0119kszaj\u0105c zadowolenie u\u017cytkownika i redukuj\u0105c frustracj\u0119.<\/li>\n<\/ul>\n<p>Wybieraj\u0105c nasze naklejki NFC odporne na metal, mo\u017cesz zapewni\u0107 swoim klientom nieprzerwane dzia\u0142anie, co ostatecznie zwi\u0119kszy skuteczno\u015b\u0107 Twoich kampanii.<\/p>\n<h2>Wyb\u00f3r w\u0142a\u015bciwego kleju dla Twoich potrzeb<\/h2>\n<p>Wyb\u00f3r odpowiedniego kleju do naklejek NFC na metalu jest kluczowy dla zapewnienia d\u0142ugowieczno\u015bci i trwa\u0142o\u015bci. R\u00f3\u017cne zastosowania mog\u0105 wymaga\u0107 r\u00f3\u017cnych rodzaj\u00f3w kleju:<\/p>\n<ul>\n<li><strong>Mocny klej wi\u0105\u017c\u0105cy<\/strong>:W przypadku zastosowa\u0144, kt\u00f3re wi\u0105\u017c\u0105 si\u0119 z nara\u017ceniem na wilgo\u0107 lub zmienne temperatury, konieczne jest zastosowanie mocnego kleju.<\/li>\n<li><strong>Usuwalny klej<\/strong>: Je\u015bli potrzebujesz tymczasowego zastosowania, rozwa\u017c u\u017cycie usuwalnych klej\u00f3w, kt\u00f3re umo\u017cliwiaj\u0105 \u0142atw\u0105 zmian\u0119 po\u0142o\u017cenia lub usuni\u0119cie bez pozostawiania \u015blad\u00f3w.<\/li>\n<\/ul>\n<p>Wybieraj\u0105c odpowiedni klej, mo\u017cesz zagwarantowa\u0107 trwa\u0142o\u015b\u0107 i skuteczno\u015b\u0107 naklejek NFC.<\/p>\n<h2>Zastosowania naklejek NFC na metalu<\/h2>\n<p>Wszechstronno\u015b\u0107 naklejek NFC na metalu oznacza, \u017ce mo\u017cna je stosowa\u0107 w r\u00f3\u017cnych sektorach. Oto kilka znanych zastosowa\u0144:<\/p>\n<ul>\n<li><strong>Marketing detaliczny<\/strong>:Mo\u017cesz uzyska\u0107 natychmiastowy dost\u0119p do promocji, aktualizacji i informacji o produktach, po prostu dotykaj\u0105c naklejki na wy\u015bwietlaczu produktu.<\/li>\n<li><strong>Zarz\u0105dzanie wydarzeniami<\/strong>:Dodaj naklejki NFC do przepustek i identyfikator\u00f3w na wydarzenia, aby uzyska\u0107 szybki dost\u0119p do harmonogram\u00f3w, biografii i mo\u017cliwo\u015bci nawi\u0105zywania kontakt\u00f3w.<\/li>\n<li><strong>\u015aledzenie aktyw\u00f3w<\/strong>:Organizacje mog\u0105 wykorzysta\u0107 te naklejki, aby usprawni\u0107 zarz\u0105dzanie zapasami. Przymocuj je do sprz\u0119tu, aby u\u0142atwi\u0107 identyfikacj\u0119 i monitorowanie stanu.<\/li>\n<\/ul>\n<p>Potencjalne zastosowania s\u0105 nieograniczone, a rozwi\u0105zania te s\u0105 doskonale dostosowane do ulepszania do\u015bwiadcze\u0144 u\u017cytkownik\u00f3w i zwi\u0119kszania zaanga\u017cowania firm.<\/p>\n<h2>Por\u00f3wnanie z innymi tagami NFC<\/h2>\n<p>Rozwa\u017caj\u0105c produkty NFC, wa\u017cne jest zrozumienie, jak\u00a0<strong>tagi NFC na metalu<\/strong>\u00a0r\u00f3\u017cni\u0105 si\u0119 od innych opcji.<\/p>\n<ul>\n<li><strong>Wydajno\u015b\u0107<\/strong>:W przeciwie\u0144stwie do standardowych tag\u00f3w NFC naklejki na metal zapewniaj\u0105 lepsz\u0105 widoczno\u015b\u0107 na powierzchniach metalowych dzi\u0119ki specjalnej konstrukcji i podk\u0142adowi ferrytowemu.<\/li>\n<li><strong>Pojemno\u015b\u0107<\/strong>: Chwila\u00a0<strong>NTAG215<\/strong>\u00a0oferty\u00a0<strong>504 bajt\u00f3w<\/strong>\u00a0pami\u0119ci NTAG213 w zupe\u0142no\u015bci wystarcza do wi\u0119kszo\u015bci zastosowa\u0144 wymagaj\u0105cych podstawowych \u0142\u0105czy URL lub ma\u0142ej ilo\u015bci tekstu, co czyni go ekonomicznym i wydajnym wyborem.<\/li>\n<\/ul>\n<p>Zrozumienie tych kluczowych r\u00f3\u017cnic pomo\u017ce firmom wybra\u0107 w\u0142a\u015bciwe rozwi\u0105zanie NFC odpowiadaj\u0105ce ich konkretnym potrzebom.<\/p>\n<h2>Cz\u0119sto zadawane pytania<\/h2>\n<p>Oto kilka cz\u0119stych pyta\u0144 dotycz\u0105cych naszych naklejek NFC na metal:<\/p>\n<ol>\n<li><strong>Jakie urz\u0105dzenia s\u0105 kompatybilne z naklejkami NFC?<\/strong>\n<ul>\n<li>Obydwa\u00a0<strong>iPhone<\/strong>\u00a0I\u00a0<strong>Android<\/strong>\u00a0Urz\u0105dzenia obs\u0142uguj\u0105 technologi\u0119 NFC, umo\u017cliwiaj\u0105c\u0105 szeroki zakres interakcji.<\/li>\n<\/ul>\n<\/li>\n<li><strong>Ile danych mo\u017ce przechowywa\u0107 uk\u0142ad NFC NTAG213?<\/strong>\n<ul>\n<li>Uk\u0142ad NTAG213 ma pojemno\u015b\u0107 pami\u0119ci\u00a0<strong>144 bajt\u00f3w<\/strong>, nadaje si\u0119 do kr\u00f3tkich tekst\u00f3w i link\u00f3w.<\/li>\n<\/ul>\n<\/li>\n<li><strong>Czy naklejki mog\u0105 by\u0107 drukowane z indywidualnymi wzorami?<\/strong>\n<ul>\n<li>Oczywi\u015bcie! Nasze naklejki mo\u017cna dostosowa\u0107 do swoich logotyp\u00f3w, kod\u00f3w kreskowych lub dowolnego wybranego wzoru nadruku.<\/li>\n<\/ul>\n<\/li>\n<\/ol>","protected":false},"excerpt":{"rendered":"<p>Odkryj wszechstronn\u0105 naklejk\u0119 NFC na metalu NTAG213. Dostosuj j\u0105 do marki, ciesz si\u0119 trwa\u0142o\u015bci\u0105 i odblokuj natychmiastowe interakcje ze smartfonami!<\/p>","protected":false},"featured_media":2568,"template":"","meta":{"_kad_post_transparent":"default","_kad_post_title":"","_kad_post_layout":"default","_kad_post_sidebar_id":"","_kad_post_content_style":"default","_kad_post_vertical_padding":"default","_kad_post_feature":"","_kad_post_feature_position":"","_kad_post_header":false,"_kad_post_footer":false,"_kad_post_classname":""},"product_brand":[],"product_cat":[54],"product_tag":[290,291,289],"class_list":{"0":"post-2567","1":"product","2":"type-product","3":"status-publish","4":"has-post-thumbnail","6":"product_cat-hot-selling-rfid-tags","7":"product_tag-nfc-tag","8":"product_tag-ntag213-nfc-label","9":"product_tag-on-metal-nfc-sticker-ntag213","11":"first","12":"instock","13":"shipping-taxable","14":"product-type-simple","15":"entry","16":"content-bg","17":"loop-entry"},"_links":{"self":[{"href":"https:\/\/rfid-laundry-tag.com\/pl\/wp-json\/wp\/v2\/product\/2567","targetHints":{"allow":["GET"]}}],"collection":[{"href":"https:\/\/rfid-laundry-tag.com\/pl\/wp-json\/wp\/v2\/product"}],"about":[{"href":"https:\/\/rfid-laundry-tag.com\/pl\/wp-json\/wp\/v2\/types\/product"}],"version-history":[{"count":2,"href":"https:\/\/rfid-laundry-tag.com\/pl\/wp-json\/wp\/v2\/product\/2567\/revisions"}],"predecessor-version":[{"id":2570,"href":"https:\/\/rfid-laundry-tag.com\/pl\/wp-json\/wp\/v2\/product\/2567\/revisions\/2570"}],"wp:featuredmedia":[{"embeddable":true,"href":"https:\/\/rfid-laundry-tag.com\/pl\/wp-json\/wp\/v2\/media\/2568"}],"wp:attachment":[{"href":"https:\/\/rfid-laundry-tag.com\/pl\/wp-json\/wp\/v2\/media?parent=2567"}],"wp:term":[{"taxonomy":"product_brand","embeddable":true,"href":"https:\/\/rfid-laundry-tag.com\/pl\/wp-json\/wp\/v2\/product_brand?post=2567"},{"taxonomy":"product_cat","embeddable":true,"href":"https:\/\/rfid-laundry-tag.com\/pl\/wp-json\/wp\/v2\/product_cat?post=2567"},{"taxonomy":"product_tag","embeddable":true,"href":"https:\/\/rfid-laundry-tag.com\/pl\/wp-json\/wp\/v2\/product_tag?post=2567"}],"curies":[{"name":"wp","href":"https:\/\/api.w.org\/{rel}","templated":true}]}}