{"id":2559,"date":"2024-09-16T05:02:04","date_gmt":"2024-09-16T05:02:04","guid":{"rendered":"https:\/\/rfid-laundry-tag.com\/?post_type=product&#038;p=2559"},"modified":"2024-09-16T05:02:05","modified_gmt":"2024-09-16T05:02:05","slug":"custom-on-metal-nfc-sticker","status":"publish","type":"product","link":"https:\/\/rfid-laundry-tag.com\/pl\/custom-on-metal-nfc-sticker\/","title":{"rendered":"Naklejka NFC na metalu"},"content":{"rendered":"<h1>Naklejka NFC na metalu<\/h1>\n<table class=\"is-zebra all magic-11\">\n<tbody>\n<tr>\n<td colspan=\"1\" rowspan=\"1\">\n<div class=\"magic-12\">\n<div class=\"magic-7\" data-spm-anchor-id=\"a2700.details.0.i36.1f0c15c2i7ObkG\"><b class=\"magic-13\" data-spm-anchor-id=\"a2700.pc-decorate.0.i38.639a3333UiH69N\">Nazwa produktu<\/b><\/div>\n<\/div>\n<\/td>\n<td colspan=\"1\" rowspan=\"1\">\n<div class=\"magic-14\">Naklejka antymetalowa NFC<\/div>\n<\/td>\n<td colspan=\"1\" rowspan=\"1\">\n<div class=\"magic-15\">\n<div class=\"magic-7\"><b class=\"magic-13\" data-spm-anchor-id=\"a2700.pc-decorate.0.i36.639a3333UiH69N\">Protok\u00f3\u0142 chipowy<\/b><\/div>\n<\/div>\n<\/td>\n<td colspan=\"1\" rowspan=\"1\">\n<div class=\"magic-16\">ISO\/14443A<\/div>\n<\/td>\n<\/tr>\n<tr>\n<td colspan=\"1\" rowspan=\"1\">\n<div class=\"magic-12\">\n<div class=\"magic-7\"><b class=\"magic-13\" data-spm-anchor-id=\"a2700.pc-decorate.0.i4.10f43333bOcIYi\">Model uk\u0142adu scalonego<\/b><\/div>\n<\/div>\n<\/td>\n<td colspan=\"3\" rowspan=\"1\">\n<div class=\"magic-17\">NTAG\u00ae 213\/NTAG\u00ae 215\/NTAG\u00ae 216<\/div>\n<\/td>\n<\/tr>\n<tr>\n<td colspan=\"1\" rowspan=\"1\">\n<div class=\"magic-12\">\n<div class=\"magic-7\"><b class=\"magic-13\">Przechowywanie\/U\u017cytkownicy<\/b><\/div>\n<\/div>\n<\/td>\n<td colspan=\"1\" rowspan=\"1\">\n<div class=\"magic-14\">144\/504\/888<\/div>\n<\/td>\n<td colspan=\"1\" rowspan=\"1\">\n<div class=\"magic-15\">\n<div class=\"magic-7\" data-spm-anchor-id=\"a2700.pc-decorate.0.i73.639a3333UiH69N\"><b>Cz\u0119stotliwo\u015b\u0107 chipa<\/b><\/div>\n<\/div>\n<\/td>\n<td colspan=\"1\" rowspan=\"1\">\n<div class=\"magic-16\">13,56MHz<\/div>\n<\/td>\n<\/tr>\n<tr>\n<td colspan=\"1\" rowspan=\"1\">\n<div class=\"magic-12\">\n<div class=\"magic-7\" data-spm-anchor-id=\"a2700.pc-decorate.0.i154.639a3333UiH69N\"><b class=\"magic-13\" data-spm-anchor-id=\"a2700.pc-decorate.0.i91.639a3333UiH69N\">rozmiar produktu<\/b><\/div>\n<\/div>\n<\/td>\n<td colspan=\"3\" rowspan=\"1\">\n<div class=\"magic-17\">\u015arednica 25 mm, \u015brednica 30 mm, 30*30 mm, 40*25 mm, 35*25 mm lub niestandardowe<\/div>\n<\/td>\n<\/tr>\n<tr>\n<td colspan=\"1\" rowspan=\"1\">\n<div class=\"magic-12\">\n<div class=\"magic-7\" data-spm-anchor-id=\"a2700.pc-decorate.0.i98.639a3333UiH69N\"><b class=\"magic-13\">Wyma\u017c i zapisz czasy<\/b><\/div>\n<\/div>\n<\/td>\n<td colspan=\"1\" rowspan=\"1\">\n<div class=\"magic-14\">\u2265100 000 razy<\/div>\n<\/td>\n<td colspan=\"1\" rowspan=\"1\">\n<div class=\"magic-15\">\n<div class=\"magic-7\"><b class=\"magic-13\">Wykrywanie odleg\u0142o\u015bci<\/b><\/div>\n<\/div>\n<\/td>\n<td colspan=\"1\" rowspan=\"1\">\n<div class=\"magic-16\">W promieniu 10 cm<\/div>\n<\/td>\n<\/tr>\n<tr>\n<td colspan=\"1\" rowspan=\"1\">\n<div class=\"magic-12\">\n<div class=\"magic-7\"><b>Opakowanie<\/b><\/div>\n<\/div>\n<\/td>\n<td colspan=\"3\" rowspan=\"1\">\n<div class=\"magic-20\">1000-5000 szt.\/rolka, 4 rolki\/karton<\/div>\n<\/td>\n<\/tr>\n<tr>\n<td colspan=\"1\" rowspan=\"1\">\n<div class=\"magic-23\"><b>Opis produktu<\/b><\/div>\n<\/td>\n<td colspan=\"3\" rowspan=\"1\">\n<div class=\"magic-20\">Pasywny znacznik NFC do inteligentnych wk\u0142adek, etykiet i tag\u00f3w<\/div>\n<\/td>\n<\/tr>\n<tr>\n<td colspan=\"1\" rowspan=\"1\">\n<div class=\"magic-26\">\n<div class=\"magic-7\" data-spm-anchor-id=\"a2700.pc-decorate.0.i15.458b3333cr4pua\"><b class=\"magic-13\" data-spm-anchor-id=\"a2700.pc-decorate.0.i14.458b3333cr4pua\"><br \/>\nAplikacja<\/b><\/div>\n<\/div>\n<\/td>\n<td colspan=\"3\" rowspan=\"1\">\n<div class=\"magic-27\" data-spm-anchor-id=\"a2700.details.0.i34.1f0c15c2i7ObkG\">Bezpieczna kontrola wst\u0119pu\/p\u0142atno\u015bci bezgot\u00f3wkowe Programy cz\u0142onkowskie i lojalno\u015bciowe<br \/>\nDost\u0119p do wydarze\u0144 i branding\/Media spo\u0142eczno\u015bciowe\/Sprzeda\u017c detaliczna<br \/>\n\u015arodowisko\/Gry i zabawki Lokalizacja\/Elektronika\/Targi handlowe<br \/>\nWydarzenia\/Pro\u015bba o po\u0142\u0105czenie\/Wizyt\u00f3wki<\/div>\n<\/td>\n<\/tr>\n<\/tbody>\n<\/table>\n<h2 class=\"AnswerParser_AnswerParserH2__SIHnF\"><img fetchpriority=\"high\" decoding=\"async\" class=\"alignnone size-full wp-image-2560\" src=\"https:\/\/rfid-laundry-tag.com\/wp-content\/uploads\/2024\/09\/on-metal-NFC-sticker.jpg\" alt=\"\" width=\"790\" height=\"956\" srcset=\"https:\/\/rfid-laundry-tag.com\/wp-content\/uploads\/2024\/09\/on-metal-NFC-sticker.jpg 790w, https:\/\/rfid-laundry-tag.com\/wp-content\/uploads\/2024\/09\/on-metal-NFC-sticker-248x300.jpg 248w, https:\/\/rfid-laundry-tag.com\/wp-content\/uploads\/2024\/09\/on-metal-NFC-sticker-768x929.jpg 768w, https:\/\/rfid-laundry-tag.com\/wp-content\/uploads\/2024\/09\/on-metal-NFC-sticker-10x12.jpg 10w, https:\/\/rfid-laundry-tag.com\/wp-content\/uploads\/2024\/09\/on-metal-NFC-sticker-600x726.jpg 600w\" sizes=\"(max-width: 790px) 100vw, 790px\" \/>Czym s\u0105 naklejki NFC On-Metal?<\/h2>\n<p><span class=\"AnswerParser_TextContainer__z_Iiv\" data-testid=\"youchat-text\"><strong>Naklejki NFC na metal<\/strong>\u00a0s\u0105 specjalnie zaprojektowane, aby przylega\u0107 do powierzchni metalowych, zachowuj\u0105c jednocze\u015bnie optymaln\u0105 wydajno\u015b\u0107. Naklejki te zawieraj\u0105\u00a0<strong>Technologia NFC<\/strong>, umo\u017cliwiaj\u0105c urz\u0105dzeniom bezprzewodow\u0105 komunikacj\u0119 w pobli\u017cu. W ka\u017cdej naklejce znajduje si\u0119 chip NFC, taki jak\u00a0<strong>NTAG213<\/strong>\u00a0Lub\u00a0<strong>NTAG215<\/strong>, kt\u00f3ry zapewnia szereg funkcjonalno\u015bci, w tym przesy\u0142anie danych, p\u0142atno\u015bci zbli\u017ceniowe i odblokowywanie urz\u0105dze\u0144.<\/span><span class=\"AnswerParser_TextContainer__z_Iiv\" data-testid=\"youchat-text\">Naklejki te s\u0105 wszechstronne i mo\u017cna je przykleja\u0107 do smartfon\u00f3w, tablet\u00f3w, komputer\u00f3w i innych metalowych przedmiot\u00f3w, dzi\u0119ki czemu idealnie nadaj\u0105 si\u0119 do szerokiej gamy zastosowa\u0144.<\/span><\/p>\n<h2 class=\"AnswerParser_AnswerParserH2__SIHnF\">Jak dzia\u0142aj\u0105 naklejki NFC na metalu?<\/h2>\n<p><span class=\"AnswerParser_TextContainer__z_Iiv\" data-testid=\"youchat-text\">Naklejki NFC na metalu dzia\u0142aj\u0105 za pomoc\u0105\u00a0<strong>Komunikacja bliskiego zasi\u0119gu (NFC)<\/strong>\u00a0technologia, kt\u00f3ra umo\u017cliwia bezprzewodow\u0105 komunikacj\u0119 kr\u00f3tkiego zasi\u0119gu mi\u0119dzy urz\u0105dzeniami. Oto jak dzia\u0142a ten proces:<\/span><\/p>\n<ol class=\"AnswerParser_AnswerParserOrderedList__kl_2Y\">\n<li class=\"AnswerParser_ListItem__XqLOV\" translate=\"yes\"><strong>Aktywacja<\/strong>:Gdy urz\u0105dzenie obs\u0142uguj\u0105ce technologi\u0119 NFC, takie jak\u00a0<strong>Android<\/strong>\u00a0smartfon lub\u00a0<strong>iPhone<\/strong>, znajdzie si\u0119 w bezpo\u015bredniej blisko\u015bci naklejki NFC, urz\u0105dzenie aktywuje naklejk\u0119.<\/li>\n<li class=\"AnswerParser_ListItem__XqLOV\" translate=\"yes\"><strong>Wymiana danych<\/strong>:Chip NFC w naklejce przesy\u0142a dane do urz\u0105dzenia. Dane te mog\u0105 obejmowa\u0107 adresy URL, informacje kontaktowe lub polecenia wykonywania okre\u015blonych czynno\u015bci.<\/li>\n<li class=\"AnswerParser_ListItem__XqLOV\" translate=\"yes\"><strong>Wykonanie akcji<\/strong>:Po otrzymaniu danych urz\u0105dzenie mo\u017ce wykona\u0107 odpowiedni\u0105 czynno\u015b\u0107, np. otworzy\u0107 stron\u0119 internetow\u0105 lub doda\u0107 kontakt.<\/li>\n<\/ol>\n<p><span class=\"AnswerParser_TextContainer__z_Iiv\" data-testid=\"youchat-text\">Taka p\u0142ynna interakcja poprawia komfort u\u017cytkowania i zapewnia wygodny spos\u00f3b dost\u0119pu do informacji i us\u0142ug.<\/span><\/p>\n<h2 class=\"AnswerParser_AnswerParserH2__SIHnF\">Zalety personalizowanych naklejek NFC na metalu<\/h2>\n<p><span class=\"AnswerParser_TextContainer__z_Iiv\" data-testid=\"youchat-text\">Wykorzystanie personalizowanych naklejek NFC na metal zapewnia szereg korzy\u015bci:<\/span><\/p>\n<ul class=\"AnswerParser_AnswerParserUnorderedList__P_1FW\">\n<li class=\"AnswerParser_ListItem__XqLOV\" translate=\"yes\"><strong>Ulepszona \u0142\u0105czno\u015b\u0107<\/strong>Naklejki te umo\u017cliwiaj\u0105 szybkie i \u0142atwe po\u0142\u0105czenia mi\u0119dzy urz\u0105dzeniami, zapewniaj\u0105c natychmiastowy dost\u0119p do informacji i us\u0142ug.<\/li>\n<li class=\"AnswerParser_ListItem__XqLOV\" translate=\"yes\"><strong>Mo\u017cliwo\u015b\u0107 dostosowania projektu<\/strong>:Dzi\u0119ki opcjom dotycz\u0105cym logo, tekstu i kod\u00f3w QR firmy mog\u0105 stworzy\u0107 wyj\u0105tkow\u0105 to\u017csamo\u015b\u0107, integruj\u0105c technologi\u0119 NFC ze swoimi produktami.<\/li>\n<li class=\"AnswerParser_ListItem__XqLOV\" translate=\"yes\"><strong>Trwa\u0142o\u015b\u0107<\/strong>Naklejki te zaprojektowano tak, aby wytrzyma\u0142y r\u00f3\u017cne warunki. Wykonano je z materia\u0142\u00f3w takich jak PET i PVC, dzi\u0119ki czemu zachowuj\u0105 funkcjonalno\u015b\u0107 nawet w trudnych warunkach.<\/li>\n<\/ul>\n<p><span class=\"AnswerParser_TextContainer__z_Iiv\" data-testid=\"youchat-text\">Dzi\u0119ki tym zaletom naklejki NFC naklejane na metal s\u0105 atrakcyjn\u0105 opcj\u0105 dla firm i os\u00f3b prywatnych, kt\u00f3re chc\u0105 wzbogaci\u0107 swoje produkty o funkcje NFC.<\/span><\/p>\n<h2 class=\"AnswerParser_AnswerParserH2__SIHnF\">Dost\u0119pne opcje dostosowywania<\/h2>\n<p><span class=\"AnswerParser_TextContainer__z_Iiv\" data-testid=\"youchat-text\">Jedn\u0105 z wyr\u00f3\u017cniaj\u0105cych si\u0119 cech naklejek NFC na metalu s\u0105 opcje personalizacji. Klienci mog\u0105 wybiera\u0107 spo\u015br\u00f3d r\u00f3\u017cnych kszta\u0142t\u00f3w i rozmiar\u00f3w, a tak\u017ce nast\u0119puj\u0105cych ulepsze\u0144:<\/span><\/p>\n<ul class=\"AnswerParser_AnswerParserUnorderedList__P_1FW\">\n<li class=\"AnswerParser_ListItem__XqLOV\" translate=\"yes\"><strong>Logo i branding<\/strong>: Dodaj logo swojej firmy lub elementy marki, aby stworzy\u0107 sp\u00f3jny wygl\u0105d.<\/li>\n<li class=\"AnswerParser_ListItem__XqLOV\" translate=\"yes\"><strong>Kody QR<\/strong>: Dodaj kody QR, aby u\u0142atwi\u0107 skanowanie i uzyska\u0107 dost\u0119p do dodatkowych informacji.<\/li>\n<li class=\"AnswerParser_ListItem__XqLOV\" translate=\"yes\"><strong>Kolor i wyko\u0144czenie<\/strong>: Wybierz wyko\u0144czenie b\u0142yszcz\u0105ce lub matowe druku CMYK, aby uzyska\u0107 po\u017c\u0105dany efekt estetyczny.<\/li>\n<\/ul>\n<p><span class=\"AnswerParser_TextContainer__z_Iiv\" data-testid=\"youchat-text\">Opcje personalizacji pozwalaj\u0105 u\u017cytkownikom dostosowa\u0107 naklejki do swoich konkretnych potrzeb i wymaga\u0144 marki.<\/span><\/p>\n<h2 class=\"AnswerParser_AnswerParserH2__SIHnF\">Zastosowania naklejek NFC na metalu<\/h2>\n<p><span class=\"AnswerParser_TextContainer__z_Iiv\" data-testid=\"youchat-text\">Naklejki NFC naklejane na metal mog\u0105 by\u0107 wykorzystywane w wielu zastosowaniach, w tym:<\/span><\/p>\n<ul class=\"AnswerParser_AnswerParserUnorderedList__P_1FW\">\n<li class=\"AnswerParser_ListItem__XqLOV\" translate=\"yes\"><strong>Opakowanie produktu<\/strong>:Ulepsz opakowanie produktu dzi\u0119ki technologii NFC, umo\u017cliwiaj\u0105c klientom dost\u0119p do szczeg\u00f3\u0142owych informacji lub ofert promocyjnych poprzez proste dotkni\u0119cie smartfonem.<\/li>\n<li class=\"AnswerParser_ListItem__XqLOV\" translate=\"yes\"><strong>Zarz\u0105dzanie aktywami<\/strong>:Firmy mog\u0105 u\u017cywa\u0107 naklejek NFC do \u015bledzenia i zarz\u0105dzania zasobami, co u\u0142atwia monitorowanie zapas\u00f3w i ograniczanie strat.<\/li>\n<li class=\"AnswerParser_ListItem__XqLOV\" translate=\"yes\"><strong>Marketing i Promocje<\/strong>: Anga\u017cuj klient\u00f3w za pomoc\u0105 interaktywnych kampanii marketingowych, kt\u00f3re wykorzystuj\u0105 naklejki NFC, zapewniaj\u0105c im natychmiastowy dost\u0119p do tre\u015bci lub nagr\u00f3d.<\/li>\n<\/ul>\n<p><span class=\"AnswerParser_TextContainer__z_Iiv\" data-testid=\"youchat-text\">Aplikacje te pokazuj\u0105 wszechstronno\u015b\u0107 i skuteczno\u015b\u0107 naklejek NFC na metalu, poprawiaj\u0105c komfort u\u017cytkowania i wydajno\u015b\u0107 operacyjn\u0105.<\/span><\/p>\n<h2 class=\"AnswerParser_AnswerParserH2__SIHnF\">Instrukcje instalacji i u\u017cytkowania<\/h2>\n<p><span class=\"AnswerParser_TextContainer__z_Iiv\" data-testid=\"youchat-text\">Monta\u017c naklejek NFC na metalu jest prosty i przejrzysty:<\/span><\/p>\n<ol class=\"AnswerParser_AnswerParserOrderedList__kl_2Y\">\n<li class=\"AnswerParser_ListItem__XqLOV\" translate=\"yes\"><strong>Wyczy\u015b\u0107 powierzchni\u0119<\/strong>: Aby zapewni\u0107 optymaln\u0105 przyczepno\u015b\u0107, przed na\u0142o\u017ceniem preparatu nale\u017cy upewni\u0107 si\u0119, \u017ce powierzchnia metalu jest czysta i sucha.<\/li>\n<li class=\"AnswerParser_ListItem__XqLOV\" translate=\"yes\"><strong>Obierz i przyklej<\/strong>:Ostro\u017cnie odklej foli\u0119 zabezpieczaj\u0105c\u0105 naklejk\u0119 i mocno doci\u015bnij j\u0105 do wybranej powierzchni.<\/li>\n<li class=\"AnswerParser_ListItem__XqLOV\" translate=\"yes\"><strong>Przetestuj funkcjonalno\u015b\u0107 NFC<\/strong>: U\u017cyj urz\u0105dzenia obs\u0142uguj\u0105cego technologi\u0119 NFC, aby przetestowa\u0107 naklejk\u0119 i upewni\u0107 si\u0119, \u017ce dzia\u0142a ona prawid\u0142owo.<\/li>\n<\/ol>\n<p><span class=\"AnswerParser_TextContainer__z_Iiv\" data-testid=\"youchat-text\">Post\u0119puj\u0105c zgodnie z tymi wskaz\u00f3wkami, u\u017cytkownicy b\u0119d\u0105 mogli skutecznie wykorzystywa\u0107 naklejki NFC na metalu zgodnie z ich przeznaczeniem.<\/span><\/p>\n<h2 class=\"AnswerParser_AnswerParserH2__SIHnF\">Funkcje bezpiecze\u0144stwa naklejek NFC<\/h2>\n<p><span class=\"AnswerParser_TextContainer__z_Iiv\" data-testid=\"youchat-text\">Bezpiecze\u0144stwo jest krytycznym czynnikiem przy korzystaniu z technologii NFC. Naklejki NFC na metalu s\u0105 wyposa\u017cone w kilka funkcji zwi\u0119kszaj\u0105cych bezpiecze\u0144stwo:<\/span><\/p>\n<ul class=\"AnswerParser_AnswerParserUnorderedList__P_1FW\">\n<li class=\"AnswerParser_ListItem__XqLOV\" translate=\"yes\"><strong>Szyfrowanie danych<\/strong>:Wiele uk\u0142ad\u00f3w NFC obs\u0142uguje szyfrowanie, co gwarantuje bezpiecze\u0144stwo danych przesy\u0142anych mi\u0119dzy naklejk\u0105 a czytnikiem.<\/li>\n<li class=\"AnswerParser_ListItem__XqLOV\" translate=\"yes\"><strong>Odporno\u015b\u0107 na manipulacje<\/strong>:Niekt\u00f3re naklejki s\u0105 tak zaprojektowane, \u017ce wida\u0107 na nich \u015blady ingerencji, je\u015bli kto\u015b pr\u00f3buje je usun\u0105\u0107 lub zmieni\u0107.<\/li>\n<li class=\"AnswerParser_ListItem__XqLOV\" translate=\"yes\"><strong>Ograniczony zasi\u0119g<\/strong>Kr\u00f3tki zasi\u0119g technologii NFC minimalizuje ryzyko nieautoryzowanego dost\u0119pu, poniewa\u017c urz\u0105dzenia musz\u0105 znajdowa\u0107 si\u0119 blisko siebie, aby mo\u017cna by\u0142o nawi\u0105za\u0107 interakcj\u0119.<\/li>\n<\/ul>\n<p><span class=\"AnswerParser_TextContainer__z_Iiv\" data-testid=\"youchat-text\">Te zabezpieczenia sprawiaj\u0105, \u017ce naklejki NFC naklejane na metal s\u0105 niezawodnym wyborem do r\u00f3\u017cnych zastosowa\u0144.<\/span><\/p>\n<h2 class=\"AnswerParser_AnswerParserH2__SIHnF\">Wp\u0142yw na \u015brodowisko naklejek NFC na metalu<\/h2>\n<p><span class=\"AnswerParser_TextContainer__z_Iiv\" data-testid=\"youchat-text\">Produkcja i stosowanie naklejek NFC na metalu mo\u017ce mie\u0107 pozytywny wp\u0142yw na \u015brodowisko, je\u015bli jest zarz\u0105dzane w spos\u00f3b odpowiedzialny. Wielu producent\u00f3w produkuje obecnie\u00a0<strong>naklejki NFC nadaj\u0105ce si\u0119 do recyklingu<\/strong>, pomagaj\u0105c zmniejszy\u0107 ilo\u015b\u0107 odpad\u00f3w z tworzyw sztucznych. Ponadto, umo\u017cliwiaj\u0105c transakcje bezkontaktowe i udost\u0119pnianie informacji, technologia NFC mo\u017ce pom\u00f3c zmniejszy\u0107 zale\u017cno\u015b\u0107 od materia\u0142\u00f3w papierowych, przyczyniaj\u0105c si\u0119 do wysi\u0142k\u00f3w na rzecz zr\u00f3wnowa\u017conego rozwoju.<\/span><\/p>\n<h2 class=\"AnswerParser_AnswerParserH2__SIHnF\">Najcz\u0119\u015bciej zadawane pytania dotycz\u0105ce personalizowanych naklejek NFC na metalu<\/h2>\n<p><span class=\"AnswerParser_TextContainer__z_Iiv\" data-testid=\"youchat-text\"><strong>P: Czy naklejki NFC na metalu mo\u017cna ponownie wykorzysta\u0107?<\/strong><br \/>\nA: Chocia\u017c wi\u0119kszo\u015b\u0107 naklejek NFC na metal jest przeznaczona do jednorazowego u\u017cytku, niekt\u00f3re naklejki wielokrotnego u\u017cytku pozwalaj\u0105 na wielokrotne wykorzystanie, w zale\u017cno\u015bci od zastosowanego uk\u0142adu NFC.<\/span><\/p>\n<p><span class=\"AnswerParser_TextContainer__z_Iiv\" data-testid=\"youchat-text\"><strong>P: Jakie urz\u0105dzenia s\u0105 kompatybilne z naklejkami NFC na metalu?<\/strong><br \/>\nA: Naklejki NFC na metalu s\u0105 kompatybilne z wi\u0119kszo\u015bci\u0105 urz\u0105dze\u0144 obs\u0142uguj\u0105cych NFC, w tym smartfonami z systemem Android i iPhone&#039;ami.<\/span><\/p>\n<p><span class=\"AnswerParser_TextContainer__z_Iiv\" data-testid=\"youchat-text\"><strong>P: Czy te naklejki s\u0105 wodoodporne?<\/strong><br \/>\nO: Tak, naklejki NFC na metalu s\u0105 odporne na dzia\u0142anie wody, dzi\u0119ki czemu nadaj\u0105 si\u0119 do zastosowa\u0144 zar\u00f3wno wewn\u0105trz, jak i na zewn\u0105trz pomieszcze\u0144.<\/span><\/p>","protected":false},"excerpt":{"rendered":"<p>Naklejki NFC na metalu s\u0105 specjalnie zaprojektowane, aby przylega\u0107 do powierzchni metalowych, zapewniaj\u0105c jednocze\u015bnie optymaln\u0105 wydajno\u015b\u0107. W ka\u017cdej naklejce znajduje si\u0119 chip NFC, taki jak NTAG213 lub NTAG215.<\/p>","protected":false},"featured_media":2561,"template":"","meta":{"_kad_post_transparent":"default","_kad_post_title":"","_kad_post_layout":"default","_kad_post_sidebar_id":"","_kad_post_content_style":"default","_kad_post_vertical_padding":"default","_kad_post_feature":"","_kad_post_feature_position":"","_kad_post_header":false,"_kad_post_footer":false,"_kad_post_classname":""},"product_brand":[],"product_cat":[54],"product_tag":[288,286,287],"class_list":{"0":"post-2559","1":"product","2":"type-product","3":"status-publish","4":"has-post-thumbnail","6":"product_cat-hot-selling-rfid-tags","7":"product_tag-on-metal-nfc-label","8":"product_tag-on-metal-nfc-sticker","9":"product_tag-on-metal-nfc-tag","11":"first","12":"instock","13":"shipping-taxable","14":"product-type-simple","15":"entry","16":"content-bg","17":"loop-entry"},"_links":{"self":[{"href":"https:\/\/rfid-laundry-tag.com\/pl\/wp-json\/wp\/v2\/product\/2559","targetHints":{"allow":["GET"]}}],"collection":[{"href":"https:\/\/rfid-laundry-tag.com\/pl\/wp-json\/wp\/v2\/product"}],"about":[{"href":"https:\/\/rfid-laundry-tag.com\/pl\/wp-json\/wp\/v2\/types\/product"}],"version-history":[{"count":2,"href":"https:\/\/rfid-laundry-tag.com\/pl\/wp-json\/wp\/v2\/product\/2559\/revisions"}],"predecessor-version":[{"id":2566,"href":"https:\/\/rfid-laundry-tag.com\/pl\/wp-json\/wp\/v2\/product\/2559\/revisions\/2566"}],"wp:featuredmedia":[{"embeddable":true,"href":"https:\/\/rfid-laundry-tag.com\/pl\/wp-json\/wp\/v2\/media\/2561"}],"wp:attachment":[{"href":"https:\/\/rfid-laundry-tag.com\/pl\/wp-json\/wp\/v2\/media?parent=2559"}],"wp:term":[{"taxonomy":"product_brand","embeddable":true,"href":"https:\/\/rfid-laundry-tag.com\/pl\/wp-json\/wp\/v2\/product_brand?post=2559"},{"taxonomy":"product_cat","embeddable":true,"href":"https:\/\/rfid-laundry-tag.com\/pl\/wp-json\/wp\/v2\/product_cat?post=2559"},{"taxonomy":"product_tag","embeddable":true,"href":"https:\/\/rfid-laundry-tag.com\/pl\/wp-json\/wp\/v2\/product_tag?post=2559"}],"curies":[{"name":"wp","href":"https:\/\/api.w.org\/{rel}","templated":true}]}}