{"id":2543,"date":"2024-09-15T11:34:50","date_gmt":"2024-09-15T11:34:50","guid":{"rendered":"https:\/\/rfid-laundry-tag.com\/?post_type=product&#038;p=2543"},"modified":"2024-09-15T11:53:19","modified_gmt":"2024-09-15T11:53:19","slug":"uhf-rfid-sticker-for-car","status":"publish","type":"product","link":"https:\/\/rfid-laundry-tag.com\/pl\/uhf-rfid-sticker-for-car\/","title":{"rendered":"Naklejka UHF RFID na samoch\u00f3d"},"content":{"rendered":"<div data-elementor-type=\"product-post\" data-elementor-id=\"2543\" class=\"elementor elementor-2543\" data-elementor-settings=\"{&quot;ha_cmc_init_switcher&quot;:&quot;no&quot;}\" data-elementor-post-type=\"product\">\n\t\t\t\t<div class=\"elementor-element elementor-element-71a1224 e-flex e-con-boxed e-con e-parent\" data-id=\"71a1224\" data-element_type=\"container\" data-e-type=\"container\" data-settings=\"{&quot;_ha_eqh_enable&quot;:false}\">\n\t\t\t\t\t<div class=\"e-con-inner\">\n\t\t\t\t<div class=\"elementor-element elementor-element-7f470072 elementor-widget elementor-widget-text-editor\" data-id=\"7f470072\" data-element_type=\"widget\" data-e-type=\"widget\" data-widget_type=\"text-editor.default\">\n\t\t\t\t<div class=\"elementor-widget-container\">\n\t\t\t\t\t\t\t\t\t<h2 class=\"AnswerParser_AnswerParserH2__SIHnF\"><span style=\"color: #000000;\">Czym s\u0105 naklejki UHF RFID?<\/span><\/h2><p><span style=\"color: #000000;\"><span class=\"AnswerParser_TextContainer__z_Iiv\" data-testid=\"youchat-text\"><strong>Naklejki UHF RFID<\/strong>\u00a0to specjalistyczne etykiety przeznaczone do identyfikacji i \u015bledzenia pojazd\u00f3w. Naklejki te zawieraj\u0105 znacznik UHF RFID, kt\u00f3ry dzia\u0142a w zakresie cz\u0119stotliwo\u015bci\u00a0<strong>860-960MHz<\/strong>, umo\u017cliwiaj\u0105c komunikacj\u0119 dalekiego zasi\u0119gu z czytnikami RFID. Naklejki s\u0105 zazwyczaj wykonane z trwa\u0142ego kleju, dzi\u0119ki czemu mo\u017cna je \u0142atwo nak\u0142ada\u0107 na r\u00f3\u017cne powierzchnie, w tym szyby przednie i tablice rejestracyjne.<\/span><span class=\"AnswerParser_TextContainer__z_Iiv\" data-testid=\"youchat-text\">Naklejki RFID s\u0105 zaprojektowane tak, aby wytrzyma\u0107 czynniki \u015brodowiskowe, zapewniaj\u0105c niezawodn\u0105 wydajno\u015b\u0107 w r\u00f3\u017cnych warunkach. Ich kompaktowy rozmiar i lekka konstrukcja sprawiaj\u0105, \u017ce idealnie nadaj\u0105 si\u0119 do stosowania w pojazdach bez dodawania zb\u0119dnej obj\u0119to\u015bci.<\/span><\/span><\/p><h2 class=\"AnswerParser_AnswerParserH2__SIHnF\"><span style=\"color: #000000;\"><a href=\"https:\/\/rfid-laundry-tag.com\/pl\/hot-selling-rfid-tags\/page\/2\/\"><img fetchpriority=\"high\" decoding=\"async\" class=\"alignnone wp-image-2547 size-full\" src=\"https:\/\/rfid-laundry-tag.com\/wp-content\/uploads\/2024\/09\/OIP-C-4.jpg\" alt=\"\" width=\"474\" height=\"274\" srcset=\"https:\/\/rfid-laundry-tag.com\/wp-content\/uploads\/2024\/09\/OIP-C-4.jpg 474w, https:\/\/rfid-laundry-tag.com\/wp-content\/uploads\/2024\/09\/OIP-C-4-300x173.jpg 300w, https:\/\/rfid-laundry-tag.com\/wp-content\/uploads\/2024\/09\/OIP-C-4-18x10.jpg 18w\" sizes=\"(max-width: 474px) 100vw, 474px\" \/><\/a>Jak dzia\u0142aj\u0105 naklejki UHF RFID?<\/span><\/h2><p><span style=\"color: #000000;\"><span class=\"AnswerParser_TextContainer__z_Iiv\" data-testid=\"youchat-text\">Naklejki UHF RFID dzia\u0142aj\u0105 poprzez wykorzystanie technologii identyfikacji radiowej. Ka\u017cda naklejka zawiera unikalny identyfikator zapisany w znaczniku RFID. Gdy pojazd wyposa\u017cony w naklejk\u0119 przeje\u017cd\u017ca w zasi\u0119gu czytnika RFID, czytnik emituje fale radiowe, kt\u00f3re aktywuj\u0105 znacznik. Nast\u0119pnie znacznik przesy\u0142a sw\u00f3j unikalny identyfikator z powrotem do czytnika, umo\u017cliwiaj\u0105c automatyczn\u0105 identyfikacj\u0119 i \u015bledzenie pojazdu.<\/span><span class=\"AnswerParser_TextContainer__z_Iiv\" data-testid=\"youchat-text\">Proces ten umo\u017cliwia zbieranie i monitorowanie danych w czasie rzeczywistym, u\u0142atwiaj\u0105c firmom i osobom fizycznym efektywne zarz\u0105dzanie pojazdami. Mo\u017cliwo\u015bci technologii UHF RFID o du\u017cym zasi\u0119gu pozwalaj\u0105 na wykrywanie z odleg\u0142o\u015bci kilku metr\u00f3w, zwi\u0119kszaj\u0105c wygod\u0119 i u\u017cyteczno\u015b\u0107.<\/span><\/span><\/p><h2 class=\"AnswerParser_AnswerParserH2__SIHnF\"><span style=\"color: #000000;\">Korzy\u015bci ze stosowania naklejek UHF RFID na pojazdach<\/span><\/h2><p><span class=\"AnswerParser_TextContainer__z_Iiv\" style=\"color: #000000;\" data-testid=\"youchat-text\">Stosowanie naklejek UHF RFID na pojazdach zapewnia szereg korzy\u015bci:<\/span><\/p><ul class=\"AnswerParser_AnswerParserUnorderedList__P_1FW\"><li class=\"AnswerParser_ListItem__XqLOV\" translate=\"yes\"><span style=\"color: #000000;\"><strong>Ulepszone \u015bledzenie<\/strong>:Naklejki RFID umo\u017cliwiaj\u0105 dok\u0142adne \u015bledzenie pojazd\u00f3w w czasie rzeczywistym, dzi\u0119ki czemu \u0142atwiej jest kontrolowa\u0107 ich lokalizacj\u0119 i status.<\/span><\/li><li class=\"AnswerParser_ListItem__XqLOV\" translate=\"yes\"><span style=\"color: #000000;\"><strong>Ulepszona kontrola dost\u0119pu<\/strong>:Naklejki te mo\u017cna zintegrowa\u0107 z systemami kontroli dost\u0119pu, umo\u017cliwiaj\u0105c bezproblemowe wchodzenie do stref o ograniczonym dost\u0119pie, takich jak parkingi i osiedla strze\u017cone.<\/span><\/li><li class=\"AnswerParser_ListItem__XqLOV\" translate=\"yes\"><span style=\"color: #000000;\"><strong>Rozwi\u0105zanie ekonomiczne<\/strong>:Naklejki UHF RFID to ekonomiczny spos\u00f3b wdra\u017cania system\u00f3w \u015bledzenia i zarz\u0105dzania pojazdami, redukuj\u0105cy potrzeb\u0119 r\u0119cznych kontroli i zwi\u0119kszaj\u0105cy wydajno\u015b\u0107 operacyjn\u0105.<\/span><\/li><\/ul><p><span class=\"AnswerParser_TextContainer__z_Iiv\" style=\"color: #000000;\" data-testid=\"youchat-text\">Dzi\u0119ki tym korzy\u015bciom naklejki UHF RFID stanowi\u0105 m\u0105dr\u0105 inwestycj\u0119 dla firm i os\u00f3b pragn\u0105cych usprawni\u0107 procesy zarz\u0105dzania pojazdami.<\/span><\/p><p><a href=\"https:\/\/rfid-laundry-tag.com\/pl\/hot-selling-rfid-tags\/page\/2\/\"><img decoding=\"async\" class=\"alignnone size-full wp-image-2549\" src=\"https:\/\/rfid-laundry-tag.com\/wp-content\/uploads\/2024\/09\/uhf-rfid-windshield-sticker-tagS.jpg\" alt=\"UHF RFID Stickers for Cars\" width=\"1000\" height=\"437\" srcset=\"https:\/\/rfid-laundry-tag.com\/wp-content\/uploads\/2024\/09\/uhf-rfid-windshield-sticker-tagS.jpg 1000w, https:\/\/rfid-laundry-tag.com\/wp-content\/uploads\/2024\/09\/uhf-rfid-windshield-sticker-tagS-300x131.jpg 300w, https:\/\/rfid-laundry-tag.com\/wp-content\/uploads\/2024\/09\/uhf-rfid-windshield-sticker-tagS-768x336.jpg 768w, https:\/\/rfid-laundry-tag.com\/wp-content\/uploads\/2024\/09\/uhf-rfid-windshield-sticker-tagS-18x8.jpg 18w, https:\/\/rfid-laundry-tag.com\/wp-content\/uploads\/2024\/09\/uhf-rfid-windshield-sticker-tagS-600x262.jpg 600w\" sizes=\"(max-width: 1000px) 100vw, 1000px\" \/><\/a><\/p><h2 class=\"AnswerParser_AnswerParserH2__SIHnF\"><span style=\"color: #000000;\">Zastosowania naklejek UHF RFID w zarz\u0105dzaniu pojazdami<\/span><\/h2><p><span class=\"AnswerParser_TextContainer__z_Iiv\" style=\"color: #000000;\" data-testid=\"youchat-text\">Naklejki UHF RFID maj\u0105 szeroki zakres zastosowa\u0144 w zarz\u0105dzaniu pojazdami, w tym:<\/span><\/p><ul class=\"AnswerParser_AnswerParserUnorderedList__P_1FW\"><li class=\"AnswerParser_ListItem__XqLOV\" translate=\"yes\"><span style=\"color: #000000;\"><strong>Zarz\u0105dzanie flot\u0105<\/strong>:Firmy mog\u0105 u\u017cywa\u0107 naklejek RFID do \u015bledzenia pojazd\u00f3w flotowych, monitorowania ich wykorzystania i optymalizacji tras w celu zwi\u0119kszenia efektywno\u015bci.<\/span><\/li><li class=\"AnswerParser_ListItem__XqLOV\" translate=\"yes\"><span style=\"color: #000000;\"><strong>Kontrola dost\u0119pu do parkingu<\/strong>:Naklejki RFID mo\u017cna stosowa\u0107 w automatycznych systemach parkingowych, umo\u017cliwiaj\u0105c wjazd i wyjazd pojazd\u00f3w bez konieczno\u015bci posiadania fizycznych bilet\u00f3w lub przepustek.<\/span><\/li><li class=\"AnswerParser_ListItem__XqLOV\" translate=\"yes\"><span style=\"color: #000000;\"><strong>Zarz\u0105dzanie zapasami<\/strong>:W magazynach i logistyce naklejki RFID pomagaj\u0105 \u015bledzi\u0107 pojazdy i zasoby, zapewniaj\u0105c dok\u0142adne rejestry zapas\u00f3w i ograniczaj\u0105c straty.<\/span><\/li><\/ul><p><span class=\"AnswerParser_TextContainer__z_Iiv\" style=\"color: #000000;\" data-testid=\"youchat-text\">Aplikacje te pokazuj\u0105 wszechstronno\u015b\u0107 i skuteczno\u015b\u0107 naklejek UHF RFID w r\u00f3\u017cnych scenariuszach zarz\u0105dzania pojazdami.<\/span><\/p><h2 class=\"AnswerParser_AnswerParserH2__SIHnF\"><span style=\"color: #000000;\">Dane techniczne naklejek UHF RFID<\/span><\/h2><div class=\"AnswerParser_TableContainer__Erb6v\" data-testid=\"table-container\"><table><thead><tr><th style=\"text-align: left;\"><span style=\"color: #000000;\">Funkcja<\/span><\/th><th style=\"text-align: left;\"><span style=\"color: #000000;\">Specyfikacja<\/span><\/th><\/tr><\/thead><tbody><tr><td style=\"text-align: left;\"><span style=\"color: #000000;\">Cz\u0119stotliwo\u015b\u0107<\/span><\/td><td style=\"text-align: left;\"><span style=\"color: #000000;\">860-960MHz<\/span><\/td><\/tr><tr><td><span style=\"color: #000000;\">Frytki<\/span><\/td><td><span style=\"color: #000000;\">Kod U 9, Alien H3, Alien 9 itp.<\/span><\/td><\/tr><tr><td><span style=\"color: #000000;\">Spoiwo<\/span><\/td><td><span style=\"color: #000000;\">Trwa\u0142y, odporny na warunki atmosferyczne<\/span><\/td><\/tr><tr><td><span style=\"color: #000000;\">Zakres odczytu<\/span><\/td><td><span style=\"color: #000000;\">Do kilku metr\u00f3w<\/span><\/td><\/tr><tr><td><span style=\"color: #000000;\">Zgodno\u015b\u0107<\/span><\/td><td><span style=\"color: #000000;\">Wsp\u00f3\u0142pracuje z czytnikami UHF RFID<\/span><\/td><\/tr><tr><td><span style=\"color: #000000;\">Wymiary<\/span><\/td><td><span style=\"color: #000000;\">Dost\u0119pne rozmiary niestandardowe<\/span><\/td><\/tr><\/tbody><\/table><h2 class=\"AnswerParser_AnswerParserH2__SIHnF\"><span style=\"color: #000000;\">Wp\u0142yw na \u015brodowisko naklejek UHF RFID<\/span><\/h2><p><span class=\"AnswerParser_TextContainer__z_Iiv\" style=\"color: #000000;\" data-testid=\"youchat-text\">Naklejki UHF RFID s\u0105 projektowane z my\u015bl\u0105 o zr\u00f3wnowa\u017conym rozwoju. Materia\u0142y u\u017cywane do ich produkcji s\u0105 cz\u0119sto poddawane recyklingowi, a same naklejki s\u0105 trwa\u0142e, co zmniejsza potrzeb\u0119 cz\u0119stej wymiany. Wdra\u017caj\u0105c technologi\u0119 RFID, firmy mog\u0105 r\u00f3wnie\u017c zmniejszy\u0107 ilo\u015b\u0107 odpad\u00f3w papierowych zwi\u0105zanych z tradycyjnymi metodami \u015bledzenia pojazd\u00f3w, przyczyniaj\u0105c si\u0119 do bardziej zr\u00f3wnowa\u017conej dzia\u0142alno\u015bci.<\/span><\/p><h2 class=\"AnswerParser_AnswerParserH2__SIHnF\"><span style=\"color: #000000;\">Opinie i opinie klient\u00f3w<\/span><\/h2><p><span style=\"color: #000000;\"><span class=\"AnswerParser_TextContainer__z_Iiv\" data-testid=\"youchat-text\">Klienci, kt\u00f3rzy u\u017cyli naklejek UHF RFID do swoich pojazd\u00f3w, zg\u0142osili wysoki poziom zadowolenia. Wielu docenia \u0142atwo\u015b\u0107 instalacji i wygod\u0119 automatycznego \u015bledzenia. U\u017cytkownicy zauwa\u017cyli, \u017ce naklejki dobrze sprawdzaj\u0105 si\u0119 w r\u00f3\u017cnych warunkach pogodowych i zapewniaj\u0105 niezawodn\u0105 kontrol\u0119 dost\u0119pu do parking\u00f3w.<\/span><span class=\"AnswerParser_TextContainer__z_Iiv\" data-testid=\"youchat-text\">Pozytywne opinie podkre\u015blaj\u0105 skuteczno\u015b\u0107 naklejek UHF RFID w usprawnianiu proces\u00f3w zarz\u0105dzania pojazdami, co sprawia, \u017ce s\u0105 one popularnym wyborem zar\u00f3wno w\u015br\u00f3d firm, jak i os\u00f3b prywatnych.<\/span><\/span><\/p><h2 class=\"AnswerParser_AnswerParserH2__SIHnF\"><span style=\"color: #000000;\">Najcz\u0119\u015bciej zadawane pytania dotycz\u0105ce naklejek UHF RFID na samochody<\/span><\/h2><p><span style=\"color: #000000;\"><span class=\"AnswerParser_TextContainer__z_Iiv\" data-testid=\"youchat-text\"><strong>P: Czy naklejki UHF RFID mo\u017cna usun\u0105\u0107 i ponownie wykorzysta\u0107?<\/strong><br \/>A: Chocia\u017c naklejki UHF RFID s\u0105 zaprojektowane z my\u015bl\u0105 o trwa\u0142o\u015bci, s\u0105 one zazwyczaj przeznaczone do zastosowa\u0144 jednorazowych. Ich usuni\u0119cie mo\u017ce os\u0142abi\u0107 ich w\u0142a\u015bciwo\u015bci klej\u0105ce.\u00a0 \u00a0 \u00a0 \u00a0 \u00a0<\/span><\/span><\/p><p><span style=\"color: #000000;\"><span class=\"AnswerParser_TextContainer__z_Iiv\" data-testid=\"youchat-text\"><strong>P: Jak d\u0142ugo utrzymuj\u0105 si\u0119 naklejki UHF RFID?<\/strong><br \/>A: Przy prawid\u0142owej instalacji i piel\u0119gnacji naklejki UHF RFID mog\u0105 przetrwa\u0107 wiele lat, nawet w trudnych warunkach \u015brodowiskowych.\u00a0<\/span><\/span><\/p><p><span style=\"color: #000000;\"><span class=\"AnswerParser_TextContainer__z_Iiv\" data-testid=\"youchat-text\"> \u00a0<\/span><span class=\"AnswerParser_TextContainer__z_Iiv\" data-testid=\"youchat-text\"><strong>P: Czy naklejki UHF RFID s\u0105 wodoodporne?<\/strong><br \/>O: Tak, wi\u0119kszo\u015b\u0107 naklejek UHF RFID jest zaprojektowana tak, aby by\u0142y odporne na warunki atmosferyczne, dzi\u0119ki czemu nadaj\u0105 si\u0119 do stosowania na zewn\u0105trz.<\/span><\/span><\/p><\/div>\t\t\t\t\t\t\t\t<\/div>\n\t\t\t\t<\/div>\n\t\t\t\t\t<\/div>\n\t\t\t\t<\/div>\n\t\t\t\t<\/div>","protected":false},"excerpt":{"rendered":"<p>Naklejki UHF RFID zapewniaj\u0105 niezawodn\u0105 identyfikacj\u0119 pojazd\u00f3w na potrzeby kontroli dost\u0119pu i zarz\u0105dzania zapasami, usprawniaj\u0105c nadz\u00f3r nad flot\u0105 i wydajno\u015b\u0107 parkowania.<\/p>","protected":false},"featured_media":2544,"template":"","meta":{"_kad_post_transparent":"default","_kad_post_title":"","_kad_post_layout":"default","_kad_post_sidebar_id":"","_kad_post_content_style":"default","_kad_post_vertical_padding":"default","_kad_post_feature":"","_kad_post_feature_position":"","_kad_post_header":false,"_kad_post_footer":false,"_kad_post_classname":""},"product_brand":[],"product_cat":[54],"product_tag":[100,285,284],"class_list":{"0":"post-2543","1":"product","2":"type-product","3":"status-publish","4":"has-post-thumbnail","6":"product_cat-hot-selling-rfid-tags","7":"product_tag-rfid-label","8":"product_tag-rfid-tag","9":"product_tag-uhf-rfid-sticker","11":"first","12":"instock","13":"shipping-taxable","14":"product-type-simple","15":"entry","16":"content-bg","17":"loop-entry"},"_links":{"self":[{"href":"https:\/\/rfid-laundry-tag.com\/pl\/wp-json\/wp\/v2\/product\/2543","targetHints":{"allow":["GET"]}}],"collection":[{"href":"https:\/\/rfid-laundry-tag.com\/pl\/wp-json\/wp\/v2\/product"}],"about":[{"href":"https:\/\/rfid-laundry-tag.com\/pl\/wp-json\/wp\/v2\/types\/product"}],"version-history":[{"count":5,"href":"https:\/\/rfid-laundry-tag.com\/pl\/wp-json\/wp\/v2\/product\/2543\/revisions"}],"predecessor-version":[{"id":2558,"href":"https:\/\/rfid-laundry-tag.com\/pl\/wp-json\/wp\/v2\/product\/2543\/revisions\/2558"}],"wp:featuredmedia":[{"embeddable":true,"href":"https:\/\/rfid-laundry-tag.com\/pl\/wp-json\/wp\/v2\/media\/2544"}],"wp:attachment":[{"href":"https:\/\/rfid-laundry-tag.com\/pl\/wp-json\/wp\/v2\/media?parent=2543"}],"wp:term":[{"taxonomy":"product_brand","embeddable":true,"href":"https:\/\/rfid-laundry-tag.com\/pl\/wp-json\/wp\/v2\/product_brand?post=2543"},{"taxonomy":"product_cat","embeddable":true,"href":"https:\/\/rfid-laundry-tag.com\/pl\/wp-json\/wp\/v2\/product_cat?post=2543"},{"taxonomy":"product_tag","embeddable":true,"href":"https:\/\/rfid-laundry-tag.com\/pl\/wp-json\/wp\/v2\/product_tag?post=2543"}],"curies":[{"name":"wp","href":"https:\/\/api.w.org\/{rel}","templated":true}]}}