{"id":204,"date":"2024-06-18T09:26:05","date_gmt":"2024-06-18T09:26:05","guid":{"rendered":"https:\/\/rfid-laundry-tag.com\/?post_type=product&#038;p=204"},"modified":"2024-09-26T03:20:13","modified_gmt":"2024-09-26T03:20:13","slug":"textile-fabric-rfid-laundry-tags","status":"publish","type":"product","link":"https:\/\/rfid-laundry-tag.com\/pl\/textile-fabric-rfid-laundry-tags\/","title":{"rendered":"Tagi do prania RFID na tkaninie tekstylnej"},"content":{"rendered":"<div>\n<div class=\"auto-hide-last-sibling-br paragraph_1252f paragraph-element\">\n<table width=\"637\">\n<tbody>\n<tr>\n<td width=\"328\">Nazwa przedmiotu:<\/td>\n<td width=\"309\"><strong>Tagi do prania RFID na tkaninie tekstylnej<\/strong><\/td>\n<\/tr>\n<tr>\n<td width=\"328\">Norma RFID:<\/td>\n<td width=\"309\">ISO\/IEC 18000-6 Typ C (EPC Gen2)<\/td>\n<\/tr>\n<tr>\n<td width=\"328\">Rozmiar i waga:<\/td>\n<td width=\"309\">70\u00d715 mm, 0,6 g<\/td>\n<\/tr>\n<tr>\n<td width=\"328\">Typ uk\u0142adu scalonego:<\/td>\n<td width=\"309\">Impinj Monza 4QT, NXP U KOD 8, NXP U KOD 9<\/td>\n<\/tr>\n<tr>\n<td width=\"328\">Pami\u0119\u0107 EPC:<\/td>\n<td width=\"309\">128 bit\u00f3w<\/td>\n<\/tr>\n<tr>\n<td width=\"328\">Pami\u0119\u0107 u\u017cytkownika:<\/td>\n<td width=\"309\">512 bit\u00f3w<\/td>\n<\/tr>\n<tr>\n<td width=\"328\">Zakres odczytu (2W ERP FCC):<\/td>\n<td width=\"309\">8m<\/td>\n<\/tr>\n<tr>\n<td width=\"328\">Zakres odczytu (2W ERP ETSI):<\/td>\n<td width=\"309\">8m<\/td>\n<\/tr>\n<tr>\n<td width=\"328\">Tagowanie:<\/td>\n<td width=\"309\">Szycie, Klej do t\u0142oczenia na gor\u0105co<\/td>\n<\/tr>\n<tr>\n<td width=\"328\">Szacowany czas \u017cycia:<\/td>\n<td width=\"309\">200 cykli prania lub 3 lata, w zale\u017cno\u015bci od tego, co nast\u0105pi pierwsze<\/td>\n<\/tr>\n<tr>\n<td width=\"328\">Metoda prania:<\/td>\n<td width=\"309\">Pralnia, czyszczenie chemiczne<\/td>\n<\/tr>\n<tr>\n<td width=\"328\">Ci\u015bnienie ekstrakcji wody:<\/td>\n<td width=\"309\">60 bar<\/td>\n<\/tr>\n<tr>\n<td width=\"328\">Wodoodporno\u015b\u0107:<\/td>\n<td width=\"309\">Wodoodporny<\/td>\n<\/tr>\n<tr>\n<td width=\"328\">Odporno\u015b\u0107 chemiczna:<\/td>\n<td width=\"309\">Detergent, zmi\u0119kczacz, wybielacz (tlen\/chlor), alkalia<\/td>\n<\/tr>\n<tr>\n<td width=\"328\">Wst\u0119pne suszenie w suszarce b\u0119bnowej:<\/td>\n<td width=\"309\">125 \u00baC przez 15-20 minut<\/td>\n<\/tr>\n<tr>\n<td width=\"328\">Temperatura sterylizacji:<\/td>\n<td width=\"309\">135\u00b0C przez 15-20 minut<\/td>\n<\/tr>\n<tr>\n<td width=\"328\">Temperatura prania:<\/td>\n<td width=\"309\">90\u00b0C, do 15 min.<\/td>\n<\/tr>\n<tr>\n<td width=\"328\">Wilgotno\u015b\u0107\/Temperatura - praca:<\/td>\n<td width=\"309\">-20 do 110\u00b0C, 8 do 95%RH<\/td>\n<\/tr>\n<tr>\n<td width=\"328\">Wilgotno\u015b\u0107\/Temperatura-Przechowywanie:<\/td>\n<td width=\"309\">-40 do 110\u00b0C, 8 do 95%RH<\/td>\n<\/tr>\n<\/tbody>\n<\/table>\n<\/div>\n<div class=\"auto-hide-last-sibling-br paragraph_1252f paragraph-element\"><\/div>\n<\/div>\n<div data-spm-anchor-id=\"a2700.details.0.i57.23b419c7xXORP0\">\n<div class=\"auto-hide-last-sibling-br paragraph_1252f paragraph-element\">\n<h2>Cechy tekstylnych etykiet pralniczych RFID<\/h2>\n<h3>1. Trwa\u0142e i zmywalne<\/h3>\n<p>Nasz\u00a0<strong>zmywalne znaczniki RFID<\/strong>\u00a0s\u0105 starannie zaprojektowane, aby wytrzyma\u0107 trudne warunki prania. Mog\u0105 wytrzyma\u0107 do\u00a0<strong>200 cykli prania<\/strong>, wytrzymuj\u0105ce wysokie temperatury podczas prania i suszenia. Trwa\u0142e materia\u0142y i technologia, z kt\u00f3rych s\u0105 wykonane, zapewniaj\u0105, \u017ce te\u00a0<strong>metki mo\u017cna przyszy\u0107<\/strong>\u00a0do r\u00f3\u017cnych przedmiot\u00f3w, w tym po\u015bcieli i odzie\u017cy, bez nara\u017cania ich integralno\u015bci. Niezale\u017cnie od tego, czy jest to pranie na gor\u0105co w\u00a0<strong>90\u00b0C<\/strong>\u00a0lub sterylizacji w\u00a0<strong>135\u00b0C<\/strong>, te metki s\u0105 wykonane tak, aby wytrzyma\u0107 wymagania prania przemys\u0142owego.<\/p>\n<h3>2. Bezproblemowa integracja z systemami RFID<\/h3>\n<p>Ten\u00a0<strong>Technologia RFID UHF<\/strong>\u00a0osadzony w etykietach pralniczych umo\u017cliwia bezproblemow\u0105 integracj\u0119 z istniej\u0105cymi systemami zarz\u0105dzania pralni\u0105. Niezale\u017cnie od tego, czy korzystasz\u00a0<strong>Czytniki RFID<\/strong>\u00a0do automatycznego \u015bledzenia lub w\u0142\u0105czania ich do bardziej rozbudowanego\u00a0<strong>zarz\u0105dzanie zapasami<\/strong>\u00a0system, te znaczniki zapewniaj\u0105 niezb\u0119dn\u0105 kompatybilno\u015b\u0107 potrzebn\u0105 do usprawnienia operacji. Niezawodny zasi\u0119g odczytu do\u00a0<strong>8 metr\u00f3w<\/strong>\u00a0zapewnia dok\u0142adne \u015bledzenie, dzi\u0119ki czemu masz pod kontrol\u0105 zapasy prania.<\/p>\n<h3>3. Ulepszone mo\u017cliwo\u015bci \u015bledzenia i zarz\u0105dzania<\/h3>\n<p>Z\u00a0<strong>Tagi pralnicze RFID<\/strong>mo\u017cesz \u015bledzi\u0107 ka\u017cdy element prania na ka\u017cdym etapie\u00a0<strong>proces prania<\/strong>. Efektywna identyfikacja i \u015bledzenie zapas\u00f3w prowadzi do praktycznych spostrze\u017ce\u0144, poprawiaj\u0105c og\u00f3ln\u0105 kontrol\u0119 zapas\u00f3w. Mo\u017cesz \u015bledzi\u0107 ruch ka\u017cdego\u00a0<strong>przedmiot tekstylny<\/strong>, zapewniaj\u0105c, \u017ce zostan\u0105 one niezw\u0142ocznie zwr\u00f3cone w\u0142a\u015bciwym osobom lub lokalizacjom. Ta widoczno\u015b\u0107 jest kluczowa dla utrzymania zadowolenia klienta w takich bran\u017cach jak hotelarstwo i opieka zdrowotna.<\/p>\n<h3>4. Solidna odporno\u015b\u0107 chemiczna<\/h3>\n<p>Nasz\u00a0<strong>metki do prania tkanin<\/strong>\u00a0s\u0105 zaprojektowane tak, aby tolerowa\u0107 r\u00f3\u017cne \u015brodki chemiczne, kt\u00f3re s\u0105 zwykle stosowane w pralniach przemys\u0142owych. Mog\u0105 by\u0107 odporne na detergenty, zmi\u0119kczacze i wybielacze, w tym zar\u00f3wno tlenowe, jak i chlorowe. Ta odporno\u015b\u0107 chemiczna wyd\u0142u\u017ca \u017cywotno\u015b\u0107 metek i zapewnia niezawodn\u0105 wydajno\u015b\u0107, nawet w najtrudniejszych warunkach prania.<\/p>\n<h3>5. Wiele opcji tagowania<\/h3>\n<p>Tekstylne etykiety pralnicze RFID oferuj\u0105 wszechstronno\u015b\u0107\u00a0<strong>opcje tagowania<\/strong>Klienci mog\u0105 wybiera\u0107 pomi\u0119dzy\u00a0<strong>szycie<\/strong>\u00a0metki bezpo\u015brednio do ubra\u0144 lub za pomoc\u0105\u00a0<strong>klej do t\u0142oczenia na gor\u0105co<\/strong>\u00a0dla bezpiecznego mocowania. Ta adaptowalno\u015b\u0107 pozwala na \u0142atw\u0105 integracj\u0119 z istniej\u0105cymi tekstyliami bez zak\u0142\u00f3cania ich funkcji lub wygl\u0105du.<\/p>\n<h3 class=\"wp-block-heading\">Monta\u017c tekstylnych etykiet pralniczych RFID<\/h3>\n<p><strong>Oznaczanie \u015bcieg\u00f3w<\/strong>: Do przyszycia do brzegu materia\u0142u tekstylnego. Przyszyj metk\u0119 do prania od linii sk\u0142adania.<br \/>\n<strong>Zgrzewanie<\/strong>: Nale\u017cy zgrzewa\u0107 bezpo\u015brednio na materiale tekstylnym w temperaturze +200\u00b0C (392\u00b0F) przez 12~14 sekund.<br \/>\n<strong>W woreczku<\/strong>: Do przyszycia jak standardowa metka piel\u0119gnacyjna. Przyszyj metk\u0119 do prania od linii sk\u0142adania.<\/p>\n<h2>Korzy\u015bci z zarz\u0105dzania pralni\u0105 RFID<\/h2>\n<h3>Zwi\u0119kszona wydajno\u015b\u0107 operacyjna<\/h3>\n<p>W\u0142\u0105czanie\u00a0<strong>Tagi RFID<\/strong>\u00a0do twojego\u00a0<strong>zarz\u0105dzanie pralni\u0105<\/strong>\u00a0procesy znacznie poprawiaj\u0105 wydajno\u015b\u0107 operacyjn\u0105. Zautomatyzowane systemy \u015bledzenia eliminuj\u0105 potrzeb\u0119 pracoch\u0142onnych proces\u00f3w r\u0119cznych, redukuj\u0105c czas pracy personelu i koszty zwi\u0105zane ze \u015bledzeniem pozycji. Pozwala to pracownikom skupi\u0107 si\u0119 na podstawowych zadaniach, kt\u00f3re dodaj\u0105 warto\u015bci firmie, zwi\u0119kszaj\u0105c og\u00f3ln\u0105 produktywno\u015b\u0107.<\/p>\n<h3>Doskona\u0142e \u015bledzenie aktyw\u00f3w<\/h3>\n<p>Dzi\u0119ki technologii RFID mo\u017cesz \u015bledzi\u0107 ka\u017cdy element prania przez ca\u0142y cykl jego \u017cycia, od pocz\u0105tkowego przetwarzania do zwrotu do serwisu. Ta doskona\u0142a funkcja \u015bledzenia zasob\u00f3w pomaga zapobiega\u0107 stratom i zapewnia, \u017ce wszystkie elementy s\u0105 uwzgl\u0119dnione, co jest szczeg\u00f3lnie wa\u017cne w \u015brodowiskach o du\u017cej obj\u0119to\u015bci, takich jak szpitale i hotele.<\/p>\n<h3>Zgodno\u015b\u0107 ze standardami bran\u017cowymi<\/h3>\n<p>Tagi pralnicze RFID s\u0105 zaprojektowane tak, aby spe\u0142nia\u0107 rygorystyczne standardy bran\u017cowe dotycz\u0105ce trwa\u0142o\u015bci i wydajno\u015bci. Ich solidna konstrukcja nadaje si\u0119 do \u015brodowisk o du\u017cym zapotrzebowaniu, co czyni je idealnymi do zastosowa\u0144 komercyjnych. Wybieraj\u0105c nasze tekstylne tagi RFID, dostosowujesz swoje dzia\u0142ania pralnicze do wiod\u0105cych praktyk, zapewniaj\u0105c, \u017ce Twoja firma pozostanie konkurencyjna.<\/p>\n<hr \/>\n<h2>Opinie klient\u00f3w<\/h2>\n<blockquote><p>\u201eZnacznie zredukowali\u015bmy liczb\u0119 zgubionych po\u015bcieli odk\u0105d wdro\u017cyli\u015bmy etykiety pralnicze RFID. System \u015bledzenia zmieni\u0142 nasze zarz\u0105dzanie pralni\u0105!\u201d \u2014\u00a0<em>Mary T., kierownik obiektu<\/em><\/p><\/blockquote>\n<blockquote><p>\u201eTagi RFID nie tylko s\u0105 wytrzyma\u0142e podczas prania, ale tak\u017ce znacznie skr\u00f3ci\u0142y czas realizacji zam\u00f3wie\u0144\u201d. \u2014\u00a0<em>John D., Dyrektor Operacyjny<\/em><\/p><\/blockquote>\n<hr \/>\n<h2>Cz\u0119sto zadawane pytania (FAQ)<\/h2>\n<p><strong>P: Jak d\u0142ugo mog\u0105 przetrwa\u0107 etykiety RFID do prania?<\/strong><br \/>\nA: Nasz\u00a0<strong>Tagi pralnicze RFID<\/strong>\u00a0maj\u0105 szacowany okres \u017cycia\u00a0<strong>200 cykli prania lub 3 lata<\/strong>, w zale\u017cno\u015bci od warunk\u00f3w u\u017cytkowania.<\/p>\n<p><strong>P: Czy te znaczniki s\u0105 odporne na wysokie temperatury?<\/strong><br \/>\nA: Tak, te metki s\u0105 zaprojektowane tak, aby wytrzyma\u0107 temperatur\u0119 prania do\u00a0<strong>90\u00b0C<\/strong>, sterylizacja w\u00a0<strong>135\u00b0C<\/strong>i wst\u0119pnego suszenia, dzi\u0119ki czemu doskonale nadaj\u0105 si\u0119 do pralni przemys\u0142owych.<\/p>\n<p><strong>P: Czy tagi s\u0105 odporne na dzia\u0142anie chemikali\u00f3w?<\/strong><br \/>\nA: Oczywi\u015bcie. Te metki s\u0105 odporne na typowe \u015brodki pior\u0105ce, w tym detergenty, zmi\u0119kczacze i wybielacze.<\/p>\n<h3>Wniosek<\/h3>\n<div class=\"auto-hide-last-sibling-br paragraph_1252f paragraph-element\"><strong>Tagi do prania RFID na tkaninie tekstylnej<\/strong> to specjalnie zaprojektowane znaczniki RFID przeznaczone do tekstyli\u00f3w poddawanych rozbudowanym procesom prania przemys\u0142owego, obejmuj\u0105cym sterylizacj\u0119 i prasowanie.<\/div>\n<div class=\"auto-hide-last-sibling-br paragraph_1252f paragraph-element\">Te <strong>Tagi do prania RFID na tkaninie tekstylnej<\/strong> s\u0105 podstaw\u0105 skutecznej identyfikacji, \u015bledzenia i zarz\u0105dzania po\u015bciel\u0105 i tekstyliami. W przypadku przedsi\u0119biorstw, kt\u00f3re polegaj\u0105 na ci\u0105g\u0142ym obiegu czystych tekstyli\u00f3w, mundur\u00f3w, odzie\u017cy roboczej, odzie\u017cy medycznej lub \u015brodk\u00f3w czyszcz\u0105cych, te metki pralnicze mog\u0105 znacznie zwi\u0119kszy\u0107 wydajno\u015b\u0107 zautomatyzowanych system\u00f3w. U\u0142atwiaj\u0105 szybsze i dok\u0142adniejsze \u015bledzenie du\u017cej liczby pojedynczych przedmiot\u00f3w, zwi\u0119kszaj\u0105c tym samym kontrol\u0119 zapas\u00f3w i zmniejszaj\u0105c straty. Daje to znaczn\u0105 oszcz\u0119dno\u015b\u0107 czasu i koszt\u00f3w, a tak\u017ce zwi\u0119kszon\u0105 produktywno\u015b\u0107 w takich zak\u0142adach.<\/div>\n<\/div>\n<\/div>\n<div class=\"auto-hide-last-sibling-br paragraph_1252f paragraph-element\">\n<div class=\"auto-hide-last-sibling-br paragraph_1252f paragraph-element\"><strong>Tag tekstylny RFID<\/strong> do prania mundur\u00f3w i bielizny s\u0105 niezb\u0119dne w niezliczonej liczbie bran\u017c, co ma zasadnicze znaczenie dla efektywnego \u015bledzenia aktyw\u00f3w, zarz\u0105dzania zapasami i zwi\u0119kszania og\u00f3lnej wydajno\u015bci operacyjnej. Oto spojrzenie na ich zastosowanie w r\u00f3\u017cnych sektorach:<\/div>\n<div><\/div>\n<p>&nbsp;<\/p>\n<\/div>\n<div class=\"auto-hide-last-sibling-br paragraph_1252f paragraph-element\"><\/div>","protected":false},"excerpt":{"rendered":"<p>Tagi pralnicze RFID z tkaniny tekstylnej, wykonane w zaawansowanej technologii UHF (860-960 MHz), s\u0105 zgodne ze \u015bwiatowymi standardami, takimi jak EPC Class1 Gen2 i ISO 18000. Te etykiety pralnicze UHF z tkaniny tekstylnej oferuj\u0105 po\u0142\u0105czenie elastyczno\u015bci i wytrzyma\u0142o\u015bci, kt\u00f3re wytrzymuj\u0105 ponad 200 cykli prania i ci\u015bnienie do 60 bar\u00f3w. Wyj\u0105tkow\u0105 cech\u0105 etykiety pralniczej UHF RFID z tkaniny jest jej potencja\u0142 do umo\u017cliwienia masowego odczytu z odleg\u0142o\u015bci kilku metr\u00f3w, co stanowi wysoce wydajne narz\u0119dzie do zarz\u0105dzania praniem.<\/p>","protected":false},"featured_media":2675,"template":"","meta":{"_kad_post_transparent":"default","_kad_post_title":"","_kad_post_layout":"default","_kad_post_sidebar_id":"","_kad_post_content_style":"default","_kad_post_vertical_padding":"default","_kad_post_feature":"","_kad_post_feature_position":"","_kad_post_header":false,"_kad_post_footer":false,"_kad_post_classname":""},"product_brand":[],"product_cat":[19],"product_tag":[297,31,65,30],"class_list":{"0":"post-204","1":"product","2":"type-product","3":"status-publish","4":"has-post-thumbnail","6":"product_cat-textile-rfid-laundry-tag","7":"product_tag-rfid-chips-for-uniform","8":"product_tag-rfid-tag-for-linen-laundry","9":"product_tag-textile-rfid-laundry-tags","10":"product_tag-uhf-rfid-laundry-tag","12":"first","13":"instock","14":"featured","15":"shipping-taxable","16":"product-type-simple","17":"entry","18":"content-bg","19":"loop-entry"},"_links":{"self":[{"href":"https:\/\/rfid-laundry-tag.com\/pl\/wp-json\/wp\/v2\/product\/204","targetHints":{"allow":["GET"]}}],"collection":[{"href":"https:\/\/rfid-laundry-tag.com\/pl\/wp-json\/wp\/v2\/product"}],"about":[{"href":"https:\/\/rfid-laundry-tag.com\/pl\/wp-json\/wp\/v2\/types\/product"}],"version-history":[{"count":3,"href":"https:\/\/rfid-laundry-tag.com\/pl\/wp-json\/wp\/v2\/product\/204\/revisions"}],"predecessor-version":[{"id":2678,"href":"https:\/\/rfid-laundry-tag.com\/pl\/wp-json\/wp\/v2\/product\/204\/revisions\/2678"}],"wp:featuredmedia":[{"embeddable":true,"href":"https:\/\/rfid-laundry-tag.com\/pl\/wp-json\/wp\/v2\/media\/2675"}],"wp:attachment":[{"href":"https:\/\/rfid-laundry-tag.com\/pl\/wp-json\/wp\/v2\/media?parent=204"}],"wp:term":[{"taxonomy":"product_brand","embeddable":true,"href":"https:\/\/rfid-laundry-tag.com\/pl\/wp-json\/wp\/v2\/product_brand?post=204"},{"taxonomy":"product_cat","embeddable":true,"href":"https:\/\/rfid-laundry-tag.com\/pl\/wp-json\/wp\/v2\/product_cat?post=204"},{"taxonomy":"product_tag","embeddable":true,"href":"https:\/\/rfid-laundry-tag.com\/pl\/wp-json\/wp\/v2\/product_tag?post=204"}],"curies":[{"name":"wp","href":"https:\/\/api.w.org\/{rel}","templated":true}]}}