{"id":193,"date":"2024-06-16T05:59:05","date_gmt":"2024-06-16T05:59:05","guid":{"rendered":"https:\/\/rfid-laundry-tag.com\/?post_type=product&#038;p=193"},"modified":"2024-09-23T09:29:31","modified_gmt":"2024-09-23T09:29:31","slug":"rfid-chips-in-clothing","status":"publish","type":"product","link":"https:\/\/rfid-laundry-tag.com\/pl\/rfid-chips-in-clothing\/","title":{"rendered":"Chipy RFID w odzie\u017cy"},"content":{"rendered":"<div class=\"J_module\">\n<div class=\"ife-detail-decorate-table\">\n<table class=\"hight-light-first-column all magic-14\">\n<tbody>\n<tr>\n<td colspan=\"1\" rowspan=\"1\">\n<div class=\"magic-15\" data-spm-anchor-id=\"a2700.details.0.i95.236a58c1ycsfva\">Nazwa produkcji:<\/div>\n<\/td>\n<td colspan=\"1\" rowspan=\"1\">\n<div class=\"magic-16\"><strong>Chipy RFID w odzie\u017cy<\/strong><\/div>\n<\/td>\n<\/tr>\n<tr>\n<td colspan=\"1\" rowspan=\"1\">\n<div class=\"magic-15\"><span class=\"magic-17\">Tworzywo:<\/span><\/div>\n<\/td>\n<td colspan=\"1\" rowspan=\"1\">\n<div class=\"magic-16\">Poliester\/Kompozycja\/Satyna\/Bawe\u0142na\/W\u0142\u00f3knina\/PET itp.<\/div>\n<\/td>\n<\/tr>\n<tr>\n<td colspan=\"1\" rowspan=\"1\">\n<div class=\"magic-15\"><span class=\"magic-17\">Rozmiar:<\/span><\/div>\n<\/td>\n<td colspan=\"1\" rowspan=\"1\">\n<div class=\"magic-16\"><span class=\"magic-17\">80*38mm\/60*30mm lub dostosowane<\/span><\/div>\n<\/td>\n<\/tr>\n<tr>\n<td colspan=\"1\" rowspan=\"1\">\n<div class=\"magic-15\"><span class=\"magic-17\">Typ:<\/span><\/div>\n<\/td>\n<td colspan=\"1\" rowspan=\"1\">\n<div class=\"magic-16\"><span class=\"magic-17\">Pasywny, RFID<\/span><\/div>\n<\/td>\n<\/tr>\n<tr>\n<td colspan=\"1\" rowspan=\"1\">\n<div class=\"magic-15\">Protok\u00f3\u0142 RF:<\/div>\n<\/td>\n<td colspan=\"1\" rowspan=\"1\">\n<div class=\"magic-16\">ISO 18000-6C; EPC Klasa 1 Gen 2<\/div>\n<\/td>\n<\/tr>\n<tr>\n<td colspan=\"1\" rowspan=\"1\">\n<div class=\"magic-15\"><span class=\"magic-17\">Cz\u0119stotliwo\u015b\u0107:<\/span><\/div>\n<\/td>\n<td colspan=\"1\" rowspan=\"1\">\n<div class=\"magic-16\"><span class=\"magic-17\">860~960MHz<\/span><\/div>\n<\/td>\n<\/tr>\n<tr>\n<td colspan=\"1\" rowspan=\"1\">\n<div class=\"magic-15\">\u017beton<\/div>\n<\/td>\n<td colspan=\"1\" rowspan=\"1\">\n<div class=\"magic-16\">Alien Higgs, Monza 3, Monza 4D, Monza 4QT, Monza R6, Monza R6-P, Impinj M730, Impinj M750 itp.<\/div>\n<\/td>\n<\/tr>\n<tr>\n<td colspan=\"1\" rowspan=\"1\">\n<div class=\"magic-15\"><span class=\"magic-17\">Odleg\u0142o\u015b\u0107 odczytu:<\/span><\/div>\n<\/td>\n<td colspan=\"1\" rowspan=\"1\">\n<div class=\"magic-16\"><span class=\"magic-17\">UHF: 1~10m (w zale\u017cno\u015bci od czytnika i anteny)<\/span><\/div>\n<\/td>\n<\/tr>\n<tr>\n<td colspan=\"1\" rowspan=\"1\">\n<div class=\"magic-15\"><span class=\"magic-17\">Sta\u0142y spos\u00f3b:<\/span><\/div>\n<\/td>\n<td colspan=\"1\" rowspan=\"1\">\n<div class=\"magic-16\"><span class=\"magic-17\">Szycie \/ prasowanie<\/span><\/div>\n<\/td>\n<\/tr>\n<tr>\n<td colspan=\"1\" rowspan=\"1\">\n<div class=\"magic-15\"><span class=\"magic-17\">Druk:<\/span><\/div>\n<\/td>\n<td colspan=\"1\" rowspan=\"1\">\n<div class=\"magic-16\"><span class=\"magic-17\">Drukowanie, kodowanie, numer seryjny, projekt itp.<\/span><\/div>\n<\/td>\n<\/tr>\n<tr>\n<td colspan=\"1\" rowspan=\"1\">\n<div class=\"magic-15\"><span class=\"magic-17\">\u017bycie IC:<\/span><\/div>\n<\/td>\n<td colspan=\"1\" rowspan=\"1\">\n<div class=\"magic-16\" data-spm-anchor-id=\"a2700.details.0.i94.236a58c1ycsfva\"><span class=\"magic-17\">100 000 cykli programowania<br \/>\n10 lat przechowywania danych<\/span><\/div>\n<\/td>\n<\/tr>\n<tr>\n<td colspan=\"1\" rowspan=\"1\">\n<div class=\"magic-15\"><span class=\"magic-17\">Dost\u0119pno\u015b\u0107 pr\u00f3bek:<\/span><\/div>\n<\/td>\n<td colspan=\"1\" rowspan=\"1\">\n<div class=\"magic-16\"><span class=\"magic-17\">Bezp\u0142atne pr\u00f3bki s\u0105 dost\u0119pne na \u017cyczenie<\/span><\/div>\n<\/td>\n<\/tr>\n<tr>\n<td colspan=\"1\" rowspan=\"1\">\n<div class=\"magic-15\"><span class=\"magic-17\">Zastosowania:\u00a0<\/span><\/div>\n<\/td>\n<td colspan=\"1\" rowspan=\"1\">\n<div class=\"magic-16\"><span class=\"magic-17\">\u00b7 Zarz\u0105dzanie zapasami<br \/>\n\u00b7 \u0141a\u0144cuch dostaw<br \/>\n\u00b7 Sprzeda\u017c detaliczna<\/span><\/div>\n<\/td>\n<\/tr>\n<tr>\n<td colspan=\"1\" rowspan=\"1\">\n<div class=\"magic-15\"><span class=\"magic-17\">U\u017cywa\u0107<\/span><\/div>\n<\/td>\n<td colspan=\"1\" rowspan=\"1\">\n<div class=\"magic-16\"><span class=\"magic-17\">Ubrania, odzie\u017c, torby, buty itp.<\/span><\/div>\n<\/td>\n<\/tr>\n<\/tbody>\n<\/table>\n<\/div>\n<\/div>\n<div class=\"J_module\">\n<div class=\"detail-decorate-json-renderer-container\">\n<div class=\"magic-1\">\n<div class=\"magic-5\">\n<div class=\"magic-6\">\n<div>\n<h2 class=\"AnswerParser_AnswerParserH2__SIHnF\">Si\u0142a technologii RFID w \u015bledzeniu odzie\u017cy<\/h2>\n<p><span class=\"AnswerParser_TextContainer__z_Iiv\" data-testid=\"youchat-text\">Technologia RFID (Radio Frequency Identification) zrewolucjonizowa\u0142a zarz\u0105dzanie zapasami w r\u00f3\u017cnych bran\u017cach, a teraz robi furor\u0119 w sektorze odzie\u017cowym. Nasze etykiety piel\u0119gnacyjne UHF RFID wykorzystuj\u0105 t\u0119 pot\u0119\u017cn\u0105 technologi\u0119, aby zapewni\u0107 niezr\u00f3wnane mo\u017cliwo\u015bci \u015bledzenia Twoich artyku\u0142\u00f3w odzie\u017cowych.<\/span><span class=\"AnswerParser_TextContainer__z_Iiv\" data-testid=\"youchat-text\">Etykiety te wykorzystuj\u0105 sygna\u0142y radiowe do komunikacji z czytnikami RFID, umo\u017cliwiaj\u0105c szybk\u0105 i dok\u0142adn\u0105 identyfikacj\u0119 odzie\u017cy bez konieczno\u015bci skanowania w linii wzroku. Oznacza to, \u017ce mo\u017cesz bez wysi\u0142ku \u015bledzi\u0107 wiele przedmiot\u00f3w jednocze\u015bnie, znacznie skracaj\u0105c czas i wysi\u0142ek wymagany do kontroli zapas\u00f3w.<\/span><\/div>\n<\/div>\n<div>\n<div class=\"auto-hide-last-sibling-br paragraph_1252f paragraph-element\">\n<div class=\"auto-hide-last-sibling-br paragraph_1252f paragraph-element\">\n<div class=\"auto-hide-last-sibling-br paragraph_1252f paragraph-element\">\n<div class=\"auto-hide-last-sibling-br paragraph_1252f paragraph-element\">Wyr\u00f3\u017cnienie si\u0119 spo\u015br\u00f3d t\u0142umu i efektywne zarz\u0105dzanie zapasami to kluczowe wyzwania dla marek odzie\u017cowych. Wprowadzenie tag\u00f3w odzie\u017cowych RFID mo\u017ce rozwi\u0105za\u0107 te problemy, pomagaj\u0105c firmom nie tylko poprawi\u0107 wizerunek i warto\u015b\u0107 marki, ale tak\u017ce przyspieszy\u0107 globalne operacje \u0142a\u0144cucha dostaw.<\/div>\n<p>&nbsp;<\/p>\n<div class=\"auto-hide-last-sibling-br paragraph_1252f paragraph-element\">Nasze produkty obejmuj\u0105 zar\u00f3wno graficznie zdobione etykiety, jak i przyjazne dla \u015brodowiska opakowania wyposa\u017cone w identyfikacj\u0119 radiow\u0105 (RFID). Te oferty zwi\u0119kszaj\u0105 atrakcyjno\u015b\u0107 odzie\u017cy dla konsument\u00f3w i optymalizuj\u0105 procesy inwentaryzacji i przechowywania. Jednocze\u015bnie wzmacniaj\u0105 bezpiecze\u0144stwo produkt\u00f3w i pozwalaj\u0105 sprzedawcom detalicznym po\u015bwi\u0119ci\u0107 wi\u0119cej czasu swoim klientom.<\/div>\n<p>&nbsp;<\/p>\n<div class=\"auto-hide-last-sibling-br paragraph_1252f paragraph-element\">W ten spos\u00f3b etykiety odzie\u017cowe RFID pe\u0142ni\u0105 podw\u00f3jn\u0105 funkcj\u0119 \u2013 wzmacniaj\u0105 atrakcyjno\u015b\u0107 marki i zapewniaj\u0105 wydajno\u015b\u0107 operacyjn\u0105.<\/div>\n<\/div>\n<\/div>\n<div>\n<h2 class=\"AnswerParser_AnswerParserH2__SIHnF\">Zastosowania w bran\u017cy detalicznej i nie tylko<\/h2>\n<p><span class=\"AnswerParser_TextContainer__z_Iiv\" data-testid=\"youchat-text\">Wszechstronno\u015b\u0107 naszych etykiet piel\u0119gnacyjnych RFID sprawia, \u017ce nadaj\u0105 si\u0119 one do szerokiej gamy zastosowa\u0144:<\/span><\/p>\n<ol class=\"AnswerParser_AnswerParserOrderedList__kl_2Y\">\n<li class=\"AnswerParser_ListItem__XqLOV\" translate=\"yes\"><strong>Sklepy detaliczne<\/strong>:Usprawnij zarz\u0105dzanie zapasami i zwi\u0119ksz przejrzysto\u015b\u0107 produkt\u00f3w.<\/li>\n<li class=\"AnswerParser_ListItem__XqLOV\" translate=\"yes\"><strong>Us\u0142ugi pralnicze<\/strong>:\u0141atwe \u015bledzenie cyklu prania poszczeg\u00f3lnych ubra\u0144.<\/li>\n<li class=\"AnswerParser_ListItem__XqLOV\" translate=\"yes\"><strong>Mundury i odzie\u017c robocza<\/strong>:Wydajne zarz\u0105dzanie du\u017cymi ilo\u015bciami podobnych przedmiot\u00f3w.<\/li>\n<li class=\"AnswerParser_ListItem__XqLOV\" translate=\"yes\"><strong>Bran\u017ca hotelarska<\/strong>:Prowad\u017a ewidencj\u0119 po\u015bcieli, r\u0119cznik\u00f3w i mundur\u00f3w personelu.<\/li>\n<li class=\"AnswerParser_ListItem__XqLOV\" translate=\"yes\"><strong>Fartuchy medyczne<\/strong>:Zapewnij w\u0142a\u015bciwe czyszczenie i dystrybucj\u0119 odzie\u017cy medycznej.<\/li>\n<li class=\"AnswerParser_ListItem__XqLOV\" translate=\"yes\"><strong>Wypo\u017cyczalnia kostium\u00f3w<\/strong>:Upro\u015b\u0107 proces wypo\u017cyczania i zwrotu dla firm wynajmuj\u0105cych.<\/li>\n<\/ol>\n<\/div>\n<div class=\"auto-hide-last-sibling-br paragraph_1252f paragraph-element\">\n<div class=\"auto-hide-last-sibling-br paragraph_1252f paragraph-element\">\n<h2 class=\"AnswerParser_AnswerParserH2__SIHnF\">Zwi\u0119ksz widoczno\u015b\u0107 swojego \u0142a\u0144cucha dostaw<\/h2>\n<p><span class=\"AnswerParser_TextContainer__z_Iiv\" data-testid=\"youchat-text\">Dzi\u0119ki w\u0142\u0105czeniu naszych etykiet RFID do piel\u0119gnacji odzie\u017cy zyskujesz niespotykan\u0105 dot\u0105d widoczno\u015b\u0107 swojego \u0142a\u0144cucha dostaw. \u015aled\u017a swoj\u0105 odzie\u017c od produkcji do sprzeda\u017cy, a nawet przez wiele cykli prania w pralniach przemys\u0142owych.<\/span><span class=\"AnswerParser_TextContainer__z_Iiv\" data-testid=\"youchat-text\">Dzi\u0119ki tej zwi\u0119kszonej widoczno\u015bci mo\u017cesz:<\/span><\/p>\n<ul class=\"AnswerParser_AnswerParserUnorderedList__P_1FW\">\n<li class=\"AnswerParser_ListItem__XqLOV\" translate=\"yes\">Zmniejszenie kurczenia si\u0119 i strat<\/li>\n<li class=\"AnswerParser_ListItem__XqLOV\" translate=\"yes\">Poprawa efektywno\u015bci wymiany produkt\u00f3w<\/li>\n<li class=\"AnswerParser_ListItem__XqLOV\" translate=\"yes\">Optymalizacja poziom\u00f3w zapas\u00f3w<\/li>\n<li class=\"AnswerParser_ListItem__XqLOV\" translate=\"yes\">Zwi\u0119ksz zadowolenie klient\u00f3w dzi\u0119ki lepszej dost\u0119pno\u015bci produkt\u00f3w<\/li>\n<\/ul>\n<h2 class=\"AnswerParser_AnswerParserH2__SIHnF\">\u0141atwa instalacja i u\u017cytkowanie<\/h2>\n<p><span class=\"AnswerParser_TextContainer__z_Iiv\" data-testid=\"youchat-text\">Nasze etykiety piel\u0119gnacyjne RFID zaprojektowano tak, aby bezproblemowo integrowa\u0142y si\u0119 z odzie\u017c\u0105:<\/span><\/p>\n<ol class=\"AnswerParser_AnswerParserOrderedList__kl_2Y\">\n<li class=\"AnswerParser_ListItem__XqLOV\" translate=\"yes\"><strong>Opcja wszywania<\/strong>:Tradycyjna metoda mocowania zapewniaj\u0105ca trwa\u0142o\u015b\u0107.<\/li>\n<li class=\"AnswerParser_ListItem__XqLOV\" translate=\"yes\"><strong>Aplikacja do prasowania<\/strong>:Szybki i \u0142atwy monta\u017c z wykorzystaniem technologii transferu ciep\u0142a.<\/li>\n<\/ol>\n<p><span class=\"AnswerParser_TextContainer__z_Iiv\" data-testid=\"youchat-text\">Obie metody gwarantuj\u0105, \u017ce metka pozostanie trwale przymocowana przez ca\u0142y okres u\u017cytkowania odzie\u017cy.<\/span><\/p>\n<div class=\"auto-hide-last-sibling-br paragraph_1252f paragraph-element\"><strong>Oto kilka przyk\u0142ad\u00f3w, w jaki spos\u00f3b najlepsze marki odzie\u017cowe z powodzeniem wdro\u017cy\u0142y tagi RFID UHF:<\/strong><\/div>\n<ol class=\"auto-hide-last-sibling-br\">\n<li>\n<div class=\"auto-hide-last-sibling-br paragraph_1252f paragraph-element\"><strong>Prada<\/strong>: Ta s\u0142ynna w\u0142oska marka luksusowa przyj\u0119\u0142a tagi RFID w 2001 r., umo\u017cliwiaj\u0105c szczeg\u00f3\u0142owe rejestrowanie informacji, takich jak styl, rozmiar, kolor i cena. Co ciekawe, gdy klienci nosz\u0105cy ubrania Prady przechodz\u0105 przez ich sklepy, odpowiadaj\u0105ce im stroje s\u0105 wy\u015bwietlane na modelkach w sklepie, na\u015bladuj\u0105c wybieg mody w Mediolanie. To innowacyjne zastosowanie technologii RFID zwi\u0119ksza zadowolenie klient\u00f3w Prady po zakupie.<\/div>\n<\/li>\n<li>\n<div class=\"auto-hide-last-sibling-br paragraph_1252f paragraph-element\"><strong>H&amp;M<\/strong>:Ta mi\u0119dzynarodowa marka zacz\u0119\u0142a stosowa\u0107 technologi\u0119 RFID w 2014 roku. W planowanych 1800 sklepach technologia RFID umo\u017cliwia automatyczne \u015bledzenie kategorii produkt\u00f3w, ilo\u015bci i zu\u017cycia.<\/div>\n<\/li>\n<li>\n<div class=\"auto-hide-last-sibling-br paragraph_1252f paragraph-element\"><strong>ZARA<\/strong>:W pierwszej po\u0142owie 2016 r. sp\u00f3\u0142ka macierzysta ZARA, Inditex, o\u015bwiadczy\u0142a, \u017ce zastosowanie technologii RFID usprawni\u0142o zarz\u0105dzanie zapasami i dostawami dla oko\u0142o 70% jej marek. Wdro\u017cenie to spowodowa\u0142o wzrost sprzeda\u017cy o 11,1% i wzrost zysku o 7,5%, co stanowi 1,26 mld euro.<\/div>\n<\/li>\n<li>\n<div class=\"auto-hide-last-sibling-br paragraph_1252f paragraph-element\"><strong>Uniqlo<\/strong>:W 2017 r. firma Uniqlo og\u0142osi\u0142a plan wdro\u017cenia tag\u00f3w RFID UHF w 3000 sklep\u00f3w na ca\u0142ym \u015bwiecie, staj\u0105c si\u0119 tym samym pierwszym japo\u0144skim sprzedawc\u0105 detalicznym, kt\u00f3ry zacz\u0105\u0142 stosowa\u0107 elektroniczne tagi na \u015bwiecie.<\/div>\n<\/li>\n<\/ol>\n<div class=\"auto-hide-last-sibling-br paragraph_1252f paragraph-element\">Oto kilka spostrze\u017ce\u0144 na temat tego, jak najlepsze marki odzie\u017cowe wykorzystuj\u0105 tagi RFID. Od 2019 r. praktycznie ka\u017cda marka \u015bwiatowej klasy zastosowa\u0142a tagi RFID do swoich ubra\u0144, co zaowocowa\u0142o ponad 20 miliardami oznaczonych sztuk odzie\u017cy \u2013 liczba ta stale ro\u015bnie. Inne znane marki, kt\u00f3re przyj\u0119\u0142y t\u0119 technologi\u0119, to NIKE i Walmart.<\/div>\n<\/div>\n<\/div>\n<\/div>\n<h2 class=\"AnswerParser_AnswerParserH2__SIHnF\">Skontaktuj si\u0119 z nami, aby uzyska\u0107 dostosowane rozwi\u0105zanie<\/h2>\n<p><span class=\"AnswerParser_TextContainer__z_Iiv\" data-testid=\"youchat-text\">Jeste\u015b gotowy zrewolucjonizowa\u0107 zarz\u0105dzanie odzie\u017c\u0105 dzi\u0119ki naszym etykietom piel\u0119gnacyjnym UHF RFID? Jeste\u015bmy tutaj, aby pom\u00f3c Ci znale\u017a\u0107 idealne rozwi\u0105zanie dla Twoich potrzeb.<\/span><\/p>\n<ul class=\"AnswerParser_AnswerParserUnorderedList__P_1FW\">\n<li class=\"AnswerParser_ListItem__XqLOV\" translate=\"yes\"><strong>Bezp\u0142atne pr\u00f3bki<\/strong>: Zam\u00f3w bezp\u0142atne pr\u00f3bki do przetestowania w swoim \u015brodowisku.<\/li>\n<li class=\"AnswerParser_ListItem__XqLOV\" translate=\"yes\"><strong>Personalizacja<\/strong>: Daj nam zna\u0107, jakie s\u0105 Twoje konkretne wymagania, aby\u015bmy mogli przygotowa\u0107 dla Ciebie rozwi\u0105zanie dostosowane do Twoich potrzeb.<\/li>\n<li class=\"AnswerParser_ListItem__XqLOV\" translate=\"yes\"><strong>Konsultacja Ekspercka<\/strong>:Nasz zesp\u00f3\u0142 specjalist\u00f3w RFID jest gotowy odpowiedzie\u0107 na Twoje pytania.<\/li>\n<\/ul>\n<p><span class=\"AnswerParser_TextContainer__z_Iiv\" data-testid=\"youchat-text\">Nie pozw\u00f3l, aby nieefektywne zarz\u0105dzanie zapasami powstrzymywa\u0142o Tw\u00f3j biznes. Przyjmij przysz\u0142o\u015b\u0107 \u015bledzenia odzie\u017cy dzi\u0119ki naszym innowacyjnym etykietom do prania RFID. Wype\u0142nij nasz formularz zapytania ju\u017c dzi\u015b, aby rozpocz\u0105\u0107 podr\u00f3\u017c w kierunku inteligentniejszego, bardziej wydajnego zarz\u0105dzania odzie\u017c\u0105.<\/span><span class=\"AnswerParser_TextContainer__z_Iiv\" data-testid=\"youchat-text\">Produkty powi\u0105zane:<\/span><\/p>\n<ul class=\"AnswerParser_AnswerParserUnorderedList__P_1FW\">\n<li class=\"AnswerParser_ListItem__XqLOV\" translate=\"yes\">Tagi RFID do sprzeda\u017cy detalicznej<\/li>\n<li class=\"AnswerParser_ListItem__XqLOV\" translate=\"yes\">Etykiety piel\u0119gnacyjne z obs\u0142ug\u0105 NFC<\/li>\n<li class=\"AnswerParser_ListItem__XqLOV\" translate=\"yes\">Urz\u0105dzenia \u015bledz\u0105ce zasoby Bluetooth Low Energy (BLE)<\/li>\n<\/ul>\n<p><span class=\"AnswerParser_TextContainer__z_Iiv\" data-testid=\"youchat-text\">Poznaj moc technologii RFID w swojej bran\u017cy odzie\u017cowej. Skontaktuj si\u0119 z nami ju\u017c teraz, aby dowiedzie\u0107 si\u0119, jak nasze zmywalne tagi RFID mog\u0105 przekszta\u0142ci\u0107 Twoje operacje i zapewni\u0107 Ci przewag\u0119 konkurencyjn\u0105 w szybko zmieniaj\u0105cym si\u0119 \u015bwiecie mody i tekstyli\u00f3w.<\/span><\/p>\n<\/div>\n<div class=\"magic-6\">\n<div><\/div>\n<\/div>\n<\/div>\n<\/div>\n<\/div>\n<\/div>","protected":false},"excerpt":{"rendered":"<p>Proces rozpoczyna si\u0119 od zastosowania chip\u00f3w RFID w odzie\u017cy na poszczeg\u00f3lnych elementach odzie\u017cy. Te znaczniki mo\u017cna skanowa\u0107 w r\u00f3\u017cnych punktach \u0142a\u0144cucha dostaw, umo\u017cliwiaj\u0105c \u015bledzenie zapas\u00f3w w czasie rzeczywistym, weryfikacj\u0119 lokalizacji i \u015bledzenie ruchu komponent\u00f3w i gotowych produkt\u00f3w. System ten zapewnia kompleksowy, natychmiastowy mechanizm zarz\u0105dzania i monitorowania zapas\u00f3w i produkt\u00f3w.<\/p>","protected":false},"featured_media":177,"template":"","meta":{"_kad_post_transparent":"default","_kad_post_title":"","_kad_post_layout":"default","_kad_post_sidebar_id":"","_kad_post_content_style":"default","_kad_post_vertical_padding":"default","_kad_post_feature":"","_kad_post_feature_position":"","_kad_post_header":false,"_kad_post_footer":false,"_kad_post_classname":""},"product_brand":[],"product_cat":[81,53],"product_tag":[87,93,83],"class_list":{"0":"post-193","1":"product","2":"type-product","3":"status-publish","4":"has-post-thumbnail","6":"product_cat-rfid-wash-care-clothing-label","7":"product_cat-rfid-clothes-tag","8":"product_tag-fabric-uhf-rfid-wash-care-tag","9":"product_tag-rfid-chips-in-clothing","10":"product_tag-rfid-wash-care-label","12":"first","13":"instock","14":"shipping-taxable","15":"product-type-simple","16":"entry","17":"content-bg","18":"loop-entry"},"_links":{"self":[{"href":"https:\/\/rfid-laundry-tag.com\/pl\/wp-json\/wp\/v2\/product\/193","targetHints":{"allow":["GET"]}}],"collection":[{"href":"https:\/\/rfid-laundry-tag.com\/pl\/wp-json\/wp\/v2\/product"}],"about":[{"href":"https:\/\/rfid-laundry-tag.com\/pl\/wp-json\/wp\/v2\/types\/product"}],"version-history":[{"count":2,"href":"https:\/\/rfid-laundry-tag.com\/pl\/wp-json\/wp\/v2\/product\/193\/revisions"}],"predecessor-version":[{"id":2652,"href":"https:\/\/rfid-laundry-tag.com\/pl\/wp-json\/wp\/v2\/product\/193\/revisions\/2652"}],"wp:featuredmedia":[{"embeddable":true,"href":"https:\/\/rfid-laundry-tag.com\/pl\/wp-json\/wp\/v2\/media\/177"}],"wp:attachment":[{"href":"https:\/\/rfid-laundry-tag.com\/pl\/wp-json\/wp\/v2\/media?parent=193"}],"wp:term":[{"taxonomy":"product_brand","embeddable":true,"href":"https:\/\/rfid-laundry-tag.com\/pl\/wp-json\/wp\/v2\/product_brand?post=193"},{"taxonomy":"product_cat","embeddable":true,"href":"https:\/\/rfid-laundry-tag.com\/pl\/wp-json\/wp\/v2\/product_cat?post=193"},{"taxonomy":"product_tag","embeddable":true,"href":"https:\/\/rfid-laundry-tag.com\/pl\/wp-json\/wp\/v2\/product_tag?post=193"}],"curies":[{"name":"wp","href":"https:\/\/api.w.org\/{rel}","templated":true}]}}