{"id":190,"date":"2024-06-16T05:17:47","date_gmt":"2024-06-16T05:17:47","guid":{"rendered":"https:\/\/rfid-laundry-tag.com\/?post_type=product&#038;p=190"},"modified":"2024-07-06T08:07:23","modified_gmt":"2024-07-06T08:07:23","slug":"paper-rfid-clothes-tag","status":"publish","type":"product","link":"https:\/\/rfid-laundry-tag.com\/pl\/paper-rfid-clothes-tag\/","title":{"rendered":"Papierowa etykieta RFID na ubrania"},"content":{"rendered":"<table class=\"has-title all magic-1\">\n<tbody>\n<tr>\n<td colspan=\"1\" rowspan=\"1\">\n<div class=\"magic-2\" data-spm-anchor-id=\"a2700.details.0.i84.7cea6afbA2IkLB\">Nazwa przedmiotu<\/div>\n<\/td>\n<td colspan=\"1\" rowspan=\"1\">\n<div class=\"magic-3\">Papierowa etykieta RFID na ubrania<\/div>\n<\/td>\n<\/tr>\n<tr>\n<td colspan=\"1\" rowspan=\"1\">\n<div class=\"magic-2\">Rozmiar<\/div>\n<\/td>\n<td colspan=\"1\" rowspan=\"1\">\n<div class=\"magic-3\">90x40mm lub dostosowane<\/div>\n<\/td>\n<\/tr>\n<tr>\n<td colspan=\"1\" rowspan=\"1\">\n<div class=\"magic-2\">Cz\u0119stotliwo\u015b\u0107<\/div>\n<\/td>\n<td colspan=\"1\" rowspan=\"1\">\n<div class=\"magic-3\">860-960MHz<\/div>\n<\/td>\n<\/tr>\n<tr>\n<td colspan=\"1\" rowspan=\"1\">\n<div class=\"magic-2\">Typ uk\u0142adu scalonego (chip)<\/div>\n<\/td>\n<td colspan=\"1\" rowspan=\"1\">\n<div class=\"magic-3\">NXP Ucode 8 lub 9<\/div>\n<\/td>\n<\/tr>\n<tr>\n<td colspan=\"1\" rowspan=\"1\">\n<div class=\"magic-2\">Protok\u00f3\u0142<\/div>\n<\/td>\n<td colspan=\"1\" rowspan=\"1\">\n<div class=\"magic-3\">ISO18000 6C<\/div>\n<\/td>\n<\/tr>\n<tr>\n<td colspan=\"1\" rowspan=\"1\">\n<div class=\"magic-4\">Pami\u0119\u0107<\/div>\n<\/td>\n<td colspan=\"1\" rowspan=\"1\">\n<div class=\"magic-3\">EPC 96 bit\u00f3w<\/div>\n<\/td>\n<\/tr>\n<tr>\n<td colspan=\"1\" rowspan=\"1\">\n<div class=\"magic-2\">Tworzywo<\/div>\n<\/td>\n<td colspan=\"1\" rowspan=\"1\">\n<div class=\"magic-3\">Papier, PET, itp.<\/div>\n<\/td>\n<\/tr>\n<tr>\n<td colspan=\"1\" rowspan=\"1\">\n<div class=\"magic-2\">Druk<\/div>\n<\/td>\n<td colspan=\"1\" rowspan=\"1\">\n<div class=\"magic-3\" data-spm-anchor-id=\"a2700.details.0.i85.7cea6afbA2IkLB\">Logo, kod QR, kod kreskowy, numer seryjny<\/div>\n<\/td>\n<\/tr>\n<tr>\n<td colspan=\"1\" rowspan=\"1\">\n<div class=\"magic-2\">Temperatura pracy<\/div>\n<\/td>\n<td colspan=\"1\" rowspan=\"1\">\n<div class=\"magic-3\">-30 \u00b0C \u2013 +80 \u00b0C<\/div>\n<\/td>\n<\/tr>\n<tr>\n<td colspan=\"1\" rowspan=\"1\">\n<div class=\"magic-2\">Odczyt odleg\u0142o\u015bci<\/div>\n<\/td>\n<td colspan=\"1\" rowspan=\"1\">\n<div class=\"magic-3\">Do 15m<\/div>\n<\/td>\n<\/tr>\n<tr>\n<td colspan=\"1\" rowspan=\"1\">\n<div class=\"magic-5\">Przyczepia si\u0119 do<\/div>\n<\/td>\n<td colspan=\"1\" rowspan=\"1\">\n<div class=\"magic-3\">Po\u015bciel i odzie\u017c<\/div>\n<\/td>\n<\/tr>\n<tr>\n<td colspan=\"1\" rowspan=\"1\">\n<div class=\"magic-4\">Stopie\u0144 ochrony IP<\/div>\n<\/td>\n<td colspan=\"1\" rowspan=\"1\">\n<div class=\"magic-3\">IP67<\/div>\n<\/td>\n<\/tr>\n<tr>\n<td colspan=\"1\" rowspan=\"1\">\n<div class=\"magic-4\">Kolor<\/div>\n<\/td>\n<td colspan=\"1\" rowspan=\"1\">\n<div class=\"magic-3\">Bia\u0142y<\/div>\n<\/td>\n<\/tr>\n<\/tbody>\n<\/table>\n<div><\/div>\n<div>Wykonane z papieru z centralnym chipem UHF RFID, te tagi u\u0142atwiaj\u0105 zdalne skanowanie. Obecnie dost\u0119pne w wielu wzorach i wymiarach, nasze tagi RFID mog\u0105 by\u0107 r\u00f3wnie\u017c ozdobione spersonalizowan\u0105 grafik\u0105. Ta funkcja pozwala tagom s\u0142u\u017cy\u0107 jako no\u015bniki marki bez uszczerbku dla ich podstawowego celu.<\/div>\n<div><\/div>\n<div class=\"auto-hide-last-sibling-br paragraph_1252f paragraph-element\">Tagi odzie\u017cowe RFID odgrywaj\u0105 istotn\u0105 rol\u0119 w handlu detalicznym, spe\u0142niaj\u0105c szereg funkcji, od zarz\u0105dzania zapasami i zapobiegania kradzie\u017com po optymalizacj\u0119 \u0142a\u0144cucha dostaw.<\/div>\n<p>&nbsp;<\/p>\n<div class=\"auto-hide-last-sibling-br paragraph_1252f paragraph-element\">Aby skuteczniej zarz\u0105dza\u0107 swoimi zapasami, sprzedawcy detaliczni przyczepiaj\u0105 do ka\u017cdego elementu odzie\u017cy tag RFID. Tagi te mo\u017cna szybko i dok\u0142adnie zeskanowa\u0107 za pomoc\u0105 czytnik\u00f3w RFID, co znacznie zwi\u0119ksza szybko\u015b\u0107 i wydajno\u015b\u0107 liczenia zapas\u00f3w.<\/div>\n<p>&nbsp;<\/p>\n<div class=\"auto-hide-last-sibling-br paragraph_1252f paragraph-element\">Oto kilka istotnych zalet stosowania etykiet odzie\u017cowych RFID:<\/div>\n<div class=\"auto-hide-last-sibling-br paragraph_1252f paragraph-element\">Zapobieganie stratom: Te znaczniki zapewniaj\u0105 solidne \u015brodki zapobiegaj\u0105ce kradzie\u017cy. Je\u015bli oznaczony przedmiot przejdzie obok wyj\u015bcia bez dezaktywacji, uruchamia si\u0119 alarm, informuj\u0105c personel sklepu o mo\u017cliwym incydencie kradzie\u017cy.<\/div>\n<p>&nbsp;<\/p>\n<div class=\"auto-hide-last-sibling-br paragraph_1252f paragraph-element\">Optymalizacja \u0142a\u0144cucha dostaw: Lepsza widoczno\u015b\u0107 i \u015bledzenie artyku\u0142\u00f3w odzie\u017cowych w ca\u0142ym \u0142a\u0144cuchu dostaw jest osi\u0105gane za pomoc\u0105 tag\u00f3w RFID. Ten monitoring w czasie rzeczywistym pozwala producentom, dystrybutorom i sprzedawcom detalicznym na popraw\u0119 logistyki i kontroli zapas\u00f3w.<\/div>\n<div class=\"auto-hide-last-sibling-br paragraph_1252f paragraph-element\">Umieszczenie tagu: Uniwersalno\u015b\u0107 to g\u0142\u00f3wny atut tag\u00f3w RFID. Mo\u017cna je przyszy\u0107 do ubrania, w\u0142o\u017cy\u0107 do metki lub zawieszki albo w\u0142\u0105czy\u0107 do specjalistycznych tag\u00f3w zabezpieczaj\u0105cych.<\/div>\n<div class=\"auto-hide-last-sibling-br paragraph_1252f paragraph-element\">Warianty tag\u00f3w: Tagi RFID wyst\u0119puj\u0105 w r\u00f3\u017cnych wariantach, w tym tagi pasywne i aktywne. Tagi pasywne s\u0105 zale\u017cne od energii z czytnika RFID, aby przesy\u0142a\u0107 dane. Natomiast tagi aktywne maj\u0105 w\u0142asne \u017ar\u00f3d\u0142o zasilania, co pozwala im przesy\u0142a\u0107 dane na wi\u0119ksze odleg\u0142o\u015bci.<\/div>\n<div class=\"auto-hide-last-sibling-br paragraph_1252f paragraph-element\">Bezpiecze\u0144stwo danych: Prywatno\u015b\u0107 klienta jest priorytetem w przypadku system\u00f3w RFID. Aby zapobiec nieautoryzowanemu dost\u0119powi do poufnych informacji, powszechnie stosuje si\u0119 protoko\u0142y szyfrowania i uwierzytelniania.<\/div>\n<div><\/div>\n<div>\n<div class=\"auto-hide-last-sibling-br paragraph_1252f paragraph-element\">Etykiety papierowe UHF RFID maj\u0105 w sobie niesamowity potencja\u0142 zrewolucjonizowania dzia\u0142alno\u015bci w takich bran\u017cach, jak zarz\u0105dzanie sprzeda\u017c\u0105 detaliczn\u0105 odzie\u017cy, zarz\u0105dzanie zapasami odzie\u017cy i zarz\u0105dzanie \u0142a\u0144cuchem dostaw odzie\u017cy.<\/div>\n<p>&nbsp;<\/p>\n<div class=\"auto-hide-last-sibling-br paragraph_1252f paragraph-element\">Wdro\u017cenie tych tag\u00f3w prowadzi do wzrostu wydajno\u015bci \u2013 nie musisz ju\u017c przeznacza\u0107 godzin manualnych na liczenie zapas\u00f3w lub \u015bledzenie przesy\u0142ek. Technologia RFID robi to za Ciebie, dok\u0142adnie i szybko, pozwalaj\u0105c Twojemu zespo\u0142owi skupi\u0107 si\u0119 na innych wa\u017cnych zadaniach.<\/div>\n<p>&nbsp;<\/p>\n<div class=\"auto-hide-last-sibling-br paragraph_1252f paragraph-element\">Zwi\u0119kszona dok\u0142adno\u015b\u0107 to kolejna znacz\u0105ca zaleta naszych tag\u00f3w RFID. Ryzyko b\u0142\u0119du ludzkiego w r\u0119cznym \u015bledzeniu i wprowadzaniu danych jest skutecznie ograniczone dzi\u0119ki tym zautomatyzowanym tagom. Ta zwi\u0119kszona dok\u0142adno\u015b\u0107 w zbieraniu danych prowadzi do bardziej precyzyjnych spostrze\u017ce\u0144, pomagaj\u0105c w podejmowaniu skutecznych decyzji w operacjach biznesowych.<\/div>\n<p>&nbsp;<\/p>\n<div class=\"auto-hide-last-sibling-br paragraph_1252f paragraph-element\">Wy\u017csza wydajno\u015b\u0107 i dok\u0142adno\u015b\u0107 razem usprawniaj\u0105 Twoje operacje i prowadz\u0105 do zwi\u0119kszonej rentowno\u015bci. Inwestuj\u0105c w nasze papierowe etykiety UHF RFID, nie tylko poprawiasz swoj\u0105 obecn\u0105 wydajno\u015b\u0107 operacyjn\u0105, ale tak\u017ce zapewniasz zr\u00f3wnowa\u017cony, dochodowy wzrost dla swojej firmy w d\u0142u\u017cszej perspektywie.<\/div>\n<\/div>\n<p>&nbsp;<\/p>\n<p>&nbsp;<\/p>","protected":false},"excerpt":{"rendered":"<div class=\"auto-hide-last-sibling-br paragraph_1252f paragraph-element\">\n<div class=\"auto-hide-last-sibling-br paragraph_1252f paragraph-element\">\u00a0Tagi odzie\u017cowe RFID Paper oferuj\u0105 dynamiczne rozwi\u0105zanie do monitorowania i kontrolowania zapas\u00f3w w sektorze odzie\u017cowym. U\u017cywane g\u0142\u00f3wnie w sklepach detalicznych i fabrykach odzie\u017cy, tagi te umo\u017cliwiaj\u0105 wydajne \u015bledzenie artyku\u0142\u00f3w odzie\u017cowych.<\/div>\n<p>&nbsp;<\/p>\n<div class=\"auto-hide-last-sibling-br paragraph_1252f paragraph-element\"><\/div>\n<\/div>","protected":false},"featured_media":191,"template":"","meta":{"_kad_post_transparent":"default","_kad_post_title":"","_kad_post_layout":"default","_kad_post_sidebar_id":"","_kad_post_content_style":"default","_kad_post_vertical_padding":"default","_kad_post_feature":"","_kad_post_feature_position":"","_kad_post_header":false,"_kad_post_footer":false,"_kad_post_classname":""},"product_brand":[],"product_cat":[53],"product_tag":[92,89,91],"class_list":{"0":"post-190","1":"product","2":"type-product","3":"status-publish","4":"has-post-thumbnail","6":"product_cat-rfid-clothes-tag","7":"product_tag-paper-rfid-clothes-tag","8":"product_tag-rfid-clothing-tags","9":"product_tag-uhf-rfid-paper-hang-tags","11":"first","12":"instock","13":"shipping-taxable","14":"product-type-simple","15":"entry","16":"content-bg","17":"loop-entry"},"_links":{"self":[{"href":"https:\/\/rfid-laundry-tag.com\/pl\/wp-json\/wp\/v2\/product\/190","targetHints":{"allow":["GET"]}}],"collection":[{"href":"https:\/\/rfid-laundry-tag.com\/pl\/wp-json\/wp\/v2\/product"}],"about":[{"href":"https:\/\/rfid-laundry-tag.com\/pl\/wp-json\/wp\/v2\/types\/product"}],"version-history":[{"count":0,"href":"https:\/\/rfid-laundry-tag.com\/pl\/wp-json\/wp\/v2\/product\/190\/revisions"}],"wp:featuredmedia":[{"embeddable":true,"href":"https:\/\/rfid-laundry-tag.com\/pl\/wp-json\/wp\/v2\/media\/191"}],"wp:attachment":[{"href":"https:\/\/rfid-laundry-tag.com\/pl\/wp-json\/wp\/v2\/media?parent=190"}],"wp:term":[{"taxonomy":"product_brand","embeddable":true,"href":"https:\/\/rfid-laundry-tag.com\/pl\/wp-json\/wp\/v2\/product_brand?post=190"},{"taxonomy":"product_cat","embeddable":true,"href":"https:\/\/rfid-laundry-tag.com\/pl\/wp-json\/wp\/v2\/product_cat?post=190"},{"taxonomy":"product_tag","embeddable":true,"href":"https:\/\/rfid-laundry-tag.com\/pl\/wp-json\/wp\/v2\/product_tag?post=190"}],"curies":[{"name":"wp","href":"https:\/\/api.w.org\/{rel}","templated":true}]}}