{"id":183,"date":"2024-06-15T17:11:39","date_gmt":"2024-06-15T17:11:39","guid":{"rendered":"https:\/\/rfid-laundry-tag.com\/?post_type=product&#038;p=183"},"modified":"2024-06-15T17:22:58","modified_gmt":"2024-06-15T17:22:58","slug":"fabric-uhf-rfid-wash-care-tag","status":"publish","type":"product","link":"https:\/\/rfid-laundry-tag.com\/pl\/fabric-uhf-rfid-wash-care-tag\/","title":{"rendered":"Tag piel\u0119gnacyjny UHF RFID do tkanin"},"content":{"rendered":"<div class=\"J_module\">\n<div class=\"ife-detail-decorate-table\">\n<table class=\"hight-light-first-column all magic-14\">\n<tbody>\n<tr>\n<td colspan=\"1\" rowspan=\"1\">\n<div class=\"magic-15\" data-spm-anchor-id=\"a2700.details.0.i95.236a58c1ycsfva\">Nazwa produkcji:<\/div>\n<\/td>\n<td colspan=\"1\" rowspan=\"1\">\n<div class=\"magic-16\">Tag piel\u0119gnacyjny UHF RFID do tkanin<\/div>\n<\/td>\n<\/tr>\n<tr>\n<td colspan=\"1\" rowspan=\"1\">\n<div class=\"magic-15\"><span class=\"magic-17\">Tworzywo:<\/span><\/div>\n<\/td>\n<td colspan=\"1\" rowspan=\"1\">\n<div class=\"magic-16\">Poliester\/Kompozycja\/Satyna\/Bawe\u0142na\/W\u0142\u00f3knina\/PET itp.<\/div>\n<\/td>\n<\/tr>\n<tr>\n<td colspan=\"1\" rowspan=\"1\">\n<div class=\"magic-15\"><span class=\"magic-17\">Rozmiar:<\/span><\/div>\n<\/td>\n<td colspan=\"1\" rowspan=\"1\">\n<div class=\"magic-16\"><span class=\"magic-17\">80*38mm\/60*30mm lub dostosowane<\/span><\/div>\n<\/td>\n<\/tr>\n<tr>\n<td colspan=\"1\" rowspan=\"1\">\n<div class=\"magic-15\"><span class=\"magic-17\">Typ:<\/span><\/div>\n<\/td>\n<td colspan=\"1\" rowspan=\"1\">\n<div class=\"magic-16\"><span class=\"magic-17\">Pasywny, RFID<\/span><\/div>\n<\/td>\n<\/tr>\n<tr>\n<td colspan=\"1\" rowspan=\"1\">\n<div class=\"magic-15\">Protok\u00f3\u0142 RF:<\/div>\n<\/td>\n<td colspan=\"1\" rowspan=\"1\">\n<div class=\"magic-16\">ISO 18000-6C; EPC Klasa 1 Gen 2<\/div>\n<\/td>\n<\/tr>\n<tr>\n<td colspan=\"1\" rowspan=\"1\">\n<div class=\"magic-15\"><span class=\"magic-17\">Cz\u0119stotliwo\u015b\u0107:<\/span><\/div>\n<\/td>\n<td colspan=\"1\" rowspan=\"1\">\n<div class=\"magic-16\"><span class=\"magic-17\">860~960MHz<\/span><\/div>\n<\/td>\n<\/tr>\n<tr>\n<td colspan=\"1\" rowspan=\"1\">\n<div class=\"magic-15\">\u017beton<\/div>\n<\/td>\n<td colspan=\"1\" rowspan=\"1\">\n<div class=\"magic-16\">Alien Higgs, Monza 3, Monza 4D, Monza 4QT, Monza R6, Monza R6-P, Impinj M730, Impinj M750 itp.<\/div>\n<\/td>\n<\/tr>\n<tr>\n<td colspan=\"1\" rowspan=\"1\">\n<div class=\"magic-15\"><span class=\"magic-17\">Odleg\u0142o\u015b\u0107 odczytu:<\/span><\/div>\n<\/td>\n<td colspan=\"1\" rowspan=\"1\">\n<div class=\"magic-16\"><span class=\"magic-17\">UHF: 1~10m (w zale\u017cno\u015bci od czytnika i anteny)<\/span><\/div>\n<\/td>\n<\/tr>\n<tr>\n<td colspan=\"1\" rowspan=\"1\">\n<div class=\"magic-15\"><span class=\"magic-17\">Sta\u0142y spos\u00f3b:<\/span><\/div>\n<\/td>\n<td colspan=\"1\" rowspan=\"1\">\n<div class=\"magic-16\"><span class=\"magic-17\">Szycie \/ prasowanie<\/span><\/div>\n<\/td>\n<\/tr>\n<tr>\n<td colspan=\"1\" rowspan=\"1\">\n<div class=\"magic-15\"><span class=\"magic-17\">Druk:<\/span><\/div>\n<\/td>\n<td colspan=\"1\" rowspan=\"1\">\n<div class=\"magic-16\"><span class=\"magic-17\">Drukowanie, kodowanie, numer seryjny, projekt itp.<\/span><\/div>\n<\/td>\n<\/tr>\n<tr>\n<td colspan=\"1\" rowspan=\"1\">\n<div class=\"magic-15\"><span class=\"magic-17\">\u017bycie IC:<\/span><\/div>\n<\/td>\n<td colspan=\"1\" rowspan=\"1\">\n<div class=\"magic-16\" data-spm-anchor-id=\"a2700.details.0.i94.236a58c1ycsfva\"><span class=\"magic-17\">100 000 cykli programowania<br \/>\n10 lat przechowywania danych<\/span><\/div>\n<\/td>\n<\/tr>\n<tr>\n<td colspan=\"1\" rowspan=\"1\">\n<div class=\"magic-15\"><span class=\"magic-17\">Dost\u0119pno\u015b\u0107 pr\u00f3bek:<\/span><\/div>\n<\/td>\n<td colspan=\"1\" rowspan=\"1\">\n<div class=\"magic-16\"><span class=\"magic-17\">Bezp\u0142atne pr\u00f3bki s\u0105 dost\u0119pne na \u017cyczenie<\/span><\/div>\n<\/td>\n<\/tr>\n<tr>\n<td colspan=\"1\" rowspan=\"1\">\n<div class=\"magic-15\"><span class=\"magic-17\">Zastosowania:\u00a0<\/span><\/div>\n<\/td>\n<td colspan=\"1\" rowspan=\"1\">\n<div class=\"magic-16\"><span class=\"magic-17\">\u00b7 Zarz\u0105dzanie zapasami<br \/>\n\u00b7 \u0141a\u0144cuch dostaw<br \/>\n\u00b7 Sprzeda\u017c detaliczna<\/span><\/div>\n<\/td>\n<\/tr>\n<tr>\n<td colspan=\"1\" rowspan=\"1\">\n<div class=\"magic-15\"><span class=\"magic-17\">U\u017cywa\u0107<\/span><\/div>\n<\/td>\n<td colspan=\"1\" rowspan=\"1\">\n<div class=\"magic-16\"><span class=\"magic-17\">Ubrania, odzie\u017c, torby, buty itp.<\/span><\/div>\n<\/td>\n<\/tr>\n<\/tbody>\n<\/table>\n<\/div>\n<\/div>\n<div class=\"J_module\">\n<div class=\"detail-decorate-json-renderer-container\">\n<div class=\"magic-1\">\n<div class=\"magic-5\">\n<div class=\"magic-6\">\n<div><\/div>\n<\/div>\n<div>\n<div class=\"auto-hide-last-sibling-br paragraph_1252f paragraph-element\">\n<div class=\"auto-hide-last-sibling-br paragraph_1252f paragraph-element\">\n<div class=\"auto-hide-last-sibling-br paragraph_1252f paragraph-element\">\n<div class=\"auto-hide-last-sibling-br paragraph_1252f paragraph-element\">Nasz<strong> Tag piel\u0119gnacyjny UHF RFID do tkanin<\/strong> to rewolucyjne rozwi\u0105zanie \u0142\u0105cz\u0105ce tradycyjne metki do piel\u0119gnacji odzie\u017cy z najnowocze\u015bniejsz\u0105 technologi\u0105 RFID. Zaprojektowane zgodnie z normami ISO18000-6C EPC Class 1 Gen2, te metki zawieraj\u0105 pasywny wk\u0142ad RFID UHF 860-960 MHz.<\/div>\n<p><br class=\"container_e695a wrapper_ad07b undefined\" \/><\/p>\n<div class=\"auto-hide-last-sibling-br paragraph_1252f paragraph-element\"><strong>Przegl\u0105d najwa\u017cniejszych wydarze\u0144:<\/strong><\/div>\n<p><br class=\"container_e695a wrapper_ad07b undefined\" \/><\/p>\n<ol class=\"auto-hide-last-sibling-br\">\n<li>R\u00f3\u017cnorodno\u015b\u0107 materia\u0142\u00f3w: Tagi te mog\u0105 by\u0107 wykonane z wielu materia\u0142\u00f3w, w tym tkanin tkanych i wst\u0105\u017cek, co zapewnia elastyczno\u015b\u0107 w projektowaniu i u\u017cytkowaniu.<\/li>\n<li>Trwa\u0142o\u015b\u0107: Podstawow\u0105 cech\u0105 tych tag\u00f3w jest ich odporno\u015b\u0107. Posiadaj\u0105 odporno\u015b\u0107 na prasowanie i pranie, zapewniaj\u0105c ci\u0105g\u0142\u0105 wydajno\u015b\u0107 i czytelno\u015b\u0107, nawet po wielokrotnych cyklach prania.<\/li>\n<li>Nadruk powierzchniowy: Mo\u017cemy drukowa\u0107 na powierzchni tych etykiet, umo\u017cliwiaj\u0105c umieszczenie na nich standardowych informacji, takich jak instrukcje dotycz\u0105ce piel\u0119gnacji, rozmiar, sk\u0142ad materia\u0142u, nazwa marki i inne.<\/li>\n<li>Uniwersalno\u015b\u0107 rozmiaru i opakowania: Nasze etykiety piel\u0119gnacyjne RFID s\u0105 dost\u0119pne w szerokiej gamie rozmiar\u00f3w, aby pasowa\u0107 do r\u00f3\u017cnych styl\u00f3w odzie\u017cy i wymaga\u0144 u\u017cytkowych. Oferuj\u0105 r\u00f3wnie\u017c elastyczne opcje pakowania dla szerokiej gamy zastosowa\u0144.<\/li>\n<li>Przyszywanie do ubra\u0144: Po przyszyciu tych tag\u00f3w RFID do ubra\u0144 skutecznie zast\u0119puj\u0105 tradycyjne metki do prania. Pozostan\u0105 przymocowane do ubrania przez ca\u0142y okres jego u\u017cytkowania, zapewniaj\u0105c wydajne d\u0142ugoterminowe \u015bledzenie i zarz\u0105dzanie.<\/li>\n<\/ol>\n<p><br class=\"container_e695a wrapper_ad07b undefined\" \/><\/p>\n<div class=\"auto-hide-last-sibling-br paragraph_1252f paragraph-element\"><strong>Zalety:<\/strong><\/div>\n<p><br class=\"container_e695a wrapper_ad07b undefined\" \/><\/p>\n<ul class=\"auto-hide-last-sibling-br\">\n<li>Dysponujemy bogatym do\u015bwiadczeniem w produkcji urz\u0105dze\u0144 RFID, zapewniaj\u0105c naszym klientom rozwi\u0105zania produktowe dostosowane do ich potrzeb.<\/li>\n<li>Gwarantujemy szybk\u0105 realizacj\u0119 zam\u00f3wie\u0144, nawet w przypadku du\u017cych zam\u00f3wie\u0144.<\/li>\n<li>Jeste\u015bmy ekspertami w zarz\u0105dzaniu zmiennymi procesami danych, obejmuj\u0105cymi kody QR, kody kreskowe, numeracj\u0119 sekwencyjn\u0105 i kodowanie chip\u00f3w.<\/li>\n<li>Spe\u0142niamy wyj\u0105tkowe \u017cyczenia klient\u00f3w, oferuj\u0105c szerok\u0105 gam\u0119 metek piel\u0119gnacyjnych RFID, od ultrami\u0119kkiej satyny i wytrzyma\u0142ego nylonu po eleganck\u0105 taft\u0119, luksusowy jedwab, a nawet wodoodporne metki do prania.<\/li>\n<\/ul>\n<\/div>\n<\/div>\n<p>&nbsp;<\/p>\n<\/div>\n<\/div>\n<div class=\"magic-6\">\n<div><\/div>\n<\/div>\n<\/div>\n<\/div>\n<\/div>\n<\/div>","protected":false},"excerpt":{"rendered":"<p>Tag piel\u0119gnacyjny Fabric UHF RFID Wash Care Tag zosta\u0142 zaprojektowany tak, aby przetrwa\u0142 ca\u0142y cykl \u017cycia odzie\u017cy, zapewniaj\u0105c skuteczne \u015bledzenie ka\u017cdego elementu od produkcji do przechowywania, sprzeda\u017cy, a potencjalnie nawet po sprzeda\u017cy. Ich wyj\u0105tkowa odporno\u015b\u0107 na rygorystyczne cykle prania, prasowania i codzienne zu\u017cycie sprawia, \u017ce te etykiety RFID s\u0105 solidn\u0105 odpowiedzi\u0105 na tradycyjne wyzwania zwi\u0105zane z inwentaryzacj\u0105.<\/p>","protected":false},"featured_media":184,"template":"","meta":{"_kad_post_transparent":"default","_kad_post_title":"","_kad_post_layout":"default","_kad_post_sidebar_id":"","_kad_post_content_style":"default","_kad_post_vertical_padding":"default","_kad_post_feature":"","_kad_post_feature_position":"","_kad_post_header":false,"_kad_post_footer":false,"_kad_post_classname":""},"product_brand":[],"product_cat":[81],"product_tag":[87,85,83],"class_list":{"0":"post-183","1":"product","2":"type-product","3":"status-publish","4":"has-post-thumbnail","6":"product_cat-rfid-wash-care-clothing-label","7":"product_tag-fabric-uhf-rfid-wash-care-tag","8":"product_tag-laundry-rfid-wash-care-label","9":"product_tag-rfid-wash-care-label","11":"first","12":"instock","13":"shipping-taxable","14":"product-type-simple","15":"entry","16":"content-bg","17":"loop-entry"},"_links":{"self":[{"href":"https:\/\/rfid-laundry-tag.com\/pl\/wp-json\/wp\/v2\/product\/183","targetHints":{"allow":["GET"]}}],"collection":[{"href":"https:\/\/rfid-laundry-tag.com\/pl\/wp-json\/wp\/v2\/product"}],"about":[{"href":"https:\/\/rfid-laundry-tag.com\/pl\/wp-json\/wp\/v2\/types\/product"}],"version-history":[{"count":0,"href":"https:\/\/rfid-laundry-tag.com\/pl\/wp-json\/wp\/v2\/product\/183\/revisions"}],"wp:featuredmedia":[{"embeddable":true,"href":"https:\/\/rfid-laundry-tag.com\/pl\/wp-json\/wp\/v2\/media\/184"}],"wp:attachment":[{"href":"https:\/\/rfid-laundry-tag.com\/pl\/wp-json\/wp\/v2\/media?parent=183"}],"wp:term":[{"taxonomy":"product_brand","embeddable":true,"href":"https:\/\/rfid-laundry-tag.com\/pl\/wp-json\/wp\/v2\/product_brand?post=183"},{"taxonomy":"product_cat","embeddable":true,"href":"https:\/\/rfid-laundry-tag.com\/pl\/wp-json\/wp\/v2\/product_cat?post=183"},{"taxonomy":"product_tag","embeddable":true,"href":"https:\/\/rfid-laundry-tag.com\/pl\/wp-json\/wp\/v2\/product_tag?post=183"}],"curies":[{"name":"wp","href":"https:\/\/api.w.org\/{rel}","templated":true}]}}