{"id":181,"date":"2024-06-15T17:00:44","date_gmt":"2024-06-15T17:00:44","guid":{"rendered":"https:\/\/rfid-laundry-tag.com\/?post_type=product&#038;p=181"},"modified":"2024-08-14T15:40:24","modified_gmt":"2024-08-14T15:40:24","slug":"satin-uhf-rfid-wash-label","status":"publish","type":"product","link":"https:\/\/rfid-laundry-tag.com\/pl\/satin-uhf-rfid-wash-label\/","title":{"rendered":"Etykieta satynowa UHF RFID Wash"},"content":{"rendered":"<div class=\"J_module\">\n<div class=\"ife-detail-decorate-table\">\n<table class=\"hight-light-first-column all magic-14\">\n<tbody>\n<tr>\n<td colspan=\"1\" rowspan=\"1\">\n<div class=\"magic-15\" data-spm-anchor-id=\"a2700.details.0.i95.236a58c1ycsfva\">Nazwa produkcji:<\/div>\n<\/td>\n<td colspan=\"1\" rowspan=\"1\">\n<div class=\"magic-16\">Etykieta satynowa UHF RFID Wash<\/div>\n<\/td>\n<\/tr>\n<tr>\n<td colspan=\"1\" rowspan=\"1\">\n<div class=\"magic-15\"><span class=\"magic-17\">Tworzywo:<\/span><\/div>\n<\/td>\n<td colspan=\"1\" rowspan=\"1\">\n<div class=\"magic-16\">Poliester\/Kompozycja\/Satyna\/Bawe\u0142na\/W\u0142\u00f3knina\/PET itp.<\/div>\n<\/td>\n<\/tr>\n<tr>\n<td colspan=\"1\" rowspan=\"1\">\n<div class=\"magic-15\"><span class=\"magic-17\">Rozmiar:<\/span><\/div>\n<\/td>\n<td colspan=\"1\" rowspan=\"1\">\n<div class=\"magic-16\"><span class=\"magic-17\">80*38mm\/60*30mm lub dostosowane<\/span><\/div>\n<\/td>\n<\/tr>\n<tr>\n<td colspan=\"1\" rowspan=\"1\">\n<div class=\"magic-15\"><span class=\"magic-17\">Typ:<\/span><\/div>\n<\/td>\n<td colspan=\"1\" rowspan=\"1\">\n<div class=\"magic-16\"><span class=\"magic-17\">Pasywny, RFID<\/span><\/div>\n<\/td>\n<\/tr>\n<tr>\n<td colspan=\"1\" rowspan=\"1\">\n<div class=\"magic-15\">Protok\u00f3\u0142 RF:<\/div>\n<\/td>\n<td colspan=\"1\" rowspan=\"1\">\n<div class=\"magic-16\">ISO 18000-6C; EPC Klasa 1 Gen 2<\/div>\n<\/td>\n<\/tr>\n<tr>\n<td colspan=\"1\" rowspan=\"1\">\n<div class=\"magic-15\"><span class=\"magic-17\">Cz\u0119stotliwo\u015b\u0107:<\/span><\/div>\n<\/td>\n<td colspan=\"1\" rowspan=\"1\">\n<div class=\"magic-16\"><span class=\"magic-17\">860~960MHz<\/span><\/div>\n<\/td>\n<\/tr>\n<tr>\n<td colspan=\"1\" rowspan=\"1\">\n<div class=\"magic-15\">\u017beton<\/div>\n<\/td>\n<td colspan=\"1\" rowspan=\"1\">\n<div class=\"magic-16\">Alien Higgs, Monza 3, Monza 4D, Monza 4QT, Monza R6, Monza R6-P, Impinj M730, Impinj M750 itp.<\/div>\n<\/td>\n<\/tr>\n<tr>\n<td colspan=\"1\" rowspan=\"1\">\n<div class=\"magic-15\"><span class=\"magic-17\">Odleg\u0142o\u015b\u0107 odczytu:<\/span><\/div>\n<\/td>\n<td colspan=\"1\" rowspan=\"1\">\n<div class=\"magic-16\"><span class=\"magic-17\">UHF: 1~10m (w zale\u017cno\u015bci od czytnika i anteny)<\/span><\/div>\n<\/td>\n<\/tr>\n<tr>\n<td colspan=\"1\" rowspan=\"1\">\n<div class=\"magic-15\"><span class=\"magic-17\">Sta\u0142y spos\u00f3b:<\/span><\/div>\n<\/td>\n<td colspan=\"1\" rowspan=\"1\">\n<div class=\"magic-16\"><span class=\"magic-17\">Szycie \/ prasowanie<\/span><\/div>\n<\/td>\n<\/tr>\n<tr>\n<td colspan=\"1\" rowspan=\"1\">\n<div class=\"magic-15\"><span class=\"magic-17\">Druk:<\/span><\/div>\n<\/td>\n<td colspan=\"1\" rowspan=\"1\">\n<div class=\"magic-16\"><span class=\"magic-17\">Drukowanie, kodowanie, numer seryjny, projekt itp.<\/span><\/div>\n<\/td>\n<\/tr>\n<tr>\n<td colspan=\"1\" rowspan=\"1\">\n<div class=\"magic-15\"><span class=\"magic-17\">\u017bycie IC:<\/span><\/div>\n<\/td>\n<td colspan=\"1\" rowspan=\"1\">\n<div class=\"magic-16\" data-spm-anchor-id=\"a2700.details.0.i94.236a58c1ycsfva\"><span class=\"magic-17\">100 000 cykli programowania<br \/>\n10 lat przechowywania danych<\/span><\/div>\n<\/td>\n<\/tr>\n<tr>\n<td colspan=\"1\" rowspan=\"1\">\n<div class=\"magic-15\"><span class=\"magic-17\">Dost\u0119pno\u015b\u0107 pr\u00f3bek:<\/span><\/div>\n<\/td>\n<td colspan=\"1\" rowspan=\"1\">\n<div class=\"magic-16\"><span class=\"magic-17\">Bezp\u0142atne pr\u00f3bki s\u0105 dost\u0119pne na \u017cyczenie<\/span><\/div>\n<\/td>\n<\/tr>\n<tr>\n<td colspan=\"1\" rowspan=\"1\">\n<div class=\"magic-15\"><span class=\"magic-17\">Zastosowania:\u00a0<\/span><\/div>\n<\/td>\n<td colspan=\"1\" rowspan=\"1\">\n<div class=\"magic-16\"><span class=\"magic-17\">\u00b7 Zarz\u0105dzanie zapasami<br \/>\n\u00b7 \u0141a\u0144cuch dostaw<br \/>\n\u00b7 Sprzeda\u017c detaliczna<\/span><\/div>\n<\/td>\n<\/tr>\n<tr>\n<td colspan=\"1\" rowspan=\"1\">\n<div class=\"magic-15\"><span class=\"magic-17\">U\u017cywa\u0107<\/span><\/div>\n<\/td>\n<td colspan=\"1\" rowspan=\"1\">\n<div class=\"magic-16\"><span class=\"magic-17\">Ubrania, odzie\u017c, torby, buty itp.<\/span><\/div>\n<\/td>\n<\/tr>\n<\/tbody>\n<\/table>\n<\/div>\n<\/div>\n<div class=\"J_module\">\n<div class=\"detail-decorate-json-renderer-container\">\n<div class=\"magic-1\">\n<div class=\"magic-5\">\n<div class=\"magic-6\">\n<div><\/div>\n<\/div>\n<div>\n<div class=\"auto-hide-last-sibling-br paragraph_1252f paragraph-element\">\n<div class=\"auto-hide-last-sibling-br paragraph_1252f paragraph-element\">\n<div class=\"auto-hide-last-sibling-br paragraph_1252f paragraph-element\">Etykieta Satin UHF RFID Wash Label to prze\u0142omowa innowacja, kt\u00f3ra \u0142\u0105czy w sobie to, co najlepsze z obu \u015bwiat\u00f3w: konwencjonalne etykiety do piel\u0119gnacji odzie\u017cy i zaawansowan\u0105 technologi\u0119 RFID. Etykiety te s\u0105 zaprojektowane tak, aby spe\u0142nia\u0107 normy ISO18000-6C EPC Class 1 Gen2 i zawieraj\u0105 pasywny wk\u0142ad RFID UHF 860-960 MHz.<\/div>\n<div><\/div>\n<div class=\"auto-hide-last-sibling-br paragraph_1252f paragraph-element\"><strong>G\u0142\u00f3wne cechy etykiet piel\u0119gnacyjnych RFID:<\/strong><\/div>\n<ol class=\"auto-hide-last-sibling-br\">\n<li>\n<div class=\"auto-hide-last-sibling-br paragraph_1252f paragraph-element\"><strong>R\u00f3\u017cnorodno\u015b\u0107 materia\u0142\u00f3w:<\/strong>\u00a0Etykiety piel\u0119gnacyjne mog\u0105 by\u0107 wykonane z r\u00f3\u017cnych materia\u0142\u00f3w, od tkanin tkanych po wst\u0105\u017cki, co zapewnia elastyczno\u015b\u0107 w projektowaniu i stosowaniu.<\/div>\n<\/li>\n<li>\n<div class=\"auto-hide-last-sibling-br paragraph_1252f paragraph-element\"><strong>Trwa\u0142o\u015b\u0107:<\/strong>\u00a0Jedn\u0105 z charakterystycznych cech tych metek piel\u0119gnacyjnych jest ich odporno\u015b\u0107. Maj\u0105 w\u0142a\u015bciwo\u015bci odporne na prasowanie i pranie, dzi\u0119ki czemu zachowuj\u0105 swoj\u0105 wydajno\u015b\u0107 i czytelno\u015b\u0107 nawet po intensywnych cyklach prania.<\/div>\n<\/li>\n<li>\n<div class=\"auto-hide-last-sibling-br paragraph_1252f paragraph-element\"><strong>Drukowanie powierzchniowe:<\/strong>\u00a0Etykiety te mo\u017cna r\u00f3wnie\u017c zadrukowywa\u0107 powierzchniowo, co pozwala na umieszczenie na nich tradycyjnych informacji umieszczanych na metkach odzie\u017cy, takich jak instrukcje dotycz\u0105ce piel\u0119gnacji, rozmiar, sk\u0142ad materia\u0142u, nazwa marki i inne.<\/div>\n<\/li>\n<li>\n<div class=\"auto-hide-last-sibling-br paragraph_1252f paragraph-element\"><strong>Elastyczno\u015b\u0107 w zakresie rozmiar\u00f3w i opakowa\u0144:<\/strong>\u00a0Etykiety piel\u0119gnacyjne RFID s\u0105 dost\u0119pne w szerokiej gamie rozmiar\u00f3w, aby dopasowa\u0107 si\u0119 do r\u00f3\u017cnych element\u00f3w garderoby i wymaga\u0144 u\u017cytkowych. Ponadto oferuj\u0105 elastyczne materia\u0142y opakowaniowe do wszechstronnych zastosowa\u0144.<\/div>\n<\/li>\n<li>\n<div class=\"auto-hide-last-sibling-br paragraph_1252f paragraph-element\"><strong>Szycie ubra\u0144:<\/strong>\u00a0Wreszcie, gdy te etykiety RFID zostan\u0105 przyszyte do ubra\u0144, mog\u0105 skutecznie zast\u0105pi\u0107 konwencjonalne metki do prania. Pozostan\u0105 przymocowane do ubrania tak d\u0142ugo, jak d\u0142ugo b\u0119dzie ono trwa\u0142o, umo\u017cliwiaj\u0105c skuteczne d\u0142ugoterminowe \u015bledzenie i zarz\u0105dzanie.<\/div>\n<\/li>\n<\/ol>\n<div class=\"auto-hide-last-sibling-br paragraph_1252f paragraph-element\"><strong>Korzy\u015bci:<\/strong><br class=\"container_e695a wrapper_ad07b undefined\" \/>Nasze wszechstronne do\u015bwiadczenie w produkcji RFID gwarantuje naszym klientom rozwi\u0105zania produktowe dostosowane do ich potrzeb.<br class=\"container_e695a wrapper_ad07b undefined\" \/>Gwarantujemy szybk\u0105 realizacj\u0119 zam\u00f3wie\u0144, nawet przy du\u017cych zam\u00f3wieniach.<br class=\"container_e695a wrapper_ad07b undefined\" \/>Specjalizujemy si\u0119 w obs\u0142udze zr\u00f3\u017cnicowanych proces\u00f3w przetwarzania danych, w tym m.in. kod\u00f3w QR, kod\u00f3w kreskowych, numeracji sekwencyjnej i kodowania chip\u00f3w.<br class=\"container_e695a wrapper_ad07b undefined\" \/>Jeste\u015bmy przygotowani, aby sprosta\u0107 wyj\u0105tkowym potrzebom klient\u00f3w, oferuj\u0105c r\u00f3\u017cnorodne etykiety piel\u0119gnacyjne RFID. Nasza oferta obejmuje ultrami\u0119kkie satynowe etykiety piel\u0119gnacyjne RFID i wytrzyma\u0142e nylonowe etykiety piel\u0119gnacyjne RFID, po g\u0142adkie etykiety piel\u0119gnacyjne RFID z tafty, luksusowe jedwabne etykiety piel\u0119gnacyjne RFID, a nawet wodoodporne etykiety piel\u0119gnacyjne do prania.<\/div>\n<\/div>\n<p>&nbsp;<\/p>\n<\/div>\n<\/div>\n<div class=\"magic-6\">\n<div><\/div>\n<\/div>\n<\/div>\n<\/div>\n<\/div>\n<\/div>","protected":false},"excerpt":{"rendered":"<p>Etykieta Satin UHF RFID Wash Label zosta\u0142a zaprojektowana tak, aby przetrwa\u0142a ca\u0142y okres u\u017cytkowania odzie\u017cy, umo\u017cliwiaj\u0105c zoptymalizowane \u015bledzenie ka\u017cdego artyku\u0142u od momentu jego powstania, przez przechowywanie i sprzeda\u017c, a potencjalnie nawet \u015bledzenie po zakupie.<\/p>","protected":false},"featured_media":182,"template":"","meta":{"_kad_post_transparent":"default","_kad_post_title":"","_kad_post_layout":"default","_kad_post_sidebar_id":"","_kad_post_content_style":"default","_kad_post_vertical_padding":"default","_kad_post_feature":"","_kad_post_feature_position":"","_kad_post_header":false,"_kad_post_footer":false,"_kad_post_classname":""},"product_brand":[],"product_cat":[81],"product_tag":[85,83,86],"class_list":{"0":"post-181","1":"product","2":"type-product","3":"status-publish","4":"has-post-thumbnail","6":"product_cat-rfid-wash-care-clothing-label","7":"product_tag-laundry-rfid-wash-care-label","8":"product_tag-rfid-wash-care-label","9":"product_tag-satin-uhf-rfid-wash-label","11":"first","12":"instock","13":"shipping-taxable","14":"product-type-simple","15":"entry","16":"content-bg","17":"loop-entry"},"_links":{"self":[{"href":"https:\/\/rfid-laundry-tag.com\/pl\/wp-json\/wp\/v2\/product\/181","targetHints":{"allow":["GET"]}}],"collection":[{"href":"https:\/\/rfid-laundry-tag.com\/pl\/wp-json\/wp\/v2\/product"}],"about":[{"href":"https:\/\/rfid-laundry-tag.com\/pl\/wp-json\/wp\/v2\/types\/product"}],"version-history":[{"count":1,"href":"https:\/\/rfid-laundry-tag.com\/pl\/wp-json\/wp\/v2\/product\/181\/revisions"}],"predecessor-version":[{"id":1298,"href":"https:\/\/rfid-laundry-tag.com\/pl\/wp-json\/wp\/v2\/product\/181\/revisions\/1298"}],"wp:featuredmedia":[{"embeddable":true,"href":"https:\/\/rfid-laundry-tag.com\/pl\/wp-json\/wp\/v2\/media\/182"}],"wp:attachment":[{"href":"https:\/\/rfid-laundry-tag.com\/pl\/wp-json\/wp\/v2\/media?parent=181"}],"wp:term":[{"taxonomy":"product_brand","embeddable":true,"href":"https:\/\/rfid-laundry-tag.com\/pl\/wp-json\/wp\/v2\/product_brand?post=181"},{"taxonomy":"product_cat","embeddable":true,"href":"https:\/\/rfid-laundry-tag.com\/pl\/wp-json\/wp\/v2\/product_cat?post=181"},{"taxonomy":"product_tag","embeddable":true,"href":"https:\/\/rfid-laundry-tag.com\/pl\/wp-json\/wp\/v2\/product_tag?post=181"}],"curies":[{"name":"wp","href":"https:\/\/api.w.org\/{rel}","templated":true}]}}