{"id":1785,"date":"2024-09-02T08:15:43","date_gmt":"2024-09-02T08:15:43","guid":{"rendered":"https:\/\/rfid-laundry-tag.com\/?post_type=product&#038;p=1785"},"modified":"2024-09-08T04:11:02","modified_gmt":"2024-09-08T04:11:02","slug":"uhf-rfid-label-tag-led-flash-light-location-for-library-management","status":"publish","type":"product","link":"https:\/\/rfid-laundry-tag.com\/pl\/uhf-rfid-label-tag-led-flash-light-location-for-library-management\/","title":{"rendered":"Etykieta UHF RFID Etykieta z lamp\u0105 b\u0142yskow\u0105 LED Lokalizacja Do zarz\u0105dzania bibliotek\u0105"},"content":{"rendered":"<div data-elementor-type=\"product-post\" data-elementor-id=\"1785\" class=\"elementor elementor-1785\" data-elementor-settings=\"{&quot;ha_cmc_init_switcher&quot;:&quot;no&quot;}\" data-elementor-post-type=\"product\">\n\t\t\t\t<div class=\"elementor-element elementor-element-1c13a178 e-flex e-con-boxed e-con e-parent\" data-id=\"1c13a178\" data-element_type=\"container\" data-e-type=\"container\" data-settings=\"{&quot;_ha_eqh_enable&quot;:false}\">\n\t\t\t\t\t<div class=\"e-con-inner\">\n\t\t\t\t<div class=\"elementor-element elementor-element-7e836d6a elementor-widget elementor-widget-text-editor\" data-id=\"7e836d6a\" data-element_type=\"widget\" data-e-type=\"widget\" data-widget_type=\"text-editor.default\">\n\t\t\t\t<div class=\"elementor-widget-container\">\n\t\t\t\t\t\t\t\t\t<p><span style=\"color: #000000;\">Etykiety UHF RFID Label Tag LED flash Light to innowacyjne rozwi\u0105zanie \u0142\u0105cz\u0105ce moc technologii RFID z wizualnym wska\u017anikiem LED, zwi\u0119kszaj\u0105ce wydajno\u015b\u0107 zarz\u0105dzania zapasami i aktywami. Etykiety te s\u0105 w pe\u0142ni konfigurowalne, co pozwala wybra\u0107 wymiary, kolor \u015bwiat\u0142a LED i wiele wi\u0119cej, aby spe\u0142ni\u0107 Twoje specyficzne wymagania. Dost\u0119pne rozmiary 18x75 mm i 14x96 mm oraz smuk\u0142a grubo\u015b\u0107 zaledwie 0,2 mm sprawiaj\u0105, \u017ce etykiety te s\u0105 wykonane z wytrzyma\u0142ego materia\u0142u PET, co zapewnia trwa\u0142o\u015b\u0107 nawet w trudnych warunkach.<\/span><\/p><p><span style=\"color: #000000;\">Pracuj\u0105c w zakresie cz\u0119stotliwo\u015bci 900-928 MHz, te etykiety zapewniaj\u0105 optymaln\u0105 wydajno\u015b\u0107, dzi\u0119ki czemu s\u0105 idealne dla r\u00f3\u017cnych bran\u017c. Specyfikacje pami\u0119ci obejmuj\u0105 TID 96 bit\u00f3w, EPC 160 bit\u00f3w i USER 1312 bit\u00f3w, oferuj\u0105c wystarczaj\u0105c\u0105 ilo\u015b\u0107 miejsca do przechowywania danych w celach \u015bledzenia i identyfikacji. Zaprojektowane tak, aby wytrzyma\u0107 temperatury robocze od -20\u00b0C do 70\u00b0C, te lampy b\u0142yskowe LED UHF RFID Label Tag nadaj\u0105 si\u0119 do szerokiej gamy zastosowa\u0144, w tym \u015bledzenia zasob\u00f3w, zarz\u0105dzania zapasami i innych.<\/span><\/p><table class=\"all magic-10\"><tbody><tr><td colspan=\"1\" rowspan=\"1\"><div class=\"magic-11\" data-spm-anchor-id=\"a2700.details.0.i38.105812c6mFAirA\"><span style=\"color: #000000;\">\u017beton<\/span><\/div><\/td><td colspan=\"1\" rowspan=\"1\"><div class=\"magic-12\"><span style=\"color: #000000;\">Dostosowane<\/span><\/div><\/td><\/tr><tr><td colspan=\"1\" rowspan=\"1\"><div class=\"magic-11\" data-spm-anchor-id=\"a2700.details.0.i47.105812c6mFAirA\"><span style=\"color: #000000;\">Wymiary<\/span><\/div><\/td><td colspan=\"1\" rowspan=\"1\"><div class=\"magic-12\"><span style=\"color: #000000;\">Wymiary: 18*75mm, 14*96mm, 100*10mm<\/span><\/div><\/td><\/tr><tr><td colspan=\"1\" rowspan=\"1\"><div class=\"magic-11\"><span style=\"color: #000000;\">Grubo\u015b\u0107<\/span><\/div><\/td><td colspan=\"1\" rowspan=\"1\"><div class=\"magic-12\"><span style=\"color: #000000;\">0,2 mm<\/span><\/div><\/td><\/tr><tr><td colspan=\"1\" rowspan=\"1\"><div class=\"magic-11\"><span style=\"color: #000000;\">Tworzywo<\/span><\/div><\/td><td colspan=\"1\" rowspan=\"1\"><div class=\"magic-12\"><span style=\"color: #000000;\">ZWIERZAK DOMOWY<\/span><\/div><\/td><\/tr><tr><td colspan=\"1\" rowspan=\"1\"><div class=\"magic-11\"><span style=\"color: #000000;\">Stopie\u0144 ochrony IP<\/span><\/div><\/td><td colspan=\"1\" rowspan=\"1\"><div class=\"magic-12\"><span style=\"color: #000000;\">Brak<\/span><\/div><\/td><\/tr><tr><td colspan=\"1\" rowspan=\"1\"><div class=\"magic-11\"><span style=\"color: #000000;\">Temperatura aplikacji<\/span><\/div><\/td><td colspan=\"1\" rowspan=\"1\"><div class=\"magic-12\"><span style=\"color: #000000;\">-20~70\u2103<\/span><\/div><\/td><\/tr><tr><td colspan=\"1\" rowspan=\"1\"><div class=\"magic-11\"><span style=\"color: #000000;\">Temperatura pracy<\/span><\/div><\/td><td colspan=\"1\" rowspan=\"1\"><div class=\"magic-12\"><span style=\"color: #000000;\">-20~70\u2103<\/span><\/div><\/td><\/tr><tr><td colspan=\"1\" rowspan=\"1\"><div class=\"magic-11\"><span style=\"color: #000000;\">Pami\u0119\u0107<\/span><\/div><\/td><td colspan=\"1\" rowspan=\"1\"><div class=\"magic-12\"><span style=\"color: #000000;\">TID 96 bit\u00f3w; EPC 160 bit\u00f3w; U\u017bYTKOWNIK 1312 bit\u00f3w<\/span><\/div><\/td><\/tr><tr><td colspan=\"1\" rowspan=\"1\"><div class=\"magic-11\"><span style=\"color: #000000;\">Zakres cz\u0119stotliwo\u015bci z najlepsz\u0105 wydajno\u015bci\u0105<\/span><\/div><\/td><td colspan=\"1\" rowspan=\"1\"><div class=\"magic-12\"><span style=\"color: #000000;\">900-928MHz (dostosowane)<\/span><\/div><\/td><\/tr><tr><td colspan=\"1\" rowspan=\"1\"><div class=\"magic-11\"><span style=\"color: #000000;\">\u017bycie IC<\/span><\/div><\/td><td colspan=\"1\" rowspan=\"1\" data-spm-anchor-id=\"a2700.details.0.i45.105812c6mFAirA\"><div class=\"magic-12\" data-spm-anchor-id=\"a2700.details.0.i39.105812c6mFAirA\"><span style=\"color: #000000;\">Napisz wytrzyma\u0142o\u015b\u0107 100 000 cykli<\/span><br \/><span style=\"color: #000000;\">Przechowywanie danych przez 10 lat<\/span><\/div><\/td><\/tr><tr><td colspan=\"1\" rowspan=\"1\"><div class=\"magic-11\"><span style=\"color: #000000;\">Protok\u00f3\u0142<\/span><\/div><\/td><td colspan=\"1\" rowspan=\"1\"><div class=\"magic-12\" data-spm-anchor-id=\"a2700.details.0.i46.105812c6mFAirA\"><span style=\"color: #000000;\">Norma ISO\/IEC 18000-6C<\/span><\/div><\/td><\/tr><\/tbody><\/table><p><a href=\"https:\/\/rfid-laundry-tag.com\/pl\/produkt\/uhf-rfid-label-tag-led-flash-light-location-for-library-management\/\"><img fetchpriority=\"high\" decoding=\"async\" class=\"alignnone size-full wp-image-1795\" src=\"https:\/\/rfid-laundry-tag.com\/wp-content\/uploads\/2024\/09\/4_H368fba2542f847448067aa52a880c6fdM.jpg\" alt=\"\" width=\"750\" height=\"750\" srcset=\"https:\/\/rfid-laundry-tag.com\/wp-content\/uploads\/2024\/09\/4_H368fba2542f847448067aa52a880c6fdM.jpg 750w, https:\/\/rfid-laundry-tag.com\/wp-content\/uploads\/2024\/09\/4_H368fba2542f847448067aa52a880c6fdM-300x300.jpg 300w, https:\/\/rfid-laundry-tag.com\/wp-content\/uploads\/2024\/09\/4_H368fba2542f847448067aa52a880c6fdM-150x150.jpg 150w, https:\/\/rfid-laundry-tag.com\/wp-content\/uploads\/2024\/09\/4_H368fba2542f847448067aa52a880c6fdM-12x12.jpg 12w, https:\/\/rfid-laundry-tag.com\/wp-content\/uploads\/2024\/09\/4_H368fba2542f847448067aa52a880c6fdM-600x600.jpg 600w, https:\/\/rfid-laundry-tag.com\/wp-content\/uploads\/2024\/09\/4_H368fba2542f847448067aa52a880c6fdM-100x100.jpg 100w\" sizes=\"(max-width: 750px) 100vw, 750px\" \/><\/a><\/p><p><span style=\"color: #000000;\">Unikalna funkcja LED dodaje wizualny komponent do znacznika RFID, umo\u017cliwiaj\u0105c szybk\u0105 i \u0142atw\u0105 identyfikacj\u0119, znacznie przyspieszaj\u0105c procesy, w kt\u00f3rych konieczne jest szybkie potwierdzenie wizualne. Etykiety s\u0105 zgodne z protoko\u0142ami ISO\/IEC 18000-6C, zapewniaj\u0105c bezproblemow\u0105 integracj\u0119 z istniej\u0105cymi systemami RFID. Dzi\u0119ki wytrzyma\u0142o\u015bci zapisu wynosz\u0105cej 100 000 cykli i retencji danych do 10 lat, etykiety te zapewniaj\u0105 niezawodne i trwa\u0142e rozwi\u0105zanie dla Twoich potrzeb \u015bledzenia. Niezale\u017cnie od tego, czy musisz zarz\u0105dza\u0107 zapasami, \u015bledzi\u0107 aktywa, czy wdro\u017cy\u0107 bardziej wydajny system identyfikacji, etykiety LED RFID oferuj\u0105 wszechstronne i solidne rozwi\u0105zanie dostosowane do Twoich potrzeb.<\/span><\/p><p><span style=\"color: #000000;\">Etykieta RFID LED to zaawansowana etykieta samoprzylepna, kt\u00f3ra integruje technologi\u0119 RFID z wizualnym wska\u017anikiem LED, zapewniaj\u0105c innowacyjne rozwi\u0105zanie do \u015bledzenia zasob\u00f3w i zarz\u0105dzania zapasami. Ka\u017cda etykieta jest wyposa\u017cona w transponder cz\u0119stotliwo\u015bci radiowej i anten\u0119, umo\u017cliwiaj\u0105c bezproblemow\u0105 komunikacj\u0119 z czytnikami RF. Wyr\u00f3\u017cniaj\u0105c\u0105 cech\u0105 tej etykiety jest komponent LED, kt\u00f3ry \u015bwieci po aktywacji, oferuj\u0105c szybk\u0105 i wyra\u017an\u0105 wizualn\u0105 identyfikacj\u0119 przedmiot\u00f3w.<\/span><\/p><p><span style=\"color: #000000;\">Te znaczniki LED s\u0105 wszechstronne i mog\u0105 by\u0107 u\u017cywane w wielu zastosowaniach, takich jak zarz\u0105dzanie zapasami, \u015bledzenie zasob\u00f3w i logistyka \u0142a\u0144cucha dostaw. Dostosowywalna natura etykiety LED umo\u017cliwia dostosowanie rozmiaru, koloru \u015bwiat\u0142a LED i pojemno\u015bci pami\u0119ci do konkretnych potrzeb operacyjnych. Niezale\u017cnie od tego, czy s\u0105 u\u017cywane w magazynach, \u015brodowiskach handlowych czy \u015brodowiskach przemys\u0142owych, etykiety te pomagaj\u0105 usprawni\u0107 procesy, zapewniaj\u0105c podw\u00f3jn\u0105 metod\u0119 identyfikacji \u2014 skanowanie RFID i potwierdzenie wizualne \u2014 co czyni je niezb\u0119dnymi do zwi\u0119kszenia dok\u0142adno\u015bci i wydajno\u015bci \u015bledzenia cennych zasob\u00f3w.<\/span><\/p>\t\t\t\t\t\t\t\t<\/div>\n\t\t\t\t<\/div>\n\t\t\t\t\t<\/div>\n\t\t\t\t<\/div>\n\t\t\t\t<\/div>","protected":false},"excerpt":{"rendered":"<p>Etykieta UHF RFID Etykieta LED Flash Light z wizualnymi wska\u017anikami do efektywnego \u015bledzenia zapas\u00f3w. Wytrzyma\u0142y PET, 900-928MHz, -20\u00b0C do 70\u00b0C, idealny do r\u00f3\u017cnych zastosowa\u0144.<\/p>","protected":false},"featured_media":1786,"template":"","meta":{"_kad_post_transparent":"default","_kad_post_title":"","_kad_post_layout":"default","_kad_post_sidebar_id":"","_kad_post_content_style":"default","_kad_post_vertical_padding":"default","_kad_post_feature":"","_kad_post_feature_position":"","_kad_post_header":false,"_kad_post_footer":false,"_kad_post_classname":""},"product_brand":[],"product_cat":[54],"product_tag":[275,98,269],"class_list":{"0":"post-1785","1":"product","2":"type-product","3":"status-publish","4":"has-post-thumbnail","6":"product_cat-hot-selling-rfid-tags","7":"product_tag-led-light-rfid-label","8":"product_tag-uhf-rfid-label","9":"product_tag-uhf-rfid-label-tag-led-flash-light","11":"first","12":"instock","13":"shipping-taxable","14":"product-type-simple","15":"entry","16":"content-bg","17":"loop-entry"},"_links":{"self":[{"href":"https:\/\/rfid-laundry-tag.com\/pl\/wp-json\/wp\/v2\/product\/1785","targetHints":{"allow":["GET"]}}],"collection":[{"href":"https:\/\/rfid-laundry-tag.com\/pl\/wp-json\/wp\/v2\/product"}],"about":[{"href":"https:\/\/rfid-laundry-tag.com\/pl\/wp-json\/wp\/v2\/types\/product"}],"version-history":[{"count":5,"href":"https:\/\/rfid-laundry-tag.com\/pl\/wp-json\/wp\/v2\/product\/1785\/revisions"}],"predecessor-version":[{"id":1911,"href":"https:\/\/rfid-laundry-tag.com\/pl\/wp-json\/wp\/v2\/product\/1785\/revisions\/1911"}],"wp:featuredmedia":[{"embeddable":true,"href":"https:\/\/rfid-laundry-tag.com\/pl\/wp-json\/wp\/v2\/media\/1786"}],"wp:attachment":[{"href":"https:\/\/rfid-laundry-tag.com\/pl\/wp-json\/wp\/v2\/media?parent=1785"}],"wp:term":[{"taxonomy":"product_brand","embeddable":true,"href":"https:\/\/rfid-laundry-tag.com\/pl\/wp-json\/wp\/v2\/product_brand?post=1785"},{"taxonomy":"product_cat","embeddable":true,"href":"https:\/\/rfid-laundry-tag.com\/pl\/wp-json\/wp\/v2\/product_cat?post=1785"},{"taxonomy":"product_tag","embeddable":true,"href":"https:\/\/rfid-laundry-tag.com\/pl\/wp-json\/wp\/v2\/product_tag?post=1785"}],"curies":[{"name":"wp","href":"https:\/\/api.w.org\/{rel}","templated":true}]}}