{"id":176,"date":"2024-06-15T16:46:13","date_gmt":"2024-06-15T16:46:13","guid":{"rendered":"https:\/\/rfid-laundry-tag.com\/?post_type=product&#038;p=176"},"modified":"2024-06-15T16:46:13","modified_gmt":"2024-06-15T16:46:13","slug":"nylon-rfid-wash-care-clothing-label","status":"publish","type":"product","link":"https:\/\/rfid-laundry-tag.com\/pl\/nylon-rfid-wash-care-clothing-label\/","title":{"rendered":"Etykieta do prania i piel\u0119gnacji odzie\u017cy z nylonu RFID"},"content":{"rendered":"<div class=\"J_module\">\n<div class=\"ife-detail-decorate-table\">\n<table class=\"hight-light-first-column all magic-14\">\n<tbody>\n<tr>\n<td colspan=\"1\" rowspan=\"1\">\n<div class=\"magic-15\" data-spm-anchor-id=\"a2700.details.0.i95.236a58c1ycsfva\">Nazwa produkcji:<\/div>\n<\/td>\n<td colspan=\"1\" rowspan=\"1\">\n<div class=\"magic-16\">Etykieta do prania i piel\u0119gnacji odzie\u017cy z nylonu RFID<\/div>\n<\/td>\n<\/tr>\n<tr>\n<td colspan=\"1\" rowspan=\"1\">\n<div class=\"magic-15\"><span class=\"magic-17\">Tworzywo:<\/span><\/div>\n<\/td>\n<td colspan=\"1\" rowspan=\"1\">\n<div class=\"magic-16\">Poliester\/Kompozycja\/Satyna\/Bawe\u0142na\/W\u0142\u00f3knina\/PET itp.<\/div>\n<\/td>\n<\/tr>\n<tr>\n<td colspan=\"1\" rowspan=\"1\">\n<div class=\"magic-15\"><span class=\"magic-17\">Rozmiar:<\/span><\/div>\n<\/td>\n<td colspan=\"1\" rowspan=\"1\">\n<div class=\"magic-16\"><span class=\"magic-17\">80*38mm\/60*30mm lub dostosowane<\/span><\/div>\n<\/td>\n<\/tr>\n<tr>\n<td colspan=\"1\" rowspan=\"1\">\n<div class=\"magic-15\"><span class=\"magic-17\">Typ:<\/span><\/div>\n<\/td>\n<td colspan=\"1\" rowspan=\"1\">\n<div class=\"magic-16\"><span class=\"magic-17\">Pasywny, RFID<\/span><\/div>\n<\/td>\n<\/tr>\n<tr>\n<td colspan=\"1\" rowspan=\"1\">\n<div class=\"magic-15\">Protok\u00f3\u0142 RF:<\/div>\n<\/td>\n<td colspan=\"1\" rowspan=\"1\">\n<div class=\"magic-16\">ISO 18000-6C; EPC Klasa 1 Gen 2<\/div>\n<\/td>\n<\/tr>\n<tr>\n<td colspan=\"1\" rowspan=\"1\">\n<div class=\"magic-15\"><span class=\"magic-17\">Cz\u0119stotliwo\u015b\u0107:<\/span><\/div>\n<\/td>\n<td colspan=\"1\" rowspan=\"1\">\n<div class=\"magic-16\"><span class=\"magic-17\">860~960MHz<\/span><\/div>\n<\/td>\n<\/tr>\n<tr>\n<td colspan=\"1\" rowspan=\"1\">\n<div class=\"magic-15\">\u017beton<\/div>\n<\/td>\n<td colspan=\"1\" rowspan=\"1\">\n<div class=\"magic-16\">Impinj Monza R6\/R6-P, NXP UCODE8\/UCODE9 itp.<\/div>\n<\/td>\n<\/tr>\n<tr>\n<td colspan=\"1\" rowspan=\"1\">\n<div class=\"magic-15\"><span class=\"magic-17\">Odleg\u0142o\u015b\u0107 odczytu:<\/span><\/div>\n<\/td>\n<td colspan=\"1\" rowspan=\"1\">\n<div class=\"magic-16\"><span class=\"magic-17\">UHF: 1~10m (w zale\u017cno\u015bci od czytnika i anteny)<\/span><\/div>\n<\/td>\n<\/tr>\n<tr>\n<td colspan=\"1\" rowspan=\"1\">\n<div class=\"magic-15\"><span class=\"magic-17\">Sta\u0142y spos\u00f3b:<\/span><\/div>\n<\/td>\n<td colspan=\"1\" rowspan=\"1\">\n<div class=\"magic-16\"><span class=\"magic-17\">Szycie \/ prasowanie<\/span><\/div>\n<\/td>\n<\/tr>\n<tr>\n<td colspan=\"1\" rowspan=\"1\">\n<div class=\"magic-15\"><span class=\"magic-17\">Druk:<\/span><\/div>\n<\/td>\n<td colspan=\"1\" rowspan=\"1\">\n<div class=\"magic-16\"><span class=\"magic-17\">Drukowanie, kodowanie, numer seryjny, projekt itp.<\/span><\/div>\n<\/td>\n<\/tr>\n<tr>\n<td colspan=\"1\" rowspan=\"1\">\n<div class=\"magic-15\"><span class=\"magic-17\">\u017bycie IC:<\/span><\/div>\n<\/td>\n<td colspan=\"1\" rowspan=\"1\">\n<div class=\"magic-16\" data-spm-anchor-id=\"a2700.details.0.i94.236a58c1ycsfva\"><span class=\"magic-17\">100 000 cykli programowania<br \/>\n10 lat przechowywania danych<\/span><\/div>\n<\/td>\n<\/tr>\n<tr>\n<td colspan=\"1\" rowspan=\"1\">\n<div class=\"magic-15\"><span class=\"magic-17\">Dost\u0119pno\u015b\u0107 pr\u00f3bek:<\/span><\/div>\n<\/td>\n<td colspan=\"1\" rowspan=\"1\">\n<div class=\"magic-16\"><span class=\"magic-17\">Bezp\u0142atne pr\u00f3bki s\u0105 dost\u0119pne na \u017cyczenie<\/span><\/div>\n<\/td>\n<\/tr>\n<tr>\n<td colspan=\"1\" rowspan=\"1\">\n<div class=\"magic-15\"><span class=\"magic-17\">Zastosowania:\u00a0<\/span><\/div>\n<\/td>\n<td colspan=\"1\" rowspan=\"1\">\n<div class=\"magic-16\"><span class=\"magic-17\">\u00b7 Zarz\u0105dzanie zapasami<br \/>\n\u00b7 \u0141a\u0144cuch dostaw<br \/>\n\u00b7 Sprzeda\u017c detaliczna<\/span><\/div>\n<\/td>\n<\/tr>\n<tr>\n<td colspan=\"1\" rowspan=\"1\">\n<div class=\"magic-15\"><span class=\"magic-17\">U\u017cywa\u0107<\/span><\/div>\n<\/td>\n<td colspan=\"1\" rowspan=\"1\">\n<div class=\"magic-16\"><span class=\"magic-17\">Ubrania, odzie\u017c, torby, buty itp.<\/span><\/div>\n<\/td>\n<\/tr>\n<\/tbody>\n<\/table>\n<\/div>\n<\/div>\n<div class=\"J_module\">\n<div class=\"detail-decorate-json-renderer-container\">\n<div class=\"magic-1\">\n<div class=\"magic-5\">\n<div class=\"magic-6\">\n<div class=\"magic-7\"><span class=\"magic-10\">UCODE s\u0105 zarejestrowanymi znakami towarowymi firmy NXP BV i s\u0105 u\u017cywane na podstawie licencji.<\/span><\/div>\n<div><\/div>\n<\/div>\n<div>\n<div class=\"auto-hide-last-sibling-br paragraph_1252f paragraph-element\">Artyku\u0142y modowe, takie jak odzie\u017c, podlegaj\u0105 r\u00f3\u017cnym czynnikom wp\u0142ywaj\u0105cym, kt\u00f3re mog\u0105 wp\u0142ywa\u0107 na sprzeda\u017c, w tym wahaniom sezonowym, po\u0142o\u017ceniu geograficznemu, preferencjom klient\u00f3w, trendom w modzie i cenom. Rola etykiet piel\u0119gnacyjnych RFID staje si\u0119 tutaj kluczowa, poniewa\u017c pozwalaj\u0105 firmom odzie\u017cowym monitorowa\u0107 dynamik\u0119 sprzeda\u017cy w czasie rzeczywistym.<\/div>\n<p><br class=\"container_e695a wrapper_ad07b undefined\" \/><\/p>\n<div class=\"auto-hide-last-sibling-br paragraph_1252f paragraph-element\">\n<div class=\"auto-hide-last-sibling-br paragraph_1252f paragraph-element\"><strong>Cechy nylonowej etykiety RFID do piel\u0119gnacji odzie\u017cy:<\/strong><\/div>\n<p><br class=\"container_e695a wrapper_ad07b undefined\" \/><\/p>\n<ol class=\"auto-hide-last-sibling-br\">\n<li>\n<div class=\"auto-hide-last-sibling-br paragraph_1252f paragraph-element\"><strong>Tworzywo:<\/strong>\u00a0Metka wykonana jest z nylonu, mocnego i trwa\u0142ego materia\u0142u, odpornego na wysokie temperatury, ci\u015bnienie i nieostro\u017cne obchodzenie si\u0119, co gwarantuje, \u017ce metka pozostanie nienaruszona niezale\u017cnie od sposobu obchodzenia si\u0119 z odzie\u017c\u0105 i sposobu jej prania.<\/div>\n<\/li>\n<li>\n<div class=\"auto-hide-last-sibling-br paragraph_1252f paragraph-element\"><strong>\u015aledzenie danych:<\/strong>\u00a0Dzi\u0119ki technologii RFID umo\u017cliwia \u015bledzenie w czasie rzeczywistym i zbieranie istotnych danych, takich jak historia produktu, lokalizacja i status, zapewniaj\u0105c firmom odzie\u017cowym cenne informacje.<\/div>\n<\/li>\n<li>\n<div class=\"auto-hide-last-sibling-br paragraph_1252f paragraph-element\"><strong>Funkcjonalno\u015b\u0107:<\/strong>\u00a0Etykieta RFID dzia\u0142a w r\u00f3\u017cnych trudnych warunkach i mo\u017ce identyfikowa\u0107 wiele tag\u00f3w jednocze\u015bnie, nawet w przypadku szybko przemieszczaj\u0105cych si\u0119 przedmiot\u00f3w.<\/div>\n<\/li>\n<li>\n<div class=\"auto-hide-last-sibling-br paragraph_1252f paragraph-element\"><strong>Trwa\u0142o\u015b\u0107:<\/strong>\u00a0W przeciwie\u0144stwie do tradycyjnych metek, etykiety RFID s\u0105 zazwyczaj przyszywane lub wklejane w odzie\u017c, co zmniejsza ryzyko ich odpadni\u0119cia podczas transportu lub przenoszenia.<\/div>\n<\/li>\n<li>\n<div class=\"auto-hide-last-sibling-br paragraph_1252f paragraph-element\"><strong>Zielony i bezpieczny:<\/strong>\u00a0Etykiety s\u0105 ekologiczne i bezpieczne, poniewa\u017c po utylizacji maj\u0105 najmniejszy wp\u0142yw na \u015brodowisko.<\/div>\n<\/li>\n<\/ol>\n<p><br class=\"container_e695a wrapper_ad07b undefined\" \/><\/p>\n<div class=\"auto-hide-last-sibling-br paragraph_1252f paragraph-element\"><strong>Zastosowania nylonowej etykiety RFID do prania i piel\u0119gnacji odzie\u017cy:<\/strong><\/div>\n<p><br class=\"container_e695a wrapper_ad07b undefined\" \/><\/p>\n<ol class=\"auto-hide-last-sibling-br\">\n<li>\n<div class=\"auto-hide-last-sibling-br paragraph_1252f paragraph-element\"><strong>Zarz\u0105dzanie zapasami:<\/strong>\u00a0Etykiety pomagaj\u0105 \u015bledzi\u0107 stan zapas\u00f3w w czasie rzeczywistym, co sprawia, \u017ce proces zarz\u0105dzania zapasami staje si\u0119 dla przedsi\u0119biorstw bardziej efektywny.<\/div>\n<\/li>\n<li>\n<div class=\"auto-hide-last-sibling-br paragraph_1252f paragraph-element\"><strong>\u0141a\u0144cuch dostaw:<\/strong>\u00a0Pomagaj\u0105 optymalizowa\u0107 ca\u0142y \u0142a\u0144cuch dostaw, od usprawnienia proces\u00f3w produkcyjnych po zwi\u0119kszenie efektywno\u015bci magazynowania i logistyki.<\/div>\n<\/li>\n<li>\n<div class=\"auto-hide-last-sibling-br paragraph_1252f paragraph-element\"><strong>Zarz\u0105dzanie sprzeda\u017c\u0105 detaliczn\u0105:<\/strong>\u00a0W handlu detalicznym etykiety te usprawniaj\u0105 proces realizacji transakcji, przyspieszaj\u0105c skanowanie i zmniejszaj\u0105c kolejki.<\/div>\n<\/li>\n<li>\n<div class=\"auto-hide-last-sibling-br paragraph_1252f paragraph-element\"><strong>Antykradzie\u017cowy:<\/strong>\u00a0W po\u0142\u0105czeniu z systemem bezpiecze\u0144stwa sklepu mog\u0105 pe\u0142ni\u0107 funkcj\u0119 narz\u0119dzia zabezpieczaj\u0105cego przed kradzie\u017c\u0105 sklepow\u0105.<\/div>\n<\/li>\n<li>\n<div class=\"auto-hide-last-sibling-br paragraph_1252f paragraph-element\"><strong>Autentyczno\u015b\u0107 produktu:<\/strong>\u00a0Etykiety mog\u0105 by\u0107 u\u017cywane do potwierdzania i weryfikowania autentyczno\u015bci produktu, zapobiegaj\u0105c w ten spos\u00f3b podrabianiu.<\/div>\n<\/li>\n<li>\n<div class=\"auto-hide-last-sibling-br paragraph_1252f paragraph-element\"><strong>Zastosowanie konsumenckie:<\/strong>\u00a0Dla ko\u0144cowego konsumenta etykiety te zawieraj\u0105 cenne informacje o produkcie i piel\u0119gnacji. Ponadto fakt, \u017ce etykieta pozostaje z ubraniem przez ca\u0142y okres jego u\u017cytkowania, pozwala na lepsze \u015bledzenie posprzeda\u017cowe.<\/div>\n<\/li>\n<\/ol>\n<p><br class=\"container_e695a wrapper_ad07b undefined\" \/><\/p>\n<div class=\"auto-hide-last-sibling-br paragraph_1252f paragraph-element\">Etykiety te rewolucjonizuj\u0105 spos\u00f3b, w jaki odzie\u017c przechodzi przez etapy od produkcji, przez sklep detaliczny, a\u017c do momentu, gdy trafia do konsumenta ko\u0144cowego, staj\u0105c si\u0119 tym samym integraln\u0105 cz\u0119\u015bci\u0105 przemys\u0142u odzie\u017cowego.<\/div>\n<\/div>\n<\/div>\n<div class=\"magic-6\">\n<div><\/div>\n<\/div>\n<\/div>\n<\/div>\n<\/div>\n<\/div>","protected":false},"excerpt":{"rendered":"<p>Nylonowa etykieta RFID Wash Care Label to rewolucyjny post\u0119p w przemy\u015ble tekstylnym i odzie\u017cowym. RFID, jeden z najbardziej obiecuj\u0105cych prze\u0142om\u00f3w technologicznych, u\u0142atwia liczne zastosowania w tym sektorze. Odgrywa kluczow\u0105 rol\u0119 w procesach produkcyjnych, utrzymuj\u0105c kontrol\u0119 zapas\u00f3w, zarz\u0105dzaj\u0105c magazynami, usprawniaj\u0105c dystrybucj\u0119 i logistyk\u0119, umo\u017cliwiaj\u0105c automatyczne \u015bledzenie obiekt\u00f3w i optymalizuj\u0105c zarz\u0105dzanie \u0142a\u0144cuchem dostaw. To innowacyjne podej\u015bcie znacznie zwi\u0119kszy\u0142o wydajno\u015b\u0107 i produktywno\u015b\u0107 w bran\u017cy tekstylnej i odzie\u017cowej.<\/p>","protected":false},"featured_media":177,"template":"","meta":{"_kad_post_transparent":"default","_kad_post_title":"","_kad_post_layout":"default","_kad_post_sidebar_id":"","_kad_post_content_style":"default","_kad_post_vertical_padding":"default","_kad_post_feature":"","_kad_post_feature_position":"","_kad_post_header":false,"_kad_post_footer":false,"_kad_post_classname":""},"product_brand":[],"product_cat":[81],"product_tag":[84,82,83],"class_list":{"0":"post-176","1":"product","2":"type-product","3":"status-publish","4":"has-post-thumbnail","6":"product_cat-rfid-wash-care-clothing-label","7":"product_tag-heat-transfer-laundry-rfid-wash-care-label","8":"product_tag-rfid-wash-care-clothing-label","9":"product_tag-rfid-wash-care-label","11":"first","12":"instock","13":"shipping-taxable","14":"product-type-simple","15":"entry","16":"content-bg","17":"loop-entry"},"_links":{"self":[{"href":"https:\/\/rfid-laundry-tag.com\/pl\/wp-json\/wp\/v2\/product\/176","targetHints":{"allow":["GET"]}}],"collection":[{"href":"https:\/\/rfid-laundry-tag.com\/pl\/wp-json\/wp\/v2\/product"}],"about":[{"href":"https:\/\/rfid-laundry-tag.com\/pl\/wp-json\/wp\/v2\/types\/product"}],"version-history":[{"count":0,"href":"https:\/\/rfid-laundry-tag.com\/pl\/wp-json\/wp\/v2\/product\/176\/revisions"}],"wp:featuredmedia":[{"embeddable":true,"href":"https:\/\/rfid-laundry-tag.com\/pl\/wp-json\/wp\/v2\/media\/177"}],"wp:attachment":[{"href":"https:\/\/rfid-laundry-tag.com\/pl\/wp-json\/wp\/v2\/media?parent=176"}],"wp:term":[{"taxonomy":"product_brand","embeddable":true,"href":"https:\/\/rfid-laundry-tag.com\/pl\/wp-json\/wp\/v2\/product_brand?post=176"},{"taxonomy":"product_cat","embeddable":true,"href":"https:\/\/rfid-laundry-tag.com\/pl\/wp-json\/wp\/v2\/product_cat?post=176"},{"taxonomy":"product_tag","embeddable":true,"href":"https:\/\/rfid-laundry-tag.com\/pl\/wp-json\/wp\/v2\/product_tag?post=176"}],"curies":[{"name":"wp","href":"https:\/\/api.w.org\/{rel}","templated":true}]}}