{"id":171,"date":"2024-06-15T13:49:12","date_gmt":"2024-06-15T13:49:12","guid":{"rendered":"https:\/\/rfid-laundry-tag.com\/?post_type=product&#038;p=171"},"modified":"2024-06-15T14:14:22","modified_gmt":"2024-06-15T14:14:22","slug":"uhf-rfid-silicone-washing-labels","status":"publish","type":"product","link":"https:\/\/rfid-laundry-tag.com\/pl\/uhf-rfid-silicone-washing-labels\/","title":{"rendered":"Etykiety silikonowe do prania UHF RFID"},"content":{"rendered":"<table style=\"border-collapse: collapse; width: 711px; height: 751px;\" border=\"0\" width=\"537\" cellspacing=\"0\" cellpadding=\"0\">\n<tbody>\n<tr style=\"height: 14.40pt;\">\n<td class=\"et2\" style=\"height: 14.40pt; width: 136.80pt;\" width=\"228\" height=\"24\">Tworzywo<\/td>\n<td class=\"et2\" style=\"width: 185.40pt;\" width=\"309\">Silikon<\/td>\n<\/tr>\n<tr style=\"height: 14.40pt;\">\n<td class=\"et3\" style=\"height: 14.40pt; width: 136.80pt;\" width=\"228\" height=\"24\">Rozmiar<\/td>\n<td class=\"et3\" style=\"width: 185.40pt;\" width=\"309\">55x12mm, 56x20mm, 85x27mm<\/td>\n<\/tr>\n<tr style=\"height: 14.40pt;\">\n<td class=\"et3\" style=\"height: 14.40pt; width: 136.80pt;\" width=\"228\" height=\"24\">Cz\u0119stotliwo\u015b\u0107<\/td>\n<td class=\"et3\" style=\"width: 185.40pt;\" width=\"309\">860-960MHz<\/td>\n<\/tr>\n<tr style=\"height: 27.60pt;\">\n<td class=\"et3\" style=\"height: 27.60pt; width: 136.80pt;\" width=\"228\" height=\"46\">Typ uk\u0142adu scalonego (chip)<\/td>\n<td class=\"et3\" style=\"width: 185.40pt;\" width=\"309\">U7\/U8 (dost\u0119pne s\u0105 Alien H3 i Impinj Monza R6)<\/td>\n<\/tr>\n<tr style=\"height: 27.60pt;\">\n<td class=\"et3\" style=\"height: 27.60pt; width: 136.80pt;\" width=\"228\" height=\"46\">Protok\u00f3\u0142<\/td>\n<td class=\"et3\" style=\"width: 185.40pt;\" width=\"309\">EPC Global Klasa 1 Gen2 i ISO18000-6C<\/td>\n<\/tr>\n<tr style=\"height: 14.40pt;\">\n<td class=\"et3\" style=\"height: 14.40pt; width: 136.80pt;\" width=\"228\" height=\"24\">Pami\u0119\u0107<\/td>\n<td class=\"et3\" style=\"width: 185.40pt;\" width=\"309\">128 bit\u00f3w<\/td>\n<\/tr>\n<tr style=\"height: 14.40pt;\">\n<td class=\"et3\" style=\"height: 14.40pt; width: 136.80pt;\" width=\"228\" height=\"24\">Wsp\u00f3\u0142czynnik kszta\u0142tu tagu<\/td>\n<td class=\"et3\" style=\"width: 185.40pt;\" width=\"309\">Elastyczny<\/td>\n<\/tr>\n<tr style=\"height: 14.40pt;\">\n<td class=\"et3\" style=\"height: 14.40pt; width: 136.80pt;\" width=\"228\" height=\"24\">Antykolizyjny<\/td>\n<td class=\"et3\" style=\"width: 185.40pt;\" width=\"309\">Tak<\/td>\n<\/tr>\n<tr style=\"height: 14.40pt;\">\n<td class=\"et3\" style=\"height: 14.40pt; width: 136.80pt;\" width=\"228\" height=\"24\">Temperatura pracy<\/td>\n<td class=\"et3\" style=\"width: 185.40pt;\" width=\"309\">-25 \u00b0C \/ +200 \u00b0C<\/td>\n<\/tr>\n<tr style=\"height: 14.40pt;\">\n<td class=\"et3\" style=\"height: 14.40pt; width: 136.80pt;\" width=\"228\" height=\"24\">Odczyt odleg\u0142o\u015bci<\/td>\n<td class=\"et3\" style=\"width: 185.40pt;\" width=\"309\">1-7m<\/td>\n<\/tr>\n<tr style=\"height: 14.40pt;\">\n<td class=\"et3\" style=\"height: 14.40pt; width: 136.80pt;\" width=\"228\" height=\"24\">Przyczepia si\u0119 do<\/td>\n<td class=\"et3\" style=\"width: 185.40pt;\" width=\"309\">Po\u015bciel i odzie\u017c<\/td>\n<\/tr>\n<tr style=\"height: 14.40pt;\">\n<td class=\"et3\" style=\"height: 14.40pt; width: 136.80pt;\" width=\"228\" height=\"24\">Stopie\u0144 ochrony IP<\/td>\n<td class=\"et3\" style=\"width: 185.40pt;\" width=\"309\">IP68<\/td>\n<\/tr>\n<tr style=\"height: 14.40pt;\">\n<td class=\"et3\" style=\"height: 14.40pt; width: 136.80pt;\" width=\"228\" height=\"24\">Kolor<\/td>\n<td class=\"et3\" style=\"width: 185.40pt;\" width=\"309\">Bia\u0142y\/niebieski lub niestandardowy<\/td>\n<\/tr>\n<tr style=\"height: 17.40pt;\">\n<td class=\"et4\" style=\"height: 17.40pt; width: 322.20pt;\" colspan=\"2\" width=\"537\" height=\"29\">Mycie<\/td>\n<\/tr>\n<tr style=\"height: 27.60pt;\">\n<td class=\"et3\" style=\"height: 27.60pt; width: 136.80pt;\" width=\"228\" height=\"46\">Wytrzymuje nara\u017cenie na<\/td>\n<td class=\"et3\" style=\"width: 185.40pt;\" width=\"309\">woda i wszystkie \u015brodki chemiczne powszechnie stosowane w pralniach komercyjnych i czyszcz\u0105cych chemicznie<\/td>\n<\/tr>\n<tr style=\"height: 14.40pt;\">\n<td class=\"et3\" style=\"height: 14.40pt; width: 136.80pt;\" width=\"228\" height=\"24\">Cykle prania<\/td>\n<td class=\"et3\" style=\"width: 185.40pt;\" width=\"309\">Do 200 cykli prania komercyjnego<\/td>\n<\/tr>\n<tr style=\"height: 27.60pt;\">\n<td class=\"et3\" style=\"height: 27.60pt; width: 136.80pt;\" width=\"228\" height=\"46\">Mycie<\/td>\n<td class=\"et3\" style=\"width: 185.40pt;\" width=\"309\">150 \u00baC przez 15-20 minut \u2013 150 cykli<\/td>\n<\/tr>\n<tr style=\"height: 27.60pt;\">\n<td class=\"et3\" style=\"height: 27.60pt; width: 136.80pt;\" width=\"228\" height=\"46\">Wysuszenie<\/td>\n<td class=\"et3\" style=\"width: 185.40pt;\" width=\"309\">95\u00b0C (do 60 min.), 130\u00b0C (do 30 min.)<\/td>\n<\/tr>\n<tr style=\"height: 14.40pt;\">\n<td class=\"et3\" style=\"height: 14.40pt; width: 136.80pt;\" width=\"228\" height=\"24\">Wyka\u0144czarka tuneli<\/td>\n<td class=\"et3\" style=\"width: 185.40pt;\" width=\"309\">200\u00b0C przez 30 min<\/td>\n<\/tr>\n<tr style=\"height: 14.40pt;\">\n<td class=\"et3\" style=\"height: 14.40pt; width: 136.80pt;\" width=\"228\" height=\"24\">Prasowanie<\/td>\n<td class=\"et3\" style=\"width: 185.40pt;\" width=\"309\">250\u00b0C (do 60 sekund)<\/td>\n<\/tr>\n<\/tbody>\n<\/table>\n<div><\/div>\n<div><\/div>\n<div class=\"auto-hide-last-sibling-br paragraph_1252f paragraph-element\"><strong>Etykiety silikonowe do prania UHF RFID oferuj\u0105 nast\u0119puj\u0105ce kluczowe cechy:<\/strong><\/div>\n<ol class=\"auto-hide-last-sibling-br\">\n<li>\n<div class=\"auto-hide-last-sibling-br paragraph_1252f paragraph-element\">Smuk\u0142e, mi\u0119kkie i elastyczne: Lekka i elastyczna konstrukcja zapewnia wygodne dopasowanie do ka\u017cdego materia\u0142u tekstylnego.<\/div>\n<\/li>\n<li>\n<div class=\"auto-hide-last-sibling-br paragraph_1252f paragraph-element\">Odporno\u015b\u0107: Tagi s\u0105 wodoodporne i odporne na dzia\u0142anie roztwor\u00f3w chemicznych, dzi\u0119ki czemu zachowuj\u0105 swoj\u0105 funkcjonalno\u015b\u0107 bez wzgl\u0119du na warunki, w kt\u00f3rych s\u0105 stosowane.<\/div>\n<\/li>\n<li>\n<div class=\"auto-hide-last-sibling-br paragraph_1252f paragraph-element\">Trwa\u0142o\u015b\u0107: Zapewnia trwa\u0142o\u015b\u0107 do 200 cykli prania, suszenia, czyszczenia i prasowania, gwarantuj\u0105c sta\u0142\u0105 wydajno\u015b\u0107.<\/div>\n<\/li>\n<li>\n<div class=\"auto-hide-last-sibling-br paragraph_1252f paragraph-element\">Wyj\u0105tkowa odporno\u015b\u0107: Wytrzymuje wysokie temperatury i trudne warunki. Etykieta do prania RFID, dzia\u0142aj\u0105ca w zakresie cz\u0119stotliwo\u015bci 860~960MHz, zosta\u0142a specjalnie zaprojektowana, aby wytrzyma\u0107 procesy czyszczenia przy wysokim ci\u015bnieniu i temperaturze.<\/div>\n<\/li>\n<li>\n<div class=\"auto-hide-last-sibling-br paragraph_1252f paragraph-element\">Szerokie zastosowanie: Idealnie nadaje si\u0119 do stosowania w trudnych warunkach, w kt\u00f3rych wymagana jest wysoka odporno\u015b\u0107 na ciep\u0142o, korozj\u0119 i zu\u017cycie, np. w pralniach i pralniach przemys\u0142owych.<\/div>\n<\/li>\n<li>\n<div class=\"auto-hide-last-sibling-br paragraph_1252f paragraph-element\">\u0141atwa integracja: \u0141atwe w monta\u017cu, mo\u017cna je stosowa\u0107 w r\u00f3\u017cnych materia\u0142ach tekstylnych, takich jak koszule, ubrania robocze, po\u015bciel i inne produkty tekstylne.<\/div>\n<\/li>\n<li>\n<div class=\"auto-hide-last-sibling-br paragraph_1252f paragraph-element\">R\u00f3\u017cnorodno\u015b\u0107 wyboru: Oferuje szerok\u0105 gam\u0119 etykiet pralniczych RFID, w tym etykiety pralnicze RFID PPS, silikonowe etykiety pralnicze RFID oraz materia\u0142owe etykiety pralnicze RFID.<\/div>\n<\/li>\n<li>\n<div class=\"auto-hide-last-sibling-br paragraph_1252f paragraph-element\">Szerokie zastosowanie: Szerokie zastosowanie w handlu detalicznym odzie\u017c\u0105, w prze\u015bcierad\u0142ach hotelowych, w czyszczeniu chemicznym odzie\u017cy medycznej i w pralniach przemys\u0142owych.<\/div>\n<\/li>\n<li>\n<div class=\"auto-hide-last-sibling-br paragraph_1252f paragraph-element\">Efektywne zarz\u0105dzanie: Technologia RFID zapewnia doskona\u0142\u0105 wydajno\u015b\u0107 w zakresie efektywnego zarz\u0105dzania, optymalizacji zapas\u00f3w i redukcji b\u0142\u0119d\u00f3w ludzkich podczas proces\u00f3w mycia i wystawiania rachunk\u00f3w.<\/div>\n<\/li>\n<\/ol>\n<div class=\"auto-hide-last-sibling-br paragraph_1252f paragraph-element\">Podsumowuj\u0105c, te znaczniki s\u0105 dostosowane do trudnych warunk\u00f3w prania, oferuj\u0105c trwa\u0142o\u015b\u0107, wydajno\u015b\u0107 i szeroki wachlarz zastosowa\u0144. Stanowi\u0105 inteligentne rozwi\u0105zanie do efektywnego zarz\u0105dzania i \u015bledzenia artyku\u0142\u00f3w do prania w r\u00f3\u017cnych sektorach.<\/div>\n<div><\/div>\n<p data-spm-anchor-id=\"a2700.details.0.i116.60201a70jOXdOd\"><strong>Aplikacja :<\/strong><\/p>\n<ul>\n<li>Po\u015bciel hotelowa Zarz\u0105dzanie \u015bledzeniem<\/li>\n<li>Fabryka\/magazyn\/hotel\/szpital\/park rozrywki<\/li>\n<li data-spm-anchor-id=\"a2700.details.0.i115.60201a70jOXdOd\"><span data-spm-anchor-id=\"a2700.details.0.i120.60201a70jOXdOd\">Mundury szpitalne<\/span><\/li>\n<li data-spm-anchor-id=\"a2700.details.0.i118.60201a70jOXdOd\">Po\u015bciel\/Palety\/Torby p\u0142\u00f3cienne<\/li>\n<li>Pralnia chemiczna<\/li>\n<li>Stosowa\u0107 w prze\u015bcierad\u0142ach hotelowych\/ Do mocowania na tekstyliach\/ Odzie\u017cy roboczej.<\/li>\n<li>Fabryka odzie\u017cy, fabryka tkanin.<\/li>\n<\/ul>\n<p>&nbsp;<\/p>","protected":false},"excerpt":{"rendered":"<p>Etykiety silikonowe do prania UHF RFID to ekskluzywny projekt etykiety, kt\u00f3ry wytrzymuje rygorystyczne metody prania. S\u0105 szczeg\u00f3lnie odpowiednie do ubra\u0144 i materia\u0142\u00f3w, kt\u00f3re s\u0105 regularnie czyszczone. Etykiety te s\u0105 wykonane z wytrzyma\u0142ego silikonu, co zapewnia ich trwa\u0142o\u015b\u0107. Ponadto zawieraj\u0105 chip RFID UHF (Ultra High Frequency), kt\u00f3ry mo\u017cna zaprogramowa\u0107 za pomoc\u0105 odpowiednich danych dotycz\u0105cych odzie\u017cy lub materia\u0142u tekstylnego. Dzi\u0119ki temu etykiety te s\u0105 wygodn\u0105 i wydajn\u0105 opcj\u0105 do zarz\u0105dzania i \u015bledzenia rzeczy do prania.<\/p>","protected":false},"featured_media":173,"template":"","meta":{"_kad_post_transparent":"default","_kad_post_title":"","_kad_post_layout":"default","_kad_post_sidebar_id":"","_kad_post_content_style":"default","_kad_post_vertical_padding":"default","_kad_post_feature":"","_kad_post_feature_position":"","_kad_post_header":false,"_kad_post_footer":false,"_kad_post_classname":""},"product_brand":[],"product_cat":[20,16],"product_tag":[63,62,61,79],"class_list":{"0":"post-171","1":"product","2":"type-product","3":"status-publish","4":"has-post-thumbnail","6":"product_cat-silicone-rfid-laundry-tag","7":"product_cat-uhf-rfid-laundry-tags","8":"product_tag-rfid-washing-tag","9":"product_tag-silicone-rfid-laundry-tag","10":"product_tag-silicone-washable-rfid-laundry-tag","11":"product_tag-uhf-rfid-silicone-washing-labels","13":"first","14":"instock","15":"shipping-taxable","16":"product-type-simple","17":"entry","18":"content-bg","19":"loop-entry"},"_links":{"self":[{"href":"https:\/\/rfid-laundry-tag.com\/pl\/wp-json\/wp\/v2\/product\/171","targetHints":{"allow":["GET"]}}],"collection":[{"href":"https:\/\/rfid-laundry-tag.com\/pl\/wp-json\/wp\/v2\/product"}],"about":[{"href":"https:\/\/rfid-laundry-tag.com\/pl\/wp-json\/wp\/v2\/types\/product"}],"version-history":[{"count":0,"href":"https:\/\/rfid-laundry-tag.com\/pl\/wp-json\/wp\/v2\/product\/171\/revisions"}],"wp:featuredmedia":[{"embeddable":true,"href":"https:\/\/rfid-laundry-tag.com\/pl\/wp-json\/wp\/v2\/media\/173"}],"wp:attachment":[{"href":"https:\/\/rfid-laundry-tag.com\/pl\/wp-json\/wp\/v2\/media?parent=171"}],"wp:term":[{"taxonomy":"product_brand","embeddable":true,"href":"https:\/\/rfid-laundry-tag.com\/pl\/wp-json\/wp\/v2\/product_brand?post=171"},{"taxonomy":"product_cat","embeddable":true,"href":"https:\/\/rfid-laundry-tag.com\/pl\/wp-json\/wp\/v2\/product_cat?post=171"},{"taxonomy":"product_tag","embeddable":true,"href":"https:\/\/rfid-laundry-tag.com\/pl\/wp-json\/wp\/v2\/product_tag?post=171"}],"curies":[{"name":"wp","href":"https:\/\/api.w.org\/{rel}","templated":true}]}}