{"id":167,"date":"2024-06-15T13:14:42","date_gmt":"2024-06-15T13:14:42","guid":{"rendered":"https:\/\/rfid-laundry-tag.com\/?post_type=product&#038;p=167"},"modified":"2024-09-26T03:38:23","modified_gmt":"2024-09-26T03:38:23","slug":"textile-uhf-rfid-linen-tags","status":"publish","type":"product","link":"https:\/\/rfid-laundry-tag.com\/pl\/textile-uhf-rfid-linen-tags\/","title":{"rendered":"Tagi tekstylne UHF RFID na po\u015bciel"},"content":{"rendered":"<div>\n<div class=\"auto-hide-last-sibling-br paragraph_1252f paragraph-element\">\n<table width=\"637\">\n<tbody>\n<tr>\n<td width=\"328\">Nazwa przedmiotu:<\/td>\n<td width=\"309\"><strong>Tagi tekstylne UHF RFID na po\u015bciel<\/strong><\/td>\n<\/tr>\n<tr>\n<td width=\"328\">Norma RFID:<\/td>\n<td width=\"309\">ISO\/IEC 18000-6 Typ C (EPC Gen2)<\/td>\n<\/tr>\n<tr>\n<td width=\"328\">Rozmiar i waga:<\/td>\n<td width=\"309\">70\u00d715 mm, 0,6 g<\/td>\n<\/tr>\n<tr>\n<td width=\"328\">Typ uk\u0142adu scalonego:<\/td>\n<td width=\"309\">Impinj Monza 4QT,NXP U KOD 9<\/td>\n<\/tr>\n<tr>\n<td width=\"328\">Pami\u0119\u0107 EPC:<\/td>\n<td width=\"309\">128 bit\u00f3w<\/td>\n<\/tr>\n<tr>\n<td width=\"328\">Pami\u0119\u0107 u\u017cytkownika:<\/td>\n<td width=\"309\">512 bit\u00f3w<\/td>\n<\/tr>\n<tr>\n<td width=\"328\">Zakres odczytu (2W ERP FCC):<\/td>\n<td width=\"309\">8m<\/td>\n<\/tr>\n<tr>\n<td width=\"328\">Zakres odczytu (2W ERP ETSI):<\/td>\n<td width=\"309\">8m<\/td>\n<\/tr>\n<tr>\n<td width=\"328\">Tagowanie:<\/td>\n<td width=\"309\">Szycie, Klej do t\u0142oczenia na gor\u0105co<\/td>\n<\/tr>\n<tr>\n<td width=\"328\">Szacowany czas \u017cycia:<\/td>\n<td width=\"309\">200 cykli prania lub 3 lata, w zale\u017cno\u015bci od tego, co nast\u0105pi pierwsze<\/td>\n<\/tr>\n<tr>\n<td width=\"328\">Metoda prania:<\/td>\n<td width=\"309\">Pralnia, czyszczenie chemiczne<\/td>\n<\/tr>\n<tr>\n<td width=\"328\">Ci\u015bnienie ekstrakcji wody:<\/td>\n<td width=\"309\">60 bar<\/td>\n<\/tr>\n<tr>\n<td width=\"328\">Wodoodporno\u015b\u0107:<\/td>\n<td width=\"309\">Wodoodporny<\/td>\n<\/tr>\n<tr>\n<td width=\"328\">Odporno\u015b\u0107 chemiczna:<\/td>\n<td width=\"309\">Detergent, zmi\u0119kczacz, wybielacz (tlen\/chlor), alkalia<\/td>\n<\/tr>\n<tr>\n<td width=\"328\">Wst\u0119pne suszenie w suszarce b\u0119bnowej:<\/td>\n<td width=\"309\">125 \u00baC przez 15-20 minut<\/td>\n<\/tr>\n<tr>\n<td width=\"328\">Temperatura sterylizacji:<\/td>\n<td width=\"309\">135\u00b0C przez 15-20 minut<\/td>\n<\/tr>\n<tr>\n<td width=\"328\">Temperatura prania:<\/td>\n<td width=\"309\">90\u00b0C, do 15 min.<\/td>\n<\/tr>\n<tr>\n<td width=\"328\">Wilgotno\u015b\u0107\/Temperatura - praca:<\/td>\n<td width=\"309\">-20 do 110\u00b0C, 8 do 95%RH<\/td>\n<\/tr>\n<tr>\n<td width=\"328\">Wilgotno\u015b\u0107\/Temperatura-Przechowywanie:<\/td>\n<td width=\"309\">-40 do 110\u00b0C, 8 do 95%RH<\/td>\n<\/tr>\n<\/tbody>\n<\/table>\n<\/div>\n<\/div>\n<div class=\"auto-hide-last-sibling-br paragraph_1252f paragraph-element\"><\/div>\n<div>\n<div class=\"auto-hide-last-sibling-br paragraph_1252f paragraph-element\">\n<h3>Najwa\u017cniejsze cechy etykiet UHF RFID do bielizny<\/h3>\n<ul>\n<li><strong>Trwa\u0142o\u015b\u0107<\/strong>: Tagi s\u0105 wykonane tak, aby wytrzyma\u0107 przemys\u0142owe procesy prania. Dzi\u0119ki zdolno\u015bci do wytrzymywania ekstremalnych temperatur, detergent\u00f3w i warunk\u00f3w suszenia s\u0105 przeznaczone do intensywnego u\u017cytkowania.<\/li>\n<li><strong>Zmywalna natura<\/strong>: Te\u00a0<strong>zmywalne znaczniki RFID<\/strong>\u00a0zachowuj\u0105 integralno\u015b\u0107 nawet po wielokrotnych praniach, co czyni je idealnymi do ka\u017cdego systemu zarz\u0105dzania tekstyliami. Mog\u0105 wytrzyma\u0107 do\u00a0<strong>200 cykli prania<\/strong>\u00a0bez utraty funkcjonalno\u015bci.<\/li>\n<li><strong>Wysokowydajna technologia RFID<\/strong>:Wykorzystywanie najnowocze\u015bniejszych technologii\u00a0<strong>Technologia UHF<\/strong>, znaczniki te zapewniaj\u0105 du\u017c\u0105 odleg\u0142o\u015b\u0107 odczytu, u\u0142atwiaj\u0105c efektywne \u015bledzenie i zarz\u0105dzanie tekstyliami.<\/li>\n<\/ul>\n<\/div>\n<h3>G\u0142\u00f3wne zalety etykiet RFID na po\u015bciel<\/h3>\n<p>Jedn\u0105 z najwa\u017cniejszych zalet tekstyli\u00f3w\u00a0<strong>Znaczniki RFID na po\u015bciel<\/strong>\u00a0jest ich zdolno\u015b\u0107 do poprawy dok\u0142adno\u015bci zarz\u0105dzania zapasami. Dzi\u0119ki automatyzacji procesu \u015bledzenia firmy mog\u0105 znacznie zmniejszy\u0107 ryzyko brakuj\u0105cych lub \u017ale umieszczonych przedmiot\u00f3w. Ponadto te tagi zwi\u0119kszaj\u0105 widoczno\u015b\u0107 aktyw\u00f3w, umo\u017cliwiaj\u0105c pralniom zachowanie przejrzysto\u015bci w swoich dzia\u0142aniach.<\/p>\n<p>Inn\u0105 istotn\u0105 korzy\u015bci\u0105 jest potencja\u0142 oszcz\u0119dno\u015bci koszt\u00f3w. Dzi\u0119ki automatycznemu \u015bledzeniu koszty pracy zwi\u0105zane z r\u0119cznymi kontrolami zapas\u00f3w znacznie spadaj\u0105. D\u0142ugoterminowa niezawodno\u015b\u0107 tych tag\u00f3w r\u00f3wnie\u017c dodaje warto\u015bci, poniewa\u017c mo\u017cna je ponownie wykorzysta\u0107 w wielu cyklach prania, zapewniaj\u0105c przedsi\u0119biorstwom maksymalizacj\u0119 inwestycji.<\/p>\n<\/div>\n<div class=\"auto-hide-last-sibling-br paragraph_1252f paragraph-element\">\n<div data-spm-anchor-id=\"a2700.details.0.i57.23b419c7xXORP0\">Ta imponuj\u0105ca trwa\u0142o\u015b\u0107 wi\u0105\u017ce si\u0119 z gwarancj\u0105 utrzymania niezwyk\u0142ych atrybut\u00f3w \u015bledzenia i inwentaryzacji przez ca\u0142y okres u\u017cytkowania po\u015bcieli, odzie\u017cy i innych artyku\u0142\u00f3w tekstylnych. W ten spos\u00f3b stanowi\u0105 skuteczne i niezawodne narz\u0119dzie zapewniaj\u0105ce bezproblemowe \u015bledzenie, terminow\u0105 konserwacj\u0119 i wydajne zarz\u0105dzanie inwentarzem r\u00f3\u017cnych towar\u00f3w tekstylnych w r\u00f3\u017cnych \u015brodowiskach, maksymalizuj\u0105c ich cykl \u017cycia i u\u0142atwiaj\u0105c p\u0142ynne dzia\u0142anie.<\/div>\n<\/div>\n<div data-spm-anchor-id=\"a2700.details.0.i57.23b419c7xXORP0\">\n<h3>Trwa\u0142o\u015b\u0107 i mo\u017cliwo\u015b\u0107 prania tag\u00f3w RFID<\/h3>\n<p>Je\u015bli chodzi o\u00a0<strong>trwa\u0142o\u015b\u0107<\/strong>Tagi RFID charakteryzuj\u0105 si\u0119 solidn\u0105 konstrukcj\u0105, kt\u00f3ra wytrzymuje wyzwania stawiane przez pranie komercyjne. Dzi\u0119ki zdolno\u015bci do wytrzymywania wysokich temperatur i agresywnych \u015brodk\u00f3w chemicznych, takich jak wybielacze i p\u0142yny do zmi\u0119kczania tkanin, s\u0105 zoptymalizowane zar\u00f3wno pod k\u0105tem proces\u00f3w prania, jak i suszenia.<\/p>\n<p>Ten\u00a0<strong>zmywalna natura<\/strong>\u00a0tych tag\u00f3w oznacza, \u017ce mo\u017cna je bezproblemowo zintegrowa\u0107 z istniej\u0105cymi artyku\u0142ami do prania. Ta adaptowalno\u015b\u0107 umo\u017cliwia \u0142atwe mocowanie do odzie\u017cy i po\u015bcieli poprzez szycie lub nak\u0142adanie kleju, unikaj\u0105c w ten spos\u00f3b jakichkolwiek zak\u0142\u00f3ce\u0144 w funkcjonalno\u015bci lub wygl\u0105dzie artyku\u0142\u00f3w tekstylnych.<\/p>\n<\/div>\n<div data-spm-anchor-id=\"a2700.details.0.i57.23b419c7xXORP0\"><\/div>\n<h3 class=\"wp-block-heading\">Instalacja<\/h3>\n<p><strong>Oznaczanie \u015bcieg\u00f3w<\/strong>: Do przyszycia do brzegu materia\u0142u tekstylnego. Przyszyj metk\u0119 do prania od linii sk\u0142adania.<br \/>\n<strong>Zgrzewanie<\/strong>: Nale\u017cy zgrzewa\u0107 bezpo\u015brednio na materiale tekstylnym w temperaturze +200\u00b0C (392\u00b0F) przez 12~14 sekund.<br \/>\n<strong>W woreczku<\/strong>: Do przyszycia jak standardowa metka piel\u0119gnacyjna. Przyszyj metk\u0119 do prania od linii sk\u0142adania.<\/p>\n<div class=\"auto-hide-last-sibling-br paragraph_1252f paragraph-element\">\n<h2 class=\"auto-hide-last-sibling-br paragraph_1252f paragraph-element\"><strong>Zastosowania zmywalnej etykiety UHF RFID do prania tkanin<\/strong><\/h2>\n<ol class=\"auto-hide-last-sibling-br\">\n<li>Pralnia przemys\u0142owa: Usprawnia procesy czyszczenia i logistyk\u0119 dystrybucji prania odzie\u017cy roboczej.<\/li>\n<li>Sektor hotelarski: usprawnia zarz\u0105dzanie systemami prania mebli i r\u0119cznik\u00f3w hotelowych.<\/li>\n<li>Bran\u017ca opieki zdrowotnej: pomoc w organizacji i utrzymaniu odzie\u017cy szpitalnej i opieki zdrowotnej.<\/li>\n<\/ol>\n<h3>Zagadnienia \u015brodowiskowe<\/h3>\n<p>U\u017cywanie\u00a0<strong>Znaczniki RFID na po\u015bciel<\/strong>\u00a0przyczynia si\u0119 r\u00f3wnie\u017c do zr\u00f3wnowa\u017conego rozwoju \u015brodowiska. Mo\u017cliwo\u015b\u0107 ponownego u\u017cycia i \u015bledzenia po\u015bcieli pomaga zmniejszy\u0107 ilo\u015b\u0107 odpad\u00f3w, zapewniaj\u0105c, \u017ce przedmioty s\u0105 wykorzystywane efektywnie w ca\u0142ym cyklu \u017cycia. Ponadto trwa\u0142o\u015b\u0107 tych metek oznacza mniej wymian, minimalizuj\u0105c \u015blad \u015brodowiskowy zwi\u0105zany z ci\u0105g\u0142\u0105 produkcj\u0105 i utylizacj\u0105.<\/p>\n<h3>Najcz\u0119\u015bciej zadawane pytania dotycz\u0105ce etykiet RFID na po\u015bciel<\/h3>\n<p><strong>P: Ile cykli prania wytrzymuj\u0105 metki?<\/strong><br \/>\nA: Nasz\u00a0<strong>Znaczniki RFID na po\u015bciel<\/strong>\u00a0s\u0105 zaprojektowane tak, aby zachowa\u0107 funkcjonalno\u015b\u0107 nawet po\u00a0<strong>200 cykli prania<\/strong>, co czyni je niezwykle trwa\u0142ymi przy d\u0142ugotrwa\u0142ym u\u017cytkowaniu.<\/p>\n<p><strong>P: Czy metki mo\u017cna przyszy\u0107 do dowolnego materia\u0142u?<\/strong><br \/>\nO: Tak, metki mo\u017cna bez problemu \u0142\u0105czy\u0107 z r\u00f3\u017cnymi materia\u0142ami tekstylnymi, co gwarantuje, \u017ce pozostan\u0105 przyczepione nawet po wielokrotnym praniu.<\/p>\n<p><strong>P: Czy technologia RFID jest niezawodna w \u015bledzeniu po\u015bcieli?<\/strong><br \/>\nA: Oczywi\u015bcie! Tagi RFID oferuj\u0105 niezr\u00f3wnan\u0105 dok\u0142adno\u015b\u0107 \u015bledzenia, minimalizuj\u0105c straty i pomagaj\u0105c w efektywnym zarz\u0105dzaniu zapasami.<\/p>\n<h3>Wniosek<\/h3>\n<p>Podsumowuj\u0105c,\u00a0<strong>Tagi tekstylne UHF RFID na po\u015bciel<\/strong>\u00a0reprezentuj\u0105 przysz\u0142o\u015b\u0107 zarz\u0105dzania praniem. Poprzez zwi\u0119kszenie wydajno\u015bci \u015bledzenia, trwa\u0142o\u015bci i op\u0142acalno\u015bci, stanowi\u0105 niezb\u0119dne narz\u0119dzia dla ka\u017cdej firmy, kt\u00f3ra opiera si\u0119 na po\u015bcieli i odzie\u017cy. Dzi\u0119ki zaawansowanej technologii i solidnej wydajno\u015bci, te tagi RFID s\u0105 zaprojektowane tak, aby sprosta\u0107 wymaganiom nowoczesnych operacji pralniczych.<\/p>\n<\/div>","protected":false},"excerpt":{"rendered":"<p>Tagi tekstylne UHF RFID Linen Tags mog\u0105 by\u0107 r\u00f3wnie\u017c nazywane RAIN RFID Textile Laundry Tags, kt\u00f3re zosta\u0142y starannie zaprojektowane, aby stale dzia\u0142a\u0107 w trudnych warunkach przetwarzania prania, takich jak sterylizacja, nara\u017cenie na ciep\u0142o, czyszczenie, suszenie i prasowanie. Te tagi nie tylko wytrzymuj\u0105 setki cykli prania, ale tak\u017ce utrzymuj\u0105 doskona\u0142\u0105 i sta\u0142\u0105 wydajno\u015b\u0107 RFID nawet po niezliczonych rundach prania.<\/p>","protected":false},"featured_media":168,"template":"","meta":{"_kad_post_transparent":"default","_kad_post_title":"","_kad_post_layout":"default","_kad_post_sidebar_id":"","_kad_post_content_style":"default","_kad_post_vertical_padding":"default","_kad_post_feature":"","_kad_post_feature_position":"","_kad_post_header":false,"_kad_post_footer":false,"_kad_post_classname":""},"product_brand":[],"product_cat":[19],"product_tag":[31,312,65,30],"class_list":{"0":"post-167","1":"product","2":"type-product","3":"status-publish","4":"has-post-thumbnail","6":"product_cat-textile-rfid-laundry-tag","7":"product_tag-rfid-tag-for-linen-laundry","8":"product_tag-rfid-tags","9":"product_tag-textile-rfid-laundry-tags","10":"product_tag-uhf-rfid-laundry-tag","12":"first","13":"instock","14":"featured","15":"shipping-taxable","16":"product-type-simple","17":"entry","18":"content-bg","19":"loop-entry"},"_links":{"self":[{"href":"https:\/\/rfid-laundry-tag.com\/pl\/wp-json\/wp\/v2\/product\/167","targetHints":{"allow":["GET"]}}],"collection":[{"href":"https:\/\/rfid-laundry-tag.com\/pl\/wp-json\/wp\/v2\/product"}],"about":[{"href":"https:\/\/rfid-laundry-tag.com\/pl\/wp-json\/wp\/v2\/types\/product"}],"version-history":[{"count":3,"href":"https:\/\/rfid-laundry-tag.com\/pl\/wp-json\/wp\/v2\/product\/167\/revisions"}],"predecessor-version":[{"id":2680,"href":"https:\/\/rfid-laundry-tag.com\/pl\/wp-json\/wp\/v2\/product\/167\/revisions\/2680"}],"wp:featuredmedia":[{"embeddable":true,"href":"https:\/\/rfid-laundry-tag.com\/pl\/wp-json\/wp\/v2\/media\/168"}],"wp:attachment":[{"href":"https:\/\/rfid-laundry-tag.com\/pl\/wp-json\/wp\/v2\/media?parent=167"}],"wp:term":[{"taxonomy":"product_brand","embeddable":true,"href":"https:\/\/rfid-laundry-tag.com\/pl\/wp-json\/wp\/v2\/product_brand?post=167"},{"taxonomy":"product_cat","embeddable":true,"href":"https:\/\/rfid-laundry-tag.com\/pl\/wp-json\/wp\/v2\/product_cat?post=167"},{"taxonomy":"product_tag","embeddable":true,"href":"https:\/\/rfid-laundry-tag.com\/pl\/wp-json\/wp\/v2\/product_tag?post=167"}],"curies":[{"name":"wp","href":"https:\/\/api.w.org\/{rel}","templated":true}]}}