{"id":1669,"date":"2024-08-31T09:24:58","date_gmt":"2024-08-31T09:24:58","guid":{"rendered":"https:\/\/rfid-laundry-tag.com\/?post_type=product&#038;p=1669"},"modified":"2024-09-16T05:07:30","modified_gmt":"2024-09-16T05:07:30","slug":"uhf-rfid-laundry-button-heat-resistant-pps-tag","status":"publish","type":"product","link":"https:\/\/rfid-laundry-tag.com\/pl\/uhf-rfid-laundry-button-heat-resistant-pps-tag\/","title":{"rendered":"Przycisk pralniczy UHF RFID, odporny na ciep\u0142o znacznik PPS"},"content":{"rendered":"<div class=\"J_module\">\n<div class=\"ife-detail-decorate-table\">\n<table class=\"has-title all magic-6\">\n<tbody>\n<tr>\n<td colspan=\"1\" rowspan=\"1\">\n<div class=\"magic-7\" data-spm-anchor-id=\"a2700.details.0.i45.77607d98vZbcDU\"><span class=\"magic-8\" style=\"color: #363535;\">Nazwa przedmiotu<\/span><\/div>\n<\/td>\n<td colspan=\"1\" rowspan=\"1\">\n<div class=\"magic-9\"><span class=\"magic-8\">Przycisk pralniczy UHF RFID, odporny na ciep\u0142o znacznik PPS<\/span><\/div>\n<\/td>\n<\/tr>\n<tr>\n<td colspan=\"1\" rowspan=\"1\">\n<div class=\"magic-7\"><span class=\"magic-10\" data-spm-anchor-id=\"a2700.pc-decorate.0.i10.28d333330XLbTD\"><span class=\"magic-8\">Tworzywo<\/span><\/span><\/div>\n<\/td>\n<td colspan=\"1\" rowspan=\"1\">\n<div class=\"magic-9\"><span class=\"magic-8\">PPS<\/span><\/div>\n<\/td>\n<\/tr>\n<tr>\n<td colspan=\"1\" rowspan=\"1\">\n<div class=\"magic-7\"><span class=\"magic-8\">Kolor<\/span><\/div>\n<\/td>\n<td colspan=\"1\" rowspan=\"1\">\n<div class=\"magic-9\"><span class=\"magic-8\">Czarny<\/span><\/div>\n<\/td>\n<\/tr>\n<tr>\n<td colspan=\"1\" rowspan=\"1\">Minimalna ilo\u015b\u0107 zam\u00f3wienia<\/td>\n<td colspan=\"1\" rowspan=\"1\">500szt<\/td>\n<\/tr>\n<tr>\n<td colspan=\"1\" rowspan=\"1\">\n<div class=\"magic-7\"><span class=\"magic-8\">Producent\/Chip<\/span><\/div>\n<\/td>\n<td colspan=\"1\" rowspan=\"1\">\n<div class=\"magic-9\"><span class=\"magic-8\">NXP UCODE 8, UCODE 9, Alien H3, Higgs 9 itd.<\/span><\/div>\n<\/td>\n<\/tr>\n<tr>\n<td colspan=\"1\" rowspan=\"1\">\n<div class=\"magic-7\"><span class=\"magic-8\">Cz\u0119stotliwo\u015b\u0107<\/span><\/div>\n<\/td>\n<td colspan=\"1\" rowspan=\"1\">\n<div class=\"magic-9\"><span class=\"magic-8\">860-960MHz\/<\/span><\/div>\n<\/td>\n<\/tr>\n<tr>\n<td colspan=\"1\" rowspan=\"1\">\n<div class=\"magic-7\"><span class=\"magic-8\">Pami\u0119\u0107<\/span><\/div>\n<\/td>\n<td colspan=\"1\" rowspan=\"1\">\n<div class=\"magic-9\"><span class=\"magic-8\">96 bit\u00f3w\/128 bit\u00f3w<\/span><\/div>\n<\/td>\n<\/tr>\n<tr>\n<td colspan=\"1\" rowspan=\"1\">\n<div class=\"magic-7\"><span class=\"magic-8\">Odczyt odleg\u0142o\u015bci<\/span><\/div>\n<\/td>\n<td colspan=\"1\" rowspan=\"1\">\n<div class=\"magic-9\"><span class=\"magic-8\">1-6m<\/span><\/div>\n<\/td>\n<\/tr>\n<tr>\n<td colspan=\"1\" rowspan=\"1\">\n<div class=\"magic-7\"><span class=\"magic-8\">Tryb pracy<\/span><\/div>\n<\/td>\n<td colspan=\"1\" rowspan=\"1\">\n<div class=\"magic-9\"><span class=\"magic-8\">pasywny<\/span><\/div>\n<\/td>\n<\/tr>\n<tr>\n<td colspan=\"1\" rowspan=\"1\">\n<div class=\"magic-7\"><span class=\"magic-8\">Temperatura pracy<\/span><\/div>\n<\/td>\n<td colspan=\"1\" rowspan=\"1\">\n<div class=\"magic-9\"><span class=\"magic-8\">-25\u2103~+110\u2103<\/span><\/div>\n<\/td>\n<\/tr>\n<tr>\n<td colspan=\"1\" rowspan=\"1\">\n<div class=\"magic-7\"><span class=\"magic-8\">Temperatura przechowywania<\/span><\/div>\n<\/td>\n<td colspan=\"1\" rowspan=\"1\">\n<div class=\"magic-9\"><span class=\"magic-8\">-40\u2103~+85\u2103<\/span><\/div>\n<\/td>\n<\/tr>\n<tr>\n<td colspan=\"1\" rowspan=\"1\">\n<div class=\"magic-7\">\n<div><span class=\"magic-8\">\u00a0<\/span><\/div>\n<p><span class=\"magic-8\">Kr\u00f3tkotrwa\u0142a odporno\u015b\u0107 na temperatur\u0119<\/span><\/p>\n<\/div>\n<\/td>\n<td colspan=\"1\" rowspan=\"1\">\n<div class=\"magic-9\"><span class=\"magic-8\">pranie: 90\u2103, 15 minut; wst\u0119pne suszenie konwertera: 180\u2103, 30 minut, 200 razy; prasowanie: 180\u2103, 10 sekund, 200 razy; wysoka<br \/>\ntemperatura sterylizacji: 135\u2103, 20 minut<\/span><\/div>\n<\/td>\n<\/tr>\n<tr>\n<td colspan=\"1\" rowspan=\"1\">\n<div class=\"magic-7\"><span class=\"magic-8\">Cechy<\/span><\/div>\n<\/td>\n<td colspan=\"1\" rowspan=\"1\">\n<div class=\"magic-9\"><span class=\"magic-8\">wodoodporny, zmywalny, odporny na wysok\u0105 temperatur\u0119<\/span><\/div>\n<\/td>\n<\/tr>\n<tr>\n<td colspan=\"1\" rowspan=\"1\">\n<div class=\"magic-7\"><span class=\"magic-8\">\u017bycie<\/span><\/div>\n<\/td>\n<td colspan=\"1\" rowspan=\"1\">\n<div class=\"magic-9\"><span class=\"magic-8\">pranie 200 razy lub 3 lata<\/span><\/div>\n<\/td>\n<\/tr>\n<tr>\n<td colspan=\"1\" rowspan=\"1\">\n<div class=\"magic-7\"><span class=\"magic-8\">Aplikacje<\/span><\/div>\n<\/td>\n<td colspan=\"1\" rowspan=\"1\">\n<div class=\"magic-9\"><span class=\"magic-8\">zarz\u0105dzanie i \u015bledzenie prania<\/span><\/div>\n<\/td>\n<\/tr>\n<\/tbody>\n<\/table>\n<\/div>\n<\/div>\n<div class=\"J_module\">\n<div class=\"detail-decorate-json-renderer-container\">\n<div class=\"magic-1\">\n<div class=\"magic-2\">\n<div class=\"magic-3\">\n<div><\/div>\n<div class=\"magic-4\">\n<div><strong>Etykieta przycisku RFID<\/strong><\/div>\n<div><\/div>\n<\/div>\n<\/div>\n<div>\n<div class=\"auto-hide-last-sibling-br paragraph_1252f paragraph-element\">Etykiety pralnicze PPS odporne na wysokie temperatury to doskona\u0142e rozwi\u0105zanie do \u015bledzenia w obiektach komercyjnych, takich jak sto\u0142\u00f3wki i restauracje, gdzie stale obs\u0142uguje si\u0119 du\u017ce ilo\u015bci naczy\u0144 sto\u0142owych.<\/div>\n<\/div>\n<\/div>\n<div id=\"featuresXsp\" class=\"features-list toggle-opacity in\">\n<div class=\"features-xsp\">\n<div class=\"collapse-mobile ste-list\">\n<div class=\"collapse-mobile ste-list\"><\/div>\n<\/div>\n<\/div>\n<\/div>\n<div class=\"magic-2\">\n<div>\n<div class=\"auto-hide-last-sibling-br paragraph_1252f paragraph-element\">\n<h4>Szczeg\u00f3\u0142y przedmiotu<\/h4>\n<ul>\n<li><strong>Nazwa:<\/strong>\u00a0Przycisk pralniczy UHF RFID, odporny na ciep\u0142o znacznik PPS<\/li>\n<li><strong>Tworzywo:<\/strong>\u00a0PPS (polisiarczek fenylenu)<\/li>\n<li><strong>Kolor:<\/strong>\u00a0Czarny<\/li>\n<li><strong>Minimalna ilo\u015b\u0107 zam\u00f3wienia (MOQ):<\/strong>\u00a0500 szt.<\/li>\n<\/ul>\n<h4>Specyfikacje<\/h4>\n<ul>\n<li><strong>Opcje producenta\/chip\u00f3w:<\/strong>\n<ul>\n<li>NXP UCODE 8, UCODE 8m<\/li>\n<li>Kod NXP UCODE 9<\/li>\n<li>Obcy Higgs\u2122 9<\/li>\n<\/ul>\n<\/li>\n<li><strong>Cz\u0119stotliwo\u015b\u0107:<\/strong>\u00a0860-960MHz<\/li>\n<li><strong>Opcje pami\u0119ci:<\/strong>\n<ul>\n<li>96 bit\u00f3w<\/li>\n<li>128 bit\u00f3w<\/li>\n<\/ul>\n<\/li>\n<li><strong>Odleg\u0142o\u015b\u0107 odczytu:<\/strong>\u00a01-6 metr\u00f3w<\/li>\n<li><strong>Tryb pracy:<\/strong>\u00a0Pasywny<\/li>\n<li><strong>Temperatura pracy:<\/strong>\u00a0-25\u00b0C do +110\u00b0C<\/li>\n<li><strong>Temperatura przechowywania:<\/strong>\u00a0-40\u00b0C do +85\u00b0C<\/li>\n<\/ul>\n<h4>Kr\u00f3tkotrwa\u0142a odporno\u015b\u0107 na temperatur\u0119<\/h4>\n<ul>\n<li><strong>Mycie:<\/strong>\u00a090\u00b0C przez 15 minut<\/li>\n<li><strong>Konwerter wst\u0119pne suszenie:<\/strong>\u00a0180\u00b0C przez 30 minut (200 cykli)<\/li>\n<li><strong>Prasowanie:<\/strong>\u00a0180\u00b0C przez 10 sekund (200 cykli)<\/li>\n<li><strong>Sterylizacja w wysokiej temperaturze:<\/strong>\u00a0135\u00b0C przez 20 minut<\/li>\n<\/ul>\n<h4>G\u0142\u00f3wne cechy<\/h4>\n<ul>\n<li>Wodoodporny i zmywalny<\/li>\n<li>Odporno\u015b\u0107 na wysok\u0105 temperatur\u0119<\/li>\n<li>Nadaje si\u0119 do stosowania w warunkach prania przemys\u0142owego<\/li>\n<li>Zaprojektowane z my\u015bl\u0105 o d\u0142ugiej \u017cywotno\u015bci: 200 cykli prania lub 3 lata<\/li>\n<\/ul>\n<h4>Aplikacje<\/h4>\n<ul>\n<li><strong>G\u0142\u00f3wne zastosowania:<\/strong>\u00a0Zarz\u0105dzanie i \u015bledzenie prania w obiektach komercyjnych (np. sto\u0142\u00f3wki, restauracje)<\/li>\n<li><strong>Wszechstronne tagowanie:<\/strong>\u00a0Mo\u017cna je przymocowa\u0107 do r\u00f3\u017cnych wyrob\u00f3w tekstylnych, takich jak skarpetki, koszule i r\u0119czniki, aby zminimalizowa\u0107 ryzyko ich utraty.<\/li>\n<\/ul>\n<h4>Cechy uk\u0142adu scalonego<\/h4>\n<ul>\n<li><strong>Kod NXP UCODE 8\/8m:<\/strong>\n<ul>\n<li>Czu\u0142o\u015b\u0107 odczytu: -23 dBm<\/li>\n<li>Czu\u0142o\u015b\u0107 zapisu: -18 dBm<\/li>\n<li>Innowacyjne funkcjonalno\u015bci do zarz\u0105dzania zapasami<\/li>\n<\/ul>\n<\/li>\n<li><strong>Kod U-Code NXP 9:<\/strong>\n<ul>\n<li>Czu\u0142o\u015b\u0107 odczytu: -24 dBm<\/li>\n<li>Czu\u0142o\u015b\u0107 zapisu: -22 dBm<\/li>\n<li>Wytrzyma\u0142o\u015b\u0107 cyklu zapisu 100 tys.<\/li>\n<\/ul>\n<\/li>\n<li><strong>Obcy Higgs\u2122 9:<\/strong>\n<ul>\n<li>1024 bity pami\u0119ci NVM\/RAM<\/li>\n<li>Zgodny z GS1 Klasa 1 Gen 2 i ISO\/IEC 18000-6C<\/li>\n<\/ul>\n<\/li>\n<\/ul>\n<p>Tagi te oferuj\u0105 solidne rozwi\u0105zanie do \u015bledzenia po\u015bcieli w pralniach, gwarantuj\u0105c wysok\u0105 wydajno\u015b\u0107 i trwa\u0142o\u015b\u0107 w wymagaj\u0105cych warunkach.<\/p>\n<\/div>\n<div class=\"auto-hide-last-sibling-br paragraph_1252f paragraph-element\"><\/div>\n<\/div>\n<\/div>\n<\/div>\n<\/div>\n<\/div>","protected":false},"excerpt":{"rendered":"<p>Etykieta PPS z czujnikiem UHF RFID do pralni, odporna na ciep\u0142o, umo\u017cliwiaj\u0105ca skuteczne \u015bledzenie, wytrzymuje wysokie temperatury, jest wodoodporna i idealna do zarz\u0105dzania pralniami komercyjnymi<\/p>","protected":false},"featured_media":1670,"template":"","meta":{"_kad_post_transparent":"default","_kad_post_title":"","_kad_post_layout":"default","_kad_post_sidebar_id":"","_kad_post_content_style":"default","_kad_post_vertical_padding":"default","_kad_post_feature":"","_kad_post_feature_position":"","_kad_post_header":false,"_kad_post_footer":false,"_kad_post_classname":""},"product_brand":[],"product_cat":[21,16],"product_tag":[226,35,225,30],"class_list":{"0":"post-1669","1":"product","2":"type-product","3":"status-publish","4":"has-post-thumbnail","6":"product_cat-pps-rfid-laundry-tag","7":"product_cat-uhf-rfid-laundry-tags","8":"product_tag-heat-resistant-pps-rfid-tag","9":"product_tag-rfid-button","10":"product_tag-uhf-rfid-laundry-button","11":"product_tag-uhf-rfid-laundry-tag","13":"first","14":"instock","15":"shipping-taxable","16":"product-type-simple","17":"entry","18":"content-bg","19":"loop-entry"},"_links":{"self":[{"href":"https:\/\/rfid-laundry-tag.com\/pl\/wp-json\/wp\/v2\/product\/1669","targetHints":{"allow":["GET"]}}],"collection":[{"href":"https:\/\/rfid-laundry-tag.com\/pl\/wp-json\/wp\/v2\/product"}],"about":[{"href":"https:\/\/rfid-laundry-tag.com\/pl\/wp-json\/wp\/v2\/types\/product"}],"version-history":[{"count":2,"href":"https:\/\/rfid-laundry-tag.com\/pl\/wp-json\/wp\/v2\/product\/1669\/revisions"}],"predecessor-version":[{"id":1672,"href":"https:\/\/rfid-laundry-tag.com\/pl\/wp-json\/wp\/v2\/product\/1669\/revisions\/1672"}],"wp:featuredmedia":[{"embeddable":true,"href":"https:\/\/rfid-laundry-tag.com\/pl\/wp-json\/wp\/v2\/media\/1670"}],"wp:attachment":[{"href":"https:\/\/rfid-laundry-tag.com\/pl\/wp-json\/wp\/v2\/media?parent=1669"}],"wp:term":[{"taxonomy":"product_brand","embeddable":true,"href":"https:\/\/rfid-laundry-tag.com\/pl\/wp-json\/wp\/v2\/product_brand?post=1669"},{"taxonomy":"product_cat","embeddable":true,"href":"https:\/\/rfid-laundry-tag.com\/pl\/wp-json\/wp\/v2\/product_cat?post=1669"},{"taxonomy":"product_tag","embeddable":true,"href":"https:\/\/rfid-laundry-tag.com\/pl\/wp-json\/wp\/v2\/product_tag?post=1669"}],"curies":[{"name":"wp","href":"https:\/\/api.w.org\/{rel}","templated":true}]}}