{"id":163,"date":"2024-06-15T11:55:44","date_gmt":"2024-06-15T11:55:44","guid":{"rendered":"https:\/\/rfid-laundry-tag.com\/?post_type=product&#038;p=163"},"modified":"2024-06-15T12:33:50","modified_gmt":"2024-06-15T12:33:50","slug":"laundry-tag-rfid-silicon","status":"publish","type":"product","link":"https:\/\/rfid-laundry-tag.com\/pl\/laundry-tag-rfid-silicon\/","title":{"rendered":"Etykieta do prania RFID Silikon"},"content":{"rendered":"<table style=\"font-family: var(--global-body-font-family);\" width=\"537\">\n<tbody>\n<tr>\n<td width=\"228\">Nazwa<\/td>\n<td width=\"309\">Etykieta do prania RFID Silikon<\/td>\n<\/tr>\n<tr>\n<td width=\"228\">Tryb<\/td>\n<td width=\"309\">SL-01<\/td>\n<\/tr>\n<tr>\n<td width=\"228\">Tworzywo<\/td>\n<td width=\"309\">Silikon<\/td>\n<\/tr>\n<tr>\n<td width=\"228\">Kolor<\/td>\n<td width=\"309\">Bia\u0142y (lub niestandardowy)<\/td>\n<\/tr>\n<tr>\n<td width=\"228\">Rozmiar<\/td>\n<td width=\"309\">55mm*12mm, grubo\u015b\u0107 2,5mm<\/td>\n<\/tr>\n<tr>\n<td width=\"228\">\u017beton<\/td>\n<td width=\"309\">915MHz NXP U kod 9, Alien H3, H9 itp.<\/td>\n<\/tr>\n<tr>\n<td width=\"228\">Temperatura pracy<\/td>\n<td width=\"309\">\u2013 25\u00baC do +75\u00baC<\/td>\n<\/tr>\n<tr>\n<td width=\"228\">Cykl prania<\/td>\n<td width=\"309\">200 razy<\/td>\n<\/tr>\n<tr>\n<td width=\"228\">Wodoodporny<\/td>\n<td width=\"309\">Tak<\/td>\n<\/tr>\n<tr>\n<td width=\"228\">Odporno\u015b\u0107 chemiczna<\/td>\n<td width=\"309\">Tak<\/td>\n<\/tr>\n<\/tbody>\n<\/table>\n<p data-spm-anchor-id=\"a2700.details.0.i116.60201a70jOXdOd\">\n<p data-spm-anchor-id=\"a2700.details.0.i116.60201a70jOXdOd\"><strong>Aplikacja :<\/strong><\/p>\n<ol class=\"auto-hide-last-sibling-br\">\n<li>\n<div class=\"auto-hide-last-sibling-br paragraph_1252f paragraph-element\">Nadaj\u0105ce si\u0119 do prania i ponownego u\u017cycia: Te metki s\u0105 zaprojektowane tak, aby wytrzymywa\u0142y wielokrotne cykle prania, dzi\u0119ki czemu stanowi\u0105 ekonomiczne rozwi\u0105zanie do d\u0142ugotrwa\u0142ego u\u017cytkowania.<\/div>\n<\/li>\n<li>\n<div class=\"auto-hide-last-sibling-br paragraph_1252f paragraph-element\">Stworzone do trudnych warunk\u00f3w prania: Zosta\u0142y specjalnie zaprojektowane, aby wytrzyma\u0107 trudne warunki, w jakich odbywa si\u0119 pranie.<\/div>\n<\/li>\n<li>\n<div class=\"auto-hide-last-sibling-br paragraph_1252f paragraph-element\">W\u0142a\u015bciwo\u015bci odporne: Tagi te s\u0105 odporne na wilgo\u0107, wytrzymuj\u0105 wysokie temperatury i s\u0105 odporne na dzia\u0142anie r\u00f3\u017cnych substancji chemicznych, co zapewnia niezak\u0142\u00f3cone funkcjonowanie w r\u00f3\u017cnych warunkach.<\/div>\n<\/li>\n<li>\n<div class=\"auto-hide-last-sibling-br paragraph_1252f paragraph-element\">Przyjazny dla \u015brodowiska materia\u0142 silikonowy: Wykonane z przyjaznego dla \u015brodowiska silikonu, te znaczniki s\u0105 nieszkodliwe ani dla ludzkiego cia\u0142a, ani dla \u015brodowiska, co jest zgodne z ide\u0105 \u015bwiadomej konsumpcji i zr\u00f3wnowa\u017conych praktyk.<\/div>\n<\/li>\n<li>\n<div class=\"auto-hide-last-sibling-br paragraph_1252f paragraph-element\">Szerokie zastosowanie: Te etykiety mo\u017cna wygodnie stosowa\u0107 do zarz\u0105dzania odzie\u017c\u0105, zwi\u0119kszania kontroli bezpiecze\u0144stwa i optymalizacji dzia\u0142ania pralni (w tym pralni przemys\u0142owych), zapewniaj\u0105c doskona\u0142\u0105 wydajno\u015b\u0107 i kontrol\u0119.<\/div>\n<\/li>\n<\/ol>\n<div class=\"auto-hide-last-sibling-br paragraph_1252f paragraph-element\">Silikonowa etykieta RFID do prania, dzia\u0142aj\u0105ca w zakresie cz\u0119stotliwo\u015bci 860~960MHz, zosta\u0142a specjalnie zaprojektowana, aby wytrzyma\u0107 wysokie temperatury i intensywne naciski typowe dla proces\u00f3w czyszczenia. Jej szerokie zastosowanie mo\u017cna znale\u017a\u0107 w wymagaj\u0105cych \u015brodowiskach, kt\u00f3re wymagaj\u0105 odporno\u015bci na wysokie temperatury, korozj\u0119 i zu\u017cycie, w szczeg\u00f3lno\u015bci w pralniach, przemys\u0142owych operacjach czyszczenia i innych.<\/div>\n<p>&nbsp;<\/p>\n<div class=\"auto-hide-last-sibling-br paragraph_1252f paragraph-element\">Te etykiety RFID do prania maj\u0105 wyj\u0105tkow\u0105 zdolno\u015b\u0107 do bezproblemowej integracji z r\u00f3\u017cnymi artyku\u0142ami tekstylnymi, w tym koszulami, mundurami roboczymi, po\u015bciel\u0105 i innymi produktami na bazie tkanin. Jako takie oferuj\u0105 pot\u0119\u017cne i wydajne rozwi\u0105zanie do \u015bledzenia i zarz\u0105dzania szerok\u0105 gam\u0105 towar\u00f3w tekstylnych w r\u00f3\u017cnych bran\u017cach.<\/div>\n<p>&nbsp;<\/p>","protected":false},"excerpt":{"rendered":"<p>Tagi RFID Silicon Laundry s\u0105 zazwyczaj wykorzystywane w operacjach o wysokiej intensywno\u015bci, takich jak przemys\u0142owe procesy prania, zarz\u0105dzanie po\u015bciel\u0105 hotelow\u0105 i \u015bledzenie mundur\u00f3w medycznych. Tagi te s\u0105 znane ze swojej elastyczno\u015bci i wytrzyma\u0142o\u015bci na wysokie temperatury, zaprojektowane tak, aby wytrzyma\u0107 ponad 200 cykli prania, zapewniaj\u0105c niezawodn\u0105 wydajno\u015b\u0107 nawet w najbardziej wymagaj\u0105cych warunkach.<\/p>","protected":false},"featured_media":164,"template":"","meta":{"_kad_post_transparent":"default","_kad_post_title":"","_kad_post_layout":"default","_kad_post_sidebar_id":"","_kad_post_content_style":"default","_kad_post_vertical_padding":"default","_kad_post_feature":"","_kad_post_feature_position":"","_kad_post_header":false,"_kad_post_footer":false,"_kad_post_classname":""},"product_brand":[],"product_cat":[20,16],"product_tag":[76,62,61],"class_list":{"0":"post-163","1":"product","2":"type-product","3":"status-publish","4":"has-post-thumbnail","6":"product_cat-silicone-rfid-laundry-tag","7":"product_cat-uhf-rfid-laundry-tags","8":"product_tag-laundry-tag-rfid-silicon","9":"product_tag-silicone-rfid-laundry-tag","10":"product_tag-silicone-washable-rfid-laundry-tag","12":"first","13":"instock","14":"shipping-taxable","15":"product-type-simple","16":"entry","17":"content-bg","18":"loop-entry"},"_links":{"self":[{"href":"https:\/\/rfid-laundry-tag.com\/pl\/wp-json\/wp\/v2\/product\/163","targetHints":{"allow":["GET"]}}],"collection":[{"href":"https:\/\/rfid-laundry-tag.com\/pl\/wp-json\/wp\/v2\/product"}],"about":[{"href":"https:\/\/rfid-laundry-tag.com\/pl\/wp-json\/wp\/v2\/types\/product"}],"version-history":[{"count":0,"href":"https:\/\/rfid-laundry-tag.com\/pl\/wp-json\/wp\/v2\/product\/163\/revisions"}],"wp:featuredmedia":[{"embeddable":true,"href":"https:\/\/rfid-laundry-tag.com\/pl\/wp-json\/wp\/v2\/media\/164"}],"wp:attachment":[{"href":"https:\/\/rfid-laundry-tag.com\/pl\/wp-json\/wp\/v2\/media?parent=163"}],"wp:term":[{"taxonomy":"product_brand","embeddable":true,"href":"https:\/\/rfid-laundry-tag.com\/pl\/wp-json\/wp\/v2\/product_brand?post=163"},{"taxonomy":"product_cat","embeddable":true,"href":"https:\/\/rfid-laundry-tag.com\/pl\/wp-json\/wp\/v2\/product_cat?post=163"},{"taxonomy":"product_tag","embeddable":true,"href":"https:\/\/rfid-laundry-tag.com\/pl\/wp-json\/wp\/v2\/product_tag?post=163"}],"curies":[{"name":"wp","href":"https:\/\/api.w.org\/{rel}","templated":true}]}}