{"id":159,"date":"2024-06-15T08:13:31","date_gmt":"2024-06-15T08:13:31","guid":{"rendered":"https:\/\/rfid-laundry-tag.com\/?post_type=product&#038;p=159"},"modified":"2024-08-14T16:18:47","modified_gmt":"2024-08-14T16:18:47","slug":"nfc-laundry-token-ntag216","status":"publish","type":"product","link":"https:\/\/rfid-laundry-tag.com\/pl\/nfc-laundry-token-ntag216\/","title":{"rendered":"Token pralniczy NFC-NTAG216"},"content":{"rendered":"<div class=\"J_module\">\n<div class=\"ife-detail-decorate-table\">\n<table class=\"has-title all magic-6\">\n<tbody>\n<tr>\n<td colspan=\"1\" rowspan=\"1\">\n<div class=\"magic-7\" data-spm-anchor-id=\"a2700.details.0.i45.77607d98vZbcDU\"><span class=\"magic-8\" style=\"color: #363535;\">Nazwa przedmiotu<\/span><\/div>\n<\/td>\n<td colspan=\"1\" rowspan=\"1\">\n<div class=\"magic-9\">\u017beton pralniczy NFC \u2013 NTAG216<\/div>\n<\/td>\n<\/tr>\n<tr>\n<td colspan=\"1\" rowspan=\"1\">\n<div class=\"magic-7\"><span class=\"magic-10\" data-spm-anchor-id=\"a2700.pc-decorate.0.i10.28d333330XLbTD\"><span class=\"magic-8\">Tworzywo<\/span><\/span><\/div>\n<\/td>\n<td colspan=\"1\" rowspan=\"1\">\n<div class=\"magic-9\"><span class=\"magic-8\">PPS<\/span><\/div>\n<\/td>\n<\/tr>\n<tr>\n<td colspan=\"1\" rowspan=\"1\">\n<div class=\"magic-7\"><span class=\"magic-8\">Kolor<\/span><\/div>\n<\/td>\n<td colspan=\"1\" rowspan=\"1\">\n<div class=\"magic-9\"><span class=\"magic-8\">Czarny, \u017c\u00f3\u0142ty itp.<\/span><\/div>\n<\/td>\n<\/tr>\n<tr>\n<td colspan=\"1\" rowspan=\"1\">Minimalna ilo\u015b\u0107 zam\u00f3wienia<\/td>\n<td colspan=\"1\" rowspan=\"1\">500szt<\/td>\n<\/tr>\n<tr>\n<td colspan=\"1\" rowspan=\"1\">\n<div class=\"magic-7\"><span class=\"magic-8\">Producent\/Chip<\/span><\/div>\n<\/td>\n<td colspan=\"1\" rowspan=\"1\">\n<div class=\"magic-9\"><span class=\"magic-8\">NXP Ntag213, Ntag215, Ntag216, Mifare Ultralight ev1 itp.<\/span><\/div>\n<\/td>\n<\/tr>\n<tr>\n<td colspan=\"1\" rowspan=\"1\">\n<div class=\"magic-7\"><span class=\"magic-8\">Cz\u0119stotliwo\u015b\u0107<\/span><\/div>\n<\/td>\n<td colspan=\"1\" rowspan=\"1\">\n<div class=\"magic-9\"><span class=\"magic-8\">13,56MHz<\/span><\/div>\n<\/td>\n<\/tr>\n<tr>\n<td colspan=\"1\" rowspan=\"1\">\n<div class=\"magic-7\"><span class=\"magic-8\">Pami\u0119\u0107<\/span><\/div>\n<\/td>\n<td colspan=\"1\" rowspan=\"1\">\n<div class=\"magic-9\"><span class=\"magic-8\">144 bajty, 504 bajty, 888 bajt\u00f3w, 64 bajty itd.<\/span><\/div>\n<\/td>\n<\/tr>\n<tr>\n<td colspan=\"1\" rowspan=\"1\">\n<div class=\"magic-7\"><span class=\"magic-8\">Odczyt odleg\u0142o\u015bci<\/span><\/div>\n<\/td>\n<td colspan=\"1\" rowspan=\"1\">\n<div class=\"magic-9\"><span class=\"magic-8\">1~5cm<\/span><\/div>\n<\/td>\n<\/tr>\n<tr>\n<td colspan=\"1\" rowspan=\"1\">\n<div class=\"magic-7\"><span class=\"magic-8\">Tryb pracy<\/span><\/div>\n<\/td>\n<td colspan=\"1\" rowspan=\"1\">\n<div class=\"magic-9\"><span class=\"magic-8\">pasywny<\/span><\/div>\n<\/td>\n<\/tr>\n<tr>\n<td colspan=\"1\" rowspan=\"1\">\n<div class=\"magic-7\"><span class=\"magic-8\">Temperatura pracy<\/span><\/div>\n<\/td>\n<td colspan=\"1\" rowspan=\"1\">\n<div class=\"magic-9\"><span class=\"magic-8\">-25\u2103~+110\u2103<\/span><\/div>\n<\/td>\n<\/tr>\n<tr>\n<td colspan=\"1\" rowspan=\"1\">\n<div class=\"magic-7\"><span class=\"magic-8\">Temperatura przechowywania<\/span><\/div>\n<\/td>\n<td colspan=\"1\" rowspan=\"1\">\n<div class=\"magic-9\"><span class=\"magic-8\">-40\u2103~+85\u2103<\/span><\/div>\n<\/td>\n<\/tr>\n<tr>\n<td colspan=\"1\" rowspan=\"1\">\n<div class=\"magic-7\">\n<div><span class=\"magic-8\">\u00a0<\/span><\/div>\n<p><span class=\"magic-8\">Kr\u00f3tkotrwa\u0142a odporno\u015b\u0107 na temperatur\u0119<\/span><\/p>\n<\/div>\n<\/td>\n<td colspan=\"1\" rowspan=\"1\">\n<div class=\"magic-9\"><span class=\"magic-8\">pranie: 90\u2103, 15 minut; wst\u0119pne suszenie konwertera: 180\u2103, 30 minut, 200 razy; prasowanie: 180\u2103, 10 sekund, 200 razy; wysoka<br \/>\ntemperatura sterylizacji: 135\u2103, 20 minut<\/span><\/div>\n<\/td>\n<\/tr>\n<tr>\n<td colspan=\"1\" rowspan=\"1\">\n<div class=\"magic-7\"><span class=\"magic-8\">Cechy<\/span><\/div>\n<\/td>\n<td colspan=\"1\" rowspan=\"1\">\n<div class=\"magic-9\"><span class=\"magic-8\">wodoodporny, zmywalny, odporny na wysok\u0105 temperatur\u0119<\/span><\/div>\n<\/td>\n<\/tr>\n<tr>\n<td colspan=\"1\" rowspan=\"1\">\n<div class=\"magic-7\"><span class=\"magic-8\">\u017bycie<\/span><\/div>\n<\/td>\n<td colspan=\"1\" rowspan=\"1\">\n<div class=\"magic-9\"><span class=\"magic-8\">pranie 200 razy lub 3 lata<\/span><\/div>\n<\/td>\n<\/tr>\n<tr>\n<td colspan=\"1\" rowspan=\"1\">\n<div class=\"magic-7\"><span class=\"magic-8\">Aplikacje<\/span><\/div>\n<\/td>\n<td colspan=\"1\" rowspan=\"1\">\n<div class=\"magic-9\"><span class=\"magic-8\">zarz\u0105dzanie i \u015bledzenie prania<\/span><\/div>\n<\/td>\n<\/tr>\n<\/tbody>\n<\/table>\n<\/div>\n<\/div>\n<div class=\"J_module\">\n<div class=\"detail-decorate-json-renderer-container\">\n<div class=\"magic-1\">\n<div>\n<div><\/div>\n<\/div>\n<div class=\"magic-2\">\n<div class=\"auto-hide-last-sibling-br paragraph_1252f paragraph-element\">\n<div class=\"auto-hide-last-sibling-br paragraph_1252f paragraph-element\">\n<p>NTAG 213, NTAG 215 i NTAG 216 zosta\u0142y opracowane przez firm\u0119 NXP<sup>\u00ae<\/sup>\u00a0P\u00f3\u0142przewodniki jako standardowe uk\u0142ady scalone tag\u00f3w NFC przeznaczone do u\u017cytku w zastosowaniach na rynku masowym, takich jak handel detaliczny, gry i elektronika u\u017cytkowa, w po\u0142\u0105czeniu z urz\u0105dzeniami NFC lub zgodnymi ze standardem NFC urz\u0105dzeniami sprz\u0119gaj\u0105cymi zbli\u017ceniowo. NTAG 213, NTAG 215 i NTAG 216 (od tej pory nazywane og\u00f3lnie NTAG 21x) zosta\u0142y zaprojektowane tak, aby w pe\u0142ni spe\u0142nia\u0107 specyfikacje tag\u00f3w NFC Forum typu 2 i ISO\/IEC14443 typu A.<\/p>\n<p>Docelowe zastosowania obejmuj\u0105 inteligentn\u0105 reklam\u0119 w mediach drukowanych i poza domem, aplikacje SoLoMo, uwierzytelnianie produkt\u00f3w, etykiety NFC na p\u00f3\u0142ki i mobilne etykiety towarzysz\u0105ce.<\/p>\n<p>Docelowe przypadki u\u017cycia obejmuj\u0105 inteligentn\u0105 reklam\u0119 poza domem, uwierzytelnianie produkt\u00f3w, mobilne etykiety towarzysz\u0105ce, Bluetooth<sup>\u00ae<\/sup>\u00a0lub parowanie Wi-Fi, elektroniczne etykiety p\u00f3\u0142kowe i wizyt\u00f3wki. Pami\u0119\u0107 NTAG 21x mo\u017cna r\u00f3wnie\u017c segmentowa\u0107, aby wdra\u017ca\u0107 wiele aplikacji jednocze\u015bnie.<\/p>\n<p>Dzi\u0119ki du\u017cej pojemno\u015bci wej\u015bciowej uk\u0142ady scalone tag\u00f3w NTAG 21x s\u0105 szczeg\u00f3lnie dostosowane do zastosowa\u0144 wymagaj\u0105cych ma\u0142ych rozmiar\u00f3w, bez uszczerbku dla wydajno\u015bci. Ma\u0142e tagi NFC mo\u017cna \u0142atwiej osadza\u0107 np. w etykietach produkt\u00f3w lub urz\u0105dzeniach elektronicznych.<\/p>\n<p>Parametry mechaniczne i elektryczne NTAG 21x s\u0105 dostosowane do wymaga\u0144 producent\u00f3w wk\u0142adek i etykiet.<\/p>\n<h3>Bezkontaktowy przesy\u0142 energii i danych<\/h3>\n<p>\u0141\u0105czno\u015b\u0107 z NTAG 21x mo\u017cna nawi\u0105za\u0107 tylko wtedy, gdy uk\u0142ad scalony jest pod\u0142\u0105czony do anteny.<\/p>\n<p>Po umieszczeniu NTAG 21x w polu RF, szybki interfejs komunikacyjny RF umo\u017cliwia transmisj\u0119 danych z szybko\u015bci\u0105 transmisji 106 kbit\/s.<\/p>\n<h3>Proste wdro\u017cenie i wygoda u\u017cytkownika<\/h3>\n<p>NTAG 21x oferuje okre\u015blone funkcje zaprojektowane w celu poprawy integracji i wygody u\u017cytkownika:<\/p>\n<ul>\n<li>Mo\u017cliwo\u015b\u0107 szybkiego odczytu pozwala na skanowanie ca\u0142ej wiadomo\u015bci NDEF za pomoc\u0105 tylko jednego polecenia FAST_READ, co zmniejsza obci\u0105\u017cenie w \u015brodowiskach produkcyjnych o du\u017cej przepustowo\u015bci<\/li>\n<li>Ulepszona wydajno\u015b\u0107 RF pozwala na wi\u0119ksz\u0105 elastyczno\u015b\u0107 w wyborze kszta\u0142tu, wymiar\u00f3w i materia\u0142\u00f3w<\/li>\n<li>Opcja grubo\u015bci uk\u0142adu scalonego 75 \u03bcm umo\u017cliwia produkcj\u0119 ultracienkich znacznik\u00f3w, co u\u0142atwia integracj\u0119 np. z magazynami lub kartami do gier<\/li>\n<\/ul>\n<h3>Bezpiecze\u0144stwo<\/h3>\n<ul>\n<li>Producent zaprogramowa\u0142 7-bajtowy UID dla ka\u017cdego urz\u0105dzenia<\/li>\n<li>Kontener wst\u0119pnie zaprogramowanych mo\u017cliwo\u015bci z bitami programowalnymi jednorazowo<\/li>\n<li>Funkcja blokowania tylko do odczytu, programowana w terenie<\/li>\n<li>Podpis oryginalno\u015bci oparty na ECC<\/li>\n<li>Ochrona has\u0142em 32-bitowym zapobiegaj\u0105ca nieautoryzowanym operacjom na pami\u0119ci<\/li>\n<\/ul>\n<h3>Zgodno\u015b\u0107 typu tagu 2 forum NFC<\/h3>\n<p>Uk\u0142ad scalony NTAG 21x zapewnia pe\u0142n\u0105 zgodno\u015b\u0107 ze specyfikacj\u0105 techniczn\u0105 NFC Forum Tag 2 Type i umo\u017cliwia konfiguracj\u0119 struktur danych NDEF.<\/p>\n<h3>Antykolizyjny<\/h3>\n<p>Inteligentna funkcja antykolizyjna umo\u017cliwia jednoczesne dzia\u0142anie wi\u0119cej ni\u017c jednego tagu w terenie. Algorytm antykolizyjny wybiera ka\u017cdy tag indywidualnie i zapewnia, \u017ce wykonanie transakcji z wybranym tagiem jest wykonywane poprawnie, bez zak\u0142\u00f3ce\u0144 ze strony innego tagu w terenie.<\/p>\n<h3>Cechy<\/h3>\n<div id=\"featuresXsp\" class=\"features-list toggle-opacity in\">\n<div class=\"features-xsp\">\n<div class=\"collapse-mobile ste-list-ul\">\n<ul class=\"boxes\">\n<li>Bezkontaktowa transmisja danych i zasilanie energi\u0105<\/li>\n<li>Cz\u0119stotliwo\u015b\u0107 pracy 13,56 MHz<\/li>\n<li>Transfer danych 106 kbit\/s<\/li>\n<li>Integralno\u015b\u0107 danych 16-bitowego CRC, parzysto\u015b\u0107, kodowanie bit\u00f3w, liczenie bit\u00f3w<\/li>\n<li>Zasi\u0119g dzia\u0142ania do 100 mm (w zale\u017cno\u015bci od r\u00f3\u017cnych parametr\u00f3w, np. nat\u0119\u017cenia pola i geometrii anteny)<\/li>\n<li>7-bajtowy numer seryjny (poziom kaskadowy 2 zgodnie z norm\u0105 ISO\/IEC 14443-3)<\/li>\n<li>Lustro UID ASCII do automatycznej serializacji komunikat\u00f3w NDEF<\/li>\n<li>Automatyczny licznik NFC uruchamiany poleceniem odczytu<\/li>\n<li>Licznik NFC ASCII mirror do automatycznego dodawania warto\u015bci licznika NFC do wiadomo\u015bci NDEF<\/li>\n<li>Podpis oryginalno\u015bci oparty na ECC<\/li>\n<li>Szybkie polecenie odczytu<\/li>\n<li>Prawdziwe zabezpieczenie antykolizyjne<\/li>\n<li>Pojemno\u015b\u0107 wej\u015bciowa 50 pF<\/li>\n<\/ul>\n<\/div>\n<div class=\"collapse-mobile ste-list-ul\">\n<ul class=\"boxes\">\n<li>180, 540 lub 924 bajt\u00f3w zorganizowanych na 45, 135 lub 231 stronach po 4 bajty na stron\u0119<\/li>\n<li>144, 504 lub 888 bajt\u00f3w swobodnie dost\u0119pnych dla u\u017cytkownika w obszarze odczytu\/zapisu (36, 126 lub 222 stron)<\/li>\n<li>4-bajtowy kontener mo\u017cliwo\u015bci inicjalizacji z bitami dost\u0119pu programowalnymi jednorazowo<\/li>\n<li>Programowalna w terenie funkcja blokowania tylko do odczytu na stron\u0119 dla pierwszych 16 stron<\/li>\n<li>Funkcja blokowania tylko do odczytu programowalna w terenie powy\u017cej pierwszych 16 stron na podw\u00f3jn\u0105 stron\u0119 dla NTAG 213 lub na 16 stron dla NTAG 215 i NTAG 216<\/li>\n<li>Konfigurowalna ochrona has\u0142em z opcjonalnym limitem nieudanych pr\u00f3b<\/li>\n<li>Wsparcie antyrozdarciowe dla pojemnika na \u0142adunek (CC) i bit\u00f3w blokuj\u0105cych<\/li>\n<li>Kontrola oryginalno\u015bci wspierana przez ECC<\/li>\n<li>Czas przechowywania danych 10 lat<\/li>\n<li>Napisz wytrzyma\u0142o\u015b\u0107 100 000 cykli<\/li>\n<\/ul>\n<\/div>\n<\/div>\n<\/div>\n<\/div>\n<p>&nbsp;<\/p>\n<div class=\"auto-hide-last-sibling-br paragraph_1252f paragraph-element\"><\/div>\n<div class=\"auto-hide-last-sibling-br paragraph_1252f paragraph-element\"><\/div>\n<\/div>\n<\/div>\n<\/div>\n<\/div>\n<\/div>","protected":false},"excerpt":{"rendered":"<p>Tokeny pralnicze NFC NTAG216, znane r\u00f3wnie\u017c jako zmywalne tagi NFC PPS, zosta\u0142y stworzone z my\u015bl\u0105 o sytuacjach, w kt\u00f3rych wymagana jest solidna etykieta potrafi\u0105ca poradzi\u0107 sobie w trudnych warunkach eksploatacyjnych.<\/p>","protected":false},"featured_media":160,"template":"","meta":{"_kad_post_transparent":"default","_kad_post_title":"","_kad_post_layout":"default","_kad_post_sidebar_id":"","_kad_post_content_style":"default","_kad_post_vertical_padding":"default","_kad_post_feature":"","_kad_post_feature_position":"","_kad_post_header":false,"_kad_post_footer":false,"_kad_post_classname":""},"product_brand":[],"product_cat":[21,17],"product_tag":[37,74,42,45],"class_list":{"0":"post-159","1":"product","2":"type-product","3":"status-publish","4":"has-post-thumbnail","6":"product_cat-pps-rfid-laundry-tag","7":"product_cat-nfc-rfid-laundry-tag","8":"product_tag-nfc-button","9":"product_tag-nfc-laundry-token-ntag216","10":"product_tag-pps-nfc-laundry-tag","11":"product_tag-pps-washable-nfc-tags","13":"first","14":"instock","15":"shipping-taxable","16":"product-type-simple","17":"entry","18":"content-bg","19":"loop-entry"},"_links":{"self":[{"href":"https:\/\/rfid-laundry-tag.com\/pl\/wp-json\/wp\/v2\/product\/159","targetHints":{"allow":["GET"]}}],"collection":[{"href":"https:\/\/rfid-laundry-tag.com\/pl\/wp-json\/wp\/v2\/product"}],"about":[{"href":"https:\/\/rfid-laundry-tag.com\/pl\/wp-json\/wp\/v2\/types\/product"}],"version-history":[{"count":1,"href":"https:\/\/rfid-laundry-tag.com\/pl\/wp-json\/wp\/v2\/product\/159\/revisions"}],"predecessor-version":[{"id":1317,"href":"https:\/\/rfid-laundry-tag.com\/pl\/wp-json\/wp\/v2\/product\/159\/revisions\/1317"}],"wp:featuredmedia":[{"embeddable":true,"href":"https:\/\/rfid-laundry-tag.com\/pl\/wp-json\/wp\/v2\/media\/160"}],"wp:attachment":[{"href":"https:\/\/rfid-laundry-tag.com\/pl\/wp-json\/wp\/v2\/media?parent=159"}],"wp:term":[{"taxonomy":"product_brand","embeddable":true,"href":"https:\/\/rfid-laundry-tag.com\/pl\/wp-json\/wp\/v2\/product_brand?post=159"},{"taxonomy":"product_cat","embeddable":true,"href":"https:\/\/rfid-laundry-tag.com\/pl\/wp-json\/wp\/v2\/product_cat?post=159"},{"taxonomy":"product_tag","embeddable":true,"href":"https:\/\/rfid-laundry-tag.com\/pl\/wp-json\/wp\/v2\/product_tag?post=159"}],"curies":[{"name":"wp","href":"https:\/\/api.w.org\/{rel}","templated":true}]}}