{"id":157,"date":"2024-06-14T16:27:10","date_gmt":"2024-06-14T16:27:10","guid":{"rendered":"https:\/\/rfid-laundry-tag.com\/?post_type=product&#038;p=157"},"modified":"2024-09-08T04:19:43","modified_gmt":"2024-09-08T04:19:43","slug":"uhf-washable-rfid-fabric-laundry-tags","status":"publish","type":"product","link":"https:\/\/rfid-laundry-tag.com\/pl\/uhf-washable-rfid-fabric-laundry-tags\/","title":{"rendered":"Tagi do prania tkanin UHF RFID"},"content":{"rendered":"<div>\n<div class=\"auto-hide-last-sibling-br paragraph_1252f paragraph-element\">\n<table width=\"637\">\n<tbody>\n<tr>\n<td width=\"328\">Nazwa przedmiotu:<\/td>\n<td width=\"309\">Tagi do prania tkanin UHF RFID<\/td>\n<\/tr>\n<tr>\n<td width=\"328\">Norma RFID:<\/td>\n<td width=\"309\">ISO\/IEC 18000-6 Typ C (EPC Gen2)<\/td>\n<\/tr>\n<tr>\n<td width=\"328\">Rozmiar i waga:<\/td>\n<td width=\"309\">70\u00d715 mm, 0,6 g<\/td>\n<\/tr>\n<tr>\n<td width=\"328\">Typ uk\u0142adu scalonego:<\/td>\n<td width=\"309\">Impinj Monza 4QT, NXP U KOD 8, NXP U KOD 9<\/td>\n<\/tr>\n<tr>\n<td width=\"328\">Pami\u0119\u0107 EPC:<\/td>\n<td width=\"309\">128 bit\u00f3w<\/td>\n<\/tr>\n<tr>\n<td width=\"328\">Pami\u0119\u0107 u\u017cytkownika:<\/td>\n<td width=\"309\">512 bit\u00f3w<\/td>\n<\/tr>\n<tr>\n<td width=\"328\">Zakres odczytu (2W ERP FCC):<\/td>\n<td width=\"309\">8m<\/td>\n<\/tr>\n<tr>\n<td width=\"328\">Zakres odczytu (2W ERP ETSI):<\/td>\n<td width=\"309\">8m<\/td>\n<\/tr>\n<tr>\n<td width=\"328\">Tagowanie:<\/td>\n<td width=\"309\">Szycie, Klej do t\u0142oczenia na gor\u0105co<\/td>\n<\/tr>\n<tr>\n<td width=\"328\">Szacowany czas \u017cycia:<\/td>\n<td width=\"309\">200 cykli prania lub 3 lata, w zale\u017cno\u015bci od tego, co nast\u0105pi pierwsze<\/td>\n<\/tr>\n<tr>\n<td width=\"328\">Metoda prania:<\/td>\n<td width=\"309\">Pralnia, czyszczenie chemiczne<\/td>\n<\/tr>\n<tr>\n<td width=\"328\">Ci\u015bnienie ekstrakcji wody:<\/td>\n<td width=\"309\">60 bar<\/td>\n<\/tr>\n<tr>\n<td width=\"328\">Wodoodporno\u015b\u0107:<\/td>\n<td width=\"309\">Wodoodporny<\/td>\n<\/tr>\n<tr>\n<td width=\"328\">Odporno\u015b\u0107 chemiczna:<\/td>\n<td width=\"309\">Detergent, zmi\u0119kczacz, wybielacz (tlen\/chlor), alkalia<\/td>\n<\/tr>\n<tr>\n<td width=\"328\">Wst\u0119pne suszenie w suszarce b\u0119bnowej:<\/td>\n<td width=\"309\">125 \u00baC przez 15-20 minut<\/td>\n<\/tr>\n<tr>\n<td width=\"328\">Temperatura sterylizacji:<\/td>\n<td width=\"309\">135\u00b0C przez 15-20 minut<\/td>\n<\/tr>\n<tr>\n<td width=\"328\">Temperatura prania:<\/td>\n<td width=\"309\">90\u00b0C, do 15 min.<\/td>\n<\/tr>\n<tr>\n<td width=\"328\">Wilgotno\u015b\u0107\/Temperatura - praca:<\/td>\n<td width=\"309\">-20 do 110\u00b0C, 8 do 95%RH<\/td>\n<\/tr>\n<tr>\n<td width=\"328\">Wilgotno\u015b\u0107\/Temperatura-Przechowywanie:<\/td>\n<td width=\"309\">-40 do 110\u00b0C, 8 do 95%RH<\/td>\n<\/tr>\n<\/tbody>\n<\/table>\n<\/div>\n<div class=\"auto-hide-last-sibling-br paragraph_1252f paragraph-element\"><\/div>\n<\/div>\n<div class=\"auto-hide-last-sibling-br paragraph_1252f paragraph-element\">\n<div data-spm-anchor-id=\"a2700.details.0.i57.23b419c7xXORP0\"><span data-spm-anchor-id=\"a2700.details.0.i75.23b419c7xXORP0\"><b>Funkcja:<\/b><br \/>\n1) Technologia UHF umo\u017cliwiaj\u0105ca odczyt setek tag\u00f3w jednocze\u015bnie.<br \/>\n2) Odleg\u0142o\u015b\u0107 czytania wi\u0119ksza ni\u017c 8 st\u00f3p.<br \/>\n3) Nowa konstrukcja mechaniczna zapewniaj\u0105ca lepsz\u0105 wydajno\u015b\u0107 prania p\u0142askiej po\u015bcieli.<br \/>\n4) Nadaje si\u0119 do ekstraktor\u00f3w wysokoci\u015bnieniowych do 60 bar\u00f3w.<br \/>\n5) Nadaje si\u0119 do sterylizacji w autoklawie.<br \/>\n6) Ma\u0142y, mi\u0119kki i elastyczny materia\u0142 idealny na tekstylia, po\u015bciel, ubrania i akcesoria.<\/span><\/div>\n<\/div>\n<div data-spm-anchor-id=\"a2700.details.0.i57.23b419c7xXORP0\"><\/div>\n<div data-spm-anchor-id=\"a2700.details.0.i57.23b419c7xXORP0\">\n<div class=\"auto-hide-last-sibling-br paragraph_1252f paragraph-element\"><strong>Tagi do prania tkanin UHF RFID<\/strong> to specjalistyczne znaczniki RFID stworzone specjalnie dla tekstyli\u00f3w poddawanych rygorystycznym procedurom prania przemys\u0142owego, obejmuj\u0105cym sterylizacj\u0119 i prasowanie.<\/div>\n<p>&nbsp;<\/p>\n<div class=\"auto-hide-last-sibling-br paragraph_1252f paragraph-element\">Te zmywalne etykiety UHF RFID do prania odgrywaj\u0105 kluczow\u0105 rol\u0119 w skutecznej identyfikacji, \u015bledzeniu i zarz\u0105dzaniu po\u015bciel\u0105 i tekstyliami. W przypadku firm, kt\u00f3re potrzebuj\u0105 ci\u0105g\u0142ej cyrkulacji czystej po\u015bcieli, mundur\u00f3w, odzie\u017cy roboczej, odzie\u017cy medycznej lub \u015brodk\u00f3w czyszcz\u0105cych, te etykiety do prania mog\u0105 znacznie zwi\u0119kszy\u0107 wydajno\u015b\u0107 zautomatyzowanych system\u00f3w. Umo\u017cliwiaj\u0105 szybsze i dok\u0142adniejsze \u015bledzenie znacznej liczby pojedynczych przedmiot\u00f3w, poprawiaj\u0105c kontrol\u0119 zapas\u00f3w i minimalizuj\u0105c straty. Powoduje to znaczn\u0105 oszcz\u0119dno\u015b\u0107 czasu i koszt\u00f3w, a tak\u017ce zwi\u0119kszon\u0105 produktywno\u015b\u0107 w takich zak\u0142adach.<\/div>\n<\/div>\n<div data-spm-anchor-id=\"a2700.details.0.i57.23b419c7xXORP0\"><\/div>\n<div data-spm-anchor-id=\"a2700.details.0.i57.23b419c7xXORP0\">\n<p><img fetchpriority=\"high\" decoding=\"async\" class=\"wp-image-55\" src=\"https:\/\/rfid-laundry-tag.com\/wp-content\/uploads\/2024\/06\/4-300x275.png\" alt=\"RFID Tag for linen laundry\" width=\"605\" height=\"555\" srcset=\"https:\/\/rfid-laundry-tag.com\/wp-content\/uploads\/2024\/06\/4-300x275.png 300w, https:\/\/rfid-laundry-tag.com\/wp-content\/uploads\/2024\/06\/4-600x550.png 600w, https:\/\/rfid-laundry-tag.com\/wp-content\/uploads\/2024\/06\/4-13x12.png 13w, https:\/\/rfid-laundry-tag.com\/wp-content\/uploads\/2024\/06\/4.png 750w\" sizes=\"(max-width: 605px) 100vw, 605px\" \/><\/p>\n<\/div>\n<h3 class=\"wp-block-heading\">Instalacja<\/h3>\n<p><strong>Oznaczanie \u015bcieg\u00f3w<\/strong>: Do przyszycia do brzegu materia\u0142u tekstylnego. Przyszyj metk\u0119 do prania od linii sk\u0142adania.<br \/>\n<strong>Zgrzewanie<\/strong>: Nale\u017cy zgrzewa\u0107 bezpo\u015brednio na materiale tekstylnym w temperaturze +200\u00b0C (392\u00b0F) przez 12~14 sekund.<br \/>\n<strong>W woreczku<\/strong>: Do przyszycia jak standardowa metka piel\u0119gnacyjna. Przyszyj metk\u0119 do prania od linii sk\u0142adania.<\/p>\n<div class=\"auto-hide-last-sibling-br paragraph_1252f paragraph-element\">\n<div class=\"auto-hide-last-sibling-br paragraph_1252f paragraph-element\">Znaczniki tekstylne RFID do prania bielizny s\u0105 niezb\u0119dne w wielu bran\u017cach, co ma zasadnicze znaczenie dla wydajnego \u015bledzenia aktyw\u00f3w, zarz\u0105dzania zapasami i zwi\u0119kszania og\u00f3lnej wydajno\u015bci operacyjnej. Oto spojrzenie na ich zastosowanie w r\u00f3\u017cnych sektorach:<\/div>\n<div><\/div>\n<p style=\"font-weight: 400;\"><span style=\"font-style: inherit; font-weight: inherit;\" data-spm-anchor-id=\"a2700.details.0.i52.7e74253fSAfL7T\">Jak <\/span><b><strong style=\"font-style: inherit;\">MOCNY<\/strong><\/b><span style=\"font-style: inherit; font-weight: inherit;\"> oni s\u0105?<\/span><\/p>\n<p><b><strong>\u2460<\/strong><\/b>Czy chipy RFID mog\u0105 ulec uszkodzeniu pod wp\u0142ywem wysokich temperatur?<span style=\"font-style: inherit; font-weight: inherit;\"> \u2013<\/span><b><strong>\u2714 Nasze etykiety do prania tekstyli\u00f3w RFID s\u0105 przeznaczone do stosowania w temperaturze 200 \u00b0C<\/strong><\/b><span style=\"font-style: inherit; font-weight: inherit;\">.<\/span><\/p>\n<p style=\"font-weight: 400;\"><b><strong>\u2461<\/strong><\/b>Ile razy mo\u017cna pra\u0107 metki przyczepione do mundurowych wyrob\u00f3w tekstylnych? <b><strong>\u2013\u2714Nasza tekstylna etykieta do prania RFID mo\u017ce by\u0107 prana ponad 200 razy. Gwarancja obowi\u0105zuje przez 2 lata od daty wysy\u0142ki.<\/strong><\/b><\/p>\n<p style=\"font-weight: 400;\"><b><strong>\u2462<\/strong><\/b>Czy b\u0119dziemy wydawa\u0107 presti\u017cowe mundury na produkty tekstylne i kontynuowa\u0107 prac\u0119 w przypadku zmia\u017cd\u017cenia wi\u00f3r\u00f3w? <b><strong>\u2013\u2714Zaprojektowali\u015bmy nasz\u0105 metk\u0119 do prania tekstyli\u00f3w tak, aby wytrzymywa\u0142a ci\u015bnienie 60 bar\u00f3w w procesie prasowania produkt\u00f3w tekstylnych.<\/strong><\/b><\/p>\n<p style=\"font-weight: 400;\"><b><strong>\u2463<\/strong><\/b>Gdzie umieszcza\u0107 metki RFID do prania na tekstyliach s\u0142u\u017cbowych? <b><strong>\u2013 \u2714Metki RFID do prania tekstyli\u00f3w s\u0105 instalowane w zale\u017cno\u015bci od dost\u0119pno\u015bci mundur\u00f3w.<\/strong><\/b><\/p>\n<p>&nbsp;<\/p>\n<\/div>\n<div class=\"auto-hide-last-sibling-br paragraph_1252f paragraph-element\"><\/div>","protected":false},"excerpt":{"rendered":"<p>Etykiety UHF Washable RFID Fabric Laundry, produkowane w zaawansowanej technologii UHF (860-960 MHz), spe\u0142niaj\u0105 mi\u0119dzynarodowe standardy, takie jak EPC Class1 Gen2 i ISO 18000. Te etykiety UHF Textile do prania bielizny zapewniaj\u0105 elastyczno\u015b\u0107 i wytrzyma\u0142o\u015b\u0107, wytrzymuj\u0105c ponad 200 cykli prania i ci\u015bnienie do 60 bar\u00f3w. Cech\u0105 wyr\u00f3\u017cniaj\u0105c\u0105 etykiety UHF RFID do prania tkanin jest jej zdolno\u015b\u0107 do u\u0142atwiania masowego odczytu z odleg\u0142o\u015bci kilku metr\u00f3w, co stanowi wysoce wydajne narz\u0119dzie do zarz\u0105dzania praniem.<\/p>","protected":false},"featured_media":158,"template":"","meta":{"_kad_post_transparent":"default","_kad_post_title":"","_kad_post_layout":"default","_kad_post_sidebar_id":"","_kad_post_content_style":"default","_kad_post_vertical_padding":"default","_kad_post_feature":"","_kad_post_feature_position":"","_kad_post_header":false,"_kad_post_footer":false,"_kad_post_classname":""},"product_brand":[],"product_cat":[19,16],"product_tag":[31,65,30,73],"class_list":{"0":"post-157","1":"product","2":"type-product","3":"status-publish","4":"has-post-thumbnail","6":"product_cat-textile-rfid-laundry-tag","7":"product_cat-uhf-rfid-laundry-tags","8":"product_tag-rfid-tag-for-linen-laundry","9":"product_tag-textile-rfid-laundry-tags","10":"product_tag-uhf-rfid-laundry-tag","11":"product_tag-uhf-washable-rfid-fabric-laundry-tags","13":"first","14":"instock","15":"featured","16":"shipping-taxable","17":"product-type-simple","18":"entry","19":"content-bg","20":"loop-entry"},"_links":{"self":[{"href":"https:\/\/rfid-laundry-tag.com\/pl\/wp-json\/wp\/v2\/product\/157","targetHints":{"allow":["GET"]}}],"collection":[{"href":"https:\/\/rfid-laundry-tag.com\/pl\/wp-json\/wp\/v2\/product"}],"about":[{"href":"https:\/\/rfid-laundry-tag.com\/pl\/wp-json\/wp\/v2\/types\/product"}],"version-history":[{"count":1,"href":"https:\/\/rfid-laundry-tag.com\/pl\/wp-json\/wp\/v2\/product\/157\/revisions"}],"predecessor-version":[{"id":1920,"href":"https:\/\/rfid-laundry-tag.com\/pl\/wp-json\/wp\/v2\/product\/157\/revisions\/1920"}],"wp:featuredmedia":[{"embeddable":true,"href":"https:\/\/rfid-laundry-tag.com\/pl\/wp-json\/wp\/v2\/media\/158"}],"wp:attachment":[{"href":"https:\/\/rfid-laundry-tag.com\/pl\/wp-json\/wp\/v2\/media?parent=157"}],"wp:term":[{"taxonomy":"product_brand","embeddable":true,"href":"https:\/\/rfid-laundry-tag.com\/pl\/wp-json\/wp\/v2\/product_brand?post=157"},{"taxonomy":"product_cat","embeddable":true,"href":"https:\/\/rfid-laundry-tag.com\/pl\/wp-json\/wp\/v2\/product_cat?post=157"},{"taxonomy":"product_tag","embeddable":true,"href":"https:\/\/rfid-laundry-tag.com\/pl\/wp-json\/wp\/v2\/product_tag?post=157"}],"curies":[{"name":"wp","href":"https:\/\/api.w.org\/{rel}","templated":true}]}}