{"id":151,"date":"2024-06-14T13:40:01","date_gmt":"2024-06-14T13:40:01","guid":{"rendered":"https:\/\/rfid-laundry-tag.com\/?post_type=product&#038;p=151"},"modified":"2024-06-14T15:08:09","modified_gmt":"2024-06-14T15:08:09","slug":"waterproof-washing-rfid-button-tag","status":"publish","type":"product","link":"https:\/\/rfid-laundry-tag.com\/pl\/waterproof-washing-rfid-button-tag\/","title":{"rendered":"Wodoodporny przycisk RFID do prania"},"content":{"rendered":"<div class=\"J_module\">\n<div class=\"ife-detail-decorate-table\">\n<table class=\"has-title all magic-6\">\n<tbody>\n<tr>\n<td colspan=\"1\" rowspan=\"1\">\n<div class=\"magic-7\" data-spm-anchor-id=\"a2700.details.0.i45.77607d98vZbcDU\"><span class=\"magic-8\" style=\"color: #363535;\">Nazwa przedmiotu<\/span><\/div>\n<\/td>\n<td colspan=\"1\" rowspan=\"1\">\n<div class=\"magic-9\"><span class=\"magic-8\">Wodoodporny przycisk RFID do prania<\/span><\/div>\n<\/td>\n<\/tr>\n<tr>\n<td colspan=\"1\" rowspan=\"1\">\n<div class=\"magic-7\"><span class=\"magic-10\" data-spm-anchor-id=\"a2700.pc-decorate.0.i10.28d333330XLbTD\"><span class=\"magic-8\">Tworzywo<\/span><\/span><\/div>\n<\/td>\n<td colspan=\"1\" rowspan=\"1\">\n<div class=\"magic-9\"><span class=\"magic-8\">PPS<\/span><\/div>\n<\/td>\n<\/tr>\n<tr>\n<td colspan=\"1\" rowspan=\"1\">\n<div class=\"magic-7\"><span class=\"magic-8\">Kolor<\/span><\/div>\n<\/td>\n<td colspan=\"1\" rowspan=\"1\">\n<div class=\"magic-9\"><span class=\"magic-8\">Czarny<\/span><\/div>\n<\/td>\n<\/tr>\n<tr>\n<td colspan=\"1\" rowspan=\"1\">Minimalna ilo\u015b\u0107 zam\u00f3wienia<\/td>\n<td colspan=\"1\" rowspan=\"1\">500szt<\/td>\n<\/tr>\n<tr>\n<td colspan=\"1\" rowspan=\"1\">\n<div class=\"magic-7\"><span class=\"magic-8\">Producent\/Chip<\/span><\/div>\n<\/td>\n<td colspan=\"1\" rowspan=\"1\">\n<div class=\"magic-9\"><span class=\"magic-8\">NXP UCODE 8, UCODE 9\/NTAG213, Mifare 1k\/EM4200, EM4305, T5577.TK4100 itp.<\/span><\/div>\n<\/td>\n<\/tr>\n<tr>\n<td colspan=\"1\" rowspan=\"1\">\n<div class=\"magic-7\"><span class=\"magic-8\">Cz\u0119stotliwo\u015b\u0107<\/span><\/div>\n<\/td>\n<td colspan=\"1\" rowspan=\"1\">\n<div class=\"magic-9\"><span class=\"magic-8\">860-960MHz\/13,56MHz\/125KHz<\/span><\/div>\n<\/td>\n<\/tr>\n<tr>\n<td colspan=\"1\" rowspan=\"1\">\n<div class=\"magic-7\"><span class=\"magic-8\">Pami\u0119\u0107<\/span><\/div>\n<\/td>\n<td colspan=\"1\" rowspan=\"1\">\n<div class=\"magic-9\"><span class=\"magic-8\">96 bit\u00f3w\/128 bit\u00f3w\/144 bajt\u00f3w<\/span><\/div>\n<\/td>\n<\/tr>\n<tr>\n<td colspan=\"1\" rowspan=\"1\">\n<div class=\"magic-7\"><span class=\"magic-8\">Odczyt odleg\u0142o\u015bci<\/span><\/div>\n<\/td>\n<td colspan=\"1\" rowspan=\"1\">\n<div class=\"magic-9\"><span class=\"magic-8\">1-6m\/1~5cm\/1~2cm<\/span><\/div>\n<\/td>\n<\/tr>\n<tr>\n<td colspan=\"1\" rowspan=\"1\">\n<div class=\"magic-7\"><span class=\"magic-8\">Tryb pracy<\/span><\/div>\n<\/td>\n<td colspan=\"1\" rowspan=\"1\">\n<div class=\"magic-9\"><span class=\"magic-8\">pasywny<\/span><\/div>\n<\/td>\n<\/tr>\n<tr>\n<td colspan=\"1\" rowspan=\"1\">\n<div class=\"magic-7\"><span class=\"magic-8\">Temperatura pracy<\/span><\/div>\n<\/td>\n<td colspan=\"1\" rowspan=\"1\">\n<div class=\"magic-9\"><span class=\"magic-8\">-25\u2103~+110\u2103<\/span><\/div>\n<\/td>\n<\/tr>\n<tr>\n<td colspan=\"1\" rowspan=\"1\">\n<div class=\"magic-7\"><span class=\"magic-8\">Temperatura przechowywania<\/span><\/div>\n<\/td>\n<td colspan=\"1\" rowspan=\"1\">\n<div class=\"magic-9\"><span class=\"magic-8\">-40\u2103~+85\u2103<\/span><\/div>\n<\/td>\n<\/tr>\n<tr>\n<td colspan=\"1\" rowspan=\"1\">\n<div class=\"magic-7\">\n<div><span class=\"magic-8\">\u00a0<\/span><\/div>\n<p><span class=\"magic-8\">Kr\u00f3tkotrwa\u0142a odporno\u015b\u0107 na temperatur\u0119<\/span><\/p>\n<\/div>\n<\/td>\n<td colspan=\"1\" rowspan=\"1\">\n<div class=\"magic-9\"><span class=\"magic-8\">pranie: 90\u2103, 15 minut; wst\u0119pne suszenie konwertera: 180\u2103, 30 minut, 200 razy; prasowanie: 180\u2103, 10 sekund, 200 razy; wysoka<br \/>\ntemperatura sterylizacji: 135\u2103, 20 minut<\/span><\/div>\n<\/td>\n<\/tr>\n<tr>\n<td colspan=\"1\" rowspan=\"1\">\n<div class=\"magic-7\"><span class=\"magic-8\">Cechy<\/span><\/div>\n<\/td>\n<td colspan=\"1\" rowspan=\"1\">\n<div class=\"magic-9\"><span class=\"magic-8\">wodoodporny, zmywalny, odporny na wysok\u0105 temperatur\u0119<\/span><\/div>\n<\/td>\n<\/tr>\n<tr>\n<td colspan=\"1\" rowspan=\"1\">\n<div class=\"magic-7\"><span class=\"magic-8\">\u017bycie<\/span><\/div>\n<\/td>\n<td colspan=\"1\" rowspan=\"1\">\n<div class=\"magic-9\"><span class=\"magic-8\">pranie 200 razy lub 3 lata<\/span><\/div>\n<\/td>\n<\/tr>\n<tr>\n<td colspan=\"1\" rowspan=\"1\">\n<div class=\"magic-7\"><span class=\"magic-8\">Aplikacje<\/span><\/div>\n<\/td>\n<td colspan=\"1\" rowspan=\"1\">\n<div class=\"magic-9\"><span class=\"magic-8\">zarz\u0105dzanie i \u015bledzenie prania<\/span><\/div>\n<\/td>\n<\/tr>\n<\/tbody>\n<\/table>\n<\/div>\n<\/div>\n<div class=\"J_module\">\n<div class=\"detail-decorate-json-renderer-container\">\n<div class=\"magic-1\">\n<div class=\"magic-2\">\n<div><\/div>\n<div><strong>Etykiety pralnicze UHF RFID PPS<\/strong> s\u0105 miniaturowymi, lekkimi wska\u017anikami RFID zaprojektowanymi specjalnie do \u015bledzenia bielizny. Konstrukcja tych tag\u00f3w sprawia, \u017ce nadaj\u0105 si\u0119 do mocowania do odzie\u017cy i r\u00f3\u017cnych tekstyli\u00f3w. Mog\u0105 by\u0107 wykrywane z odleg\u0142o\u015bci kilku metr\u00f3w przez skanery UHF RFID. Zazwyczaj te identyfikatory s\u0105 przymocowywane do ubra\u0144, takich jak skarpetki, koszule i r\u0119czniki. S\u0142u\u017c\u0105 jako op\u0142acalna i wydajna metoda monitorowania ruchu tych przedmiot\u00f3w w pralni, minimalizuj\u0105c w ten spos\u00f3b liczb\u0119 zgubionych lub \u017ale po\u0142o\u017conych element\u00f3w. Unikalny styl guzik\u00f3w tych tag\u00f3w pozwala na ich \u0142atwe mocowanie do element\u00f3w odzie\u017cy. Taki system rewolucjonizuje tradycyjne \u015bledzenie prania, czyni\u0105c z niego atut w zarz\u0105dzaniu du\u017cymi ilo\u015bciami prania i tekstyli\u00f3w w plac\u00f3wkach instytucjonalnych, zwi\u0119kszaj\u0105c wydajno\u015b\u0107 i redukuj\u0105c straty.<\/div>\n<div><\/div>\n<\/div>\n<p><strong>Opcje chip\u00f3w:<\/strong><\/p>\n<ul>\n<li><strong>Kod UNXP 8\/9:<\/strong>\u00a0Ekonomiczne chipy idealne do podstawowego \u015bledzenia i identyfikacji, zapewniaj\u0105ce zasi\u0119g odczytu do 10 metr\u00f3w.<\/li>\n<li><strong>NTAG213:<\/strong>\u00a0Uk\u0142ad z obs\u0142ug\u0105 NFC umo\u017cliwiaj\u0105cy komunikacj\u0119 ze smartfonami i innymi urz\u0105dzeniami NFC, idealny do zastosowa\u0144 takich jak p\u0142atno\u015bci zbli\u017ceniowe lub dost\u0119p do informacji o produktach.<\/li>\n<li><strong>Mifare 1k:<\/strong>\u00a0Bezpieczny uk\u0142ad z silnym szyfrowaniem i funkcjami uwierzytelniania, odpowiedni do kontroli dost\u0119pu i bezpiecznego przechowywania danych.<\/li>\n<li><strong>EM4305:<\/strong>\u00a0Niedrogi uk\u0142ad scalony do podstawowych zastosowa\u0144 kontroli dost\u0119pu o zasi\u0119gu odczytu do 1 metra.<\/li>\n<li><strong>T5577:<\/strong>\u00a0Kolejny niedrogi uk\u0142ad do system\u00f3w kontroli dost\u0119pu i sprzeda\u017cy bilet\u00f3w, oferuj\u0105cy zasi\u0119g odczytu do 1 metra.<\/li>\n<\/ul>\n<div class=\"magic-2\">\n<div class=\"auto-hide-last-sibling-br paragraph_1252f paragraph-element\">\n<div class=\"auto-hide-last-sibling-br paragraph_1252f paragraph-element\"><strong>Zastosowania:<\/strong><\/div>\n<ol class=\"auto-hide-last-sibling-br\">\n<li>\n<div class=\"auto-hide-last-sibling-br paragraph_1252f paragraph-element\">Pralnie przemys\u0142owe: W \u015brodowisku przemys\u0142owym \u015bledzenie du\u017cych ilo\u015bci bielizny staje si\u0119 niezwykle proste dzi\u0119ki naszym identyfikatorom pralniczym RFID.<\/div>\n<\/li>\n<li>\n<div class=\"auto-hide-last-sibling-br paragraph_1252f paragraph-element\">Plac\u00f3wki s\u0142u\u017cby zdrowia i hotele: W tego typu instytucjach cz\u0119sto odbywa si\u0119 pranie du\u017cej ilo\u015bci odzie\u017cy, a nasze metki stale zwi\u0119kszaj\u0105 wydajno\u015b\u0107 i usprawniaj\u0105 zarz\u0105dzanie zapasami.<\/div>\n<\/li>\n<li>\n<div class=\"auto-hide-last-sibling-br paragraph_1252f paragraph-element\">Wynajem po\u015bcieli: Przedsi\u0119biorstwa z sektora wynajmu po\u015bcieli wykorzystuj\u0105 te etykiety w celu uproszczenia zarz\u0105dzania zapasami i utrzymania kontroli jako\u015bci.<\/div>\n<\/li>\n<\/ol>\n<div class=\"auto-hide-last-sibling-br paragraph_1252f paragraph-element\">\n<p>&nbsp;<\/p>\n<\/div>\n<\/div>\n<div class=\"auto-hide-last-sibling-br paragraph_1252f paragraph-element\"><\/div>\n<\/div>\n<\/div>\n<\/div>\n<\/div>","protected":false},"excerpt":{"rendered":"<p>Wodoodporny znacznik RFID do prania, powszechnie nazywany znacznikiem PPS RFID do prania, to specjalnie skonstruowane, wytrzyma\u0142e urz\u0105dzenie zaprojektowane specjalnie do zastosowa\u0144 wymagaj\u0105cych znacznik\u00f3w odpornych na trudne warunki. Podczas gdy transpondery do prania UHF s\u0105 szeroko preferowane na dzisiejszym rynku, pewne scenariusze wymagaj\u0105 znacznik\u00f3w RFID do przycisk\u00f3w przyjaznych dla aplikacji mobilnych. Transpondery RFID do prania w stylu przycisk\u00f3w skutecznie spe\u0142niaj\u0105 te wymagania. Ich adaptowalno\u015b\u0107 i doskona\u0142a wydajno\u015b\u0107 oferuj\u0105 znacz\u0105ce zalety w \u015bledzeniu i identyfikacji przemys\u0142owego prania i tekstyli\u00f3w w wielu sektorach.<\/p>","protected":false},"featured_media":154,"template":"","meta":{"_kad_post_transparent":"default","_kad_post_title":"","_kad_post_layout":"default","_kad_post_sidebar_id":"","_kad_post_content_style":"default","_kad_post_vertical_padding":"default","_kad_post_feature":"","_kad_post_feature_position":"","_kad_post_header":false,"_kad_post_footer":false,"_kad_post_classname":""},"product_brand":[],"product_cat":[21,18,17,16],"product_tag":[43,35,50,44],"class_list":{"0":"post-151","1":"product","2":"type-product","3":"status-publish","4":"has-post-thumbnail","6":"product_cat-pps-rfid-laundry-tag","7":"product_cat-125khz-rfid-laundry-tag","8":"product_cat-nfc-rfid-laundry-tag","9":"product_cat-uhf-rfid-laundry-tags","10":"product_tag-pps-rfid-washable-laundry-tags","11":"product_tag-rfid-button","12":"product_tag-rfid-laundry-tag-pps","13":"product_tag-rfid-washable-laundry-tags","15":"first","16":"instock","17":"shipping-taxable","18":"product-type-simple","19":"entry","20":"content-bg","21":"loop-entry"},"_links":{"self":[{"href":"https:\/\/rfid-laundry-tag.com\/pl\/wp-json\/wp\/v2\/product\/151","targetHints":{"allow":["GET"]}}],"collection":[{"href":"https:\/\/rfid-laundry-tag.com\/pl\/wp-json\/wp\/v2\/product"}],"about":[{"href":"https:\/\/rfid-laundry-tag.com\/pl\/wp-json\/wp\/v2\/types\/product"}],"version-history":[{"count":0,"href":"https:\/\/rfid-laundry-tag.com\/pl\/wp-json\/wp\/v2\/product\/151\/revisions"}],"wp:featuredmedia":[{"embeddable":true,"href":"https:\/\/rfid-laundry-tag.com\/pl\/wp-json\/wp\/v2\/media\/154"}],"wp:attachment":[{"href":"https:\/\/rfid-laundry-tag.com\/pl\/wp-json\/wp\/v2\/media?parent=151"}],"wp:term":[{"taxonomy":"product_brand","embeddable":true,"href":"https:\/\/rfid-laundry-tag.com\/pl\/wp-json\/wp\/v2\/product_brand?post=151"},{"taxonomy":"product_cat","embeddable":true,"href":"https:\/\/rfid-laundry-tag.com\/pl\/wp-json\/wp\/v2\/product_cat?post=151"},{"taxonomy":"product_tag","embeddable":true,"href":"https:\/\/rfid-laundry-tag.com\/pl\/wp-json\/wp\/v2\/product_tag?post=151"}],"curies":[{"name":"wp","href":"https:\/\/api.w.org\/{rel}","templated":true}]}}