{"id":148,"date":"2024-06-14T13:17:06","date_gmt":"2024-06-14T13:17:06","guid":{"rendered":"https:\/\/rfid-laundry-tag.com\/?post_type=product&#038;p=148"},"modified":"2024-06-14T13:36:44","modified_gmt":"2024-06-14T13:36:44","slug":"uhf-rfid-laundry-tag-button","status":"publish","type":"product","link":"https:\/\/rfid-laundry-tag.com\/pl\/uhf-rfid-laundry-tag-button\/","title":{"rendered":"Przycisk etykiety pralniczej UHF RFID"},"content":{"rendered":"<div class=\"J_module\">\n<div class=\"ife-detail-decorate-table\">\n<table class=\"has-title all magic-6\">\n<tbody>\n<tr>\n<td colspan=\"1\" rowspan=\"1\">\n<div class=\"magic-7\" data-spm-anchor-id=\"a2700.details.0.i45.77607d98vZbcDU\"><span class=\"magic-8\" style=\"color: #363535;\">Nazwa przedmiotu<\/span><\/div>\n<\/td>\n<td colspan=\"1\" rowspan=\"1\">\n<div class=\"magic-9\"><strong><span class=\"magic-8\">Przycisk etykiety pralniczej UHF RFID<\/span><\/strong><\/div>\n<\/td>\n<\/tr>\n<tr>\n<td colspan=\"1\" rowspan=\"1\">\n<div class=\"magic-7\"><span class=\"magic-10\" data-spm-anchor-id=\"a2700.pc-decorate.0.i10.28d333330XLbTD\"><span class=\"magic-8\">Tworzywo<\/span><\/span><\/div>\n<\/td>\n<td colspan=\"1\" rowspan=\"1\">\n<div class=\"magic-9\"><span class=\"magic-8\">PPS<\/span><\/div>\n<\/td>\n<\/tr>\n<tr>\n<td colspan=\"1\" rowspan=\"1\">\n<div class=\"magic-7\"><span class=\"magic-8\">Kolor<\/span><\/div>\n<\/td>\n<td colspan=\"1\" rowspan=\"1\">\n<div class=\"magic-9\"><span class=\"magic-8\">Czarny<\/span><\/div>\n<\/td>\n<\/tr>\n<tr>\n<td colspan=\"1\" rowspan=\"1\">Minimalna ilo\u015b\u0107 zam\u00f3wienia<\/td>\n<td colspan=\"1\" rowspan=\"1\">500szt<\/td>\n<\/tr>\n<tr>\n<td colspan=\"1\" rowspan=\"1\">\n<div class=\"magic-7\"><span class=\"magic-8\">Producent\/Chip<\/span><\/div>\n<\/td>\n<td colspan=\"1\" rowspan=\"1\">\n<div class=\"magic-9\"><span class=\"magic-8\">NXP UCODE 8, UCODE 9, Obcy Higgs 9<\/span><\/div>\n<\/td>\n<\/tr>\n<tr>\n<td colspan=\"1\" rowspan=\"1\">\n<div class=\"magic-7\"><span class=\"magic-8\">Cz\u0119stotliwo\u015b\u0107<\/span><\/div>\n<\/td>\n<td colspan=\"1\" rowspan=\"1\">\n<div class=\"magic-9\"><span class=\"magic-8\">860-960MHz\/<\/span><\/div>\n<\/td>\n<\/tr>\n<tr>\n<td colspan=\"1\" rowspan=\"1\">\n<div class=\"magic-7\"><span class=\"magic-8\">Pami\u0119\u0107<\/span><\/div>\n<\/td>\n<td colspan=\"1\" rowspan=\"1\">\n<div class=\"magic-9\"><span class=\"magic-8\">96 bit\u00f3w\/128 bit\u00f3w<\/span><\/div>\n<\/td>\n<\/tr>\n<tr>\n<td colspan=\"1\" rowspan=\"1\">\n<div class=\"magic-7\"><span class=\"magic-8\">Odczyt odleg\u0142o\u015bci<\/span><\/div>\n<\/td>\n<td colspan=\"1\" rowspan=\"1\">\n<div class=\"magic-9\"><span class=\"magic-8\">1-6m<\/span><\/div>\n<\/td>\n<\/tr>\n<tr>\n<td colspan=\"1\" rowspan=\"1\">\n<div class=\"magic-7\"><span class=\"magic-8\">Tryb pracy<\/span><\/div>\n<\/td>\n<td colspan=\"1\" rowspan=\"1\">\n<div class=\"magic-9\"><span class=\"magic-8\">pasywny<\/span><\/div>\n<\/td>\n<\/tr>\n<tr>\n<td colspan=\"1\" rowspan=\"1\">\n<div class=\"magic-7\"><span class=\"magic-8\">Temperatura pracy<\/span><\/div>\n<\/td>\n<td colspan=\"1\" rowspan=\"1\">\n<div class=\"magic-9\"><span class=\"magic-8\">-25\u2103~+110\u2103<\/span><\/div>\n<\/td>\n<\/tr>\n<tr>\n<td colspan=\"1\" rowspan=\"1\">\n<div class=\"magic-7\"><span class=\"magic-8\">Temperatura przechowywania<\/span><\/div>\n<\/td>\n<td colspan=\"1\" rowspan=\"1\">\n<div class=\"magic-9\"><span class=\"magic-8\">-40\u2103~+85\u2103<\/span><\/div>\n<\/td>\n<\/tr>\n<tr>\n<td colspan=\"1\" rowspan=\"1\">\n<div class=\"magic-7\">\n<div><span class=\"magic-8\">\u00a0<\/span><\/div>\n<p><span class=\"magic-8\">Kr\u00f3tkotrwa\u0142a odporno\u015b\u0107 na temperatur\u0119<\/span><\/p>\n<\/div>\n<\/td>\n<td colspan=\"1\" rowspan=\"1\">\n<div class=\"magic-9\"><span class=\"magic-8\">pranie: 90\u2103, 15 minut; wst\u0119pne suszenie konwertera: 180\u2103, 30 minut, 200 razy; prasowanie: 180\u2103, 10 sekund, 200 razy; wysoka<br \/>\ntemperatura sterylizacji: 135\u2103, 20 minut<\/span><\/div>\n<\/td>\n<\/tr>\n<tr>\n<td colspan=\"1\" rowspan=\"1\">\n<div class=\"magic-7\"><span class=\"magic-8\">Cechy<\/span><\/div>\n<\/td>\n<td colspan=\"1\" rowspan=\"1\">\n<div class=\"magic-9\"><span class=\"magic-8\">wodoodporny, zmywalny, odporny na wysok\u0105 temperatur\u0119<\/span><\/div>\n<\/td>\n<\/tr>\n<tr>\n<td colspan=\"1\" rowspan=\"1\">\n<div class=\"magic-7\"><span class=\"magic-8\">\u017bycie<\/span><\/div>\n<\/td>\n<td colspan=\"1\" rowspan=\"1\">\n<div class=\"magic-9\"><span class=\"magic-8\">pranie 200 razy lub 3 lata<\/span><\/div>\n<\/td>\n<\/tr>\n<tr>\n<td colspan=\"1\" rowspan=\"1\">\n<div class=\"magic-7\"><span class=\"magic-8\">Aplikacje<\/span><\/div>\n<\/td>\n<td colspan=\"1\" rowspan=\"1\">\n<div class=\"magic-9\"><span class=\"magic-8\">zarz\u0105dzanie i \u015bledzenie prania<\/span><\/div>\n<\/td>\n<\/tr>\n<\/tbody>\n<\/table>\n<\/div>\n<\/div>\n<div class=\"J_module\">\n<div class=\"detail-decorate-json-renderer-container\">\n<div class=\"magic-1\">\n<div class=\"magic-2\">\n<div class=\"magic-3\">\n<div><\/div>\n<div class=\"magic-4\">\n<div><strong>Etykieta przycisku RFID<\/strong><\/div>\n<div><\/div>\n<\/div>\n<\/div>\n<div>\n<div class=\"auto-hide-last-sibling-br paragraph_1252f paragraph-element\">Etykiety pralnicze PPS odporne na wysokie temperatury to doskona\u0142e rozwi\u0105zanie do \u015bledzenia w obiektach komercyjnych, takich jak sto\u0142\u00f3wki i restauracje, gdzie stale obs\u0142uguje si\u0119 du\u017ce ilo\u015bci naczy\u0144 sto\u0142owych.<\/div>\n<\/div>\n<div>\n<div><\/div>\n<\/div>\n<\/div>\n<p><strong>Opcje chip\u00f3w:<\/strong><\/p>\n<p><strong>Kod UCODE 8 firmy NXP<\/strong> i UCODE 8m ICs s\u0105 produktami rodziny UCODE. UCODE 8\/8m oferuj\u0105 wysok\u0105 wydajno\u015b\u0107 i funkcje do stosowania w najbardziej wymagaj\u0105cych aplikacjach tagowania RFID.<\/p>\n<p>Szczeg\u00f3lnie dobrze nadaje si\u0119 do zastosowa\u0144 w zarz\u0105dzaniu zapasami, np. w handlu detalicznym i modzie, dzi\u0119ki sprawdzonej wydajno\u015bci RF dla dowolnego wsp\u00f3\u0142czynnika kszta\u0142tu, UCODE 8\/8m umo\u017cliwia du\u017cy zasi\u0119g odczytu i szybk\u0105 inwentaryzacj\u0119 g\u0119stej populacji tag\u00f3w RFID. Dzi\u0119ki szerokopasmowej konstrukcji oferuje mo\u017cliwo\u015b\u0107 produkcji prawdziwych globalnych etykiet RFID o wysokiej wydajno\u015bci w por\u00f3wnaniu z og\u00f3lno\u015bwiatowymi przepisami.<\/p>\n<p>Urz\u0105dzenie oferuje tak\u017ce funkcj\u0119 samodzielnej regulacji, flag\u0119 stanu produktu do zastosowa\u0144 w elektronicznym nadzorze artyku\u0142\u00f3w (EAS), wst\u0119pnie serializowany 96-bitowy kod EPC, identyfikator marki i polecenie Untraceable zgodne z EPC Gen2v2.<\/p>\n<div id=\"featuresXsp\" class=\"features-list toggle-opacity in\">\n<div class=\"features-xsp\">\n<div class=\"collapse-mobile ste-list\">\n<h3>G\u0142\u00f3wne cechy<\/h3>\n<ul class=\"boxes\">\n<li>Czu\u0142o\u015b\u0107 odczytu -23dBm<\/li>\n<li>Czu\u0142o\u015b\u0107 zapisu -18dBm<\/li>\n<li>Innowacyjna funkcjonalno\u015b\u0107\n<ul>\n<li>Samoreguluj\u0105cy<\/li>\n<li>Ochrona pami\u0119ci<\/li>\n<li>Niemo\u017cliwy do wy\u015bledzenia<\/li>\n<li>Preserializacja dla 96-bitowego EPC<\/li>\n<li>Zintegrowana flaga statusu produktu (PSF)<\/li>\n<\/ul>\n<\/li>\n<li>Kompatybilny z anten\u0105 jednoszczelinow\u0105<\/li>\n<li>Do 128-bitowego EPC<\/li>\n<li>96-bitowy unikalny identyfikator TID (Unique Tag Identifie) blokowany fabrycznie, w tym 48-bitowy unikalny numer seryjny<\/li>\n<li>EPC Gen2v2<\/li>\n<\/ul>\n<\/div>\n<div class=\"collapse-mobile ste-list\">\n<h3>Pami\u0119\u0107<\/h3>\n<ul class=\"boxes\">\n<li>128-bitowa\/96-bitowa (UCODE 8\/UCODE 8m) pami\u0119\u0107 EPC<\/li>\n<li>Obs\u0142uguje preserializacj\u0119 dla 96-bitowego EPC<\/li>\n<li>96-bitowy identyfikator znacznika (TID) zablokowany fabrycznie<\/li>\n<li>48-bitowy unikalny numer seryjny zakodowany fabrycznie w TID<\/li>\n<li>0-bitowa\/32-bitowa (UCODE 8\/UCODE 8m) pami\u0119\u0107 u\u017cytkownika<\/li>\n<li>32-bitowe has\u0142o zabezpieczaj\u0105ce, aby trwale wy\u0142\u0105czy\u0107 znacznik<\/li>\n<li>32-bitowe has\u0142o dost\u0119pu<\/li>\n<li>Szeroki zakres temperatur pracy: -40\u00a0<sup>\u00b0<\/sup>C do +85\u00a0<sup>\u00b0<\/sup>C<\/li>\n<li>EPC Gen2v2<\/li>\n<\/ul>\n<p><strong>Kod UCODE 9 firmy NXP<\/strong><\/p>\n<p>Dzi\u0119ki UCODE 9 wymagaj\u0105ce aplikacje etykietowania RAIN RFID nabieraj\u0105 tempa, dzi\u0119ki czemu sprzedawcy detaliczni i firmy zajmuj\u0105ce si\u0119 inteligentn\u0105 logistyk\u0105 mog\u0105 przyspieszy\u0107 wdra\u017canie Internetu rzeczy.<\/p>\n<p>Dzi\u0119ki zwi\u0119kszonej wydajno\u015bci UCODE 9 umo\u017cliwia bardziej wydajne liczenie zapas\u00f3w. Ponadto UCODE 9 umo\u017cliwia ponowne wykorzystanie istniej\u0105cych projekt\u00f3w anten UCODE 8, co zapewnia \u0142atw\u0105 \u015bcie\u017ck\u0119 migracji z UCODE 8 do UCODE 9.<\/p>\n<p>Wy\u017csza wydajno\u015b\u0107 chipa pozwala na stosowanie mniejszych wzor\u00f3w wk\u0142adek, co pomaga ograniczy\u0107 zu\u017cycie plastiku i aluminium, promuj\u0105c tym samym zr\u00f3wnowa\u017cony rozw\u00f3j \u015brodowiska.<\/p>\n<div class=\"collapse-mobile ste-list\">\n<h3>G\u0142\u00f3wne cechy<\/h3>\n<ul class=\"boxes\">\n<li>Czu\u0142o\u015b\u0107 odczytu: -24 dBm<\/li>\n<li>Czu\u0142o\u015b\u0107 zapisu: -22 dBm<\/li>\n<li>Pr\u0119dko\u015b\u0107 kodowania: 32 bity w 0,96 ms<\/li>\n<li>Wymiana anteny typu drop-in dla UCODE 8<\/li>\n<li>Samoreguluj\u0105cy<\/li>\n<li>Ochrona pami\u0119ci<\/li>\n<li>Preserializacja 96-bitowego EPC<\/li>\n<\/ul>\n<\/div>\n<div class=\"collapse-mobile ste-list\">\n<h3>Pami\u0119\u0107<\/h3>\n<ul class=\"boxes\">\n<li>96-bitowa pami\u0119\u0107 EPC<\/li>\n<li>Obs\u0142uguje preserializacj\u0119 96-bitowego EPC<\/li>\n<li>96-bitowy identyfikator znacznika (TID) zablokowany fabrycznie<\/li>\n<li>48-bitowy unikalny numer seryjny zakodowany fabrycznie w TID<\/li>\n<li>32-bitowe has\u0142o zabezpieczaj\u0105ce, aby trwale wy\u0142\u0105czy\u0107 znacznik<\/li>\n<li>Szeroki zakres temperatur pracy: -40 \u00b0C do +85 \u00b0C<\/li>\n<li>Wytrzyma\u0142o\u015b\u0107 cyklu zapisu 100 tys.<\/li>\n<li>20 lat przechowywania danych<\/li>\n<\/ul>\n<\/div>\n<\/div>\n<\/div>\n<\/div>\n<div class=\"magic-2\">\n<div>\n<div class=\"auto-hide-last-sibling-br paragraph_1252f paragraph-element\">\n<h2>Obcy Higgs<span class=\"sup\">\u2122<\/span>\u00a09<\/h2>\n<p>Uk\u0142ad scalony znacznika RFID klasy 1 Gen 2 o du\u017cej pojemno\u015bci GS1<\/p>\n<h4 class=\"alternative\">Przegl\u0105d najwa\u017cniejszych wydarze\u0144<\/h4>\n<ul>\n<li>Zgodny z GS1 Klasa 1 Gen 2 i ISO\/IEC 18000-6C<\/li>\n<li>Dzia\u0142anie na ca\u0142ym \u015bwiecie w pasmach RFID UHF (840-960 MHz)<\/li>\n<li>1024-bitowa pami\u0119\u0107 NVM\/RAM<\/li>\n<li>Do 496 bit\u00f3w EPC (nominalnie 96 bit\u00f3w)<\/li>\n<li>Do 688 bit\u00f3w u\u017cytkownika<\/li>\n<li>48-bitowy unikalny TID<\/li>\n<li>Dost\u0119p 32-bitowy i 32-bitowy Kill Pass-<br \/>\ns\u0142owa<\/li>\n<li>Wst\u0119pnie zaprogramowany z unikalnym, niezmiennym<br \/>\nmo\u017cliwy 48-bitowy numer seryjny<\/li>\n<li>Pami\u0119\u0107 u\u017cytkownika mo\u017ce by\u0107 blokowana na sta\u0142e<br \/>\nZablokowany i odczytany pro-has\u0142o<br \/>\nzabezpieczony w blokach 256-bitowych<\/li>\n<li>Praca o niskim poborze mocy zar\u00f3wno podczas odczytu, jak i<br \/>\nprogram<\/li>\n<li>QuickWrite\u2122 \/ BlastWrite\u2122 \u2013 Wysoka pr\u0119dko\u015b\u0107<br \/>\nprogramowanie uk\u0142ad\u00f3w scalonych i masowe<\/li>\n<li>Dynamic AuthenticationTM zapobiegaj\u0105ce klonowaniu \/<br \/>\ntechnologia antyfa\u0142szerska<\/li>\n<li>Wyj\u0105tkowy zasi\u0119g dzia\u0142ania, do 13m<br \/>\nz odpowiedni\u0105 anten\u0105.<\/li>\n<\/ul>\n<\/div>\n<div class=\"auto-hide-last-sibling-br paragraph_1252f paragraph-element\">Tagi UHF RFID PPS Button Laundry to kompaktowe, lekkie identyfikatory przeznaczone do \u015bledzenia bielizny. Mo\u017cna je przymocowa\u0107 do r\u00f3\u017cnych tekstyli\u00f3w, takich jak skarpetki, koszule i r\u0119czniki, a skanery UHF RFID mog\u0105 je wykry\u0107 z odleg\u0142o\u015bci kilku metr\u00f3w. Tagi te nie tylko zapewniaj\u0105 wydajne \u015bledzenie i minimalizuj\u0105 utrat\u0119 przedmiot\u00f3w w pralni, ale ich unikalny styl guzika sprawia, \u017ce \u0142atwo je przymocowa\u0107 do odzie\u017cy.<\/div>\n<div class=\"auto-hide-last-sibling-br paragraph_1252f paragraph-element\"><\/div>\n<\/div>\n<\/div>\n<\/div>\n<\/div>\n<\/div>","protected":false},"excerpt":{"rendered":"<p>Przycisk UHF RFID Laundry Tag dzia\u0142aj\u0105cy na cz\u0119stotliwo\u015bci 865-867 MHz. Te znaczniki s\u0105 ma\u0142e, lekkie i zaprojektowane specjalnie do \u015bledzenia rzeczy do prania, dzi\u0119ki czemu nadaj\u0105 si\u0119 do zarz\u0105dzania odzie\u017c\u0105. Znaczniki maj\u0105 zasi\u0119g odczytu do 3 m, zgodnie ze specyfikacj\u0105.<\/p>","protected":false},"featured_media":149,"template":"","meta":{"_kad_post_transparent":"default","_kad_post_title":"","_kad_post_layout":"default","_kad_post_sidebar_id":"","_kad_post_content_style":"default","_kad_post_vertical_padding":"default","_kad_post_feature":"","_kad_post_feature_position":"","_kad_post_header":false,"_kad_post_footer":false,"_kad_post_classname":""},"product_brand":[],"product_cat":[21,16],"product_tag":[41,35,33,30],"class_list":{"0":"post-148","1":"product","2":"type-product","3":"status-publish","4":"has-post-thumbnail","6":"product_cat-pps-rfid-laundry-tag","7":"product_cat-uhf-rfid-laundry-tags","8":"product_tag-pps-uhf-rfid-laundry-tag","9":"product_tag-rfid-button","10":"product_tag-rfid-laundry-tag-button","11":"product_tag-uhf-rfid-laundry-tag","13":"first","14":"instock","15":"shipping-taxable","16":"product-type-simple","17":"entry","18":"content-bg","19":"loop-entry"},"_links":{"self":[{"href":"https:\/\/rfid-laundry-tag.com\/pl\/wp-json\/wp\/v2\/product\/148","targetHints":{"allow":["GET"]}}],"collection":[{"href":"https:\/\/rfid-laundry-tag.com\/pl\/wp-json\/wp\/v2\/product"}],"about":[{"href":"https:\/\/rfid-laundry-tag.com\/pl\/wp-json\/wp\/v2\/types\/product"}],"version-history":[{"count":0,"href":"https:\/\/rfid-laundry-tag.com\/pl\/wp-json\/wp\/v2\/product\/148\/revisions"}],"wp:featuredmedia":[{"embeddable":true,"href":"https:\/\/rfid-laundry-tag.com\/pl\/wp-json\/wp\/v2\/media\/149"}],"wp:attachment":[{"href":"https:\/\/rfid-laundry-tag.com\/pl\/wp-json\/wp\/v2\/media?parent=148"}],"wp:term":[{"taxonomy":"product_brand","embeddable":true,"href":"https:\/\/rfid-laundry-tag.com\/pl\/wp-json\/wp\/v2\/product_brand?post=148"},{"taxonomy":"product_cat","embeddable":true,"href":"https:\/\/rfid-laundry-tag.com\/pl\/wp-json\/wp\/v2\/product_cat?post=148"},{"taxonomy":"product_tag","embeddable":true,"href":"https:\/\/rfid-laundry-tag.com\/pl\/wp-json\/wp\/v2\/product_tag?post=148"}],"curies":[{"name":"wp","href":"https:\/\/api.w.org\/{rel}","templated":true}]}}