{"id":143,"date":"2024-06-14T09:55:34","date_gmt":"2024-06-14T09:55:34","guid":{"rendered":"https:\/\/rfid-laundry-tag.com\/?post_type=product&#038;p=143"},"modified":"2024-09-26T04:10:00","modified_gmt":"2024-09-26T04:10:00","slug":"textile-rfid-tags-for-laundry","status":"publish","type":"product","link":"https:\/\/rfid-laundry-tag.com\/pl\/textile-rfid-tags-for-laundry\/","title":{"rendered":"Tagi RFID do tekstyli\u00f3w do prania"},"content":{"rendered":"<div>\n<div class=\"auto-hide-last-sibling-br paragraph_1252f paragraph-element\">\n<h1>Tagi RFID do tekstyli\u00f3w do prania<\/h1>\n<table width=\"593\">\n<tbody>\n<tr>\n<td width=\"233\">Protok\u00f3\u0142 RF Air<\/td>\n<td colspan=\"4\" width=\"360\">EPC Globalna Klasa 1 Gen2 ISO18000-6C<\/td>\n<\/tr>\n<tr>\n<td width=\"233\">Cz\u0119stotliwo\u015b\u0107 pracy<\/td>\n<td colspan=\"4\" width=\"360\">UHF 866\u2013868 MHz (ETSI) \/ UHF 902\u2013928 MHz (FCC)<\/td>\n<\/tr>\n<tr>\n<td width=\"233\">Zgodno\u015b\u0107 ze \u015brodowiskiem<\/td>\n<td colspan=\"4\" width=\"360\">Zoptymalizowany w powietrzu<\/td>\n<\/tr>\n<tr>\n<td width=\"233\">Okres przechowywania danych<\/td>\n<td colspan=\"4\" width=\"360\">50 lat<\/td>\n<\/tr>\n<tr>\n<td width=\"233\">Zakres odczytu<\/td>\n<td colspan=\"4\" width=\"360\">Do 5,5 m (poza metalem)<\/td>\n<\/tr>\n<tr>\n<td width=\"233\">Polaryzacja<\/td>\n<td colspan=\"4\" width=\"360\">Liniowy<\/td>\n<\/tr>\n<tr>\n<td width=\"233\">Typ uk\u0142adu scalonego<\/td>\n<td colspan=\"4\" width=\"360\">NXP U KOD 8, U KOD 9 itd.<\/td>\n<\/tr>\n<tr>\n<td width=\"233\">Konfiguracja pami\u0119ci<\/td>\n<td colspan=\"4\" width=\"360\">EPC 128bit TID 96bit U\u017cytkownik 32bit<\/td>\n<\/tr>\n<tr>\n<td colspan=\"5\" width=\"593\">Separacje mechaniczne<\/td>\n<\/tr>\n<tr>\n<td width=\"233\">Materia\u0142y powierzchniowe<\/td>\n<td colspan=\"4\" width=\"360\">W\u0142\u00f3kienniczy<\/td>\n<\/tr>\n<tr>\n<td width=\"233\">Wymiary (mm)<\/td>\n<td colspan=\"4\" width=\"360\">15*70*1,5 mm<\/td>\n<\/tr>\n<tr>\n<td width=\"233\">Waga (g)<\/td>\n<td colspan=\"4\" width=\"360\">0,7g<\/td>\n<\/tr>\n<tr>\n<td rowspan=\"2\" width=\"233\">Za\u0142\u0105cznik<\/td>\n<td colspan=\"4\" width=\"360\">Przyszyj brzeg lub tkan\u0105 etykiet\u0119<\/td>\n<\/tr>\n<tr>\n<td colspan=\"4\" width=\"360\">Zgrzewanie w temp. 215\u2103@15 sek. i 4 barach<\/td>\n<\/tr>\n<tr>\n<td width=\"233\">Kolor<\/td>\n<td colspan=\"4\" width=\"360\">Bia\u0142y<\/td>\n<\/tr>\n<tr>\n<td colspan=\"5\" width=\"593\">Separacje \u015brodowiskowe<\/td>\n<\/tr>\n<tr>\n<td width=\"233\">Temperatura pracy<\/td>\n<td colspan=\"4\" width=\"360\">-30\u00b0C do +85\u00b0C<\/td>\n<\/tr>\n<tr>\n<td width=\"233\">Temperatura otoczenia<\/td>\n<td colspan=\"4\" width=\"360\">-30\u00b0C do +100\u00b0C<\/td>\n<\/tr>\n<tr>\n<td width=\"233\">Odporno\u015b\u0107 mechaniczna<\/td>\n<td colspan=\"4\" width=\"360\">60 bar\u00f3w<\/td>\n<\/tr>\n<tr>\n<td width=\"233\">Odporno\u015b\u0107 chemiczna<\/td>\n<td colspan=\"4\" width=\"360\">Zwyk\u0142e, powszechnie stosowane \u015brodki chemiczne w procesach prania<\/td>\n<\/tr>\n<tr>\n<td rowspan=\"4\" width=\"233\">Odporno\u015b\u0107 na ciep\u0142o<\/td>\n<td colspan=\"4\" width=\"360\">Pranie: 90\u2103, 15 minut, 200 cykli<\/td>\n<\/tr>\n<tr>\n<td colspan=\"4\" width=\"360\">Suszenie wst\u0119pne: 180\u2103, 30 min<\/td>\n<\/tr>\n<tr>\n<td colspan=\"4\" width=\"360\">Prasowanie: 180\u2103, 10 sek., 200 cykli<\/td>\n<\/tr>\n<tr>\n<td colspan=\"4\" width=\"360\">Sterylizacja: 135\u2103, 20 min<\/td>\n<\/tr>\n<tr>\n<td width=\"233\">Klasyfikacja IP<\/td>\n<td colspan=\"4\" width=\"360\">IP68<\/td>\n<\/tr>\n<tr>\n<td width=\"233\">Gwarancja<\/td>\n<td colspan=\"4\" width=\"360\">2 lata lub 200 pra\u0144<\/td>\n<\/tr>\n<\/tbody>\n<\/table>\n<\/div>\n<\/div>\n<div>\n<div>\n<h2>Zalety etykiet pralniczych UHF RFID<\/h2>\n<p>Inwestowanie w\u00a0<strong>Tagi pralnicze UHF RFID<\/strong>\u00a0jest m\u0105dr\u0105 decyzj\u0105 dla ka\u017cdej pralni, kt\u00f3ra chce zwi\u0119kszy\u0107 wydajno\u015b\u0107 i dok\u0142adno\u015b\u0107. Oto kilka przekonuj\u0105cych korzy\u015bci:<\/p>\n<ul>\n<li><strong>Ulepszone \u015bledzenie<\/strong>:Dzi\u0119ki technologii RFID mo\u017cesz \u015bledzi\u0107 ka\u017cd\u0105 sztuk\u0119 prania w trakcie jej podr\u00f3\u017cy, od prania do dostawy. Dzi\u0119ki temu masz pewno\u015b\u0107, \u017ce \u017cadne rzeczy nie zostan\u0105 zgubione w trakcie procesu.<\/li>\n<li><strong>Trwa\u0142o\u015b\u0107<\/strong>:Nasze metki zaprojektowano tak, aby wytrzymywa\u0142y wysokie temperatury, wielokrotne prania, a nawet trudy pralni przemys\u0142owych, dzi\u0119ki czemu idealnie nadaj\u0105 si\u0119 do d\u0142ugotrwa\u0142ego u\u017cytkowania.<\/li>\n<li><strong>Op\u0142acalny<\/strong>:Dzi\u0119ki redukcji strat i usprawnieniu zarz\u0105dzania zapasami, metki pralnicze RFID pozwalaj\u0105 na znaczne oszcz\u0119dno\u015bci koszt\u00f3w.<\/li>\n<\/ul>\n<h2>G\u0142\u00f3wne cechy etykiet pralniczych UHF RFID<\/h2>\n<h3>1.\u00a0<strong>Zmywalna konstrukcja zapewniaj\u0105ca trwa\u0142o\u015b\u0107<\/strong><\/h3>\n<p>Nasz\u00a0<strong>Tagi do prania tkanin RFID<\/strong>\u00a0s\u0105 zaprojektowane tak, aby wytrzyma\u0107 ponad 200 cykli prania, zapewniaj\u0105c niezawodno\u015b\u0107 i trwa\u0142o\u015b\u0107. Te znaczniki s\u0105 specjalnie zaprojektowane, aby wytrzyma\u0107 ekstremalne warunki prania bez pogorszenia wydajno\u015bci. Mog\u0105 nawet wytrzyma\u0107 wysokie temperatury bez utraty zdolno\u015bci \u015bledzenia, co czyni je idealnymi do ka\u017cdego komercyjnego pralnictwa.<\/p>\n<h3>2.\u00a0<strong>Wszechstronno\u015b\u0107 zastosowa\u0144<\/strong><\/h3>\n<p>Te\u00a0<strong>Tagi RFID tekstylne<\/strong>\u00a0s\u0105 wszechstronne i mog\u0105 by\u0107 u\u017cywane do r\u00f3\u017cnych zastosowa\u0144 \u2014 od \u015bledzenia odzie\u017cy w hotelach po zarz\u0105dzanie po\u015bciel\u0105 w plac\u00f3wkach opieki zdrowotnej. Ich solidna konstrukcja pozwala im obs\u0142ugiwa\u0107 r\u00f3\u017cne \u015brodowiska pralnicze, zapewniaj\u0105c jednocze\u015bnie sta\u0142\u0105 wydajno\u015b\u0107.<\/p>\n<h3>3.\u00a0<strong>\u0141atwo\u015b\u0107 integracji<\/strong><\/h3>\n<p>Integrowanie\u00a0<strong>Tagi pralnicze UHF RFID<\/strong>\u00a0do istniej\u0105cych system\u00f3w \u015bledzenia jest proste. Tagi mog\u0105 bezproblemowo wsp\u00f3\u0142pracowa\u0107 z czytnikami RFID, oferuj\u0105c widoczno\u015b\u0107 w czasie rzeczywistym Twojego inwentarza prania. Oznacza to usprawnione procesy, zwi\u0119kszon\u0105 dok\u0142adno\u015b\u0107 i lepsze zarz\u0105dzanie aktywami, idealne do zarz\u0105dzania du\u017cymi wolumenami artyku\u0142\u00f3w tekstylnych.<\/p>\n<h3>4.\u00a0<strong>Odporny na wod\u0119 i temperatur\u0119<\/strong><\/h3>\n<p>Zaprojektowane, aby wytrzyma\u0107 trudy przemys\u0142owego prania, te metki s\u0105 wodoodporne i odporne na wysokie temperatury. Ta trwa\u0142o\u015b\u0107 zapewnia d\u0142ugowieczno\u015b\u0107, pozwalaj\u0105c im zachowa\u0107 funkcjonalno\u015b\u0107 podczas licznych agresywnych pra\u0144 i cykli suszenia powszechnych w pralniach komercyjnych.<\/p>\n<h3>5.\u00a0<strong>Dok\u0142adne zarz\u0105dzanie zapasami<\/strong><\/h3>\n<p>Z\u00a0<strong>\u015aledzenie prania RFID<\/strong>, zarz\u0105dzanie Twoim inwentarzem staje si\u0119 dziecinnie proste. Ka\u017cdy tag zawiera unikalny identyfikator, kt\u00f3ry umo\u017cliwia automatyczne \u015bledzenie ka\u017cdej sztuki prania, eliminuj\u0105c r\u0119czny proces meldowania\/wymeldowywania. Ta funkcja zwi\u0119ksza wydajno\u015b\u0107, zapewniaj\u0105c, \u017ce zawsze wiesz, gdzie znajduj\u0105 si\u0119 Twoje aktywa.<\/p>\n<h3>6.\u00a0<strong>Wp\u0142yw na \u015brodowisko<\/strong><\/h3>\n<p>Promuj\u0105c zr\u00f3wnowa\u017cone podej\u015bcie, nasze\u00a0<strong>zmywalne znaczniki RFID<\/strong>\u00a0s\u0105 zaprojektowane z my\u015bl\u0105 o przyjazno\u015bci dla \u015brodowiska. S\u0105 wielokrotnego u\u017cytku i wykonane z materia\u0142\u00f3w, kt\u00f3re zmniejszaj\u0105 ilo\u015b\u0107 odpad\u00f3w w por\u00f3wnaniu do etykiet jednorazowego u\u017cytku. Ten aspekt zr\u00f3wnowa\u017conego rozwoju jest kluczowy, poniewa\u017c organizacje coraz cz\u0119\u015bciej stawiaj\u0105 na pierwszym miejscu odpowiedzialno\u015b\u0107 za \u015brodowisko.<\/p>\n<\/div>\n<div><\/div>\n<div>\n<h2>Instrukcje u\u017cytkowania<\/h2>\n<ol>\n<li><strong>Przygotowanie<\/strong>: Zanim przykleisz metki do tekstyli\u00f3w, upewnij si\u0119, \u017ce powierzchnia jest czysta i sucha.<\/li>\n<li><strong>Aplikacja<\/strong>:Metki mog\u0105 by\u0107 przyszyte do ubrania lub przyklejone do lnu, zale\u017cnie od Pa\u0144stwa potrzeb.<\/li>\n<li><strong>Inicjalizacja<\/strong>: Zaprogramuj ka\u017cd\u0105 etykiet\u0119 za pomoc\u0105 czytnika RFID, aby przypisa\u0107 unikalny identyfikator do ka\u017cdej sztuki prania.<\/li>\n<li><strong>\u015aledzenie<\/strong>:U\u017cywaj czytnika RFID do monitorowania i \u015bledzenia artyku\u0142\u00f3w pralniczych w cyklach prania i dostawy.<\/li>\n<\/ol>\n<\/div>\n<div><\/div>\n<div class=\"auto-hide-last-sibling-br paragraph_1252f paragraph-element\"><strong>Tagi RFID tekstylne do prania<\/strong> stanowi\u0105 przydatne narz\u0119dzie dla zak\u0142ad\u00f3w, kt\u00f3re potrzebuj\u0105 ci\u0105g\u0142ych dostaw czystej po\u015bcieli, odzie\u017cy roboczej, odzie\u017cy medycznej lub \u015brodk\u00f3w czyszcz\u0105cych, umo\u017cliwiaj\u0105c zautomatyzowanym systemom szybk\u0105 i precyzyjn\u0105 obs\u0142ug\u0119 du\u017cych ilo\u015bci pojedynczych artyku\u0142\u00f3w.<\/div>\n<p>&nbsp;<\/p>\n<\/div>\n<div>\n<div class=\"auto-hide-last-sibling-br paragraph_1252f paragraph-element\"><strong>Etykiety tekstylne RFID<\/strong> funkcja wykorzystuj\u0105ca specjalistyczny proces. Ka\u017cda etykieta jest wyposa\u017cona w chip RFID, kt\u00f3ry zawiera istotne szczeg\u00f3\u0142y dotycz\u0105ce produktu, takie jak specyfika produkcji, unikalny identyfikator, \u017ar\u00f3d\u0142o, sk\u0142ad materia\u0142u itp.<\/div>\n<div class=\"auto-hide-last-sibling-br paragraph_1252f paragraph-element\">Mechanizm wydobywania tych osadzonych informacji obejmuje narz\u0119dzie znane jako nadajnik RFID lub, co bardziej powszechne, czytnik. Urz\u0105dzenie to przesy\u0142a fale radiowe, kt\u00f3re nawi\u0105zuj\u0105 po\u0142\u0105czenie z chipem RFID znajduj\u0105cym si\u0119 w etykiecie. Ta interakcja u\u0142atwia czytnikowi dost\u0119p do danych zabezpieczonych na chipie.<\/div>\n<\/div>\n<div><\/div>\n<div><\/div>\n<div>\n<div class=\"auto-hide-last-sibling-br paragraph_1252f paragraph-element\"><span style=\"font-family: inherit; font-size: 24px; font-weight: bold;\">Instalacja<\/span><\/div>\n<\/div>\n<p><strong>Oznaczanie \u015bcieg\u00f3w<\/strong>: Do przyszycia do brzegu materia\u0142u tekstylnego. Przyszyj metk\u0119 do prania od linii sk\u0142adania.<br \/>\n<strong>Zgrzewanie<\/strong>: Nale\u017cy zgrzewa\u0107 bezpo\u015brednio na materiale tekstylnym w temperaturze +200\u00b0C (392\u00b0F) przez 12~14 sekund.<br \/>\n<strong>W woreczku<\/strong>: Do przyszycia jak standardowa metka piel\u0119gnacyjna. Przyszyj metk\u0119 do prania od linii sk\u0142adania.<\/p>\n<div class=\"auto-hide-last-sibling-br paragraph_1252f paragraph-element\">\n<div class=\"auto-hide-last-sibling-br paragraph_1252f paragraph-element\"><\/div>\n<p style=\"font-weight: 400;\"><span style=\"font-style: inherit; font-weight: inherit;\" data-spm-anchor-id=\"a2700.details.0.i52.7e74253fSAfL7T\">Jak <\/span><b><strong style=\"font-style: inherit;\">MOCNY<\/strong><\/b><span style=\"font-style: inherit; font-weight: inherit;\"> oni s\u0105?<\/span><\/p>\n<p><b><strong>\u2460<\/strong><\/b>Czy chipy RFID mog\u0105 ulec uszkodzeniu pod wp\u0142ywem wysokich temperatur?<span style=\"font-style: inherit; font-weight: inherit;\"> \u2013<\/span><b><strong>\u2714 Nasze etykiety do prania tekstyli\u00f3w RFID s\u0105 przeznaczone do stosowania w temperaturze 200 \u00b0C<\/strong><\/b><span style=\"font-style: inherit; font-weight: inherit;\">.<\/span><\/p>\n<p style=\"font-weight: 400;\"><b><strong>\u2461<\/strong><\/b>Ile razy mo\u017cna pra\u0107 metki przyczepione do mundurowych wyrob\u00f3w tekstylnych? <b><strong>\u2013\u2714Nasza tekstylna etykieta do prania RFID mo\u017ce by\u0107 prana ponad 200 razy. Gwarancja obowi\u0105zuje przez 2 lata od daty wysy\u0142ki.<\/strong><\/b><\/p>\n<p style=\"font-weight: 400;\"><b><strong>\u2462<\/strong><\/b>Czy b\u0119dziemy wydawa\u0107 presti\u017cowe mundury na produkty tekstylne i kontynuowa\u0107 prac\u0119 w przypadku zmia\u017cd\u017cenia wi\u00f3r\u00f3w? <b><strong>\u2013\u2714Zaprojektowali\u015bmy nasz\u0105 metk\u0119 do prania tekstyli\u00f3w tak, aby wytrzymywa\u0142a ci\u015bnienie 60 bar\u00f3w w procesie prasowania produkt\u00f3w tekstylnych.<\/strong><\/b><\/p>\n<p style=\"font-weight: 400;\"><b><strong>\u2463<\/strong><\/b>Gdzie umieszcza\u0107 metki RFID do prania na tekstyliach s\u0142u\u017cbowych? <b><strong>\u2013 \u2714Metki RFID do prania tekstyli\u00f3w s\u0105 instalowane w zale\u017cno\u015bci od dost\u0119pno\u015bci mundur\u00f3w.<\/strong><\/b><\/p>\n<h2>Cz\u0119sto zadawane pytania (FAQ)<\/h2>\n<h3>1.\u00a0<strong>Czy etykiety pralnicze RFID naprawd\u0119 nadaj\u0105 si\u0119 do prania?<\/strong><\/h3>\n<p>Tak, nasze etykiety pralnicze RFID s\u0105 zaprojektowane tak, aby wytrzymywa\u0142y ponad 200 cykli prania, zachowuj\u0105c przy tym swoj\u0105 wydajno\u015b\u0107.<\/p>\n<h3>2.\u00a0<strong>Czy tych tag\u00f3w mo\u017cna u\u017cywa\u0107 w \u015brodowiskach o wysokiej temperaturze?<\/strong><\/h3>\n<p>Oczywi\u015bcie! Nasze tagi s\u0105 odporne na ciep\u0142o i mog\u0105 wytrzyma\u0107 temperatury do 85\u00b0C bez utraty funkcjonalno\u015bci.<\/p>\n<h3>3.\u00a0<strong>Jak \u0142atwo jest zintegrowa\u0107 te tagi z istniej\u0105cymi systemami?<\/strong><\/h3>\n<p>Integracja jest prosta, gdy\u017c tagi te s\u0105 kompatybilne z wi\u0119kszo\u015bci\u0105 dost\u0119pnych na rynku czytnik\u00f3w RFID, co gwarantuje bezproblemow\u0105 implementacj\u0119.<\/p>\n<h3>4.\u00a0<strong>Jakie materia\u0142y s\u0105 u\u017cyte w tych tagach?<\/strong><\/h3>\n<p>Tagi wykonane s\u0105 z trwa\u0142ego materia\u0142u tekstylnego, kt\u00f3ry zapewnia wytrzyma\u0142o\u015b\u0107 i elastyczno\u015b\u0107.<\/p>\n<h2>Wniosek<\/h2>\n<p>Inwestowanie w\u00a0<strong>Tagi pralnicze UHF RFID<\/strong>\u00a0nie chodzi tylko o popraw\u0119 wydajno\u015bci operacyjnej; chodzi o zabezpieczenie proces\u00f3w prania na przysz\u0142o\u015b\u0107 przed wyzwaniami w zakresie \u015bledzenia, zarz\u0105dzania zapasami i zr\u00f3wnowa\u017conego rozwoju. Dzi\u0119ki innowacyjnym projektom, kt\u00f3re wytrzymuj\u0105 pranie przemys\u0142owe, i \u0142atwo\u015bci u\u017cytkowania, kt\u00f3rej po prostu nie da si\u0119 dor\u00f3wna\u0107, te metki s\u0105 niezb\u0119dne dla ka\u017cdej organizacji zajmuj\u0105cej si\u0119 us\u0142ugami pralniczymi. Je\u015bli jeste\u015b gotowy zrewolucjonizowa\u0107 swoje systemy zarz\u0105dzania tekstyliami,\u00a0<strong>Kup ju\u017c dzi\u015b etykiety pralnicze RFID i wype\u0142nij nasz formularz zapytania, aby uzyska\u0107 wi\u0119cej informacji o cenach i pr\u00f3bkach!<\/strong><\/p>\n<\/div>","protected":false},"excerpt":{"rendered":"<p>Bez wysi\u0142ku \u015bled\u017a rzeczy do prania dzi\u0119ki trwa\u0142ym etykietom RFID Textile! Nadaj\u0105ce si\u0119 do prania i zaprojektowane do u\u017cytku przemys\u0142owego, zoptymalizuj zarz\u0105dzanie praniem ju\u017c dzi\u015b!<\/p>","protected":false},"featured_media":144,"template":"","meta":{"_kad_post_transparent":"default","_kad_post_title":"","_kad_post_layout":"default","_kad_post_sidebar_id":"","_kad_post_content_style":"default","_kad_post_vertical_padding":"default","_kad_post_feature":"","_kad_post_feature_position":"","_kad_post_header":false,"_kad_post_footer":false,"_kad_post_classname":""},"product_brand":[],"product_cat":[19],"product_tag":[67,31,312,65],"class_list":{"0":"post-143","1":"product","2":"type-product","3":"status-publish","4":"has-post-thumbnail","6":"product_cat-textile-rfid-laundry-tag","7":"product_tag-heating-seal-uhf-rfid-laundry-tags","8":"product_tag-rfid-tag-for-linen-laundry","9":"product_tag-rfid-tags","10":"product_tag-textile-rfid-laundry-tags","12":"first","13":"instock","14":"shipping-taxable","15":"product-type-simple","16":"entry","17":"content-bg","18":"loop-entry"},"_links":{"self":[{"href":"https:\/\/rfid-laundry-tag.com\/pl\/wp-json\/wp\/v2\/product\/143","targetHints":{"allow":["GET"]}}],"collection":[{"href":"https:\/\/rfid-laundry-tag.com\/pl\/wp-json\/wp\/v2\/product"}],"about":[{"href":"https:\/\/rfid-laundry-tag.com\/pl\/wp-json\/wp\/v2\/types\/product"}],"version-history":[{"count":3,"href":"https:\/\/rfid-laundry-tag.com\/pl\/wp-json\/wp\/v2\/product\/143\/revisions"}],"predecessor-version":[{"id":2682,"href":"https:\/\/rfid-laundry-tag.com\/pl\/wp-json\/wp\/v2\/product\/143\/revisions\/2682"}],"wp:featuredmedia":[{"embeddable":true,"href":"https:\/\/rfid-laundry-tag.com\/pl\/wp-json\/wp\/v2\/media\/144"}],"wp:attachment":[{"href":"https:\/\/rfid-laundry-tag.com\/pl\/wp-json\/wp\/v2\/media?parent=143"}],"wp:term":[{"taxonomy":"product_brand","embeddable":true,"href":"https:\/\/rfid-laundry-tag.com\/pl\/wp-json\/wp\/v2\/product_brand?post=143"},{"taxonomy":"product_cat","embeddable":true,"href":"https:\/\/rfid-laundry-tag.com\/pl\/wp-json\/wp\/v2\/product_cat?post=143"},{"taxonomy":"product_tag","embeddable":true,"href":"https:\/\/rfid-laundry-tag.com\/pl\/wp-json\/wp\/v2\/product_tag?post=143"}],"curies":[{"name":"wp","href":"https:\/\/api.w.org\/{rel}","templated":true}]}}