{"id":140,"date":"2024-06-14T09:40:49","date_gmt":"2024-06-14T09:40:49","guid":{"rendered":"https:\/\/rfid-laundry-tag.com\/?post_type=product&#038;p=140"},"modified":"2024-09-08T04:30:07","modified_gmt":"2024-09-08T04:30:07","slug":"rfid-textile-tag-for-uniform","status":"publish","type":"product","link":"https:\/\/rfid-laundry-tag.com\/pl\/rfid-textile-tag-for-uniform\/","title":{"rendered":"Tag tekstylny RFID do mundur\u00f3w"},"content":{"rendered":"<div>\n<div class=\"auto-hide-last-sibling-br paragraph_1252f paragraph-element\">\n<table width=\"637\">\n<tbody>\n<tr>\n<td width=\"328\">Nazwa przedmiotu:<\/td>\n<td width=\"309\">Tag tekstylny RFID do mundur\u00f3w<\/td>\n<\/tr>\n<tr>\n<td width=\"328\">Norma RFID:<\/td>\n<td width=\"309\">ISO\/IEC 18000-6 Typ C (EPC Gen2)<\/td>\n<\/tr>\n<tr>\n<td width=\"328\">Rozmiar i waga:<\/td>\n<td width=\"309\">70\u00d715 mm, 0,6 g<\/td>\n<\/tr>\n<tr>\n<td width=\"328\">Typ uk\u0142adu scalonego:<\/td>\n<td width=\"309\">Impinj Monza 4QT, NXP U KOD 8, NXP U KOD 9<\/td>\n<\/tr>\n<tr>\n<td width=\"328\">Pami\u0119\u0107 EPC:<\/td>\n<td width=\"309\">128 bit\u00f3w<\/td>\n<\/tr>\n<tr>\n<td width=\"328\">Pami\u0119\u0107 u\u017cytkownika:<\/td>\n<td width=\"309\">512 bit\u00f3w<\/td>\n<\/tr>\n<tr>\n<td width=\"328\">Zakres odczytu (2W ERP FCC):<\/td>\n<td width=\"309\">8m<\/td>\n<\/tr>\n<tr>\n<td width=\"328\">Zakres odczytu (2W ERP ETSI):<\/td>\n<td width=\"309\">8m<\/td>\n<\/tr>\n<tr>\n<td width=\"328\">Tagowanie:<\/td>\n<td width=\"309\">Szycie, Klej do t\u0142oczenia na gor\u0105co<\/td>\n<\/tr>\n<tr>\n<td width=\"328\">Szacowany czas \u017cycia:<\/td>\n<td width=\"309\">200 cykli prania lub 3 lata, w zale\u017cno\u015bci od tego, co nast\u0105pi pierwsze<\/td>\n<\/tr>\n<tr>\n<td width=\"328\">Metoda prania:<\/td>\n<td width=\"309\">Pralnia, czyszczenie chemiczne<\/td>\n<\/tr>\n<tr>\n<td width=\"328\">Ci\u015bnienie ekstrakcji wody:<\/td>\n<td width=\"309\">60 bar<\/td>\n<\/tr>\n<tr>\n<td width=\"328\">Wodoodporno\u015b\u0107:<\/td>\n<td width=\"309\">Wodoodporny<\/td>\n<\/tr>\n<tr>\n<td width=\"328\">Odporno\u015b\u0107 chemiczna:<\/td>\n<td width=\"309\">Detergent, zmi\u0119kczacz, wybielacz (tlen\/chlor), alkalia<\/td>\n<\/tr>\n<tr>\n<td width=\"328\">Wst\u0119pne suszenie w suszarce b\u0119bnowej:<\/td>\n<td width=\"309\">125 \u00baC przez 15-20 minut<\/td>\n<\/tr>\n<tr>\n<td width=\"328\">Temperatura sterylizacji:<\/td>\n<td width=\"309\">135\u00b0C przez 15-20 minut<\/td>\n<\/tr>\n<tr>\n<td width=\"328\">Temperatura prania:<\/td>\n<td width=\"309\">90\u00b0C, do 15 min.<\/td>\n<\/tr>\n<tr>\n<td width=\"328\">Wilgotno\u015b\u0107\/Temperatura - praca:<\/td>\n<td width=\"309\">-20 do 110\u00b0C, 8 do 95%RH<\/td>\n<\/tr>\n<tr>\n<td width=\"328\">Wilgotno\u015b\u0107\/Temperatura-Przechowywanie:<\/td>\n<td width=\"309\">-40 do 110\u00b0C, 8 do 95%RH<\/td>\n<\/tr>\n<\/tbody>\n<\/table>\n<\/div>\n<div class=\"auto-hide-last-sibling-br paragraph_1252f paragraph-element\"><\/div>\n<\/div>\n<div class=\"auto-hide-last-sibling-br paragraph_1252f paragraph-element\">\n<div data-spm-anchor-id=\"a2700.details.0.i57.23b419c7xXORP0\"><span data-spm-anchor-id=\"a2700.details.0.i75.23b419c7xXORP0\"><b>Funkcja:<\/b><br \/>\n1) Technologia UHF umo\u017cliwiaj\u0105ca odczyt setek tag\u00f3w jednocze\u015bnie.<br \/>\n2) Odleg\u0142o\u015b\u0107 czytania wi\u0119ksza ni\u017c 8 st\u00f3p.<br \/>\n3) Nowa konstrukcja mechaniczna zapewniaj\u0105ca lepsz\u0105 wydajno\u015b\u0107 prania p\u0142askiej po\u015bcieli.<br \/>\n4) Nadaje si\u0119 do ekstraktor\u00f3w wysokoci\u015bnieniowych do 60 bar\u00f3w.<br \/>\n5) Nadaje si\u0119 do sterylizacji w autoklawie.<br \/>\n6) Ma\u0142y, mi\u0119kki i elastyczny materia\u0142 idealny na tekstylia, po\u015bciel, ubrania i akcesoria.<\/span><\/div>\n<\/div>\n<div data-spm-anchor-id=\"a2700.details.0.i57.23b419c7xXORP0\"><\/div>\n<div data-spm-anchor-id=\"a2700.details.0.i57.23b419c7xXORP0\">\n<p><img fetchpriority=\"high\" decoding=\"async\" class=\"wp-image-55\" src=\"https:\/\/rfid-laundry-tag.com\/wp-content\/uploads\/2024\/06\/4-300x275.png\" alt=\"RFID Tag for linen laundry\" width=\"605\" height=\"555\" srcset=\"https:\/\/rfid-laundry-tag.com\/wp-content\/uploads\/2024\/06\/4-300x275.png 300w, https:\/\/rfid-laundry-tag.com\/wp-content\/uploads\/2024\/06\/4-600x550.png 600w, https:\/\/rfid-laundry-tag.com\/wp-content\/uploads\/2024\/06\/4-13x12.png 13w, https:\/\/rfid-laundry-tag.com\/wp-content\/uploads\/2024\/06\/4.png 750w\" sizes=\"(max-width: 605px) 100vw, 605px\" \/><\/p>\n<\/div>\n<h3 class=\"wp-block-heading\">Instalacja<\/h3>\n<p><strong>Oznaczanie \u015bcieg\u00f3w<\/strong>: Do przyszycia do brzegu materia\u0142u tekstylnego. Przyszyj metk\u0119 do prania od linii sk\u0142adania.<br \/>\n<strong>Zgrzewanie<\/strong>: Nale\u017cy zgrzewa\u0107 bezpo\u015brednio na materiale tekstylnym w temperaturze +200\u00b0C (392\u00b0F) przez 12~14 sekund.<br \/>\n<strong>W woreczku<\/strong>: Do przyszycia jak standardowa metka piel\u0119gnacyjna. Przyszyj metk\u0119 do prania od linii sk\u0142adania.<\/p>\n<div class=\"auto-hide-last-sibling-br paragraph_1252f paragraph-element\">\n<div class=\"auto-hide-last-sibling-br paragraph_1252f paragraph-element\">Znaczniki tekstylne RFID do prania bielizny s\u0105 niezb\u0119dne w wielu bran\u017cach, co ma zasadnicze znaczenie dla wydajnego \u015bledzenia aktyw\u00f3w, zarz\u0105dzania zapasami i zwi\u0119kszania og\u00f3lnej wydajno\u015bci operacyjnej. Oto spojrzenie na ich zastosowanie w r\u00f3\u017cnych sektorach:<\/div>\n<div><\/div>\n<p style=\"font-weight: 400;\"><span style=\"font-style: inherit; font-weight: inherit;\" data-spm-anchor-id=\"a2700.details.0.i52.7e74253fSAfL7T\">Jak <\/span><b><strong style=\"font-style: inherit;\">MOCNY<\/strong><\/b><span style=\"font-style: inherit; font-weight: inherit;\"> oni s\u0105?<\/span><\/p>\n<p><b><strong>\u2460<\/strong><\/b>Czy chipy RFID mog\u0105 ulec uszkodzeniu pod wp\u0142ywem wysokich temperatur?<span style=\"font-style: inherit; font-weight: inherit;\"> \u2013<\/span><b><strong>\u2714 Nasze etykiety do prania tekstyli\u00f3w RFID s\u0105 przeznaczone do stosowania w temperaturze 200 \u00b0C<\/strong><\/b><span style=\"font-style: inherit; font-weight: inherit;\">.<\/span><\/p>\n<p style=\"font-weight: 400;\"><b><strong>\u2461<\/strong><\/b>Ile razy mo\u017cna pra\u0107 metki przyczepione do mundurowych wyrob\u00f3w tekstylnych? <b><strong>\u2013\u2714Nasza tekstylna etykieta do prania RFID mo\u017ce by\u0107 prana ponad 200 razy. Gwarancja obowi\u0105zuje przez 2 lata od daty wysy\u0142ki.<\/strong><\/b><\/p>\n<p style=\"font-weight: 400;\"><b><strong>\u2462<\/strong><\/b>Czy b\u0119dziemy wydawa\u0107 presti\u017cowe mundury na produkty tekstylne i kontynuowa\u0107 prac\u0119 w przypadku zmia\u017cd\u017cenia wi\u00f3r\u00f3w? <b><strong>\u2013\u2714Zaprojektowali\u015bmy nasz\u0105 metk\u0119 do prania tekstyli\u00f3w tak, aby wytrzymywa\u0142a ci\u015bnienie 60 bar\u00f3w w procesie prasowania produkt\u00f3w tekstylnych.<\/strong><\/b><\/p>\n<p style=\"font-weight: 400;\"><b><strong>\u2463<\/strong><\/b>Gdzie umieszcza\u0107 metki RFID do prania na tekstyliach s\u0142u\u017cbowych? <b><strong>\u2013 \u2714Metki RFID do prania tekstyli\u00f3w s\u0105 instalowane w zale\u017cno\u015bci od dost\u0119pno\u015bci mundur\u00f3w.<\/strong><\/b><\/p>\n<p>&nbsp;<\/p>\n<\/div>\n<div class=\"auto-hide-last-sibling-br paragraph_1252f paragraph-element\">W przemy\u015ble tekstylnym tagi RFID odgrywaj\u0105 kluczow\u0105 rol\u0119 w zwi\u0119kszaniu widoczno\u015bci i wydajno\u015bci \u0142a\u0144cucha dostaw od produkcji do sprzeda\u017cy. S\u0105 cennym narz\u0119dziem dla firm tekstylnych zarz\u0105dzaj\u0105cych rozleg\u0142ymi zapasami. Wdro\u017cenie tag\u00f3w RFID pomaga obni\u017cy\u0107 koszty i zoptymalizowa\u0107 wykorzystanie czasu. Oto dlaczego warto w nie zainwestowa\u0107:<\/div>\n<ol class=\"auto-hide-last-sibling-br\">\n<li>\n<div class=\"auto-hide-last-sibling-br paragraph_1252f paragraph-element\"><strong>Pojemna pami\u0119\u0107 masowa danych<\/strong>: W przeciwie\u0144stwie do etykiet z kodem kreskowym, tagi RFID maj\u0105 wi\u0119ksz\u0105 pojemno\u015b\u0107 przechowywania danych. Przechowywane dane mo\u017cna odczyta\u0107 i zmodyfikowa\u0107 w dowolnym momencie.<\/div>\n<\/li>\n<li>\n<div class=\"auto-hide-last-sibling-br paragraph_1252f paragraph-element\"><strong>Ulepszone zapewnienie jako\u015bci<\/strong>:Technologia RFID u\u0142atwia \u015bledzenie produkt\u00f3w od momentu wytworzenia do momentu sk\u0142adowania, umo\u017cliwiaj\u0105c identyfikacj\u0119 podr\u00f3bek lub zwrot\u00f3w towar\u00f3w.<\/div>\n<\/li>\n<li>\n<div class=\"auto-hide-last-sibling-br paragraph_1252f paragraph-element\"><strong>Efektywne zarz\u0105dzanie zapasami<\/strong>: Tagi RFID mog\u0105 \u015bledzi\u0107 produkt w magazynie, oszcz\u0119dzaj\u0105c czas i u\u0142atwiaj\u0105c proaktywne uzupe\u0142nianie zapas\u00f3w. Automatyczna aktualizacja danych w plikach inwentarzowych zgodnie ze sprzeda\u017c\u0105 lub zwrotami pomaga w efektywnej kontroli zapas\u00f3w.<\/div>\n<\/li>\n<li>\n<div class=\"auto-hide-last-sibling-br paragraph_1252f paragraph-element\"><strong>Odporno\u015b\u0107<\/strong>: W por\u00f3wnaniu do tradycyjnych etykiet, etykiety RFID s\u0105 wysoce odporne na przeciwno\u015bci zewn\u0119trzne i niew\u0142a\u015bciwe obchodzenie si\u0119 z nimi. S\u0105 one dostosowane do wszystkich typ\u00f3w \u015brodowisk, w tym do tych o wysokiej temperaturze, wilgoci, kurzu itp.<\/div>\n<\/li>\n<li>\n<div class=\"auto-hide-last-sibling-br paragraph_1252f paragraph-element\"><strong>Zwi\u0119kszona wydajno\u015b\u0107 i pr\u0119dko\u015b\u0107<\/strong>:Czytniki RFID umo\u017cliwiaj\u0105 r\u00f3wnoczesne odczytywanie wielu tag\u00f3w RFID z odleg\u0142o\u015bci, co znacznie optymalizuje procesy od produkcji po sprzeda\u017c.<\/div>\n<\/li>\n<li>\n<div class=\"auto-hide-last-sibling-br paragraph_1252f paragraph-element\"><strong>Solidne bezpiecze\u0144stwo danych<\/strong>:Ka\u017cdy chip RFID charakteryzuje si\u0119 niemo\u017cliw\u0105 do z\u0142amania ochron\u0105 danych dzi\u0119ki szyfrowaniu danych, kt\u00f3re uniemo\u017cliwia ich kopiowanie.<\/div>\n<\/li>\n<li>\n<div class=\"auto-hide-last-sibling-br paragraph_1252f paragraph-element\"><strong>Zapobieganie kradzie\u017cy<\/strong>:Podczas p\u0142atno\u015bci chipy RFID s\u0105 automatycznie dezaktywowane, co zmniejsza ryzyko kradzie\u017cy i b\u0142\u0119d\u00f3w ludzkich.<\/div>\n<\/li>\n<li>\n<div class=\"auto-hide-last-sibling-br paragraph_1252f paragraph-element\"><strong>Ekonomiczne koszty operacyjne<\/strong>:Pomimo pocz\u0105tkowych wy\u017cszych koszt\u00f3w, technologia RFID okazuje si\u0119 op\u0142acalna w d\u0142u\u017cszej perspektywie. Zapewniaj\u0105 one trwa\u0142\u0105 us\u0142ug\u0119 przy minimalnych wymaganiach dotycz\u0105cych si\u0142y roboczej, eliminuj\u0105c potrzeb\u0119 cz\u0119stych wymian, a tym samym obni\u017caj\u0105c koszty operacyjne.<\/div>\n<\/li>\n<\/ol>","protected":false},"excerpt":{"rendered":"<p>Etykieta tekstylna RFID do mundur\u00f3w zaprojektowana do mundur\u00f3w jest skonstruowana tak, aby dzia\u0142a\u0107 niezawodnie w rygorystycznych warunkach prania, takich jak sterylizacja, pranie w wysokiej temperaturze, czyszczenie, suszenie i prasowanie. Te przyjazne dla tekstyli\u00f3w etykiety wytrzymuj\u0105 setki cykli prania, utrzymuj\u0105c jednocze\u015bnie sta\u0142y poziom wydajno\u015bci RFID. Nawet po wielokrotnym praniu zapewniaj\u0105 wyj\u0105tkowe atrybuty \u015bledzenia i inwentaryzacji, wyd\u0142u\u017caj\u0105c w ten spos\u00f3b \u017cywotno\u015b\u0107 po\u015bcieli, odzie\u017cy i innych artyku\u0142\u00f3w tekstylnych.<\/p>","protected":false},"featured_media":141,"template":"","meta":{"_kad_post_transparent":"default","_kad_post_title":"","_kad_post_layout":"default","_kad_post_sidebar_id":"","_kad_post_content_style":"default","_kad_post_vertical_padding":"default","_kad_post_feature":"","_kad_post_feature_position":"","_kad_post_header":false,"_kad_post_footer":false,"_kad_post_classname":""},"product_brand":[],"product_cat":[19,16],"product_tag":[31,65,30],"class_list":{"0":"post-140","1":"product","2":"type-product","3":"status-publish","4":"has-post-thumbnail","6":"product_cat-textile-rfid-laundry-tag","7":"product_cat-uhf-rfid-laundry-tags","8":"product_tag-rfid-tag-for-linen-laundry","9":"product_tag-textile-rfid-laundry-tags","10":"product_tag-uhf-rfid-laundry-tag","12":"first","13":"instock","14":"shipping-taxable","15":"product-type-simple","16":"entry","17":"content-bg","18":"loop-entry"},"_links":{"self":[{"href":"https:\/\/rfid-laundry-tag.com\/pl\/wp-json\/wp\/v2\/product\/140","targetHints":{"allow":["GET"]}}],"collection":[{"href":"https:\/\/rfid-laundry-tag.com\/pl\/wp-json\/wp\/v2\/product"}],"about":[{"href":"https:\/\/rfid-laundry-tag.com\/pl\/wp-json\/wp\/v2\/types\/product"}],"version-history":[{"count":1,"href":"https:\/\/rfid-laundry-tag.com\/pl\/wp-json\/wp\/v2\/product\/140\/revisions"}],"predecessor-version":[{"id":1935,"href":"https:\/\/rfid-laundry-tag.com\/pl\/wp-json\/wp\/v2\/product\/140\/revisions\/1935"}],"wp:featuredmedia":[{"embeddable":true,"href":"https:\/\/rfid-laundry-tag.com\/pl\/wp-json\/wp\/v2\/media\/141"}],"wp:attachment":[{"href":"https:\/\/rfid-laundry-tag.com\/pl\/wp-json\/wp\/v2\/media?parent=140"}],"wp:term":[{"taxonomy":"product_brand","embeddable":true,"href":"https:\/\/rfid-laundry-tag.com\/pl\/wp-json\/wp\/v2\/product_brand?post=140"},{"taxonomy":"product_cat","embeddable":true,"href":"https:\/\/rfid-laundry-tag.com\/pl\/wp-json\/wp\/v2\/product_cat?post=140"},{"taxonomy":"product_tag","embeddable":true,"href":"https:\/\/rfid-laundry-tag.com\/pl\/wp-json\/wp\/v2\/product_tag?post=140"}],"curies":[{"name":"wp","href":"https:\/\/api.w.org\/{rel}","templated":true}]}}