{"id":136,"date":"2024-06-14T07:33:05","date_gmt":"2024-06-14T07:33:05","guid":{"rendered":"https:\/\/rfid-laundry-tag.com\/?post_type=product&#038;p=136"},"modified":"2024-09-08T04:31:40","modified_gmt":"2024-09-08T04:31:40","slug":"heating-seal-uhf-rfid-laundry-tags","status":"publish","type":"product","link":"https:\/\/rfid-laundry-tag.com\/pl\/heating-seal-uhf-rfid-laundry-tags\/","title":{"rendered":"Etykiety pralnicze UHF RFID z uszczelnieniem grzewczym"},"content":{"rendered":"<div>\n<div class=\"auto-hide-last-sibling-br paragraph_1252f paragraph-element\">\n<h1>Etykiety pralnicze UHF RFID z uszczelnieniem grzewczym<\/h1>\n<table width=\"593\">\n<tbody>\n<tr>\n<td width=\"233\">Protok\u00f3\u0142 RF Air<\/td>\n<td colspan=\"4\" width=\"360\">EPC Globalna Klasa 1 Gen2 ISO18000-6C<\/td>\n<\/tr>\n<tr>\n<td width=\"233\">Cz\u0119stotliwo\u015b\u0107 pracy<\/td>\n<td colspan=\"4\" width=\"360\">UHF 866\u2013868 MHz (ETSI) \/ UHF 902\u2013928 MHz (FCC)<\/td>\n<\/tr>\n<tr>\n<td width=\"233\">Zgodno\u015b\u0107 ze \u015brodowiskiem<\/td>\n<td colspan=\"4\" width=\"360\">Zoptymalizowany w powietrzu<\/td>\n<\/tr>\n<tr>\n<td width=\"233\">Okres przechowywania danych<\/td>\n<td colspan=\"4\" width=\"360\">50 lat<\/td>\n<\/tr>\n<tr>\n<td width=\"233\">Zakres odczytu<\/td>\n<td colspan=\"4\" width=\"360\">Do 5,5 m (poza metalem)<\/td>\n<\/tr>\n<tr>\n<td width=\"233\">Polaryzacja<\/td>\n<td colspan=\"4\" width=\"360\">Liniowy<\/td>\n<\/tr>\n<tr>\n<td width=\"233\">Typ uk\u0142adu scalonego<\/td>\n<td colspan=\"4\" width=\"360\">NXP U KOD 8, U KOD 9 itd.<\/td>\n<\/tr>\n<tr>\n<td width=\"233\">Konfiguracja pami\u0119ci<\/td>\n<td colspan=\"4\" width=\"360\">EPC 128bit TID 96bit U\u017cytkownik 32bit<\/td>\n<\/tr>\n<tr>\n<td colspan=\"5\" width=\"593\">Separacje mechaniczne<\/td>\n<\/tr>\n<tr>\n<td width=\"233\">Materia\u0142y powierzchniowe<\/td>\n<td colspan=\"4\" width=\"360\">W\u0142\u00f3kienniczy<\/td>\n<\/tr>\n<tr>\n<td width=\"233\">Wymiary (mm)<\/td>\n<td colspan=\"4\" width=\"360\">15*70*1,5 mm<\/td>\n<\/tr>\n<tr>\n<td width=\"233\">Waga (g)<\/td>\n<td colspan=\"4\" width=\"360\">0,7g<\/td>\n<\/tr>\n<tr>\n<td rowspan=\"2\" width=\"233\">Za\u0142\u0105cznik<\/td>\n<td colspan=\"4\" width=\"360\">Przyszyj brzeg lub tkan\u0105 etykiet\u0119<\/td>\n<\/tr>\n<tr>\n<td colspan=\"4\" width=\"360\">Zgrzewanie w temp. 215\u2103@15 sek. i 4 barach<\/td>\n<\/tr>\n<tr>\n<td width=\"233\">Kolor<\/td>\n<td colspan=\"4\" width=\"360\">Bia\u0142y<\/td>\n<\/tr>\n<tr>\n<td colspan=\"5\" width=\"593\">Separacje \u015brodowiskowe<\/td>\n<\/tr>\n<tr>\n<td width=\"233\">Temperatura pracy<\/td>\n<td colspan=\"4\" width=\"360\">-30\u00b0C do +85\u00b0C<\/td>\n<\/tr>\n<tr>\n<td width=\"233\">Temperatura otoczenia<\/td>\n<td colspan=\"4\" width=\"360\">-30\u00b0C do +100\u00b0C<\/td>\n<\/tr>\n<tr>\n<td width=\"233\">Odporno\u015b\u0107 mechaniczna<\/td>\n<td colspan=\"4\" width=\"360\">60 bar\u00f3w<\/td>\n<\/tr>\n<tr>\n<td width=\"233\">Odporno\u015b\u0107 chemiczna<\/td>\n<td colspan=\"4\" width=\"360\">Zwyk\u0142e, powszechnie stosowane \u015brodki chemiczne w procesach prania<\/td>\n<\/tr>\n<tr>\n<td rowspan=\"4\" width=\"233\">Odporno\u015b\u0107 na ciep\u0142o<\/td>\n<td colspan=\"4\" width=\"360\">Pranie: 90\u2103, 15 minut, 200 cykli<\/td>\n<\/tr>\n<tr>\n<td colspan=\"4\" width=\"360\">Suszenie wst\u0119pne: 180\u2103, 30 min<\/td>\n<\/tr>\n<tr>\n<td colspan=\"4\" width=\"360\">Prasowanie: 180\u2103, 10 sek., 200 cykli<\/td>\n<\/tr>\n<tr>\n<td colspan=\"4\" width=\"360\">Sterylizacja: 135\u2103, 20 min<\/td>\n<\/tr>\n<tr>\n<td width=\"233\">Klasyfikacja IP<\/td>\n<td colspan=\"4\" width=\"360\">IP68<\/td>\n<\/tr>\n<tr>\n<td width=\"233\">Gwarancja<\/td>\n<td colspan=\"4\" width=\"360\">2 lata lub 200 pra\u0144<\/td>\n<\/tr>\n<\/tbody>\n<\/table>\n<\/div>\n<\/div>\n<div><\/div>\n<div>\n<div class=\"auto-hide-last-sibling-br paragraph_1252f paragraph-element\">Tagi pralnicze RFID to przydatne narz\u0119dzie dla plac\u00f3wek, kt\u00f3re potrzebuj\u0105 ci\u0105g\u0142ych dostaw czystej po\u015bcieli, odzie\u017cy roboczej, odzie\u017cy medycznej lub \u015brodk\u00f3w czyszcz\u0105cych. Umo\u017cliwiaj\u0105 one zautomatyzowanym systemom szybk\u0105 i precyzyjn\u0105 obs\u0142ug\u0119 du\u017cych ilo\u015bci pojedynczych artyku\u0142\u00f3w.<\/div>\n<p>&nbsp;<\/p>\n<div class=\"auto-hide-last-sibling-br paragraph_1252f paragraph-element\">W du\u017cej mierze przyj\u0119te przez dostawc\u00f3w mundur\u00f3w, podmioty hotelarskie, komercyjne us\u0142ugi sprz\u0105tania i plac\u00f3wki opieki zdrowotnej, te materia\u0142owe etykiety UHF RFID do prania upraszczaj\u0105 procedur\u0119 \u015bledzenia r\u00f3\u017cnych aktyw\u00f3w, takich jak ubrania, po\u015bciel lub szmaty. Przyczynia si\u0119 to do efektywnego nadzoru nad zapasami i dok\u0142adnego zarz\u0105dzania kontami, zwi\u0119kszaj\u0105c og\u00f3ln\u0105 wydajno\u015b\u0107 operacyjn\u0105. Zapewniaj\u0105c dane bezb\u0142\u0119dne i automatyzuj\u0105c proces \u015bledzenia, ten system kontroluje zgubienie i kradzie\u017c przedmiot\u00f3w, zmniejszaj\u0105c w ten spos\u00f3b straty. Trwa\u0142a natura tych etykiet zapewnia, \u017ce wytrzymuj\u0105 one przemys\u0142owe procesy prania. To optymalne rozwi\u0105zanie do zarz\u0105dzania zapasami w spos\u00f3b systematyczny i zorganizowany.<\/div>\n<\/div>\n<div><\/div>\n<div><\/div>\n<div><\/div>\n<div>\n<div class=\"auto-hide-last-sibling-br paragraph_1252f paragraph-element\"><span style=\"font-family: inherit; font-size: 24px; font-weight: bold;\">Instalacja<\/span><\/div>\n<\/div>\n<p><strong>Oznaczanie \u015bcieg\u00f3w<\/strong>: Do przyszycia do brzegu materia\u0142u tekstylnego. Przyszyj metk\u0119 do prania od linii sk\u0142adania.<br \/>\n<strong>Zgrzewanie<\/strong>: Nale\u017cy zgrzewa\u0107 bezpo\u015brednio na materiale tekstylnym w temperaturze +200\u00b0C (392\u00b0F) przez 12~14 sekund.<br \/>\n<strong>W woreczku<\/strong>: Do przyszycia jak standardowa metka piel\u0119gnacyjna. Przyszyj metk\u0119 do prania od linii sk\u0142adania.<\/p>\n<p>&nbsp;<\/p>\n<div class=\"auto-hide-last-sibling-br paragraph_1252f paragraph-element\">\n<div class=\"auto-hide-last-sibling-br paragraph_1252f paragraph-element\">Ogrzewane klej\u0105ce etykiety UHF RFID do prania bielizny s\u0105 niezb\u0119dne w wielu bran\u017cach, co ma zasadnicze znaczenie dla wydajnego \u015bledzenia aktyw\u00f3w, zarz\u0105dzania zapasami i zwi\u0119kszania og\u00f3lnej wydajno\u015bci operacyjnej. Oto spojrzenie na ich zastosowanie w r\u00f3\u017cnych sektorach:<\/div>\n<div class=\"auto-hide-last-sibling-br paragraph_1252f paragraph-element\"><\/div>\n<p style=\"font-weight: 400;\"><span style=\"font-style: inherit; font-weight: inherit;\" data-spm-anchor-id=\"a2700.details.0.i52.7e74253fSAfL7T\">Jak <\/span><b><strong style=\"font-style: inherit;\">MOCNY<\/strong><\/b><span style=\"font-style: inherit; font-weight: inherit;\"> oni s\u0105?<\/span><\/p>\n<p><b><strong>\u2460<\/strong><\/b>Czy chipy RFID mog\u0105 ulec uszkodzeniu pod wp\u0142ywem wysokich temperatur?<span style=\"font-style: inherit; font-weight: inherit;\"> \u2013<\/span><b><strong>\u2714 Nasze etykiety do prania tekstyli\u00f3w RFID s\u0105 przeznaczone do stosowania w temperaturze 200 \u00b0C<\/strong><\/b><span style=\"font-style: inherit; font-weight: inherit;\">.<\/span><\/p>\n<p style=\"font-weight: 400;\"><b><strong>\u2461<\/strong><\/b>Ile razy mo\u017cna pra\u0107 metki przyczepione do mundurowych wyrob\u00f3w tekstylnych? <b><strong>\u2013\u2714Nasza tekstylna etykieta do prania RFID mo\u017ce by\u0107 prana ponad 200 razy. Gwarancja obowi\u0105zuje przez 2 lata od daty wysy\u0142ki.<\/strong><\/b><\/p>\n<p style=\"font-weight: 400;\"><b><strong>\u2462<\/strong><\/b>Czy b\u0119dziemy wydawa\u0107 presti\u017cowe mundury na produkty tekstylne i kontynuowa\u0107 prac\u0119 w przypadku zmia\u017cd\u017cenia wi\u00f3r\u00f3w? <b><strong>\u2013\u2714Zaprojektowali\u015bmy nasz\u0105 metk\u0119 do prania tekstyli\u00f3w tak, aby wytrzymywa\u0142a ci\u015bnienie 60 bar\u00f3w w procesie prasowania produkt\u00f3w tekstylnych.<\/strong><\/b><\/p>\n<p style=\"font-weight: 400;\"><b><strong>\u2463<\/strong><\/b>Gdzie umieszcza\u0107 metki RFID do prania na tekstyliach s\u0142u\u017cbowych? <b><strong>\u2013 \u2714Metki RFID do prania tekstyli\u00f3w s\u0105 instalowane w zale\u017cno\u015bci od dost\u0119pno\u015bci mundur\u00f3w.<\/strong><\/b><\/p>\n<\/div>","protected":false},"excerpt":{"rendered":"<p>Tagi pralnicze UHF RFID Heating Seal s\u0105 przeznaczone do zastosowa\u0144 w tekstyliach komercyjnych i przemys\u0142owych. Ten tag jest niezwykle elastyczny, mo\u017cna go odczyta\u0107 z rozszerzonego zakresu i nadal zapewnia najdok\u0142adniejsze dane. Klienci mog\u0105 go u\u017cywa\u0107 do \u015bledzenia du\u017cej ilo\u015bci zasob\u00f3w tekstylnych, utrzymuj\u0105c jednocze\u015bnie niskie koszty, co poprawia wydajno\u015b\u0107 zarz\u0105dzania.<\/p>","protected":false},"featured_media":137,"template":"","meta":{"_kad_post_transparent":"default","_kad_post_title":"","_kad_post_layout":"default","_kad_post_sidebar_id":"","_kad_post_content_style":"default","_kad_post_vertical_padding":"default","_kad_post_feature":"","_kad_post_feature_position":"","_kad_post_header":false,"_kad_post_footer":false,"_kad_post_classname":""},"product_brand":[],"product_cat":[19,16],"product_tag":[67,31,65],"class_list":{"0":"post-136","1":"product","2":"type-product","3":"status-publish","4":"has-post-thumbnail","6":"product_cat-textile-rfid-laundry-tag","7":"product_cat-uhf-rfid-laundry-tags","8":"product_tag-heating-seal-uhf-rfid-laundry-tags","9":"product_tag-rfid-tag-for-linen-laundry","10":"product_tag-textile-rfid-laundry-tags","12":"first","13":"instock","14":"shipping-taxable","15":"product-type-simple","16":"entry","17":"content-bg","18":"loop-entry"},"_links":{"self":[{"href":"https:\/\/rfid-laundry-tag.com\/pl\/wp-json\/wp\/v2\/product\/136","targetHints":{"allow":["GET"]}}],"collection":[{"href":"https:\/\/rfid-laundry-tag.com\/pl\/wp-json\/wp\/v2\/product"}],"about":[{"href":"https:\/\/rfid-laundry-tag.com\/pl\/wp-json\/wp\/v2\/types\/product"}],"version-history":[{"count":1,"href":"https:\/\/rfid-laundry-tag.com\/pl\/wp-json\/wp\/v2\/product\/136\/revisions"}],"predecessor-version":[{"id":1938,"href":"https:\/\/rfid-laundry-tag.com\/pl\/wp-json\/wp\/v2\/product\/136\/revisions\/1938"}],"wp:featuredmedia":[{"embeddable":true,"href":"https:\/\/rfid-laundry-tag.com\/pl\/wp-json\/wp\/v2\/media\/137"}],"wp:attachment":[{"href":"https:\/\/rfid-laundry-tag.com\/pl\/wp-json\/wp\/v2\/media?parent=136"}],"wp:term":[{"taxonomy":"product_brand","embeddable":true,"href":"https:\/\/rfid-laundry-tag.com\/pl\/wp-json\/wp\/v2\/product_brand?post=136"},{"taxonomy":"product_cat","embeddable":true,"href":"https:\/\/rfid-laundry-tag.com\/pl\/wp-json\/wp\/v2\/product_cat?post=136"},{"taxonomy":"product_tag","embeddable":true,"href":"https:\/\/rfid-laundry-tag.com\/pl\/wp-json\/wp\/v2\/product_tag?post=136"}],"curies":[{"name":"wp","href":"https:\/\/api.w.org\/{rel}","templated":true}]}}