{"id":134,"date":"2024-06-12T06:46:42","date_gmt":"2024-06-12T06:46:42","guid":{"rendered":"https:\/\/rfid-laundry-tag.com\/?post_type=product&#038;p=134"},"modified":"2024-09-08T05:24:19","modified_gmt":"2024-09-08T05:24:19","slug":"heating-adhesive-uhf-rfid-laundry-tags-for-uniform","status":"publish","type":"product","link":"https:\/\/rfid-laundry-tag.com\/pl\/heating-adhesive-uhf-rfid-laundry-tags-for-uniform\/","title":{"rendered":"Podgrzewane samoprzylepne etykiety UHF RFID do prania mundur\u00f3w"},"content":{"rendered":"<div>\n<div class=\"auto-hide-last-sibling-br paragraph_1252f paragraph-element\">\n<table width=\"637\">\n<tbody>\n<tr>\n<td width=\"328\">Nazwa przedmiotu:<\/td>\n<td width=\"309\">Podgrzewane samoprzylepne etykiety UHF RFID do prania mundur\u00f3w<\/td>\n<\/tr>\n<tr>\n<td width=\"328\">Norma RFID:<\/td>\n<td width=\"309\">ISO\/IEC 18000-6 Typ C (EPC Gen2)<\/td>\n<\/tr>\n<tr>\n<td width=\"328\">Rozmiar i waga:<\/td>\n<td width=\"309\">70\u00d715 mm, 0,6 g<\/td>\n<\/tr>\n<tr>\n<td width=\"328\">Typ uk\u0142adu scalonego:<\/td>\n<td width=\"309\">Impinj Monza 4QT, NXP U CODE 9, U code 8 itp<\/td>\n<\/tr>\n<tr>\n<td width=\"328\">Pami\u0119\u0107 EPC:<\/td>\n<td width=\"309\">128 bit\u00f3w<\/td>\n<\/tr>\n<tr>\n<td width=\"328\">Pami\u0119\u0107 u\u017cytkownika:<\/td>\n<td width=\"309\">512 bit\u00f3w<\/td>\n<\/tr>\n<tr>\n<td width=\"328\">Zakres odczytu (2W ERP FCC):<\/td>\n<td width=\"309\">8m<\/td>\n<\/tr>\n<tr>\n<td width=\"328\">Zakres odczytu (2W ERP ETSI):<\/td>\n<td width=\"309\">8m<\/td>\n<\/tr>\n<tr>\n<td width=\"328\">Tagowanie:<\/td>\n<td width=\"309\">Szycie, Klej do t\u0142oczenia na gor\u0105co<\/td>\n<\/tr>\n<tr>\n<td width=\"328\">Szacowany czas \u017cycia:<\/td>\n<td width=\"309\">200 cykli prania lub 3 lata, w zale\u017cno\u015bci od tego, co nast\u0105pi pierwsze<\/td>\n<\/tr>\n<tr>\n<td width=\"328\">Metoda prania:<\/td>\n<td width=\"309\">Pralnia, czyszczenie chemiczne<\/td>\n<\/tr>\n<tr>\n<td width=\"328\">Ci\u015bnienie ekstrakcji wody:<\/td>\n<td width=\"309\">60 bar<\/td>\n<\/tr>\n<tr>\n<td width=\"328\">Wodoodporno\u015b\u0107:<\/td>\n<td width=\"309\">Wodoodporny<\/td>\n<\/tr>\n<tr>\n<td width=\"328\">Odporno\u015b\u0107 chemiczna:<\/td>\n<td width=\"309\">Detergent, zmi\u0119kczacz, wybielacz (tlen\/chlor), alkalia<\/td>\n<\/tr>\n<tr>\n<td width=\"328\">Wst\u0119pne suszenie w suszarce b\u0119bnowej:<\/td>\n<td width=\"309\">125 \u00baC przez 15-20 minut<\/td>\n<\/tr>\n<tr>\n<td width=\"328\">Temperatura sterylizacji:<\/td>\n<td width=\"309\">135\u00b0C przez 15-20 minut<\/td>\n<\/tr>\n<tr>\n<td width=\"328\">Temperatura prania:<\/td>\n<td width=\"309\">90\u00b0C, do 15 min.<\/td>\n<\/tr>\n<tr>\n<td width=\"328\">Wilgotno\u015b\u0107\/Temperatura - praca:<\/td>\n<td width=\"309\">-20 do 110\u00b0C, 8 do 95%RH<\/td>\n<\/tr>\n<tr>\n<td width=\"328\">Wilgotno\u015b\u0107\/Temperatura-Przechowywanie:<\/td>\n<td width=\"309\">-40 do 110\u00b0C, 8 do 95%RH<\/td>\n<\/tr>\n<\/tbody>\n<\/table>\n<\/div>\n<div class=\"auto-hide-last-sibling-br paragraph_1252f paragraph-element\"><\/div>\n<\/div>\n<div><\/div>\n<div class=\"auto-hide-last-sibling-br paragraph_1252f paragraph-element\">\n<div data-spm-anchor-id=\"a2700.details.0.i57.23b419c7xXORP0\"><span data-spm-anchor-id=\"a2700.details.0.i75.23b419c7xXORP0\"><b>Funkcja:<\/b><br \/>\n1) Technologia UHF umo\u017cliwiaj\u0105ca odczyt setek tag\u00f3w jednocze\u015bnie.<br \/>\n2) Odleg\u0142o\u015b\u0107 czytania wi\u0119ksza ni\u017c 8 st\u00f3p.<br \/>\n3) Nowa konstrukcja mechaniczna zapewniaj\u0105ca lepsz\u0105 wydajno\u015b\u0107 prania p\u0142askiej po\u015bcieli.<br \/>\n4) Nadaje si\u0119 do ekstraktor\u00f3w wysokoci\u015bnieniowych do 60 bar\u00f3w.<br \/>\n5) Nadaje si\u0119 do sterylizacji w autoklawie.<br \/>\n6) Ma\u0142y, mi\u0119kki i elastyczny materia\u0142 idealny na tekstylia, po\u015bciel, ubrania i akcesoria.<\/span><\/div>\n<\/div>\n<div data-spm-anchor-id=\"a2700.details.0.i57.23b419c7xXORP0\"><\/div>\n<div data-spm-anchor-id=\"a2700.details.0.i57.23b419c7xXORP0\">\n<p><img fetchpriority=\"high\" decoding=\"async\" class=\"wp-image-55\" src=\"https:\/\/rfid-laundry-tag.com\/wp-content\/uploads\/2024\/06\/4-300x275.png\" alt=\"RFID Tag for linen laundry\" width=\"605\" height=\"555\" srcset=\"https:\/\/rfid-laundry-tag.com\/wp-content\/uploads\/2024\/06\/4-300x275.png 300w, https:\/\/rfid-laundry-tag.com\/wp-content\/uploads\/2024\/06\/4-600x550.png 600w, https:\/\/rfid-laundry-tag.com\/wp-content\/uploads\/2024\/06\/4-13x12.png 13w, https:\/\/rfid-laundry-tag.com\/wp-content\/uploads\/2024\/06\/4.png 750w\" sizes=\"(max-width: 605px) 100vw, 605px\" \/><\/p>\n<\/div>\n<h3 class=\"wp-block-heading\">Instalacja<\/h3>\n<p><strong>Oznaczanie \u015bcieg\u00f3w<\/strong>: Do przyszycia do brzegu materia\u0142u tekstylnego. Przyszyj metk\u0119 do prania od linii sk\u0142adania.<br \/>\n<strong>Zgrzewanie<\/strong>: Nale\u017cy zgrzewa\u0107 bezpo\u015brednio na materiale tekstylnym w temperaturze +200\u00b0C (392\u00b0F) przez 12~14 sekund.<br \/>\n<strong>W woreczku<\/strong>: Do przyszycia jak standardowa metka piel\u0119gnacyjna. Przyszyj metk\u0119 do prania od linii sk\u0142adania.<\/p>\n<div class=\"auto-hide-last-sibling-br paragraph_1252f paragraph-element\">\n<div class=\"auto-hide-last-sibling-br paragraph_1252f paragraph-element\">Ogrzewane klej\u0105ce etykiety UHF RFID do prania bielizny s\u0105 niezb\u0119dne w wielu bran\u017cach, co ma zasadnicze znaczenie dla wydajnego \u015bledzenia aktyw\u00f3w, zarz\u0105dzania zapasami i zwi\u0119kszania og\u00f3lnej wydajno\u015bci operacyjnej. Oto spojrzenie na ich zastosowanie w r\u00f3\u017cnych sektorach:<\/div>\n<div class=\"auto-hide-last-sibling-br paragraph_1252f paragraph-element\"><\/div>\n<p style=\"font-weight: 400;\"><span style=\"font-style: inherit; font-weight: inherit;\" data-spm-anchor-id=\"a2700.details.0.i52.7e74253fSAfL7T\">Jak <\/span><b><strong style=\"font-style: inherit;\">MOCNY<\/strong><\/b><span style=\"font-style: inherit; font-weight: inherit;\"> oni s\u0105?<\/span><\/p>\n<p><b><strong>\u2460<\/strong><\/b>Czy chipy RFID mog\u0105 ulec uszkodzeniu pod wp\u0142ywem wysokich temperatur?<span style=\"font-style: inherit; font-weight: inherit;\"> \u2013<\/span><b><strong>\u2714 Nasze etykiety do prania tekstyli\u00f3w RFID s\u0105 przeznaczone do stosowania w temperaturze 200 \u00b0C<\/strong><\/b><span style=\"font-style: inherit; font-weight: inherit;\">.<\/span><\/p>\n<p style=\"font-weight: 400;\"><b><strong>\u2461<\/strong><\/b>Ile razy mo\u017cna pra\u0107 metki przyczepione do mundurowych wyrob\u00f3w tekstylnych? <b><strong>\u2013\u2714Nasza tekstylna etykieta do prania RFID mo\u017ce by\u0107 prana ponad 200 razy. Gwarancja obowi\u0105zuje przez 2 lata od daty wysy\u0142ki.<\/strong><\/b><\/p>\n<p style=\"font-weight: 400;\"><b><strong>\u2462<\/strong><\/b>Czy b\u0119dziemy wydawa\u0107 presti\u017cowe mundury na produkty tekstylne i kontynuowa\u0107 prac\u0119 w przypadku zmia\u017cd\u017cenia wi\u00f3r\u00f3w? <b><strong>\u2013\u2714Zaprojektowali\u015bmy nasz\u0105 metk\u0119 do prania tekstyli\u00f3w tak, aby wytrzymywa\u0142a ci\u015bnienie 60 bar\u00f3w w procesie prasowania produkt\u00f3w tekstylnych.<\/strong><\/b><\/p>\n<p style=\"font-weight: 400;\"><b><strong>\u2463<\/strong><\/b>Gdzie umieszcza\u0107 metki RFID do prania na tekstyliach s\u0142u\u017cbowych? <b><strong>\u2013 \u2714Metki RFID do prania tekstyli\u00f3w s\u0105 instalowane w zale\u017cno\u015bci od dost\u0119pno\u015bci mundur\u00f3w.<\/strong><\/b><\/p>\n<\/div>","protected":false},"excerpt":{"rendered":"<p>Istnieje ci\u0105g\u0142e zapotrzebowanie na \u015bwie\u017c\u0105 po\u015bciel, ubrania robocze, odzie\u017c medyczn\u0105 lub materia\u0142y do sprz\u0105tania, etykiety pralnicze RFID u\u0142atwiaj\u0105 zautomatyzowanym systemom szybkie i precyzyjne \u015bledzenie ogromnych ilo\u015bci unikalnych przedmiot\u00f3w. Te tekstylne etykiety pralnicze UHF RFID umo\u017cliwiaj\u0105 dostawcom mundur\u00f3w, zak\u0142adom hotelarskim, us\u0142ugom sprz\u0105tania komercyjnego i plac\u00f3wkom opieki zdrowotnej autonomiczne monitorowanie odzie\u017cy, po\u015bcieli, ubra\u0144 i innych aktyw\u00f3w. Umo\u017cliwia to precyzyjne i wydajne zarz\u0105dzanie procesami inwentaryzacyjnymi i ksi\u0119gowymi.<\/p>","protected":false},"featured_media":135,"template":"","meta":{"_kad_post_transparent":"default","_kad_post_title":"","_kad_post_layout":"default","_kad_post_sidebar_id":"","_kad_post_content_style":"default","_kad_post_vertical_padding":"default","_kad_post_feature":"","_kad_post_feature_position":"","_kad_post_header":false,"_kad_post_footer":false,"_kad_post_classname":""},"product_brand":[],"product_cat":[19,16],"product_tag":[66,31,65],"class_list":{"0":"post-134","1":"product","2":"type-product","3":"status-publish","4":"has-post-thumbnail","6":"product_cat-textile-rfid-laundry-tag","7":"product_cat-uhf-rfid-laundry-tags","8":"product_tag-heating-adhesive-uhf-rfid-laundry-tags","9":"product_tag-rfid-tag-for-linen-laundry","10":"product_tag-textile-rfid-laundry-tags","12":"first","13":"instock","14":"shipping-taxable","15":"product-type-simple","16":"entry","17":"content-bg","18":"loop-entry"},"_links":{"self":[{"href":"https:\/\/rfid-laundry-tag.com\/pl\/wp-json\/wp\/v2\/product\/134","targetHints":{"allow":["GET"]}}],"collection":[{"href":"https:\/\/rfid-laundry-tag.com\/pl\/wp-json\/wp\/v2\/product"}],"about":[{"href":"https:\/\/rfid-laundry-tag.com\/pl\/wp-json\/wp\/v2\/types\/product"}],"version-history":[{"count":1,"href":"https:\/\/rfid-laundry-tag.com\/pl\/wp-json\/wp\/v2\/product\/134\/revisions"}],"predecessor-version":[{"id":1942,"href":"https:\/\/rfid-laundry-tag.com\/pl\/wp-json\/wp\/v2\/product\/134\/revisions\/1942"}],"wp:featuredmedia":[{"embeddable":true,"href":"https:\/\/rfid-laundry-tag.com\/pl\/wp-json\/wp\/v2\/media\/135"}],"wp:attachment":[{"href":"https:\/\/rfid-laundry-tag.com\/pl\/wp-json\/wp\/v2\/media?parent=134"}],"wp:term":[{"taxonomy":"product_brand","embeddable":true,"href":"https:\/\/rfid-laundry-tag.com\/pl\/wp-json\/wp\/v2\/product_brand?post=134"},{"taxonomy":"product_cat","embeddable":true,"href":"https:\/\/rfid-laundry-tag.com\/pl\/wp-json\/wp\/v2\/product_cat?post=134"},{"taxonomy":"product_tag","embeddable":true,"href":"https:\/\/rfid-laundry-tag.com\/pl\/wp-json\/wp\/v2\/product_tag?post=134"}],"curies":[{"name":"wp","href":"https:\/\/api.w.org\/{rel}","templated":true}]}}