{"id":127,"date":"2024-06-12T06:15:43","date_gmt":"2024-06-12T06:15:43","guid":{"rendered":"https:\/\/rfid-laundry-tag.com\/?post_type=product&#038;p=127"},"modified":"2024-06-12T06:21:05","modified_gmt":"2024-06-12T06:21:05","slug":"silicone-rubber-uhf-rfid-laundry-tag","status":"publish","type":"product","link":"https:\/\/rfid-laundry-tag.com\/pl\/silicone-rubber-uhf-rfid-laundry-tag\/","title":{"rendered":"Etykieta pralnicza UHF RFID z gumy silikonowej"},"content":{"rendered":"<table style=\"border-collapse: collapse; width: 711px; height: 751px;\" border=\"0\" width=\"537\" cellspacing=\"0\" cellpadding=\"0\">\n<tbody>\n<tr style=\"height: 14.40pt;\">\n<td class=\"et2\" style=\"height: 14.40pt; width: 136.80pt;\" width=\"228\" height=\"24\">Tworzywo<\/td>\n<td class=\"et2\" style=\"width: 185.40pt;\" width=\"309\">Silikon<\/td>\n<\/tr>\n<tr style=\"height: 14.40pt;\">\n<td class=\"et3\" style=\"height: 14.40pt; width: 136.80pt;\" width=\"228\" height=\"24\">Rozmiar<\/td>\n<td class=\"et3\" style=\"width: 185.40pt;\" width=\"309\">55x12mm, 56x20mm, 85x27mm<\/td>\n<\/tr>\n<tr style=\"height: 14.40pt;\">\n<td class=\"et3\" style=\"height: 14.40pt; width: 136.80pt;\" width=\"228\" height=\"24\">Cz\u0119stotliwo\u015b\u0107<\/td>\n<td class=\"et3\" style=\"width: 185.40pt;\" width=\"309\">860-960MHz<\/td>\n<\/tr>\n<tr style=\"height: 27.60pt;\">\n<td class=\"et3\" style=\"height: 27.60pt; width: 136.80pt;\" width=\"228\" height=\"46\">Typ uk\u0142adu scalonego (chip)<\/td>\n<td class=\"et3\" style=\"width: 185.40pt;\" width=\"309\">U7\/U8 (dost\u0119pne s\u0105 Alien H3 i Impinj Monza R6)<\/td>\n<\/tr>\n<tr style=\"height: 27.60pt;\">\n<td class=\"et3\" style=\"height: 27.60pt; width: 136.80pt;\" width=\"228\" height=\"46\">Protok\u00f3\u0142<\/td>\n<td class=\"et3\" style=\"width: 185.40pt;\" width=\"309\">EPC Global Klasa 1 Gen2 i ISO18000-6C<\/td>\n<\/tr>\n<tr style=\"height: 14.40pt;\">\n<td class=\"et3\" style=\"height: 14.40pt; width: 136.80pt;\" width=\"228\" height=\"24\">Pami\u0119\u0107<\/td>\n<td class=\"et3\" style=\"width: 185.40pt;\" width=\"309\">128 bit\u00f3w<\/td>\n<\/tr>\n<tr style=\"height: 14.40pt;\">\n<td class=\"et3\" style=\"height: 14.40pt; width: 136.80pt;\" width=\"228\" height=\"24\">Wsp\u00f3\u0142czynnik kszta\u0142tu tagu<\/td>\n<td class=\"et3\" style=\"width: 185.40pt;\" width=\"309\">Elastyczny<\/td>\n<\/tr>\n<tr style=\"height: 14.40pt;\">\n<td class=\"et3\" style=\"height: 14.40pt; width: 136.80pt;\" width=\"228\" height=\"24\">Antykolizyjny<\/td>\n<td class=\"et3\" style=\"width: 185.40pt;\" width=\"309\">Tak<\/td>\n<\/tr>\n<tr style=\"height: 14.40pt;\">\n<td class=\"et3\" style=\"height: 14.40pt; width: 136.80pt;\" width=\"228\" height=\"24\">Temperatura pracy<\/td>\n<td class=\"et3\" style=\"width: 185.40pt;\" width=\"309\">-25 \u00b0C \/ +200 \u00b0C<\/td>\n<\/tr>\n<tr style=\"height: 14.40pt;\">\n<td class=\"et3\" style=\"height: 14.40pt; width: 136.80pt;\" width=\"228\" height=\"24\">Odczyt odleg\u0142o\u015bci<\/td>\n<td class=\"et3\" style=\"width: 185.40pt;\" width=\"309\">1-7m<\/td>\n<\/tr>\n<tr style=\"height: 14.40pt;\">\n<td class=\"et3\" style=\"height: 14.40pt; width: 136.80pt;\" width=\"228\" height=\"24\">Przyczepia si\u0119 do<\/td>\n<td class=\"et3\" style=\"width: 185.40pt;\" width=\"309\">Po\u015bciel i odzie\u017c<\/td>\n<\/tr>\n<tr style=\"height: 14.40pt;\">\n<td class=\"et3\" style=\"height: 14.40pt; width: 136.80pt;\" width=\"228\" height=\"24\">Stopie\u0144 ochrony IP<\/td>\n<td class=\"et3\" style=\"width: 185.40pt;\" width=\"309\">IP68<\/td>\n<\/tr>\n<tr style=\"height: 14.40pt;\">\n<td class=\"et3\" style=\"height: 14.40pt; width: 136.80pt;\" width=\"228\" height=\"24\">Kolor<\/td>\n<td class=\"et3\" style=\"width: 185.40pt;\" width=\"309\">Bia\u0142y\/niebieski lub niestandardowy<\/td>\n<\/tr>\n<tr style=\"height: 17.40pt;\">\n<td class=\"et4\" style=\"height: 17.40pt; width: 322.20pt;\" colspan=\"2\" width=\"537\" height=\"29\">Mycie<\/td>\n<\/tr>\n<tr style=\"height: 27.60pt;\">\n<td class=\"et3\" style=\"height: 27.60pt; width: 136.80pt;\" width=\"228\" height=\"46\">Wytrzymuje nara\u017cenie na<\/td>\n<td class=\"et3\" style=\"width: 185.40pt;\" width=\"309\">woda i wszystkie \u015brodki chemiczne powszechnie stosowane w pralniach komercyjnych i czyszcz\u0105cych chemicznie<\/td>\n<\/tr>\n<tr style=\"height: 14.40pt;\">\n<td class=\"et3\" style=\"height: 14.40pt; width: 136.80pt;\" width=\"228\" height=\"24\">Cykle prania<\/td>\n<td class=\"et3\" style=\"width: 185.40pt;\" width=\"309\">Do 200 cykli prania komercyjnego<\/td>\n<\/tr>\n<tr style=\"height: 27.60pt;\">\n<td class=\"et3\" style=\"height: 27.60pt; width: 136.80pt;\" width=\"228\" height=\"46\">Mycie<\/td>\n<td class=\"et3\" style=\"width: 185.40pt;\" width=\"309\">150 \u00baC przez 15-20 minut \u2013 150 cykli<\/td>\n<\/tr>\n<tr style=\"height: 27.60pt;\">\n<td class=\"et3\" style=\"height: 27.60pt; width: 136.80pt;\" width=\"228\" height=\"46\">Wysuszenie<\/td>\n<td class=\"et3\" style=\"width: 185.40pt;\" width=\"309\">95\u00b0C (do 60 min.), 130\u00b0C (do 30 min.)<\/td>\n<\/tr>\n<tr style=\"height: 14.40pt;\">\n<td class=\"et3\" style=\"height: 14.40pt; width: 136.80pt;\" width=\"228\" height=\"24\">Wyka\u0144czarka tuneli<\/td>\n<td class=\"et3\" style=\"width: 185.40pt;\" width=\"309\">200\u00b0C przez 30 min<\/td>\n<\/tr>\n<tr style=\"height: 14.40pt;\">\n<td class=\"et3\" style=\"height: 14.40pt; width: 136.80pt;\" width=\"228\" height=\"24\">Prasowanie<\/td>\n<td class=\"et3\" style=\"width: 185.40pt;\" width=\"309\">250\u00b0C (do 60 sekund)<\/td>\n<\/tr>\n<\/tbody>\n<\/table>\n<p data-spm-anchor-id=\"a2700.details.0.i116.60201a70jOXdOd\">\n<p data-spm-anchor-id=\"a2700.details.0.i116.60201a70jOXdOd\"><strong>Etykieta pralnicza UHF RFID z gumy silikonowej<\/strong>\u00a0reprezentuje najnowsz\u0105 innowacj\u0119 w zakresie automatycznego \u015bledzenia i zarz\u0105dzania zapasami w us\u0142ugach pralniczych. Te smuk\u0142e, gi\u0119tkie, delikatne i eleganckie metki, odporne na p\u0142yny chemiczne i ciep\u0142o, s\u0105 wyposa\u017cone w mocny transponder RFID, kt\u00f3ry jest w stanie wytrzyma\u0107 do 200 cykli prania b\u0119bnowego i suszenia na gor\u0105co, a tak\u017ce czyszczenia i prasowania. Silikonowe metki pralnicze RFID 5512, cz\u0119sto u\u017cywane do \u015bledzenia w sektorze pralni przemys\u0142owych, mog\u0105 bezproblemowo wtapia\u0107 si\u0119 w r\u00f3\u017cne materia\u0142y tekstylne, w tym po\u015bciel, bluzki, r\u0119czniki, mundury medyczne i wiele innych.<\/p>\n<p data-spm-anchor-id=\"a2700.details.0.i116.60201a70jOXdOd\"><strong>Aplikacja :<\/strong><\/p>\n<ul>\n<li>Po\u015bciel hotelowa Zarz\u0105dzanie \u015bledzeniem<\/li>\n<li>Fabryka\/magazyn\/hotel\/szpital\/park rozrywki<\/li>\n<li data-spm-anchor-id=\"a2700.details.0.i115.60201a70jOXdOd\"><span data-spm-anchor-id=\"a2700.details.0.i120.60201a70jOXdOd\">Mundury szpitalne<\/span><\/li>\n<li data-spm-anchor-id=\"a2700.details.0.i118.60201a70jOXdOd\">Po\u015bciel\/Palety\/Torby p\u0142\u00f3cienne<\/li>\n<li>Pralnia chemiczna<\/li>\n<li>Stosowa\u0107 w prze\u015bcierad\u0142ach hotelowych\/ Do mocowania na tekstyliach\/ Odzie\u017cy roboczej.<\/li>\n<li>Fabryka odzie\u017cy, fabryka tkanin.<\/li>\n<\/ul>\n<p>&nbsp;<\/p>","protected":false},"excerpt":{"rendered":"<p>Etykieta pralki UHF RFID z gumy silikonowej jest jednocze\u015bnie elastyczna i wytrzyma\u0142a, zaprojektowana tak, aby wytrzyma\u0107 wymagaj\u0105ce warunki prania, takie jak ci\u0105g\u0142e odwadnianie pod wysokim ci\u015bnieniem i kr\u00f3tkotrwa\u0142e prasowanie. Wykorzystuj\u0105c technologi\u0119 UHF, te silikonowe etykiety pralki znacznie zwi\u0119kszaj\u0105 mo\u017cliwo\u015bci komunikacyjne. Ich zdolno\u015b\u0107 do jednoczesnego odczytu setek etykiet nie tylko zmniejsza koszty pracy zwi\u0105zane z zarz\u0105dzaniem kodami kreskowymi lub etykietami RFID HF (wysokocz\u0119stotliwo\u015bciowymi), ale tak\u017ce oferuje ekonomiczne rozwi\u0105zanie \u015bledzenia.<\/p>","protected":false},"featured_media":128,"template":"","meta":{"_kad_post_transparent":"default","_kad_post_title":"","_kad_post_layout":"default","_kad_post_sidebar_id":"","_kad_post_content_style":"default","_kad_post_vertical_padding":"default","_kad_post_feature":"","_kad_post_feature_position":"","_kad_post_header":false,"_kad_post_footer":false,"_kad_post_classname":""},"product_brand":[],"product_cat":[20,16],"product_tag":[63,62,64,61],"class_list":{"0":"post-127","1":"product","2":"type-product","3":"status-publish","4":"has-post-thumbnail","6":"product_cat-silicone-rfid-laundry-tag","7":"product_cat-uhf-rfid-laundry-tags","8":"product_tag-rfid-washing-tag","9":"product_tag-silicone-rfid-laundry-tag","10":"product_tag-silicone-rubber-uhf-rfid-laundry-tag","11":"product_tag-silicone-washable-rfid-laundry-tag","13":"first","14":"instock","15":"shipping-taxable","16":"product-type-simple","17":"entry","18":"content-bg","19":"loop-entry"},"_links":{"self":[{"href":"https:\/\/rfid-laundry-tag.com\/pl\/wp-json\/wp\/v2\/product\/127","targetHints":{"allow":["GET"]}}],"collection":[{"href":"https:\/\/rfid-laundry-tag.com\/pl\/wp-json\/wp\/v2\/product"}],"about":[{"href":"https:\/\/rfid-laundry-tag.com\/pl\/wp-json\/wp\/v2\/types\/product"}],"version-history":[{"count":0,"href":"https:\/\/rfid-laundry-tag.com\/pl\/wp-json\/wp\/v2\/product\/127\/revisions"}],"wp:featuredmedia":[{"embeddable":true,"href":"https:\/\/rfid-laundry-tag.com\/pl\/wp-json\/wp\/v2\/media\/128"}],"wp:attachment":[{"href":"https:\/\/rfid-laundry-tag.com\/pl\/wp-json\/wp\/v2\/media?parent=127"}],"wp:term":[{"taxonomy":"product_brand","embeddable":true,"href":"https:\/\/rfid-laundry-tag.com\/pl\/wp-json\/wp\/v2\/product_brand?post=127"},{"taxonomy":"product_cat","embeddable":true,"href":"https:\/\/rfid-laundry-tag.com\/pl\/wp-json\/wp\/v2\/product_cat?post=127"},{"taxonomy":"product_tag","embeddable":true,"href":"https:\/\/rfid-laundry-tag.com\/pl\/wp-json\/wp\/v2\/product_tag?post=127"}],"curies":[{"name":"wp","href":"https:\/\/api.w.org\/{rel}","templated":true}]}}