{"id":122,"date":"2024-06-12T06:05:12","date_gmt":"2024-06-12T06:05:12","guid":{"rendered":"https:\/\/rfid-laundry-tag.com\/?post_type=product&#038;p=122"},"modified":"2024-06-12T06:05:12","modified_gmt":"2024-06-12T06:05:12","slug":"silicone-washable-rfid-laundry-tag","status":"publish","type":"product","link":"https:\/\/rfid-laundry-tag.com\/pl\/silicone-washable-rfid-laundry-tag\/","title":{"rendered":"Silikonowa zmywalna etykieta RFID do prania"},"content":{"rendered":"<table style=\"font-family: var(--global-body-font-family);\" width=\"537\">\n<tbody>\n<tr>\n<td width=\"228\">Nazwa<\/td>\n<td width=\"309\">Silikonowa zmywalna etykieta RFID do prania<\/td>\n<\/tr>\n<tr>\n<td width=\"228\">Tryb<\/td>\n<td width=\"309\">SL-01<\/td>\n<\/tr>\n<tr>\n<td width=\"228\">Tworzywo<\/td>\n<td width=\"309\">Silikon<\/td>\n<\/tr>\n<tr>\n<td width=\"228\">Kolor<\/td>\n<td width=\"309\">Bia\u0142y (lub niestandardowy)<\/td>\n<\/tr>\n<tr>\n<td width=\"228\">Rozmiar<\/td>\n<td width=\"309\">55mm*12mm, grubo\u015b\u0107 2,5mm<\/td>\n<\/tr>\n<tr>\n<td width=\"228\">\u017beton<\/td>\n<td width=\"309\">915MHz NXP U kod 9, Alien H3, H9 itp.<\/td>\n<\/tr>\n<tr>\n<td width=\"228\">Temperatura pracy<\/td>\n<td width=\"309\">\u2013 25\u00baC do +75\u00baC<\/td>\n<\/tr>\n<tr>\n<td width=\"228\">Cykl prania<\/td>\n<td width=\"309\">200 razy<\/td>\n<\/tr>\n<tr>\n<td width=\"228\">Wodoodporny<\/td>\n<td width=\"309\">Tak<\/td>\n<\/tr>\n<tr>\n<td width=\"228\">Odporno\u015b\u0107 chemiczna<\/td>\n<td width=\"309\">Tak<\/td>\n<\/tr>\n<\/tbody>\n<\/table>\n<p data-spm-anchor-id=\"a2700.details.0.i116.60201a70jOXdOd\">\n<p data-spm-anchor-id=\"a2700.details.0.i116.60201a70jOXdOd\"><strong>Aplikacja :<\/strong><\/p>\n<ul>\n<li>Po\u015bciel hotelowa Zarz\u0105dzanie \u015bledzeniem<\/li>\n<li>Fabryka\/magazyn\/hotel\/szpital\/park rozrywki<\/li>\n<li data-spm-anchor-id=\"a2700.details.0.i115.60201a70jOXdOd\"><span data-spm-anchor-id=\"a2700.details.0.i120.60201a70jOXdOd\">Mundury szpitalne<\/span><\/li>\n<li data-spm-anchor-id=\"a2700.details.0.i118.60201a70jOXdOd\">Po\u015bciel\/Palety\/Torby p\u0142\u00f3cienne<\/li>\n<li>Pralnia chemiczna<\/li>\n<li>Stosowa\u0107 w prze\u015bcierad\u0142ach hotelowych\/ Do mocowania na tekstyliach\/ Odzie\u017cy roboczej.<\/li>\n<li>Fabryka odzie\u017cy, fabryka tkanin.<\/li>\n<\/ul>\n<p>&nbsp;<\/p>","protected":false},"excerpt":{"rendered":"<p>Etykieta silikonowa RFID do prania to najnowocze\u015bniejsza technologia automatycznego monitorowania i zarz\u0105dzania zapasami w pralniach. Te etykiety RFID, smuk\u0142e, elastyczne i mi\u0119kkie, s\u0105 zaprojektowane tak, aby by\u0142y odporne na chemikalia, ciep\u0142o i nacisk fizyczny. Wyposa\u017cone w solidne transpondery RFID, s\u0105 zbudowane tak, aby wytrzyma\u0107 ponad 200 pra\u0144 b\u0119bnowych i cykli suszenia w wysokiej temperaturze, nie wspominaj\u0105c o czyszczeniu i prasowaniu. Nasze silikonowe etykiety RFID do prania, zwykle wykorzystywane do \u015bledzenia prania na du\u017c\u0105 skal\u0119, mo\u017cna bez problemu wbudowa\u0107 w szerok\u0105 gam\u0119 materia\u0142\u00f3w tekstylnych, takich jak po\u015bciel, bluzki, r\u0119czniki i odzie\u017c medyczna.<\/p>","protected":false},"featured_media":123,"template":"","meta":{"_kad_post_transparent":"default","_kad_post_title":"","_kad_post_layout":"default","_kad_post_sidebar_id":"","_kad_post_content_style":"default","_kad_post_vertical_padding":"default","_kad_post_feature":"","_kad_post_feature_position":"","_kad_post_header":false,"_kad_post_footer":false,"_kad_post_classname":""},"product_brand":[],"product_cat":[20],"product_tag":[62,61],"class_list":{"0":"post-122","1":"product","2":"type-product","3":"status-publish","4":"has-post-thumbnail","6":"product_cat-silicone-rfid-laundry-tag","7":"product_tag-silicone-rfid-laundry-tag","8":"product_tag-silicone-washable-rfid-laundry-tag","10":"first","11":"instock","12":"shipping-taxable","13":"product-type-simple","14":"entry","15":"content-bg","16":"loop-entry"},"_links":{"self":[{"href":"https:\/\/rfid-laundry-tag.com\/pl\/wp-json\/wp\/v2\/product\/122","targetHints":{"allow":["GET"]}}],"collection":[{"href":"https:\/\/rfid-laundry-tag.com\/pl\/wp-json\/wp\/v2\/product"}],"about":[{"href":"https:\/\/rfid-laundry-tag.com\/pl\/wp-json\/wp\/v2\/types\/product"}],"version-history":[{"count":0,"href":"https:\/\/rfid-laundry-tag.com\/pl\/wp-json\/wp\/v2\/product\/122\/revisions"}],"wp:featuredmedia":[{"embeddable":true,"href":"https:\/\/rfid-laundry-tag.com\/pl\/wp-json\/wp\/v2\/media\/123"}],"wp:attachment":[{"href":"https:\/\/rfid-laundry-tag.com\/pl\/wp-json\/wp\/v2\/media?parent=122"}],"wp:term":[{"taxonomy":"product_brand","embeddable":true,"href":"https:\/\/rfid-laundry-tag.com\/pl\/wp-json\/wp\/v2\/product_brand?post=122"},{"taxonomy":"product_cat","embeddable":true,"href":"https:\/\/rfid-laundry-tag.com\/pl\/wp-json\/wp\/v2\/product_cat?post=122"},{"taxonomy":"product_tag","embeddable":true,"href":"https:\/\/rfid-laundry-tag.com\/pl\/wp-json\/wp\/v2\/product_tag?post=122"}],"curies":[{"name":"wp","href":"https:\/\/api.w.org\/{rel}","templated":true}]}}