{"id":120,"date":"2024-06-12T05:14:47","date_gmt":"2024-06-12T05:14:47","guid":{"rendered":"https:\/\/rfid-laundry-tag.com\/?post_type=product&#038;p=120"},"modified":"2024-06-12T06:14:46","modified_gmt":"2024-06-12T06:14:46","slug":"pps-13-56mhz-rfid-laundry-clothes-tag","status":"publish","type":"product","link":"https:\/\/rfid-laundry-tag.com\/pl\/pps-13-56mhz-rfid-laundry-clothes-tag\/","title":{"rendered":"Tag odzie\u017cowy PPS 13,56MHZ RFID LAUNDRY"},"content":{"rendered":"<div class=\"J_module\">\n<div class=\"ife-detail-decorate-table\">\n<table class=\"has-title all magic-6\">\n<tbody>\n<tr>\n<td colspan=\"1\" rowspan=\"1\">\n<div class=\"magic-7\" data-spm-anchor-id=\"a2700.details.0.i45.77607d98vZbcDU\"><span class=\"magic-8\" style=\"color: #363535;\">Nazwa przedmiotu<\/span><\/div>\n<\/td>\n<td colspan=\"1\" rowspan=\"1\">\n<div class=\"magic-9\">Tag odzie\u017cowy PPS 13,56MHZ RFID LAUNDRY<\/div>\n<\/td>\n<\/tr>\n<tr>\n<td colspan=\"1\" rowspan=\"1\">\n<div class=\"magic-7\"><span class=\"magic-10\" data-spm-anchor-id=\"a2700.pc-decorate.0.i10.28d333330XLbTD\"><span class=\"magic-8\">Tworzywo<\/span><\/span><\/div>\n<\/td>\n<td colspan=\"1\" rowspan=\"1\">\n<div class=\"magic-9\"><span class=\"magic-8\">PPS<\/span><\/div>\n<\/td>\n<\/tr>\n<tr>\n<td colspan=\"1\" rowspan=\"1\">\n<div class=\"magic-7\"><span class=\"magic-8\">Kolor<\/span><\/div>\n<\/td>\n<td colspan=\"1\" rowspan=\"1\">\n<div class=\"magic-9\"><span class=\"magic-8\">Czarny itp.<\/span><\/div>\n<\/td>\n<\/tr>\n<tr>\n<td colspan=\"1\" rowspan=\"1\">Minimalna ilo\u015b\u0107 zam\u00f3wienia<\/td>\n<td colspan=\"1\" rowspan=\"1\">500szt<\/td>\n<\/tr>\n<tr>\n<td colspan=\"1\" rowspan=\"1\">\n<div class=\"magic-7\"><span class=\"magic-8\">Producent\/Chip<\/span><\/div>\n<\/td>\n<td colspan=\"1\" rowspan=\"1\">\n<div class=\"magic-9\"><span class=\"magic-8\">ISO15693: NXP I Code Slix; ISO14443A: Ntag213, Ntag215, Ntag216, Mifare Ultralight ev1 itd.<\/span><\/div>\n<\/td>\n<\/tr>\n<tr>\n<td colspan=\"1\" rowspan=\"1\">\n<div class=\"magic-7\"><span class=\"magic-8\">Cz\u0119stotliwo\u015b\u0107<\/span><\/div>\n<\/td>\n<td colspan=\"1\" rowspan=\"1\">\n<div class=\"magic-9\"><span class=\"magic-8\">13,56MHz<\/span><\/div>\n<\/td>\n<\/tr>\n<tr>\n<td colspan=\"1\" rowspan=\"1\">\n<div class=\"magic-7\"><span class=\"magic-8\">Pami\u0119\u0107<\/span><\/div>\n<\/td>\n<td colspan=\"1\" rowspan=\"1\">\n<div class=\"magic-9\"><span class=\"magic-8\">NXP I Code Slix ma 1k bajt\u00f3w, pami\u0119\u0107 innych uk\u0142ad\u00f3w: 144 bajty, 504 bajty, 888 bajt\u00f3w, 64 bajty itd.<\/span><\/div>\n<\/td>\n<\/tr>\n<tr>\n<td colspan=\"1\" rowspan=\"1\">\n<div class=\"magic-7\"><span class=\"magic-8\">Odczyt odleg\u0142o\u015bci<\/span><\/div>\n<\/td>\n<td colspan=\"1\" rowspan=\"1\">\n<div class=\"magic-9\"><span class=\"magic-8\">1~5cm<\/span><\/div>\n<\/td>\n<\/tr>\n<tr>\n<td colspan=\"1\" rowspan=\"1\">\n<div class=\"magic-7\"><span class=\"magic-8\">Tryb pracy<\/span><\/div>\n<\/td>\n<td colspan=\"1\" rowspan=\"1\">\n<div class=\"magic-9\"><span class=\"magic-8\">pasywny<\/span><\/div>\n<\/td>\n<\/tr>\n<tr>\n<td colspan=\"1\" rowspan=\"1\">\n<div class=\"magic-7\"><span class=\"magic-8\">Temperatura pracy<\/span><\/div>\n<\/td>\n<td colspan=\"1\" rowspan=\"1\">\n<div class=\"magic-9\"><span class=\"magic-8\">-25\u2103~+110\u2103<\/span><\/div>\n<\/td>\n<\/tr>\n<tr>\n<td colspan=\"1\" rowspan=\"1\">\n<div class=\"magic-7\"><span class=\"magic-8\">Temperatura przechowywania<\/span><\/div>\n<\/td>\n<td colspan=\"1\" rowspan=\"1\">\n<div class=\"magic-9\"><span class=\"magic-8\">-40\u2103~+85\u2103<\/span><\/div>\n<\/td>\n<\/tr>\n<tr>\n<td colspan=\"1\" rowspan=\"1\">\n<div class=\"magic-7\">\n<div><span class=\"magic-8\">\u00a0<\/span><\/div>\n<p><span class=\"magic-8\">Kr\u00f3tkotrwa\u0142a odporno\u015b\u0107 na temperatur\u0119<\/span><\/p>\n<\/div>\n<\/td>\n<td colspan=\"1\" rowspan=\"1\">\n<div class=\"magic-9\"><span class=\"magic-8\">pranie: 90\u2103, 15 minut; wst\u0119pne suszenie konwertera: 180\u2103, 30 minut, 200 razy; prasowanie: 180\u2103, 10 sekund, 200 razy; wysoka<br \/>\ntemperatura sterylizacji: 135\u2103, 20 minut<\/span><\/div>\n<\/td>\n<\/tr>\n<tr>\n<td colspan=\"1\" rowspan=\"1\">\n<div class=\"magic-7\"><span class=\"magic-8\">Cechy<\/span><\/div>\n<\/td>\n<td colspan=\"1\" rowspan=\"1\">\n<div class=\"magic-9\"><span class=\"magic-8\">wodoodporny, zmywalny, odporny na wysok\u0105 temperatur\u0119<\/span><\/div>\n<\/td>\n<\/tr>\n<tr>\n<td colspan=\"1\" rowspan=\"1\">\n<div class=\"magic-7\">Protok\u00f3\u0142<\/div>\n<\/td>\n<td colspan=\"1\" rowspan=\"1\">\n<div class=\"magic-9\"><span class=\"magic-8\">ISO14443A\/15693<\/span><\/div>\n<\/td>\n<\/tr>\n<tr>\n<td colspan=\"1\" rowspan=\"1\">\n<div class=\"magic-7\"><span class=\"magic-8\">Aplikacje<\/span><\/div>\n<\/td>\n<td colspan=\"1\" rowspan=\"1\">\n<div class=\"magic-9\"><span class=\"magic-8\">zarz\u0105dzanie i \u015bledzenie prania<\/span><\/div>\n<\/td>\n<\/tr>\n<\/tbody>\n<\/table>\n<\/div>\n<\/div>\n<div class=\"J_module\">\n<div class=\"detail-decorate-json-renderer-container\">\n<div class=\"magic-1\">\n<div class=\"magic-2\">\n<div class=\"auto-hide-last-sibling-br paragraph_1252f paragraph-element\">\n<div class=\"auto-hide-last-sibling-br paragraph_1252f paragraph-element\"><\/div>\n<div class=\"auto-hide-last-sibling-br paragraph_1252f paragraph-element\">\n<p><b>Aplikacja\u00a0<\/b><br \/>\n\u2013 Pranie przemys\u0142owe.<br \/>\n\u2013 Zarz\u0105dzanie mundurami.<br \/>\n\u2013 Zarz\u0105dzanie odzie\u017c\u0105 medyczn\u0105.<br \/>\n\u2013 Zarz\u0105dzanie odzie\u017c\u0105 ochronn\u0105.<br \/>\n\u2013 Zarz\u0105dzanie patrolami personalnymi.<br \/>\n\u2013 Zarz\u0105dzanie sprz\u0119tem przeciwpo\u017carowym.<br \/>\n\u2013 Zarz\u0105dzanie sprz\u0119tem narciarskim.<\/p>\n<\/div>\n<div><\/div>\n<\/div>\n<\/div>\n<div>\n<p>Ten <strong>Kod SLIX IC<\/strong> to dedykowany uk\u0142ad scalony do inteligentnych aplikacji etykietowych, takich jak biblioteki, uwierzytelnianie produkt\u00f3w w r\u00f3\u017cnych bran\u017cach, takich jak farmaceutyka, urz\u0105dzenia medyczne i alkohol, a tak\u017ce zarz\u0105dzanie produkcj\u0105 w r\u00f3\u017cnych obszarach bran\u017cy. Ten uk\u0142ad scalony jest trzeci\u0105 generacj\u0105 rodziny produkt\u00f3w inteligentnych uk\u0142ad\u00f3w scalonych etykiet opartych na normach ISO ISO\/IEC 15693 i ISO\/IEC 18000-3, przed\u0142u\u017caj\u0105c udan\u0105 histori\u0119 NXP<sup>\u00ae<\/sup>\u00a0w dziedzinie system\u00f3w identyfikacji otoczenia.<\/p>\n<h3>Bezkontaktowy przesy\u0142 energii i danych<\/h3>\n<p>Kiedykolwiek pod\u0142\u0105czony do bardzo prostego i \u0142atwego do wyprodukowania typu anteny (w wyniku cz\u0119stotliwo\u015bci no\u015bnej 13,56 MHz) wykonanej z kilku uzwoje\u0144 drukowanych, nawijanych, trawionych lub dziurkowanych, uk\u0142ad scalony ICODE SLIX mo\u017ce by\u0107 obs\u0142ugiwany bez linii wzroku do odleg\u0142o\u015bci 1,5 m (szeroko\u015b\u0107 bramki). Nie jest wymagana \u017cadna bateria. Kiedy inteligentna etykieta jest umieszczona w polu anteny interrogatora, szybki interfejs komunikacyjny RF umo\u017cliwia transmisj\u0119 danych do 53 kbit\/s.<\/p>\n<h3>Antykolizyjny<\/h3>\n<p>Inteligentna funkcja antykolizyjna umo\u017cliwia jednoczesne dzia\u0142anie kilku tag\u00f3w w terenie. Algorytm antykolizyjny wybiera ka\u017cdy tag indywidualnie i zapewnia, \u017ce wykonanie transakcji z wybranym tagiem jest wykonywane poprawnie, bez uszkodzenia danych wynikaj\u0105cego z obecno\u015bci innych tag\u00f3w w terenie.<\/p>\n<h3>Cechy<\/h3>\n<div id=\"featuresXsp\" class=\"features-list\">\n<div class=\"features-xsp\">\n<div class=\"collapse-mobile ste-list\">\n<h3>Interfejs RF ICODE SLIX (ISO\/IEC 15693)<\/h3>\n<ul class=\"boxes\">\n<li>Bezkontaktowa transmisja danych i zasilanie (nie wymaga baterii)<\/li>\n<li>Zasi\u0119g dzia\u0142ania: do 1,5 m (w zale\u017cno\u015bci od geometrii anteny)<\/li>\n<li>Cz\u0119stotliwo\u015b\u0107 pracy: 13,56 MHz (ISM, og\u00f3lno\u015bwiatowa licencja dost\u0119pna bezp\u0142atnie)<\/li>\n<li>Szybki transfer danych: do 53 kbit\/s<\/li>\n<li>Wysoka integralno\u015b\u0107 danych: 16-bitowy CRC, ramkowanie<\/li>\n<li>Prawdziwe zabezpieczenie antykolizyjne<\/li>\n<li>Chroniony has\u0142em elektroniczny monitoring artyku\u0142\u00f3w (EAS)<\/li>\n<li>Zabezpieczony has\u0142em identyfikator rodziny aplikacji (AFI)<\/li>\n<li>Identyfikator formatu przechowywania danych (DSFID)<\/li>\n<li>Dodatkowy szybki odczyt antykolizyjny<\/li>\n<li>Odleg\u0142o\u015b\u0107 zapisu r\u00f3wna si\u0119 odleg\u0142o\u015bci odczytu<\/li>\n<\/ul>\n<\/div>\n<div class=\"collapse-mobile ste-list\">\n<h3>EEPROM<\/h3>\n<ul class=\"boxes\">\n<li>1024 bity, zorganizowane w 32 bloki po 4 bajty ka\u017cdy<\/li>\n<li>50 lat przechowywania danych<\/li>\n<li>Napisz wytrzyma\u0142o\u015b\u0107 100000 cykli<\/li>\n<\/ul>\n<\/div>\n<div class=\"collapse-mobile ste-list\">\n<h3>Bezpiecze\u0144stwo<\/h3>\n<ul class=\"boxes\">\n<li>Unikalny identyfikator dla ka\u017cdego urz\u0105dzenia<\/li>\n<li>Mechanizm blokuj\u0105cy dla ka\u017cdego bloku pami\u0119ci u\u017cytkownika (ochrona przed zapisem)<\/li>\n<li>Mechanizm blokuj\u0105cy do DSFID, AFI, EAS<\/li>\n<li>Funkcjonalno\u015b\u0107 EAS i AFI chroniona has\u0142em (32-bitowym)<\/li>\n<\/ul>\n<h1 id=\"hero-title\" class=\"sp-hero-title\">NTAG<sup>\u00ae<\/sup>\u00a0213\/215\/216: Uk\u0142ad scalony zgodny ze standardem NFC Forum Type 2 Tag z pami\u0119ci\u0105 u\u017cytkownika 144\/504\/888 bajt\u00f3w<\/h1>\n<\/div>\n<\/div>\n<\/div>\n<\/div>\n<div class=\"magic-2\">\n<div class=\"auto-hide-last-sibling-br paragraph_1252f paragraph-element\">\n<p>NTAG 213, NTAG 215 i NTAG 216 zosta\u0142y opracowane przez firm\u0119 NXP<sup>\u00ae<\/sup>\u00a0P\u00f3\u0142przewodniki jako standardowe uk\u0142ady scalone tag\u00f3w NFC przeznaczone do u\u017cytku w zastosowaniach na rynku masowym, takich jak handel detaliczny, gry i elektronika u\u017cytkowa, w po\u0142\u0105czeniu z urz\u0105dzeniami NFC lub zgodnymi ze standardem NFC urz\u0105dzeniami sprz\u0119gaj\u0105cymi zbli\u017ceniowo. NTAG 213, NTAG 215 i NTAG 216 (od tej pory nazywane og\u00f3lnie NTAG 21x) zosta\u0142y zaprojektowane tak, aby w pe\u0142ni spe\u0142nia\u0107 specyfikacje tag\u00f3w NFC Forum typu 2 i ISO\/IEC14443 typu A.<\/p>\n<p>Docelowe zastosowania obejmuj\u0105 inteligentn\u0105 reklam\u0119 w mediach drukowanych i poza domem, aplikacje SoLoMo, uwierzytelnianie produkt\u00f3w, etykiety NFC na p\u00f3\u0142ki i mobilne etykiety towarzysz\u0105ce.<\/p>\n<p>Docelowe przypadki u\u017cycia obejmuj\u0105 inteligentn\u0105 reklam\u0119 poza domem, uwierzytelnianie produkt\u00f3w, mobilne etykiety towarzysz\u0105ce, Bluetooth<sup>\u00ae<\/sup>\u00a0lub parowanie Wi-Fi, elektroniczne etykiety p\u00f3\u0142kowe i wizyt\u00f3wki. Pami\u0119\u0107 NTAG 21x mo\u017cna r\u00f3wnie\u017c segmentowa\u0107, aby wdra\u017ca\u0107 wiele aplikacji jednocze\u015bnie.<\/p>\n<p>Dzi\u0119ki du\u017cej pojemno\u015bci wej\u015bciowej uk\u0142ady scalone tag\u00f3w NTAG 21x s\u0105 szczeg\u00f3lnie dostosowane do zastosowa\u0144 wymagaj\u0105cych ma\u0142ych rozmiar\u00f3w, bez uszczerbku dla wydajno\u015bci. Ma\u0142e tagi NFC mo\u017cna \u0142atwiej osadza\u0107 np. w etykietach produkt\u00f3w lub urz\u0105dzeniach elektronicznych.<\/p>\n<p>Parametry mechaniczne i elektryczne NTAG 21x s\u0105 dostosowane do wymaga\u0144 producent\u00f3w wk\u0142adek i etykiet.<\/p>\n<h3>Bezkontaktowy przesy\u0142 energii i danych<\/h3>\n<p>\u0141\u0105czno\u015b\u0107 z NTAG 21x mo\u017cna nawi\u0105za\u0107 tylko wtedy, gdy uk\u0142ad scalony jest pod\u0142\u0105czony do anteny.<\/p>\n<p>Po umieszczeniu NTAG 21x w polu RF, szybki interfejs komunikacyjny RF umo\u017cliwia transmisj\u0119 danych z szybko\u015bci\u0105 transmisji 106 kbit\/s.<\/p>\n<h3>Proste wdro\u017cenie i wygoda u\u017cytkownika<\/h3>\n<p>NTAG 21x oferuje okre\u015blone funkcje zaprojektowane w celu poprawy integracji i wygody u\u017cytkownika:<\/p>\n<ul>\n<li>Mo\u017cliwo\u015b\u0107 szybkiego odczytu pozwala na skanowanie ca\u0142ej wiadomo\u015bci NDEF za pomoc\u0105 tylko jednego polecenia FAST_READ, co zmniejsza obci\u0105\u017cenie w \u015brodowiskach produkcyjnych o du\u017cej przepustowo\u015bci<\/li>\n<li>Ulepszona wydajno\u015b\u0107 RF pozwala na wi\u0119ksz\u0105 elastyczno\u015b\u0107 w wyborze kszta\u0142tu, wymiar\u00f3w i materia\u0142\u00f3w<\/li>\n<li>Opcja grubo\u015bci uk\u0142adu scalonego 75 \u03bcm umo\u017cliwia produkcj\u0119 ultracienkich znacznik\u00f3w, co u\u0142atwia integracj\u0119 np. z magazynami lub kartami do gier<\/li>\n<\/ul>\n<h3>Bezpiecze\u0144stwo<\/h3>\n<ul>\n<li>Producent zaprogramowa\u0142 7-bajtowy UID dla ka\u017cdego urz\u0105dzenia<\/li>\n<li>Kontener wst\u0119pnie zaprogramowanych mo\u017cliwo\u015bci z bitami programowalnymi jednorazowo<\/li>\n<li>Funkcja blokowania tylko do odczytu, programowana w terenie<\/li>\n<li>Podpis oryginalno\u015bci oparty na ECC<\/li>\n<li>Ochrona has\u0142em 32-bitowym zapobiegaj\u0105ca nieautoryzowanym operacjom na pami\u0119ci<\/li>\n<\/ul>\n<h3>Zgodno\u015b\u0107 typu tagu 2 forum NFC<\/h3>\n<p>Uk\u0142ad scalony NTAG 21x zapewnia pe\u0142n\u0105 zgodno\u015b\u0107 ze specyfikacj\u0105 techniczn\u0105 NFC Forum Tag 2 Type i umo\u017cliwia konfiguracj\u0119 struktur danych NDEF.<\/p>\n<h3>Antykolizyjny<\/h3>\n<p>Inteligentna funkcja antykolizyjna umo\u017cliwia jednoczesne dzia\u0142anie wi\u0119cej ni\u017c jednego tagu w terenie. Algorytm antykolizyjny wybiera ka\u017cdy tag indywidualnie i zapewnia, \u017ce wykonanie transakcji z wybranym tagiem jest wykonywane poprawnie, bez zak\u0142\u00f3ce\u0144 ze strony innego tagu w terenie.<\/p>\n<div class=\"auto-hide-last-sibling-br paragraph_1252f paragraph-element\"><\/div>\n<div class=\"auto-hide-last-sibling-br paragraph_1252f paragraph-element\"><\/div>\n<\/div>\n<\/div>\n<\/div>\n<\/div>\n<\/div>","protected":false},"excerpt":{"rendered":"<p>Tagi PPS 13,56 MHz RFID Laundry Clothes s\u0105 pomys\u0142owo zaprojektowane do integracji lub mocowania na po\u015bcieli, r\u0119cznikach i g\u0142\u00f3wnych strojach medycznych lub mundurach wymagaj\u0105cych wytrzyma\u0142ego, ale ma\u0142ej \u015brednicy tagu RFID. Tag charakteryzuje si\u0119 konstrukcj\u0105 PPS + epoksyd, kt\u00f3ra gwarantuje odporno\u015b\u0107 na intensywne ci\u015bnienie i wysokie temperatury, dzi\u0119ki czemu jest szczeg\u00f3lnie odporny na zu\u017cycie w wymagaj\u0105cych bran\u017cach. Ponadto oferujemy tagi wyposa\u017cone w uk\u0142ady pami\u0119ci NFC ISO 15693 i 14443, dzi\u0119ki czemu mo\u017cna je dostosowa\u0107 do r\u00f3\u017cnych potrzeb.<\/p>","protected":false},"featured_media":121,"template":"","meta":{"_kad_post_transparent":"default","_kad_post_title":"","_kad_post_layout":"default","_kad_post_sidebar_id":"","_kad_post_content_style":"default","_kad_post_vertical_padding":"default","_kad_post_feature":"","_kad_post_feature_position":"","_kad_post_header":false,"_kad_post_footer":false,"_kad_post_classname":""},"product_brand":[],"product_cat":[21,17,53],"product_tag":[39,60,57,45],"class_list":{"0":"post-120","1":"product","2":"type-product","3":"status-publish","4":"has-post-thumbnail","6":"product_cat-pps-rfid-laundry-tag","7":"product_cat-nfc-rfid-laundry-tag","8":"product_cat-rfid-clothes-tag","9":"product_tag-nfc-laundry-tag","10":"product_tag-pps-13-56mhz-rfid-laundry-clothes-tag","11":"product_tag-pps-rfid-laundry-tags","12":"product_tag-pps-washable-nfc-tags","14":"first","15":"instock","16":"shipping-taxable","17":"product-type-simple","18":"entry","19":"content-bg","20":"loop-entry"},"_links":{"self":[{"href":"https:\/\/rfid-laundry-tag.com\/pl\/wp-json\/wp\/v2\/product\/120","targetHints":{"allow":["GET"]}}],"collection":[{"href":"https:\/\/rfid-laundry-tag.com\/pl\/wp-json\/wp\/v2\/product"}],"about":[{"href":"https:\/\/rfid-laundry-tag.com\/pl\/wp-json\/wp\/v2\/types\/product"}],"version-history":[{"count":0,"href":"https:\/\/rfid-laundry-tag.com\/pl\/wp-json\/wp\/v2\/product\/120\/revisions"}],"wp:featuredmedia":[{"embeddable":true,"href":"https:\/\/rfid-laundry-tag.com\/pl\/wp-json\/wp\/v2\/media\/121"}],"wp:attachment":[{"href":"https:\/\/rfid-laundry-tag.com\/pl\/wp-json\/wp\/v2\/media?parent=120"}],"wp:term":[{"taxonomy":"product_brand","embeddable":true,"href":"https:\/\/rfid-laundry-tag.com\/pl\/wp-json\/wp\/v2\/product_brand?post=120"},{"taxonomy":"product_cat","embeddable":true,"href":"https:\/\/rfid-laundry-tag.com\/pl\/wp-json\/wp\/v2\/product_cat?post=120"},{"taxonomy":"product_tag","embeddable":true,"href":"https:\/\/rfid-laundry-tag.com\/pl\/wp-json\/wp\/v2\/product_tag?post=120"}],"curies":[{"name":"wp","href":"https:\/\/api.w.org\/{rel}","templated":true}]}}