{"id":118,"date":"2024-06-12T05:08:13","date_gmt":"2024-06-12T05:08:13","guid":{"rendered":"https:\/\/rfid-laundry-tag.com\/?post_type=product&#038;p=118"},"modified":"2024-08-14T16:26:48","modified_gmt":"2024-08-14T16:26:48","slug":"20mm-pps-nfc-laundry-clothing-tag","status":"publish","type":"product","link":"https:\/\/rfid-laundry-tag.com\/pl\/20mm-pps-nfc-laundry-clothing-tag\/","title":{"rendered":"Tag do prania odzie\u017cy PPS NFC 20 mm"},"content":{"rendered":"<div class=\"J_module\">\n<div class=\"ife-detail-decorate-table\">\n<table class=\"has-title all magic-6\">\n<tbody>\n<tr>\n<td colspan=\"1\" rowspan=\"1\">\n<div class=\"magic-7\" data-spm-anchor-id=\"a2700.details.0.i45.77607d98vZbcDU\"><span class=\"magic-8\" style=\"color: #363535;\">Nazwa przedmiotu<\/span><\/div>\n<\/td>\n<td colspan=\"1\" rowspan=\"1\">\n<div class=\"magic-9\">Tag do prania odzie\u017cy PPS NFC 20 mm<\/div>\n<\/td>\n<\/tr>\n<tr>\n<td colspan=\"1\" rowspan=\"1\">\n<div class=\"magic-7\"><span class=\"magic-10\" data-spm-anchor-id=\"a2700.pc-decorate.0.i10.28d333330XLbTD\"><span class=\"magic-8\">Tworzywo<\/span><\/span><\/div>\n<\/td>\n<td colspan=\"1\" rowspan=\"1\">\n<div class=\"magic-9\"><span class=\"magic-8\">PPS<\/span><\/div>\n<\/td>\n<\/tr>\n<tr>\n<td colspan=\"1\" rowspan=\"1\">\n<div class=\"magic-7\"><span class=\"magic-8\">Kolor<\/span><\/div>\n<\/td>\n<td colspan=\"1\" rowspan=\"1\">\n<div class=\"magic-9\"><span class=\"magic-8\">Czarny, \u017c\u00f3\u0142ty itp.<\/span><\/div>\n<\/td>\n<\/tr>\n<tr>\n<td colspan=\"1\" rowspan=\"1\">Minimalna ilo\u015b\u0107 zam\u00f3wienia<\/td>\n<td colspan=\"1\" rowspan=\"1\">500szt<\/td>\n<\/tr>\n<tr>\n<td colspan=\"1\" rowspan=\"1\">\n<div class=\"magic-7\"><span class=\"magic-8\">Producent\/Chip<\/span><\/div>\n<\/td>\n<td colspan=\"1\" rowspan=\"1\">\n<div class=\"magic-9\"><span class=\"magic-8\">NXP Ntag213, Ntag215, Ntag216, Mifare Ultralight ev1 itp.<\/span><\/div>\n<\/td>\n<\/tr>\n<tr>\n<td colspan=\"1\" rowspan=\"1\">\n<div class=\"magic-7\"><span class=\"magic-8\">Cz\u0119stotliwo\u015b\u0107<\/span><\/div>\n<\/td>\n<td colspan=\"1\" rowspan=\"1\">\n<div class=\"magic-9\"><span class=\"magic-8\">13,56MHz<\/span><\/div>\n<\/td>\n<\/tr>\n<tr>\n<td colspan=\"1\" rowspan=\"1\">\n<div class=\"magic-7\"><span class=\"magic-8\">Pami\u0119\u0107<\/span><\/div>\n<\/td>\n<td colspan=\"1\" rowspan=\"1\">\n<div class=\"magic-9\"><span class=\"magic-8\">144 bajty, 504 bajty, 888 bajt\u00f3w, 64 bajty itd.<\/span><\/div>\n<\/td>\n<\/tr>\n<tr>\n<td colspan=\"1\" rowspan=\"1\">\n<div class=\"magic-7\"><span class=\"magic-8\">Odczyt odleg\u0142o\u015bci<\/span><\/div>\n<\/td>\n<td colspan=\"1\" rowspan=\"1\">\n<div class=\"magic-9\"><span class=\"magic-8\">1~5cm<\/span><\/div>\n<\/td>\n<\/tr>\n<tr>\n<td colspan=\"1\" rowspan=\"1\">\n<div class=\"magic-7\"><span class=\"magic-8\">Tryb pracy<\/span><\/div>\n<\/td>\n<td colspan=\"1\" rowspan=\"1\">\n<div class=\"magic-9\"><span class=\"magic-8\">pasywny<\/span><\/div>\n<\/td>\n<\/tr>\n<tr>\n<td colspan=\"1\" rowspan=\"1\">\n<div class=\"magic-7\"><span class=\"magic-8\">Temperatura pracy<\/span><\/div>\n<\/td>\n<td colspan=\"1\" rowspan=\"1\">\n<div class=\"magic-9\"><span class=\"magic-8\">-25\u2103~+110\u2103<\/span><\/div>\n<\/td>\n<\/tr>\n<tr>\n<td colspan=\"1\" rowspan=\"1\">\n<div class=\"magic-7\"><span class=\"magic-8\">Temperatura przechowywania<\/span><\/div>\n<\/td>\n<td colspan=\"1\" rowspan=\"1\">\n<div class=\"magic-9\"><span class=\"magic-8\">-40\u2103~+85\u2103<\/span><\/div>\n<\/td>\n<\/tr>\n<tr>\n<td colspan=\"1\" rowspan=\"1\">\n<div class=\"magic-7\">\n<div><span class=\"magic-8\">\u00a0<\/span><\/div>\n<p><span class=\"magic-8\">Kr\u00f3tkotrwa\u0142a odporno\u015b\u0107 na temperatur\u0119<\/span><\/p>\n<\/div>\n<\/td>\n<td colspan=\"1\" rowspan=\"1\">\n<div class=\"magic-9\"><span class=\"magic-8\">pranie: 90\u2103, 15 minut; wst\u0119pne suszenie konwertera: 180\u2103, 30 minut, 200 razy; prasowanie: 180\u2103, 10 sekund, 200 razy; wysoka<br \/>\ntemperatura sterylizacji: 135\u2103, 20 minut<\/span><\/div>\n<\/td>\n<\/tr>\n<tr>\n<td colspan=\"1\" rowspan=\"1\">\n<div class=\"magic-7\"><span class=\"magic-8\">Cechy<\/span><\/div>\n<\/td>\n<td colspan=\"1\" rowspan=\"1\">\n<div class=\"magic-9\"><span class=\"magic-8\">wodoodporny, zmywalny, odporny na wysok\u0105 temperatur\u0119<\/span><\/div>\n<\/td>\n<\/tr>\n<tr>\n<td colspan=\"1\" rowspan=\"1\">\n<div class=\"magic-7\"><span class=\"magic-8\">\u017bycie<\/span><\/div>\n<\/td>\n<td colspan=\"1\" rowspan=\"1\">\n<div class=\"magic-9\"><span class=\"magic-8\">pranie 200 razy lub 3 lata<\/span><\/div>\n<\/td>\n<\/tr>\n<tr>\n<td colspan=\"1\" rowspan=\"1\">\n<div class=\"magic-7\"><span class=\"magic-8\">Aplikacje<\/span><\/div>\n<\/td>\n<td colspan=\"1\" rowspan=\"1\">\n<div class=\"magic-9\"><span class=\"magic-8\">zarz\u0105dzanie i \u015bledzenie prania<\/span><\/div>\n<\/td>\n<\/tr>\n<\/tbody>\n<\/table>\n<\/div>\n<\/div>\n<div class=\"J_module\">\n<div class=\"detail-decorate-json-renderer-container\">\n<div class=\"magic-1\">\n<div>\n<div><\/div>\n<div class=\"auto-hide-last-sibling-br paragraph_1252f paragraph-element\"><strong>Uk\u0142ad NTAG213 znacznika odzie\u017cy pralniczej PPS NFC<\/strong><\/div>\n<ul class=\"auto-hide-last-sibling-br\">\n<li>Producent: NXP Semiconductors<\/li>\n<li>Typ uk\u0142adu: NTAG213 (ISO\/IEC 14443 A)<\/li>\n<li>Pami\u0119\u0107: 144 bajt\u00f3w ca\u0142kowitej pami\u0119ci, podzielonej na 42 strony (po 4 bajty ka\u017cda)<\/li>\n<li>Zezwalaj na odczyt i zapis<\/li>\n<li>Funkcja UID ASCII Mirror<\/li>\n<li>Zintegrowany podpis oryginalno\u015bci<\/li>\n<li>Zgodno\u015b\u0107 z tagiem NFC Forum typu 2<\/li>\n<\/ul>\n<\/div>\n<div class=\"magic-2\">\n<div class=\"auto-hide-last-sibling-br paragraph_1252f paragraph-element\">\n<div class=\"auto-hide-last-sibling-br paragraph_1252f paragraph-element\">\u00a0PPS NFC Laundry Clothing Tag, z wbudowanymi chipami NTAG213, doskonale nadaje si\u0119 do \u015brodowisk wymagaj\u0105cych solidnego i niezawodnego mechanizmu \u015bledzenia, takich jak pralnie przemys\u0142owe, magazyny i firmy logistyczne. Solidna plastikowa obudowa PPS tych token\u00f3w zapewnia, \u017ce mog\u0105 one skutecznie przeciwstawi\u0107 si\u0119 r\u00f3\u017cnym wyzwaniom \u015brodowiskowym, takim jak wysokie ci\u015bnienie, wilgotno\u015b\u0107, oleje, chemikalia i wysokie temperatury.<\/div>\n<div class=\"auto-hide-last-sibling-br paragraph_1252f paragraph-element\">Te \u017cetony pralnicze NFC s\u0105 ma\u0142e, czarne i okr\u0105g\u0142e z wytrzyma\u0142ym chipem NXP NTAG213 NFC. Chip i antena s\u0105 w ca\u0142o\u015bci zamkni\u0119te w wytrzyma\u0142ej, nadaj\u0105cej si\u0119 do prania w pralce pow\u0142oce termoplastycznej PPS, kt\u00f3ra zapewnia doskona\u0142\u0105 ochron\u0119 na poziomie IP68.<\/div>\n<p>&nbsp;<\/p>\n<div class=\"auto-hide-last-sibling-br paragraph_1252f paragraph-element\"><\/div>\n<div class=\"auto-hide-last-sibling-br paragraph_1252f paragraph-element\"><\/div>\n<\/div>\n<\/div>\n<\/div>\n<\/div>\n<\/div>","protected":false},"excerpt":{"rendered":"<p>Kompaktowa metka do prania NFC o szeroko\u015bci 20 mm, odporna na ciep\u0142o, ognioodporna i wodoodporna. Wykonana z wytrzyma\u0142ego plastiku PPS z wewn\u0119trzn\u0105 miedzian\u0105 anten\u0105 zapewniaj\u0105c\u0105 niezawodny odczyt.<\/p>","protected":false},"featured_media":119,"template":"","meta":{"_kad_post_transparent":"default","_kad_post_title":"","_kad_post_layout":"default","_kad_post_sidebar_id":"","_kad_post_content_style":"default","_kad_post_vertical_padding":"default","_kad_post_feature":"","_kad_post_feature_position":"","_kad_post_header":false,"_kad_post_footer":false,"_kad_post_classname":""},"product_brand":[],"product_cat":[21,17],"product_tag":[37,46,59,45],"class_list":{"0":"post-118","1":"product","2":"type-product","3":"status-publish","4":"has-post-thumbnail","6":"product_cat-pps-rfid-laundry-tag","7":"product_cat-nfc-rfid-laundry-tag","8":"product_tag-nfc-button","9":"product_tag-nfc-laundry-token","10":"product_tag-pps-nfc-laundry-clothing-tag","11":"product_tag-pps-washable-nfc-tags","13":"first","14":"instock","15":"shipping-taxable","16":"product-type-simple","17":"entry","18":"content-bg","19":"loop-entry"},"_links":{"self":[{"href":"https:\/\/rfid-laundry-tag.com\/pl\/wp-json\/wp\/v2\/product\/118","targetHints":{"allow":["GET"]}}],"collection":[{"href":"https:\/\/rfid-laundry-tag.com\/pl\/wp-json\/wp\/v2\/product"}],"about":[{"href":"https:\/\/rfid-laundry-tag.com\/pl\/wp-json\/wp\/v2\/types\/product"}],"version-history":[{"count":1,"href":"https:\/\/rfid-laundry-tag.com\/pl\/wp-json\/wp\/v2\/product\/118\/revisions"}],"predecessor-version":[{"id":1321,"href":"https:\/\/rfid-laundry-tag.com\/pl\/wp-json\/wp\/v2\/product\/118\/revisions\/1321"}],"wp:featuredmedia":[{"embeddable":true,"href":"https:\/\/rfid-laundry-tag.com\/pl\/wp-json\/wp\/v2\/media\/119"}],"wp:attachment":[{"href":"https:\/\/rfid-laundry-tag.com\/pl\/wp-json\/wp\/v2\/media?parent=118"}],"wp:term":[{"taxonomy":"product_brand","embeddable":true,"href":"https:\/\/rfid-laundry-tag.com\/pl\/wp-json\/wp\/v2\/product_brand?post=118"},{"taxonomy":"product_cat","embeddable":true,"href":"https:\/\/rfid-laundry-tag.com\/pl\/wp-json\/wp\/v2\/product_cat?post=118"},{"taxonomy":"product_tag","embeddable":true,"href":"https:\/\/rfid-laundry-tag.com\/pl\/wp-json\/wp\/v2\/product_tag?post=118"}],"curies":[{"name":"wp","href":"https:\/\/api.w.org\/{rel}","templated":true}]}}