{"id":115,"date":"2024-06-12T04:52:26","date_gmt":"2024-06-12T04:52:26","guid":{"rendered":"https:\/\/rfid-laundry-tag.com\/?post_type=product&#038;p=115"},"modified":"2024-08-14T16:51:27","modified_gmt":"2024-08-14T16:51:27","slug":"rfid-laundry-tag-pps-t5577","status":"publish","type":"product","link":"https:\/\/rfid-laundry-tag.com\/pl\/rfid-laundry-tag-pps-t5577\/","title":{"rendered":"Etykieta pralnicza RFID-PPS-T5577"},"content":{"rendered":"<div class=\"J_module\">\n<div class=\"ife-detail-decorate-table\">\n<table style=\"border-collapse: collapse; width: 451.23pt;\" border=\"0\" width=\"752\" cellspacing=\"0\" cellpadding=\"0\">\n<tbody>\n<tr style=\"height: 28.00pt;\">\n<td class=\"et2\" style=\"height: 28.00pt; width: 138.60pt;\" width=\"231\" height=\"46\">Nazwa przedmiotu<\/td>\n<td class=\"et3\" style=\"width: 312.60pt;\" width=\"521\">Etykieta pralnicza RFID-PPS-T5577<\/td>\n<\/tr>\n<tr style=\"height: 14.40pt;\">\n<td class=\"et3\" style=\"height: 14.40pt; width: 138.60pt;\" width=\"231\" height=\"24\">Tworzywo<\/td>\n<td class=\"et3\" style=\"width: 312.60pt;\" width=\"521\">PPS<\/td>\n<\/tr>\n<tr style=\"height: 14.40pt;\">\n<td class=\"et3\" style=\"height: 14.40pt; width: 138.60pt;\" width=\"231\" height=\"24\">Kolor<\/td>\n<td class=\"et3\" style=\"width: 312.60pt;\" width=\"521\">Czarny<\/td>\n<\/tr>\n<tr style=\"height: 14.40pt;\">\n<td class=\"et3\" style=\"height: 14.40pt; width: 138.60pt;\" width=\"231\" height=\"24\">Minimalna ilo\u015b\u0107 zam\u00f3wienia<\/td>\n<td class=\"et3\" style=\"width: 312.60pt;\" width=\"521\">500szt<\/td>\n<\/tr>\n<tr style=\"height: 42.00pt;\">\n<td class=\"et3\" style=\"height: 42.00pt; width: 138.60pt;\" width=\"231\" height=\"70\">Producent\/Chip<\/td>\n<td class=\"et3\" style=\"width: 312.60pt;\" width=\"521\">EM4200, TK4100, EM4305, T5577 itp.<\/td>\n<\/tr>\n<tr style=\"height: 14.40pt;\">\n<td class=\"et3\" style=\"height: 14.40pt; width: 138.60pt;\" width=\"231\" height=\"24\">Cz\u0119stotliwo\u015b\u0107<\/td>\n<td class=\"et3\" style=\"width: 312.60pt;\" width=\"521\">125KHz<\/td>\n<\/tr>\n<tr style=\"height: 70.00pt;\">\n<td class=\"et3\" style=\"height: 70.00pt; width: 138.60pt;\" width=\"231\" height=\"116\">Rozmiar<\/td>\n<td class=\"et3\" style=\"width: 312.60pt;\" width=\"521\">\u015arednica 14 mm, \u015brednica 15 mm, \u015brednica 18 mm, \u015brednica 20 mm,<\/p>\n<p>\u015arednica 22 mm, \u015brednica 24 mm, \u015brednica 30 mm itd.<\/td>\n<\/tr>\n<tr style=\"height: 14.40pt;\">\n<td class=\"et3\" style=\"height: 14.40pt; width: 138.60pt;\" width=\"231\" height=\"24\">Odczyt odleg\u0142o\u015bci<\/td>\n<td class=\"et3\" style=\"width: 312.60pt;\" width=\"521\">1~5cm<\/td>\n<\/tr>\n<tr style=\"height: 14.40pt;\">\n<td class=\"et3\" style=\"height: 14.40pt; width: 138.60pt;\" width=\"231\" height=\"24\">Tryb pracy<\/td>\n<td class=\"et3\" style=\"width: 312.60pt;\" width=\"521\">pasywny<\/td>\n<\/tr>\n<tr style=\"height: 14.40pt;\">\n<td class=\"et3\" style=\"height: 14.40pt; width: 138.60pt;\" width=\"231\" height=\"24\">Temperatura pracy<\/td>\n<td class=\"et3\" style=\"width: 312.60pt;\" width=\"521\">-25<span class=\"font0\">\u2103<\/span><span class=\"font2\">~+110<\/span><span class=\"font0\">\u2103<\/span><\/td>\n<\/tr>\n<tr style=\"height: 14.40pt;\">\n<td class=\"et3\" style=\"height: 14.40pt; width: 138.60pt;\" width=\"231\" height=\"24\">Temperatura przechowywania<\/td>\n<td class=\"et3\" style=\"width: 312.60pt;\" width=\"521\">-40<span class=\"font0\">\u2103<\/span><span class=\"font2\">~+85<\/span><span class=\"font0\">\u2103<\/span><\/td>\n<\/tr>\n<tr style=\"height: 73.00pt;\">\n<td class=\"et4\" style=\"height: 73.00pt;\" height=\"121\">Specyfikacje operacyjne<\/td>\n<td class=\"et3\" style=\"width: 312.60pt;\" width=\"521\">Wodoodporny; odporny na zanurzenie w wodzie morskiej, alkoholu, oleju, 10%HCL; amoniaku; wstrz\u0105sy i wibracje<\/td>\n<\/tr>\n<tr style=\"height: 14.40pt;\">\n<td class=\"et3\" style=\"height: 14.40pt; width: 138.60pt;\" width=\"231\" height=\"24\">Cechy<\/td>\n<td class=\"et3\" style=\"width: 312.60pt;\" width=\"521\">wodoodporny, zmywalny, odporny na wysok\u0105 temperatur\u0119<\/td>\n<\/tr>\n<tr style=\"height: 14.40pt;\">\n<td class=\"et3\" style=\"height: 14.40pt; width: 138.60pt;\" width=\"231\" height=\"24\">Aplikacje<\/td>\n<td class=\"et3\" style=\"width: 312.60pt;\" width=\"521\">zarz\u0105dzanie i \u015bledzenie prania<\/td>\n<\/tr>\n<\/tbody>\n<\/table>\n<\/div>\n<p>&nbsp;<\/p>\n<p><strong>Uk\u0142ad scalony ATA5577<\/strong> to bezkontaktowy uk\u0142ad scalony IDIC\u00ae do odczytu i zapisu<br \/>\n) do zastosowa\u0144 w zakresie 125 kHz lub 134 kHz<br \/>\npasmo cz\u0119stotliwo\u015bci kHz. Pojedyncza cewka pod\u0142\u0105czona do uk\u0142adu scalonego s\u0142u\u017cy jako \u017ar\u00f3d\u0142o zasilania uk\u0142adu scalonego i jest dwukierunkowa<br \/>\ninterfejs komunikacyjny. Antena i chip razem tworz\u0105 transponder lub tag. Wbudowany 363-bitowy EEPROM<br \/>\n(11 blok\u00f3w po 33 bity ka\u017cdy) jest odczytywany i zapisywany blokowo ze stacji bazowej (czytnika). Dane s\u0105 przesy\u0142ane z<br \/>\nIDIC (uplink) wykorzystuj\u0105cy modulacj\u0119 obci\u0105\u017cenia. Osi\u0105ga si\u0119 to poprzez t\u0142umienie pola RF obci\u0105\u017ceniem rezystancyjnym pomi\u0119dzy dwoma<br \/>\nzaciski \u201eCewka 1 i Cewka 2\u201d. Uk\u0142ad scalony odbiera i dekoduje szeregowe polecenia stacji bazowej (\u0142\u0105cze w d\u00f3\u0142), kt\u00f3re s\u0105<br \/>\nzakodowane jako 100% amplitudowo modulowane strumienie bit\u00f3w w standardzie On-Off Keying (OOK) Pulse Interval Encoded (PIE).<\/p>\n<p><strong>Cechy uk\u0142adu scalonego ATA5577<\/strong><br \/>\nPoni\u017cej przedstawiono funkcje odczytu\/zapisu LF RFID IDIC w zakresie od 100 kHz do 150 kHz:<br \/>\n\u2022 Zasilanie bezstykowe<br \/>\n\u2022 Bezkontaktowa transmisja danych do odczytu\/zapisu<br \/>\n\u2022 Cz\u0119stotliwo\u015b\u0107 radiowa fRF od 100 kHz do 150 kHz<br \/>\n\u2022 Tryb podstawowy lub tryb rozszerzony<br \/>\n\u2022 Zgodny z T5557, ATA5567<br \/>\n\u2022 Zamiennik dla e5551\/T5551 w najcz\u0119\u015bciej spotykanych trybach pracy<br \/>\n\u2022 Mo\u017cliwo\u015b\u0107 konfiguracji zgodno\u015bci z normami ISO\/IEC 11784\/785<br \/>\n\u2022 \u0141\u0105cznie 363 bity pami\u0119ci EEPROM: 11 blok\u00f3w (32 bity + 1 bit blokady):<br \/>\n\u2013 7 \u00d7 32-bitowa pami\u0119\u0107 u\u017cytkownika EEPROM, w tym 32-bitowa pami\u0119\u0107 has\u0142a<br \/>\n\u2013 2 \u00d7 32 bity dla unikalnego identyfikatora<br \/>\n\u2013 1 \u00d7 32-bitowy rejestr opcji w pami\u0119ci EEPROM do skonfigurowania analogowego front-endu:<br \/>\n\u2022 Poziom wykrywania zegara i przerw<br \/>\n\u2022 Ulepszony czas po\u0142\u0105czenia w d\u00f3\u0142<br \/>\n\u2022 Napi\u0119cie zaciskowe i modulacyjne<br \/>\n\u2022 Prze\u0142\u0105czanie mi\u0119kkiej modulacji<br \/>\n\u2022 T\u0142umienie zapisu jak w T5557\/ATA5567 lub z rezystorem<br \/>\n\u2022 Protok\u00f3\u0142 downlinku<br \/>\n\u2013 1 \u00d7 32-bitowy rejestr konfiguracyjny w pami\u0119ci EEPROM do konfiguracji:<br \/>\n\u2022 Szybko\u015b\u0107 transmisji danych<br \/>\n\u2013 RF\/2 do RF\/128, wybierane binarnie lub<br \/>\n\u2013 Naprawiono stawki w trybie podstawowym<br \/>\n\u2022 Modulacja\/kodowanie<br \/>\n\u2013 Dwufazowy, Manchester, z kluczowaniem cz\u0119stotliwo\u015bci (FSK), z kluczowaniem fazy (PSK), bez powrotu do zera (NRZ)<br \/>\n\u2022 Inne opcje:<br \/>\n\u2013 Tryb has\u0142a<br \/>\n\u2013 Maksymalna funkcja bloku<br \/>\n\u2013 Tryb bezpo\u015bredniego dost\u0119pu<br \/>\n\u2013 Terminator(y) sekwencji<\/p>\n<\/div>\n<div class=\"J_module\">\n<div class=\"detail-decorate-json-renderer-container\">\n<div class=\"magic-1\">\n<div>\n<div><\/div>\n<\/div>\n<div class=\"magic-2\">\n<div>\n<div class=\"auto-hide-last-sibling-br paragraph_1252f paragraph-element\">\n<div class=\"auto-hide-last-sibling-br paragraph_1252f paragraph-element\"><strong>Tagi pralnicze RFID PPS 125kHz<\/strong> zapewniaj\u0105 liczne korzy\u015bci po zintegrowaniu z rozwi\u0105zaniami w zakresie etykiet RFID do prania.<\/div>\n<div class=\"auto-hide-last-sibling-br paragraph_1252f paragraph-element\">Do korzy\u015bci tych zaliczaj\u0105 si\u0119:<\/div>\n<ol class=\"auto-hide-last-sibling-br\">\n<li>Ceny ustalane bezpo\u015brednio w fabryce gwarantuj\u0105 op\u0142acalne rozwi\u0105zania.<\/li>\n<li>Gwarancja jako\u015bci, potwierdzona 1001testami TP3T przeprowadzanymi przed wysy\u0142k\u0105.<\/li>\n<li>D\u0142ugotrwa\u0142a niezawodno\u015b\u0107, certyfikowana wytrzyma\u0142o\u015b\u0107 na ponad 200 cykli prania lub 2-letnia gwarancja \u017cywotno\u015bci po dostawie.<\/li>\n<li>Wyj\u0105tkowa trwa\u0142o\u015b\u0107 dzi\u0119ki odporno\u015bci na wod\u0119, ciep\u0142o, ci\u015bnienie i dzia\u0142anie substancji chemicznych.<\/li>\n<li>Oferujemy r\u00f3wnie\u017c bezp\u0142atn\u0105 pr\u00f3bk\u0119 w celu zapewnienia jako\u015bci i przeprowadzenia test\u00f3w.<\/li>\n<\/ol>\n<div class=\"auto-hide-last-sibling-br paragraph_1252f paragraph-element\"><strong>Etykieta pralnicza RFID-PPS-T5577 Zastosowania:<\/strong><\/div>\n<ol class=\"auto-hide-last-sibling-br\">\n<li>\n<div class=\"auto-hide-last-sibling-br paragraph_1252f paragraph-element\">Pralnie przemys\u0142owe: W przemy\u015ble wykorzystanie identyfikator\u00f3w pralniczych RFID sprawia, \u017ce \u015bledzenie ogromnych ilo\u015bci bielizny staje si\u0119 bezproblemowe.<\/div>\n<\/li>\n<li>\n<div class=\"auto-hide-last-sibling-br paragraph_1252f paragraph-element\">Szpitale i hotele: W tych instytucjach cz\u0119sto wykonuje si\u0119 pranie du\u017cych ilo\u015bci rzeczy, w kt\u00f3rych etykiety te okazuj\u0105 si\u0119 niezast\u0105pione w zwi\u0119kszaniu efektywno\u015bci i usprawnianiu zarz\u0105dzania zapasami.<\/div>\n<\/li>\n<li>\n<div class=\"auto-hide-last-sibling-br paragraph_1252f paragraph-element\">Wynajem po\u015bcieli: Firmy oferuj\u0105ce us\u0142ugi wynajmu po\u015bcieli stosuj\u0105 te etykiety, aby upro\u015bci\u0107 zarz\u0105dzanie zapasami i zapewni\u0107 kontrol\u0119 jako\u015bci.<\/div>\n<\/li>\n<\/ol>\n<\/div>\n<\/div>\n<\/div>\n<\/div>\n<\/div>\n<\/div>","protected":false},"excerpt":{"rendered":"<div class=\"auto-hide-last-sibling-br paragraph_1252f paragraph-element\">Tagi pralnicze T5577 PPS RFID wykonane s\u0105 z wytrzyma\u0142ego materia\u0142u PPS i zaprojektowano je tak, aby wytrzymywa\u0142y zanurzenie w wodzie, dzia\u0142anie ciep\u0142a, ci\u015bnienia i chemikali\u00f3w, dzi\u0119ki czemu doskonale sprawdzaj\u0105 si\u0119 w trudnych warunkach.<\/div>","protected":false},"featured_media":116,"template":"","meta":{"_kad_post_transparent":"default","_kad_post_title":"","_kad_post_layout":"default","_kad_post_sidebar_id":"","_kad_post_content_style":"default","_kad_post_vertical_padding":"default","_kad_post_feature":"","_kad_post_feature_position":"","_kad_post_header":false,"_kad_post_footer":false,"_kad_post_classname":""},"product_brand":[],"product_cat":[21,18],"product_tag":[52,49,58],"class_list":{"0":"post-115","1":"product","2":"type-product","3":"status-publish","4":"has-post-thumbnail","6":"product_cat-pps-rfid-laundry-tag","7":"product_cat-125khz-rfid-laundry-tag","8":"product_tag-125khz-pps-rfid-laundry-tag","9":"product_tag-button-rfid-tag","10":"product_tag-rfid-laundry-tag-pps-t5577","12":"first","13":"instock","14":"shipping-taxable","15":"product-type-simple","16":"entry","17":"content-bg","18":"loop-entry"},"_links":{"self":[{"href":"https:\/\/rfid-laundry-tag.com\/pl\/wp-json\/wp\/v2\/product\/115","targetHints":{"allow":["GET"]}}],"collection":[{"href":"https:\/\/rfid-laundry-tag.com\/pl\/wp-json\/wp\/v2\/product"}],"about":[{"href":"https:\/\/rfid-laundry-tag.com\/pl\/wp-json\/wp\/v2\/types\/product"}],"version-history":[{"count":1,"href":"https:\/\/rfid-laundry-tag.com\/pl\/wp-json\/wp\/v2\/product\/115\/revisions"}],"predecessor-version":[{"id":1340,"href":"https:\/\/rfid-laundry-tag.com\/pl\/wp-json\/wp\/v2\/product\/115\/revisions\/1340"}],"wp:featuredmedia":[{"embeddable":true,"href":"https:\/\/rfid-laundry-tag.com\/pl\/wp-json\/wp\/v2\/media\/116"}],"wp:attachment":[{"href":"https:\/\/rfid-laundry-tag.com\/pl\/wp-json\/wp\/v2\/media?parent=115"}],"wp:term":[{"taxonomy":"product_brand","embeddable":true,"href":"https:\/\/rfid-laundry-tag.com\/pl\/wp-json\/wp\/v2\/product_brand?post=115"},{"taxonomy":"product_cat","embeddable":true,"href":"https:\/\/rfid-laundry-tag.com\/pl\/wp-json\/wp\/v2\/product_cat?post=115"},{"taxonomy":"product_tag","embeddable":true,"href":"https:\/\/rfid-laundry-tag.com\/pl\/wp-json\/wp\/v2\/product_tag?post=115"}],"curies":[{"name":"wp","href":"https:\/\/api.w.org\/{rel}","templated":true}]}}