{"id":109,"date":"2024-06-12T04:24:09","date_gmt":"2024-06-12T04:24:09","guid":{"rendered":"https:\/\/rfid-laundry-tag.com\/?post_type=product&#038;p=109"},"modified":"2024-06-12T04:31:34","modified_gmt":"2024-06-12T04:31:34","slug":"nfc-laundry-tag-pps-icode-slix","status":"publish","type":"product","link":"https:\/\/rfid-laundry-tag.com\/pl\/nfc-laundry-tag-pps-icode-slix\/","title":{"rendered":"Tag do prania NFC \u2013 PPS- ICODE SLIX"},"content":{"rendered":"<div class=\"J_module\">\n<div class=\"ife-detail-decorate-table\">\n<table class=\"has-title all magic-6\">\n<tbody>\n<tr>\n<td colspan=\"1\" rowspan=\"1\">\n<div class=\"magic-7\" data-spm-anchor-id=\"a2700.details.0.i45.77607d98vZbcDU\"><span class=\"magic-8\" style=\"color: #363535;\">Nazwa przedmiotu<\/span><\/div>\n<\/td>\n<td colspan=\"1\" rowspan=\"1\">\n<div class=\"magic-9\">Tag do prania NFC \u2013 PPS- ICODE SLIX<\/div>\n<\/td>\n<\/tr>\n<tr>\n<td colspan=\"1\" rowspan=\"1\">\n<div class=\"magic-7\"><span class=\"magic-10\" data-spm-anchor-id=\"a2700.pc-decorate.0.i10.28d333330XLbTD\"><span class=\"magic-8\">Tworzywo<\/span><\/span><\/div>\n<\/td>\n<td colspan=\"1\" rowspan=\"1\">\n<div class=\"magic-9\"><span class=\"magic-8\">PPS<\/span><\/div>\n<\/td>\n<\/tr>\n<tr>\n<td colspan=\"1\" rowspan=\"1\">\n<div class=\"magic-7\"><span class=\"magic-8\">Kolor<\/span><\/div>\n<\/td>\n<td colspan=\"1\" rowspan=\"1\">\n<div class=\"magic-9\"><span class=\"magic-8\">Czarny itp.<\/span><\/div>\n<\/td>\n<\/tr>\n<tr>\n<td colspan=\"1\" rowspan=\"1\">Minimalna ilo\u015b\u0107 zam\u00f3wienia<\/td>\n<td colspan=\"1\" rowspan=\"1\">500szt<\/td>\n<\/tr>\n<tr>\n<td colspan=\"1\" rowspan=\"1\">\n<div class=\"magic-7\"><span class=\"magic-8\">Producent\/Chip<\/span><\/div>\n<\/td>\n<td colspan=\"1\" rowspan=\"1\">\n<div class=\"magic-9\"><span class=\"magic-8\">NXP I Code Slix; inne opcje: Ntag213, Ntag215, Ntag216, Mifare Ultralight ev1 itp.<\/span><\/div>\n<\/td>\n<\/tr>\n<tr>\n<td colspan=\"1\" rowspan=\"1\">\n<div class=\"magic-7\"><span class=\"magic-8\">Cz\u0119stotliwo\u015b\u0107<\/span><\/div>\n<\/td>\n<td colspan=\"1\" rowspan=\"1\">\n<div class=\"magic-9\"><span class=\"magic-8\">13,56MHz<\/span><\/div>\n<\/td>\n<\/tr>\n<tr>\n<td colspan=\"1\" rowspan=\"1\">\n<div class=\"magic-7\"><span class=\"magic-8\">Pami\u0119\u0107<\/span><\/div>\n<\/td>\n<td colspan=\"1\" rowspan=\"1\">\n<div class=\"magic-9\"><span class=\"magic-8\">1k bajt; pami\u0119\u0107 innego uk\u0142adu scalonego: 144 bajty, 504 bajty, 888 bajt\u00f3w, 64 bajty itd.<\/span><\/div>\n<\/td>\n<\/tr>\n<tr>\n<td colspan=\"1\" rowspan=\"1\">\n<div class=\"magic-7\"><span class=\"magic-8\">Odczyt odleg\u0142o\u015bci<\/span><\/div>\n<\/td>\n<td colspan=\"1\" rowspan=\"1\">\n<div class=\"magic-9\"><span class=\"magic-8\">1~5cm<\/span><\/div>\n<\/td>\n<\/tr>\n<tr>\n<td colspan=\"1\" rowspan=\"1\">\n<div class=\"magic-7\"><span class=\"magic-8\">Tryb pracy<\/span><\/div>\n<\/td>\n<td colspan=\"1\" rowspan=\"1\">\n<div class=\"magic-9\"><span class=\"magic-8\">pasywny<\/span><\/div>\n<\/td>\n<\/tr>\n<tr>\n<td colspan=\"1\" rowspan=\"1\">\n<div class=\"magic-7\"><span class=\"magic-8\">Temperatura pracy<\/span><\/div>\n<\/td>\n<td colspan=\"1\" rowspan=\"1\">\n<div class=\"magic-9\"><span class=\"magic-8\">-25\u2103~+110\u2103<\/span><\/div>\n<\/td>\n<\/tr>\n<tr>\n<td colspan=\"1\" rowspan=\"1\">\n<div class=\"magic-7\"><span class=\"magic-8\">Temperatura przechowywania<\/span><\/div>\n<\/td>\n<td colspan=\"1\" rowspan=\"1\">\n<div class=\"magic-9\"><span class=\"magic-8\">-40\u2103~+85\u2103<\/span><\/div>\n<\/td>\n<\/tr>\n<tr>\n<td colspan=\"1\" rowspan=\"1\">\n<div class=\"magic-7\">\n<div><span class=\"magic-8\">\u00a0<\/span><\/div>\n<p><span class=\"magic-8\">Kr\u00f3tkotrwa\u0142a odporno\u015b\u0107 na temperatur\u0119<\/span><\/p>\n<\/div>\n<\/td>\n<td colspan=\"1\" rowspan=\"1\">\n<div class=\"magic-9\"><span class=\"magic-8\">pranie: 90\u2103, 15 minut; wst\u0119pne suszenie konwertera: 180\u2103, 30 minut, 200 razy; prasowanie: 180\u2103, 10 sekund, 200 razy; wysoka<br \/>\ntemperatura sterylizacji: 135\u2103, 20 minut<\/span><\/div>\n<\/td>\n<\/tr>\n<tr>\n<td colspan=\"1\" rowspan=\"1\">\n<div class=\"magic-7\"><span class=\"magic-8\">Cechy<\/span><\/div>\n<\/td>\n<td colspan=\"1\" rowspan=\"1\">\n<div class=\"magic-9\"><span class=\"magic-8\">wodoodporny, zmywalny, odporny na wysok\u0105 temperatur\u0119<\/span><\/div>\n<\/td>\n<\/tr>\n<tr>\n<td colspan=\"1\" rowspan=\"1\">\n<div class=\"magic-7\"><span class=\"magic-8\">\u017bycie<\/span><\/div>\n<\/td>\n<td colspan=\"1\" rowspan=\"1\">\n<div class=\"magic-9\"><span class=\"magic-8\">pranie 200 razy lub 3 lata<\/span><\/div>\n<\/td>\n<\/tr>\n<tr>\n<td colspan=\"1\" rowspan=\"1\">\n<div class=\"magic-7\"><span class=\"magic-8\">Aplikacje<\/span><\/div>\n<\/td>\n<td colspan=\"1\" rowspan=\"1\">\n<div class=\"magic-9\"><span class=\"magic-8\">zarz\u0105dzanie i \u015bledzenie prania<\/span><\/div>\n<\/td>\n<\/tr>\n<\/tbody>\n<\/table>\n<\/div>\n<\/div>\n<div class=\"J_module\">\n<div class=\"detail-decorate-json-renderer-container\">\n<div class=\"magic-1\">\n<div>\n<div><\/div>\n<\/div>\n<div class=\"magic-2\">\n<div class=\"auto-hide-last-sibling-br paragraph_1252f paragraph-element\">\n<div class=\"auto-hide-last-sibling-br paragraph_1252f paragraph-element\"><b>Tag pralniczy NFC \u2013 PPS-I Code Instalacja Slix:<\/b><br \/>\nGdy firma zdecyduje, \u017ce <b>Pralnia NFC<\/b> system \u015bledzenia mo\u017ce im pom\u00f3c, nast\u0119pnym krokiem jest podj\u0119cie decyzji <b>Tag do prania NFC<\/b>.<br \/>\nTen <b>Tag do prania NFC<\/b> mo\u017cna r\u00f3wnie\u017c przyszy\u0107 do ubrania; w takim przypadku funkcje NFC lub UHF s\u0105 dost\u0119pne gdziekolwiek jeste\u015b.<\/div>\n<div class=\"auto-hide-last-sibling-br paragraph_1252f paragraph-element\">\n<p>&nbsp;<\/p>\n<p><b>Wniosek o tag NFC Laundry \u2013 PPS-I Code Slix:<\/b><br \/>\n\u2013 Pranie przemys\u0142owe.<br \/>\n\u2013 Zarz\u0105dzanie mundurami.<br \/>\n\u2013 Zarz\u0105dzanie odzie\u017c\u0105 medyczn\u0105.<br \/>\n\u2013 Zarz\u0105dzanie odzie\u017c\u0105 ochronn\u0105.<br \/>\n\u2013 Zarz\u0105dzanie patrolami personalnymi.<br \/>\n\u2013 Zarz\u0105dzanie sprz\u0119tem przeciwpo\u017carowym.<br \/>\n\u2013 Zarz\u0105dzanie sprz\u0119tem narciarskim.<\/p>\n<\/div>\n<div><\/div>\n<\/div>\n<\/div>\n<div>\n<p>Ten <strong>Kod SLIX IC<\/strong> to dedykowany uk\u0142ad scalony do inteligentnych aplikacji etykietowych, takich jak biblioteki, uwierzytelnianie produkt\u00f3w w r\u00f3\u017cnych bran\u017cach, takich jak farmaceutyka, urz\u0105dzenia medyczne i alkohol, a tak\u017ce zarz\u0105dzanie produkcj\u0105 w r\u00f3\u017cnych obszarach bran\u017cy. Ten uk\u0142ad scalony jest trzeci\u0105 generacj\u0105 rodziny produkt\u00f3w inteligentnych uk\u0142ad\u00f3w scalonych etykiet opartych na normach ISO ISO\/IEC 15693 i ISO\/IEC 18000-3, przed\u0142u\u017caj\u0105c udan\u0105 histori\u0119 NXP<sup>\u00ae<\/sup>\u00a0w dziedzinie system\u00f3w identyfikacji otoczenia.<\/p>\n<h3>Bezkontaktowy przesy\u0142 energii i danych<\/h3>\n<p>Kiedykolwiek pod\u0142\u0105czony do bardzo prostego i \u0142atwego do wyprodukowania typu anteny (w wyniku cz\u0119stotliwo\u015bci no\u015bnej 13,56 MHz) wykonanej z kilku uzwoje\u0144 drukowanych, nawijanych, trawionych lub dziurkowanych, uk\u0142ad scalony ICODE SLIX mo\u017ce by\u0107 obs\u0142ugiwany bez linii wzroku do odleg\u0142o\u015bci 1,5 m (szeroko\u015b\u0107 bramki). Nie jest wymagana \u017cadna bateria. Kiedy inteligentna etykieta jest umieszczona w polu anteny interrogatora, szybki interfejs komunikacyjny RF umo\u017cliwia transmisj\u0119 danych do 53 kbit\/s.<\/p>\n<h3>Antykolizyjny<\/h3>\n<p>Inteligentna funkcja antykolizyjna umo\u017cliwia jednoczesne dzia\u0142anie kilku tag\u00f3w w terenie. Algorytm antykolizyjny wybiera ka\u017cdy tag indywidualnie i zapewnia, \u017ce wykonanie transakcji z wybranym tagiem jest wykonywane poprawnie, bez uszkodzenia danych wynikaj\u0105cego z obecno\u015bci innych tag\u00f3w w terenie.<\/p>\n<h3>Cechy<\/h3>\n<div id=\"featuresXsp\" class=\"features-list\">\n<div class=\"features-xsp\">\n<div class=\"collapse-mobile ste-list\">\n<h3>Interfejs RF ICODE SLIX (ISO\/IEC 15693)<\/h3>\n<ul class=\"boxes\">\n<li>Bezkontaktowa transmisja danych i zasilanie (nie wymaga baterii)<\/li>\n<li>Zasi\u0119g dzia\u0142ania: do 1,5 m (w zale\u017cno\u015bci od geometrii anteny)<\/li>\n<li>Cz\u0119stotliwo\u015b\u0107 pracy: 13,56 MHz (ISM, og\u00f3lno\u015bwiatowa licencja dost\u0119pna bezp\u0142atnie)<\/li>\n<li>Szybki transfer danych: do 53 kbit\/s<\/li>\n<li>Wysoka integralno\u015b\u0107 danych: 16-bitowy CRC, ramkowanie<\/li>\n<li>Prawdziwe zabezpieczenie antykolizyjne<\/li>\n<li>Chroniony has\u0142em elektroniczny monitoring artyku\u0142\u00f3w (EAS)<\/li>\n<li>Zabezpieczony has\u0142em identyfikator rodziny aplikacji (AFI)<\/li>\n<li>Identyfikator formatu przechowywania danych (DSFID)<\/li>\n<li>Dodatkowy szybki odczyt antykolizyjny<\/li>\n<li>Odleg\u0142o\u015b\u0107 zapisu r\u00f3wna si\u0119 odleg\u0142o\u015bci odczytu<\/li>\n<\/ul>\n<\/div>\n<div class=\"collapse-mobile ste-list\">\n<h3>EEPROM<\/h3>\n<ul class=\"boxes\">\n<li>1024 bity, zorganizowane w 32 bloki po 4 bajty ka\u017cdy<\/li>\n<li>50 lat przechowywania danych<\/li>\n<li>Napisz wytrzyma\u0142o\u015b\u0107 100000 cykli<\/li>\n<\/ul>\n<\/div>\n<div class=\"collapse-mobile ste-list\">\n<h3>Bezpiecze\u0144stwo<\/h3>\n<ul class=\"boxes\">\n<li>Unikalny identyfikator dla ka\u017cdego urz\u0105dzenia<\/li>\n<li>Mechanizm blokuj\u0105cy dla ka\u017cdego bloku pami\u0119ci u\u017cytkownika (ochrona przed zapisem)<\/li>\n<li>Mechanizm blokuj\u0105cy do DSFID, AFI, EAS<\/li>\n<li>Funkcjonalno\u015b\u0107 EAS i AFI chroniona has\u0142em (32-bitowym)<\/li>\n<\/ul>\n<\/div>\n<\/div>\n<\/div>\n<\/div>\n<div class=\"magic-2\">\n<div class=\"auto-hide-last-sibling-br paragraph_1252f paragraph-element\">\n<p>&nbsp;<\/p>\n<div class=\"auto-hide-last-sibling-br paragraph_1252f paragraph-element\"><\/div>\n<div class=\"auto-hide-last-sibling-br paragraph_1252f paragraph-element\"><\/div>\n<\/div>\n<\/div>\n<\/div>\n<\/div>\n<\/div>","protected":false},"excerpt":{"rendered":"<p>Tagi pralnicze ICODE SLIX NFC, zaprojektowane z funkcjami antykolizyjnymi i EAS, doskonale nadaj\u0105 si\u0119 do sektora pralniczego. Tagi pralnicze NFC s\u0105 zaprojektowane tak, aby by\u0142y odporne na ciep\u0142o, ci\u015bnienie i dzia\u0142anie chemikali\u00f3w, kt\u00f3re s\u0105 typowe dla bran\u017cy pralniczej i wypo\u017cyczalni tekstyli\u00f3w. Bior\u0105c pod uwag\u0119 te cechy, stanowi\u0105 one najlepsze rozwi\u0105zanie do bezproblemowego, bezkontaktowego \u015bledzenia artyku\u0142\u00f3w odzie\u017cowych w tych bran\u017cach.<\/p>","protected":false},"featured_media":110,"template":"","meta":{"_kad_post_transparent":"default","_kad_post_title":"","_kad_post_layout":"default","_kad_post_sidebar_id":"","_kad_post_content_style":"default","_kad_post_vertical_padding":"default","_kad_post_feature":"","_kad_post_feature_position":"","_kad_post_header":false,"_kad_post_footer":false,"_kad_post_classname":""},"product_brand":[],"product_cat":[21,17],"product_tag":[37,39,56,45],"class_list":{"0":"post-109","1":"product","2":"type-product","3":"status-publish","4":"has-post-thumbnail","6":"product_cat-pps-rfid-laundry-tag","7":"product_cat-nfc-rfid-laundry-tag","8":"product_tag-nfc-button","9":"product_tag-nfc-laundry-tag","10":"product_tag-nfc-laundry-tag-pps-icode-slix","11":"product_tag-pps-washable-nfc-tags","13":"first","14":"instock","15":"shipping-taxable","16":"product-type-simple","17":"entry","18":"content-bg","19":"loop-entry"},"_links":{"self":[{"href":"https:\/\/rfid-laundry-tag.com\/pl\/wp-json\/wp\/v2\/product\/109","targetHints":{"allow":["GET"]}}],"collection":[{"href":"https:\/\/rfid-laundry-tag.com\/pl\/wp-json\/wp\/v2\/product"}],"about":[{"href":"https:\/\/rfid-laundry-tag.com\/pl\/wp-json\/wp\/v2\/types\/product"}],"version-history":[{"count":0,"href":"https:\/\/rfid-laundry-tag.com\/pl\/wp-json\/wp\/v2\/product\/109\/revisions"}],"wp:featuredmedia":[{"embeddable":true,"href":"https:\/\/rfid-laundry-tag.com\/pl\/wp-json\/wp\/v2\/media\/110"}],"wp:attachment":[{"href":"https:\/\/rfid-laundry-tag.com\/pl\/wp-json\/wp\/v2\/media?parent=109"}],"wp:term":[{"taxonomy":"product_brand","embeddable":true,"href":"https:\/\/rfid-laundry-tag.com\/pl\/wp-json\/wp\/v2\/product_brand?post=109"},{"taxonomy":"product_cat","embeddable":true,"href":"https:\/\/rfid-laundry-tag.com\/pl\/wp-json\/wp\/v2\/product_cat?post=109"},{"taxonomy":"product_tag","embeddable":true,"href":"https:\/\/rfid-laundry-tag.com\/pl\/wp-json\/wp\/v2\/product_tag?post=109"}],"curies":[{"name":"wp","href":"https:\/\/api.w.org\/{rel}","templated":true}]}}