{"id":54,"date":"2024-06-10T14:55:28","date_gmt":"2024-06-10T14:55:28","guid":{"rendered":"https:\/\/rfid-laundry-tag.com\/?post_type=product&#038;p=54"},"modified":"2024-09-26T04:26:47","modified_gmt":"2024-09-26T04:26:47","slug":"rfid-tag-for-linen-laundry","status":"publish","type":"product","link":"https:\/\/rfid-laundry-tag.com\/nl\/rfid-tag-for-linen-laundry\/","title":{"rendered":"RFID-tag voor linnengoed"},"content":{"rendered":"<div>\n<div class=\"auto-hide-last-sibling-br paragraph_1252f paragraph-element\">\n<h1><strong>RFID-tag voor linnengoed<\/strong><\/h1>\n<p><strong>Fysiek:<\/strong><\/p>\n<p>Materiaal: 100% polyester<\/p>\n<p>Afmetingen: 70 mm \u00d7 15 mm x 1,5 mm<\/p>\n<p>Chip: NXP U CODE U8, U9 enz.<\/p>\n<p>Label installatiemethode: naaitype, strijken<\/p>\n<p>Protocol: ISO1800-6C<\/p>\n<p>Strijken: 15 seconden, op 210\u2103<\/p>\n<p>Blootstelling: 2,5 bar<\/p>\n<p>Drogen: 15 minuten bij 180\u00b0C<\/p>\n<p>Wassen: 15 minuten op 90\u2103<\/p>\n<p>Wascycli: 200+ cycli of 3 jaar<\/p>\n<p>Opslagconditie:-20-80\u2103,5-95%RH<\/p>\n<p>&nbsp;<\/p>\n<\/div>\n<div class=\"auto-hide-last-sibling-br paragraph_1252f paragraph-element\">Wat onze UHF RFID-waslabels onderscheidt van de andere linnenlabels op de markt, is hun gladde, heldere uiterlijk. Ze zijn indrukwekkend slank en hebben een onopvallende dikte van 0,55 mm, waardoor ze de dunste beschikbare labels op de markt zijn. Samenvattend bieden onze labels een vooruitstrevende UHF RFID-oplossing voor kleding, met een ideale combinatie van betaalbaarheid, robuustheid en subtiliteit.<\/div>\n<\/div>\n<div><\/div>\n<div class=\"auto-hide-last-sibling-br paragraph_1252f paragraph-element\">\n<div data-spm-anchor-id=\"a2700.details.0.i57.23b419c7xXORP0\"><span data-spm-anchor-id=\"a2700.details.0.i75.23b419c7xXORP0\"><b>Functie:<\/b><br \/>\n1) UHF-technologie om honderden tags tegelijkertijd te lezen.<br \/>\n2) Leesafstand groter dan 2,4 meter.<br \/>\n3) Nieuw mechanisch ontwerp voor betere prestaties bij plat linnengoed.<br \/>\n4) Geschikt voor hogedruk-afzuigers tot 60 bar.<br \/>\n5) Geschikt voor autoclaafsterilisatie.<br \/>\n6) Klein, zacht en flexibel materiaal, ideaal voor textiel, linnengoed, kleding en accessoires.<\/span><\/div>\n<\/div>\n<div data-spm-anchor-id=\"a2700.details.0.i57.23b419c7xXORP0\"><\/div>\n<div data-spm-anchor-id=\"a2700.details.0.i57.23b419c7xXORP0\">\n<p><img fetchpriority=\"high\" decoding=\"async\" class=\"wp-image-55\" src=\"https:\/\/rfid-laundry-tag.com\/wp-content\/uploads\/2024\/06\/4-300x275.png\" alt=\"RFID Tag for linen laundry\" width=\"605\" height=\"555\" srcset=\"https:\/\/rfid-laundry-tag.com\/wp-content\/uploads\/2024\/06\/4-300x275.png 300w, https:\/\/rfid-laundry-tag.com\/wp-content\/uploads\/2024\/06\/4-600x550.png 600w, https:\/\/rfid-laundry-tag.com\/wp-content\/uploads\/2024\/06\/4-13x12.png 13w, https:\/\/rfid-laundry-tag.com\/wp-content\/uploads\/2024\/06\/4.png 750w\" sizes=\"(max-width: 605px) 100vw, 605px\" \/><\/p>\n<\/div>\n<h3 class=\"wp-block-heading\">Installatie<\/h3>\n<p><strong>Steek taggen<\/strong>: Om in de zoom van een textiel te naaien. Naai het waslabel weg van de vouwlijnen.<br \/>\n<strong>Hitteafdichting<\/strong>: Moet direct op het textiel worden aangebracht bij +200\u00b0C (392\u00b0F), gedurende 12 tot 14 seconden.<br \/>\n<strong>In buidel<\/strong>: Moet worden gestikt als een standaard waslabel. Stik het waslabel weg van de vouwlijnen.<\/p>\n<h3>Voordelen van het gebruik van RFID-tags bij wasserijbeheer<\/h3>\n<p>Het opnemen van RFID-tags in uw wasserijactiviteiten leidt tot een grotere effici\u00ebntie. De automatische tracking maakt realtime voorraadbeheer mogelijk, waardoor verlies wordt geminimaliseerd en werknemerstijd wordt vrijgemaakt. Deze\u00a0<strong>textiel RFID-tags<\/strong>\u00a0bieden bedrijven en huishoudens de mogelijkheid om linnengoed, kleding en andere wasartikelen met ongekende nauwkeurigheid te beheren en te volgen, waardoor zowel de servicekwaliteit als de klanttevredenheid worden verbeterd.<\/p>\n<div class=\"auto-hide-last-sibling-br paragraph_1252f paragraph-element\">\n<div class=\"auto-hide-last-sibling-br paragraph_1252f paragraph-element\">RFID-tags voor linnenwasserij zijn onmisbaar in talloze industrie\u00ebn, en stimuleren op cruciale wijze effici\u00ebnte asset tracking, voorraadbeheer en het verhogen van de algehele operationele effici\u00ebntie. Hier is een glimp van hun toepassing in verschillende sectoren:<\/div>\n<ul class=\"auto-hide-last-sibling-br\">\n<li>\n<div class=\"auto-hide-last-sibling-br paragraph_1252f paragraph-element\">Gezondheidszorg: Ziekenhuizen en andere medische instellingen gebruiken RFID-linnenlabels voor het beheren van grote voorraden beddengoed, handdoeken, scrubs, uniformen en operatielinnen. Dit helpt bij het minimaliseren van verlies, het beheren van wascycli en het garanderen dat schoon, fris linnengoed constant beschikbaar is, afhankelijk van de behoefte.<\/div>\n<\/li>\n<li>\n<div class=\"auto-hide-last-sibling-br paragraph_1252f paragraph-element\">Hotels: In de hotelindustrie is het beheren van linnengoed een kolossale taak, met duizenden items zoals beddengoed, handdoeken, gordijnen en badjassen in omloop. RFID-linnenlabels helpen deze taak te stroomlijnen, zorgen voor tijdige reiniging en vervanging en helpen bij het detecteren en voorkomen van diefstal.<\/div>\n<\/li>\n<li>\n<div class=\"auto-hide-last-sibling-br paragraph_1252f paragraph-element\">Restaurants: Binnen de foodservice-industrie helpen RFID-tags bij het monitoren van het gebruik en de netheid van uniformen, tafelkleden, servetten en koksschorten. Dit kan de netheidsnormen verhogen en helpen een nette, professionele uitstraling te behouden.<\/div>\n<\/li>\n<li>\n<div class=\"auto-hide-last-sibling-br paragraph_1252f paragraph-element\">Modekledingindustrie\u00ebn: In de modewereld spelen RFID-tags een belangrijke rol bij het traceren van artikelen in de hele toeleveringsketen, van productie tot winkeldisplay. Ze kunnen waardevolle informatie bieden, zoals herkomst, reisgeschiedenis en zelfs ingewikkelde details over de stof en wasvoorschriften.<\/div>\n<\/li>\n<li>\n<div class=\"auto-hide-last-sibling-br paragraph_1252f paragraph-element\">Werkkleding\/Vuurvertragende kleding: RFID-tags worden door bedrijven gebruikt om speciale kledingstukken te volgen en beheren. Dit omvat het ervoor zorgen dat brandvertragende of andere beschermende kleding regelmatig wordt gecontroleerd, op de juiste manier wordt gereinigd en indien nodig wordt vervangen.<\/div>\n<\/li>\n<li>\n<div class=\"auto-hide-last-sibling-br paragraph_1252f paragraph-element\">Schoenen en maskers: Deze zijn van groot belang in sectoren als de gezondheidszorg en de bouw, waar de veiligheid niet in het geding mag komen. Met RFID-tags kunt u het gebruik, de netheid en het onderhoud van artikelen als maskers en veiligheidsschoenen eenvoudiger bijhouden.<\/div>\n<\/li>\n<li>\n<div class=\"auto-hide-last-sibling-br paragraph_1252f paragraph-element\">Matten en dweilen: Bedrijven die schoonmaakdiensten leveren of grote faciliteiten beheren, kunnen profiteren van RFID-tags op matten en dweilen. Ze kunnen het gebruik en onderhoud bijhouden, zodat ze altijd schone en effici\u00ebnte gereedschappen hebben.<\/div>\n<\/li>\n<\/ul>\n<h3>Milieuvriendelijk winkelen<\/h3>\n<p>Onze RFID-tags zijn ontworpen met eco-vriendelijkheid in gedachten. Door handmatige verwerking te minimaliseren en het aantal verkeerd geplaatste items te verminderen, kunt u helpen de CO2-voetafdruk die gepaard gaat met wasserijactiviteiten te verkleinen. De\u00a0<strong>RFID-waslabels<\/strong>\u00a0kunnen aan het einde van hun levenscyclus worden gerecycled, wat bijdraagt aan duurzame praktijken.<\/p>\n<h3>Wat is UHF RFID-technologie?<\/h3>\n<p>RFID (Radio Frequency Identification) is een technologie die elektromagnetische velden gebruikt om automatisch tags te identificeren en te volgen die aan objecten zijn bevestigd. UHF RFID werkt binnen het Ultra High Frequency-bereik, wat langere leesafstanden en snellere identificatie mogelijk maakt, waardoor het ideaal is voor wastoepassingen. De UHF RFID-tags kunnen worden genaaid of bevestigd aan kledingstukken en linnengoed, wat effici\u00ebnte tracking mogelijk maakt tijdens het wasproces.<\/p>\n<h3>Veelgestelde vragen (FAQ&#039;s)<\/h3>\n<p><strong>V1: Zijn RFID-waslabels compatibel met alle wassystemen?<\/strong><br \/>\n<strong>A1:<\/strong>\u00a0Ja, onze RFID-tags zijn ontworpen om naadloos samen te werken met standaard RFID-lezers die in wasserijen worden gebruikt.<\/p>\n<p><strong>Vraag 2: Hoe kan ik gebruikte RFID-tags recyclen?<\/strong><br \/>\n<strong>A2:<\/strong>\u00a0Na de levenscyclus kunt u de tags bij ons retourneren voor recycling. U kunt ook terecht bij plaatselijke faciliteiten voor elektronisch afval.<\/p>\n<p><strong>V3: Kan ik wasgoed voor persoonlijk gebruik labelen?<\/strong><br \/>\n<strong>A3:<\/strong>\u00a0Absoluut! Deze tags kunnen ook in huishoudens worden gebruikt om effici\u00ebnt de was van het gezin bij te houden.<\/p>\n<h3>Waarom zou u ons kiezen voor uw RFID-oplossingen?<\/h3>\n<p>Met jarenlange expertise in RFID-technologie bieden wij hoogwaardige, duurzame en innovatieve oplossingen op maat voor de wasserij-industrie. Onze producten zijn ontworpen om te voldoen aan verschillende operationele behoeften, terwijl ze betaalbaar en milieubewust blijven.<\/p>\n<p>Wij nodigen u uit om uw wasserij vandaag nog te transformeren door te investeren in onze UHF RFID-waslabels voor linnengoed. Met bewezen resultaten in het verbeteren van de effici\u00ebntie, het beheren van textiel en het waarborgen van verantwoording, zijn deze labels niet alleen een investering in technologie, maar een investering in gemoedsrust.<\/p>\n<h3>Conclusie<\/h3>\n<p>Door de toekomst van wasserijbeheer te omarmen, zal het integreren van UHF RFID-technologie in uw activiteiten uw effici\u00ebntie en betrouwbaarheid aanzienlijk verbeteren. Mis de kans niet om uw wasserijverwerkingscapaciteiten te verbeteren.<\/p>\n<\/div>","protected":false},"excerpt":{"rendered":"<div class=\"auto-hide-last-sibling-br paragraph_1252f paragraph-element\">Verbeter de waseffici\u00ebntie met onze duurzame UHF RFID-tags, ontworpen voor linnengoed en kleding. Wasbaar, temperatuurbestendig en ideaal voor tracking!<\/div>\n<div><\/div>\n<div class=\"auto-hide-last-sibling-br paragraph_1252f paragraph-element\"><\/div>","protected":false},"featured_media":58,"template":"","meta":{"_kad_post_transparent":"default","_kad_post_title":"","_kad_post_layout":"default","_kad_post_sidebar_id":"","_kad_post_content_style":"default","_kad_post_vertical_padding":"default","_kad_post_feature":"","_kad_post_feature_position":"","_kad_post_header":false,"_kad_post_footer":false,"_kad_post_classname":""},"product_brand":[],"product_cat":[19],"product_tag":[25,285,30,28],"class_list":{"0":"post-54","1":"product","2":"type-product","3":"status-publish","4":"has-post-thumbnail","6":"product_cat-textile-rfid-laundry-tag","7":"product_tag-rfid-laundrytags","8":"product_tag-rfid-tag","9":"product_tag-uhf-rfid-laundry-tag","10":"product_tag-washable-rfid-tags","12":"first","13":"instock","14":"shipping-taxable","15":"product-type-simple","16":"entry","17":"content-bg","18":"loop-entry"},"_links":{"self":[{"href":"https:\/\/rfid-laundry-tag.com\/nl\/wp-json\/wp\/v2\/product\/54","targetHints":{"allow":["GET"]}}],"collection":[{"href":"https:\/\/rfid-laundry-tag.com\/nl\/wp-json\/wp\/v2\/product"}],"about":[{"href":"https:\/\/rfid-laundry-tag.com\/nl\/wp-json\/wp\/v2\/types\/product"}],"version-history":[{"count":3,"href":"https:\/\/rfid-laundry-tag.com\/nl\/wp-json\/wp\/v2\/product\/54\/revisions"}],"predecessor-version":[{"id":2684,"href":"https:\/\/rfid-laundry-tag.com\/nl\/wp-json\/wp\/v2\/product\/54\/revisions\/2684"}],"wp:featuredmedia":[{"embeddable":true,"href":"https:\/\/rfid-laundry-tag.com\/nl\/wp-json\/wp\/v2\/media\/58"}],"wp:attachment":[{"href":"https:\/\/rfid-laundry-tag.com\/nl\/wp-json\/wp\/v2\/media?parent=54"}],"wp:term":[{"taxonomy":"product_brand","embeddable":true,"href":"https:\/\/rfid-laundry-tag.com\/nl\/wp-json\/wp\/v2\/product_brand?post=54"},{"taxonomy":"product_cat","embeddable":true,"href":"https:\/\/rfid-laundry-tag.com\/nl\/wp-json\/wp\/v2\/product_cat?post=54"},{"taxonomy":"product_tag","embeddable":true,"href":"https:\/\/rfid-laundry-tag.com\/nl\/wp-json\/wp\/v2\/product_tag?post=54"}],"curies":[{"name":"wp","href":"https:\/\/api.w.org\/{rel}","templated":true}]}}