{"id":52,"date":"2024-06-09T15:52:43","date_gmt":"2024-06-09T15:52:43","guid":{"rendered":"https:\/\/rfid-laundry-tag.com\/?post_type=product&#038;p=52"},"modified":"2024-09-08T05:29:20","modified_gmt":"2024-09-08T05:29:20","slug":"uhf-rfid-laundry-tag","status":"publish","type":"product","link":"https:\/\/rfid-laundry-tag.com\/nl\/uhf-rfid-laundry-tag\/","title":{"rendered":"UHF RFID-waslabel"},"content":{"rendered":"<div class=\"auto-hide-last-sibling-br paragraph_1252f paragraph-element\">\n<div>\n<div class=\"auto-hide-last-sibling-br paragraph_1252f paragraph-element\">\n<div class=\"auto-hide-last-sibling-br paragraph_1252f paragraph-element\">Onze UHF RFID-waslabels, onder de merknaam Apparel Washable RFID Laundry Tags, bieden aanzienlijke flexibiliteit ten opzichte van traditionele RFID-waslabels. Deze labels zijn vakkundig ontworpen om meer dan 50 huishoudelijke wascycli te weerstaan, met slechts een lichte 10%-15% afname in RFID-prestaties. Ze dienen als de perfecte, kosteneffectieve oplossing voor verhuur- en retailscenario&#039;s met kleding, schoenen en linnengoed.<\/div>\n<p>&nbsp;<\/p>\n<div class=\"auto-hide-last-sibling-br paragraph_1252f paragraph-element\">Opvallend is dat deze tags zijn ingebed met een unieke structuur en een beschermde RFID-chip, wat hun stevigheid bewijst door meer dan 50 huishoudelijke wasbeurten te overleven. Ze zijn ontworpen om discreet te worden verborgen in een naad of in een waslabel te worden geschoven, waardoor ze vrijwel onzichtbaar zijn.<\/div>\n<p>&nbsp;<\/p>\n<div class=\"auto-hide-last-sibling-br paragraph_1252f paragraph-element\">Wat onze UHF RFID-waslabels onderscheidt van verschillende andere wasbare linnenlabels, is hun strakke, transparante ontwerp. Met een dikte van slechts 0,55 mm zijn ze de dunste die op de markt verkrijgbaar zijn. Concluderend bieden onze labels een avant-garde UHF RFID-oplossing voor kleding, waarbij kosteneffici\u00ebntie, veerkracht en onopvallendheid in \u00e9\u00e9n pakket worden gecombineerd.<\/div>\n<\/div>\n<div><\/div>\n<\/div>\n<div data-spm-anchor-id=\"a2700.details.0.i57.23b419c7xXORP0\"><span data-spm-anchor-id=\"a2700.details.0.i75.23b419c7xXORP0\"><b>Functie:<\/b><br \/>\n1) UHF-technologie om honderden tags tegelijkertijd te lezen.<br \/>\n2) Leesafstand groter dan 2,4 meter.<br \/>\n3) Nieuw mechanisch ontwerp voor betere prestaties bij plat linnengoed.<br \/>\n4) Geschikt voor hogedruk-afzuigers tot 60 bar.<br \/>\n5) Geschikt voor autoclaafsterilisatie.<br \/>\n6) Klein, zacht en flexibel materiaal, ideaal voor textiel, linnengoed, kleding en accessoires.<\/span><\/div>\n<\/div>\n<div data-spm-anchor-id=\"a2700.details.0.i57.23b419c7xXORP0\"><\/div>\n<div data-spm-anchor-id=\"a2700.details.0.i57.23b419c7xXORP0\">\n<div class=\"text-title\"><span data-spm-anchor-id=\"a2700.details.0.i77.23b419c7xXORP0\">Fysiek:<\/span><\/div>\n<div class=\"text-content\" data-spm-anchor-id=\"a2700.details.0.i54.23b419c7xXORP0\">\n<div>Afmetingen: 70 mm \u00d7 15 mm x 1,5 mm<\/div>\n<div>Chip: UHF<\/div>\n<div>Label installatiemethode: naaien, strijken<\/div>\n<div>Protocol: ISO1800-6C EPC C1G2<\/div>\n<div>Strijken: 15 seconden, op 210\u2103<\/div>\n<div>Blootstelling: 2,5 bar<\/div>\n<div>Drogen: 15 minuten bij 180\u00b0C<\/div>\n<div><span data-spm-anchor-id=\"a2700.details.0.i78.23b419c7xXORP0\">Wassen: 15 minuten op 90\u2103<\/span><\/div>\n<div>Wascycli: 200+ cycli of 3 jaar<br \/>\nOpslagconditie:-20-80\u2103,5-95%RH<\/div>\n<\/div>\n<\/div>\n<h3 class=\"wp-block-heading\">Installatie<\/h3>\n<p><strong>Steek taggen<\/strong>: Om in de zoom van een textiel te naaien. Naai het waslabel weg van de vouwlijnen.<br \/>\n<strong>Hitteafdichting<\/strong>: Moet direct op het textiel worden aangebracht bij +200\u00b0C (392\u00b0F), gedurende 12 tot 14 seconden.<br \/>\n<strong>In buidel<\/strong>: Moet worden gestikt als een standaard waslabel. Stik het waslabel weg van de vouwlijnen.<\/p>\n<div class=\"auto-hide-last-sibling-br paragraph_1252f paragraph-element\">Wasbare RFID-waslabels zijn integraal voor een aantal industrie\u00ebn, bieden effici\u00ebnte asset tracking, voorraadbeheer en verbeteren de algehele operationele productiviteit. Hier zijn enkele toepassingen in verschillende sectoren:<\/div>\n<ol class=\"auto-hide-last-sibling-br\">\n<li>\n<div class=\"auto-hide-last-sibling-br paragraph_1252f paragraph-element\"><strong>Gezondheidszorg<\/strong>: Ziekenhuizen en andere medische instellingen gebruiken RFID-linnenlabels om enorme voorraden beddengoed, handdoeken, scrubs, uniformen en chirurgisch linnen te beheren. Dit helpt verlies te verminderen, wascycli te beheren en ervoor te zorgen dat schoon, fris linnengoed altijd beschikbaar is wanneer dat nodig is.<\/div>\n<\/li>\n<li>\n<div class=\"auto-hide-last-sibling-br paragraph_1252f paragraph-element\"><strong>Hotels<\/strong>: Het beheren van linnengoed is een enorme taak in de hotelindustrie, waar duizenden artikelen, van beddengoed tot handdoeken tot gordijnen en badjassen, in omloop zijn. RFID-linnenlabels vereenvoudigen het volgen, zorgen voor tijdige reiniging en vervanging en helpen bij het detecteren en voorkomen van diefstal.<\/div>\n<\/li>\n<li>\n<div class=\"auto-hide-last-sibling-br paragraph_1252f paragraph-element\"><strong>Restaurants<\/strong>: In de foodservice-industrie kunnen RFID-tags het gebruik en de reiniging van uniformen, tafelkleden, servetten en koksschorten monitoren. Dit kan de reinheidsnormen verbeteren en helpen bij het behouden van een gepolijste, professionele uitstraling.<\/div>\n<\/li>\n<li>\n<div class=\"auto-hide-last-sibling-br paragraph_1252f paragraph-element\"><strong>Modekledingindustrie\u00ebn<\/strong>: RFID-tags spelen een grote rol bij het volgen van artikelen in de hele toeleveringsketen, van productie tot detailhandel. Ze kunnen waardevolle informatie verschaffen, zoals herkomst, reisgeschiedenis en zelfs details over de stof en wasvoorschriften.<\/div>\n<\/li>\n<li>\n<div class=\"auto-hide-last-sibling-br paragraph_1252f paragraph-element\"><strong>Werkkleding\/Brandvertragende kleding<\/strong>: Bedrijven kunnen RFID-tags gebruiken om speciale kledingstukken te volgen en beheren. Dit kan betekenen dat brandvertragende of andere beschermende kleding regelmatig wordt ge\u00efnspecteerd, goed wordt gereinigd en indien nodig wordt vervangen.<\/div>\n<\/li>\n<li>\n<div class=\"auto-hide-last-sibling-br paragraph_1252f paragraph-element\"><strong>Schoeisel en maskers<\/strong>: RFID-tags zijn vooral belangrijk in sectoren als de gezondheidszorg en de bouw, waar veiligheid van cruciaal belang is. Het bijhouden van het gebruik, de reiniging en het onderhoud van artikelen zoals maskers en veiligheidsschoenen kan worden vereenvoudigd met behulp van RFID-tags.<\/div>\n<\/li>\n<li>\n<div class=\"auto-hide-last-sibling-br paragraph_1252f paragraph-element\"><strong>Matten en dweilen<\/strong>:Voor bedrijven die schoonmaakdiensten leveren of grote gebouwen beheren, kunnen RFID-tags op matten en dweilen helpen bij het bijhouden van het gebruik en onderhoud. Zo bent u er altijd zeker van dat uw gereedschap schoon en effectief is.<\/div>\n<\/li>\n<\/ol>","protected":false},"excerpt":{"rendered":"<div class=\"auto-hide-last-sibling-br paragraph_1252f paragraph-element\">Onze UHF RFID-waslabels, beter bekend als RFID-linnenlabels, vallen op door hun combinatie van soepelheid en duurzaamheid. Ze zijn gemaakt met een stevige rubberen buitenkant, die het concept van zachte sterkte belichaamt. Deze kledinglabels zijn doelbewust ontworpen om zowel soepel als veerkrachtig te zijn, en bestand tegen maximaal 200 wasbeurten en drukken tot 60 bar zonder schade.<\/div>\n<div class=\"auto-hide-last-sibling-br paragraph_1252f paragraph-element\">Onze UHF RFID-waslabels staan bekend om hun buitengewone massale leescapaciteiten en kunnen effectief worden gedetecteerd vanaf een afstand van meerdere meters. Aanpasbaarheid is de sleutel, met afmetingen vari\u00ebrend van 1,5 tot 3 inch lang en van een halve inch tot 1 inch breed, handig afgestemd op uiteenlopende behoeften.<\/div>\n<div class=\"auto-hide-last-sibling-br paragraph_1252f paragraph-element\">Vaak worden deze wasbare RFID-tags gebruikt in de gezondheidszorg, vaak bevestigd aan de uniformen van artsen en verpleegkundigen. Daarnaast worden ze gebruikt voor andere professionele outfits, kostuums en zelfs huurartikelen zoals matten. Deze combinatie van veelzijdigheid en duurzame kwaliteit maakt ze een gewaardeerde keuze in verschillende omgevingen.<\/div>","protected":false},"featured_media":53,"template":"","meta":{"_kad_post_transparent":"default","_kad_post_title":"","_kad_post_layout":"default","_kad_post_sidebar_id":"","_kad_post_content_style":"default","_kad_post_vertical_padding":"default","_kad_post_feature":"","_kad_post_feature_position":"","_kad_post_header":false,"_kad_post_footer":false,"_kad_post_classname":""},"product_brand":[],"product_cat":[19,16],"product_tag":[25,30,29,28],"class_list":{"0":"post-52","1":"product","2":"type-product","3":"status-publish","4":"has-post-thumbnail","6":"product_cat-textile-rfid-laundry-tag","7":"product_cat-uhf-rfid-laundry-tags","8":"product_tag-rfid-laundrytags","9":"product_tag-uhf-rfid-laundry-tag","10":"product_tag-washable-rfid-laundry-tags","11":"product_tag-washable-rfid-tags","13":"first","14":"instock","15":"shipping-taxable","16":"product-type-simple","17":"entry","18":"content-bg","19":"loop-entry"},"_links":{"self":[{"href":"https:\/\/rfid-laundry-tag.com\/nl\/wp-json\/wp\/v2\/product\/52","targetHints":{"allow":["GET"]}}],"collection":[{"href":"https:\/\/rfid-laundry-tag.com\/nl\/wp-json\/wp\/v2\/product"}],"about":[{"href":"https:\/\/rfid-laundry-tag.com\/nl\/wp-json\/wp\/v2\/types\/product"}],"version-history":[{"count":1,"href":"https:\/\/rfid-laundry-tag.com\/nl\/wp-json\/wp\/v2\/product\/52\/revisions"}],"predecessor-version":[{"id":1951,"href":"https:\/\/rfid-laundry-tag.com\/nl\/wp-json\/wp\/v2\/product\/52\/revisions\/1951"}],"wp:featuredmedia":[{"embeddable":true,"href":"https:\/\/rfid-laundry-tag.com\/nl\/wp-json\/wp\/v2\/media\/53"}],"wp:attachment":[{"href":"https:\/\/rfid-laundry-tag.com\/nl\/wp-json\/wp\/v2\/media?parent=52"}],"wp:term":[{"taxonomy":"product_brand","embeddable":true,"href":"https:\/\/rfid-laundry-tag.com\/nl\/wp-json\/wp\/v2\/product_brand?post=52"},{"taxonomy":"product_cat","embeddable":true,"href":"https:\/\/rfid-laundry-tag.com\/nl\/wp-json\/wp\/v2\/product_cat?post=52"},{"taxonomy":"product_tag","embeddable":true,"href":"https:\/\/rfid-laundry-tag.com\/nl\/wp-json\/wp\/v2\/product_tag?post=52"}],"curies":[{"name":"wp","href":"https:\/\/api.w.org\/{rel}","templated":true}]}}