{"id":204,"date":"2024-06-18T09:26:05","date_gmt":"2024-06-18T09:26:05","guid":{"rendered":"https:\/\/rfid-laundry-tag.com\/?post_type=product&#038;p=204"},"modified":"2024-09-26T03:20:13","modified_gmt":"2024-09-26T03:20:13","slug":"textile-fabric-rfid-laundry-tags","status":"publish","type":"product","link":"https:\/\/rfid-laundry-tag.com\/nl\/textile-fabric-rfid-laundry-tags\/","title":{"rendered":"RFID-waslabels voor textiel en stoffen"},"content":{"rendered":"<div>\n<div class=\"auto-hide-last-sibling-br paragraph_1252f paragraph-element\">\n<table width=\"637\">\n<tbody>\n<tr>\n<td width=\"328\">Artikelnaam:<\/td>\n<td width=\"309\"><strong>RFID-waslabels voor textiel en stoffen<\/strong><\/td>\n<\/tr>\n<tr>\n<td width=\"328\">RFID-standaard:<\/td>\n<td width=\"309\">ISO\/IEC 18000-6 Type C (EPC Gen2)<\/td>\n<\/tr>\n<tr>\n<td width=\"328\">Afmetingen en gewicht:<\/td>\n<td width=\"309\">70\u00d715mm, 0,6g<\/td>\n<\/tr>\n<tr>\n<td width=\"328\">Chiptype:<\/td>\n<td width=\"309\">Impinj Monza 4QT, NXP U-CODE 8, NXP U-CODE 9<\/td>\n<\/tr>\n<tr>\n<td width=\"328\">EPC-geheugen:<\/td>\n<td width=\"309\">128 bits<\/td>\n<\/tr>\n<tr>\n<td width=\"328\">Gebruikersgeheugen:<\/td>\n<td width=\"309\">512 bits<\/td>\n<\/tr>\n<tr>\n<td width=\"328\">Leesbereik (2W ERP FCC):<\/td>\n<td width=\"309\">8m<\/td>\n<\/tr>\n<tr>\n<td width=\"328\">Leesbereik (2W ERP ETSI):<\/td>\n<td width=\"309\">8m<\/td>\n<\/tr>\n<tr>\n<td width=\"328\">Labelen:<\/td>\n<td width=\"309\">Naaiwerk, Heet stempellijm<\/td>\n<\/tr>\n<tr>\n<td width=\"328\">Geschatte levensduur:<\/td>\n<td width=\"309\">200 wasbeurten of 3 jaar, afhankelijk van wat het eerst komt<\/td>\n<\/tr>\n<tr>\n<td width=\"328\">Wasmethode:<\/td>\n<td width=\"309\">Wasserij, stomerij<\/td>\n<\/tr>\n<tr>\n<td width=\"328\">Waterwinningsdruk:<\/td>\n<td width=\"309\">60 bar<\/td>\n<\/tr>\n<tr>\n<td width=\"328\">Waterbestendigheid:<\/td>\n<td width=\"309\">Waterbestendig<\/td>\n<\/tr>\n<tr>\n<td width=\"328\">Chemische bestendigheid:<\/td>\n<td width=\"309\">Wasmiddel, wasverzachter, bleekmiddel (zuurstof\/chloor), alkali<\/td>\n<\/tr>\n<tr>\n<td width=\"328\">Voordrogen in Tumbler:<\/td>\n<td width=\"309\">125 \u00baC gedurende 15-20 minuten<\/td>\n<\/tr>\n<tr>\n<td width=\"328\">Sterilisatietemperatuur:<\/td>\n<td width=\"309\">135\u00b0C gedurende 15-20 minuten<\/td>\n<\/tr>\n<tr>\n<td width=\"328\">Wastemperatuur:<\/td>\n<td width=\"309\">90\u00b0C, tot 15 min.<\/td>\n<\/tr>\n<tr>\n<td width=\"328\">Vochtigheid\/temperatuur - werking:<\/td>\n<td width=\"309\">-20 tot 110\u00b0C, 8 tot 95%RH<\/td>\n<\/tr>\n<tr>\n<td width=\"328\">Vochtigheid\/Temperatuur-Opslag:<\/td>\n<td width=\"309\">-40 tot 110\u00b0C, 8 tot 95%RH<\/td>\n<\/tr>\n<\/tbody>\n<\/table>\n<\/div>\n<div class=\"auto-hide-last-sibling-br paragraph_1252f paragraph-element\"><\/div>\n<\/div>\n<div data-spm-anchor-id=\"a2700.details.0.i57.23b419c7xXORP0\">\n<div class=\"auto-hide-last-sibling-br paragraph_1252f paragraph-element\">\n<h2>Kenmerken van RFID-waslabels voor textiel<\/h2>\n<h3>1. Duurzaam en wasbaar<\/h3>\n<p>Ons\u00a0<strong>wasbare RFID-tags<\/strong>\u00a0zijn zorgvuldig ontworpen om zware wasomstandigheden te doorstaan. Ze kunnen tot\u00a0<strong>200 wasbeurten<\/strong>, bestand tegen hoge temperaturen tijdens het wassen en drogen. De duurzame materialen en technologie die worden gebruikt, zorgen ervoor dat deze\u00a0<strong>labels kunnen worden genaaid<\/strong>\u00a0in verschillende items, waaronder linnengoed en kledingstukken, zonder hun integriteit in gevaar te brengen. Of het nu gaat om heet wassen op\u00a0<strong>90\u00b0C<\/strong>\u00a0of sterilisatie bij\u00a0<strong>135\u00b0C<\/strong>Deze labels zijn ontworpen om te voldoen aan de eisen van industrieel wassen.<\/p>\n<h3>2. Naadloze integratie met RFID-systemen<\/h3>\n<p>De\u00a0<strong>UHF RFID-technologie<\/strong>\u00a0ingebed in de waslabels zorgt voor een naadloze integratie met bestaande wasbeheersystemen. Of u nu gebruikmaakt van\u00a0<strong>RFID-lezers<\/strong>\u00a0voor geautomatiseerde tracking of om ze op te nemen in een uitgebreider\u00a0<strong>voorraadbeheer<\/strong>\u00a0systeem, bieden deze tags de nodige compatibiliteit die nodig is voor gestroomlijnde bewerkingen. Het betrouwbare leesbereik van maximaal\u00a0<strong>8 meter<\/strong>\u00a0zorgt voor een nauwkeurige tracering en houdt uw wasvoorraad in de gaten.<\/p>\n<h3>3. Verbeterde tracking- en beheermogelijkheden<\/h3>\n<p>Met\u00a0<strong>RFID-waslabels<\/strong>, kunt u elk stuk wasgoed volgen in elke fase van het\u00a0<strong>wasproces<\/strong>. Effici\u00ebnte identificatie en voorraadbeheer leiden tot bruikbare inzichten, wat de algehele voorraadcontrole verbetert. U kunt de beweging van elk\u00a0<strong>textielartikel<\/strong>, zodat ze snel bij de juiste personen of locaties terechtkomen. Deze zichtbaarheid is cruciaal voor het behouden van klanttevredenheid in sectoren zoals hospitality en healthcare.<\/p>\n<h3>4. Robuuste chemische bestendigheid<\/h3>\n<p>Ons\u00a0<strong>waslabels voor stoffen<\/strong>\u00a0zijn ontworpen om verschillende chemicali\u00ebn te tolereren die doorgaans worden gebruikt in industri\u00eble wasserijen. Ze zijn bestand tegen detergenten, wasverzachters en bleekmiddelen, waaronder zowel zuurstof- als chloorvarianten. Deze chemische veerkracht verlengt de levensduur van de labels en zorgt voor betrouwbare prestaties, zelfs in de zwaarste wasomgevingen.<\/p>\n<h3>5. Meerdere tagopties<\/h3>\n<p>RFID-waslabels voor textiel bieden veelzijdige\u00a0<strong>tagging-opties<\/strong>Klanten kunnen kiezen tussen\u00a0<strong>naaien<\/strong>\u00a0de labels direct in kledingstukken of met behulp van\u00a0<strong>hete stempellijm<\/strong>\u00a0voor veilige bevestiging. Deze aanpasbaarheid zorgt voor eenvoudige integratie in bestaande textielsoorten zonder hun functie of uiterlijk te verstoren.<\/p>\n<h3 class=\"wp-block-heading\">Installatie van RFID-waslabels voor textielstoffen<\/h3>\n<p><strong>Steek taggen<\/strong>: Om in de zoom van een textiel te naaien. Naai het waslabel weg van de vouwlijnen.<br \/>\n<strong>Hitteafdichting<\/strong>: Moet direct op het textiel worden aangebracht bij +200\u00b0C (392\u00b0F), gedurende 12 tot 14 seconden.<br \/>\n<strong>In buidel<\/strong>: Moet worden gestikt als een standaard waslabel. Stik het waslabel weg van de vouwlijnen.<\/p>\n<h2>Voordelen van RFID-wasbeheer<\/h2>\n<h3>Verbeterde operationele effici\u00ebntie<\/h3>\n<p>Incorporeren\u00a0<strong>RFID-tags<\/strong>\u00a0in jouw\u00a0<strong>wasserijbeheer<\/strong>\u00a0processen verbetert de operationele effici\u00ebntie enorm. Geautomatiseerde trackingsystemen elimineren de noodzaak voor arbeidsintensieve handmatige processen, waardoor de tijd en kosten van het personeel die verband houden met het volgen van items worden verminderd. Hierdoor kunnen werknemers zich richten op kerntaken die waarde toevoegen aan het bedrijf, waardoor de algehele productiviteit wordt verbeterd.<\/p>\n<h3>Superieure asset tracking<\/h3>\n<p>Met RFID-technologie kunt u elk stuk wasgoed volgen gedurende de gehele levenscyclus, van de eerste verwerking tot de retourzending. Deze superieure asset tracking-mogelijkheid helpt verliezen te voorkomen en zorgt ervoor dat alle items worden verantwoord, wat vooral belangrijk is in omgevingen met een hoog volume, zoals ziekenhuizen en hotels.<\/p>\n<h3>Conformiteit met industrienormen<\/h3>\n<p>De RFID-waslabels zijn ontworpen om te voldoen aan strenge industrienormen voor duurzaamheid en prestaties. Hun robuuste ontwerp is geschikt voor omgevingen met een hoge vraag, waardoor ze ideaal zijn voor commerci\u00eble toepassingen. Door te kiezen voor onze textiel-RFID-labels, stemt u uw wasactiviteiten af op toonaangevende praktijken, waardoor uw bedrijf concurrerend blijft.<\/p>\n<hr \/>\n<h2>Getuigenissen van klanten<\/h2>\n<blockquote><p>\u201cWe hebben het aantal verloren wasgoed aanzienlijk verminderd sinds we de RFID-waslabels hebben ge\u00efmplementeerd. Het trackingsysteem heeft ons wasbeheer getransformeerd!\u201d \u2014\u00a0<em>Mary T., Facilitair Manager<\/em><\/p><\/blockquote>\n<blockquote><p>\u201cNiet alleen blijven de RFID-tags goed zitten tijdens het wassen, ze hebben ook onze doorlooptijden aanzienlijk verbeterd.\u201d \u2014\u00a0<em>John D., operationeel directeur<\/em><\/p><\/blockquote>\n<hr \/>\n<h2>Veelgestelde vragen (FAQ&#039;s)<\/h2>\n<p><strong>V: Hoe lang gaan RFID-waslabels mee?<\/strong><br \/>\nA: Onze\u00a0<strong>RFID-waslabels<\/strong>\u00a0hebben een geschatte levensduur van\u00a0<strong>200 wasbeurten of 3 jaar<\/strong>, afhankelijk van de gebruiksomstandigheden.<\/p>\n<p><strong>V: Zijn deze tags bestand tegen hoge temperaturen?<\/strong><br \/>\nA: Ja, deze labels zijn ontworpen om wastemperaturen tot 50 \u00b0C te weerstaan.\u00a0<strong>90\u00b0C<\/strong>, sterilisatie bij\u00a0<strong>135\u00b0C<\/strong>en voordroogomstandigheden, waardoor ze perfect zijn voor industri\u00eble wasserijen.<\/p>\n<p><strong>V: Zijn de tags bestand tegen chemicali\u00ebn?<\/strong><br \/>\nA: Absoluut. Deze labels zijn bestand tegen veelvoorkomende waschemicali\u00ebn, waaronder wasmiddelen, wasverzachters en bleekmiddel.<\/p>\n<h3>Conclusie<\/h3>\n<div class=\"auto-hide-last-sibling-br paragraph_1252f paragraph-element\"><strong>RFID-waslabels voor textiel en stoffen<\/strong> zijn speciaal ontworpen RFID-tags voor textiel dat uitgebreide industri\u00eble wasprocessen ondergaat, inclusief sterilisatie en strijken.<\/div>\n<div class=\"auto-hide-last-sibling-br paragraph_1252f paragraph-element\">Deze <strong>RFID-waslabels voor textiel en stoffen<\/strong> zijn fundamenteel voor effectieve identificatie, tracering en beheer van linnen en textiel. Voor bedrijven die afhankelijk zijn van een continue circulatie van schone textiel, uniformen, werkkleding, medische kleding of schoonmaakmiddelen, kunnen deze waslabels de prestaties van geautomatiseerde systemen aanzienlijk verbeteren. Ze vergemakkelijken snellere en nauwkeurigere tracking van een groot aantal individuele items, waardoor de voorraadcontrole wordt verbeterd en verlies wordt verminderd. Dit levert aanzienlijke tijd- en kostenbesparingen op, evenals verhoogde productiviteit voor dergelijke vestigingen.<\/div>\n<\/div>\n<\/div>\n<div class=\"auto-hide-last-sibling-br paragraph_1252f paragraph-element\">\n<div class=\"auto-hide-last-sibling-br paragraph_1252f paragraph-element\"><strong>RFID-textieltag<\/strong> voor uniformen voor linnengoed zijn onmisbaar in een groot aantal industrie\u00ebn, en stimuleren van cruciaal belang effici\u00ebnte asset tracking, voorraadbeheer en het verhogen van de algehele operationele effici\u00ebntie. Hier is een glimp van hun toepassing in verschillende sectoren:<\/div>\n<div><\/div>\n<p>&nbsp;<\/p>\n<\/div>\n<div class=\"auto-hide-last-sibling-br paragraph_1252f paragraph-element\"><\/div>","protected":false},"excerpt":{"rendered":"<p>Textielstof RFID-waslabels, vervaardigd met geavanceerde UHF-technologie (860-960 MHz), voldoen aan wereldwijde normen zoals EPC Class1 Gen2 en ISO 18000. Deze UHF-textiellinnenwaslabels bieden een mix van flexibiliteit en stevigheid die meer dan 200 wasbeurten en een druk tot 60 bar kan weerstaan. Het opmerkelijke kenmerk van het UHF RFID-waslabel voor textiel is het potentieel om massale metingen vanaf een paar meter afstand mogelijk te maken, wat dient als een zeer effici\u00ebnt instrument voor wasbeheer.<\/p>","protected":false},"featured_media":2675,"template":"","meta":{"_kad_post_transparent":"default","_kad_post_title":"","_kad_post_layout":"default","_kad_post_sidebar_id":"","_kad_post_content_style":"default","_kad_post_vertical_padding":"default","_kad_post_feature":"","_kad_post_feature_position":"","_kad_post_header":false,"_kad_post_footer":false,"_kad_post_classname":""},"product_brand":[],"product_cat":[19],"product_tag":[297,31,65,30],"class_list":{"0":"post-204","1":"product","2":"type-product","3":"status-publish","4":"has-post-thumbnail","6":"product_cat-textile-rfid-laundry-tag","7":"product_tag-rfid-chips-for-uniform","8":"product_tag-rfid-tag-for-linen-laundry","9":"product_tag-textile-rfid-laundry-tags","10":"product_tag-uhf-rfid-laundry-tag","12":"first","13":"instock","14":"featured","15":"shipping-taxable","16":"product-type-simple","17":"entry","18":"content-bg","19":"loop-entry"},"_links":{"self":[{"href":"https:\/\/rfid-laundry-tag.com\/nl\/wp-json\/wp\/v2\/product\/204","targetHints":{"allow":["GET"]}}],"collection":[{"href":"https:\/\/rfid-laundry-tag.com\/nl\/wp-json\/wp\/v2\/product"}],"about":[{"href":"https:\/\/rfid-laundry-tag.com\/nl\/wp-json\/wp\/v2\/types\/product"}],"version-history":[{"count":3,"href":"https:\/\/rfid-laundry-tag.com\/nl\/wp-json\/wp\/v2\/product\/204\/revisions"}],"predecessor-version":[{"id":2678,"href":"https:\/\/rfid-laundry-tag.com\/nl\/wp-json\/wp\/v2\/product\/204\/revisions\/2678"}],"wp:featuredmedia":[{"embeddable":true,"href":"https:\/\/rfid-laundry-tag.com\/nl\/wp-json\/wp\/v2\/media\/2675"}],"wp:attachment":[{"href":"https:\/\/rfid-laundry-tag.com\/nl\/wp-json\/wp\/v2\/media?parent=204"}],"wp:term":[{"taxonomy":"product_brand","embeddable":true,"href":"https:\/\/rfid-laundry-tag.com\/nl\/wp-json\/wp\/v2\/product_brand?post=204"},{"taxonomy":"product_cat","embeddable":true,"href":"https:\/\/rfid-laundry-tag.com\/nl\/wp-json\/wp\/v2\/product_cat?post=204"},{"taxonomy":"product_tag","embeddable":true,"href":"https:\/\/rfid-laundry-tag.com\/nl\/wp-json\/wp\/v2\/product_tag?post=204"}],"curies":[{"name":"wp","href":"https:\/\/api.w.org\/{rel}","templated":true}]}}