{"id":145,"date":"2024-06-14T10:04:26","date_gmt":"2024-06-14T10:04:26","guid":{"rendered":"https:\/\/rfid-laundry-tag.com\/?post_type=product&#038;p=145"},"modified":"2024-09-08T04:26:06","modified_gmt":"2024-09-08T04:26:06","slug":"uhf-rfid-textile-label","status":"publish","type":"product","link":"https:\/\/rfid-laundry-tag.com\/nl\/uhf-rfid-textile-label\/","title":{"rendered":"UHF RFID textiellabel"},"content":{"rendered":"<div>\n<div class=\"auto-hide-last-sibling-br paragraph_1252f paragraph-element\">\n<table width=\"637\">\n<tbody>\n<tr>\n<td width=\"328\">Artikelnaam:<\/td>\n<td width=\"309\">UHF RFID textiellabel<\/td>\n<\/tr>\n<tr>\n<td width=\"328\">RFID-standaard:<\/td>\n<td width=\"309\">ISO\/IEC 18000-6 Type C (EPC Gen2)<\/td>\n<\/tr>\n<tr>\n<td width=\"328\">Afmetingen en gewicht:<\/td>\n<td width=\"309\">70\u00d715mm, 0,6g<\/td>\n<\/tr>\n<tr>\n<td width=\"328\">Chiptype:<\/td>\n<td width=\"309\">Impinj Monza 4QT, NXP U-CODE 8, NXP U-CODE 9<\/td>\n<\/tr>\n<tr>\n<td width=\"328\">EPC-geheugen:<\/td>\n<td width=\"309\">128 bits<\/td>\n<\/tr>\n<tr>\n<td width=\"328\">Gebruikersgeheugen:<\/td>\n<td width=\"309\">512 bits<\/td>\n<\/tr>\n<tr>\n<td width=\"328\">Leesbereik (2W ERP FCC):<\/td>\n<td width=\"309\">8m<\/td>\n<\/tr>\n<tr>\n<td width=\"328\">Leesbereik (2W ERP ETSI):<\/td>\n<td width=\"309\">8m<\/td>\n<\/tr>\n<tr>\n<td width=\"328\">Labelen:<\/td>\n<td width=\"309\">Naaiwerk, Heet stempellijm<\/td>\n<\/tr>\n<tr>\n<td width=\"328\">Geschatte levensduur:<\/td>\n<td width=\"309\">200 wasbeurten of 3 jaar, afhankelijk van wat het eerst komt<\/td>\n<\/tr>\n<tr>\n<td width=\"328\">Wasmethode:<\/td>\n<td width=\"309\">Wasserij, stomerij<\/td>\n<\/tr>\n<tr>\n<td width=\"328\">Waterwinningsdruk:<\/td>\n<td width=\"309\">60 bar<\/td>\n<\/tr>\n<tr>\n<td width=\"328\">Waterbestendigheid:<\/td>\n<td width=\"309\">Waterbestendig<\/td>\n<\/tr>\n<tr>\n<td width=\"328\">Chemische bestendigheid:<\/td>\n<td width=\"309\">Wasmiddel, wasverzachter, bleekmiddel (zuurstof\/chloor), alkali<\/td>\n<\/tr>\n<tr>\n<td width=\"328\">Voordrogen in Tumbler:<\/td>\n<td width=\"309\">125 \u00baC gedurende 15-20 minuten<\/td>\n<\/tr>\n<tr>\n<td width=\"328\">Sterilisatietemperatuur:<\/td>\n<td width=\"309\">135\u00b0C gedurende 15-20 minuten<\/td>\n<\/tr>\n<tr>\n<td width=\"328\">Wastemperatuur:<\/td>\n<td width=\"309\">90\u00b0C, tot 15 min.<\/td>\n<\/tr>\n<tr>\n<td width=\"328\">Vochtigheid\/temperatuur - werking:<\/td>\n<td width=\"309\">-20 tot 110\u00b0C, 8 tot 95%RH<\/td>\n<\/tr>\n<tr>\n<td width=\"328\">Vochtigheid\/Temperatuur-Opslag:<\/td>\n<td width=\"309\">-40 tot 110\u00b0C, 8 tot 95%RH<\/td>\n<\/tr>\n<\/tbody>\n<\/table>\n<\/div>\n<div class=\"auto-hide-last-sibling-br paragraph_1252f paragraph-element\"><\/div>\n<\/div>\n<div class=\"auto-hide-last-sibling-br paragraph_1252f paragraph-element\">\n<div data-spm-anchor-id=\"a2700.details.0.i57.23b419c7xXORP0\"><span data-spm-anchor-id=\"a2700.details.0.i75.23b419c7xXORP0\"><b>Functie:<\/b><br \/>\n1) UHF-technologie om honderden tags tegelijkertijd te lezen.<br \/>\n2) Leesafstand groter dan 2,4 meter.<br \/>\n3) Nieuw mechanisch ontwerp voor betere prestaties bij plat linnengoed.<br \/>\n4) Geschikt voor hogedruk-afzuigers tot 60 bar.<br \/>\n5) Geschikt voor autoclaafsterilisatie.<br \/>\n6) Klein, zacht en flexibel materiaal, ideaal voor textiel, linnengoed, kleding en accessoires.<\/span><\/div>\n<\/div>\n<div data-spm-anchor-id=\"a2700.details.0.i57.23b419c7xXORP0\"><\/div>\n<div data-spm-anchor-id=\"a2700.details.0.i57.23b419c7xXORP0\">\n<p><img fetchpriority=\"high\" decoding=\"async\" class=\"wp-image-55\" src=\"https:\/\/rfid-laundry-tag.com\/wp-content\/uploads\/2024\/06\/4-300x275.png\" alt=\"RFID Tag for linen laundry\" width=\"605\" height=\"555\" srcset=\"https:\/\/rfid-laundry-tag.com\/wp-content\/uploads\/2024\/06\/4-300x275.png 300w, https:\/\/rfid-laundry-tag.com\/wp-content\/uploads\/2024\/06\/4-600x550.png 600w, https:\/\/rfid-laundry-tag.com\/wp-content\/uploads\/2024\/06\/4-13x12.png 13w, https:\/\/rfid-laundry-tag.com\/wp-content\/uploads\/2024\/06\/4.png 750w\" sizes=\"(max-width: 605px) 100vw, 605px\" \/><\/p>\n<\/div>\n<h3 class=\"wp-block-heading\">Installatie<\/h3>\n<p><strong>Steek taggen<\/strong>: Om in de zoom van een textiel te naaien. Naai het waslabel weg van de vouwlijnen.<br \/>\n<strong>Hitteafdichting<\/strong>: Moet direct op het textiel worden aangebracht bij +200\u00b0C (392\u00b0F), gedurende 12 tot 14 seconden.<br \/>\n<strong>In buidel<\/strong>: Moet worden gestikt als een standaard waslabel. Stik het waslabel weg van de vouwlijnen.<\/p>\n<div class=\"auto-hide-last-sibling-br paragraph_1252f paragraph-element\">\n<div class=\"auto-hide-last-sibling-br paragraph_1252f paragraph-element\">RFID-textieltags voor uniformen voor linnengoed zijn onmisbaar in talloze industrie\u00ebn, en stimuleren op cruciale wijze effici\u00ebnte asset tracking, voorraadbeheer en het verhogen van de algehele operationele effici\u00ebntie. Hier is een glimp van hun toepassing in verschillende sectoren:<\/div>\n<\/div>\n<h1 id=\"hero-title\" class=\"sp-hero-title\">UCODE 9xe: UCODE 9 met meer EPC-geheugen<\/h1>\n<p>Deze UCODE 9-variant biedt 128 bits EPC-geheugen en kan belangrijke kenmerken, zoals vervaldatum of productie-informatie, rechtstreeks op de IC opslaan. Hierdoor kunnen IoT-toepassingen nog slimmer zijn dan voorheen.<\/p>\n<p>De UCODE 9xe is ontworpen als een drop-in vervanging voor de high-performance UCODE 9 en biedt dezelfde functieset, RF-prestaties en compatibiliteit met Auburn ARC-gecertificeerde antennes als de UCODE 9, maar met 128 bits Electronic Product Code (EPC)-geheugen om een breder scala aan IoT-use cases te ondersteunen. Het resultaat is een RAIN RFID-tag die zowel merkeigenaren, retailers als consumenten ten goede komt.<\/p>\n<h3>Functies<\/h3>\n<div id=\"featuresXsp\" class=\"features-list\">\n<div class=\"features-xsp\">\n<div class=\"collapse-mobile ste-list-ul\">\n<ul class=\"boxes\">\n<li>Leesgevoeligheid: 24 dBm<\/li>\n<li>Schrijfgevoeligheid: 22 dBm<\/li>\n<li>128-bits EPC-geheugen<\/li>\n<li>Drop-in vervanging voor UCODE 9 \/ UCODE 8<\/li>\n<li>Zelf aanpassen<\/li>\n<li>Geheugenbeveiliging<\/li>\n<li>Pre-serialisatie van 96-bits EPC<\/li>\n<\/ul>\n<\/div>\n<\/div>\n<\/div>\n<div class=\"auto-hide-last-sibling-br paragraph_1252f paragraph-element\">\n<p>&nbsp;<\/p>\n<\/div>","protected":false},"excerpt":{"rendered":"<p>UHF RFID-textiellabels zijn zo ontworpen dat ze feilloos functioneren, zelfs na intensieve wasprocessen, zoals sterilisatie, wassen op hoge temperatuur, zuivering, droging en persen.<\/p>","protected":false},"featured_media":146,"template":"","meta":{"_kad_post_transparent":"default","_kad_post_title":"","_kad_post_layout":"default","_kad_post_sidebar_id":"","_kad_post_content_style":"default","_kad_post_vertical_padding":"default","_kad_post_feature":"","_kad_post_feature_position":"","_kad_post_header":false,"_kad_post_footer":false,"_kad_post_classname":""},"product_brand":[],"product_cat":[19,16],"product_tag":[65,30,68],"class_list":{"0":"post-145","1":"product","2":"type-product","3":"status-publish","4":"has-post-thumbnail","6":"product_cat-textile-rfid-laundry-tag","7":"product_cat-uhf-rfid-laundry-tags","8":"product_tag-textile-rfid-laundry-tags","9":"product_tag-uhf-rfid-laundry-tag","10":"product_tag-uhf-rfid-textile-label","12":"first","13":"instock","14":"featured","15":"shipping-taxable","16":"product-type-simple","17":"entry","18":"content-bg","19":"loop-entry"},"_links":{"self":[{"href":"https:\/\/rfid-laundry-tag.com\/nl\/wp-json\/wp\/v2\/product\/145","targetHints":{"allow":["GET"]}}],"collection":[{"href":"https:\/\/rfid-laundry-tag.com\/nl\/wp-json\/wp\/v2\/product"}],"about":[{"href":"https:\/\/rfid-laundry-tag.com\/nl\/wp-json\/wp\/v2\/types\/product"}],"version-history":[{"count":1,"href":"https:\/\/rfid-laundry-tag.com\/nl\/wp-json\/wp\/v2\/product\/145\/revisions"}],"predecessor-version":[{"id":1299,"href":"https:\/\/rfid-laundry-tag.com\/nl\/wp-json\/wp\/v2\/product\/145\/revisions\/1299"}],"wp:featuredmedia":[{"embeddable":true,"href":"https:\/\/rfid-laundry-tag.com\/nl\/wp-json\/wp\/v2\/media\/146"}],"wp:attachment":[{"href":"https:\/\/rfid-laundry-tag.com\/nl\/wp-json\/wp\/v2\/media?parent=145"}],"wp:term":[{"taxonomy":"product_brand","embeddable":true,"href":"https:\/\/rfid-laundry-tag.com\/nl\/wp-json\/wp\/v2\/product_brand?post=145"},{"taxonomy":"product_cat","embeddable":true,"href":"https:\/\/rfid-laundry-tag.com\/nl\/wp-json\/wp\/v2\/product_cat?post=145"},{"taxonomy":"product_tag","embeddable":true,"href":"https:\/\/rfid-laundry-tag.com\/nl\/wp-json\/wp\/v2\/product_tag?post=145"}],"curies":[{"name":"wp","href":"https:\/\/api.w.org\/{rel}","templated":true}]}}