{"id":136,"date":"2024-06-14T07:33:05","date_gmt":"2024-06-14T07:33:05","guid":{"rendered":"https:\/\/rfid-laundry-tag.com\/?post_type=product&#038;p=136"},"modified":"2024-09-08T04:31:40","modified_gmt":"2024-09-08T04:31:40","slug":"heating-seal-uhf-rfid-laundry-tags","status":"publish","type":"product","link":"https:\/\/rfid-laundry-tag.com\/nl\/heating-seal-uhf-rfid-laundry-tags\/","title":{"rendered":"Verwarmingsafdichting UHF RFID-waslabels"},"content":{"rendered":"<div>\n<div class=\"auto-hide-last-sibling-br paragraph_1252f paragraph-element\">\n<h1>Verwarmingsafdichting UHF RFID-waslabels<\/h1>\n<table width=\"593\">\n<tbody>\n<tr>\n<td width=\"233\">RF-luchtprotocol<\/td>\n<td colspan=\"4\" width=\"360\">EPC Global Klasse 1 Gen2 ISO18000-6C<\/td>\n<\/tr>\n<tr>\n<td width=\"233\">Werkingsfrequentie<\/td>\n<td colspan=\"4\" width=\"360\">UHF 866-868 MHz (ETSI)\/UHF 902-928 MHz (FCC)<\/td>\n<\/tr>\n<tr>\n<td width=\"233\">Omgevingscompatibiliteit<\/td>\n<td colspan=\"4\" width=\"360\">Geoptimaliseerd in lucht<\/td>\n<\/tr>\n<tr>\n<td width=\"233\">Bewaartermijn van gegevens<\/td>\n<td colspan=\"4\" width=\"360\">50 jaar<\/td>\n<\/tr>\n<tr>\n<td width=\"233\">Leesbereik<\/td>\n<td colspan=\"4\" width=\"360\">Tot 5,5 m (van metaal)<\/td>\n<\/tr>\n<tr>\n<td width=\"233\">Polarisatie<\/td>\n<td colspan=\"4\" width=\"360\">Lineair<\/td>\n<\/tr>\n<tr>\n<td width=\"233\">IC-type<\/td>\n<td colspan=\"4\" width=\"360\">NXP U-CODE 8, U-CODE 9 enz.<\/td>\n<\/tr>\n<tr>\n<td width=\"233\">Geheugenconfiguratie<\/td>\n<td colspan=\"4\" width=\"360\">EPC 128bit TID 96bit Gebruiker 32bit<\/td>\n<\/tr>\n<tr>\n<td colspan=\"5\" width=\"593\">Mechanische scheidingen<\/td>\n<\/tr>\n<tr>\n<td width=\"233\">Oppervlaktematerialen<\/td>\n<td colspan=\"4\" width=\"360\">Textiel<\/td>\n<\/tr>\n<tr>\n<td width=\"233\">Afmetingen (mm)<\/td>\n<td colspan=\"4\" width=\"360\">15*70*1,5mm<\/td>\n<\/tr>\n<tr>\n<td width=\"233\">Gewicht (g)<\/td>\n<td colspan=\"4\" width=\"360\">0,7 gram<\/td>\n<\/tr>\n<tr>\n<td rowspan=\"2\" width=\"233\">Bijlage<\/td>\n<td colspan=\"4\" width=\"360\">Naai in de zoom of geweven label<\/td>\n<\/tr>\n<tr>\n<td colspan=\"4\" width=\"360\">Hitteafdichting bij 215\u2103@15 sec &amp; 4 bars<\/td>\n<\/tr>\n<tr>\n<td width=\"233\">Kleur<\/td>\n<td colspan=\"4\" width=\"360\">Wit<\/td>\n<\/tr>\n<tr>\n<td colspan=\"5\" width=\"593\">Milieu-specificaties<\/td>\n<\/tr>\n<tr>\n<td width=\"233\">Bedrijfstemperatuur<\/td>\n<td colspan=\"4\" width=\"360\">-30\u00b0C tot +85\u00b0C<\/td>\n<\/tr>\n<tr>\n<td width=\"233\">Omgevingstemperatuur<\/td>\n<td colspan=\"4\" width=\"360\">-30\u00b0C tot +100\u00b0C<\/td>\n<\/tr>\n<tr>\n<td width=\"233\">Mechanische weerstand<\/td>\n<td colspan=\"4\" width=\"360\">60 staven<\/td>\n<\/tr>\n<tr>\n<td width=\"233\">Chemische bestendigheid<\/td>\n<td colspan=\"4\" width=\"360\">Normale, veel voorkomende chemicali\u00ebn in wasprocessen<\/td>\n<\/tr>\n<tr>\n<td rowspan=\"4\" width=\"233\">Hittebestendigheid<\/td>\n<td colspan=\"4\" width=\"360\">Wassen: 90\u2103, 15 min, 200 cycli<\/td>\n<\/tr>\n<tr>\n<td colspan=\"4\" width=\"360\">Voordrogen: 180\u2103, 30 min<\/td>\n<\/tr>\n<tr>\n<td colspan=\"4\" width=\"360\">Strijken: 180\u2103, 10 sec, 200 cycli<\/td>\n<\/tr>\n<tr>\n<td colspan=\"4\" width=\"360\">Sterilisatie: 135\u2103, 20 min<\/td>\n<\/tr>\n<tr>\n<td width=\"233\">IP-classificatie<\/td>\n<td colspan=\"4\" width=\"360\">IP68<\/td>\n<\/tr>\n<tr>\n<td width=\"233\">Garantie<\/td>\n<td colspan=\"4\" width=\"360\">2 jaar of 200 wasbeurten<\/td>\n<\/tr>\n<\/tbody>\n<\/table>\n<\/div>\n<\/div>\n<div><\/div>\n<div>\n<div class=\"auto-hide-last-sibling-br paragraph_1252f paragraph-element\">RFID-waslabels vormen een handig hulpmiddel voor instellingen die continu schoon linnengoed, werkkleding, medische kleding of schoonmaakmaterialen nodig hebben. Hiermee kunnen de geautomatiseerde systemen grote hoeveelheden afzonderlijke artikelen snel en nauwkeurig verwerken.<\/div>\n<p>&nbsp;<\/p>\n<div class=\"auto-hide-last-sibling-br paragraph_1252f paragraph-element\">Deze UHF RFID-waslabels worden grotendeels gebruikt door leveranciers van uniformen, horecabedrijven, commerci\u00eble schoonmaakdiensten en zorginstellingen en vereenvoudigen de procedure voor het volgen van verschillende activa zoals kleding, linnengoed of vodden. Dit draagt bij aan de praktijk van effici\u00ebnt voorraadbeheer en nauwkeurig accountbeheer, wat de algehele operationele effici\u00ebntie verbetert. Door foutloze gegevens te leveren en het volgproces te automatiseren, controleert dit systeem het verkeerd plaatsen en stelen van artikelen, waardoor verliezen worden verminderd. De duurzame aard van deze labels zorgt ervoor dat ze bestand zijn tegen industri\u00eble wasprocessen. Het is een optimale oplossing voor het beheren van voorraden op een systematische en georganiseerde manier.<\/div>\n<\/div>\n<div><\/div>\n<div><\/div>\n<div><\/div>\n<div>\n<div class=\"auto-hide-last-sibling-br paragraph_1252f paragraph-element\"><span style=\"font-family: inherit; font-size: 24px; font-weight: bold;\">Installatie<\/span><\/div>\n<\/div>\n<p><strong>Steek taggen<\/strong>: Om in de zoom van een textiel te naaien. Naai het waslabel weg van de vouwlijnen.<br \/>\n<strong>Hitteafdichting<\/strong>: Moet direct op het textiel worden aangebracht bij +200\u00b0C (392\u00b0F), gedurende 12 tot 14 seconden.<br \/>\n<strong>In buidel<\/strong>: Moet worden gestikt als een standaard waslabel. Stik het waslabel weg van de vouwlijnen.<\/p>\n<p>&nbsp;<\/p>\n<div class=\"auto-hide-last-sibling-br paragraph_1252f paragraph-element\">\n<div class=\"auto-hide-last-sibling-br paragraph_1252f paragraph-element\">Verwarmende kleefstof UHF RFID-waslabels voor linnengoed zijn onmisbaar in talloze industrie\u00ebn, en stimuleren van cruciaal belang effici\u00ebnte asset tracking, voorraadbeheer en het verhogen van de algehele operationele effici\u00ebntie. Hier is een glimp van hun toepassing in verschillende sectoren:<\/div>\n<div class=\"auto-hide-last-sibling-br paragraph_1252f paragraph-element\"><\/div>\n<p style=\"font-weight: 400;\"><span style=\"font-style: inherit; font-weight: inherit;\" data-spm-anchor-id=\"a2700.details.0.i52.7e74253fSAfL7T\">Hoe <\/span><b><strong style=\"font-style: inherit;\">STERK<\/strong><\/b><span style=\"font-style: inherit; font-weight: inherit;\"> zij zijn?<\/span><\/p>\n<p><b><strong>\u2460<\/strong><\/b>Kunnen de RFID-chips beschadigd raken door hoge temperaturen?<span style=\"font-style: inherit; font-weight: inherit;\"> \u2013<\/span><b><strong>\u2714 Onze RFID-textielwaslabels zijn ontworpen voor gebruik bij 200 \u00b0C<\/strong><\/b><span style=\"font-style: inherit; font-weight: inherit;\">.<\/span><\/p>\n<p style=\"font-weight: 400;\"><b><strong>\u2461<\/strong><\/b>Hoe vaak kunnen we de labels wassen die aan textielproducten voor uniformen zijn bevestigd? <b><strong>\u2013\u2714Onze RFID-textielwaslabel kan meer dan 200 keer worden gewassen en heeft een garantie van 2 jaar na verzending.<\/strong><\/b><\/p>\n<p style=\"font-weight: 400;\"><b><strong>\u2462<\/strong><\/b>Gaan we prestigieuze uniformen en textielproducten uitgeven en blijven we doorwerken in geval van chip crush? <b><strong>\u2013\u2714We hebben ons textielwaslabel zo ontworpen dat het bestand is tegen een druk van 60 bar tijdens het persen van uw textielproducten.<\/strong><\/b><\/p>\n<p style=\"font-weight: 400;\"><b><strong>\u2463<\/strong><\/b>Waar plaats je RFID-textielwaslabels op uniformentextiel? <b><strong>\u2013 \u2714RFID-labels voor textielwasserij worden ge\u00efnstalleerd op basis van de beschikbaarheid van de uniformen.<\/strong><\/b><\/p>\n<\/div>","protected":false},"excerpt":{"rendered":"<p>Heating Seal UHF RFID-waslabels zijn ontworpen voor commerci\u00eble en industri\u00eble textieltoepassingen. Deze label is extreem flexibel, kan worden gelezen vanaf een groot bereik en biedt nog steeds de meest nauwkeurige gegevens. Klanten kunnen het gebruiken voor het volgen van grote hoeveelheden textielactiva, terwijl hun kosten laag blijven en de effici\u00ebntie van het beheer wordt verbeterd.<\/p>","protected":false},"featured_media":137,"template":"","meta":{"_kad_post_transparent":"default","_kad_post_title":"","_kad_post_layout":"default","_kad_post_sidebar_id":"","_kad_post_content_style":"default","_kad_post_vertical_padding":"default","_kad_post_feature":"","_kad_post_feature_position":"","_kad_post_header":false,"_kad_post_footer":false,"_kad_post_classname":""},"product_brand":[],"product_cat":[19,16],"product_tag":[67,31,65],"class_list":{"0":"post-136","1":"product","2":"type-product","3":"status-publish","4":"has-post-thumbnail","6":"product_cat-textile-rfid-laundry-tag","7":"product_cat-uhf-rfid-laundry-tags","8":"product_tag-heating-seal-uhf-rfid-laundry-tags","9":"product_tag-rfid-tag-for-linen-laundry","10":"product_tag-textile-rfid-laundry-tags","12":"first","13":"instock","14":"shipping-taxable","15":"product-type-simple","16":"entry","17":"content-bg","18":"loop-entry"},"_links":{"self":[{"href":"https:\/\/rfid-laundry-tag.com\/nl\/wp-json\/wp\/v2\/product\/136","targetHints":{"allow":["GET"]}}],"collection":[{"href":"https:\/\/rfid-laundry-tag.com\/nl\/wp-json\/wp\/v2\/product"}],"about":[{"href":"https:\/\/rfid-laundry-tag.com\/nl\/wp-json\/wp\/v2\/types\/product"}],"version-history":[{"count":1,"href":"https:\/\/rfid-laundry-tag.com\/nl\/wp-json\/wp\/v2\/product\/136\/revisions"}],"predecessor-version":[{"id":1938,"href":"https:\/\/rfid-laundry-tag.com\/nl\/wp-json\/wp\/v2\/product\/136\/revisions\/1938"}],"wp:featuredmedia":[{"embeddable":true,"href":"https:\/\/rfid-laundry-tag.com\/nl\/wp-json\/wp\/v2\/media\/137"}],"wp:attachment":[{"href":"https:\/\/rfid-laundry-tag.com\/nl\/wp-json\/wp\/v2\/media?parent=136"}],"wp:term":[{"taxonomy":"product_brand","embeddable":true,"href":"https:\/\/rfid-laundry-tag.com\/nl\/wp-json\/wp\/v2\/product_brand?post=136"},{"taxonomy":"product_cat","embeddable":true,"href":"https:\/\/rfid-laundry-tag.com\/nl\/wp-json\/wp\/v2\/product_cat?post=136"},{"taxonomy":"product_tag","embeddable":true,"href":"https:\/\/rfid-laundry-tag.com\/nl\/wp-json\/wp\/v2\/product_tag?post=136"}],"curies":[{"name":"wp","href":"https:\/\/api.w.org\/{rel}","templated":true}]}}