{"id":134,"date":"2024-06-12T06:46:42","date_gmt":"2024-06-12T06:46:42","guid":{"rendered":"https:\/\/rfid-laundry-tag.com\/?post_type=product&#038;p=134"},"modified":"2024-09-08T05:24:19","modified_gmt":"2024-09-08T05:24:19","slug":"heating-adhesive-uhf-rfid-laundry-tags-for-uniform","status":"publish","type":"product","link":"https:\/\/rfid-laundry-tag.com\/nl\/heating-adhesive-uhf-rfid-laundry-tags-for-uniform\/","title":{"rendered":"Verwarmende kleefstof UHF RFID-waslabels voor uniformen"},"content":{"rendered":"<div>\n<div class=\"auto-hide-last-sibling-br paragraph_1252f paragraph-element\">\n<table width=\"637\">\n<tbody>\n<tr>\n<td width=\"328\">Artikelnaam:<\/td>\n<td width=\"309\">Verwarmende kleefstof UHF RFID-waslabels voor uniformen<\/td>\n<\/tr>\n<tr>\n<td width=\"328\">RFID-standaard:<\/td>\n<td width=\"309\">ISO\/IEC 18000-6 Type C (EPC Gen2)<\/td>\n<\/tr>\n<tr>\n<td width=\"328\">Afmetingen en gewicht:<\/td>\n<td width=\"309\">70\u00d715mm, 0,6g<\/td>\n<\/tr>\n<tr>\n<td width=\"328\">Chiptype:<\/td>\n<td width=\"309\">Impinj Monza 4QT, NXP U-CODE 9, U-code 8 enz<\/td>\n<\/tr>\n<tr>\n<td width=\"328\">EPC-geheugen:<\/td>\n<td width=\"309\">128 bits<\/td>\n<\/tr>\n<tr>\n<td width=\"328\">Gebruikersgeheugen:<\/td>\n<td width=\"309\">512 bits<\/td>\n<\/tr>\n<tr>\n<td width=\"328\">Leesbereik (2W ERP FCC):<\/td>\n<td width=\"309\">8m<\/td>\n<\/tr>\n<tr>\n<td width=\"328\">Leesbereik (2W ERP ETSI):<\/td>\n<td width=\"309\">8m<\/td>\n<\/tr>\n<tr>\n<td width=\"328\">Labelen:<\/td>\n<td width=\"309\">Naaiwerk, Heet stempellijm<\/td>\n<\/tr>\n<tr>\n<td width=\"328\">Geschatte levensduur:<\/td>\n<td width=\"309\">200 wasbeurten of 3 jaar, afhankelijk van wat het eerst komt<\/td>\n<\/tr>\n<tr>\n<td width=\"328\">Wasmethode:<\/td>\n<td width=\"309\">Wasserij, stomerij<\/td>\n<\/tr>\n<tr>\n<td width=\"328\">Waterwinningsdruk:<\/td>\n<td width=\"309\">60 bar<\/td>\n<\/tr>\n<tr>\n<td width=\"328\">Waterbestendigheid:<\/td>\n<td width=\"309\">Waterbestendig<\/td>\n<\/tr>\n<tr>\n<td width=\"328\">Chemische bestendigheid:<\/td>\n<td width=\"309\">Wasmiddel, wasverzachter, bleekmiddel (zuurstof\/chloor), alkali<\/td>\n<\/tr>\n<tr>\n<td width=\"328\">Voordrogen in Tumbler:<\/td>\n<td width=\"309\">125 \u00baC gedurende 15-20 minuten<\/td>\n<\/tr>\n<tr>\n<td width=\"328\">Sterilisatietemperatuur:<\/td>\n<td width=\"309\">135\u00b0C gedurende 15-20 minuten<\/td>\n<\/tr>\n<tr>\n<td width=\"328\">Wastemperatuur:<\/td>\n<td width=\"309\">90\u00b0C, tot 15 min.<\/td>\n<\/tr>\n<tr>\n<td width=\"328\">Vochtigheid\/temperatuur - werking:<\/td>\n<td width=\"309\">-20 tot 110\u00b0C, 8 tot 95%RH<\/td>\n<\/tr>\n<tr>\n<td width=\"328\">Vochtigheid\/Temperatuur-Opslag:<\/td>\n<td width=\"309\">-40 tot 110\u00b0C, 8 tot 95%RH<\/td>\n<\/tr>\n<\/tbody>\n<\/table>\n<\/div>\n<div class=\"auto-hide-last-sibling-br paragraph_1252f paragraph-element\"><\/div>\n<\/div>\n<div><\/div>\n<div class=\"auto-hide-last-sibling-br paragraph_1252f paragraph-element\">\n<div data-spm-anchor-id=\"a2700.details.0.i57.23b419c7xXORP0\"><span data-spm-anchor-id=\"a2700.details.0.i75.23b419c7xXORP0\"><b>Functie:<\/b><br \/>\n1) UHF-technologie om honderden tags tegelijkertijd te lezen.<br \/>\n2) Leesafstand groter dan 2,4 meter.<br \/>\n3) Nieuw mechanisch ontwerp voor betere prestaties bij plat linnengoed.<br \/>\n4) Geschikt voor hogedruk-afzuigers tot 60 bar.<br \/>\n5) Geschikt voor autoclaafsterilisatie.<br \/>\n6) Klein, zacht en flexibel materiaal, ideaal voor textiel, linnengoed, kleding en accessoires.<\/span><\/div>\n<\/div>\n<div data-spm-anchor-id=\"a2700.details.0.i57.23b419c7xXORP0\"><\/div>\n<div data-spm-anchor-id=\"a2700.details.0.i57.23b419c7xXORP0\">\n<p><img fetchpriority=\"high\" decoding=\"async\" class=\"wp-image-55\" src=\"https:\/\/rfid-laundry-tag.com\/wp-content\/uploads\/2024\/06\/4-300x275.png\" alt=\"RFID Tag for linen laundry\" width=\"605\" height=\"555\" srcset=\"https:\/\/rfid-laundry-tag.com\/wp-content\/uploads\/2024\/06\/4-300x275.png 300w, https:\/\/rfid-laundry-tag.com\/wp-content\/uploads\/2024\/06\/4-600x550.png 600w, https:\/\/rfid-laundry-tag.com\/wp-content\/uploads\/2024\/06\/4-13x12.png 13w, https:\/\/rfid-laundry-tag.com\/wp-content\/uploads\/2024\/06\/4.png 750w\" sizes=\"(max-width: 605px) 100vw, 605px\" \/><\/p>\n<\/div>\n<h3 class=\"wp-block-heading\">Installatie<\/h3>\n<p><strong>Steek taggen<\/strong>: Om in de zoom van een textiel te naaien. Naai het waslabel weg van de vouwlijnen.<br \/>\n<strong>Hitteafdichting<\/strong>: Moet direct op het textiel worden aangebracht bij +200\u00b0C (392\u00b0F), gedurende 12 tot 14 seconden.<br \/>\n<strong>In buidel<\/strong>: Moet worden gestikt als een standaard waslabel. Stik het waslabel weg van de vouwlijnen.<\/p>\n<div class=\"auto-hide-last-sibling-br paragraph_1252f paragraph-element\">\n<div class=\"auto-hide-last-sibling-br paragraph_1252f paragraph-element\">Verwarmende kleefstof UHF RFID-waslabels voor linnengoed zijn onmisbaar in talloze industrie\u00ebn, en stimuleren van cruciaal belang effici\u00ebnte asset tracking, voorraadbeheer en het verhogen van de algehele operationele effici\u00ebntie. Hier is een glimp van hun toepassing in verschillende sectoren:<\/div>\n<div class=\"auto-hide-last-sibling-br paragraph_1252f paragraph-element\"><\/div>\n<p style=\"font-weight: 400;\"><span style=\"font-style: inherit; font-weight: inherit;\" data-spm-anchor-id=\"a2700.details.0.i52.7e74253fSAfL7T\">Hoe <\/span><b><strong style=\"font-style: inherit;\">STERK<\/strong><\/b><span style=\"font-style: inherit; font-weight: inherit;\"> zij zijn?<\/span><\/p>\n<p><b><strong>\u2460<\/strong><\/b>Kunnen de RFID-chips beschadigd raken door hoge temperaturen?<span style=\"font-style: inherit; font-weight: inherit;\"> \u2013<\/span><b><strong>\u2714 Onze RFID-textielwaslabels zijn ontworpen voor gebruik bij 200 \u00b0C<\/strong><\/b><span style=\"font-style: inherit; font-weight: inherit;\">.<\/span><\/p>\n<p style=\"font-weight: 400;\"><b><strong>\u2461<\/strong><\/b>Hoe vaak kunnen we de labels wassen die aan textielproducten voor uniformen zijn bevestigd? <b><strong>\u2013\u2714Onze RFID-textielwaslabel kan meer dan 200 keer worden gewassen en heeft een garantie van 2 jaar na verzending.<\/strong><\/b><\/p>\n<p style=\"font-weight: 400;\"><b><strong>\u2462<\/strong><\/b>Gaan we prestigieuze uniformen en textielproducten uitgeven en blijven we doorwerken in geval van chip crush? <b><strong>\u2013\u2714We hebben ons textielwaslabel zo ontworpen dat het bestand is tegen een druk van 60 bar tijdens het persen van uw textielproducten.<\/strong><\/b><\/p>\n<p style=\"font-weight: 400;\"><b><strong>\u2463<\/strong><\/b>Waar plaats je RFID-textielwaslabels op uniformentextiel? <b><strong>\u2013 \u2714RFID-labels voor textielwasserij worden ge\u00efnstalleerd op basis van de beschikbaarheid van de uniformen.<\/strong><\/b><\/p>\n<\/div>","protected":false},"excerpt":{"rendered":"<p>Er is een voortdurende vraag naar schoon linnengoed, werkkleding, medische kleding of schoonmaakmaterialen. RFID-waslabels maken geautomatiseerde systemen mogelijk voor snelle en nauwkeurige tracking van grote hoeveelheden unieke items. Deze op textiel gebaseerde UHF RFID-waslabels stellen uniformleveranciers, horecagelegenheden, commerci\u00eble schoonmaakdiensten en zorginstellingen in staat om kleding, beddengoed, kleding en andere activa autonoom te monitoren. Dit maakt nauwkeurig en effici\u00ebnt beheer van inventaris- en boekhoudprocessen mogelijk.<\/p>","protected":false},"featured_media":135,"template":"","meta":{"_kad_post_transparent":"default","_kad_post_title":"","_kad_post_layout":"default","_kad_post_sidebar_id":"","_kad_post_content_style":"default","_kad_post_vertical_padding":"default","_kad_post_feature":"","_kad_post_feature_position":"","_kad_post_header":false,"_kad_post_footer":false,"_kad_post_classname":""},"product_brand":[],"product_cat":[19,16],"product_tag":[66,31,65],"class_list":{"0":"post-134","1":"product","2":"type-product","3":"status-publish","4":"has-post-thumbnail","6":"product_cat-textile-rfid-laundry-tag","7":"product_cat-uhf-rfid-laundry-tags","8":"product_tag-heating-adhesive-uhf-rfid-laundry-tags","9":"product_tag-rfid-tag-for-linen-laundry","10":"product_tag-textile-rfid-laundry-tags","12":"first","13":"instock","14":"shipping-taxable","15":"product-type-simple","16":"entry","17":"content-bg","18":"loop-entry"},"_links":{"self":[{"href":"https:\/\/rfid-laundry-tag.com\/nl\/wp-json\/wp\/v2\/product\/134","targetHints":{"allow":["GET"]}}],"collection":[{"href":"https:\/\/rfid-laundry-tag.com\/nl\/wp-json\/wp\/v2\/product"}],"about":[{"href":"https:\/\/rfid-laundry-tag.com\/nl\/wp-json\/wp\/v2\/types\/product"}],"version-history":[{"count":1,"href":"https:\/\/rfid-laundry-tag.com\/nl\/wp-json\/wp\/v2\/product\/134\/revisions"}],"predecessor-version":[{"id":1942,"href":"https:\/\/rfid-laundry-tag.com\/nl\/wp-json\/wp\/v2\/product\/134\/revisions\/1942"}],"wp:featuredmedia":[{"embeddable":true,"href":"https:\/\/rfid-laundry-tag.com\/nl\/wp-json\/wp\/v2\/media\/135"}],"wp:attachment":[{"href":"https:\/\/rfid-laundry-tag.com\/nl\/wp-json\/wp\/v2\/media?parent=134"}],"wp:term":[{"taxonomy":"product_brand","embeddable":true,"href":"https:\/\/rfid-laundry-tag.com\/nl\/wp-json\/wp\/v2\/product_brand?post=134"},{"taxonomy":"product_cat","embeddable":true,"href":"https:\/\/rfid-laundry-tag.com\/nl\/wp-json\/wp\/v2\/product_cat?post=134"},{"taxonomy":"product_tag","embeddable":true,"href":"https:\/\/rfid-laundry-tag.com\/nl\/wp-json\/wp\/v2\/product_tag?post=134"}],"curies":[{"name":"wp","href":"https:\/\/api.w.org\/{rel}","templated":true}]}}