{"id":83,"date":"2024-06-11T17:35:21","date_gmt":"2024-06-11T17:35:21","guid":{"rendered":"https:\/\/rfid-laundry-tag.com\/?post_type=product&#038;p=83"},"modified":"2024-06-14T16:23:02","modified_gmt":"2024-06-14T16:23:02","slug":"rfid-laundry-button-nfc-tag","status":"publish","type":"product","link":"https:\/\/rfid-laundry-tag.com\/it\/rfid-laundry-button-nfc-tag\/","title":{"rendered":"Pulsante di lavanderia RFID Tag NFC"},"content":{"rendered":"<div class=\"J_module\">\n<div class=\"ife-detail-decorate-table\">\n<table class=\"has-title all magic-6\">\n<tbody>\n<tr>\n<td colspan=\"1\" rowspan=\"1\">\n<div class=\"magic-7\" data-spm-anchor-id=\"a2700.details.0.i45.77607d98vZbcDU\"><span class=\"magic-8\" style=\"color: #363535;\">Nome dell&#039;articolo<\/span><\/div>\n<\/td>\n<td colspan=\"1\" rowspan=\"1\">\n<div class=\"magic-9\"><span class=\"magic-8\">Pulsante di lavanderia RFID Tag NFC<\/span><\/div>\n<\/td>\n<\/tr>\n<tr>\n<td colspan=\"1\" rowspan=\"1\">\n<div class=\"magic-7\"><span class=\"magic-10\" data-spm-anchor-id=\"a2700.pc-decorate.0.i10.28d333330XLbTD\"><span class=\"magic-8\">Materiale<\/span><\/span><\/div>\n<\/td>\n<td colspan=\"1\" rowspan=\"1\">\n<div class=\"magic-9\"><span class=\"magic-8\">PPS<\/span><\/div>\n<\/td>\n<\/tr>\n<tr>\n<td colspan=\"1\" rowspan=\"1\">\n<div class=\"magic-7\"><span class=\"magic-8\">Colore<\/span><\/div>\n<\/td>\n<td colspan=\"1\" rowspan=\"1\">\n<div class=\"magic-9\"><span class=\"magic-8\">Nero<\/span><\/div>\n<\/td>\n<\/tr>\n<tr>\n<td colspan=\"1\" rowspan=\"1\">Quantit\u00e0 minima<\/td>\n<td colspan=\"1\" rowspan=\"1\">500 pezzi<\/td>\n<\/tr>\n<tr>\n<td colspan=\"1\" rowspan=\"1\">\n<div class=\"magic-7\"><span class=\"magic-8\">Produttore\/Chip<\/span><\/div>\n<\/td>\n<td colspan=\"1\" rowspan=\"1\">\n<div class=\"magic-9\"><span class=\"magic-8\">NXP Ntag215,Ntag216,NTAG213,Mifare 1k,Mifare Ultralight ev1 ecc<\/span><\/div>\n<\/td>\n<\/tr>\n<tr>\n<td colspan=\"1\" rowspan=\"1\">\n<div class=\"magic-7\"><span class=\"magic-8\">Frequenza<\/span><\/div>\n<\/td>\n<td colspan=\"1\" rowspan=\"1\">\n<div class=\"magic-9\"><span class=\"magic-8\">13,56 MHz<\/span><\/div>\n<\/td>\n<\/tr>\n<tr>\n<td colspan=\"1\" rowspan=\"1\">\n<div class=\"magic-7\"><span class=\"magic-8\">Memoria<\/span><\/div>\n<\/td>\n<td colspan=\"1\" rowspan=\"1\">\n<div class=\"magic-9\"><span class=\"magic-8\">504 byte\/888 byte\/144 byte\/1 K byte\/64 byte<\/span><\/div>\n<\/td>\n<\/tr>\n<tr>\n<td colspan=\"1\" rowspan=\"1\">\n<div class=\"magic-7\"><span class=\"magic-8\">Distanza di lettura<\/span><\/div>\n<\/td>\n<td colspan=\"1\" rowspan=\"1\">\n<div class=\"magic-9\"><span class=\"magic-8\">1~5cm<\/span><\/div>\n<\/td>\n<\/tr>\n<tr>\n<td colspan=\"1\" rowspan=\"1\">\n<div class=\"magic-7\"><span class=\"magic-8\">Modalit\u00e0 di lavoro<\/span><\/div>\n<\/td>\n<td colspan=\"1\" rowspan=\"1\">\n<div class=\"magic-9\"><span class=\"magic-8\">passivo<\/span><\/div>\n<\/td>\n<\/tr>\n<tr>\n<td colspan=\"1\" rowspan=\"1\">\n<div class=\"magic-7\"><span class=\"magic-8\">Temperatura di lavoro<\/span><\/div>\n<\/td>\n<td colspan=\"1\" rowspan=\"1\">\n<div class=\"magic-9\"><span class=\"magic-8\">-25\u2103~+110\u2103<\/span><\/div>\n<\/td>\n<\/tr>\n<tr>\n<td colspan=\"1\" rowspan=\"1\">\n<div class=\"magic-7\"><span class=\"magic-8\">Temperatura di conservazione<\/span><\/div>\n<\/td>\n<td colspan=\"1\" rowspan=\"1\">\n<div class=\"magic-9\"><span class=\"magic-8\">-40\u2103~+85\u2103<\/span><\/div>\n<\/td>\n<\/tr>\n<tr>\n<td colspan=\"1\" rowspan=\"1\">\n<div class=\"magic-7\">\n<div><span class=\"magic-8\">\u00a0<\/span><\/div>\n<p><span class=\"magic-8\">Resistenza alla temperatura a breve termine<\/span><\/p>\n<\/div>\n<\/td>\n<td colspan=\"1\" rowspan=\"1\">\n<div class=\"magic-9\"><span class=\"magic-8\">lavaggio: 90\u2103, 15 minuti; pre-asciugatura convertitore: 180\u2103, 30 minuti, 200 volte; stiratura: 180\u2103, 10 secondi, 200 volte; alta<br \/>\nsterilizzazione a temperatura: 135\u2103, 20 minuti<\/span><\/div>\n<\/td>\n<\/tr>\n<tr>\n<td colspan=\"1\" rowspan=\"1\">\n<div class=\"magic-7\"><span class=\"magic-8\">Caratteristiche<\/span><\/div>\n<\/td>\n<td colspan=\"1\" rowspan=\"1\">\n<div class=\"magic-9\"><span class=\"magic-8\">impermeabile, lavabile, resistente alle alte temperature<\/span><\/div>\n<\/td>\n<\/tr>\n<tr>\n<td colspan=\"1\" rowspan=\"1\">\n<div class=\"magic-7\"><span class=\"magic-8\">Vita<\/span><\/div>\n<\/td>\n<td colspan=\"1\" rowspan=\"1\">\n<div class=\"magic-9\"><span class=\"magic-8\">lavaggi 200 volte o 3 anni<\/span><\/div>\n<\/td>\n<\/tr>\n<tr>\n<td colspan=\"1\" rowspan=\"1\">\n<div class=\"magic-7\"><span class=\"magic-8\">Applicazioni<\/span><\/div>\n<\/td>\n<td colspan=\"1\" rowspan=\"1\">\n<div class=\"magic-9\"><span class=\"magic-8\">gestione e tracciamento della lavanderia<\/span><\/div>\n<\/td>\n<\/tr>\n<\/tbody>\n<\/table>\n<\/div>\n<\/div>\n<div class=\"J_module\">\n<div class=\"detail-decorate-json-renderer-container\">\n<div class=\"magic-1\">\n<div class=\"magic-2\">\n<div class=\"magic-3\">\n<div><\/div>\n<\/div>\n<\/div>\n<p><strong>Opzioni chip:<\/strong><\/p>\n<ul>\n<li><strong>CODICE U NXP 8\/9:<\/strong>\u00a0Chip convenienti, ideali per il monitoraggio e l&#039;identificazione di base, con una portata di lettura fino a 10 metri.<\/li>\n<li><strong>NTAG213:<\/strong>\u00a0Chip abilitato NFC che consente la comunicazione con smartphone e altri dispositivi NFC, perfetto per applicazioni come i pagamenti contactless o l&#039;accesso alle informazioni sui prodotti.<\/li>\n<li><strong>Mifare 1k:<\/strong>\u00a0Chip sicuro con potenti funzioni di crittografia e autenticazione, adatto per il controllo degli accessi e l&#039;archiviazione sicura dei dati.<\/li>\n<li><strong>EM4305:<\/strong>\u00a0Chip a basso costo per applicazioni di controllo accessi di base con una distanza di lettura fino a 1 metro.<\/li>\n<li><strong>T5577:<\/strong>\u00a0Un altro chip a basso costo per sistemi di controllo accessi e biglietteria, che offre una distanza di lettura fino a 1 metro.<\/li>\n<\/ul>\n<h3>Caratteristiche<\/h3>\n<div id=\"featuresXsp\" class=\"features-list toggle-opacity in\">\n<div class=\"features-xsp\">\n<div class=\"collapse-mobile ste-list-ul\">\n<ul class=\"boxes\">\n<li>Trasmissione dati senza contatto e fornitura di energia<\/li>\n<li>Frequenza operativa di 13,56 MHz<\/li>\n<li>Trasferimento dati di 106 kbit\/s<\/li>\n<li>Integrit\u00e0 dei dati di CRC a 16 bit, parit\u00e0, codifica dei bit, conteggio dei bit<\/li>\n<li>Distanza operativa fino a 100 mm (a seconda di vari parametri come, ad esempio, l&#039;intensit\u00e0 del campo e la geometria dell&#039;antenna)<\/li>\n<li>Numero seriale a 7 byte (livello cascata 2 secondo ISO\/IEC 14443-3)<\/li>\n<li>Mirror ASCII UID per la serializzazione automatica dei messaggi NDEF<\/li>\n<li>Contatore NFC automatico attivato da un comando di lettura<\/li>\n<li>Specchio ASCII del contatore NFC per l&#039;aggiunta automatica del valore del contatore NFC al messaggio NDEF<\/li>\n<li>Firma di originalit\u00e0 basata su ECC<\/li>\n<li>Comando di lettura veloce<\/li>\n<li>Vero anticollisione<\/li>\n<li>Capacit\u00e0 di ingresso 50 pF<\/li>\n<\/ul>\n<\/div>\n<div class=\"collapse-mobile ste-list-ul\">\n<ul class=\"boxes\">\n<li>180, 540 o 924 byte organizzati in 45, 135 o 231 pagine con 4 byte per pagina<\/li>\n<li>144, 504 o 888 byte di area di lettura\/scrittura utente liberamente disponibile (36, 126 o 222 pagine)<\/li>\n<li>Contenitore di capacit\u00e0 inizializzato da 4 byte con bit di accesso programmabili una tantum<\/li>\n<li>Funzione di blocco di sola lettura programmabile sul campo per pagina per le prime 16 pagine<\/li>\n<li>Funzione di blocco di sola lettura programmabile sul campo sopra le prime 16 pagine per doppia pagina per NTAG 213 o per 16 pagine per NTAG 215 e NTAG 216<\/li>\n<li>Protezione tramite password configurabile con limite opzionale di tentativi non riusciti<\/li>\n<li>Supporto antistrappo per contenitore di capacit\u00e0 (CC) e bit di blocco<\/li>\n<li>Controllo di originalit\u00e0 supportato da ECC<\/li>\n<li>Tempo di conservazione dei dati di 10 anni<\/li>\n<li>Scrivi resistenza 100.000 cicli<\/li>\n<\/ul>\n<\/div>\n<\/div>\n<\/div>\n<div class=\"magic-2\">\n<div class=\"auto-hide-last-sibling-br paragraph_1252f paragraph-element\">\n<div class=\"auto-hide-last-sibling-br paragraph_1252f paragraph-element\"><strong>Applicazioni dei tag RFID per lavanderia:<\/strong><\/div>\n<p>&nbsp;<\/p>\n<ol class=\"auto-hide-last-sibling-br\">\n<li>\n<div class=\"auto-hide-last-sibling-br paragraph_1252f paragraph-element\">Lavanderie industriali: in un ambiente industriale, tracciare grandi quantit\u00e0 di biancheria diventa un gioco da ragazzi grazie ai nostri pulsanti RFID per lavanderia.<\/div>\n<\/li>\n<li>\n<div class=\"auto-hide-last-sibling-br paragraph_1252f paragraph-element\">Strutture sanitarie e hotel: istituzioni come queste spesso gestiscono operazioni di lavanderia ad alto volume, in cui i nostri tag migliorano costantemente l&#039;efficienza e semplificano la gestione dell&#039;inventario.<\/div>\n<\/li>\n<li>\n<div class=\"auto-hide-last-sibling-br paragraph_1252f paragraph-element\">Noleggio biancheria: le aziende che operano nel settore del noleggio biancheria sfruttano questi tag per semplificare la gestione dell&#039;inventario e mantenere il controllo di qualit\u00e0.<\/div>\n<\/li>\n<\/ol>\n<div class=\"auto-hide-last-sibling-br paragraph_1252f paragraph-element\">Offriamo una variet\u00e0 di tag RFID per lavanderia su frequenze LF 125 kHz, HF 13,56 MHz e UHF Gen 2, ciascuna progettata per soddisfare esigenze diverse e uniche. I nostri tag, noti per la loro durata e diversit\u00e0 di dimensioni, possono sopportare senza problemi cicli di lavanderia istituzionali ad alta temperatura. Questi tag RFID per lavanderia sono costruiti per resistere ai rigorosi processi di lavanderia in hotel e istituzioni, promettendo una durata che resiste a lavaggio, asciugatura, lavaggio a secco e stiratura.<\/div>\n<p>&nbsp;<\/p>\n<div class=\"auto-hide-last-sibling-br paragraph_1252f paragraph-element\">L&#039;uso del materiale PPS nella fabbricazione dei nostri tag assicura che possano resistere all&#039;immersione in acqua, all&#039;esposizione al calore, alla pressione fisica e alle sostanze chimiche. Questi tag sono perfetti per i processi di inventario e verifica in vari settori come sanit\u00e0, ospitalit\u00e0, abbigliamento da lavoro, istruzione e altro ancora. Possono essere facilmente cuciti su vari articoli tessili come lenzuola, tovaglioli, asciugamani e numerosi indumenti, oppure posizionati all&#039;interno di contenitori.<\/div>\n<\/div>\n<div class=\"auto-hide-last-sibling-br paragraph_1252f paragraph-element\"><\/div>\n<\/div>\n<\/div>\n<\/div>\n<\/div>","protected":false},"excerpt":{"rendered":"<p>Il tag RFID Laundry Button NFC \u00e8 progettato per scopi di identificazione e monitoraggio nella gestione della lavanderia. Questi tag possono essere comodamente attaccati a ogni capo di abbigliamento o sacco della biancheria. Ogni pulsante NFC \u00e8 dotato di un marchio identificativo distintivo che pu\u00f2 essere collegato a capi di biancheria specifici. Ci\u00f2 rende il processo di tracciamento della biancheria pi\u00f9 snello ed efficiente.<\/p>","protected":false},"featured_media":156,"template":"","meta":{"_kad_post_transparent":"default","_kad_post_title":"","_kad_post_layout":"default","_kad_post_sidebar_id":"","_kad_post_content_style":"default","_kad_post_vertical_padding":"default","_kad_post_feature":"","_kad_post_feature_position":"","_kad_post_header":false,"_kad_post_footer":false,"_kad_post_classname":""},"product_brand":[],"product_cat":[21,17],"product_tag":[43,35,72,44],"class_list":{"0":"post-83","1":"product","2":"type-product","3":"status-publish","4":"has-post-thumbnail","6":"product_cat-pps-rfid-laundry-tag","7":"product_cat-nfc-rfid-laundry-tag","8":"product_tag-pps-rfid-washable-laundry-tags","9":"product_tag-rfid-button","10":"product_tag-rfid-laundry-button-nfc-tag","11":"product_tag-rfid-washable-laundry-tags","13":"first","14":"instock","15":"shipping-taxable","16":"product-type-simple","17":"entry","18":"content-bg","19":"loop-entry"},"_links":{"self":[{"href":"https:\/\/rfid-laundry-tag.com\/it\/wp-json\/wp\/v2\/product\/83","targetHints":{"allow":["GET"]}}],"collection":[{"href":"https:\/\/rfid-laundry-tag.com\/it\/wp-json\/wp\/v2\/product"}],"about":[{"href":"https:\/\/rfid-laundry-tag.com\/it\/wp-json\/wp\/v2\/types\/product"}],"version-history":[{"count":1,"href":"https:\/\/rfid-laundry-tag.com\/it\/wp-json\/wp\/v2\/product\/83\/revisions"}],"predecessor-version":[{"id":155,"href":"https:\/\/rfid-laundry-tag.com\/it\/wp-json\/wp\/v2\/product\/83\/revisions\/155"}],"wp:featuredmedia":[{"embeddable":true,"href":"https:\/\/rfid-laundry-tag.com\/it\/wp-json\/wp\/v2\/media\/156"}],"wp:attachment":[{"href":"https:\/\/rfid-laundry-tag.com\/it\/wp-json\/wp\/v2\/media?parent=83"}],"wp:term":[{"taxonomy":"product_brand","embeddable":true,"href":"https:\/\/rfid-laundry-tag.com\/it\/wp-json\/wp\/v2\/product_brand?post=83"},{"taxonomy":"product_cat","embeddable":true,"href":"https:\/\/rfid-laundry-tag.com\/it\/wp-json\/wp\/v2\/product_cat?post=83"},{"taxonomy":"product_tag","embeddable":true,"href":"https:\/\/rfid-laundry-tag.com\/it\/wp-json\/wp\/v2\/product_tag?post=83"}],"curies":[{"name":"parola chiave","href":"https:\/\/api.w.org\/{rel}","templated":true}]}}