{"id":82,"date":"2024-06-11T17:29:22","date_gmt":"2024-06-11T17:29:22","guid":{"rendered":"https:\/\/rfid-laundry-tag.com\/?post_type=product&#038;p=82"},"modified":"2024-08-14T16:20:33","modified_gmt":"2024-08-14T16:20:33","slug":"nfc-laundry-token-pps-i-code-slix","status":"publish","type":"product","link":"https:\/\/rfid-laundry-tag.com\/it\/nfc-laundry-token-pps-i-code-slix\/","title":{"rendered":"Token per lavanderia NFC \u2013 PPS- I Code Slix"},"content":{"rendered":"<div class=\"J_module\">\n<div class=\"ife-detail-decorate-table\">\n<table class=\"has-title all magic-6\">\n<tbody>\n<tr>\n<td colspan=\"1\" rowspan=\"1\">\n<div class=\"magic-7\" data-spm-anchor-id=\"a2700.details.0.i45.77607d98vZbcDU\"><span class=\"magic-8\" style=\"color: #363535;\">Nome dell&#039;articolo<\/span><\/div>\n<\/td>\n<td colspan=\"1\" rowspan=\"1\">\n<div class=\"magic-9\">Token per lavanderia NFC \u2013 PPS- I Code Slix<\/div>\n<\/td>\n<\/tr>\n<tr>\n<td colspan=\"1\" rowspan=\"1\">\n<div class=\"magic-7\"><span class=\"magic-10\" data-spm-anchor-id=\"a2700.pc-decorate.0.i10.28d333330XLbTD\"><span class=\"magic-8\">Materiale<\/span><\/span><\/div>\n<\/td>\n<td colspan=\"1\" rowspan=\"1\">\n<div class=\"magic-9\"><span class=\"magic-8\">PPS<\/span><\/div>\n<\/td>\n<\/tr>\n<tr>\n<td colspan=\"1\" rowspan=\"1\">\n<div class=\"magic-7\"><span class=\"magic-8\">Colore<\/span><\/div>\n<\/td>\n<td colspan=\"1\" rowspan=\"1\">\n<div class=\"magic-9\"><span class=\"magic-8\">Nero ecc.<\/span><\/div>\n<\/td>\n<\/tr>\n<tr>\n<td colspan=\"1\" rowspan=\"1\">Quantit\u00e0 minima<\/td>\n<td colspan=\"1\" rowspan=\"1\">500 pezzi<\/td>\n<\/tr>\n<tr>\n<td colspan=\"1\" rowspan=\"1\">\n<div class=\"magic-7\"><span class=\"magic-8\">Produttore\/Chip<\/span><\/div>\n<\/td>\n<td colspan=\"1\" rowspan=\"1\">\n<div class=\"magic-9\"><span class=\"magic-8\">NXP I Code Slix; altre opzioni: Ntag213, Ntag215, Ntag216, Mifare Ultralight ev1 ecc.<\/span><\/div>\n<\/td>\n<\/tr>\n<tr>\n<td colspan=\"1\" rowspan=\"1\">\n<div class=\"magic-7\"><span class=\"magic-8\">Frequenza<\/span><\/div>\n<\/td>\n<td colspan=\"1\" rowspan=\"1\">\n<div class=\"magic-9\"><span class=\"magic-8\">13,56 MHz<\/span><\/div>\n<\/td>\n<\/tr>\n<tr>\n<td colspan=\"1\" rowspan=\"1\">\n<div class=\"magic-7\"><span class=\"magic-8\">Memoria<\/span><\/div>\n<\/td>\n<td colspan=\"1\" rowspan=\"1\">\n<div class=\"magic-9\"><span class=\"magic-8\">1k Byte; altra memoria del chip: 144 Byte, 504 Byte, 888 Byte, 64 Byte ecc.<\/span><\/div>\n<\/td>\n<\/tr>\n<tr>\n<td colspan=\"1\" rowspan=\"1\">\n<div class=\"magic-7\"><span class=\"magic-8\">Distanza di lettura<\/span><\/div>\n<\/td>\n<td colspan=\"1\" rowspan=\"1\">\n<div class=\"magic-9\"><span class=\"magic-8\">1~5cm<\/span><\/div>\n<\/td>\n<\/tr>\n<tr>\n<td colspan=\"1\" rowspan=\"1\">\n<div class=\"magic-7\"><span class=\"magic-8\">Modalit\u00e0 di lavoro<\/span><\/div>\n<\/td>\n<td colspan=\"1\" rowspan=\"1\">\n<div class=\"magic-9\"><span class=\"magic-8\">passivo<\/span><\/div>\n<\/td>\n<\/tr>\n<tr>\n<td colspan=\"1\" rowspan=\"1\">\n<div class=\"magic-7\"><span class=\"magic-8\">Temperatura di lavoro<\/span><\/div>\n<\/td>\n<td colspan=\"1\" rowspan=\"1\">\n<div class=\"magic-9\"><span class=\"magic-8\">-25\u2103~+110\u2103<\/span><\/div>\n<\/td>\n<\/tr>\n<tr>\n<td colspan=\"1\" rowspan=\"1\">\n<div class=\"magic-7\"><span class=\"magic-8\">Temperatura di conservazione<\/span><\/div>\n<\/td>\n<td colspan=\"1\" rowspan=\"1\">\n<div class=\"magic-9\"><span class=\"magic-8\">-40\u2103~+85\u2103<\/span><\/div>\n<\/td>\n<\/tr>\n<tr>\n<td colspan=\"1\" rowspan=\"1\">\n<div class=\"magic-7\">\n<div><span class=\"magic-8\">\u00a0<\/span><\/div>\n<p><span class=\"magic-8\">Resistenza alla temperatura a breve termine<\/span><\/p>\n<\/div>\n<\/td>\n<td colspan=\"1\" rowspan=\"1\">\n<div class=\"magic-9\"><span class=\"magic-8\">lavaggio: 90\u2103, 15 minuti; pre-asciugatura convertitore: 180\u2103, 30 minuti, 200 volte; stiratura: 180\u2103, 10 secondi, 200 volte; alta<br \/>\nsterilizzazione a temperatura: 135\u2103, 20 minuti<\/span><\/div>\n<\/td>\n<\/tr>\n<tr>\n<td colspan=\"1\" rowspan=\"1\">\n<div class=\"magic-7\"><span class=\"magic-8\">Caratteristiche<\/span><\/div>\n<\/td>\n<td colspan=\"1\" rowspan=\"1\">\n<div class=\"magic-9\"><span class=\"magic-8\">impermeabile, lavabile, resistente alle alte temperature<\/span><\/div>\n<\/td>\n<\/tr>\n<tr>\n<td colspan=\"1\" rowspan=\"1\">\n<div class=\"magic-7\"><span class=\"magic-8\">Vita<\/span><\/div>\n<\/td>\n<td colspan=\"1\" rowspan=\"1\">\n<div class=\"magic-9\"><span class=\"magic-8\">lavaggi 200 volte o 3 anni<\/span><\/div>\n<\/td>\n<\/tr>\n<tr>\n<td colspan=\"1\" rowspan=\"1\">\n<div class=\"magic-7\"><span class=\"magic-8\">Applicazioni<\/span><\/div>\n<\/td>\n<td colspan=\"1\" rowspan=\"1\">\n<div class=\"magic-9\"><span class=\"magic-8\">gestione e tracciamento della lavanderia<\/span><\/div>\n<\/td>\n<\/tr>\n<\/tbody>\n<\/table>\n<\/div>\n<\/div>\n<div class=\"J_module\">\n<div class=\"detail-decorate-json-renderer-container\">\n<div class=\"magic-1\">\n<div>\n<div><\/div>\n<\/div>\n<div class=\"magic-2\">\n<div class=\"auto-hide-last-sibling-br paragraph_1252f paragraph-element\">\n<div class=\"auto-hide-last-sibling-br paragraph_1252f paragraph-element\"><b>Installazione del gettone per lavanderia NFC \u2013 PPS-I Code Slix:<\/b><br \/>\nUna volta che un&#039;azienda decide che un <b>Lavanderia NFC<\/b> sistema di tracciamento pu\u00f2 essere utile per loro, il passo successivo \u00e8 decidere un <b>Gettone lavanderia NFC<\/b>.<br \/>\nL&#039;etichetta RFID per lavanderia PPS pu\u00f2 anche essere cucita ai tuoi indumenti: in questo caso, le funzioni NFC o UHF saranno disponibili ovunque tu sia.<b>Domanda per il gettone NFC per lavanderia \u2013 PPS-I Codice Slix:<\/b><br \/>\n\u2013 Lavaggio industriale.<br \/>\n\u2013 Gestione delle uniformi.<br \/>\n\u2013 Gestione dell\u2019abbigliamento medico.<br \/>\n\u2013 Gestione degli indumenti DPI.<br \/>\n\u2013 Gestione delle pattuglie del personale.<br \/>\n\u2013 Gestione delle attrezzature antincendio.<br \/>\n\u2013 Gestione dell\u2019attrezzatura da sci.<\/p>\n<\/div>\n<div><\/div>\n<\/div>\n<\/div>\n<div>\n<p>IL <strong>Codice IC SLIX<\/strong> \u00e8 un chip dedicato per applicazioni di etichette intelligenti come librerie, autenticazione di prodotti in diversi settori come farmaceutico, dispositivi medici e alcolici, nonch\u00e9 gestione della produzione in diverse aree del settore. Questo IC \u00e8 la terza generazione di una famiglia di prodotti di IC per etichette intelligenti basati sugli standard ISO ISO\/IEC 15693 e ISO\/IEC 18000-3, che prolunga una storia di successo di NXP<sup>\u00ae<\/sup>\u00a0nel campo dei sistemi di identificazione di prossimit\u00e0.<\/p>\n<h3>Trasferimento dati ed energia senza contatto<\/h3>\n<p>Ogni volta che \u00e8 collegato a un tipo di antenna molto semplice e facile da produrre (come risultato della frequenza portante di 13,56 MHz) realizzata con pochi avvolgimenti stampati, avvolti, incisi o bobina punzonata, l&#039;ICODE SLIX IC pu\u00f2 essere utilizzato senza linea di vista fino a una distanza di 1,5 m (larghezza del gate). Non \u00e8 necessaria alcuna batteria. Quando l&#039;etichetta intelligente \u00e8 posizionata nel campo di un&#039;antenna interrogatrice, l&#039;interfaccia di comunicazione RF ad alta velocit\u00e0 consente la trasmissione di dati fino a 53 kbit\/s.<\/p>\n<h3>Anti-collisione<\/h3>\n<p>Una funzione anti-collisione intelligente consente a diversi tag di operare contemporaneamente sul campo. L&#039;algoritmo anti-collisione seleziona ogni tag individualmente e garantisce che l&#039;esecuzione di una transazione con un tag selezionato venga eseguita correttamente senza corruzione dei dati risultante da altri tag sul campo.<\/p>\n<h3>Caratteristiche<\/h3>\n<div id=\"featuresXsp\" class=\"features-list\">\n<div class=\"features-xsp\">\n<div class=\"collapse-mobile ste-list\">\n<h3>Interfaccia RF ICODE SLIX (ISO\/IEC 15693)<\/h3>\n<ul class=\"boxes\">\n<li>Trasmissione dati e fornitura di energia senza contatto (non necessita di batteria)<\/li>\n<li>Distanza operativa: fino a 1,5 m (a seconda della geometria dell&#039;antenna)<\/li>\n<li>Frequenza operativa: 13,56 MHz (ISM, licenza mondiale liberamente disponibile)<\/li>\n<li>Trasferimento dati veloce: fino a 53 kbit\/s<\/li>\n<li>Elevata integrit\u00e0 dei dati: CRC a 16 bit, framing<\/li>\n<li>Vero anticollisione<\/li>\n<li>Sorveglianza elettronica degli articoli (EAS) protetta da password<\/li>\n<li>Identificatore della famiglia di applicazioni (AFI) protetto da password<\/li>\n<li>Identificatore del formato di archiviazione dei dati (DSFID)<\/li>\n<li>Lettura anticollisione rapida aggiuntiva<\/li>\n<li>Scrivi la distanza uguale alla distanza di lettura<\/li>\n<\/ul>\n<\/div>\n<div class=\"collapse-mobile ste-list\">\n<h3>Memoria EEPROM<\/h3>\n<ul class=\"boxes\">\n<li>1024 bit, organizzati in 32 blocchi di 4 byte ciascuno<\/li>\n<li>Conservazione dei dati per 50 anni<\/li>\n<li>Scrivi la resistenza di 100000 cicli<\/li>\n<\/ul>\n<\/div>\n<div class=\"collapse-mobile ste-list\">\n<h3>Sicurezza<\/h3>\n<ul class=\"boxes\">\n<li>Identificatore univoco per ogni dispositivo<\/li>\n<li>Meccanismo di blocco per ogni blocco di memoria utente (protezione da scrittura)<\/li>\n<li>Meccanismo di blocco per DSFID, AFI, EAS<\/li>\n<li>Funzionalit\u00e0 EAS e AFI protette da password (32 bit)<\/li>\n<\/ul>\n<\/div>\n<\/div>\n<\/div>\n<\/div>\n<div class=\"magic-2\">\n<div class=\"auto-hide-last-sibling-br paragraph_1252f paragraph-element\">\n<p>&nbsp;<\/p>\n<div class=\"auto-hide-last-sibling-br paragraph_1252f paragraph-element\"><\/div>\n<div class=\"auto-hide-last-sibling-br paragraph_1252f paragraph-element\"><\/div>\n<\/div>\n<\/div>\n<\/div>\n<\/div>\n<\/div>","protected":false},"excerpt":{"rendered":"<p>I gettoni per lavanderia ICODE SLI NFC, dotati di funzionalit\u00e0 anticollisione e EAS, sono perfetti per le applicazioni di lavanderia.<\/p>","protected":false},"featured_media":107,"template":"","meta":{"_kad_post_transparent":"default","_kad_post_title":"","_kad_post_layout":"default","_kad_post_sidebar_id":"","_kad_post_content_style":"default","_kad_post_vertical_padding":"default","_kad_post_feature":"","_kad_post_feature_position":"","_kad_post_header":false,"_kad_post_footer":false,"_kad_post_classname":""},"product_brand":[],"product_cat":[21,17],"product_tag":[37,55,42,45],"class_list":{"0":"post-82","1":"product","2":"type-product","3":"status-publish","4":"has-post-thumbnail","6":"product_cat-pps-rfid-laundry-tag","7":"product_cat-nfc-rfid-laundry-tag","8":"product_tag-nfc-button","9":"product_tag-nfc-laundry-token-i-code-slix","10":"product_tag-pps-nfc-laundry-tag","11":"product_tag-pps-washable-nfc-tags","13":"first","14":"instock","15":"shipping-taxable","16":"product-type-simple","17":"entry","18":"content-bg","19":"loop-entry"},"_links":{"self":[{"href":"https:\/\/rfid-laundry-tag.com\/it\/wp-json\/wp\/v2\/product\/82","targetHints":{"allow":["GET"]}}],"collection":[{"href":"https:\/\/rfid-laundry-tag.com\/it\/wp-json\/wp\/v2\/product"}],"about":[{"href":"https:\/\/rfid-laundry-tag.com\/it\/wp-json\/wp\/v2\/types\/product"}],"version-history":[{"count":1,"href":"https:\/\/rfid-laundry-tag.com\/it\/wp-json\/wp\/v2\/product\/82\/revisions"}],"predecessor-version":[{"id":1318,"href":"https:\/\/rfid-laundry-tag.com\/it\/wp-json\/wp\/v2\/product\/82\/revisions\/1318"}],"wp:featuredmedia":[{"embeddable":true,"href":"https:\/\/rfid-laundry-tag.com\/it\/wp-json\/wp\/v2\/media\/107"}],"wp:attachment":[{"href":"https:\/\/rfid-laundry-tag.com\/it\/wp-json\/wp\/v2\/media?parent=82"}],"wp:term":[{"taxonomy":"product_brand","embeddable":true,"href":"https:\/\/rfid-laundry-tag.com\/it\/wp-json\/wp\/v2\/product_brand?post=82"},{"taxonomy":"product_cat","embeddable":true,"href":"https:\/\/rfid-laundry-tag.com\/it\/wp-json\/wp\/v2\/product_cat?post=82"},{"taxonomy":"product_tag","embeddable":true,"href":"https:\/\/rfid-laundry-tag.com\/it\/wp-json\/wp\/v2\/product_tag?post=82"}],"curies":[{"name":"parola chiave","href":"https:\/\/api.w.org\/{rel}","templated":true}]}}