{"id":723,"date":"2024-07-16T16:29:22","date_gmt":"2024-07-16T16:29:22","guid":{"rendered":"https:\/\/rfid-laundry-tag.com\/?post_type=product&#038;p=723"},"modified":"2024-08-14T16:40:29","modified_gmt":"2024-08-14T16:40:29","slug":"uhf-rfid-inlay-monza-m4-chips","status":"publish","type":"product","link":"https:\/\/rfid-laundry-tag.com\/it\/uhf-rfid-inlay-monza-m4-chips\/","title":{"rendered":"Chip Monza M4 con inserto RFID UHF"},"content":{"rendered":"<div>\n<ul>\n<li><strong>Nome del prodotto:<\/strong>\u00a0Chip Monza M4\/M5 con inserto RFID UHF<\/li>\n<li><strong>Materiale:<\/strong>\u00a0Carta patinata, PET ecc.<\/li>\n<li><strong>Chip:<\/strong>\u00a0Monza M4\/M5<\/li>\n<li><strong>Colore:<\/strong>\u00a0Bianco<\/li>\n<li><strong>Protocollo:<\/strong>\u00a0EPC globale Classe 1 Gen2 ISO\/IEC 18000-6C<\/li>\n<li><strong>Frequenza:<\/strong>\u00a0860-960 MHz<\/li>\n<li><strong>Gamma di lettori:<\/strong>\u00a06M~12M (dipende dall&#039;ambiente e dalla distanza di lettura-scrittura)<\/li>\n<li><strong>Metodo di lavoro:<\/strong>\u00a0Passivo<\/li>\n<li><strong>Riciclaggio funzionante:<\/strong>\u00a0&gt;100000 volte<\/li>\n<li><strong>Applicazione:<\/strong>\u00a0Tracciabilit\u00e0 anticontraffazione, trasmissione dati.<\/li>\n<\/ul>\n<p><strong>Descrizione dei chip Monza M4 UHF RFID Inlay:<\/strong><\/p>\n<p>Questi inserti RFID UHF, dotati di chip Monza M4\/M5, sono progettati per una variet\u00e0 di applicazioni che richiedono una trasmissione affidabile dei dati e misure anticontraffazione.<\/p>\n<p><strong>Caratteristiche principali:<\/strong><\/p>\n<ul>\n<li><strong>Durevole:<\/strong>\u00a0Realizzato con materiali di alta qualit\u00e0 per una maggiore durata.<\/li>\n<li><strong>Affidabile:<\/strong>\u00a0Offre prestazioni affidabili per un&#039;acquisizione dati accurata.<\/li>\n<li><strong>Versatile:<\/strong>\u00a0Adatto a diverse applicazioni, tra cui monitoraggio dell&#039;inventario, gestione delle risorse e monitoraggio della supply chain.<\/li>\n<li><strong>Sicuro:<\/strong>\u00a0Contribuisce alla lotta alla contraffazione e garantisce l&#039;autenticit\u00e0 del prodotto.<\/li>\n<\/ul>\n<h2>Chip Monza M4\/M5 con inserto RFID UHF: domande frequenti<\/h2>\n<p><strong>1. Qual \u00e8 la differenza tra i chip Monza M4 e Monza M5?<\/strong><\/p>\n<p>I chip Monza M4 e M5 sono entrambi chip RFID UHF ad alte prestazioni. La differenza principale risiede nella loro capacit\u00e0 di memoria:<\/p>\n<ul>\n<li><strong>Monza M4:<\/strong>\u00a0Offre 128 bit di memoria utente.<\/li>\n<li><strong>Monza M5:<\/strong>\u00a0Offre 512 bit di memoria utente.<\/li>\n<\/ul>\n<p>Ci\u00f2 significa che la Monza M5 pu\u00f2 memorizzare molti pi\u00f9 dati, il che la rende ideale per le applicazioni che richiedono un&#039;ampia capacit\u00e0 di archiviazione dati.<\/p>\n<p><strong>2. Quali sono i vantaggi dell&#039;utilizzo dei chip UHF RFID Inlay Monza M4?<\/strong><\/p>\n<p>I chip Monza M4\/M5 offrono numerosi vantaggi:<\/p>\n<ul>\n<li><strong>Elevata portata di lettura:<\/strong>\u00a0Offrono un&#039;eccellente portata di lettura, che in condizioni ottimali arriva fino a 12 metri.<\/li>\n<li><strong>Velocit\u00e0 di lettura\/scrittura elevate:<\/strong>\u00a0Questi chip consentono un rapido accesso ai dati, semplificando le operazioni.<\/li>\n<li><strong>Prestazioni migliorate:<\/strong>\u00a0Garantiscono prestazioni affidabili e costanti anche in ambienti difficili.<\/li>\n<li><strong>Sicurezza dei dati:<\/strong>\u00a0I chip incorporano funzionalit\u00e0 di sicurezza per proteggere i dati sensibili.<\/li>\n<\/ul>\n<p><strong>3. Quali tipi di applicazioni sono adatti per gli inserti RFID Monza M4\/M5?<\/strong><\/p>\n<p>Questi inserti sono adatti a un&#039;ampia gamma di applicazioni, tra cui:<\/p>\n<ul>\n<li><strong>Gestione dell&#039;inventario:<\/strong>\u00a0Monitoraggio dei livelli di inventario e dei movimenti dei prodotti all&#039;interno di magazzini e punti vendita al dettaglio.<\/li>\n<li><strong>Monitoraggio delle risorse:<\/strong>\u00a0Monitoraggio di beni, attrezzature e strumenti in contesti diversi.<\/li>\n<li><strong>Gestione della catena di approvvigionamento:<\/strong>\u00a0Migliorare la visibilit\u00e0 e la trasparenza della supply chain.<\/li>\n<li><strong>Anticontraffazione:<\/strong>\u00a0Prevenire la contraffazione dei prodotti e garantirne l&#039;autenticit\u00e0.<\/li>\n<li><strong>Controllo degli accessi:<\/strong>\u00a0Gestire l&#039;accesso ad aree protette o spazi riservati.<\/li>\n<\/ul>\n<p><strong>4. Come posso scegliere l&#039;inserto RFID pi\u00f9 adatto alla mia specifica applicazione?<\/strong><\/p>\n<p>La scelta ottimale dell&#039;inserto RFID dipende dai requisiti specifici della tua applicazione:<\/p>\n<ul>\n<li><strong>Esigenze di archiviazione dei dati:<\/strong>\u00a0Se hai bisogno di memorizzare molti dati, prendi in considerazione la Monza M5, che ha una maggiore capacit\u00e0 di memoria.<\/li>\n<li><strong>Intervallo di lettura:<\/strong>\u00a0Determinare l&#039;intervallo di lettura richiesto per garantire la corretta identificazione del tag.<\/li>\n<li><strong>Condizioni ambientali:<\/strong>\u00a0Per scegliere un inserto robusto, tenere conto dell&#039;ambiente operativo (temperatura, umidit\u00e0, ecc.).<\/li>\n<li><strong>Tipo di applicazione:<\/strong>\u00a0La scelta dell&#039;intarsio sar\u00e0 influenzata dall&#039;applicazione specifica (ad esempio, monitoraggio dell&#039;inventario, gestione delle risorse).<\/li>\n<\/ul>\n<p><strong>5. Quali sono i costi tipici associati agli inserti RFID che utilizzano chip Monza M4\/M5?<\/strong><\/p>\n<p>Il costo degli intarsi RFID varia in base a fattori quali tipo di chip, design dell&#039;intarsio, quantit\u00e0 ordinata e caratteristiche aggiuntive. Contattare i produttori o i fornitori RFID per informazioni precise sui prezzi.<\/p>\n<p><strong>6. Gli inserti Monza M4\/M5 sono compatibili con i lettori RFID standard?<\/strong><\/p>\n<p>S\u00ec, questi inserti sono progettati per funzionare con lettori RFID standard del settore che operano nella gamma di frequenza UHF.<\/p>\n<p><strong>7. Dove posso acquistare gli inserti RFID Monza M4\/M5?<\/strong><\/p>\n<p>Gli inserti RFID con chip Monza M4\/M5 sono ampiamente disponibili presso vari produttori e fornitori specializzati nella tecnologia RFID.<\/p>\n<p><strong>8. Esistono risorse disponibili che possono aiutarmi a saperne di pi\u00f9 sulla tecnologia RFID?<\/strong><\/p>\n<p>S\u00ec, puoi trovare numerose risorse online e tramite le associazioni del settore RFID:<\/p>\n<ul>\n<li><strong>Rivista RFID:<\/strong>\u00a0Una delle principali fonti di notizie e informazioni sulla tecnologia RFID.<\/li>\n<li><strong>Associazione dell&#039;industria RFID (RFIDIA):<\/strong>\u00a0Un&#039;organizzazione globale che promuove l&#039;uso della tecnologia RFID.<\/li>\n<li><strong>Siti web dei produttori:<\/strong>\u00a0Per documentazione tecnica e supporto, consultare i siti web dei principali produttori di chip RFID.<\/li>\n<\/ul>\n<\/div>\n<div class=\"auto-hide-last-sibling-br paragraph_9dc5f paragraph-element\"><\/div>\n<div class=\"auto-hide-last-sibling-br paragraph_9dc5f paragraph-element\"><\/div>","protected":false},"excerpt":{"rendered":"<p>Chip Monza M4 UHF RFID Inlay per inventario, tracciamento delle risorse e anticontraffazione. Elevati intervalli di lettura, rapido accesso ai dati e prestazioni robuste.<\/p>","protected":false},"featured_media":724,"template":"","meta":{"_kad_post_transparent":"default","_kad_post_title":"","_kad_post_layout":"default","_kad_post_sidebar_id":"","_kad_post_content_style":"default","_kad_post_vertical_padding":"default","_kad_post_feature":"","_kad_post_feature_position":"","_kad_post_header":false,"_kad_post_footer":false,"_kad_post_classname":""},"product_brand":[],"product_cat":[54,189],"product_tag":[108,190],"class_list":{"0":"post-723","1":"product","2":"type-product","3":"status-publish","4":"has-post-thumbnail","6":"product_cat-hot-selling-rfid-tags","7":"product_cat-rfid-inlay","8":"product_tag-rfid-inlay","9":"product_tag-uhf-rfid-inlay-monza-m4-m5-chips","11":"first","12":"instock","13":"shipping-taxable","14":"product-type-simple","15":"entry","16":"content-bg","17":"loop-entry"},"_links":{"self":[{"href":"https:\/\/rfid-laundry-tag.com\/it\/wp-json\/wp\/v2\/product\/723","targetHints":{"allow":["GET"]}}],"collection":[{"href":"https:\/\/rfid-laundry-tag.com\/it\/wp-json\/wp\/v2\/product"}],"about":[{"href":"https:\/\/rfid-laundry-tag.com\/it\/wp-json\/wp\/v2\/types\/product"}],"version-history":[{"count":4,"href":"https:\/\/rfid-laundry-tag.com\/it\/wp-json\/wp\/v2\/product\/723\/revisions"}],"predecessor-version":[{"id":1331,"href":"https:\/\/rfid-laundry-tag.com\/it\/wp-json\/wp\/v2\/product\/723\/revisions\/1331"}],"wp:featuredmedia":[{"embeddable":true,"href":"https:\/\/rfid-laundry-tag.com\/it\/wp-json\/wp\/v2\/media\/724"}],"wp:attachment":[{"href":"https:\/\/rfid-laundry-tag.com\/it\/wp-json\/wp\/v2\/media?parent=723"}],"wp:term":[{"taxonomy":"product_brand","embeddable":true,"href":"https:\/\/rfid-laundry-tag.com\/it\/wp-json\/wp\/v2\/product_brand?post=723"},{"taxonomy":"product_cat","embeddable":true,"href":"https:\/\/rfid-laundry-tag.com\/it\/wp-json\/wp\/v2\/product_cat?post=723"},{"taxonomy":"product_tag","embeddable":true,"href":"https:\/\/rfid-laundry-tag.com\/it\/wp-json\/wp\/v2\/product_tag?post=723"}],"curies":[{"name":"parola chiave","href":"https:\/\/api.w.org\/{rel}","templated":true}]}}