{"id":54,"date":"2024-06-10T14:55:28","date_gmt":"2024-06-10T14:55:28","guid":{"rendered":"https:\/\/rfid-laundry-tag.com\/?post_type=product&#038;p=54"},"modified":"2024-09-26T04:26:47","modified_gmt":"2024-09-26T04:26:47","slug":"rfid-tag-for-linen-laundry","status":"publish","type":"product","link":"https:\/\/rfid-laundry-tag.com\/it\/rfid-tag-for-linen-laundry\/","title":{"rendered":"Tag RFID per lavanderia biancheria"},"content":{"rendered":"<div>\n<div class=\"auto-hide-last-sibling-br paragraph_1252f paragraph-element\">\n<h1><strong>Tag RFID per lavanderia biancheria<\/strong><\/h1>\n<p><strong>Fisico:<\/strong><\/p>\n<p>Materiale: poliestere 100%<\/p>\n<p>Dimensioni: 70 mm\u00d715 mm x1,5 mm<\/p>\n<p>Chip: NXP U CODE U8,U9 ecc.<\/p>\n<p>Metodo di installazione dell&#039;etichetta: tipo di cucitura, stiratura<\/p>\n<p>Protocollo: ISO18ooo-6C<\/p>\n<p>Stiratura: 15 secondi, a 210\u2103<\/p>\n<p>Esposizione: 2,5 bar<\/p>\n<p>Asciugatura: 15 minuti a 180\u00b0C<\/p>\n<p>Lavaggio: 15 minuti a 90\u2103<\/p>\n<p>Cicli di lavaggio: 200+cicli o 3 anni<\/p>\n<p>Condizioni di conservazione: -20-80\u2103, 5-95%RH<\/p>\n<p>&nbsp;<\/p>\n<\/div>\n<div class=\"auto-hide-last-sibling-br paragraph_1252f paragraph-element\">Ci\u00f2 che distingue in modo distintivo i nostri tag RFID UHF per lavanderia dalla gamma di altri tag per biancheria sul mercato \u00e8 il loro aspetto lucido e lucido. Sono incredibilmente sottili, con uno spessore impercettibile di 0,55 mm, il che li rende i tag pi\u00f9 sottili disponibili sul mercato. In sintesi, i nostri tag offrono una soluzione RFID UHF avanzata per l&#039;abbigliamento, presentando una combinazione ideale di convenienza, robustezza e sottigliezza.<\/div>\n<\/div>\n<div><\/div>\n<div class=\"auto-hide-last-sibling-br paragraph_1252f paragraph-element\">\n<div data-spm-anchor-id=\"a2700.details.0.i57.23b419c7xXORP0\"><span data-spm-anchor-id=\"a2700.details.0.i75.23b419c7xXORP0\"><b>Caratteristica:<\/b><br \/>\n1) Tecnologia UHF per leggere centinaia di tag simultaneamente.<br \/>\n2) Distanza di lettura superiore a 2,4 metri.<br \/>\n3) Nuovo design meccanico per prestazioni migliorate per la biancheria piana.<br \/>\n4) Adatto per estrattori ad alta pressione fino a 60 bar.<br \/>\n5) Adatto alla sterilizzazione in autoclave.<br \/>\n6) Materiale piccolo, morbido e flessibile, ideale per tessuti, biancheria, indumenti e accessori.<\/span><\/div>\n<\/div>\n<div data-spm-anchor-id=\"a2700.details.0.i57.23b419c7xXORP0\"><\/div>\n<div data-spm-anchor-id=\"a2700.details.0.i57.23b419c7xXORP0\">\n<p><img fetchpriority=\"high\" decoding=\"async\" class=\"wp-image-55\" src=\"https:\/\/rfid-laundry-tag.com\/wp-content\/uploads\/2024\/06\/4-300x275.png\" alt=\"RFID Tag for linen laundry\" width=\"605\" height=\"555\" srcset=\"https:\/\/rfid-laundry-tag.com\/wp-content\/uploads\/2024\/06\/4-300x275.png 300w, https:\/\/rfid-laundry-tag.com\/wp-content\/uploads\/2024\/06\/4-600x550.png 600w, https:\/\/rfid-laundry-tag.com\/wp-content\/uploads\/2024\/06\/4-13x12.png 13w, https:\/\/rfid-laundry-tag.com\/wp-content\/uploads\/2024\/06\/4.png 750w\" sizes=\"(max-width: 605px) 100vw, 605px\" \/><\/p>\n<\/div>\n<h3 class=\"wp-block-heading\">Installazione<\/h3>\n<p><strong>Etichettatura dei punti<\/strong>: Da cucire nell&#039;orlo di un tessuto. Cucire l&#039;etichetta del bucato lontano dalle linee di piegatura.<br \/>\n<strong>Saldatura a caldo<\/strong>: Da termosaldare direttamente sul tessuto a +200\u00b0C (392\u00b0F), per 12~14s.<br \/>\n<strong>In sacchetto<\/strong>: Da cucire come un&#039;etichetta di cura standard. Cucire l&#039;etichetta del bucato lontano dalle linee di piegatura.<\/p>\n<h3>Vantaggi dell&#039;utilizzo di tag RFID nella gestione della lavanderia<\/h3>\n<p>L&#039;integrazione di tag RFID nelle operazioni di lavanderia porta a una maggiore efficienza. Il tracciamento automatico consente la gestione dell&#039;inventario in tempo reale, riducendo al minimo le perdite e liberando tempo ai dipendenti.\u00a0<strong>tag RFID tessili<\/strong>\u00a0offrono alle aziende e alle famiglie la possibilit\u00e0 di gestire e tracciare biancheria, indumenti e altri articoli per il bucato con una precisione senza precedenti, migliorando sia la qualit\u00e0 del servizio che la soddisfazione del cliente.<\/p>\n<div class=\"auto-hide-last-sibling-br paragraph_1252f paragraph-element\">\n<div class=\"auto-hide-last-sibling-br paragraph_1252f paragraph-element\">I tag RFID per il lavaggio della biancheria sono indispensabili in una miriade di settori, in quanto favoriscono in modo cruciale il monitoraggio efficiente delle risorse, la gestione dell&#039;inventario e l&#039;aumento dell&#039;efficienza operativa complessiva. Ecco uno sguardo alla loro applicazione in vari settori:<\/div>\n<ul class=\"auto-hide-last-sibling-br\">\n<li>\n<div class=\"auto-hide-last-sibling-br paragraph_1252f paragraph-element\">Assistenza sanitaria: ospedali e altre strutture mediche utilizzano tag RFID per la biancheria per gestire grandi inventari di biancheria da letto, asciugamani, camici, uniformi e biancheria chirurgica. Ci\u00f2 aiuta a ridurre al minimo le perdite, a gestire i cicli di lavanderia e a garantire che la biancheria pulita e fresca sia costantemente disponibile secondo necessit\u00e0.<\/div>\n<\/li>\n<li>\n<div class=\"auto-hide-last-sibling-br paragraph_1252f paragraph-element\">Hotel: nel settore alberghiero, la gestione della biancheria \u00e8 un compito colossale, con migliaia di articoli come lenzuola, asciugamani, tende e accappatoi in circolazione. I tag RFID per la biancheria aiutano a semplificare questo compito, garantendo una pulizia e una sostituzione tempestive e aiutando a rilevare e prevenire i furti.<\/div>\n<\/li>\n<li>\n<div class=\"auto-hide-last-sibling-br paragraph_1252f paragraph-element\">Ristoranti: nel settore della ristorazione, i tag RFID aiutano a monitorare l&#039;utilizzo e la pulizia di uniformi, tovaglie, tovaglioli e grembiuli da chef. Ci\u00f2 pu\u00f2 aumentare gli standard di pulizia e aiutare a mantenere un aspetto ordinato e professionale.<\/div>\n<\/li>\n<li>\n<div class=\"auto-hide-last-sibling-br paragraph_1252f paragraph-element\">Fashion Apparel Industries: Nel fermento della moda, i tag RFID svolgono un ruolo sostanziale nel tracciamento degli articoli lungo la filiera, dalla produzione all&#039;esposizione al dettaglio. Possono offrire informazioni preziose come l&#039;origine, la cronologia dei viaggi e persino dettagli intricati sul tessuto e sulle istruzioni per la cura.<\/div>\n<\/li>\n<li>\n<div class=\"auto-hide-last-sibling-br paragraph_1252f paragraph-element\">Abbigliamento da lavoro\/vestiti ignifughi: le aziende utilizzano i tag RFID per tracciare e gestire articoli di vestiario speciali. Ci\u00f2 include la garanzia che i vestiti ignifughi o altri indumenti protettivi siano regolarmente controllati, opportunamente puliti e sostituiti quando necessario.<\/div>\n<\/li>\n<li>\n<div class=\"auto-hide-last-sibling-br paragraph_1252f paragraph-element\">Calzature e mascherine: particolarmente importanti in settori come quello sanitario e quello edile, dove la sicurezza non pu\u00f2 essere compromessa, il monitoraggio dell&#039;utilizzo, della pulizia e della manutenzione di articoli come mascherine e scarpe antinfortunistiche \u00e8 semplificato dall&#039;uso di tag RFID.<\/div>\n<\/li>\n<li>\n<div class=\"auto-hide-last-sibling-br paragraph_1252f paragraph-element\">Tappetini e mop: le aziende che forniscono servizi di pulizia o gestiscono grandi strutture possono trarre vantaggio dai tag RFID su tappetini e mop. Saranno in grado di tracciare l&#039;utilizzo e la manutenzione, garantendo strumenti puliti ed efficienti in ogni momento.<\/div>\n<\/li>\n<\/ul>\n<h3>Acquisti ecosostenibili<\/h3>\n<p>I nostri tag RFID sono progettati tenendo a mente l&#039;eco-compatibilit\u00e0. Riducendo al minimo la movimentazione manuale e gli oggetti smarriti, puoi contribuire a ridurre l&#039;impatto ambientale associato alle operazioni di lavanderia.\u00a0<strong>Etichette RFID per lavanderia<\/strong>\u00a0possono essere riciclati al termine del loro ciclo di vita, contribuendo a pratiche sostenibili.<\/p>\n<h3>Che cos&#039;\u00e8 la tecnologia UHF RFID?<\/h3>\n<p>RFID (Radio Frequency Identification) \u00e8 una tecnologia che utilizza campi elettromagnetici per identificare e tracciare automaticamente i tag applicati agli oggetti. L&#039;UHF RFID opera nell&#039;intervallo di frequenza ultra elevata, consentendo distanze di lettura maggiori e un&#039;identificazione pi\u00f9 rapida, rendendolo ideale per applicazioni di lavanderia. I tag UHF RFID possono essere cuciti o applicati a indumenti e biancheria, consentendo un tracciamento efficiente durante tutto il processo di lavaggio.<\/p>\n<h3>Domande frequenti (FAQ)<\/h3>\n<p><strong>D1: I tag RFID per lavanderia sono compatibili con tutti i sistemi di lavanderia?<\/strong><br \/>\n<strong>Risposta 1:<\/strong>\u00a0S\u00ec, i nostri tag RFID sono progettati per funzionare perfettamente con i lettori RFID standard utilizzati nelle lavanderie.<\/p>\n<p><strong>D2: Come posso riciclare i tag RFID usati?<\/strong><br \/>\n<strong>A2:<\/strong>\u00a0Al termine del ciclo di vita, puoi restituirci le etichette per il riciclaggio oppure rivolgerti agli impianti locali che gestiscono i rifiuti elettronici.<\/p>\n<p><strong>D3: Posso etichettare i capi da lavare per uso personale?<\/strong><br \/>\n<strong>A3:<\/strong>\u00a0Assolutamente! Questi tag possono essere utilizzati anche in ambito domestico per tenere traccia in modo efficiente del bucato della famiglia.<\/p>\n<h3>Perch\u00e9 scegliere noi per le tue soluzioni RFID?<\/h3>\n<p>Con anni di esperienza nella tecnologia RFID, forniamo soluzioni di alta qualit\u00e0, durevoli e innovative su misura per il settore della lavanderia. I nostri prodotti sono progettati per soddisfare diverse esigenze operative, mantenendo al contempo convenienza e responsabilit\u00e0 ambientale.<\/p>\n<p>Ti invitiamo a trasformare le tue attivit\u00e0 di lavanderia oggi stesso investendo nei nostri tag RFID UHF per la biancheria. Con risultati comprovati nel migliorare l&#039;efficienza, gestire i tessuti e garantire la responsabilit\u00e0, questi tag non sono solo un investimento in tecnologia, ma un investimento in tranquillit\u00e0.<\/p>\n<h3>Conclusione<\/h3>\n<p>Abbracciando il futuro della gestione della lavanderia, l&#039;integrazione della tecnologia RFID UHF nelle tue operazioni migliorer\u00e0 significativamente la tua efficienza e affidabilit\u00e0. Non perdere l&#039;occasione di elevare le tue capacit\u00e0 di elaborazione della lavanderia.<\/p>\n<\/div>","protected":false},"excerpt":{"rendered":"<div class=\"auto-hide-last-sibling-br paragraph_1252f paragraph-element\">Migliora l&#039;efficienza della lavanderia con i nostri resistenti tag RFID UHF, progettati per biancheria e indumenti. Lavabili, resistenti alla temperatura e ideali per il tracciamento!<\/div>\n<div><\/div>\n<div class=\"auto-hide-last-sibling-br paragraph_1252f paragraph-element\"><\/div>","protected":false},"featured_media":58,"template":"","meta":{"_kad_post_transparent":"default","_kad_post_title":"","_kad_post_layout":"default","_kad_post_sidebar_id":"","_kad_post_content_style":"default","_kad_post_vertical_padding":"default","_kad_post_feature":"","_kad_post_feature_position":"","_kad_post_header":false,"_kad_post_footer":false,"_kad_post_classname":""},"product_brand":[],"product_cat":[19],"product_tag":[25,285,30,28],"class_list":{"0":"post-54","1":"product","2":"type-product","3":"status-publish","4":"has-post-thumbnail","6":"product_cat-textile-rfid-laundry-tag","7":"product_tag-rfid-laundrytags","8":"product_tag-rfid-tag","9":"product_tag-uhf-rfid-laundry-tag","10":"product_tag-washable-rfid-tags","12":"first","13":"instock","14":"shipping-taxable","15":"product-type-simple","16":"entry","17":"content-bg","18":"loop-entry"},"_links":{"self":[{"href":"https:\/\/rfid-laundry-tag.com\/it\/wp-json\/wp\/v2\/product\/54","targetHints":{"allow":["GET"]}}],"collection":[{"href":"https:\/\/rfid-laundry-tag.com\/it\/wp-json\/wp\/v2\/product"}],"about":[{"href":"https:\/\/rfid-laundry-tag.com\/it\/wp-json\/wp\/v2\/types\/product"}],"version-history":[{"count":3,"href":"https:\/\/rfid-laundry-tag.com\/it\/wp-json\/wp\/v2\/product\/54\/revisions"}],"predecessor-version":[{"id":2684,"href":"https:\/\/rfid-laundry-tag.com\/it\/wp-json\/wp\/v2\/product\/54\/revisions\/2684"}],"wp:featuredmedia":[{"embeddable":true,"href":"https:\/\/rfid-laundry-tag.com\/it\/wp-json\/wp\/v2\/media\/58"}],"wp:attachment":[{"href":"https:\/\/rfid-laundry-tag.com\/it\/wp-json\/wp\/v2\/media?parent=54"}],"wp:term":[{"taxonomy":"product_brand","embeddable":true,"href":"https:\/\/rfid-laundry-tag.com\/it\/wp-json\/wp\/v2\/product_brand?post=54"},{"taxonomy":"product_cat","embeddable":true,"href":"https:\/\/rfid-laundry-tag.com\/it\/wp-json\/wp\/v2\/product_cat?post=54"},{"taxonomy":"product_tag","embeddable":true,"href":"https:\/\/rfid-laundry-tag.com\/it\/wp-json\/wp\/v2\/product_tag?post=54"}],"curies":[{"name":"parola chiave","href":"https:\/\/api.w.org\/{rel}","templated":true}]}}