{"id":52,"date":"2024-06-09T15:52:43","date_gmt":"2024-06-09T15:52:43","guid":{"rendered":"https:\/\/rfid-laundry-tag.com\/?post_type=product&#038;p=52"},"modified":"2024-09-08T05:29:20","modified_gmt":"2024-09-08T05:29:20","slug":"uhf-rfid-laundry-tag","status":"publish","type":"product","link":"https:\/\/rfid-laundry-tag.com\/it\/uhf-rfid-laundry-tag\/","title":{"rendered":"Etichetta RFID UHF per lavanderia"},"content":{"rendered":"<div class=\"auto-hide-last-sibling-br paragraph_1252f paragraph-element\">\n<div>\n<div class=\"auto-hide-last-sibling-br paragraph_1252f paragraph-element\">\n<div class=\"auto-hide-last-sibling-br paragraph_1252f paragraph-element\">I nostri tag RFID UHF per lavanderia, con il marchio Apparel Washable RFID Laundry Tags, offrono una notevole flessibilit\u00e0 rispetto ai tradizionali tag RFID per lavanderia. Questi tag sono magistralmente progettati per resistere a pi\u00f9 di 50 cicli di lavaggio domestico, subendo solo una leggera diminuzione di 10%-15% nelle prestazioni RFID. Sono la soluzione perfetta e conveniente per scenari di noleggio e vendita al dettaglio che coinvolgono indumenti, scarpe e biancheria.<\/div>\n<p>&nbsp;<\/p>\n<div class=\"auto-hide-last-sibling-br paragraph_1252f paragraph-element\">In particolare, questi tag sono dotati di una struttura unica e di un chip RFID protetto, dimostrando la loro resistenza sopravvivendo a pi\u00f9 di 50 cicli di lavaggio domestico. Sono progettati per essere discretamente nascosti in una cucitura o infilati in un&#039;etichetta di cura, rendendoli praticamente invisibili.<\/div>\n<p>&nbsp;<\/p>\n<div class=\"auto-hide-last-sibling-br paragraph_1252f paragraph-element\">Ci\u00f2 che distingue i nostri tag RFID UHF per lavanderia da vari altri tag lavabili per biancheria \u00e8 il loro design elegante e trasparente. Con uno spessore di soli 0,55 mm, sono i pi\u00f9 sottili disponibili sul mercato. In conclusione, i nostri tag forniscono una soluzione RFID UHF all&#039;avanguardia per l&#039;abbigliamento, combinando convenienza, resilienza e discrezione in un unico pacchetto.<\/div>\n<\/div>\n<div><\/div>\n<\/div>\n<div data-spm-anchor-id=\"a2700.details.0.i57.23b419c7xXORP0\"><span data-spm-anchor-id=\"a2700.details.0.i75.23b419c7xXORP0\"><b>Caratteristica:<\/b><br \/>\n1) Tecnologia UHF per leggere centinaia di tag simultaneamente.<br \/>\n2) Distanza di lettura superiore a 2,4 metri.<br \/>\n3) Nuovo design meccanico per prestazioni migliorate per la biancheria piana.<br \/>\n4) Adatto per estrattori ad alta pressione fino a 60 bar.<br \/>\n5) Adatto alla sterilizzazione in autoclave.<br \/>\n6) Materiale piccolo, morbido e flessibile, ideale per tessuti, biancheria, indumenti e accessori.<\/span><\/div>\n<\/div>\n<div data-spm-anchor-id=\"a2700.details.0.i57.23b419c7xXORP0\"><\/div>\n<div data-spm-anchor-id=\"a2700.details.0.i57.23b419c7xXORP0\">\n<div class=\"text-title\"><span data-spm-anchor-id=\"a2700.details.0.i77.23b419c7xXORP0\">Fisico:<\/span><\/div>\n<div class=\"text-content\" data-spm-anchor-id=\"a2700.details.0.i54.23b419c7xXORP0\">\n<div>Dimensioni: 70 mm\u00d715 mm x1,5 mm<\/div>\n<div>Circuito integrato:UHF<\/div>\n<div>Metodo di installazione dell&#039;etichetta: cucitura, stiratura<\/div>\n<div>Protocollo:ISO18ooo-6C EPC C1G2<\/div>\n<div>Stiratura: 15 secondi, a 210\u2103<\/div>\n<div>Esposizione: 2,5 bar<\/div>\n<div>Asciugatura: 15 minuti a 180\u00b0C<\/div>\n<div><span data-spm-anchor-id=\"a2700.details.0.i78.23b419c7xXORP0\">Lavaggio: 15 minuti a 90\u2103<\/span><\/div>\n<div>Cicli di lavaggio: 200+cicli o 3 anni<br \/>\nCondizioni di conservazione: -20-80\u2103, 5-95%RH<\/div>\n<\/div>\n<\/div>\n<h3 class=\"wp-block-heading\">Installazione<\/h3>\n<p><strong>Etichettatura dei punti<\/strong>: Da cucire nell&#039;orlo di un tessuto. Cucire l&#039;etichetta del bucato lontano dalle linee di piegatura.<br \/>\n<strong>Saldatura a caldo<\/strong>: Da termosaldare direttamente sul tessuto a +200\u00b0C (392\u00b0F), per 12~14s.<br \/>\n<strong>In sacchetto<\/strong>: Da cucire come un&#039;etichetta di cura standard. Cucire l&#039;etichetta del bucato lontano dalle linee di piegatura.<\/p>\n<div class=\"auto-hide-last-sibling-br paragraph_1252f paragraph-element\">I tag RFID lavabili per lavanderia sono parte integrante di numerosi settori, offrendo un efficiente monitoraggio delle risorse, gestione dell&#039;inventario e migliorando la produttivit\u00e0 operativa complessiva. Ecco alcune delle sue applicazioni in diversi settori:<\/div>\n<ol class=\"auto-hide-last-sibling-br\">\n<li>\n<div class=\"auto-hide-last-sibling-br paragraph_1252f paragraph-element\"><strong>Assistenza sanitaria<\/strong>: Ospedali e altre strutture mediche utilizzano tag RFID per la biancheria per gestire enormi inventari di lenzuola, asciugamani, camici, uniformi e biancheria chirurgica. Ci\u00f2 aiuta a ridurre le perdite, a gestire i cicli di lavanderia e a garantire che la biancheria pulita e fresca sia sempre disponibile quando necessario.<\/div>\n<\/li>\n<li>\n<div class=\"auto-hide-last-sibling-br paragraph_1252f paragraph-element\"><strong>Alberghi<\/strong>: Gestire la biancheria \u00e8 un compito enorme nel settore alberghiero, dove sono in circolazione migliaia di articoli, dalla biancheria da letto agli asciugamani, dalle tende agli accappatoi. I tag RFID per la biancheria semplificano il monitoraggio, garantendo una pulizia e una sostituzione tempestive e aiutano a rilevare e prevenire i furti.<\/div>\n<\/li>\n<li>\n<div class=\"auto-hide-last-sibling-br paragraph_1252f paragraph-element\"><strong>Ristoranti<\/strong>: Nel settore della ristorazione, i tag RFID possono monitorare l&#039;uso e la pulizia di uniformi, tovaglie, tovaglioli e grembiuli da chef. Ci\u00f2 pu\u00f2 migliorare gli standard di pulizia e aiutare a mantenere un aspetto curato e professionale.<\/div>\n<\/li>\n<li>\n<div class=\"auto-hide-last-sibling-br paragraph_1252f paragraph-element\"><strong>Industrie dell&#039;abbigliamento alla moda<\/strong>: I tag RFID svolgono un ruolo fondamentale nel tracciamento degli articoli lungo tutta la filiera, dalla produzione alla vendita al dettaglio. Possono fornire informazioni preziose come origine, cronologia dei viaggi e persino dettagli sul tessuto e sulle istruzioni per la cura.<\/div>\n<\/li>\n<li>\n<div class=\"auto-hide-last-sibling-br paragraph_1252f paragraph-element\"><strong>Abbigliamento da lavoro\/abbigliamento ignifugo<\/strong>: Le aziende possono usare i tag RFID per tracciare e gestire articoli di abbigliamento speciali. Ci\u00f2 pu\u00f2 includere la garanzia che gli indumenti ignifughi o altri indumenti protettivi siano ispezionati regolarmente, puliti correttamente e sostituiti se necessario.<\/div>\n<\/li>\n<li>\n<div class=\"auto-hide-last-sibling-br paragraph_1252f paragraph-element\"><strong>Calzature e Mascherine<\/strong>: Particolarmente importante in settori come quello sanitario e quello edile, dove la sicurezza \u00e8 fondamentale, il monitoraggio dell&#039;utilizzo, della pulizia e della manutenzione di articoli come mascherine e scarpe antinfortunistiche pu\u00f2 essere semplificato con l&#039;uso di tag RFID.<\/div>\n<\/li>\n<li>\n<div class=\"auto-hide-last-sibling-br paragraph_1252f paragraph-element\"><strong>Tappetini e mop<\/strong>:Per le aziende che forniscono servizi di pulizia o gestiscono strutture di grandi dimensioni, i tag RFID su tappetini e mop possono aiutare a monitorare l&#039;utilizzo e la manutenzione, garantendo strumenti puliti ed efficaci in ogni momento.<\/div>\n<\/li>\n<\/ol>","protected":false},"excerpt":{"rendered":"<div class=\"auto-hide-last-sibling-br paragraph_1252f paragraph-element\">I nostri tag RFID UHF per lavanderia, pi\u00f9 comunemente noti come tag RFID per biancheria, si distinguono per la loro fusione di flessibilit\u00e0 e durata. Sono realizzati con un robusto esterno in gomma, che incarna il concetto di forza delicata. Questi tag per indumenti sono appositamente progettati per essere sia flessibili che resistenti, in grado di resistere fino a 200 cicli di lavaggio e pressioni fino a 60 bar senza danni.<\/div>\n<div class=\"auto-hide-last-sibling-br paragraph_1252f paragraph-element\">Noti per le loro straordinarie capacit\u00e0 di lettura di massa, i nostri tag RFID UHF per lavanderia possono essere rilevati efficacemente da una distanza di diversi metri. L&#039;adattabilit\u00e0 \u00e8 fondamentale, con dimensioni che variano da 1,5 a 3 pollici di lunghezza e da mezzo pollice a 1 pollice di larghezza, opportunamente adattati a diverse esigenze.<\/div>\n<div class=\"auto-hide-last-sibling-br paragraph_1252f paragraph-element\">Spesso, questi tag RFID lavabili vengono utilizzati nel mondo sanitario, comunemente attaccati ai camici di dottori e infermieri. Oltre a ci\u00f2, vengono utilizzati per altri abiti professionali, costumi e persino articoli noleggiabili come i tappetini. Questa combinazione di versatilit\u00e0 e qualit\u00e0 duratura li rende una scelta apprezzata in una variet\u00e0 di contesti.<\/div>","protected":false},"featured_media":53,"template":"","meta":{"_kad_post_transparent":"default","_kad_post_title":"","_kad_post_layout":"default","_kad_post_sidebar_id":"","_kad_post_content_style":"default","_kad_post_vertical_padding":"default","_kad_post_feature":"","_kad_post_feature_position":"","_kad_post_header":false,"_kad_post_footer":false,"_kad_post_classname":""},"product_brand":[],"product_cat":[19,16],"product_tag":[25,30,29,28],"class_list":{"0":"post-52","1":"product","2":"type-product","3":"status-publish","4":"has-post-thumbnail","6":"product_cat-textile-rfid-laundry-tag","7":"product_cat-uhf-rfid-laundry-tags","8":"product_tag-rfid-laundrytags","9":"product_tag-uhf-rfid-laundry-tag","10":"product_tag-washable-rfid-laundry-tags","11":"product_tag-washable-rfid-tags","13":"first","14":"instock","15":"shipping-taxable","16":"product-type-simple","17":"entry","18":"content-bg","19":"loop-entry"},"_links":{"self":[{"href":"https:\/\/rfid-laundry-tag.com\/it\/wp-json\/wp\/v2\/product\/52","targetHints":{"allow":["GET"]}}],"collection":[{"href":"https:\/\/rfid-laundry-tag.com\/it\/wp-json\/wp\/v2\/product"}],"about":[{"href":"https:\/\/rfid-laundry-tag.com\/it\/wp-json\/wp\/v2\/types\/product"}],"version-history":[{"count":1,"href":"https:\/\/rfid-laundry-tag.com\/it\/wp-json\/wp\/v2\/product\/52\/revisions"}],"predecessor-version":[{"id":1951,"href":"https:\/\/rfid-laundry-tag.com\/it\/wp-json\/wp\/v2\/product\/52\/revisions\/1951"}],"wp:featuredmedia":[{"embeddable":true,"href":"https:\/\/rfid-laundry-tag.com\/it\/wp-json\/wp\/v2\/media\/53"}],"wp:attachment":[{"href":"https:\/\/rfid-laundry-tag.com\/it\/wp-json\/wp\/v2\/media?parent=52"}],"wp:term":[{"taxonomy":"product_brand","embeddable":true,"href":"https:\/\/rfid-laundry-tag.com\/it\/wp-json\/wp\/v2\/product_brand?post=52"},{"taxonomy":"product_cat","embeddable":true,"href":"https:\/\/rfid-laundry-tag.com\/it\/wp-json\/wp\/v2\/product_cat?post=52"},{"taxonomy":"product_tag","embeddable":true,"href":"https:\/\/rfid-laundry-tag.com\/it\/wp-json\/wp\/v2\/product_tag?post=52"}],"curies":[{"name":"parola chiave","href":"https:\/\/api.w.org\/{rel}","templated":true}]}}