{"id":47,"date":"2024-06-09T14:50:05","date_gmt":"2024-06-09T14:50:05","guid":{"rendered":"https:\/\/rfid-laundry-tag.com\/?post_type=product&#038;p=47"},"modified":"2024-09-08T05:41:36","modified_gmt":"2024-09-08T05:41:36","slug":"washable-rfid-tags","status":"publish","type":"product","link":"https:\/\/rfid-laundry-tag.com\/it\/washable-rfid-tags\/","title":{"rendered":"Tag RFID lavabili"},"content":{"rendered":"<p><strong>Tag RFID lavabili<\/strong><\/p>\n<div class=\"auto-hide-last-sibling-br paragraph_1252f paragraph-element\">\n<div class=\"auto-hide-last-sibling-br paragraph_1252f paragraph-element\">L&#039;Apparel Washable RFID Tag \u00e8 un&#039;alternativa versatile alle tradizionali etichette RFID per lavanderia, appositamente progettate per resistere a oltre 50 cicli di lavaggio domestico con solo una minima riduzione (da 10% a 15%) delle prestazioni RFID. Rappresentando la soluzione ideale ed economica, questa etichetta RFID impermeabile \u00e8 perfetta per il noleggio e la vendita al dettaglio di indumenti, calzature e lenzuola.<\/div>\n<div><\/div>\n<div class=\"auto-hide-last-sibling-br paragraph_1252f paragraph-element\">Caratterizzato da una struttura unica e da un meccanismo di protezione per il chip RFID, questo tag pu\u00f2 durare pi\u00f9 di 50 cicli di lavaggio domestico. Pu\u00f2 essere nascosto in modo discreto in una cucitura o infilato in un&#039;etichetta di cura, rendendolo praticamente inosservato.<\/div>\n<p>&nbsp;<\/p>\n<div class=\"auto-hide-last-sibling-br paragraph_1252f paragraph-element\">Ci\u00f2 che distingue questo tag RFID UHF da altri tag lavabili in lino \u00e8 il suo design sottile e trasparente da 0,55 mm, che lo rende il pi\u00f9 sottile sul mercato. Nel complesso, si tratta di una soluzione RFID UHF innovativa per l&#039;abbigliamento che offre convenienza, durata e discrezione.<\/div>\n<div><\/div>\n<div data-spm-anchor-id=\"a2700.details.0.i57.23b419c7xXORP0\"><span data-spm-anchor-id=\"a2700.details.0.i75.23b419c7xXORP0\"><b>Caratteristica:<\/b><br \/>\n1) Tecnologia UHF per leggere centinaia di tag simultaneamente.<br \/>\n2) Distanza di lettura superiore a 2,4 metri.<br \/>\n3) Nuovo design meccanico per prestazioni migliorate per la biancheria piana.<br \/>\n4) Adatto per estrattori ad alta pressione fino a 60 bar.<br \/>\n5) Adatto alla sterilizzazione in autoclave.<br \/>\n6) Materiale piccolo, morbido e flessibile, ideale per tessuti, biancheria, indumenti e accessori.<\/span><\/div>\n<\/div>\n<div data-spm-anchor-id=\"a2700.details.0.i57.23b419c7xXORP0\"><\/div>\n<div data-spm-anchor-id=\"a2700.details.0.i57.23b419c7xXORP0\">\n<div class=\"text-title\"><span data-spm-anchor-id=\"a2700.details.0.i77.23b419c7xXORP0\">Fisico:<\/span><\/div>\n<div class=\"text-content\" data-spm-anchor-id=\"a2700.details.0.i54.23b419c7xXORP0\">\n<p>Materiale: poliestere 100%<\/p>\n<div>Dimensioni: 70 mm\u00d715 mm x1,5 mm<\/div>\n<div>Circuito integrato:UHF<\/div>\n<div>Metodo di installazione dell&#039;etichetta: cucitura, stiratura<\/div>\n<div>Protocollo:ISO18ooo-6C EPC C1G2<\/div>\n<div>Stiratura: 15 secondi, a 210\u2103<\/div>\n<div>Esposizione: 2,5 bar<\/div>\n<div>Asciugatura: 15 minuti a 180\u00b0C<\/div>\n<div><span data-spm-anchor-id=\"a2700.details.0.i78.23b419c7xXORP0\">Lavaggio: 15 minuti a 90\u2103<\/span><\/div>\n<div>Cicli di lavaggio: 200+cicli o 3 anni<br \/>\nCondizioni di conservazione: -20-80\u2103, 5-95%RH<\/div>\n<\/div>\n<\/div>\n<h3 class=\"wp-block-heading\">Installazione<\/h3>\n<p><strong>Etichettatura dei punti<\/strong>: Da cucire nell&#039;orlo di un tessuto. Cucire l&#039;etichetta del bucato lontano dalle linee di piegatura.<br \/>\n<strong>Saldatura a caldo<\/strong>: Da termosaldare direttamente sul tessuto a +200\u00b0C (392\u00b0F), per 12~14s.<br \/>\n<strong>In sacchetto<\/strong>: Da cucire come un&#039;etichetta di cura standard. Cucire l&#039;etichetta del bucato lontano dalle linee di piegatura.<\/p>\n<div class=\"auto-hide-last-sibling-br paragraph_1252f paragraph-element\">I tag RFID lavabili sono parte integrante di numerosi settori, offrendo un efficiente monitoraggio delle risorse, gestione dell&#039;inventario e miglioramento della produttivit\u00e0 operativa complessiva. Ecco alcune delle sue applicazioni in diversi settori:<\/div>\n<ol class=\"auto-hide-last-sibling-br\">\n<li>\n<div class=\"auto-hide-last-sibling-br paragraph_1252f paragraph-element\"><strong>Assistenza sanitaria<\/strong>: Ospedali e altre strutture mediche utilizzano tag RFID per la biancheria per gestire enormi inventari di lenzuola, asciugamani, camici, uniformi e biancheria chirurgica. Ci\u00f2 aiuta a ridurre le perdite, a gestire i cicli di lavanderia e a garantire che la biancheria pulita e fresca sia sempre disponibile quando necessario.<\/div>\n<\/li>\n<li>\n<div class=\"auto-hide-last-sibling-br paragraph_1252f paragraph-element\"><strong>Alberghi<\/strong>: Gestire la biancheria \u00e8 un compito enorme nel settore alberghiero, dove sono in circolazione migliaia di articoli, dalla biancheria da letto agli asciugamani, dalle tende agli accappatoi. I tag RFID per la biancheria semplificano il monitoraggio, garantendo una pulizia e una sostituzione tempestive e aiutano a rilevare e prevenire i furti.<\/div>\n<\/li>\n<li>\n<div class=\"auto-hide-last-sibling-br paragraph_1252f paragraph-element\"><strong>Ristoranti<\/strong>: Nel settore della ristorazione, i tag RFID possono monitorare l&#039;uso e la pulizia di uniformi, tovaglie, tovaglioli e grembiuli da chef. Ci\u00f2 pu\u00f2 migliorare gli standard di pulizia e aiutare a mantenere un aspetto curato e professionale.<\/div>\n<\/li>\n<li>\n<div class=\"auto-hide-last-sibling-br paragraph_1252f paragraph-element\"><strong>Industrie dell&#039;abbigliamento alla moda<\/strong>: I tag RFID svolgono un ruolo fondamentale nel tracciamento degli articoli lungo tutta la filiera, dalla produzione alla vendita al dettaglio. Possono fornire informazioni preziose come origine, cronologia dei viaggi e persino dettagli sul tessuto e sulle istruzioni per la cura.<\/div>\n<\/li>\n<li>\n<div class=\"auto-hide-last-sibling-br paragraph_1252f paragraph-element\"><strong>Abbigliamento da lavoro\/abbigliamento ignifugo<\/strong>: Le aziende possono usare i tag RFID per tracciare e gestire articoli di abbigliamento speciali. Ci\u00f2 pu\u00f2 includere la garanzia che gli indumenti ignifughi o altri indumenti protettivi siano ispezionati regolarmente, puliti correttamente e sostituiti se necessario.<\/div>\n<\/li>\n<li>\n<div class=\"auto-hide-last-sibling-br paragraph_1252f paragraph-element\"><strong>Calzature e Mascherine<\/strong>: Particolarmente importante in settori come quello sanitario e quello edile, dove la sicurezza \u00e8 fondamentale, il monitoraggio dell&#039;utilizzo, della pulizia e della manutenzione di articoli come mascherine e scarpe antinfortunistiche pu\u00f2 essere semplificato con l&#039;uso di tag RFID.<\/div>\n<\/li>\n<li>\n<div class=\"auto-hide-last-sibling-br paragraph_1252f paragraph-element\"><strong>Tappetini e mop<\/strong>:Per le aziende che forniscono servizi di pulizia o gestiscono strutture di grandi dimensioni, i tag RFID su tappetini e mop possono aiutare a monitorare l&#039;utilizzo e la manutenzione, garantendo strumenti puliti ed efficaci in ogni momento.<\/div>\n<\/li>\n<\/ol>","protected":false},"excerpt":{"rendered":"<p>I tag RFID lavabili, spesso chiamati tag RFID per biancheria, sono realizzati con un esterno in gomma delicato ma robusto. Si tratta di tag per indumenti progettati per essere flessibili e robusti, in grado di resistere fino a 200 cicli di lavaggio e pressioni fino a 60 bar. I nostri tag RFID UHF per lavanderia eccellono nella lettura di massa, rilevati in modo efficiente da diversi metri di distanza. Sono disponibili in diverse misure che vanno da 1,5 a 3 pollici di lunghezza e da mezzo pollice a 1 pollice di larghezza. Questi tag RFID lavabili trovano un uso prevalente nel campo medico, spesso applicati a camici indossati da medici e infermieri, nonch\u00e9 ad altre uniformi professionali, costumi e articoli a noleggio come i tappetini.<\/p>","protected":false},"featured_media":48,"template":"","meta":{"_kad_post_transparent":"default","_kad_post_title":"","_kad_post_layout":"default","_kad_post_sidebar_id":"","_kad_post_content_style":"default","_kad_post_vertical_padding":"default","_kad_post_feature":"","_kad_post_feature_position":"","_kad_post_header":false,"_kad_post_footer":false,"_kad_post_classname":""},"product_brand":[],"product_cat":[19,16],"product_tag":[25,27,28],"class_list":{"0":"post-47","1":"product","2":"type-product","3":"status-publish","4":"has-post-thumbnail","6":"product_cat-textile-rfid-laundry-tag","7":"product_cat-uhf-rfid-laundry-tags","8":"product_tag-rfid-laundrytags","9":"product_tag-uhf-rfid-textile-laundry-tag","10":"product_tag-washable-rfid-tags","12":"first","13":"instock","14":"shipping-taxable","15":"product-type-simple","16":"entry","17":"content-bg","18":"loop-entry"},"_links":{"self":[{"href":"https:\/\/rfid-laundry-tag.com\/it\/wp-json\/wp\/v2\/product\/47","targetHints":{"allow":["GET"]}}],"collection":[{"href":"https:\/\/rfid-laundry-tag.com\/it\/wp-json\/wp\/v2\/product"}],"about":[{"href":"https:\/\/rfid-laundry-tag.com\/it\/wp-json\/wp\/v2\/types\/product"}],"version-history":[{"count":1,"href":"https:\/\/rfid-laundry-tag.com\/it\/wp-json\/wp\/v2\/product\/47\/revisions"}],"predecessor-version":[{"id":1969,"href":"https:\/\/rfid-laundry-tag.com\/it\/wp-json\/wp\/v2\/product\/47\/revisions\/1969"}],"wp:featuredmedia":[{"embeddable":true,"href":"https:\/\/rfid-laundry-tag.com\/it\/wp-json\/wp\/v2\/media\/48"}],"wp:attachment":[{"href":"https:\/\/rfid-laundry-tag.com\/it\/wp-json\/wp\/v2\/media?parent=47"}],"wp:term":[{"taxonomy":"product_brand","embeddable":true,"href":"https:\/\/rfid-laundry-tag.com\/it\/wp-json\/wp\/v2\/product_brand?post=47"},{"taxonomy":"product_cat","embeddable":true,"href":"https:\/\/rfid-laundry-tag.com\/it\/wp-json\/wp\/v2\/product_cat?post=47"},{"taxonomy":"product_tag","embeddable":true,"href":"https:\/\/rfid-laundry-tag.com\/it\/wp-json\/wp\/v2\/product_tag?post=47"}],"curies":[{"name":"parola chiave","href":"https:\/\/api.w.org\/{rel}","templated":true}]}}