{"id":40,"date":"2024-06-03T15:49:08","date_gmt":"2024-06-03T15:49:08","guid":{"rendered":"https:\/\/rfid-laundry-tag.com\/?post_type=product&#038;p=40"},"modified":"2024-09-08T05:31:52","modified_gmt":"2024-09-08T05:31:52","slug":"washable-uhf-rfid-laundry-tag","status":"publish","type":"product","link":"https:\/\/rfid-laundry-tag.com\/it\/washable-uhf-rfid-laundry-tag\/","title":{"rendered":"Etichetta lavabile RFID UHF per lavanderia"},"content":{"rendered":"<h2>Lavabile <strong>Frequenza ultra-alta<\/strong> Etichetta RFID per lavanderia<\/h2>\n<p>L&#039;etichetta RFID per lavanderia realizzata in materiale tessile con dimensioni di 70*15 mm e dotata di un chip NXP U CODE 9 \u00e8 uno strumento semplificato progettato per il monitoraggio e la gestione efficienti di tessuti come biancheria, uniformi, asciugamani e altro ancora.<\/p>\n<div class=\"auto-hide-last-sibling-br paragraph_1252f paragraph-element\">Caratteristiche principali:<\/div>\n<ol class=\"auto-hide-last-sibling-br\">\n<li>\n<div class=\"auto-hide-last-sibling-br paragraph_1252f paragraph-element\"><strong>Materiale e dimensioni<\/strong>: Questo tag RFID \u00e8 realizzato in un materiale adatto ai tessuti e misura 70 mm per 15 mm, una dimensione ideale per etichettare in modo discreto vari tipi di tessuti senza comprometterne le qualit\u00e0 estetiche o tattili.<\/div>\n<\/li>\n<li>\n<div class=\"auto-hide-last-sibling-br paragraph_1252f paragraph-element\"><strong>Chip RFID<\/strong>: Il chip NXP U CODE 9 incorporato assicura elevate prestazioni e funzionalit\u00e0 affidabile. Questo microchip facilita la trasmissione di dati a lunga distanza e possiede un&#039;ampia capacit\u00e0 di memoria per l&#039;archiviazione delle informazioni sugli articoli.<\/div>\n<\/li>\n<li>\n<div class=\"auto-hide-last-sibling-br paragraph_1252f paragraph-element\"><strong>Durata<\/strong>: Nonostante la struttura tessile morbida e flessibile, questa etichetta RFID per lavanderia \u00e8 progettata per resistere a vigorosi processi di lavaggio, stiratura e pressatura. Pu\u00f2 resistere ad acqua, calore e pressione, mantenendo la sua integrit\u00e0 e funzionalit\u00e0 nonostante i cicli di lavanderia industriale ripetitivi.<\/div>\n<\/li>\n<li>\n<div class=\"auto-hide-last-sibling-br paragraph_1252f paragraph-element\"><strong>Efficienza<\/strong>: La tecnologia del chip NXP U CODE 9 consente una scansione rapida e accurata del tag anche in scenari di lettura in blocco. Ci\u00f2 si traduce in un&#039;elaborazione rapida, riducendo i tempi operativi e migliorando la produttivit\u00e0 nella gestione tessile.<\/div>\n<\/li>\n<li>\n<div class=\"auto-hide-last-sibling-br paragraph_1252f paragraph-element\"><strong>Applicazione<\/strong>: Principalmente, questi tag RFID vengono cuciti o termosaldati nei tessuti prima di essere messi in servizio. Una volta applicati, la gestione automatizzata dell&#039;inventario, il controllo dei processi e la prevenzione delle perdite possono essere facilitati con facilit\u00e0 grazie alla capacit\u00e0 di tracciamento wireless offerta da questi tag.<\/div>\n<\/li>\n<\/ol>\n<h3 class=\"wp-block-heading\">Installazione<\/h3>\n<p><strong>Etichettatura dei punti<\/strong>: Da cucire nell&#039;orlo di un tessuto. Cucire l&#039;etichetta del bucato lontano dalle linee di piegatura.<br \/>\n<strong>Saldatura a caldo<\/strong>: Da termosaldare direttamente sul tessuto a +200\u00b0C (392\u00b0F), per 12~14s.<br \/>\n<strong>In sacchetto<\/strong>: Da cucire come un&#039;etichetta di cura standard. Cucire l&#039;etichetta del bucato lontano dalle linee di piegatura.<\/p>\n<figure id=\"attachment_42\" aria-describedby=\"caption-attachment-42\" style=\"width: 718px\" class=\"wp-caption alignnone\"><img fetchpriority=\"high\" decoding=\"async\" class=\"wp-image-42\" src=\"https:\/\/rfid-laundry-tag.com\/wp-content\/uploads\/2024\/06\/srchttp___cbu01.alicdn.com_img_ibank_2019_649_165_12443561946_2073715636.jpgreferhttp___cbu01.alicdn-300x160.webp\" alt=\"Washable UHF RFID Laundry Tag\" width=\"718\" height=\"383\" srcset=\"https:\/\/rfid-laundry-tag.com\/wp-content\/uploads\/2024\/06\/srchttp___cbu01.alicdn.com_img_ibank_2019_649_165_12443561946_2073715636.jpgreferhttp___cbu01.alicdn-300x160.webp 300w, https:\/\/rfid-laundry-tag.com\/wp-content\/uploads\/2024\/06\/srchttp___cbu01.alicdn.com_img_ibank_2019_649_165_12443561946_2073715636.jpgreferhttp___cbu01.alicdn-600x320.webp 600w, https:\/\/rfid-laundry-tag.com\/wp-content\/uploads\/2024\/06\/srchttp___cbu01.alicdn.com_img_ibank_2019_649_165_12443561946_2073715636.jpgreferhttp___cbu01.alicdn-18x10.webp 18w, https:\/\/rfid-laundry-tag.com\/wp-content\/uploads\/2024\/06\/srchttp___cbu01.alicdn.com_img_ibank_2019_649_165_12443561946_2073715636.jpgreferhttp___cbu01.alicdn.webp 750w\" sizes=\"(max-width: 718px) 100vw, 718px\" \/><figcaption id=\"caption-attachment-42\" class=\"wp-caption-text\">Etichetta lavabile RFID UHF per lavanderia<\/figcaption><\/figure>\n<div class=\"auto-hide-last-sibling-br paragraph_1252f paragraph-element\"><strong>Etichette RFID per biancheria<\/strong> sono parte integrante di un certo numero di settori, fornendo un efficiente monitoraggio delle risorse, gestione dell&#039;inventario e migliorando la produttivit\u00e0 operativa complessiva. Ecco alcune delle sue applicazioni in diversi settori:<\/div>\n<ol class=\"auto-hide-last-sibling-br\">\n<li>\n<div class=\"auto-hide-last-sibling-br paragraph_1252f paragraph-element\"><strong>Assistenza sanitaria<\/strong>: Ospedali e altre strutture mediche utilizzano tag RFID per la biancheria per gestire enormi inventari di lenzuola, asciugamani, camici, uniformi e biancheria chirurgica. Ci\u00f2 aiuta a ridurre le perdite, a gestire i cicli di lavanderia e a garantire che la biancheria pulita e fresca sia sempre disponibile quando necessario.<\/div>\n<\/li>\n<li>\n<div class=\"auto-hide-last-sibling-br paragraph_1252f paragraph-element\"><strong>Alberghi<\/strong>: Gestire la biancheria \u00e8 un compito enorme nel settore alberghiero, dove sono in circolazione migliaia di articoli, dalla biancheria da letto agli asciugamani, dalle tende agli accappatoi. I tag RFID per la biancheria semplificano il monitoraggio, garantendo una pulizia e una sostituzione tempestive e aiutano a rilevare e prevenire i furti.<\/div>\n<\/li>\n<li>\n<div class=\"auto-hide-last-sibling-br paragraph_1252f paragraph-element\"><strong>Ristoranti<\/strong>: Nel settore della ristorazione, i tag RFID possono monitorare l&#039;uso e la pulizia di uniformi, tovaglie, tovaglioli e grembiuli da chef. Ci\u00f2 pu\u00f2 migliorare gli standard di pulizia e aiutare a mantenere un aspetto curato e professionale.<\/div>\n<\/li>\n<li>\n<div class=\"auto-hide-last-sibling-br paragraph_1252f paragraph-element\"><strong>Industrie dell&#039;abbigliamento alla moda<\/strong>: I tag RFID svolgono un ruolo fondamentale nel tracciamento degli articoli lungo tutta la filiera, dalla produzione alla vendita al dettaglio. Possono fornire informazioni preziose come origine, cronologia dei viaggi e persino dettagli sul tessuto e sulle istruzioni per la cura.<\/div>\n<\/li>\n<li>\n<div class=\"auto-hide-last-sibling-br paragraph_1252f paragraph-element\"><strong>Abbigliamento da lavoro\/abbigliamento ignifugo<\/strong>: Le aziende possono usare i tag RFID per tracciare e gestire articoli di abbigliamento speciali. Ci\u00f2 pu\u00f2 includere la garanzia che gli indumenti ignifughi o altri indumenti protettivi siano ispezionati regolarmente, puliti correttamente e sostituiti se necessario.<\/div>\n<\/li>\n<li>\n<div class=\"auto-hide-last-sibling-br paragraph_1252f paragraph-element\"><strong>Calzature e Mascherine<\/strong>: Particolarmente importante in settori come quello sanitario e quello edile, dove la sicurezza \u00e8 fondamentale, il monitoraggio dell&#039;utilizzo, della pulizia e della manutenzione di articoli come mascherine e scarpe antinfortunistiche pu\u00f2 essere semplificato con l&#039;uso di tag RFID.<\/div>\n<\/li>\n<li>\n<div class=\"auto-hide-last-sibling-br paragraph_1252f paragraph-element\"><strong>Tappetini e mop<\/strong>:Per le aziende che forniscono servizi di pulizia o gestiscono strutture di grandi dimensioni, i tag RFID su tappetini e mop possono aiutare a monitorare l&#039;utilizzo e la manutenzione, garantendo strumenti puliti ed efficaci in ogni momento.<\/div>\n<\/li>\n<\/ol>","protected":false},"excerpt":{"rendered":"<h3 class=\"wp-block-heading\">Etichetta lavabile RFID UHF per lavanderia<\/h3>\n<p>1, flessibile, sottile, liscio e robusto.<br \/>\n2, intervallo di lettura lungo e prestazioni di lettura in blocco.<br \/>\n3, Garantito per 200 cicli di lavaggio lavorando tramite sterilizzazione, disidratazione, termoferro sotto pressione 60 bar, riscaldamento 200\u00b0C.<br \/>\n4, adatto per cucire, termosaldare, imbustare o appendere.<br \/>\n5, servizio On Demand: logo laser con codifica EPC nel chip RFID.<\/p>","protected":false},"featured_media":41,"template":"","meta":{"_kad_post_transparent":"default","_kad_post_title":"","_kad_post_layout":"default","_kad_post_sidebar_id":"","_kad_post_content_style":"default","_kad_post_vertical_padding":"default","_kad_post_feature":"","_kad_post_feature_position":"","_kad_post_header":false,"_kad_post_footer":false,"_kad_post_classname":""},"product_brand":[],"product_cat":[19,16],"product_tag":[25,23,26],"class_list":{"0":"post-40","1":"product","2":"type-product","3":"status-publish","4":"has-post-thumbnail","6":"product_cat-textile-rfid-laundry-tag","7":"product_cat-uhf-rfid-laundry-tags","8":"product_tag-rfid-laundrytags","9":"product_tag-rfid-linen-tags","10":"product_tag-washable-uhf-rfid-laundry-tag","12":"first","13":"instock","14":"shipping-taxable","15":"product-type-simple","16":"entry","17":"content-bg","18":"loop-entry"},"_links":{"self":[{"href":"https:\/\/rfid-laundry-tag.com\/it\/wp-json\/wp\/v2\/product\/40","targetHints":{"allow":["GET"]}}],"collection":[{"href":"https:\/\/rfid-laundry-tag.com\/it\/wp-json\/wp\/v2\/product"}],"about":[{"href":"https:\/\/rfid-laundry-tag.com\/it\/wp-json\/wp\/v2\/types\/product"}],"version-history":[{"count":1,"href":"https:\/\/rfid-laundry-tag.com\/it\/wp-json\/wp\/v2\/product\/40\/revisions"}],"predecessor-version":[{"id":1957,"href":"https:\/\/rfid-laundry-tag.com\/it\/wp-json\/wp\/v2\/product\/40\/revisions\/1957"}],"wp:featuredmedia":[{"embeddable":true,"href":"https:\/\/rfid-laundry-tag.com\/it\/wp-json\/wp\/v2\/media\/41"}],"wp:attachment":[{"href":"https:\/\/rfid-laundry-tag.com\/it\/wp-json\/wp\/v2\/media?parent=40"}],"wp:term":[{"taxonomy":"product_brand","embeddable":true,"href":"https:\/\/rfid-laundry-tag.com\/it\/wp-json\/wp\/v2\/product_brand?post=40"},{"taxonomy":"product_cat","embeddable":true,"href":"https:\/\/rfid-laundry-tag.com\/it\/wp-json\/wp\/v2\/product_cat?post=40"},{"taxonomy":"product_tag","embeddable":true,"href":"https:\/\/rfid-laundry-tag.com\/it\/wp-json\/wp\/v2\/product_tag?post=40"}],"curies":[{"name":"parola chiave","href":"https:\/\/api.w.org\/{rel}","templated":true}]}}