{"id":37,"date":"2024-06-03T15:44:26","date_gmt":"2024-06-03T15:44:26","guid":{"rendered":"https:\/\/rfid-laundry-tag.com\/?post_type=product&#038;p=37"},"modified":"2024-09-27T17:21:11","modified_gmt":"2024-09-27T17:21:11","slug":"laundry-rfid-linen-tags","status":"publish","type":"product","link":"https:\/\/rfid-laundry-tag.com\/it\/laundry-rfid-linen-tags\/","title":{"rendered":"Etichette per biancheria RFID per lavanderia"},"content":{"rendered":"<h2>Etichette per biancheria RFID per lavanderia<\/h2>\n<p>L&#039;etichetta RFID per lavanderia realizzata in materiale tessile con dimensioni di 70*15 mm e dotata di un chip NXP U CODE 9 \u00e8 uno strumento semplificato progettato per il monitoraggio e la gestione efficienti di tessuti come biancheria, uniformi, asciugamani e altro ancora.<\/p>\n<div class=\"auto-hide-last-sibling-br paragraph_1252f paragraph-element\">Caratteristiche principali:<\/div>\n<ol class=\"auto-hide-last-sibling-br\">\n<li>\n<div class=\"auto-hide-last-sibling-br paragraph_1252f paragraph-element\"><strong>Materiale e dimensioni<\/strong>: Questo tag RFID \u00e8 realizzato in un materiale adatto ai tessuti e misura 70 mm per 15 mm, una dimensione ideale per etichettare in modo discreto vari tipi di tessuti senza comprometterne le qualit\u00e0 estetiche o tattili.<\/div>\n<\/li>\n<li>\n<div class=\"auto-hide-last-sibling-br paragraph_1252f paragraph-element\"><strong>Chip RFID<\/strong>: Il chip NXP U CODE 9 incorporato assicura elevate prestazioni e funzionalit\u00e0 affidabile. Questo microchip facilita la trasmissione di dati a lunga distanza e possiede un&#039;ampia capacit\u00e0 di memoria per l&#039;archiviazione delle informazioni sugli articoli.<\/div>\n<\/li>\n<li>\n<div class=\"auto-hide-last-sibling-br paragraph_1252f paragraph-element\"><strong>Durata<\/strong>: Nonostante la struttura tessile morbida e flessibile, questa etichetta RFID per lavanderia \u00e8 progettata per resistere a vigorosi processi di lavaggio, stiratura e pressatura. Pu\u00f2 resistere ad acqua, calore e pressione, mantenendo la sua integrit\u00e0 e funzionalit\u00e0 nonostante i cicli di lavanderia industriale ripetitivi.<\/div>\n<\/li>\n<li>\n<div class=\"auto-hide-last-sibling-br paragraph_1252f paragraph-element\"><strong>Efficienza<\/strong>: La tecnologia del chip NXP U CODE 9 consente una scansione rapida e accurata del tag anche in scenari di lettura in blocco. Ci\u00f2 si traduce in un&#039;elaborazione rapida, riducendo i tempi operativi e migliorando la produttivit\u00e0 nella gestione tessile.<\/div>\n<\/li>\n<li>\n<div class=\"auto-hide-last-sibling-br paragraph_1252f paragraph-element\"><strong>Applicazione<\/strong>: Principalmente, questi tag RFID vengono cuciti o termosaldati nei tessuti prima di essere messi in servizio. Una volta applicati, la gestione automatizzata dell&#039;inventario, il controllo dei processi e la prevenzione delle perdite possono essere facilitati con facilit\u00e0 grazie alla capacit\u00e0 di tracciamento wireless offerta da questi tag.<\/div>\n<\/li>\n<\/ol>\n<div class=\"auto-hide-last-sibling-br paragraph_1252f paragraph-element\">Perch\u00e9 la tracciabilit\u00e0 gioca un ruolo cruciale nell&#039;industria tessile. Ecco un riassunto dei punti chiave da sottolineare:<\/div>\n<div><\/div>\n<ol class=\"auto-hide-last-sibling-br\">\n<li>\n<div class=\"auto-hide-last-sibling-br paragraph_1252f paragraph-element\">Controllo qualit\u00e0: consentendo ai produttori di monitorare la qualit\u00e0 dei loro tessuti a ogni livello di produzione, la tracciabilit\u00e0 consente l&#039;identificazione precoce e la correzione di problemi di qualit\u00e0.<\/div>\n<\/li>\n<li>\n<div class=\"auto-hide-last-sibling-br paragraph_1252f paragraph-element\">Sicurezza del prodotto: la tracciabilit\u00e0 garantisce la sicurezza dei prodotti tessili consentendo ai produttori di individuare rapidamente e ritirare dagli scaffali i prodotti in caso di sostanze chimiche nocive o difetti.<\/div>\n<\/li>\n<li>\n<div class=\"auto-hide-last-sibling-br paragraph_1252f paragraph-element\">Conformit\u00e0 normativa: il rispetto delle severe normative in materia di prodotti tessili pu\u00f2 essere garantito dalla tracciabilit\u00e0, aiutando i produttori a evitare conflitti legali e a compromettere la propria reputazione.<\/div>\n<\/li>\n<li>\n<div class=\"auto-hide-last-sibling-br paragraph_1252f paragraph-element\">Trasparenza della catena di fornitura: i consumatori oggi chiedono trasparenza sull&#039;origine dei loro prodotti, sul processo di produzione e sul rispetto di pratiche etiche e sostenibili. La tracciabilit\u00e0 soddisfa esattamente questa richiesta.<\/div>\n<\/li>\n<li>\n<div class=\"auto-hide-last-sibling-br paragraph_1252f paragraph-element\">Sostenibilit\u00e0 ed eco-compatibilit\u00e0: l&#039;industria tessile affronta una pressione sostanziale per diventare pi\u00f9 sostenibile e limitare i danni ambientali. La tracciabilit\u00e0 aiuta i produttori a tracciare l&#039;origine dei materiali e a valutare l&#039;impatto ambientale dei loro processi di produzione. Ci\u00f2 pu\u00f2 aiutare a ridurre al minimo gli sprechi e a incorporare pratiche pi\u00f9 ecologiche.<\/div>\n<\/li>\n<li>\n<div class=\"auto-hide-last-sibling-br paragraph_1252f paragraph-element\">Prevenzione della contraffazione: la tracciabilit\u00e0 \u00e8 fondamentale per confermare l&#039;autenticit\u00e0 del prodotto, prevenendo cos\u00ec la contraffazione e salvaguardando la reputazione del marchio.<\/div>\n<\/li>\n<li>\n<div class=\"auto-hide-last-sibling-br paragraph_1252f paragraph-element\">Gestione efficiente dei richiami: la tracciabilit\u00e0 consente ai produttori di identificare rapidamente i prodotti interessati e i consumatori in caso di richiami di prodotti dovuti a problemi di sicurezza o qualit\u00e0. Ci\u00f2 limita l&#039;entit\u00e0 e l&#039;impatto dei richiami di prodotti.<\/div>\n<\/li>\n<li>\n<div class=\"auto-hide-last-sibling-br paragraph_1252f paragraph-element\">Riduzione dei costi: i sistemi di tracciabilit\u00e0 aiutano a identificare le inefficienze nel processo di produzione, portando alla riduzione dei costi. Consente ai produttori di tracciare materiali e processi, ottimizzando le operazioni e riducendo gli sprechi.<\/div>\n<\/li>\n<li>\n<div class=\"auto-hide-last-sibling-br paragraph_1252f paragraph-element\">Reputazione del marchio: la tracciabilit\u00e0 e la trasparenza rafforzano la fiducia dei consumatori, il che pu\u00f2 migliorare significativamente l&#039;immagine di un marchio.<\/div>\n<\/li>\n<li>\n<div class=\"auto-hide-last-sibling-br paragraph_1252f paragraph-element\">Gestione del rischio: la tracciabilit\u00e0 facilita la gestione preventiva dei rischi correlati a interruzioni della catena di fornitura, problemi di qualit\u00e0 o richiami di prodotti, riducendo potenziali danni finanziari e reputazionali in caso di crisi.<\/div>\n<\/li>\n<\/ol>\n<div class=\"auto-hide-last-sibling-br paragraph_1252f paragraph-element\">Evidentemente, la tracciabilit\u00e0 nell&#039;industria tessile ha enormi vantaggi. Non solo migliora l&#039;efficienza operativa, ma soddisfa anche le aspettative dei consumatori in termini di sicurezza, qualit\u00e0 e approvvigionamento etico.<\/div>","protected":false},"excerpt":{"rendered":"<p>Etichette RFID durevoli per biancheria: flessibili, robuste, con ampio raggio di lettura. Garantite per 200 lavaggi, adatte per cuciture, termosaldatura o appese. Ideali per l&#039;uso in lavanderia.<\/p>","protected":false},"featured_media":39,"template":"","meta":{"_kad_post_transparent":"default","_kad_post_title":"","_kad_post_layout":"default","_kad_post_sidebar_id":"","_kad_post_content_style":"default","_kad_post_vertical_padding":"default","_kad_post_feature":"","_kad_post_feature_position":"","_kad_post_header":false,"_kad_post_footer":false,"_kad_post_classname":""},"product_brand":[],"product_cat":[19,16],"product_tag":[22,24,25,23],"class_list":{"0":"post-37","1":"product","2":"type-product","3":"status-publish","4":"has-post-thumbnail","6":"product_cat-textile-rfid-laundry-tag","7":"product_cat-uhf-rfid-laundry-tags","8":"product_tag-laundry-rfid-linen-tags","9":"product_tag-laundry-rfid-tags","10":"product_tag-rfid-laundrytags","11":"product_tag-rfid-linen-tags","13":"first","14":"instock","15":"shipping-taxable","16":"product-type-simple","17":"entry","18":"content-bg","19":"loop-entry"},"_links":{"self":[{"href":"https:\/\/rfid-laundry-tag.com\/it\/wp-json\/wp\/v2\/product\/37","targetHints":{"allow":["GET"]}}],"collection":[{"href":"https:\/\/rfid-laundry-tag.com\/it\/wp-json\/wp\/v2\/product"}],"about":[{"href":"https:\/\/rfid-laundry-tag.com\/it\/wp-json\/wp\/v2\/types\/product"}],"version-history":[{"count":3,"href":"https:\/\/rfid-laundry-tag.com\/it\/wp-json\/wp\/v2\/product\/37\/revisions"}],"predecessor-version":[{"id":2713,"href":"https:\/\/rfid-laundry-tag.com\/it\/wp-json\/wp\/v2\/product\/37\/revisions\/2713"}],"wp:featuredmedia":[{"embeddable":true,"href":"https:\/\/rfid-laundry-tag.com\/it\/wp-json\/wp\/v2\/media\/39"}],"wp:attachment":[{"href":"https:\/\/rfid-laundry-tag.com\/it\/wp-json\/wp\/v2\/media?parent=37"}],"wp:term":[{"taxonomy":"product_brand","embeddable":true,"href":"https:\/\/rfid-laundry-tag.com\/it\/wp-json\/wp\/v2\/product_brand?post=37"},{"taxonomy":"product_cat","embeddable":true,"href":"https:\/\/rfid-laundry-tag.com\/it\/wp-json\/wp\/v2\/product_cat?post=37"},{"taxonomy":"product_tag","embeddable":true,"href":"https:\/\/rfid-laundry-tag.com\/it\/wp-json\/wp\/v2\/product_tag?post=37"}],"curies":[{"name":"parola chiave","href":"https:\/\/api.w.org\/{rel}","templated":true}]}}