{"id":352,"date":"2024-06-28T10:26:38","date_gmt":"2024-06-28T10:26:38","guid":{"rendered":"https:\/\/rfid-laundry-tag.com\/?post_type=product&#038;p=352"},"modified":"2024-06-28T10:52:24","modified_gmt":"2024-06-28T10:52:24","slug":"custom-paper-nfc-sticker-ntag213","status":"publish","type":"product","link":"https:\/\/rfid-laundry-tag.com\/it\/custom-paper-nfc-sticker-ntag213\/","title":{"rendered":"Adesivo NFC personalizzato in carta Ntag213"},"content":{"rendered":"<div>\n<div><strong>Adesivi NFC con NXP NTAG213<\/strong> I chip sono popolari per varie applicazioni come marketing, controllo degli accessi e autenticazione dei prodotti. Le opzioni personalizzabili per finitura, forma, dimensione e stampa li rendono versatili per diverse esigenze.<\/div>\n<\/div>\n<div>Il chip e l&#039;antenna sono rivolti verso l&#039;alto sotto uno strato superficiale di carta bianca o plastica impermeabile per una maggiore durata e resistenza alla breve esposizione all&#039;acqua. L&#039;adesivo NFC ha una scelta di strato adesivo sul retro per il montaggio su superfici piatte non metalliche.<\/div>\n<div>\n<div><\/div>\n<div><\/div>\n<div class=\"auto-hide-last-sibling-br paragraph_9dc5f paragraph-element\">Il chip NTAG213 offre una serie di vantaggi, quali:<\/div>\n<ul class=\"auto-hide-last-sibling-br\">\n<li>Trasferimento dati ed energia senza contatto<\/li>\n<li>Capacit\u00e0 di lettura rapida<\/li>\n<li>Prestazioni RF migliorate<\/li>\n<li>Funzionalit\u00e0 di sicurezza, tra cui protezione tramite password e funzioni anticollisione<\/li>\n<li>Piena conformit\u00e0 alle specifiche del NFC Forum Tag Type 2<\/li>\n<\/ul>\n<\/div>\n<div>\n<table class=\"all magic-9\">\n<tbody>\n<tr>\n<td colspan=\"1\" rowspan=\"1\">\n<div class=\"magic-10\">Materiale<\/div>\n<\/td>\n<td colspan=\"1\" rowspan=\"1\">\n<div class=\"magic-11\" data-spm-anchor-id=\"a2700.details.0.i85.504d267eS1Hb6u\">PET, PVC, carta patinata, ecc.<\/div>\n<\/td>\n<\/tr>\n<tr>\n<td colspan=\"1\" rowspan=\"1\">\n<div class=\"magic-10\">Chip<\/div>\n<\/td>\n<td colspan=\"1\" rowspan=\"1\">\n<div class=\"magic-11\">Ntag213\/Ntag215\/Ntag216 ecc.<\/div>\n<\/td>\n<\/tr>\n<tr>\n<td colspan=\"1\" rowspan=\"1\">\n<div class=\"magic-10\">Frequenza<\/div>\n<\/td>\n<td colspan=\"1\" rowspan=\"1\">\n<div class=\"magic-11\">13,56 MHz<\/div>\n<\/td>\n<\/tr>\n<tr>\n<td colspan=\"1\" rowspan=\"1\">\n<div class=\"magic-10\">Protocollo<\/div>\n<\/td>\n<td colspan=\"1\" rowspan=\"1\">\n<div class=\"magic-11\">Norma ISO 14443A<\/div>\n<\/td>\n<\/tr>\n<tr>\n<td colspan=\"1\" rowspan=\"1\">\n<div class=\"magic-10\">Misurare<\/div>\n<\/td>\n<td colspan=\"1\" rowspan=\"1\">\n<div class=\"magic-11\">Diametro 25, 30, 35 mm o dimensioni personalizzate<\/div>\n<\/td>\n<\/tr>\n<tr>\n<td colspan=\"1\" rowspan=\"1\">\n<div class=\"magic-10\">Caratteristica<\/div>\n<\/td>\n<td colspan=\"1\" rowspan=\"1\">\n<div class=\"magic-11\">Impermeabile, resistente, stampa personalizzata<\/div>\n<\/td>\n<\/tr>\n<tr>\n<td colspan=\"1\" rowspan=\"1\">\n<div class=\"magic-10\">Campione<\/div>\n<\/td>\n<td colspan=\"1\" rowspan=\"1\">\n<div class=\"magic-11\">disponibile gratuitamente<\/div>\n<\/td>\n<\/tr>\n<tr>\n<td colspan=\"1\" rowspan=\"1\">\n<div class=\"magic-10\">Distanza di lettura<\/div>\n<\/td>\n<td colspan=\"1\" rowspan=\"1\">\n<div class=\"magic-11\" data-spm-anchor-id=\"a2700.details.0.i84.504d267eS1Hb6u\">0-10 cm<\/div>\n<\/td>\n<\/tr>\n<\/tbody>\n<\/table>\n<\/div>\n<div><\/div>\n<div>\n<p>alcune domande frequenti sugli adesivi NFC personalizzati in carta che utilizzano la tecnologia Ntag213:<\/p>\n<ol>\n<li>Cos&#039;\u00e8 un adesivo NFC?\n<ul>\n<li>Un adesivo NFC \u00e8 un piccolo tag adesivo che contiene un chip NFC (Near Field Communication), come l&#039;NXP NTAG213, incorporato al suo interno. Questi adesivi possono essere scansionati da dispositivi abilitati NFC per attivare varie azioni o trasmettere informazioni.<\/li>\n<\/ul>\n<\/li>\n<li>Come si possono utilizzare gli adesivi NFC in carta personalizzati?\n<ul>\n<li>Gli adesivi NFC in carta personalizzati possono essere utilizzati per diversi scopi, tra cui la gestione del monitoraggio, il controllo degli accessi in strutture come fabbriche, magazzini, hotel, ospedali e parchi di divertimento, applicazioni di vendita al dettaglio, pubblicit\u00e0, autenticazione dei prodotti e biglietteria elettronica.<\/li>\n<\/ul>\n<\/li>\n<li>Quali opzioni di personalizzazione sono disponibili per gli adesivi NFC in carta?\n<ul>\n<li>Gli adesivi NFC in carta personalizzati possono essere stampati con una scelta di finitura lucida o opaca, in varie forme e dimensioni. Possono includere loghi, lettere, numeri e codici a barre nei colori CMYK e nero. Inoltre, uno strato adesivo sul retro consente un facile montaggio su superfici piatte non metalliche.<\/li>\n<\/ul>\n<\/li>\n<li>Gli adesivi NFC di carta sono durevoli?\n<ul>\n<li>Gli adesivi NFC in carta con chip Ntag213 sono progettati con uno strato protettivo che ricopre il chip NFC e l&#039;antenna, offrendo una maggiore durata e resistenza alla breve esposizione all&#039;acqua. Sono disponibili anche opzioni in plastica impermeabile per una maggiore durata.<\/li>\n<\/ul>\n<\/li>\n<li>Qual \u00e8 il vantaggio dell&#039;utilizzo della tecnologia NFC negli adesivi?\n<ul>\n<li>L&#039;utilizzo della tecnologia NFC negli adesivi consente un&#039;interazione comoda e contactless con i dispositivi abilitati NFC. Ci\u00f2 consente una condivisione di informazioni, un&#039;autenticazione o l&#039;attivazione di azioni rapide e facili senza la necessit\u00e0 di un contatto fisico tra i dispositivi.<\/li>\n<\/ul>\n<\/li>\n<\/ol>\n<\/div>\n<div class=\"text-content\">\n<div data-spm-anchor-id=\"a2700.details.0.i46.6f4d7d7dnursE7\"><\/div>\n<\/div>\n<div>\n<div class=\"text-content\">\n<div><\/div>\n<div data-spm-anchor-id=\"a2700.details.0.i48.6f4d7d7dnursE7\"><\/div>\n<\/div>\n<\/div>","protected":false},"excerpt":{"rendered":"<p><strong>Adesivo NFC personalizzato in carta Ntag213<\/strong> \u00e8 un tipo specifico di IC conforme al NFC Forum Type 2 Tag, con 144 byte di memoria utente. \u00c8 progettato pensando alla versatilit\u00e0, adatto a diverse applicazioni in settori come la vendita al dettaglio, il gaming e l&#039;elettronica di consumo, tra gli altri.<\/p>","protected":false},"featured_media":353,"template":"","meta":{"_kad_post_transparent":"default","_kad_post_title":"","_kad_post_layout":"default","_kad_post_sidebar_id":"","_kad_post_content_style":"default","_kad_post_vertical_padding":"default","_kad_post_feature":"","_kad_post_feature_position":"","_kad_post_header":false,"_kad_post_footer":false,"_kad_post_classname":""},"product_brand":[],"product_cat":[54],"product_tag":[153,154],"class_list":{"0":"post-352","1":"product","2":"type-product","3":"status-publish","4":"has-post-thumbnail","6":"product_cat-hot-selling-rfid-tags","7":"product_tag-custom-paper-nfc-sticker-ntag213","8":"product_tag-nfc-sticker-ntag213","10":"first","11":"instock","12":"shipping-taxable","13":"product-type-simple","14":"entry","15":"content-bg","16":"loop-entry"},"_links":{"self":[{"href":"https:\/\/rfid-laundry-tag.com\/it\/wp-json\/wp\/v2\/product\/352","targetHints":{"allow":["GET"]}}],"collection":[{"href":"https:\/\/rfid-laundry-tag.com\/it\/wp-json\/wp\/v2\/product"}],"about":[{"href":"https:\/\/rfid-laundry-tag.com\/it\/wp-json\/wp\/v2\/types\/product"}],"version-history":[{"count":0,"href":"https:\/\/rfid-laundry-tag.com\/it\/wp-json\/wp\/v2\/product\/352\/revisions"}],"wp:featuredmedia":[{"embeddable":true,"href":"https:\/\/rfid-laundry-tag.com\/it\/wp-json\/wp\/v2\/media\/353"}],"wp:attachment":[{"href":"https:\/\/rfid-laundry-tag.com\/it\/wp-json\/wp\/v2\/media?parent=352"}],"wp:term":[{"taxonomy":"product_brand","embeddable":true,"href":"https:\/\/rfid-laundry-tag.com\/it\/wp-json\/wp\/v2\/product_brand?post=352"},{"taxonomy":"product_cat","embeddable":true,"href":"https:\/\/rfid-laundry-tag.com\/it\/wp-json\/wp\/v2\/product_cat?post=352"},{"taxonomy":"product_tag","embeddable":true,"href":"https:\/\/rfid-laundry-tag.com\/it\/wp-json\/wp\/v2\/product_tag?post=352"}],"curies":[{"name":"parola chiave","href":"https:\/\/api.w.org\/{rel}","templated":true}]}}