{"id":348,"date":"2024-06-28T10:07:21","date_gmt":"2024-06-28T10:07:21","guid":{"rendered":"https:\/\/rfid-laundry-tag.com\/?post_type=product&#038;p=348"},"modified":"2024-06-28T10:11:54","modified_gmt":"2024-06-28T10:11:54","slug":"anti-metal-nfc-label-ntag213","status":"publish","type":"product","link":"https:\/\/rfid-laundry-tag.com\/it\/anti-metal-nfc-label-ntag213\/","title":{"rendered":"Etichetta anti-metallo NFC Ntag213"},"content":{"rendered":"<h2>Etichetta anti-metallo NFC Ntag213<\/h2>\n<p>NTAG213, NTAG215 e NTAG216 sono stati sviluppati da NXP Semiconductors come IC tag NFC standard da utilizzare in applicazioni di mercato di massa come vendita al dettaglio, giochi ed elettronica di consumo, in combinazione con dispositivi NFC o dispositivi di accoppiamento di prossimit\u00e0 conformi a NFC. NTAG213, NTAG215 e NTAG216 (da ora in poi, generalmente denominati NTAG21x) sono progettati per essere pienamente conformi alle specifiche NFC Forum Type 2 Tag e ISO\/IEC14443 Type A.<\/p>\n<table class=\"hight-light-first-column all magic-11\">\n<tbody>\n<tr>\n<td colspan=\"1\" rowspan=\"1\">\n<div class=\"magic-12\" data-spm-anchor-id=\"a2700.details.0.i57.12287cd6Tl6d8d\">Misurare<\/div>\n<\/td>\n<td colspan=\"4\" rowspan=\"1\">\n<div class=\"magic-13\">Diametro 25mm, Diametro 30mm ecc.<\/div>\n<\/td>\n<\/tr>\n<tr>\n<td colspan=\"1\" rowspan=\"1\">\n<div class=\"magic-12\">Colore<\/div>\n<\/td>\n<td colspan=\"4\" rowspan=\"1\">\n<div class=\"magic-16\">Nero, Bianco, Giallo, Rosso o personalizzato<\/div>\n<\/td>\n<\/tr>\n<tr>\n<td colspan=\"1\" rowspan=\"1\">\n<div class=\"magic-12\">Chip<\/div>\n<\/td>\n<td colspan=\"4\" rowspan=\"1\">\n<div class=\"magic-13\">NTAG213, NTAG215, NTAG216<\/div>\n<\/td>\n<\/tr>\n<tr>\n<td colspan=\"1\" rowspan=\"1\">\n<div class=\"magic-12\">Frequenza<\/div>\n<\/td>\n<td colspan=\"4\" rowspan=\"1\">\n<div class=\"magic-13\">13,56 MHz<\/div>\n<\/td>\n<\/tr>\n<tr>\n<td colspan=\"1\" rowspan=\"1\">\n<div class=\"magic-12\">Protocollo<\/div>\n<\/td>\n<td colspan=\"4\" rowspan=\"1\">\n<div class=\"magic-13\">ISO14443A, NFC Forum Tipo 2<\/div>\n<\/td>\n<\/tr>\n<tr>\n<td colspan=\"1\" rowspan=\"1\">\n<div class=\"magic-12\">Materiale<\/div>\n<\/td>\n<td colspan=\"4\" rowspan=\"1\">\n<div class=\"magic-13\">addominali<\/div>\n<\/td>\n<\/tr>\n<tr>\n<td colspan=\"1\" rowspan=\"1\">\n<div class=\"magic-12\">Temperatura di esercizio<\/div>\n<\/td>\n<td colspan=\"4\" rowspan=\"1\">\n<div class=\"magic-13\">-20 a 85 gradi C<\/div>\n<\/td>\n<\/tr>\n<tr>\n<td colspan=\"1\" rowspan=\"1\">\n<div class=\"magic-12\">Applicazione<\/div>\n<\/td>\n<td colspan=\"4\" rowspan=\"1\">\n<div class=\"magic-16\">Catena di lavanderia, prodotti chimici aggressivi, dispositivi di pagamento, uso esterno, prodotti chimici, industriali, logistica, pattuglia di guardia, appartenenza, container per spedizioni, pallet, ecc.<\/div>\n<\/td>\n<\/tr>\n<tr>\n<td colspan=\"1\" rowspan=\"1\">\n<div class=\"magic-12\">Valutazione di impermeabilit\u00e0<\/div>\n<\/td>\n<td colspan=\"4\" rowspan=\"1\">\n<div class=\"magic-16\">Grado di protezione IP67<\/div>\n<\/td>\n<\/tr>\n<tr>\n<td colspan=\"1\" rowspan=\"1\">\n<div class=\"magic-12\">Campo di lettura<\/div>\n<\/td>\n<td colspan=\"4\" rowspan=\"1\">\n<div class=\"magic-16\">5-10 cm, dipende dal lettore<\/div>\n<\/td>\n<\/tr>\n<tr>\n<td colspan=\"1\" rowspan=\"1\">\n<div class=\"magic-12\">Artigianato<\/div>\n<\/td>\n<td colspan=\"4\" rowspan=\"1\">\n<div class=\"magic-16\">Numero di serie inciso al laser, codice a barre e cos\u00ec via<\/div>\n<\/td>\n<\/tr>\n<tr>\n<td colspan=\"1\" rowspan=\"1\">\n<div class=\"magic-12\">Montaggio<\/div>\n<\/td>\n<td colspan=\"4\" rowspan=\"1\">\n<div class=\"magic-16\">Con adesivo o vite, o rivetti<\/div>\n<\/td>\n<\/tr>\n<\/tbody>\n<\/table>\n<p>&nbsp;<\/p>\n<div class=\"auto-hide-last-sibling-br paragraph_9dc5f paragraph-element\">Le etichette NFC anti-metallo Ntag213 hanno un&#039;ampia gamma di applicazioni in vari campi grazie alla loro flessibilit\u00e0 e capacit\u00e0 di operare su superfici metalliche. Ecco come vengono utilizzate in diversi settori:<\/div>\n<ul class=\"auto-hide-last-sibling-br\">\n<li>\n<div class=\"auto-hide-last-sibling-br paragraph_9dc5f paragraph-element\"><strong>Gestione della logistica<\/strong>: Questi adesivi possono essere utilizzati per un monitoraggio efficiente e la localizzazione in tempo reale delle merci durante il trasporto. Migliorano l&#039;efficienza della supply chain e semplificano la gestione della logistica offrendo una visibilit\u00e0 continua delle spedizioni.<\/div>\n<\/li>\n<li>\n<div class=\"auto-hide-last-sibling-br paragraph_9dc5f paragraph-element\"><strong>Gestione delle risorse<\/strong>: Svolgono un ruolo essenziale nel tracciamento e nella gestione dei beni aziendali, come macchinari, utensili e attrezzature per ufficio. Consentono un&#039;identificazione e una verifica rapide e accurate dei beni, riducendo il rischio di smarrimento, furto o smarrimento.<\/div>\n<\/li>\n<li>\n<div class=\"auto-hide-last-sibling-br paragraph_9dc5f paragraph-element\"><strong>Gestione della catena di approvvigionamento<\/strong>: Gli adesivi NFC vengono utilizzati per tracciare i prodotti in ogni fase della filiera, garantendo trasparenza e impedendo efficacemente l&#039;immissione sul mercato di prodotti contraffatti.<\/div>\n<\/li>\n<li>\n<div class=\"auto-hide-last-sibling-br paragraph_9dc5f paragraph-element\"><strong>Gestione del veicolo<\/strong>: Utilizzati nella gestione dei veicoli della flotta, gli adesivi offrono un modo semplice per tracciare e monitorare i movimenti del veicolo, garantendo un&#039;efficiente ottimizzazione del percorso.<\/div>\n<\/li>\n<li>\n<div class=\"auto-hide-last-sibling-br paragraph_9dc5f paragraph-element\"><strong>Gestione del magazzino<\/strong>: Semplificano le operazioni consentendo il monitoraggio in tempo reale dell&#039;inventario, rendendo il processo di gestione del magazzino molto efficiente.<\/div>\n<\/li>\n<li>\n<div class=\"auto-hide-last-sibling-br paragraph_9dc5f paragraph-element\"><strong>Verifica del prodotto<\/strong>: Gli adesivi NFC possono essere utilizzati per autenticare i prodotti, offrendo un modo semplice per stabilire se un prodotto \u00e8 autentico o contraffatto.<\/div>\n<\/li>\n<li>\n<div class=\"auto-hide-last-sibling-br paragraph_9dc5f paragraph-element\"><strong>Monitoraggio delle risorse<\/strong>: Semplificano il processo di tracciamento delle risorse in tempo reale, il che \u00e8 particolarmente utile per articoli di valore elevato o attrezzature importanti che vengono spostate frequentemente.<\/div>\n<\/li>\n<li>\n<div class=\"auto-hide-last-sibling-br paragraph_9dc5f paragraph-element\"><strong>Gestione dell&#039;inventario<\/strong>:Gli adesivi aiutano a gestire l&#039;inventario nei magazzini o nei negozi al dettaglio riducendo i controlli manuali e garantendo un conteggio accurato.<\/div>\n<\/li>\n<li>\n<div class=\"auto-hide-last-sibling-br paragraph_9dc5f paragraph-element\"><strong>Pagamento<\/strong>: Gli adesivi NFC vengono utilizzati nelle transazioni senza contanti, consentendo pagamenti rapidi e sicuri con un semplice tocco, come nei sistemi di pagamento tramite braccialetto.<\/div>\n<\/li>\n<li>\n<div class=\"auto-hide-last-sibling-br paragraph_9dc5f paragraph-element\"><strong>Media sociali<\/strong>:Gli adesivi NFC possono essere programmati per avviare account o hashtag sui social media, offrendo un&#039;esperienza sui social media fluida e immediata.<\/div>\n<\/li>\n<li>\n<div class=\"auto-hide-last-sibling-br paragraph_9dc5f paragraph-element\"><strong>Braccialetti<\/strong>: Utilizzato in eventi in cui sono necessari facile accesso e pagamenti sicuri, come festival musicali, fiere ed eventi sportivi.<\/div>\n<\/li>\n<\/ul>\n<div class=\"auto-hide-last-sibling-br paragraph_9dc5f paragraph-element\">Quanto sopra \u00e8 solo un&#039;istantanea della versatilit\u00e0 dell&#039;etichetta Anti Metal NFC Ntag213. Le possibilit\u00e0 sono infinite, con ogni applicazione progettata per apportare maggiore efficienza, sicurezza e praticit\u00e0.<\/div>","protected":false},"excerpt":{"rendered":"<div class=\"auto-hide-last-sibling-br paragraph_9dc5f paragraph-element\">I tag NFC tradizionali hanno delle limitazioni e spesso non funzionano come previsto quando vengono applicati direttamente su superfici metalliche. Questo problema si verifica principalmente a causa dell&#039;interferenza creata dal metallo, che ostacola la trasmissione del segnale. Tuttavia, con i progressi della tecnologia, sono state introdotte speciali etichette Anti Metal NFC Ntag213 per superare questa sfida, garantendo le loro eccellenti prestazioni anche quando vengono applicate su superfici metalliche o altri materiali conduttivi.<\/div>\n<div class=\"auto-hide-last-sibling-br paragraph_9dc5f paragraph-element\">Queste etichette NFC Anti Metal Ntag213 sono dotate di uno speciale strato isolante che contrasta efficacemente le interferenze causate dagli ambienti metallici.<\/div>","protected":false},"featured_media":349,"template":"","meta":{"_kad_post_transparent":"default","_kad_post_title":"","_kad_post_layout":"default","_kad_post_sidebar_id":"","_kad_post_content_style":"default","_kad_post_vertical_padding":"default","_kad_post_feature":"","_kad_post_feature_position":"","_kad_post_header":false,"_kad_post_footer":false,"_kad_post_classname":""},"product_brand":[],"product_cat":[54],"product_tag":[151,145,144],"class_list":{"0":"post-348","1":"product","2":"type-product","3":"status-publish","4":"has-post-thumbnail","6":"product_cat-hot-selling-rfid-tags","7":"product_tag-anti-metal-nfc-label-ntag213","8":"product_tag-anti-metal-nfc-tag","9":"product_tag-anti-metal-rfid-nfc-sticker","11":"first","12":"instock","13":"shipping-taxable","14":"product-type-simple","15":"entry","16":"content-bg","17":"loop-entry"},"_links":{"self":[{"href":"https:\/\/rfid-laundry-tag.com\/it\/wp-json\/wp\/v2\/product\/348","targetHints":{"allow":["GET"]}}],"collection":[{"href":"https:\/\/rfid-laundry-tag.com\/it\/wp-json\/wp\/v2\/product"}],"about":[{"href":"https:\/\/rfid-laundry-tag.com\/it\/wp-json\/wp\/v2\/types\/product"}],"version-history":[{"count":0,"href":"https:\/\/rfid-laundry-tag.com\/it\/wp-json\/wp\/v2\/product\/348\/revisions"}],"wp:featuredmedia":[{"embeddable":true,"href":"https:\/\/rfid-laundry-tag.com\/it\/wp-json\/wp\/v2\/media\/349"}],"wp:attachment":[{"href":"https:\/\/rfid-laundry-tag.com\/it\/wp-json\/wp\/v2\/media?parent=348"}],"wp:term":[{"taxonomy":"product_brand","embeddable":true,"href":"https:\/\/rfid-laundry-tag.com\/it\/wp-json\/wp\/v2\/product_brand?post=348"},{"taxonomy":"product_cat","embeddable":true,"href":"https:\/\/rfid-laundry-tag.com\/it\/wp-json\/wp\/v2\/product_cat?post=348"},{"taxonomy":"product_tag","embeddable":true,"href":"https:\/\/rfid-laundry-tag.com\/it\/wp-json\/wp\/v2\/product_tag?post=348"}],"curies":[{"name":"parola chiave","href":"https:\/\/api.w.org\/{rel}","templated":true}]}}